{"id":9050,"date":"2024-05-06T17:16:15","date_gmt":"2024-05-06T14:16:15","guid":{"rendered":"https:\/\/www.namude.lt\/?post_type=product&#038;p=9050"},"modified":"2025-09-16T09:21:59","modified_gmt":"2025-09-16T06:21:59","slug":"152-ha-ploto-trilypio-ezeras-ir-025-ha-zemes-sklypas-taboro-k-ignalinos-r","status":"publish","type":"product","link":"https:\/\/www.namude.lt\/ru\/\u043e\u0431\u044a\u0435\u043a\u0442\/152-ha-ploto-trilypio-ezeras-ir-025-ha-zemes-sklypas-taboro-k-ignalinos-r\/","title":{"rendered":"15,2 HA PLOTO TRILYPIO E\u017dERAS IR 0,25 HA \u017dEM\u0116S SKLYPAS, TABORO K. IGNALINOS R."},"content":{"rendered":"","protected":false},"excerpt":{"rendered":"<p><strong><span style=\"vertical-align: inherit\"><span style=\"vertical-align: inherit\">Parduodamas 15,2 ha ploto Trilypio e\u017eeras ir 0,25 ha \u017eem\u0117s sklypas, esantis Taboro k. Ignalinos r.\u00a0<\/span><\/span><\/strong><span style=\"vertical-align: inherit\"><span style=\"vertical-align: inherit\"> Visos e\u017eero pakrant\u0117s sm\u0117l\u0117tos. I\u0161 vis\u0173 pusi\u0173 e\u017eer\u0105 supa gra\u017eus pu\u0161ynas.\u00a0 <\/span><\/span><strong><span style=\"vertical-align: inherit\"><span style=\"vertical-align: inherit\">0,25 ha<\/span><\/span><\/strong><span style=\"vertical-align: inherit\"><span style=\"vertical-align: inherit\"> \u017eem\u0117s sklypas yra \u0161iaurin\u0117je e\u017eero pus\u0117je, tad vis\u0105 dien\u0105 nuo e\u017eero pus\u0117s \u0161vie\u010dia saul\u0117. \u017dem\u0117s sklypo riba teka Kara\u010diunkos upeliukas. Asfaltuotas priva\u017eiavimas. Puikus pasirinkimas norintiems tur\u0117ti nuosav\u0105 e\u017eer\u0105, u\u017esiimti stovykl\u0105, \u017evejyba ar vandens pramogomis.<\/span><\/span><\/p>\n","protected":false},"featured_media":22132,"template":"","meta":{"_acf_changed":false},"product_brand":[],"product_cat":[24],"product_tag":[],"class_list":{"0":"post-9050","1":"product","2":"type-product","3":"status-publish","4":"has-post-thumbnail","6":"product_cat-sklypai","7":"pa_rajonas-ignalinos-rajonas","8":"description-off","10":"first","11":"instock","12":"shipping-taxable","13":"purchasable","14":"product-type-simple"},"acf":[],"yoast_head":"<!-- This site is optimized with the Yoast SEO plugin v27.4 - https:\/\/yoast.com\/product\/yoast-seo-wordpress\/ -->\n<title>15,2 HA PLOTO TRILYPIO E\u017dERAS IR 0,25 HA \u017dEM\u0116S SKLYPAS, TABORO K. IGNALINOS R. - Namud\u0117<\/title>\n<meta name=\"robots\" content=\"index, follow, max-snippet:-1, max-image-preview:large, max-video-preview:-1\" \/>\n<link rel=\"canonical\" href=\"https:\/\/www.namude.lt\/objektas\/152-ha-ploto-trilypio-ezeras-ir-025-ha-zemes-sklypas-taboro-k-ignalinos-r\/\" \/>\n<meta property=\"og:locale\" content=\"ru_RU\" \/>\n<meta property=\"og:type\" content=\"article\" \/>\n<meta property=\"og:title\" content=\"15,2 HA PLOTO TRILYPIO E\u017dERAS IR 0,25 HA \u017dEM\u0116S SKLYPAS, TABORO K. IGNALINOS R. - Namud\u0117\" \/>\n<meta property=\"og:description\" content=\"Parduodamas 15,2 ha ploto Trilypio e\u017eeras ir 0,25 ha \u017eem\u0117s sklypas, esantis Taboro k. Ignalinos r.\u00a0 Visos e\u017eero pakrant\u0117s sm\u0117l\u0117tos. I\u0161 vis\u0173 pusi\u0173 e\u017eer\u0105 supa gra\u017eus pu\u0161ynas.\u00a0 0,25 ha \u017eem\u0117s sklypas yra \u0161iaurin\u0117je e\u017eero pus\u0117je, tad vis\u0105 dien\u0105 nuo e\u017eero pus\u0117s \u0161vie\u010dia saul\u0117. \u017dem\u0117s sklypo riba teka Kara\u010diunkos upeliukas. Asfaltuotas priva\u017eiavimas. Puikus pasirinkimas norintiems tur\u0117ti nuosav\u0105 e\u017eer\u0105, u\u017esiimti stovykl\u0105, \u017evejyba ar vandens pramogomis.\" \/>\n<meta property=\"og:url\" content=\"https:\/\/www.namude.lt\/objektas\/152-ha-ploto-trilypio-ezeras-ir-025-ha-zemes-sklypas-taboro-k-ignalinos-r\/\" \/>\n<meta property=\"og:site_name\" content=\"Namud\u0117\" \/>\n<meta property=\"article:modified_time\" content=\"2025-09-16T06:21:59+00:00\" \/>\n<meta property=\"og:image\" content=\"https:\/\/www.namude.lt\/wp-content\/uploads\/2024\/05\/20250906_120546.jpg\" \/>\n\t<meta property=\"og:image:width\" content=\"2400\" \/>\n\t<meta property=\"og:image:height\" content=\"1800\" \/>\n\t<meta property=\"og:image:type\" content=\"image\/jpeg\" \/>\n<meta name=\"twitter:card\" content=\"summary_large_image\" \/>\n<script type=\"application\/ld+json\" class=\"yoast-schema-graph\">{\"@context\":\"https:\\\/\\\/schema.org\",\"@graph\":[{\"@type\":\"WebPage\",\"@id\":\"https:\\\/\\\/www.namude.lt\\\/objektas\\\/152-ha-ploto-trilypio-ezeras-ir-025-ha-zemes-sklypas-taboro-k-ignalinos-r\\\/\",\"url\":\"https:\\\/\\\/www.namude.lt\\\/objektas\\\/152-ha-ploto-trilypio-ezeras-ir-025-ha-zemes-sklypas-taboro-k-ignalinos-r\\\/\",\"name\":\"15,2 HA PLOTO TRILYPIO E\u017dERAS IR 0,25 HA \u017dEM\u0116S SKLYPAS, TABORO K. IGNALINOS R. - Namud\u0117\",\"isPartOf\":{\"@id\":\"https:\\\/\\\/www.namude.lt\\\/#website\"},\"primaryImageOfPage\":{\"@id\":\"https:\\\/\\\/www.namude.lt\\\/objektas\\\/152-ha-ploto-trilypio-ezeras-ir-025-ha-zemes-sklypas-taboro-k-ignalinos-r\\\/#primaryimage\"},\"image\":{\"@id\":\"https:\\\/\\\/www.namude.lt\\\/objektas\\\/152-ha-ploto-trilypio-ezeras-ir-025-ha-zemes-sklypas-taboro-k-ignalinos-r\\\/#primaryimage\"},\"thumbnailUrl\":\"https:\\\/\\\/www.namude.lt\\\/wp-content\\\/uploads\\\/2024\\\/05\\\/20250906_120546.jpg\",\"datePublished\":\"2024-05-06T14:16:15+00:00\",\"dateModified\":\"2025-09-16T06:21:59+00:00\",\"breadcrumb\":{\"@id\":\"https:\\\/\\\/www.namude.lt\\\/objektas\\\/152-ha-ploto-trilypio-ezeras-ir-025-ha-zemes-sklypas-taboro-k-ignalinos-r\\\/#breadcrumb\"},\"inLanguage\":\"ru-RU\",\"potentialAction\":[{\"@type\":\"ReadAction\",\"target\":[\"https:\\\/\\\/www.namude.lt\\\/objektas\\\/152-ha-ploto-trilypio-ezeras-ir-025-ha-zemes-sklypas-taboro-k-ignalinos-r\\\/\"]}]},{\"@type\":\"ImageObject\",\"inLanguage\":\"ru-RU\",\"@id\":\"https:\\\/\\\/www.namude.lt\\\/objektas\\\/152-ha-ploto-trilypio-ezeras-ir-025-ha-zemes-sklypas-taboro-k-ignalinos-r\\\/#primaryimage\",\"url\":\"https:\\\/\\\/www.namude.lt\\\/wp-content\\\/uploads\\\/2024\\\/05\\\/20250906_120546.jpg\",\"contentUrl\":\"https:\\\/\\\/www.namude.lt\\\/wp-content\\\/uploads\\\/2024\\\/05\\\/20250906_120546.jpg\",\"width\":2400,\"height\":1800},{\"@type\":\"BreadcrumbList\",\"@id\":\"https:\\\/\\\/www.namude.lt\\\/objektas\\\/152-ha-ploto-trilypio-ezeras-ir-025-ha-zemes-sklypas-taboro-k-ignalinos-r\\\/#breadcrumb\",\"itemListElement\":[{\"@type\":\"ListItem\",\"position\":1,\"name\":\"Home\",\"item\":\"https:\\\/\\\/www.namude.lt\\\/ru\\\/\"},{\"@type\":\"ListItem\",\"position\":2,\"name\":\"\u041e\u0431\u044a\u0435\u043a\u0442\u044b\",\"item\":\"https:\\\/\\\/www.namude.lt\\\/ru\\\/%d0%be%d0%b1%d1%8a%d0%b5%d0%ba%d1%82%d1%8b\\\/\"},{\"@type\":\"ListItem\",\"position\":3,\"name\":\"15,2 HA PLOTO TRILYPIO E\u017dERAS IR 0,25 HA \u017dEM\u0116S SKLYPAS, TABORO K. IGNALINOS R.\"}]},{\"@type\":\"WebSite\",\"@id\":\"https:\\\/\\\/www.namude.lt\\\/#website\",\"url\":\"https:\\\/\\\/www.namude.lt\\\/\",\"name\":\"Namud\u0117\",\"description\":\"\u201eNamud\u0117\u201c \u2013 agent\u016bra, pardavin\u0117janti Auk\u0161taitijos NT grynuolius.\",\"publisher\":{\"@id\":\"https:\\\/\\\/www.namude.lt\\\/#organization\"},\"potentialAction\":[{\"@type\":\"SearchAction\",\"target\":{\"@type\":\"EntryPoint\",\"urlTemplate\":\"https:\\\/\\\/www.namude.lt\\\/?s={search_term_string}\"},\"query-input\":{\"@type\":\"PropertyValueSpecification\",\"valueRequired\":true,\"valueName\":\"search_term_string\"}}],\"inLanguage\":\"ru-RU\"},{\"@type\":\"Organization\",\"@id\":\"https:\\\/\\\/www.namude.lt\\\/#organization\",\"name\":\"Namud\u0117\",\"url\":\"https:\\\/\\\/www.namude.lt\\\/\",\"logo\":{\"@type\":\"ImageObject\",\"inLanguage\":\"ru-RU\",\"@id\":\"https:\\\/\\\/www.namude.lt\\\/#\\\/schema\\\/logo\\\/image\\\/\",\"url\":\"https:\\\/\\\/www.namude.lt\\\/wp-content\\\/uploads\\\/2023\\\/11\\\/logo-symbol.svg\",\"contentUrl\":\"https:\\\/\\\/www.namude.lt\\\/wp-content\\\/uploads\\\/2023\\\/11\\\/logo-symbol.svg\",\"width\":1,\"height\":1,\"caption\":\"Namud\u0117\"},\"image\":{\"@id\":\"https:\\\/\\\/www.namude.lt\\\/#\\\/schema\\\/logo\\\/image\\\/\"}}]}<\/script>\n<!-- \/ Yoast SEO plugin. -->","yoast_head_json":{"title":"15,2 HA PLOTO TRILYPIO E\u017dERAS IR 0,25 HA \u017dEM\u0116S SKLYPAS, TABORO K. IGNALINOS R. - Namud\u0117","robots":{"index":"index","follow":"follow","max-snippet":"max-snippet:-1","max-image-preview":"max-image-preview:large","max-video-preview":"max-video-preview:-1"},"canonical":"https:\/\/www.namude.lt\/objektas\/152-ha-ploto-trilypio-ezeras-ir-025-ha-zemes-sklypas-taboro-k-ignalinos-r\/","og_locale":"ru_RU","og_type":"article","og_title":"15,2 HA PLOTO TRILYPIO E\u017dERAS IR 0,25 HA \u017dEM\u0116S SKLYPAS, TABORO K. IGNALINOS R. - Namud\u0117","og_description":"Parduodamas 15,2 ha ploto Trilypio e\u017eeras ir 0,25 ha \u017eem\u0117s sklypas, esantis Taboro k. Ignalinos r.\u00a0 Visos e\u017eero pakrant\u0117s sm\u0117l\u0117tos. I\u0161 vis\u0173 pusi\u0173 e\u017eer\u0105 supa gra\u017eus pu\u0161ynas.\u00a0 0,25 ha \u017eem\u0117s sklypas yra \u0161iaurin\u0117je e\u017eero pus\u0117je, tad vis\u0105 dien\u0105 nuo e\u017eero pus\u0117s \u0161vie\u010dia saul\u0117. \u017dem\u0117s sklypo riba teka Kara\u010diunkos upeliukas. Asfaltuotas priva\u017eiavimas. Puikus pasirinkimas norintiems tur\u0117ti nuosav\u0105 e\u017eer\u0105, u\u017esiimti stovykl\u0105, \u017evejyba ar vandens pramogomis.","og_url":"https:\/\/www.namude.lt\/objektas\/152-ha-ploto-trilypio-ezeras-ir-025-ha-zemes-sklypas-taboro-k-ignalinos-r\/","og_site_name":"Namud\u0117","article_modified_time":"2025-09-16T06:21:59+00:00","og_image":[{"width":2400,"height":1800,"url":"https:\/\/www.namude.lt\/wp-content\/uploads\/2024\/05\/20250906_120546.jpg","type":"image\/jpeg"}],"twitter_card":"summary_large_image","schema":{"@context":"https:\/\/schema.org","@graph":[{"@type":"WebPage","@id":"https:\/\/www.namude.lt\/objektas\/152-ha-ploto-trilypio-ezeras-ir-025-ha-zemes-sklypas-taboro-k-ignalinos-r\/","url":"https:\/\/www.namude.lt\/objektas\/152-ha-ploto-trilypio-ezeras-ir-025-ha-zemes-sklypas-taboro-k-ignalinos-r\/","name":"15,2 HA PLOTO TRILYPIO E\u017dERAS IR 0,25 HA \u017dEM\u0116S SKLYPAS, TABORO K. IGNALINOS R. - Namud\u0117","isPartOf":{"@id":"https:\/\/www.namude.lt\/#website"},"primaryImageOfPage":{"@id":"https:\/\/www.namude.lt\/objektas\/152-ha-ploto-trilypio-ezeras-ir-025-ha-zemes-sklypas-taboro-k-ignalinos-r\/#primaryimage"},"image":{"@id":"https:\/\/www.namude.lt\/objektas\/152-ha-ploto-trilypio-ezeras-ir-025-ha-zemes-sklypas-taboro-k-ignalinos-r\/#primaryimage"},"thumbnailUrl":"https:\/\/www.namude.lt\/wp-content\/uploads\/2024\/05\/20250906_120546.jpg","datePublished":"2024-05-06T14:16:15+00:00","dateModified":"2025-09-16T06:21:59+00:00","breadcrumb":{"@id":"https:\/\/www.namude.lt\/objektas\/152-ha-ploto-trilypio-ezeras-ir-025-ha-zemes-sklypas-taboro-k-ignalinos-r\/#breadcrumb"},"inLanguage":"ru-RU","potentialAction":[{"@type":"ReadAction","target":["https:\/\/www.namude.lt\/objektas\/152-ha-ploto-trilypio-ezeras-ir-025-ha-zemes-sklypas-taboro-k-ignalinos-r\/"]}]},{"@type":"ImageObject","inLanguage":"ru-RU","@id":"https:\/\/www.namude.lt\/objektas\/152-ha-ploto-trilypio-ezeras-ir-025-ha-zemes-sklypas-taboro-k-ignalinos-r\/#primaryimage","url":"https:\/\/www.namude.lt\/wp-content\/uploads\/2024\/05\/20250906_120546.jpg","contentUrl":"https:\/\/www.namude.lt\/wp-content\/uploads\/2024\/05\/20250906_120546.jpg","width":2400,"height":1800},{"@type":"BreadcrumbList","@id":"https:\/\/www.namude.lt\/objektas\/152-ha-ploto-trilypio-ezeras-ir-025-ha-zemes-sklypas-taboro-k-ignalinos-r\/#breadcrumb","itemListElement":[{"@type":"ListItem","position":1,"name":"Home","item":"https:\/\/www.namude.lt\/ru\/"},{"@type":"ListItem","position":2,"name":"\u041e\u0431\u044a\u0435\u043a\u0442\u044b","item":"https:\/\/www.namude.lt\/ru\/%d0%be%d0%b1%d1%8a%d0%b5%d0%ba%d1%82%d1%8b\/"},{"@type":"ListItem","position":3,"name":"15,2 HA PLOTO TRILYPIO E\u017dERAS IR 0,25 HA \u017dEM\u0116S SKLYPAS, TABORO K. IGNALINOS R."}]},{"@type":"WebSite","@id":"https:\/\/www.namude.lt\/#website","url":"https:\/\/www.namude.lt\/","name":"Namud\u0117","description":"\u201eNamud\u0117\u201c \u2013 agent\u016bra, pardavin\u0117janti Auk\u0161taitijos NT grynuolius.","publisher":{"@id":"https:\/\/www.namude.lt\/#organization"},"potentialAction":[{"@type":"SearchAction","target":{"@type":"EntryPoint","urlTemplate":"https:\/\/www.namude.lt\/?s={search_term_string}"},"query-input":{"@type":"PropertyValueSpecification","valueRequired":true,"valueName":"search_term_string"}}],"inLanguage":"ru-RU"},{"@type":"Organization","@id":"https:\/\/www.namude.lt\/#organization","name":"Namud\u0117","url":"https:\/\/www.namude.lt\/","logo":{"@type":"ImageObject","inLanguage":"ru-RU","@id":"https:\/\/www.namude.lt\/#\/schema\/logo\/image\/","url":"https:\/\/www.namude.lt\/wp-content\/uploads\/2023\/11\/logo-symbol.svg","contentUrl":"https:\/\/www.namude.lt\/wp-content\/uploads\/2023\/11\/logo-symbol.svg","width":1,"height":1,"caption":"Namud\u0117"},"image":{"@id":"https:\/\/www.namude.lt\/#\/schema\/logo\/image\/"}}]}},"_links":{"self":[{"href":"https:\/\/www.namude.lt\/ru\/wp-json\/wp\/v2\/product\/9050","targetHints":{"allow":["GET"]}}],"collection":[{"href":"https:\/\/www.namude.lt\/ru\/wp-json\/wp\/v2\/product"}],"about":[{"href":"https:\/\/www.namude.lt\/ru\/wp-json\/wp\/v2\/types\/product"}],"wp:featuredmedia":[{"embeddable":true,"href":"https:\/\/www.namude.lt\/ru\/wp-json\/wp\/v2\/media\/22132"}],"wp:attachment":[{"href":"https:\/\/www.namude.lt\/ru\/wp-json\/wp\/v2\/media?parent=9050"}],"wp:term":[{"taxonomy":"product_brand","embeddable":true,"href":"https:\/\/www.namude.lt\/ru\/wp-json\/wp\/v2\/product_brand?post=9050"},{"taxonomy":"product_cat","embeddable":true,"href":"https:\/\/www.namude.lt\/ru\/wp-json\/wp\/v2\/product_cat?post=9050"},{"taxonomy":"product_tag","embeddable":true,"href":"https:\/\/www.namude.lt\/ru\/wp-json\/wp\/v2\/product_tag?post=9050"}],"curies":[{"name":"wp","href":"https:\/\/api.w.org\/{rel}","templated":true}]}}