{"id":8853,"date":"2024-04-29T10:49:56","date_gmt":"2024-04-29T07:49:56","guid":{"rendered":"https:\/\/www.namude.lt\/?post_type=product&#038;p=8853"},"modified":"2026-02-19T13:49:45","modified_gmt":"2026-02-19T11:49:45","slug":"sodybviete-ant-zalves-upes-kranto-marimanto-k","status":"publish","type":"product","link":"https:\/\/www.namude.lt\/ru\/\u043e\u0431\u044a\u0435\u043a\u0442\/sodybviete-ant-zalves-upes-kranto-marimanto-k\/","title":{"rendered":"Sodybviet\u0117 ant Zalv\u0117s up\u0117s kranto, Marimanto k."},"content":{"rendered":"","protected":false},"excerpt":{"rendered":"<p>Parduodama sodybviet\u0117 ant Zalv\u0117s up\u0117s kranto, Marimanto k. <strong>3,84<\/strong> ha sklype i\u0161lik\u0119 ur\u0117dijos vilos pamatai, ant kuri\u0173 galima <strong>statyti nauj\u0105 sodyb\u0105<\/strong> kokybi\u0161kam poilsiui. <strong><em>Itin ma\u017ei elektros \u012fsivedimo ka\u0161tai \u2013 16 kW elektros \u012fvadas, parengus namo statybos projekt\u0105 ir pritaikius 50 <\/em><em>% nuolaid<\/em><em>\u0105<\/em><em>, kainuos tik 3124 eur<\/em><em>!<\/em><\/strong> Sodybviet\u0117 unikali tuo, jog sklypui priklauso ~<strong>250<\/strong> m up\u0117s Zalv\u0117s pakrant\u0117s, <strong>3,05<\/strong> ha mi\u0161ko, kuris suteikia visi\u0161k\u0105 privatum\u0105 ir leid\u017eia m\u0117gautis tyru oru, \u012fstabia gamta, apsupta pu\u0161\u0173 bei brand\u017ei\u0173 med\u017ei\u0173, klausantis terapinio up\u0117s \u0161niok\u0161timo. \u0160alia sklypo yra i\u0161lik\u0119 turist\u0173 lankomi Antazav\u0117s dvaro polivarko Marimonto mal\u016bno ir senkelio fragmentai, driekiasi turistinis dvira\u010di\u0173 takas ,,Taro Zalvio ir Zalv\u0117s\u201c. Atstumas iki Zaras\u0173 <strong>26<\/strong> km, Utenos <strong>53<\/strong> km, Roki\u0161kio \u2013 <strong>35<\/strong> km.<\/p>\n","protected":false},"featured_media":10689,"template":"","meta":{"_acf_changed":false},"product_brand":[],"product_cat":[24],"product_tag":[],"class_list":{"0":"post-8853","1":"product","2":"type-product","3":"status-publish","4":"has-post-thumbnail","6":"product_cat-sklypai","7":"pa_rajonas-zarasu-rajonas","8":"description-off","10":"first","11":"instock","12":"sale","13":"shipping-taxable","14":"purchasable","15":"product-type-simple"},"acf":[],"yoast_head":"<!-- This site is optimized with the Yoast SEO plugin v27.4 - https:\/\/yoast.com\/product\/yoast-seo-wordpress\/ -->\n<title>Sodybviet\u0117 ant Zalv\u0117s up\u0117s kranto, Marimanto k. - Namud\u0117<\/title>\n<meta name=\"robots\" content=\"index, follow, max-snippet:-1, max-image-preview:large, max-video-preview:-1\" \/>\n<link rel=\"canonical\" href=\"https:\/\/www.namude.lt\/objektas\/sodybviete-ant-zalves-upes-kranto-marimanto-k\/\" \/>\n<meta property=\"og:locale\" content=\"ru_RU\" \/>\n<meta property=\"og:type\" content=\"article\" \/>\n<meta property=\"og:title\" content=\"Sodybviet\u0117 ant Zalv\u0117s up\u0117s kranto, Marimanto k. - Namud\u0117\" \/>\n<meta property=\"og:description\" content=\"Parduodama sodybviet\u0117 ant Zalv\u0117s up\u0117s kranto, Marimanto k. 3,84 ha sklype i\u0161lik\u0119 ur\u0117dijos vilos pamatai, ant kuri\u0173 galima statyti nauj\u0105 sodyb\u0105 kokybi\u0161kam poilsiui. Itin ma\u017ei elektros \u012fsivedimo ka\u0161tai \u2013 16 kW elektros \u012fvadas, parengus namo statybos projekt\u0105 ir pritaikius 50 % nuolaid\u0105, kainuos tik 3124 eur! Sodybviet\u0117 unikali tuo, jog sklypui priklauso ~250 m up\u0117s Zalv\u0117s pakrant\u0117s, 3,05 ha mi\u0161ko, kuris suteikia visi\u0161k\u0105 privatum\u0105 ir leid\u017eia m\u0117gautis tyru oru, \u012fstabia gamta, apsupta pu\u0161\u0173 bei brand\u017ei\u0173 med\u017ei\u0173, klausantis terapinio up\u0117s \u0161niok\u0161timo. \u0160alia sklypo yra i\u0161lik\u0119 turist\u0173 lankomi Antazav\u0117s dvaro polivarko Marimonto mal\u016bno ir senkelio fragmentai, driekiasi turistinis dvira\u010di\u0173 takas ,,Taro Zalvio ir Zalv\u0117s\u201c. Atstumas iki Zaras\u0173 26 km, Utenos 53 km, Roki\u0161kio \u2013 35 km.\" \/>\n<meta property=\"og:url\" content=\"https:\/\/www.namude.lt\/objektas\/sodybviete-ant-zalves-upes-kranto-marimanto-k\/\" \/>\n<meta property=\"og:site_name\" content=\"Namud\u0117\" \/>\n<meta property=\"article:modified_time\" content=\"2026-02-19T11:49:45+00:00\" \/>\n<meta property=\"og:image\" content=\"https:\/\/www.namude.lt\/wp-content\/uploads\/2024\/04\/01-1024x683.jpg\" \/>\n\t<meta property=\"og:image:width\" content=\"1024\" \/>\n\t<meta property=\"og:image:height\" content=\"683\" \/>\n\t<meta property=\"og:image:type\" content=\"image\/jpeg\" \/>\n<meta name=\"twitter:card\" content=\"summary_large_image\" \/>\n<script type=\"application\/ld+json\" class=\"yoast-schema-graph\">{\"@context\":\"https:\\\/\\\/schema.org\",\"@graph\":[{\"@type\":\"WebPage\",\"@id\":\"https:\\\/\\\/www.namude.lt\\\/objektas\\\/sodybviete-ant-zalves-upes-kranto-marimanto-k\\\/\",\"url\":\"https:\\\/\\\/www.namude.lt\\\/objektas\\\/sodybviete-ant-zalves-upes-kranto-marimanto-k\\\/\",\"name\":\"Sodybviet\u0117 ant Zalv\u0117s up\u0117s kranto, Marimanto k. - Namud\u0117\",\"isPartOf\":{\"@id\":\"https:\\\/\\\/www.namude.lt\\\/#website\"},\"primaryImageOfPage\":{\"@id\":\"https:\\\/\\\/www.namude.lt\\\/objektas\\\/sodybviete-ant-zalves-upes-kranto-marimanto-k\\\/#primaryimage\"},\"image\":{\"@id\":\"https:\\\/\\\/www.namude.lt\\\/objektas\\\/sodybviete-ant-zalves-upes-kranto-marimanto-k\\\/#primaryimage\"},\"thumbnailUrl\":\"https:\\\/\\\/www.namude.lt\\\/wp-content\\\/uploads\\\/2024\\\/04\\\/01.jpg\",\"datePublished\":\"2024-04-29T07:49:56+00:00\",\"dateModified\":\"2026-02-19T11:49:45+00:00\",\"breadcrumb\":{\"@id\":\"https:\\\/\\\/www.namude.lt\\\/objektas\\\/sodybviete-ant-zalves-upes-kranto-marimanto-k\\\/#breadcrumb\"},\"inLanguage\":\"ru-RU\",\"potentialAction\":[{\"@type\":\"ReadAction\",\"target\":[\"https:\\\/\\\/www.namude.lt\\\/objektas\\\/sodybviete-ant-zalves-upes-kranto-marimanto-k\\\/\"]}]},{\"@type\":\"ImageObject\",\"inLanguage\":\"ru-RU\",\"@id\":\"https:\\\/\\\/www.namude.lt\\\/objektas\\\/sodybviete-ant-zalves-upes-kranto-marimanto-k\\\/#primaryimage\",\"url\":\"https:\\\/\\\/www.namude.lt\\\/wp-content\\\/uploads\\\/2024\\\/04\\\/01.jpg\",\"contentUrl\":\"https:\\\/\\\/www.namude.lt\\\/wp-content\\\/uploads\\\/2024\\\/04\\\/01.jpg\",\"width\":2462,\"height\":1641,\"caption\":\"default\"},{\"@type\":\"BreadcrumbList\",\"@id\":\"https:\\\/\\\/www.namude.lt\\\/objektas\\\/sodybviete-ant-zalves-upes-kranto-marimanto-k\\\/#breadcrumb\",\"itemListElement\":[{\"@type\":\"ListItem\",\"position\":1,\"name\":\"Home\",\"item\":\"https:\\\/\\\/www.namude.lt\\\/ru\\\/\"},{\"@type\":\"ListItem\",\"position\":2,\"name\":\"\u041e\u0431\u044a\u0435\u043a\u0442\u044b\",\"item\":\"https:\\\/\\\/www.namude.lt\\\/ru\\\/%d0%be%d0%b1%d1%8a%d0%b5%d0%ba%d1%82%d1%8b\\\/\"},{\"@type\":\"ListItem\",\"position\":3,\"name\":\"Sodybviet\u0117 ant Zalv\u0117s up\u0117s kranto, Marimanto k.\"}]},{\"@type\":\"WebSite\",\"@id\":\"https:\\\/\\\/www.namude.lt\\\/#website\",\"url\":\"https:\\\/\\\/www.namude.lt\\\/\",\"name\":\"Namud\u0117\",\"description\":\"\u201eNamud\u0117\u201c \u2013 agent\u016bra, pardavin\u0117janti Auk\u0161taitijos NT grynuolius.\",\"publisher\":{\"@id\":\"https:\\\/\\\/www.namude.lt\\\/#organization\"},\"potentialAction\":[{\"@type\":\"SearchAction\",\"target\":{\"@type\":\"EntryPoint\",\"urlTemplate\":\"https:\\\/\\\/www.namude.lt\\\/?s={search_term_string}\"},\"query-input\":{\"@type\":\"PropertyValueSpecification\",\"valueRequired\":true,\"valueName\":\"search_term_string\"}}],\"inLanguage\":\"ru-RU\"},{\"@type\":\"Organization\",\"@id\":\"https:\\\/\\\/www.namude.lt\\\/#organization\",\"name\":\"Namud\u0117\",\"url\":\"https:\\\/\\\/www.namude.lt\\\/\",\"logo\":{\"@type\":\"ImageObject\",\"inLanguage\":\"ru-RU\",\"@id\":\"https:\\\/\\\/www.namude.lt\\\/#\\\/schema\\\/logo\\\/image\\\/\",\"url\":\"https:\\\/\\\/www.namude.lt\\\/wp-content\\\/uploads\\\/2023\\\/11\\\/logo-symbol.svg\",\"contentUrl\":\"https:\\\/\\\/www.namude.lt\\\/wp-content\\\/uploads\\\/2023\\\/11\\\/logo-symbol.svg\",\"width\":1,\"height\":1,\"caption\":\"Namud\u0117\"},\"image\":{\"@id\":\"https:\\\/\\\/www.namude.lt\\\/#\\\/schema\\\/logo\\\/image\\\/\"}}]}<\/script>\n<!-- \/ Yoast SEO plugin. -->","yoast_head_json":{"title":"Sodybviet\u0117 ant Zalv\u0117s up\u0117s kranto, Marimanto k. - Namud\u0117","robots":{"index":"index","follow":"follow","max-snippet":"max-snippet:-1","max-image-preview":"max-image-preview:large","max-video-preview":"max-video-preview:-1"},"canonical":"https:\/\/www.namude.lt\/objektas\/sodybviete-ant-zalves-upes-kranto-marimanto-k\/","og_locale":"ru_RU","og_type":"article","og_title":"Sodybviet\u0117 ant Zalv\u0117s up\u0117s kranto, Marimanto k. - Namud\u0117","og_description":"Parduodama sodybviet\u0117 ant Zalv\u0117s up\u0117s kranto, Marimanto k. 3,84 ha sklype i\u0161lik\u0119 ur\u0117dijos vilos pamatai, ant kuri\u0173 galima statyti nauj\u0105 sodyb\u0105 kokybi\u0161kam poilsiui. Itin ma\u017ei elektros \u012fsivedimo ka\u0161tai \u2013 16 kW elektros \u012fvadas, parengus namo statybos projekt\u0105 ir pritaikius 50 % nuolaid\u0105, kainuos tik 3124 eur! Sodybviet\u0117 unikali tuo, jog sklypui priklauso ~250 m up\u0117s Zalv\u0117s pakrant\u0117s, 3,05 ha mi\u0161ko, kuris suteikia visi\u0161k\u0105 privatum\u0105 ir leid\u017eia m\u0117gautis tyru oru, \u012fstabia gamta, apsupta pu\u0161\u0173 bei brand\u017ei\u0173 med\u017ei\u0173, klausantis terapinio up\u0117s \u0161niok\u0161timo. \u0160alia sklypo yra i\u0161lik\u0119 turist\u0173 lankomi Antazav\u0117s dvaro polivarko Marimonto mal\u016bno ir senkelio fragmentai, driekiasi turistinis dvira\u010di\u0173 takas ,,Taro Zalvio ir Zalv\u0117s\u201c. Atstumas iki Zaras\u0173 26 km, Utenos 53 km, Roki\u0161kio \u2013 35 km.","og_url":"https:\/\/www.namude.lt\/objektas\/sodybviete-ant-zalves-upes-kranto-marimanto-k\/","og_site_name":"Namud\u0117","article_modified_time":"2026-02-19T11:49:45+00:00","og_image":[{"width":1024,"height":683,"url":"https:\/\/www.namude.lt\/wp-content\/uploads\/2024\/04\/01-1024x683.jpg","type":"image\/jpeg"}],"twitter_card":"summary_large_image","schema":{"@context":"https:\/\/schema.org","@graph":[{"@type":"WebPage","@id":"https:\/\/www.namude.lt\/objektas\/sodybviete-ant-zalves-upes-kranto-marimanto-k\/","url":"https:\/\/www.namude.lt\/objektas\/sodybviete-ant-zalves-upes-kranto-marimanto-k\/","name":"Sodybviet\u0117 ant Zalv\u0117s up\u0117s kranto, Marimanto k. - Namud\u0117","isPartOf":{"@id":"https:\/\/www.namude.lt\/#website"},"primaryImageOfPage":{"@id":"https:\/\/www.namude.lt\/objektas\/sodybviete-ant-zalves-upes-kranto-marimanto-k\/#primaryimage"},"image":{"@id":"https:\/\/www.namude.lt\/objektas\/sodybviete-ant-zalves-upes-kranto-marimanto-k\/#primaryimage"},"thumbnailUrl":"https:\/\/www.namude.lt\/wp-content\/uploads\/2024\/04\/01.jpg","datePublished":"2024-04-29T07:49:56+00:00","dateModified":"2026-02-19T11:49:45+00:00","breadcrumb":{"@id":"https:\/\/www.namude.lt\/objektas\/sodybviete-ant-zalves-upes-kranto-marimanto-k\/#breadcrumb"},"inLanguage":"ru-RU","potentialAction":[{"@type":"ReadAction","target":["https:\/\/www.namude.lt\/objektas\/sodybviete-ant-zalves-upes-kranto-marimanto-k\/"]}]},{"@type":"ImageObject","inLanguage":"ru-RU","@id":"https:\/\/www.namude.lt\/objektas\/sodybviete-ant-zalves-upes-kranto-marimanto-k\/#primaryimage","url":"https:\/\/www.namude.lt\/wp-content\/uploads\/2024\/04\/01.jpg","contentUrl":"https:\/\/www.namude.lt\/wp-content\/uploads\/2024\/04\/01.jpg","width":2462,"height":1641,"caption":"default"},{"@type":"BreadcrumbList","@id":"https:\/\/www.namude.lt\/objektas\/sodybviete-ant-zalves-upes-kranto-marimanto-k\/#breadcrumb","itemListElement":[{"@type":"ListItem","position":1,"name":"Home","item":"https:\/\/www.namude.lt\/ru\/"},{"@type":"ListItem","position":2,"name":"\u041e\u0431\u044a\u0435\u043a\u0442\u044b","item":"https:\/\/www.namude.lt\/ru\/%d0%be%d0%b1%d1%8a%d0%b5%d0%ba%d1%82%d1%8b\/"},{"@type":"ListItem","position":3,"name":"Sodybviet\u0117 ant Zalv\u0117s up\u0117s kranto, Marimanto k."}]},{"@type":"WebSite","@id":"https:\/\/www.namude.lt\/#website","url":"https:\/\/www.namude.lt\/","name":"Namud\u0117","description":"\u201eNamud\u0117\u201c \u2013 agent\u016bra, pardavin\u0117janti Auk\u0161taitijos NT grynuolius.","publisher":{"@id":"https:\/\/www.namude.lt\/#organization"},"potentialAction":[{"@type":"SearchAction","target":{"@type":"EntryPoint","urlTemplate":"https:\/\/www.namude.lt\/?s={search_term_string}"},"query-input":{"@type":"PropertyValueSpecification","valueRequired":true,"valueName":"search_term_string"}}],"inLanguage":"ru-RU"},{"@type":"Organization","@id":"https:\/\/www.namude.lt\/#organization","name":"Namud\u0117","url":"https:\/\/www.namude.lt\/","logo":{"@type":"ImageObject","inLanguage":"ru-RU","@id":"https:\/\/www.namude.lt\/#\/schema\/logo\/image\/","url":"https:\/\/www.namude.lt\/wp-content\/uploads\/2023\/11\/logo-symbol.svg","contentUrl":"https:\/\/www.namude.lt\/wp-content\/uploads\/2023\/11\/logo-symbol.svg","width":1,"height":1,"caption":"Namud\u0117"},"image":{"@id":"https:\/\/www.namude.lt\/#\/schema\/logo\/image\/"}}]}},"_links":{"self":[{"href":"https:\/\/www.namude.lt\/ru\/wp-json\/wp\/v2\/product\/8853","targetHints":{"allow":["GET"]}}],"collection":[{"href":"https:\/\/www.namude.lt\/ru\/wp-json\/wp\/v2\/product"}],"about":[{"href":"https:\/\/www.namude.lt\/ru\/wp-json\/wp\/v2\/types\/product"}],"wp:featuredmedia":[{"embeddable":true,"href":"https:\/\/www.namude.lt\/ru\/wp-json\/wp\/v2\/media\/10689"}],"wp:attachment":[{"href":"https:\/\/www.namude.lt\/ru\/wp-json\/wp\/v2\/media?parent=8853"}],"wp:term":[{"taxonomy":"product_brand","embeddable":true,"href":"https:\/\/www.namude.lt\/ru\/wp-json\/wp\/v2\/product_brand?post=8853"},{"taxonomy":"product_cat","embeddable":true,"href":"https:\/\/www.namude.lt\/ru\/wp-json\/wp\/v2\/product_cat?post=8853"},{"taxonomy":"product_tag","embeddable":true,"href":"https:\/\/www.namude.lt\/ru\/wp-json\/wp\/v2\/product_tag?post=8853"}],"curies":[{"name":"wp","href":"https:\/\/api.w.org\/{rel}","templated":true}]}}