{"id":8489,"date":"2024-04-17T09:29:17","date_gmt":"2024-04-17T06:29:17","guid":{"rendered":"https:\/\/www.namude.lt\/?post_type=product&#038;p=8489"},"modified":"2024-08-26T12:47:01","modified_gmt":"2024-08-26T09:47:01","slug":"labai-grazioje-vietoje-autentiska-rastine-sodyba-ant-birvetos-upes-kranto-ignalinos-rajone-apie-2-km-nuo-didziasalio","status":"publish","type":"product","link":"https:\/\/www.namude.lt\/ru\/\u043e\u0431\u044a\u0435\u043a\u0442\/labai-grazioje-vietoje-autentiska-rastine-sodyba-ant-birvetos-upes-kranto-ignalinos-rajone-apie-2-km-nuo-didziasalio\/","title":{"rendered":"Labai gra\u017eioje vietoje autenti\u0161ka r\u0105stin\u0117 sodyba ant Birv\u0117tos up\u0117s kranto, Ignalinos rajone, apie 2 km nuo Did\u017eiasalio"},"content":{"rendered":"","protected":false},"excerpt":{"rendered":"<p><span style=\"vertical-align: inherit\"><span style=\"vertical-align: inherit\"><span style=\"vertical-align: inherit\"><span style=\"vertical-align: inherit\"><span style=\"vertical-align: inherit\"><span style=\"vertical-align: inherit\"><span style=\"vertical-align: inherit\"><span style=\"vertical-align: inherit\">Parduodama labai gra\u017eioje vietoje autenti\u0161ka r\u0105stin\u0117 <\/span><\/span><\/span><\/span><\/span><\/span><\/span><\/span><a href=\"https:\/\/www.namude.lt\/kategorija\/sodybos\/?filter_rajonas=ignalinos-rajonas&amp;query_type_rajonas=or\"><span style=\"vertical-align: inherit\"><span style=\"vertical-align: inherit\"><span style=\"vertical-align: inherit\"><span style=\"vertical-align: inherit\"><span style=\"vertical-align: inherit\"><span style=\"vertical-align: inherit\"><span style=\"vertical-align: inherit\"><span style=\"vertical-align: inherit\">sodyba<\/span><\/span><\/span><\/span><\/span><\/span><\/span><\/span><\/a><span style=\"vertical-align: inherit\"><span style=\"vertical-align: inherit\"><span style=\"vertical-align: inherit\"><span style=\"vertical-align: inherit\"><span style=\"vertical-align: inherit\"><span style=\"vertical-align: inherit\"><span style=\"vertical-align: inherit\"><span style=\"vertical-align: inherit\"> ant Birv\u0117tos up\u0117s kranto, <\/span><\/span><\/span><\/span><\/span><\/span><\/span><\/span><a href=\"https:\/\/www.namude.lt\/parduodami-nt-objektai\/?filter_rajonas=ignalinos-rajonas&amp;query_type_rajonas=or\"><span style=\"vertical-align: inherit\"><span style=\"vertical-align: inherit\"><span style=\"vertical-align: inherit\"><span style=\"vertical-align: inherit\"><span style=\"vertical-align: inherit\"><span style=\"vertical-align: inherit\"><span style=\"vertical-align: inherit\"><span style=\"vertical-align: inherit\">Ignalinos rajone<\/span><\/span><\/span><\/span><\/span><\/span><\/span><\/span><\/a><span style=\"vertical-align: inherit\"><span style=\"vertical-align: inherit\"><span style=\"vertical-align: inherit\"><span style=\"vertical-align: inherit\"><span style=\"vertical-align: inherit\"><span style=\"vertical-align: inherit\"><span style=\"vertical-align: inherit\"><span style=\"vertical-align: inherit\"> , apie <\/span><\/span><\/span><\/span><strong><span style=\"vertical-align: inherit\"><span style=\"vertical-align: inherit\"><span style=\"vertical-align: inherit\"><span style=\"vertical-align: inherit\">2<\/span><\/span><\/span><\/span><\/strong><span style=\"vertical-align: inherit\"><span style=\"vertical-align: inherit\"><span style=\"vertical-align: inherit\"><span style=\"vertical-align: inherit\"> km nuo Did\u017eiasalio.<\/span><\/span><\/span><\/span><\/span><\/span><\/span><\/span><\/p>\n<p>Prad\u0117to rekonstruoti gyvenamojo namo bendras plotas \u2013 94.01 kv. m. Taip pat yra dar\u017ein\u0117, buvusio tvarto, gara\u017eo ir pirties pamatai, \u0161ulinys. 0.6200 ha nam\u0173 valdos sklypas apie 62 m ribojasi su gyvybinga ir \u017euvinga Birv\u0117tos upe ir su \u0161alia esan\u010diu tvenkiniu. Yra atlikti geodeziniai matavimai. Aplink nam\u0105 o\u0161ia dideli med\u017eiai. Sodyba randasi beveik vienkiemyje, nes artimiausias kaimynas apie 0.2 km. Ramyb\u0117 ir saugumas. Artimiausia maisto preki\u0173 parduotuv\u0117 apie 2 km. Artimiausias e\u017eeras ma\u017eiau nei 1 km. Iki Ignalinos apie 37 km, iki Vilniaus apie 132 km. Tiesiog \u012fsp\u016bdinga vieta poilsiui nuostabios gamtos gl\u0117byje&#8230;<\/p>\n<p>&nbsp;<\/p>\n<p><span style=\"vertical-align: inherit\"><span style=\"vertical-align: inherit\"><span style=\"vertical-align: inherit\"><span style=\"vertical-align: inherit\"><span style=\"vertical-align: inherit\"><span style=\"vertical-align: inherit\"><span style=\"vertical-align: inherit\"><span style=\"vertical-align: inherit\">.<\/span><\/span><\/span><\/span><\/span><\/span><\/span><\/span><\/p>\n","protected":false},"featured_media":8916,"template":"","meta":{"_acf_changed":false},"product_brand":[],"product_cat":[23],"product_tag":[],"class_list":{"0":"post-8489","1":"product","2":"type-product","3":"status-publish","4":"has-post-thumbnail","6":"product_cat-sodybos","7":"pa_rajonas-ignalinos-rajonas","8":"description-off","10":"first","11":"instock","12":"shipping-taxable","13":"purchasable","14":"product-type-simple"},"acf":[],"yoast_head":"<!-- This site is optimized with the Yoast SEO plugin v27.0 - https:\/\/yoast.com\/product\/yoast-seo-wordpress\/ -->\n<title>Labai gra\u017eioje vietoje autenti\u0161ka r\u0105stin\u0117 sodyba ant Birv\u0117tos up\u0117s kranto, Ignalinos rajone, apie 2 km nuo Did\u017eiasalio - Namud\u0117<\/title>\n<meta name=\"robots\" content=\"index, follow, max-snippet:-1, max-image-preview:large, max-video-preview:-1\" \/>\n<link rel=\"canonical\" href=\"https:\/\/www.namude.lt\/objektas\/labai-grazioje-vietoje-autentiska-rastine-sodyba-ant-birvetos-upes-kranto-ignalinos-rajone-apie-2-km-nuo-didziasalio\/\" \/>\n<meta property=\"og:locale\" content=\"ru_RU\" \/>\n<meta property=\"og:type\" content=\"article\" \/>\n<meta property=\"og:title\" content=\"Labai gra\u017eioje vietoje autenti\u0161ka r\u0105stin\u0117 sodyba ant Birv\u0117tos up\u0117s kranto, Ignalinos rajone, apie 2 km nuo Did\u017eiasalio - Namud\u0117\" \/>\n<meta property=\"og:description\" content=\"Parduodama labai gra\u017eioje vietoje autenti\u0161ka r\u0105stin\u0117 sodyba ant Birv\u0117tos up\u0117s kranto, Ignalinos rajone , apie 2 km nuo Did\u017eiasalio.  Prad\u0117to rekonstruoti gyvenamojo namo bendras plotas \u2013 94.01 kv. m. Taip pat yra dar\u017ein\u0117, buvusio tvarto, gara\u017eo ir pirties pamatai, \u0161ulinys. 0.6200 ha nam\u0173 valdos sklypas apie 62 m ribojasi su gyvybinga ir \u017euvinga Birv\u0117tos upe ir su \u0161alia esan\u010diu tvenkiniu. Yra atlikti geodeziniai matavimai. Aplink nam\u0105 o\u0161ia dideli med\u017eiai. Sodyba randasi beveik vienkiemyje, nes artimiausias kaimynas apie 0.2 km. Ramyb\u0117 ir saugumas. Artimiausia maisto preki\u0173 parduotuv\u0117 apie 2 km. Artimiausias e\u017eeras ma\u017eiau nei 1 km. Iki Ignalinos apie 37 km, iki Vilniaus apie 132 km. Tiesiog \u012fsp\u016bdinga vieta poilsiui nuostabios gamtos gl\u0117byje...  &nbsp;  .\" \/>\n<meta property=\"og:url\" content=\"https:\/\/www.namude.lt\/objektas\/labai-grazioje-vietoje-autentiska-rastine-sodyba-ant-birvetos-upes-kranto-ignalinos-rajone-apie-2-km-nuo-didziasalio\/\" \/>\n<meta property=\"og:site_name\" content=\"Namud\u0117\" \/>\n<meta property=\"article:modified_time\" content=\"2024-08-26T09:47:01+00:00\" \/>\n<meta property=\"og:image\" content=\"https:\/\/www.namude.lt\/wp-content\/uploads\/2024\/04\/2-9.jpg\" \/>\n\t<meta property=\"og:image:width\" content=\"800\" \/>\n\t<meta property=\"og:image:height\" content=\"531\" \/>\n\t<meta property=\"og:image:type\" content=\"image\/jpeg\" \/>\n<meta name=\"twitter:card\" content=\"summary_large_image\" \/>\n<script type=\"application\/ld+json\" class=\"yoast-schema-graph\">{\"@context\":\"https:\/\/schema.org\",\"@graph\":[{\"@type\":\"WebPage\",\"@id\":\"https:\/\/www.namude.lt\/objektas\/labai-grazioje-vietoje-autentiska-rastine-sodyba-ant-birvetos-upes-kranto-ignalinos-rajone-apie-2-km-nuo-didziasalio\/\",\"url\":\"https:\/\/www.namude.lt\/objektas\/labai-grazioje-vietoje-autentiska-rastine-sodyba-ant-birvetos-upes-kranto-ignalinos-rajone-apie-2-km-nuo-didziasalio\/\",\"name\":\"Labai gra\u017eioje vietoje autenti\u0161ka r\u0105stin\u0117 sodyba ant Birv\u0117tos up\u0117s kranto, Ignalinos rajone, apie 2 km nuo Did\u017eiasalio - Namud\u0117\",\"isPartOf\":{\"@id\":\"https:\/\/www.namude.lt\/#website\"},\"primaryImageOfPage\":{\"@id\":\"https:\/\/www.namude.lt\/objektas\/labai-grazioje-vietoje-autentiska-rastine-sodyba-ant-birvetos-upes-kranto-ignalinos-rajone-apie-2-km-nuo-didziasalio\/#primaryimage\"},\"image\":{\"@id\":\"https:\/\/www.namude.lt\/objektas\/labai-grazioje-vietoje-autentiska-rastine-sodyba-ant-birvetos-upes-kranto-ignalinos-rajone-apie-2-km-nuo-didziasalio\/#primaryimage\"},\"thumbnailUrl\":\"https:\/\/www.namude.lt\/wp-content\/uploads\/2024\/04\/2-9.jpg\",\"datePublished\":\"2024-04-17T06:29:17+00:00\",\"dateModified\":\"2024-08-26T09:47:01+00:00\",\"breadcrumb\":{\"@id\":\"https:\/\/www.namude.lt\/objektas\/labai-grazioje-vietoje-autentiska-rastine-sodyba-ant-birvetos-upes-kranto-ignalinos-rajone-apie-2-km-nuo-didziasalio\/#breadcrumb\"},\"inLanguage\":\"ru-RU\",\"potentialAction\":[{\"@type\":\"ReadAction\",\"target\":[\"https:\/\/www.namude.lt\/objektas\/labai-grazioje-vietoje-autentiska-rastine-sodyba-ant-birvetos-upes-kranto-ignalinos-rajone-apie-2-km-nuo-didziasalio\/\"]}]},{\"@type\":\"ImageObject\",\"inLanguage\":\"ru-RU\",\"@id\":\"https:\/\/www.namude.lt\/objektas\/labai-grazioje-vietoje-autentiska-rastine-sodyba-ant-birvetos-upes-kranto-ignalinos-rajone-apie-2-km-nuo-didziasalio\/#primaryimage\",\"url\":\"https:\/\/www.namude.lt\/wp-content\/uploads\/2024\/04\/2-9.jpg\",\"contentUrl\":\"https:\/\/www.namude.lt\/wp-content\/uploads\/2024\/04\/2-9.jpg\",\"width\":800,\"height\":531},{\"@type\":\"BreadcrumbList\",\"@id\":\"https:\/\/www.namude.lt\/objektas\/labai-grazioje-vietoje-autentiska-rastine-sodyba-ant-birvetos-upes-kranto-ignalinos-rajone-apie-2-km-nuo-didziasalio\/#breadcrumb\",\"itemListElement\":[{\"@type\":\"ListItem\",\"position\":1,\"name\":\"Home\",\"item\":\"https:\/\/www.namude.lt\/ru\/\"},{\"@type\":\"ListItem\",\"position\":2,\"name\":\"\u041e\u0431\u044a\u0435\u043a\u0442\u044b\",\"item\":\"https:\/\/www.namude.lt\/ru\/%d0%be%d0%b1%d1%8a%d0%b5%d0%ba%d1%82%d1%8b\/\"},{\"@type\":\"ListItem\",\"position\":3,\"name\":\"Labai gra\u017eioje vietoje autenti\u0161ka r\u0105stin\u0117 sodyba ant Birv\u0117tos up\u0117s kranto, Ignalinos rajone, apie 2 km nuo Did\u017eiasalio\"}]},{\"@type\":\"WebSite\",\"@id\":\"https:\/\/www.namude.lt\/#website\",\"url\":\"https:\/\/www.namude.lt\/\",\"name\":\"Namud\u0117\",\"description\":\"\u201eNamud\u0117\u201c \u2013 agent\u016bra, pardavin\u0117janti Auk\u0161taitijos NT grynuolius.\",\"publisher\":{\"@id\":\"https:\/\/www.namude.lt\/#organization\"},\"potentialAction\":[{\"@type\":\"SearchAction\",\"target\":{\"@type\":\"EntryPoint\",\"urlTemplate\":\"https:\/\/www.namude.lt\/?s={search_term_string}\"},\"query-input\":{\"@type\":\"PropertyValueSpecification\",\"valueRequired\":true,\"valueName\":\"search_term_string\"}}],\"inLanguage\":\"ru-RU\"},{\"@type\":\"Organization\",\"@id\":\"https:\/\/www.namude.lt\/#organization\",\"name\":\"Namud\u0117\",\"url\":\"https:\/\/www.namude.lt\/\",\"logo\":{\"@type\":\"ImageObject\",\"inLanguage\":\"ru-RU\",\"@id\":\"https:\/\/www.namude.lt\/#\/schema\/logo\/image\/\",\"url\":\"https:\/\/www.namude.lt\/wp-content\/uploads\/2023\/11\/logo-symbol.svg\",\"contentUrl\":\"https:\/\/www.namude.lt\/wp-content\/uploads\/2023\/11\/logo-symbol.svg\",\"width\":1,\"height\":1,\"caption\":\"Namud\u0117\"},\"image\":{\"@id\":\"https:\/\/www.namude.lt\/#\/schema\/logo\/image\/\"}}]}<\/script>\n<!-- \/ Yoast SEO plugin. -->","yoast_head_json":{"title":"Labai gra\u017eioje vietoje autenti\u0161ka r\u0105stin\u0117 sodyba ant Birv\u0117tos up\u0117s kranto, Ignalinos rajone, apie 2 km nuo Did\u017eiasalio - Namud\u0117","robots":{"index":"index","follow":"follow","max-snippet":"max-snippet:-1","max-image-preview":"max-image-preview:large","max-video-preview":"max-video-preview:-1"},"canonical":"https:\/\/www.namude.lt\/objektas\/labai-grazioje-vietoje-autentiska-rastine-sodyba-ant-birvetos-upes-kranto-ignalinos-rajone-apie-2-km-nuo-didziasalio\/","og_locale":"ru_RU","og_type":"article","og_title":"Labai gra\u017eioje vietoje autenti\u0161ka r\u0105stin\u0117 sodyba ant Birv\u0117tos up\u0117s kranto, Ignalinos rajone, apie 2 km nuo Did\u017eiasalio - Namud\u0117","og_description":"Parduodama labai gra\u017eioje vietoje autenti\u0161ka r\u0105stin\u0117 sodyba ant Birv\u0117tos up\u0117s kranto, Ignalinos rajone , apie 2 km nuo Did\u017eiasalio.  Prad\u0117to rekonstruoti gyvenamojo namo bendras plotas \u2013 94.01 kv. m. Taip pat yra dar\u017ein\u0117, buvusio tvarto, gara\u017eo ir pirties pamatai, \u0161ulinys. 0.6200 ha nam\u0173 valdos sklypas apie 62 m ribojasi su gyvybinga ir \u017euvinga Birv\u0117tos upe ir su \u0161alia esan\u010diu tvenkiniu. Yra atlikti geodeziniai matavimai. Aplink nam\u0105 o\u0161ia dideli med\u017eiai. Sodyba randasi beveik vienkiemyje, nes artimiausias kaimynas apie 0.2 km. Ramyb\u0117 ir saugumas. Artimiausia maisto preki\u0173 parduotuv\u0117 apie 2 km. Artimiausias e\u017eeras ma\u017eiau nei 1 km. Iki Ignalinos apie 37 km, iki Vilniaus apie 132 km. Tiesiog \u012fsp\u016bdinga vieta poilsiui nuostabios gamtos gl\u0117byje...  &nbsp;  .","og_url":"https:\/\/www.namude.lt\/objektas\/labai-grazioje-vietoje-autentiska-rastine-sodyba-ant-birvetos-upes-kranto-ignalinos-rajone-apie-2-km-nuo-didziasalio\/","og_site_name":"Namud\u0117","article_modified_time":"2024-08-26T09:47:01+00:00","og_image":[{"width":800,"height":531,"url":"https:\/\/www.namude.lt\/wp-content\/uploads\/2024\/04\/2-9.jpg","type":"image\/jpeg"}],"twitter_card":"summary_large_image","schema":{"@context":"https:\/\/schema.org","@graph":[{"@type":"WebPage","@id":"https:\/\/www.namude.lt\/objektas\/labai-grazioje-vietoje-autentiska-rastine-sodyba-ant-birvetos-upes-kranto-ignalinos-rajone-apie-2-km-nuo-didziasalio\/","url":"https:\/\/www.namude.lt\/objektas\/labai-grazioje-vietoje-autentiska-rastine-sodyba-ant-birvetos-upes-kranto-ignalinos-rajone-apie-2-km-nuo-didziasalio\/","name":"Labai gra\u017eioje vietoje autenti\u0161ka r\u0105stin\u0117 sodyba ant Birv\u0117tos up\u0117s kranto, Ignalinos rajone, apie 2 km nuo Did\u017eiasalio - Namud\u0117","isPartOf":{"@id":"https:\/\/www.namude.lt\/#website"},"primaryImageOfPage":{"@id":"https:\/\/www.namude.lt\/objektas\/labai-grazioje-vietoje-autentiska-rastine-sodyba-ant-birvetos-upes-kranto-ignalinos-rajone-apie-2-km-nuo-didziasalio\/#primaryimage"},"image":{"@id":"https:\/\/www.namude.lt\/objektas\/labai-grazioje-vietoje-autentiska-rastine-sodyba-ant-birvetos-upes-kranto-ignalinos-rajone-apie-2-km-nuo-didziasalio\/#primaryimage"},"thumbnailUrl":"https:\/\/www.namude.lt\/wp-content\/uploads\/2024\/04\/2-9.jpg","datePublished":"2024-04-17T06:29:17+00:00","dateModified":"2024-08-26T09:47:01+00:00","breadcrumb":{"@id":"https:\/\/www.namude.lt\/objektas\/labai-grazioje-vietoje-autentiska-rastine-sodyba-ant-birvetos-upes-kranto-ignalinos-rajone-apie-2-km-nuo-didziasalio\/#breadcrumb"},"inLanguage":"ru-RU","potentialAction":[{"@type":"ReadAction","target":["https:\/\/www.namude.lt\/objektas\/labai-grazioje-vietoje-autentiska-rastine-sodyba-ant-birvetos-upes-kranto-ignalinos-rajone-apie-2-km-nuo-didziasalio\/"]}]},{"@type":"ImageObject","inLanguage":"ru-RU","@id":"https:\/\/www.namude.lt\/objektas\/labai-grazioje-vietoje-autentiska-rastine-sodyba-ant-birvetos-upes-kranto-ignalinos-rajone-apie-2-km-nuo-didziasalio\/#primaryimage","url":"https:\/\/www.namude.lt\/wp-content\/uploads\/2024\/04\/2-9.jpg","contentUrl":"https:\/\/www.namude.lt\/wp-content\/uploads\/2024\/04\/2-9.jpg","width":800,"height":531},{"@type":"BreadcrumbList","@id":"https:\/\/www.namude.lt\/objektas\/labai-grazioje-vietoje-autentiska-rastine-sodyba-ant-birvetos-upes-kranto-ignalinos-rajone-apie-2-km-nuo-didziasalio\/#breadcrumb","itemListElement":[{"@type":"ListItem","position":1,"name":"Home","item":"https:\/\/www.namude.lt\/ru\/"},{"@type":"ListItem","position":2,"name":"\u041e\u0431\u044a\u0435\u043a\u0442\u044b","item":"https:\/\/www.namude.lt\/ru\/%d0%be%d0%b1%d1%8a%d0%b5%d0%ba%d1%82%d1%8b\/"},{"@type":"ListItem","position":3,"name":"Labai gra\u017eioje vietoje autenti\u0161ka r\u0105stin\u0117 sodyba ant Birv\u0117tos up\u0117s kranto, Ignalinos rajone, apie 2 km nuo Did\u017eiasalio"}]},{"@type":"WebSite","@id":"https:\/\/www.namude.lt\/#website","url":"https:\/\/www.namude.lt\/","name":"Namud\u0117","description":"\u201eNamud\u0117\u201c \u2013 agent\u016bra, pardavin\u0117janti Auk\u0161taitijos NT grynuolius.","publisher":{"@id":"https:\/\/www.namude.lt\/#organization"},"potentialAction":[{"@type":"SearchAction","target":{"@type":"EntryPoint","urlTemplate":"https:\/\/www.namude.lt\/?s={search_term_string}"},"query-input":{"@type":"PropertyValueSpecification","valueRequired":true,"valueName":"search_term_string"}}],"inLanguage":"ru-RU"},{"@type":"Organization","@id":"https:\/\/www.namude.lt\/#organization","name":"Namud\u0117","url":"https:\/\/www.namude.lt\/","logo":{"@type":"ImageObject","inLanguage":"ru-RU","@id":"https:\/\/www.namude.lt\/#\/schema\/logo\/image\/","url":"https:\/\/www.namude.lt\/wp-content\/uploads\/2023\/11\/logo-symbol.svg","contentUrl":"https:\/\/www.namude.lt\/wp-content\/uploads\/2023\/11\/logo-symbol.svg","width":1,"height":1,"caption":"Namud\u0117"},"image":{"@id":"https:\/\/www.namude.lt\/#\/schema\/logo\/image\/"}}]}},"_links":{"self":[{"href":"https:\/\/www.namude.lt\/ru\/wp-json\/wp\/v2\/product\/8489","targetHints":{"allow":["GET"]}}],"collection":[{"href":"https:\/\/www.namude.lt\/ru\/wp-json\/wp\/v2\/product"}],"about":[{"href":"https:\/\/www.namude.lt\/ru\/wp-json\/wp\/v2\/types\/product"}],"wp:featuredmedia":[{"embeddable":true,"href":"https:\/\/www.namude.lt\/ru\/wp-json\/wp\/v2\/media\/8916"}],"wp:attachment":[{"href":"https:\/\/www.namude.lt\/ru\/wp-json\/wp\/v2\/media?parent=8489"}],"wp:term":[{"taxonomy":"product_brand","embeddable":true,"href":"https:\/\/www.namude.lt\/ru\/wp-json\/wp\/v2\/product_brand?post=8489"},{"taxonomy":"product_cat","embeddable":true,"href":"https:\/\/www.namude.lt\/ru\/wp-json\/wp\/v2\/product_cat?post=8489"},{"taxonomy":"product_tag","embeddable":true,"href":"https:\/\/www.namude.lt\/ru\/wp-json\/wp\/v2\/product_tag?post=8489"}],"curies":[{"name":"wp","href":"https:\/\/api.w.org\/{rel}","templated":true}]}}