{"id":825,"date":"2024-01-15T12:07:31","date_gmt":"2024-01-15T10:07:31","guid":{"rendered":"https:\/\/www.namude.lt\/?post_type=product&#038;p=825"},"modified":"2025-05-27T16:54:51","modified_gmt":"2025-05-27T13:54:51","slug":"buvusios-mokyklos-pastatas-ignalinos-rajone-miske-mazenu-kaimo-pakrastyje","status":"publish","type":"product","link":"https:\/\/www.namude.lt\/ru\/\u043e\u0431\u044a\u0435\u043a\u0442\/buvusios-mokyklos-pastatas-ignalinos-rajone-miske-mazenu-kaimo-pakrastyje\/","title":{"rendered":"BUVUSIOS MOKYKLOS PASTATAS IGNALINOS RAJONE, MI\u0160KE, MA\u017d\u0116N\u0172 KAIMO PAKRA\u0160TYJE"},"content":{"rendered":"","protected":false},"excerpt":{"rendered":"<p><strong>Parduodama, buvusios (1937 m statybos) mokyklos pastatas <a href=\"https:\/\/www.namude.lt\/parduodami-nt-objektai\/?filter_rajonas=ignalinos-rajonas&amp;query_type_rajonas=or\">Ignalinos rajone<\/a>, Ma\u017e\u0117n<\/strong>\u0173\u00a0<strong>kaime<\/strong>,\u00a0<strong>Ma\u017e\u0117n\u0173 g<\/strong>.\u00a0<strong>4<\/strong>.\u00a0<strong>kaimelio\u00a0<\/strong>pa<strong>kra\u0161tyje, mi\u0161ke.\u00a0<\/strong>I\u0161 r\u0105st\u0173 pastatytos mokyklos pastato, su m\u016briniu priestatu, bendras plotas \u2013\u00a0<strong>433.64 kv. m.<\/strong>\u00a0Pastatas yra vieno auk\u0161to su patalpomis mansardoje, \u012f kurias \u012frengtas \u012f\u0117jimas i\u0161 lauko. Pirmo auk\u0161to lub\u0173 auk\u0161tis \u2013\u00a0<strong>3.35 m<\/strong>, mansardos patalp\u0173 \u2013\u00a0<strong>2.50 m<\/strong>\u00a0ir\u00a0<strong>2.10 m\u00a0<\/strong>\u0160ildymas koklin\u0117mis krosnimis ir elektra. Pastatas prad\u0117tas rekonstruoti. Architekt\u0173 parengtas mokyklos rekonstrukcijos projektas, pagal kur\u012f numatyta \u012frengti tris butus. Padarytas naujas elektros \u012fvadas su nauja vidaus elektros instaliacija. Vidaus sienos prad\u0117tos apkalin\u0117ti gipso kartonu. Lauko sienos apkaltos medin\u0117mis dailylent\u0117mis. Nauja stogo danga su nauju apskardinimu. Geri akmenbetonio pamatai. Taip pat yra (<strong>151.00 kv. m.<\/strong>\u00a0u\u017estatymo ploto) medinis \u016bkio pastatas, kiemo r\u016bsys (<strong>13 kv. m.<\/strong>\u00a0u\u017estatymo ploto), \u0161ulinys. Nuosavyb\u0117s teise priklauso\u00a0<strong>0.8856 ha\u00a0<\/strong>kitos paskirties (vienbu\u010di\u0173 ir dvibu\u010di\u0173 gyvenam\u0173j\u0173 pastat\u0173 teritorijos) sklypas. Atliktas sklypo geodezinis planas. Privatumas ir saugumas. Artimiausi pastoviai gyvenantys kaimynai \u2013 apie<strong>\u00a0200 m<\/strong>. Artimiausias e\u017eeras yra Dysnyk\u0161tis &#8212; apie\u00a0<strong>1.5 km<\/strong>\u00a0atstumu. Min\u0117tas e\u017eeras jungiasi su \u017euvingu, antru pagal dyd\u012f Lietuvoje Dysn\u0173 e\u017eeru. Aplink (keli\u0173 kilometr\u0173 spinduliu) dar yra daug e\u017eer\u0173 ir mi\u0161k\u0173. Artimiausi miestai: Ignalina \u2013 apie\u00a0<strong>25 km<\/strong>, Visaginas \u2013 apie\u00a0<strong>20 km.<\/strong>\u00a0Geras priva\u017eiavimas visais met\u0173 laikais asfaltuotu keliu. Kaime yra maisto preki\u0173 parduotuv\u0117, autobus\u0173 sustojimo stotel\u0117, klubas ir kt. I\u0161skirtinis pastatas, i\u0161skirtin\u0117je \u00a0vietoje, tiek verslui, tiek savo poreikiams&#8230;<\/p>\n","protected":false},"featured_media":18437,"template":"","meta":{"_acf_changed":false},"product_brand":[],"product_cat":[23,28],"product_tag":[],"class_list":{"0":"post-825","1":"product","2":"type-product","3":"status-publish","4":"has-post-thumbnail","6":"product_cat-sodybos","7":"product_cat-patalpos","8":"pa_rajonas-ignalinos-rajonas","9":"description-off","11":"first","12":"instock","13":"sale","14":"shipping-taxable","15":"purchasable","16":"product-type-simple"},"acf":[],"yoast_head":"<!-- This site is optimized with the Yoast SEO plugin v27.0 - https:\/\/yoast.com\/product\/yoast-seo-wordpress\/ -->\n<title>BUVUSIOS MOKYKLOS PASTATAS IGNALINOS RAJONE, MI\u0160KE, MA\u017d\u0116N\u0172 KAIMO PAKRA\u0160TYJE - Namud\u0117<\/title>\n<meta name=\"robots\" content=\"index, follow, max-snippet:-1, max-image-preview:large, max-video-preview:-1\" \/>\n<link rel=\"canonical\" href=\"https:\/\/www.namude.lt\/objektas\/buvusios-mokyklos-pastatas-ignalinos-rajone-miske-mazenu-kaimo-pakrastyje\/\" \/>\n<meta property=\"og:locale\" content=\"ru_RU\" \/>\n<meta property=\"og:type\" content=\"article\" \/>\n<meta property=\"og:title\" content=\"BUVUSIOS MOKYKLOS PASTATAS IGNALINOS RAJONE, MI\u0160KE, MA\u017d\u0116N\u0172 KAIMO PAKRA\u0160TYJE - Namud\u0117\" \/>\n<meta property=\"og:description\" content=\"Parduodama, buvusios (1937 m statybos) mokyklos pastatas Ignalinos rajone, Ma\u017e\u0117n\u0173\u00a0kaime,\u00a0Ma\u017e\u0117n\u0173 g.\u00a04.\u00a0kaimelio\u00a0pakra\u0161tyje, mi\u0161ke.\u00a0I\u0161 r\u0105st\u0173 pastatytos mokyklos pastato, su m\u016briniu priestatu, bendras plotas \u2013\u00a0433.64 kv. m.\u00a0Pastatas yra vieno auk\u0161to su patalpomis mansardoje, \u012f kurias \u012frengtas \u012f\u0117jimas i\u0161 lauko. Pirmo auk\u0161to lub\u0173 auk\u0161tis \u2013\u00a03.35 m, mansardos patalp\u0173 \u2013\u00a02.50 m\u00a0ir\u00a02.10 m\u00a0\u0160ildymas koklin\u0117mis krosnimis ir elektra. Pastatas prad\u0117tas rekonstruoti. Architekt\u0173 parengtas mokyklos rekonstrukcijos projektas, pagal kur\u012f numatyta \u012frengti tris butus. Padarytas naujas elektros \u012fvadas su nauja vidaus elektros instaliacija. Vidaus sienos prad\u0117tos apkalin\u0117ti gipso kartonu. Lauko sienos apkaltos medin\u0117mis dailylent\u0117mis. Nauja stogo danga su nauju apskardinimu. Geri akmenbetonio pamatai. Taip pat yra (151.00 kv. m.\u00a0u\u017estatymo ploto) medinis \u016bkio pastatas, kiemo r\u016bsys (13 kv. m.\u00a0u\u017estatymo ploto), \u0161ulinys. Nuosavyb\u0117s teise priklauso\u00a00.8856 ha\u00a0kitos paskirties (vienbu\u010di\u0173 ir dvibu\u010di\u0173 gyvenam\u0173j\u0173 pastat\u0173 teritorijos) sklypas. Atliktas sklypo geodezinis planas. Privatumas ir saugumas. Artimiausi pastoviai gyvenantys kaimynai \u2013 apie\u00a0200 m. Artimiausias e\u017eeras yra Dysnyk\u0161tis - apie\u00a01.5 km\u00a0atstumu. Min\u0117tas e\u017eeras jungiasi su \u017euvingu, antru pagal dyd\u012f Lietuvoje Dysn\u0173 e\u017eeru. Aplink (keli\u0173 kilometr\u0173 spinduliu) dar yra daug e\u017eer\u0173 ir mi\u0161k\u0173. Artimiausi miestai: Ignalina \u2013 apie\u00a025 km, Visaginas \u2013 apie\u00a020 km.\u00a0Geras priva\u017eiavimas visais met\u0173 laikais asfaltuotu keliu. Kaime yra maisto preki\u0173 parduotuv\u0117, autobus\u0173 sustojimo stotel\u0117, klubas ir kt. I\u0161skirtinis pastatas, i\u0161skirtin\u0117je \u00a0vietoje, tiek verslui, tiek savo poreikiams...\" \/>\n<meta property=\"og:url\" content=\"https:\/\/www.namude.lt\/objektas\/buvusios-mokyklos-pastatas-ignalinos-rajone-miske-mazenu-kaimo-pakrastyje\/\" \/>\n<meta property=\"og:site_name\" content=\"Namud\u0117\" \/>\n<meta property=\"article:modified_time\" content=\"2025-05-27T13:54:51+00:00\" \/>\n<meta property=\"og:image\" content=\"https:\/\/www.namude.lt\/wp-content\/uploads\/2024\/01\/1-132.jpg\" \/>\n\t<meta property=\"og:image:width\" content=\"800\" \/>\n\t<meta property=\"og:image:height\" content=\"531\" \/>\n\t<meta property=\"og:image:type\" content=\"image\/jpeg\" \/>\n<meta name=\"twitter:card\" content=\"summary_large_image\" \/>\n<script type=\"application\/ld+json\" class=\"yoast-schema-graph\">{\"@context\":\"https:\/\/schema.org\",\"@graph\":[{\"@type\":\"WebPage\",\"@id\":\"https:\/\/www.namude.lt\/objektas\/buvusios-mokyklos-pastatas-ignalinos-rajone-miske-mazenu-kaimo-pakrastyje\/\",\"url\":\"https:\/\/www.namude.lt\/objektas\/buvusios-mokyklos-pastatas-ignalinos-rajone-miske-mazenu-kaimo-pakrastyje\/\",\"name\":\"BUVUSIOS MOKYKLOS PASTATAS IGNALINOS RAJONE, MI\u0160KE, MA\u017d\u0116N\u0172 KAIMO PAKRA\u0160TYJE - Namud\u0117\",\"isPartOf\":{\"@id\":\"https:\/\/www.namude.lt\/#website\"},\"primaryImageOfPage\":{\"@id\":\"https:\/\/www.namude.lt\/objektas\/buvusios-mokyklos-pastatas-ignalinos-rajone-miske-mazenu-kaimo-pakrastyje\/#primaryimage\"},\"image\":{\"@id\":\"https:\/\/www.namude.lt\/objektas\/buvusios-mokyklos-pastatas-ignalinos-rajone-miske-mazenu-kaimo-pakrastyje\/#primaryimage\"},\"thumbnailUrl\":\"https:\/\/www.namude.lt\/wp-content\/uploads\/2024\/01\/1-132.jpg\",\"datePublished\":\"2024-01-15T10:07:31+00:00\",\"dateModified\":\"2025-05-27T13:54:51+00:00\",\"breadcrumb\":{\"@id\":\"https:\/\/www.namude.lt\/objektas\/buvusios-mokyklos-pastatas-ignalinos-rajone-miske-mazenu-kaimo-pakrastyje\/#breadcrumb\"},\"inLanguage\":\"ru-RU\",\"potentialAction\":[{\"@type\":\"ReadAction\",\"target\":[\"https:\/\/www.namude.lt\/objektas\/buvusios-mokyklos-pastatas-ignalinos-rajone-miske-mazenu-kaimo-pakrastyje\/\"]}]},{\"@type\":\"ImageObject\",\"inLanguage\":\"ru-RU\",\"@id\":\"https:\/\/www.namude.lt\/objektas\/buvusios-mokyklos-pastatas-ignalinos-rajone-miske-mazenu-kaimo-pakrastyje\/#primaryimage\",\"url\":\"https:\/\/www.namude.lt\/wp-content\/uploads\/2024\/01\/1-132.jpg\",\"contentUrl\":\"https:\/\/www.namude.lt\/wp-content\/uploads\/2024\/01\/1-132.jpg\",\"width\":800,\"height\":531},{\"@type\":\"BreadcrumbList\",\"@id\":\"https:\/\/www.namude.lt\/objektas\/buvusios-mokyklos-pastatas-ignalinos-rajone-miske-mazenu-kaimo-pakrastyje\/#breadcrumb\",\"itemListElement\":[{\"@type\":\"ListItem\",\"position\":1,\"name\":\"Home\",\"item\":\"https:\/\/www.namude.lt\/ru\/\"},{\"@type\":\"ListItem\",\"position\":2,\"name\":\"\u041e\u0431\u044a\u0435\u043a\u0442\u044b\",\"item\":\"https:\/\/www.namude.lt\/ru\/%d0%be%d0%b1%d1%8a%d0%b5%d0%ba%d1%82%d1%8b\/\"},{\"@type\":\"ListItem\",\"position\":3,\"name\":\"BUVUSIOS MOKYKLOS PASTATAS IGNALINOS RAJONE, MI\u0160KE, MA\u017d\u0116N\u0172 KAIMO PAKRA\u0160TYJE\"}]},{\"@type\":\"WebSite\",\"@id\":\"https:\/\/www.namude.lt\/#website\",\"url\":\"https:\/\/www.namude.lt\/\",\"name\":\"Namud\u0117\",\"description\":\"\u201eNamud\u0117\u201c \u2013 agent\u016bra, pardavin\u0117janti Auk\u0161taitijos NT grynuolius.\",\"publisher\":{\"@id\":\"https:\/\/www.namude.lt\/#organization\"},\"potentialAction\":[{\"@type\":\"SearchAction\",\"target\":{\"@type\":\"EntryPoint\",\"urlTemplate\":\"https:\/\/www.namude.lt\/?s={search_term_string}\"},\"query-input\":{\"@type\":\"PropertyValueSpecification\",\"valueRequired\":true,\"valueName\":\"search_term_string\"}}],\"inLanguage\":\"ru-RU\"},{\"@type\":\"Organization\",\"@id\":\"https:\/\/www.namude.lt\/#organization\",\"name\":\"Namud\u0117\",\"url\":\"https:\/\/www.namude.lt\/\",\"logo\":{\"@type\":\"ImageObject\",\"inLanguage\":\"ru-RU\",\"@id\":\"https:\/\/www.namude.lt\/#\/schema\/logo\/image\/\",\"url\":\"https:\/\/www.namude.lt\/wp-content\/uploads\/2023\/11\/logo-symbol.svg\",\"contentUrl\":\"https:\/\/www.namude.lt\/wp-content\/uploads\/2023\/11\/logo-symbol.svg\",\"width\":1,\"height\":1,\"caption\":\"Namud\u0117\"},\"image\":{\"@id\":\"https:\/\/www.namude.lt\/#\/schema\/logo\/image\/\"}}]}<\/script>\n<!-- \/ Yoast SEO plugin. -->","yoast_head_json":{"title":"BUVUSIOS MOKYKLOS PASTATAS IGNALINOS RAJONE, MI\u0160KE, MA\u017d\u0116N\u0172 KAIMO PAKRA\u0160TYJE - Namud\u0117","robots":{"index":"index","follow":"follow","max-snippet":"max-snippet:-1","max-image-preview":"max-image-preview:large","max-video-preview":"max-video-preview:-1"},"canonical":"https:\/\/www.namude.lt\/objektas\/buvusios-mokyklos-pastatas-ignalinos-rajone-miske-mazenu-kaimo-pakrastyje\/","og_locale":"ru_RU","og_type":"article","og_title":"BUVUSIOS MOKYKLOS PASTATAS IGNALINOS RAJONE, MI\u0160KE, MA\u017d\u0116N\u0172 KAIMO PAKRA\u0160TYJE - Namud\u0117","og_description":"Parduodama, buvusios (1937 m statybos) mokyklos pastatas Ignalinos rajone, Ma\u017e\u0117n\u0173\u00a0kaime,\u00a0Ma\u017e\u0117n\u0173 g.\u00a04.\u00a0kaimelio\u00a0pakra\u0161tyje, mi\u0161ke.\u00a0I\u0161 r\u0105st\u0173 pastatytos mokyklos pastato, su m\u016briniu priestatu, bendras plotas \u2013\u00a0433.64 kv. m.\u00a0Pastatas yra vieno auk\u0161to su patalpomis mansardoje, \u012f kurias \u012frengtas \u012f\u0117jimas i\u0161 lauko. Pirmo auk\u0161to lub\u0173 auk\u0161tis \u2013\u00a03.35 m, mansardos patalp\u0173 \u2013\u00a02.50 m\u00a0ir\u00a02.10 m\u00a0\u0160ildymas koklin\u0117mis krosnimis ir elektra. Pastatas prad\u0117tas rekonstruoti. Architekt\u0173 parengtas mokyklos rekonstrukcijos projektas, pagal kur\u012f numatyta \u012frengti tris butus. Padarytas naujas elektros \u012fvadas su nauja vidaus elektros instaliacija. Vidaus sienos prad\u0117tos apkalin\u0117ti gipso kartonu. Lauko sienos apkaltos medin\u0117mis dailylent\u0117mis. Nauja stogo danga su nauju apskardinimu. Geri akmenbetonio pamatai. Taip pat yra (151.00 kv. m.\u00a0u\u017estatymo ploto) medinis \u016bkio pastatas, kiemo r\u016bsys (13 kv. m.\u00a0u\u017estatymo ploto), \u0161ulinys. Nuosavyb\u0117s teise priklauso\u00a00.8856 ha\u00a0kitos paskirties (vienbu\u010di\u0173 ir dvibu\u010di\u0173 gyvenam\u0173j\u0173 pastat\u0173 teritorijos) sklypas. Atliktas sklypo geodezinis planas. Privatumas ir saugumas. Artimiausi pastoviai gyvenantys kaimynai \u2013 apie\u00a0200 m. Artimiausias e\u017eeras yra Dysnyk\u0161tis - apie\u00a01.5 km\u00a0atstumu. Min\u0117tas e\u017eeras jungiasi su \u017euvingu, antru pagal dyd\u012f Lietuvoje Dysn\u0173 e\u017eeru. Aplink (keli\u0173 kilometr\u0173 spinduliu) dar yra daug e\u017eer\u0173 ir mi\u0161k\u0173. Artimiausi miestai: Ignalina \u2013 apie\u00a025 km, Visaginas \u2013 apie\u00a020 km.\u00a0Geras priva\u017eiavimas visais met\u0173 laikais asfaltuotu keliu. Kaime yra maisto preki\u0173 parduotuv\u0117, autobus\u0173 sustojimo stotel\u0117, klubas ir kt. I\u0161skirtinis pastatas, i\u0161skirtin\u0117je \u00a0vietoje, tiek verslui, tiek savo poreikiams...","og_url":"https:\/\/www.namude.lt\/objektas\/buvusios-mokyklos-pastatas-ignalinos-rajone-miske-mazenu-kaimo-pakrastyje\/","og_site_name":"Namud\u0117","article_modified_time":"2025-05-27T13:54:51+00:00","og_image":[{"width":800,"height":531,"url":"https:\/\/www.namude.lt\/wp-content\/uploads\/2024\/01\/1-132.jpg","type":"image\/jpeg"}],"twitter_card":"summary_large_image","schema":{"@context":"https:\/\/schema.org","@graph":[{"@type":"WebPage","@id":"https:\/\/www.namude.lt\/objektas\/buvusios-mokyklos-pastatas-ignalinos-rajone-miske-mazenu-kaimo-pakrastyje\/","url":"https:\/\/www.namude.lt\/objektas\/buvusios-mokyklos-pastatas-ignalinos-rajone-miske-mazenu-kaimo-pakrastyje\/","name":"BUVUSIOS MOKYKLOS PASTATAS IGNALINOS RAJONE, MI\u0160KE, MA\u017d\u0116N\u0172 KAIMO PAKRA\u0160TYJE - Namud\u0117","isPartOf":{"@id":"https:\/\/www.namude.lt\/#website"},"primaryImageOfPage":{"@id":"https:\/\/www.namude.lt\/objektas\/buvusios-mokyklos-pastatas-ignalinos-rajone-miske-mazenu-kaimo-pakrastyje\/#primaryimage"},"image":{"@id":"https:\/\/www.namude.lt\/objektas\/buvusios-mokyklos-pastatas-ignalinos-rajone-miske-mazenu-kaimo-pakrastyje\/#primaryimage"},"thumbnailUrl":"https:\/\/www.namude.lt\/wp-content\/uploads\/2024\/01\/1-132.jpg","datePublished":"2024-01-15T10:07:31+00:00","dateModified":"2025-05-27T13:54:51+00:00","breadcrumb":{"@id":"https:\/\/www.namude.lt\/objektas\/buvusios-mokyklos-pastatas-ignalinos-rajone-miske-mazenu-kaimo-pakrastyje\/#breadcrumb"},"inLanguage":"ru-RU","potentialAction":[{"@type":"ReadAction","target":["https:\/\/www.namude.lt\/objektas\/buvusios-mokyklos-pastatas-ignalinos-rajone-miske-mazenu-kaimo-pakrastyje\/"]}]},{"@type":"ImageObject","inLanguage":"ru-RU","@id":"https:\/\/www.namude.lt\/objektas\/buvusios-mokyklos-pastatas-ignalinos-rajone-miske-mazenu-kaimo-pakrastyje\/#primaryimage","url":"https:\/\/www.namude.lt\/wp-content\/uploads\/2024\/01\/1-132.jpg","contentUrl":"https:\/\/www.namude.lt\/wp-content\/uploads\/2024\/01\/1-132.jpg","width":800,"height":531},{"@type":"BreadcrumbList","@id":"https:\/\/www.namude.lt\/objektas\/buvusios-mokyklos-pastatas-ignalinos-rajone-miske-mazenu-kaimo-pakrastyje\/#breadcrumb","itemListElement":[{"@type":"ListItem","position":1,"name":"Home","item":"https:\/\/www.namude.lt\/ru\/"},{"@type":"ListItem","position":2,"name":"\u041e\u0431\u044a\u0435\u043a\u0442\u044b","item":"https:\/\/www.namude.lt\/ru\/%d0%be%d0%b1%d1%8a%d0%b5%d0%ba%d1%82%d1%8b\/"},{"@type":"ListItem","position":3,"name":"BUVUSIOS MOKYKLOS PASTATAS IGNALINOS RAJONE, MI\u0160KE, MA\u017d\u0116N\u0172 KAIMO PAKRA\u0160TYJE"}]},{"@type":"WebSite","@id":"https:\/\/www.namude.lt\/#website","url":"https:\/\/www.namude.lt\/","name":"Namud\u0117","description":"\u201eNamud\u0117\u201c \u2013 agent\u016bra, pardavin\u0117janti Auk\u0161taitijos NT grynuolius.","publisher":{"@id":"https:\/\/www.namude.lt\/#organization"},"potentialAction":[{"@type":"SearchAction","target":{"@type":"EntryPoint","urlTemplate":"https:\/\/www.namude.lt\/?s={search_term_string}"},"query-input":{"@type":"PropertyValueSpecification","valueRequired":true,"valueName":"search_term_string"}}],"inLanguage":"ru-RU"},{"@type":"Organization","@id":"https:\/\/www.namude.lt\/#organization","name":"Namud\u0117","url":"https:\/\/www.namude.lt\/","logo":{"@type":"ImageObject","inLanguage":"ru-RU","@id":"https:\/\/www.namude.lt\/#\/schema\/logo\/image\/","url":"https:\/\/www.namude.lt\/wp-content\/uploads\/2023\/11\/logo-symbol.svg","contentUrl":"https:\/\/www.namude.lt\/wp-content\/uploads\/2023\/11\/logo-symbol.svg","width":1,"height":1,"caption":"Namud\u0117"},"image":{"@id":"https:\/\/www.namude.lt\/#\/schema\/logo\/image\/"}}]}},"_links":{"self":[{"href":"https:\/\/www.namude.lt\/ru\/wp-json\/wp\/v2\/product\/825","targetHints":{"allow":["GET"]}}],"collection":[{"href":"https:\/\/www.namude.lt\/ru\/wp-json\/wp\/v2\/product"}],"about":[{"href":"https:\/\/www.namude.lt\/ru\/wp-json\/wp\/v2\/types\/product"}],"wp:featuredmedia":[{"embeddable":true,"href":"https:\/\/www.namude.lt\/ru\/wp-json\/wp\/v2\/media\/18437"}],"wp:attachment":[{"href":"https:\/\/www.namude.lt\/ru\/wp-json\/wp\/v2\/media?parent=825"}],"wp:term":[{"taxonomy":"product_brand","embeddable":true,"href":"https:\/\/www.namude.lt\/ru\/wp-json\/wp\/v2\/product_brand?post=825"},{"taxonomy":"product_cat","embeddable":true,"href":"https:\/\/www.namude.lt\/ru\/wp-json\/wp\/v2\/product_cat?post=825"},{"taxonomy":"product_tag","embeddable":true,"href":"https:\/\/www.namude.lt\/ru\/wp-json\/wp\/v2\/product_tag?post=825"}],"curies":[{"name":"wp","href":"https:\/\/api.w.org\/{rel}","templated":true}]}}