{"id":8061,"date":"2024-03-28T16:15:30","date_gmt":"2024-03-28T14:15:30","guid":{"rendered":"https:\/\/www.namude.lt\/?post_type=product&#038;p=8061"},"modified":"2025-10-30T15:19:10","modified_gmt":"2025-10-30T13:19:10","slug":"sodyba-isskirtineje-vietoje-pacioje-aukstaitijos-nacionalinio-parko-sirdyje-antalksnes-k-ignalinos-r","status":"publish","type":"product","link":"https:\/\/www.namude.lt\/ru\/\u043e\u0431\u044a\u0435\u043a\u0442\/sodyba-isskirtineje-vietoje-pacioje-aukstaitijos-nacionalinio-parko-sirdyje-antalksnes-k-ignalinos-r\/","title":{"rendered":"Sodyba i\u0161skirtin\u0117je vietoje &#8212; pa\u010dioje Auk\u0161taitijos nacionalinio parko \u0161irdyje, Antalksn\u0117s k., Ignalinos r."},"content":{"rendered":"<p>Atlikti sklypo kadastriniai matavimai. Sodybai priklauso r\u0105stinis <strong>80 kv. m<\/strong>. gyvenamasis namas, kur\u012f galima rekonstruoti ir \u012fsirengti \u0161iuolaiki\u0161kai. Taip pat sklype registruota dar <strong>12<\/strong> \u016bkio pastat\u0173, kuri\u0173 bendras u\u017estatytas plotas \u2013 <strong>220 kv. m<\/strong>. Pastatus galima perstatyti ir pl\u0117stis, u\u017esiimant kaimo turizmu, poilsio nameli\u0173 nuoma ar kita \u012fvairia pelninga veikla. Sodyba puikiai tiks ne tik patogiam poilsiui kaime, ta\u010diau ir netradicin\u0117ms verslo id\u0117joms \u2013 sklype atlikta vandening\u0173 sluoksni\u0173 analiz\u0117, kuri parod\u0117, kad\u00a0 grunte gausu auk\u0161tos mineralizacijos mineralinio vandens. \u00a0Sodyba \u012fsik\u016brusi gra\u017eios, civilizacijos ma\u017eai paliestos gamtos apsuptyje, apylink\u0117se keliolikos kilometr\u0173 spinduliu gal\u0117site vaik\u0161tin\u0117ti \u012fstabiais Auk\u0161taitijos pu\u0161ynais, pilnais gryb\u0173, uog\u0173 ir kit\u0173 gamtos g\u0117rybi\u0173. \u0160alia Antalksn\u0117s kaimo gausu ir kit\u0173 lankytin\u0173 objekt\u0173: Ginu\u010di\u0173 vandens mal\u016bnas, etnografiniai Sal\u0173 ir Pal\u016b\u0161\u0117s kaimai. Artimiausia didesn\u0117 Linkmen\u0173 gyvenviet\u0117 \u2013 u\u017e <strong>6 km<\/strong>. Priva\u017eiavimas iki sodybos patogus, asfaltuotas. Nuo sodybos iki Ignalinos \u2013 <strong>15<\/strong> km, iki Vilniaus \u2013 <strong>115 km<\/strong>.<\/p>\n<p>Tai i\u0161skirtin\u0117 sodyba puikios gamtos apsuptyje, kurioje j\u016bs rasite visk\u0105, ko reikia:<\/p>\n<p>*Skaidr\u0173 e\u017eer\u0105<\/p>\n<p>* Ger\u0105 mi\u0161k\u0105<\/p>\n<p>*Erdv\u0173 sklyp\u0105<\/p>\n<p>*Kaimo sodyb\u0105!<\/p>\n<p>&nbsp;<\/p>\n<p>&nbsp;<\/p>\n<p>Sodybos koordinat\u0117s:<\/p>\n<p>Google maps\u00a0 <strong>55.350135, 26.010922<\/strong> (WGS)<\/p>\n<p>Maps.lt\u00a0\u00a0 <strong>627529, 6136824<\/strong> \u00a0(LKS)<\/p>\n","protected":false},"excerpt":{"rendered":"<p><strong>Parduodama sodyba i\u0161skirtin\u0117je vietoje &#8212; pa\u010dioje Auk\u0161taitijos nacionalinio parko \u0161irdyje, Antalksn\u0117s k., Ignalinos r.<\/strong> Erdvus <strong>5,30 ha<\/strong> \u017eem\u0117s sklypas net<strong> 135 m<\/strong> ribojasi su gra\u017eia Asalnyk\u0161\u010dio e\u017eero pakrante. \u0160is puikus e\u017eeras jungiasi su kitais did\u017eiaisiais Auk\u0161taitijos nacionalinio parko e\u017eeryno e\u017eerais \u2013 Baluo\u0161u, \u016akoju, Linkmenu, Alksnu, Asalnais, L\u016b\u0161iais. \u0160iais e\u017eerais galima plaukti ilga baidari\u0173 trasa, keliauti p\u0117s\u010diomis, dvira\u010diais, stovyklauti, m\u0117gautis \u012fvairia aktyvia veikla. Pakrant\u0117je \u012frengtas lieptas, vos u\u017e <strong>35 m<\/strong> nuo vandens stovi sena pirtis, kurios vietoje galima perstatyti nauj\u0105 pirt\u012f ar poilsio namel\u012f, pakrant\u0117je \u012fsirengti sm\u0117l\u0117t\u0105 plia\u017e\u0105.<\/p>\n","protected":false},"featured_media":9300,"template":"","meta":{"_acf_changed":false},"product_brand":[],"product_cat":[23,24],"product_tag":[],"class_list":{"0":"post-8061","1":"product","2":"type-product","3":"status-publish","4":"has-post-thumbnail","6":"product_cat-sodybos","7":"product_cat-sklypai","8":"pa_rajonas-ignalinos-rajonas","9":"description-off","11":"first","12":"instock","13":"sale","14":"shipping-taxable","15":"purchasable","16":"product-type-simple"},"acf":[],"yoast_head":"<!-- This site is optimized with the Yoast SEO plugin v27.0 - https:\/\/yoast.com\/product\/yoast-seo-wordpress\/ -->\n<title>Sodyba i\u0161skirtin\u0117je vietoje - pa\u010dioje Auk\u0161taitijos nacionalinio parko \u0161irdyje, Antalksn\u0117s k., Ignalinos r. - Namud\u0117<\/title>\n<meta name=\"robots\" content=\"index, follow, max-snippet:-1, max-image-preview:large, max-video-preview:-1\" \/>\n<link rel=\"canonical\" href=\"https:\/\/www.namude.lt\/objektas\/sodyba-isskirtineje-vietoje-pacioje-aukstaitijos-nacionalinio-parko-sirdyje-antalksnes-k-ignalinos-r\/\" \/>\n<meta property=\"og:locale\" content=\"ru_RU\" \/>\n<meta property=\"og:type\" content=\"article\" \/>\n<meta property=\"og:title\" content=\"Sodyba i\u0161skirtin\u0117je vietoje - pa\u010dioje Auk\u0161taitijos nacionalinio parko \u0161irdyje, Antalksn\u0117s k., Ignalinos r. - Namud\u0117\" \/>\n<meta property=\"og:description\" content=\"Parduodama sodyba i\u0161skirtin\u0117je vietoje - pa\u010dioje Auk\u0161taitijos nacionalinio parko \u0161irdyje, Antalksn\u0117s k., Ignalinos r. Erdvus 5,30 ha \u017eem\u0117s sklypas net 135 m ribojasi su gra\u017eia Asalnyk\u0161\u010dio e\u017eero pakrante. \u0160is puikus e\u017eeras jungiasi su kitais did\u017eiaisiais Auk\u0161taitijos nacionalinio parko e\u017eeryno e\u017eerais \u2013 Baluo\u0161u, \u016akoju, Linkmenu, Alksnu, Asalnais, L\u016b\u0161iais. \u0160iais e\u017eerais galima plaukti ilga baidari\u0173 trasa, keliauti p\u0117s\u010diomis, dvira\u010diais, stovyklauti, m\u0117gautis \u012fvairia aktyvia veikla. Pakrant\u0117je \u012frengtas lieptas, vos u\u017e 35 m nuo vandens stovi sena pirtis, kurios vietoje galima perstatyti nauj\u0105 pirt\u012f ar poilsio namel\u012f, pakrant\u0117je \u012fsirengti sm\u0117l\u0117t\u0105 plia\u017e\u0105.\" \/>\n<meta property=\"og:url\" content=\"https:\/\/www.namude.lt\/objektas\/sodyba-isskirtineje-vietoje-pacioje-aukstaitijos-nacionalinio-parko-sirdyje-antalksnes-k-ignalinos-r\/\" \/>\n<meta property=\"og:site_name\" content=\"Namud\u0117\" \/>\n<meta property=\"article:modified_time\" content=\"2025-10-30T13:19:10+00:00\" \/>\n<meta property=\"og:image\" content=\"https:\/\/www.namude.lt\/wp-content\/uploads\/2024\/03\/1-14.jpg\" \/>\n\t<meta property=\"og:image:width\" content=\"840\" \/>\n\t<meta property=\"og:image:height\" content=\"488\" \/>\n\t<meta property=\"og:image:type\" content=\"image\/jpeg\" \/>\n<meta name=\"twitter:card\" content=\"summary_large_image\" \/>\n<meta name=\"twitter:label1\" content=\"\u041f\u0440\u0438\u043c\u0435\u0440\u043d\u043e\u0435 \u0432\u0440\u0435\u043c\u044f \u0434\u043b\u044f \u0447\u0442\u0435\u043d\u0438\u044f\" \/>\n\t<meta name=\"twitter:data1\" content=\"1 \u043c\u0438\u043d\u0443\u0442\u0430\" \/>\n<script type=\"application\/ld+json\" class=\"yoast-schema-graph\">{\"@context\":\"https:\/\/schema.org\",\"@graph\":[{\"@type\":\"WebPage\",\"@id\":\"https:\/\/www.namude.lt\/objektas\/sodyba-isskirtineje-vietoje-pacioje-aukstaitijos-nacionalinio-parko-sirdyje-antalksnes-k-ignalinos-r\/\",\"url\":\"https:\/\/www.namude.lt\/objektas\/sodyba-isskirtineje-vietoje-pacioje-aukstaitijos-nacionalinio-parko-sirdyje-antalksnes-k-ignalinos-r\/\",\"name\":\"Sodyba i\u0161skirtin\u0117je vietoje - pa\u010dioje Auk\u0161taitijos nacionalinio parko \u0161irdyje, Antalksn\u0117s k., Ignalinos r. - Namud\u0117\",\"isPartOf\":{\"@id\":\"https:\/\/www.namude.lt\/#website\"},\"primaryImageOfPage\":{\"@id\":\"https:\/\/www.namude.lt\/objektas\/sodyba-isskirtineje-vietoje-pacioje-aukstaitijos-nacionalinio-parko-sirdyje-antalksnes-k-ignalinos-r\/#primaryimage\"},\"image\":{\"@id\":\"https:\/\/www.namude.lt\/objektas\/sodyba-isskirtineje-vietoje-pacioje-aukstaitijos-nacionalinio-parko-sirdyje-antalksnes-k-ignalinos-r\/#primaryimage\"},\"thumbnailUrl\":\"https:\/\/www.namude.lt\/wp-content\/uploads\/2024\/03\/1-14.jpg\",\"datePublished\":\"2024-03-28T14:15:30+00:00\",\"dateModified\":\"2025-10-30T13:19:10+00:00\",\"breadcrumb\":{\"@id\":\"https:\/\/www.namude.lt\/objektas\/sodyba-isskirtineje-vietoje-pacioje-aukstaitijos-nacionalinio-parko-sirdyje-antalksnes-k-ignalinos-r\/#breadcrumb\"},\"inLanguage\":\"ru-RU\",\"potentialAction\":[{\"@type\":\"ReadAction\",\"target\":[\"https:\/\/www.namude.lt\/objektas\/sodyba-isskirtineje-vietoje-pacioje-aukstaitijos-nacionalinio-parko-sirdyje-antalksnes-k-ignalinos-r\/\"]}]},{\"@type\":\"ImageObject\",\"inLanguage\":\"ru-RU\",\"@id\":\"https:\/\/www.namude.lt\/objektas\/sodyba-isskirtineje-vietoje-pacioje-aukstaitijos-nacionalinio-parko-sirdyje-antalksnes-k-ignalinos-r\/#primaryimage\",\"url\":\"https:\/\/www.namude.lt\/wp-content\/uploads\/2024\/03\/1-14.jpg\",\"contentUrl\":\"https:\/\/www.namude.lt\/wp-content\/uploads\/2024\/03\/1-14.jpg\",\"width\":840,\"height\":488,\"caption\":\"default\"},{\"@type\":\"BreadcrumbList\",\"@id\":\"https:\/\/www.namude.lt\/objektas\/sodyba-isskirtineje-vietoje-pacioje-aukstaitijos-nacionalinio-parko-sirdyje-antalksnes-k-ignalinos-r\/#breadcrumb\",\"itemListElement\":[{\"@type\":\"ListItem\",\"position\":1,\"name\":\"Home\",\"item\":\"https:\/\/www.namude.lt\/ru\/\"},{\"@type\":\"ListItem\",\"position\":2,\"name\":\"\u041e\u0431\u044a\u0435\u043a\u0442\u044b\",\"item\":\"https:\/\/www.namude.lt\/ru\/%d0%be%d0%b1%d1%8a%d0%b5%d0%ba%d1%82%d1%8b\/\"},{\"@type\":\"ListItem\",\"position\":3,\"name\":\"Sodyba i\u0161skirtin\u0117je vietoje &#8211; pa\u010dioje Auk\u0161taitijos nacionalinio parko \u0161irdyje, Antalksn\u0117s k., Ignalinos r.\"}]},{\"@type\":\"WebSite\",\"@id\":\"https:\/\/www.namude.lt\/#website\",\"url\":\"https:\/\/www.namude.lt\/\",\"name\":\"Namud\u0117\",\"description\":\"\u201eNamud\u0117\u201c \u2013 agent\u016bra, pardavin\u0117janti Auk\u0161taitijos NT grynuolius.\",\"publisher\":{\"@id\":\"https:\/\/www.namude.lt\/#organization\"},\"potentialAction\":[{\"@type\":\"SearchAction\",\"target\":{\"@type\":\"EntryPoint\",\"urlTemplate\":\"https:\/\/www.namude.lt\/?s={search_term_string}\"},\"query-input\":{\"@type\":\"PropertyValueSpecification\",\"valueRequired\":true,\"valueName\":\"search_term_string\"}}],\"inLanguage\":\"ru-RU\"},{\"@type\":\"Organization\",\"@id\":\"https:\/\/www.namude.lt\/#organization\",\"name\":\"Namud\u0117\",\"url\":\"https:\/\/www.namude.lt\/\",\"logo\":{\"@type\":\"ImageObject\",\"inLanguage\":\"ru-RU\",\"@id\":\"https:\/\/www.namude.lt\/#\/schema\/logo\/image\/\",\"url\":\"https:\/\/www.namude.lt\/wp-content\/uploads\/2023\/11\/logo-symbol.svg\",\"contentUrl\":\"https:\/\/www.namude.lt\/wp-content\/uploads\/2023\/11\/logo-symbol.svg\",\"width\":1,\"height\":1,\"caption\":\"Namud\u0117\"},\"image\":{\"@id\":\"https:\/\/www.namude.lt\/#\/schema\/logo\/image\/\"}}]}<\/script>\n<!-- \/ Yoast SEO plugin. -->","yoast_head_json":{"title":"Sodyba i\u0161skirtin\u0117je vietoje - pa\u010dioje Auk\u0161taitijos nacionalinio parko \u0161irdyje, Antalksn\u0117s k., Ignalinos r. - Namud\u0117","robots":{"index":"index","follow":"follow","max-snippet":"max-snippet:-1","max-image-preview":"max-image-preview:large","max-video-preview":"max-video-preview:-1"},"canonical":"https:\/\/www.namude.lt\/objektas\/sodyba-isskirtineje-vietoje-pacioje-aukstaitijos-nacionalinio-parko-sirdyje-antalksnes-k-ignalinos-r\/","og_locale":"ru_RU","og_type":"article","og_title":"Sodyba i\u0161skirtin\u0117je vietoje - pa\u010dioje Auk\u0161taitijos nacionalinio parko \u0161irdyje, Antalksn\u0117s k., Ignalinos r. - Namud\u0117","og_description":"Parduodama sodyba i\u0161skirtin\u0117je vietoje - pa\u010dioje Auk\u0161taitijos nacionalinio parko \u0161irdyje, Antalksn\u0117s k., Ignalinos r. Erdvus 5,30 ha \u017eem\u0117s sklypas net 135 m ribojasi su gra\u017eia Asalnyk\u0161\u010dio e\u017eero pakrante. \u0160is puikus e\u017eeras jungiasi su kitais did\u017eiaisiais Auk\u0161taitijos nacionalinio parko e\u017eeryno e\u017eerais \u2013 Baluo\u0161u, \u016akoju, Linkmenu, Alksnu, Asalnais, L\u016b\u0161iais. \u0160iais e\u017eerais galima plaukti ilga baidari\u0173 trasa, keliauti p\u0117s\u010diomis, dvira\u010diais, stovyklauti, m\u0117gautis \u012fvairia aktyvia veikla. Pakrant\u0117je \u012frengtas lieptas, vos u\u017e 35 m nuo vandens stovi sena pirtis, kurios vietoje galima perstatyti nauj\u0105 pirt\u012f ar poilsio namel\u012f, pakrant\u0117je \u012fsirengti sm\u0117l\u0117t\u0105 plia\u017e\u0105.","og_url":"https:\/\/www.namude.lt\/objektas\/sodyba-isskirtineje-vietoje-pacioje-aukstaitijos-nacionalinio-parko-sirdyje-antalksnes-k-ignalinos-r\/","og_site_name":"Namud\u0117","article_modified_time":"2025-10-30T13:19:10+00:00","og_image":[{"width":840,"height":488,"url":"https:\/\/www.namude.lt\/wp-content\/uploads\/2024\/03\/1-14.jpg","type":"image\/jpeg"}],"twitter_card":"summary_large_image","twitter_misc":{"\u041f\u0440\u0438\u043c\u0435\u0440\u043d\u043e\u0435 \u0432\u0440\u0435\u043c\u044f \u0434\u043b\u044f \u0447\u0442\u0435\u043d\u0438\u044f":"1 \u043c\u0438\u043d\u0443\u0442\u0430"},"schema":{"@context":"https:\/\/schema.org","@graph":[{"@type":"WebPage","@id":"https:\/\/www.namude.lt\/objektas\/sodyba-isskirtineje-vietoje-pacioje-aukstaitijos-nacionalinio-parko-sirdyje-antalksnes-k-ignalinos-r\/","url":"https:\/\/www.namude.lt\/objektas\/sodyba-isskirtineje-vietoje-pacioje-aukstaitijos-nacionalinio-parko-sirdyje-antalksnes-k-ignalinos-r\/","name":"Sodyba i\u0161skirtin\u0117je vietoje - pa\u010dioje Auk\u0161taitijos nacionalinio parko \u0161irdyje, Antalksn\u0117s k., Ignalinos r. - Namud\u0117","isPartOf":{"@id":"https:\/\/www.namude.lt\/#website"},"primaryImageOfPage":{"@id":"https:\/\/www.namude.lt\/objektas\/sodyba-isskirtineje-vietoje-pacioje-aukstaitijos-nacionalinio-parko-sirdyje-antalksnes-k-ignalinos-r\/#primaryimage"},"image":{"@id":"https:\/\/www.namude.lt\/objektas\/sodyba-isskirtineje-vietoje-pacioje-aukstaitijos-nacionalinio-parko-sirdyje-antalksnes-k-ignalinos-r\/#primaryimage"},"thumbnailUrl":"https:\/\/www.namude.lt\/wp-content\/uploads\/2024\/03\/1-14.jpg","datePublished":"2024-03-28T14:15:30+00:00","dateModified":"2025-10-30T13:19:10+00:00","breadcrumb":{"@id":"https:\/\/www.namude.lt\/objektas\/sodyba-isskirtineje-vietoje-pacioje-aukstaitijos-nacionalinio-parko-sirdyje-antalksnes-k-ignalinos-r\/#breadcrumb"},"inLanguage":"ru-RU","potentialAction":[{"@type":"ReadAction","target":["https:\/\/www.namude.lt\/objektas\/sodyba-isskirtineje-vietoje-pacioje-aukstaitijos-nacionalinio-parko-sirdyje-antalksnes-k-ignalinos-r\/"]}]},{"@type":"ImageObject","inLanguage":"ru-RU","@id":"https:\/\/www.namude.lt\/objektas\/sodyba-isskirtineje-vietoje-pacioje-aukstaitijos-nacionalinio-parko-sirdyje-antalksnes-k-ignalinos-r\/#primaryimage","url":"https:\/\/www.namude.lt\/wp-content\/uploads\/2024\/03\/1-14.jpg","contentUrl":"https:\/\/www.namude.lt\/wp-content\/uploads\/2024\/03\/1-14.jpg","width":840,"height":488,"caption":"default"},{"@type":"BreadcrumbList","@id":"https:\/\/www.namude.lt\/objektas\/sodyba-isskirtineje-vietoje-pacioje-aukstaitijos-nacionalinio-parko-sirdyje-antalksnes-k-ignalinos-r\/#breadcrumb","itemListElement":[{"@type":"ListItem","position":1,"name":"Home","item":"https:\/\/www.namude.lt\/ru\/"},{"@type":"ListItem","position":2,"name":"\u041e\u0431\u044a\u0435\u043a\u0442\u044b","item":"https:\/\/www.namude.lt\/ru\/%d0%be%d0%b1%d1%8a%d0%b5%d0%ba%d1%82%d1%8b\/"},{"@type":"ListItem","position":3,"name":"Sodyba i\u0161skirtin\u0117je vietoje &#8211; pa\u010dioje Auk\u0161taitijos nacionalinio parko \u0161irdyje, Antalksn\u0117s k., Ignalinos r."}]},{"@type":"WebSite","@id":"https:\/\/www.namude.lt\/#website","url":"https:\/\/www.namude.lt\/","name":"Namud\u0117","description":"\u201eNamud\u0117\u201c \u2013 agent\u016bra, pardavin\u0117janti Auk\u0161taitijos NT grynuolius.","publisher":{"@id":"https:\/\/www.namude.lt\/#organization"},"potentialAction":[{"@type":"SearchAction","target":{"@type":"EntryPoint","urlTemplate":"https:\/\/www.namude.lt\/?s={search_term_string}"},"query-input":{"@type":"PropertyValueSpecification","valueRequired":true,"valueName":"search_term_string"}}],"inLanguage":"ru-RU"},{"@type":"Organization","@id":"https:\/\/www.namude.lt\/#organization","name":"Namud\u0117","url":"https:\/\/www.namude.lt\/","logo":{"@type":"ImageObject","inLanguage":"ru-RU","@id":"https:\/\/www.namude.lt\/#\/schema\/logo\/image\/","url":"https:\/\/www.namude.lt\/wp-content\/uploads\/2023\/11\/logo-symbol.svg","contentUrl":"https:\/\/www.namude.lt\/wp-content\/uploads\/2023\/11\/logo-symbol.svg","width":1,"height":1,"caption":"Namud\u0117"},"image":{"@id":"https:\/\/www.namude.lt\/#\/schema\/logo\/image\/"}}]}},"_links":{"self":[{"href":"https:\/\/www.namude.lt\/ru\/wp-json\/wp\/v2\/product\/8061","targetHints":{"allow":["GET"]}}],"collection":[{"href":"https:\/\/www.namude.lt\/ru\/wp-json\/wp\/v2\/product"}],"about":[{"href":"https:\/\/www.namude.lt\/ru\/wp-json\/wp\/v2\/types\/product"}],"wp:featuredmedia":[{"embeddable":true,"href":"https:\/\/www.namude.lt\/ru\/wp-json\/wp\/v2\/media\/9300"}],"wp:attachment":[{"href":"https:\/\/www.namude.lt\/ru\/wp-json\/wp\/v2\/media?parent=8061"}],"wp:term":[{"taxonomy":"product_brand","embeddable":true,"href":"https:\/\/www.namude.lt\/ru\/wp-json\/wp\/v2\/product_brand?post=8061"},{"taxonomy":"product_cat","embeddable":true,"href":"https:\/\/www.namude.lt\/ru\/wp-json\/wp\/v2\/product_cat?post=8061"},{"taxonomy":"product_tag","embeddable":true,"href":"https:\/\/www.namude.lt\/ru\/wp-json\/wp\/v2\/product_tag?post=8061"}],"curies":[{"name":"wp","href":"https:\/\/api.w.org\/{rel}","templated":true}]}}