{"id":6900,"date":"2024-02-28T13:21:40","date_gmt":"2024-02-28T11:21:40","guid":{"rendered":"https:\/\/www.namude.lt\/?post_type=product&#038;p=6900"},"modified":"2026-03-09T14:18:53","modified_gmt":"2026-03-09T12:18:53","slug":"perspektyvus-1-ha-kitos-paskirties-vienbuciu-ir-dvibuciu-gyvenamuju-pastatu-teritorijos-sklypas-rokiskio-mieste-velniakalnio-k","status":"publish","type":"product","link":"https:\/\/www.namude.lt\/ru\/\u043e\u0431\u044a\u0435\u043a\u0442\/perspektyvus-1-ha-kitos-paskirties-vienbuciu-ir-dvibuciu-gyvenamuju-pastatu-teritorijos-sklypas-rokiskio-mieste-velniakalnio-k\/","title":{"rendered":"PERSPEKTYVUS 1 HA KITOS PASKIRTIES (VIENBU\u010cI\u0172 IR DVIBU\u010cI\u0172 GYVENAM\u0172J\u0172 PASTAT\u0172 TERITORIJOS) SKLYPAS ROKI\u0160KIO MIESTE, VELNIAKALNIO K."},"content":{"rendered":"<p>Taip pat tai puiki, ma\u017eai urbanizuota erdvi teritorija individualaus gyvenamojo namo statyboms ie\u0161kantiems ramios vietos \u012fsikurti \u0161alia miesto. Sklype u\u017eteks erdv\u0117s ir tvenkiniui, ir parkui ar m\u0117g\u0117ji\u0161kam dar\u017eui. Sklypas strategi\u0161kai patogioje, tankiai neapstatytoje teritorijoje \u0161alia ma\u017eo intensyvumo eismo gatv\u0117s. Iki sklypo visada geras priva\u017eiavimas. Greta sklypo praeina\u00a0<strong>10\u00a0<\/strong>kW oro linija, tad nesud\u0117tinga ir pigu \u012fsivesti didesn\u0117s galios elektr\u0105. I\u0161 sklypo atsiveria gra\u017eus panoraminis apylinki\u0173 vaizdas. Greta kuriasi gyvenam\u0173j\u0173 nam\u0173 kvartalas. \u0160alia eina miesto komunikacijos, elektros linija. U\u017e\u00a0<strong>300<\/strong>\u00a0m galima nusimaudyti tvenkinyje. Miesto centras lengvai pasiekiamas vos u\u017e\u00a0<strong>2,4\u00a0<\/strong>km. Tai puiki vieta ramiai ir patogiai gyventi mieste.<\/p>\n<p>&nbsp;<\/p>\n<p>&nbsp;<\/p>\n<p>Sklypo koordinat\u0117s:<\/p>\n<p>Google maps\u00a0 55.978231, 25.568889 (WGS)<\/p>\n<p>Maps.lt\u00a0 597918, 6206009 (LKS)<\/p>\n","protected":false},"excerpt":{"rendered":"<p><strong>Parduodamas perspektyvus 1 ha kitos paskirties (vienbu\u010di\u0173 ir dvibu\u010di\u0173 gyvenam\u0173j\u0173 pasta<\/strong><strong>t\u0173 teritorijos) sklypas <a href=\"https:\/\/www.namude.lt\/objektas\/sodyba-su-dideliu-887-ha-zemes-sklypu-rokiskio-r-rukeliu-k\/\">Roki\u0161kio<\/a> mieste, Velniakalnio k.<\/strong>\u00a0<strong>1\u00a0<\/strong>a kaina \u2013 tik\u00a0<strong>550<\/strong>\u00a0EUR. Puikus pasi\u016blymas veikliems ir sumaniems investuotojams: sklyp\u0105 galima dalinti ir suformuoti gyvenam\u0173j\u0173 nam\u0173 kvartal\u0105 bei v\u0117liau pelningai parduoti.<\/p>\n","protected":false},"featured_media":6901,"template":"","meta":{"_acf_changed":false},"product_brand":[],"product_cat":[24],"product_tag":[],"class_list":{"0":"post-6900","1":"product","2":"type-product","3":"status-publish","4":"has-post-thumbnail","6":"product_cat-sklypai","7":"pa_rajonas-kiti-rajonai","8":"description-off","10":"first","11":"instock","12":"sale","13":"shipping-taxable","14":"purchasable","15":"product-type-simple"},"acf":[],"yoast_head":"<!-- This site is optimized with the Yoast SEO plugin v27.0 - https:\/\/yoast.com\/product\/yoast-seo-wordpress\/ -->\n<title>PERSPEKTYVUS 1 HA KITOS PASKIRTIES (VIENBU\u010cI\u0172 IR DVIBU\u010cI\u0172 GYVENAM\u0172J\u0172 PASTAT\u0172 TERITORIJOS) SKLYPAS ROKI\u0160KIO MIESTE, VELNIAKALNIO K. - Namud\u0117<\/title>\n<meta name=\"robots\" content=\"index, follow, max-snippet:-1, max-image-preview:large, max-video-preview:-1\" \/>\n<link rel=\"canonical\" href=\"https:\/\/www.namude.lt\/objektas\/perspektyvus-1-ha-kitos-paskirties-vienbuciu-ir-dvibuciu-gyvenamuju-pastatu-teritorijos-sklypas-rokiskio-mieste-velniakalnio-k\/\" \/>\n<meta property=\"og:locale\" content=\"ru_RU\" \/>\n<meta property=\"og:type\" content=\"article\" \/>\n<meta property=\"og:title\" content=\"PERSPEKTYVUS 1 HA KITOS PASKIRTIES (VIENBU\u010cI\u0172 IR DVIBU\u010cI\u0172 GYVENAM\u0172J\u0172 PASTAT\u0172 TERITORIJOS) SKLYPAS ROKI\u0160KIO MIESTE, VELNIAKALNIO K. - Namud\u0117\" \/>\n<meta property=\"og:description\" content=\"Parduodamas perspektyvus 1 ha kitos paskirties (vienbu\u010di\u0173 ir dvibu\u010di\u0173 gyvenam\u0173j\u0173 pastat\u0173 teritorijos) sklypas Roki\u0161kio mieste, Velniakalnio k.\u00a01\u00a0a kaina \u2013 tik\u00a0550\u00a0EUR. Puikus pasi\u016blymas veikliems ir sumaniems investuotojams: sklyp\u0105 galima dalinti ir suformuoti gyvenam\u0173j\u0173 nam\u0173 kvartal\u0105 bei v\u0117liau pelningai parduoti.\" \/>\n<meta property=\"og:url\" content=\"https:\/\/www.namude.lt\/objektas\/perspektyvus-1-ha-kitos-paskirties-vienbuciu-ir-dvibuciu-gyvenamuju-pastatu-teritorijos-sklypas-rokiskio-mieste-velniakalnio-k\/\" \/>\n<meta property=\"og:site_name\" content=\"Namud\u0117\" \/>\n<meta property=\"article:modified_time\" content=\"2026-03-09T12:18:53+00:00\" \/>\n<meta property=\"og:image\" content=\"https:\/\/www.namude.lt\/wp-content\/uploads\/2024\/02\/1-9.jpg\" \/>\n\t<meta property=\"og:image:width\" content=\"1056\" \/>\n\t<meta property=\"og:image:height\" content=\"718\" \/>\n\t<meta property=\"og:image:type\" content=\"image\/jpeg\" \/>\n<meta name=\"twitter:card\" content=\"summary_large_image\" \/>\n<meta name=\"twitter:label1\" content=\"\u041f\u0440\u0438\u043c\u0435\u0440\u043d\u043e\u0435 \u0432\u0440\u0435\u043c\u044f \u0434\u043b\u044f \u0447\u0442\u0435\u043d\u0438\u044f\" \/>\n\t<meta name=\"twitter:data1\" content=\"1 \u043c\u0438\u043d\u0443\u0442\u0430\" \/>\n<script type=\"application\/ld+json\" class=\"yoast-schema-graph\">{\"@context\":\"https:\/\/schema.org\",\"@graph\":[{\"@type\":\"WebPage\",\"@id\":\"https:\/\/www.namude.lt\/objektas\/perspektyvus-1-ha-kitos-paskirties-vienbuciu-ir-dvibuciu-gyvenamuju-pastatu-teritorijos-sklypas-rokiskio-mieste-velniakalnio-k\/\",\"url\":\"https:\/\/www.namude.lt\/objektas\/perspektyvus-1-ha-kitos-paskirties-vienbuciu-ir-dvibuciu-gyvenamuju-pastatu-teritorijos-sklypas-rokiskio-mieste-velniakalnio-k\/\",\"name\":\"PERSPEKTYVUS 1 HA KITOS PASKIRTIES (VIENBU\u010cI\u0172 IR DVIBU\u010cI\u0172 GYVENAM\u0172J\u0172 PASTAT\u0172 TERITORIJOS) SKLYPAS ROKI\u0160KIO MIESTE, VELNIAKALNIO K. - Namud\u0117\",\"isPartOf\":{\"@id\":\"https:\/\/www.namude.lt\/#website\"},\"primaryImageOfPage\":{\"@id\":\"https:\/\/www.namude.lt\/objektas\/perspektyvus-1-ha-kitos-paskirties-vienbuciu-ir-dvibuciu-gyvenamuju-pastatu-teritorijos-sklypas-rokiskio-mieste-velniakalnio-k\/#primaryimage\"},\"image\":{\"@id\":\"https:\/\/www.namude.lt\/objektas\/perspektyvus-1-ha-kitos-paskirties-vienbuciu-ir-dvibuciu-gyvenamuju-pastatu-teritorijos-sklypas-rokiskio-mieste-velniakalnio-k\/#primaryimage\"},\"thumbnailUrl\":\"https:\/\/www.namude.lt\/wp-content\/uploads\/2024\/02\/1-9.jpg\",\"datePublished\":\"2024-02-28T11:21:40+00:00\",\"dateModified\":\"2026-03-09T12:18:53+00:00\",\"breadcrumb\":{\"@id\":\"https:\/\/www.namude.lt\/objektas\/perspektyvus-1-ha-kitos-paskirties-vienbuciu-ir-dvibuciu-gyvenamuju-pastatu-teritorijos-sklypas-rokiskio-mieste-velniakalnio-k\/#breadcrumb\"},\"inLanguage\":\"ru-RU\",\"potentialAction\":[{\"@type\":\"ReadAction\",\"target\":[\"https:\/\/www.namude.lt\/objektas\/perspektyvus-1-ha-kitos-paskirties-vienbuciu-ir-dvibuciu-gyvenamuju-pastatu-teritorijos-sklypas-rokiskio-mieste-velniakalnio-k\/\"]}]},{\"@type\":\"ImageObject\",\"inLanguage\":\"ru-RU\",\"@id\":\"https:\/\/www.namude.lt\/objektas\/perspektyvus-1-ha-kitos-paskirties-vienbuciu-ir-dvibuciu-gyvenamuju-pastatu-teritorijos-sklypas-rokiskio-mieste-velniakalnio-k\/#primaryimage\",\"url\":\"https:\/\/www.namude.lt\/wp-content\/uploads\/2024\/02\/1-9.jpg\",\"contentUrl\":\"https:\/\/www.namude.lt\/wp-content\/uploads\/2024\/02\/1-9.jpg\",\"width\":1056,\"height\":718},{\"@type\":\"BreadcrumbList\",\"@id\":\"https:\/\/www.namude.lt\/objektas\/perspektyvus-1-ha-kitos-paskirties-vienbuciu-ir-dvibuciu-gyvenamuju-pastatu-teritorijos-sklypas-rokiskio-mieste-velniakalnio-k\/#breadcrumb\",\"itemListElement\":[{\"@type\":\"ListItem\",\"position\":1,\"name\":\"Home\",\"item\":\"https:\/\/www.namude.lt\/ru\/\"},{\"@type\":\"ListItem\",\"position\":2,\"name\":\"\u041e\u0431\u044a\u0435\u043a\u0442\u044b\",\"item\":\"https:\/\/www.namude.lt\/ru\/%d0%be%d0%b1%d1%8a%d0%b5%d0%ba%d1%82%d1%8b\/\"},{\"@type\":\"ListItem\",\"position\":3,\"name\":\"PERSPEKTYVUS 1 HA KITOS PASKIRTIES (VIENBU\u010cI\u0172 IR DVIBU\u010cI\u0172 GYVENAM\u0172J\u0172 PASTAT\u0172 TERITORIJOS) SKLYPAS ROKI\u0160KIO MIESTE, VELNIAKALNIO K.\"}]},{\"@type\":\"WebSite\",\"@id\":\"https:\/\/www.namude.lt\/#website\",\"url\":\"https:\/\/www.namude.lt\/\",\"name\":\"Namud\u0117\",\"description\":\"\u201eNamud\u0117\u201c \u2013 agent\u016bra, pardavin\u0117janti Auk\u0161taitijos NT grynuolius.\",\"publisher\":{\"@id\":\"https:\/\/www.namude.lt\/#organization\"},\"potentialAction\":[{\"@type\":\"SearchAction\",\"target\":{\"@type\":\"EntryPoint\",\"urlTemplate\":\"https:\/\/www.namude.lt\/?s={search_term_string}\"},\"query-input\":{\"@type\":\"PropertyValueSpecification\",\"valueRequired\":true,\"valueName\":\"search_term_string\"}}],\"inLanguage\":\"ru-RU\"},{\"@type\":\"Organization\",\"@id\":\"https:\/\/www.namude.lt\/#organization\",\"name\":\"Namud\u0117\",\"url\":\"https:\/\/www.namude.lt\/\",\"logo\":{\"@type\":\"ImageObject\",\"inLanguage\":\"ru-RU\",\"@id\":\"https:\/\/www.namude.lt\/#\/schema\/logo\/image\/\",\"url\":\"https:\/\/www.namude.lt\/wp-content\/uploads\/2023\/11\/logo-symbol.svg\",\"contentUrl\":\"https:\/\/www.namude.lt\/wp-content\/uploads\/2023\/11\/logo-symbol.svg\",\"width\":1,\"height\":1,\"caption\":\"Namud\u0117\"},\"image\":{\"@id\":\"https:\/\/www.namude.lt\/#\/schema\/logo\/image\/\"}}]}<\/script>\n<!-- \/ Yoast SEO plugin. -->","yoast_head_json":{"title":"PERSPEKTYVUS 1 HA KITOS PASKIRTIES (VIENBU\u010cI\u0172 IR DVIBU\u010cI\u0172 GYVENAM\u0172J\u0172 PASTAT\u0172 TERITORIJOS) SKLYPAS ROKI\u0160KIO MIESTE, VELNIAKALNIO K. - Namud\u0117","robots":{"index":"index","follow":"follow","max-snippet":"max-snippet:-1","max-image-preview":"max-image-preview:large","max-video-preview":"max-video-preview:-1"},"canonical":"https:\/\/www.namude.lt\/objektas\/perspektyvus-1-ha-kitos-paskirties-vienbuciu-ir-dvibuciu-gyvenamuju-pastatu-teritorijos-sklypas-rokiskio-mieste-velniakalnio-k\/","og_locale":"ru_RU","og_type":"article","og_title":"PERSPEKTYVUS 1 HA KITOS PASKIRTIES (VIENBU\u010cI\u0172 IR DVIBU\u010cI\u0172 GYVENAM\u0172J\u0172 PASTAT\u0172 TERITORIJOS) SKLYPAS ROKI\u0160KIO MIESTE, VELNIAKALNIO K. - Namud\u0117","og_description":"Parduodamas perspektyvus 1 ha kitos paskirties (vienbu\u010di\u0173 ir dvibu\u010di\u0173 gyvenam\u0173j\u0173 pastat\u0173 teritorijos) sklypas Roki\u0161kio mieste, Velniakalnio k.\u00a01\u00a0a kaina \u2013 tik\u00a0550\u00a0EUR. Puikus pasi\u016blymas veikliems ir sumaniems investuotojams: sklyp\u0105 galima dalinti ir suformuoti gyvenam\u0173j\u0173 nam\u0173 kvartal\u0105 bei v\u0117liau pelningai parduoti.","og_url":"https:\/\/www.namude.lt\/objektas\/perspektyvus-1-ha-kitos-paskirties-vienbuciu-ir-dvibuciu-gyvenamuju-pastatu-teritorijos-sklypas-rokiskio-mieste-velniakalnio-k\/","og_site_name":"Namud\u0117","article_modified_time":"2026-03-09T12:18:53+00:00","og_image":[{"width":1056,"height":718,"url":"https:\/\/www.namude.lt\/wp-content\/uploads\/2024\/02\/1-9.jpg","type":"image\/jpeg"}],"twitter_card":"summary_large_image","twitter_misc":{"\u041f\u0440\u0438\u043c\u0435\u0440\u043d\u043e\u0435 \u0432\u0440\u0435\u043c\u044f \u0434\u043b\u044f \u0447\u0442\u0435\u043d\u0438\u044f":"1 \u043c\u0438\u043d\u0443\u0442\u0430"},"schema":{"@context":"https:\/\/schema.org","@graph":[{"@type":"WebPage","@id":"https:\/\/www.namude.lt\/objektas\/perspektyvus-1-ha-kitos-paskirties-vienbuciu-ir-dvibuciu-gyvenamuju-pastatu-teritorijos-sklypas-rokiskio-mieste-velniakalnio-k\/","url":"https:\/\/www.namude.lt\/objektas\/perspektyvus-1-ha-kitos-paskirties-vienbuciu-ir-dvibuciu-gyvenamuju-pastatu-teritorijos-sklypas-rokiskio-mieste-velniakalnio-k\/","name":"PERSPEKTYVUS 1 HA KITOS PASKIRTIES (VIENBU\u010cI\u0172 IR DVIBU\u010cI\u0172 GYVENAM\u0172J\u0172 PASTAT\u0172 TERITORIJOS) SKLYPAS ROKI\u0160KIO MIESTE, VELNIAKALNIO K. - Namud\u0117","isPartOf":{"@id":"https:\/\/www.namude.lt\/#website"},"primaryImageOfPage":{"@id":"https:\/\/www.namude.lt\/objektas\/perspektyvus-1-ha-kitos-paskirties-vienbuciu-ir-dvibuciu-gyvenamuju-pastatu-teritorijos-sklypas-rokiskio-mieste-velniakalnio-k\/#primaryimage"},"image":{"@id":"https:\/\/www.namude.lt\/objektas\/perspektyvus-1-ha-kitos-paskirties-vienbuciu-ir-dvibuciu-gyvenamuju-pastatu-teritorijos-sklypas-rokiskio-mieste-velniakalnio-k\/#primaryimage"},"thumbnailUrl":"https:\/\/www.namude.lt\/wp-content\/uploads\/2024\/02\/1-9.jpg","datePublished":"2024-02-28T11:21:40+00:00","dateModified":"2026-03-09T12:18:53+00:00","breadcrumb":{"@id":"https:\/\/www.namude.lt\/objektas\/perspektyvus-1-ha-kitos-paskirties-vienbuciu-ir-dvibuciu-gyvenamuju-pastatu-teritorijos-sklypas-rokiskio-mieste-velniakalnio-k\/#breadcrumb"},"inLanguage":"ru-RU","potentialAction":[{"@type":"ReadAction","target":["https:\/\/www.namude.lt\/objektas\/perspektyvus-1-ha-kitos-paskirties-vienbuciu-ir-dvibuciu-gyvenamuju-pastatu-teritorijos-sklypas-rokiskio-mieste-velniakalnio-k\/"]}]},{"@type":"ImageObject","inLanguage":"ru-RU","@id":"https:\/\/www.namude.lt\/objektas\/perspektyvus-1-ha-kitos-paskirties-vienbuciu-ir-dvibuciu-gyvenamuju-pastatu-teritorijos-sklypas-rokiskio-mieste-velniakalnio-k\/#primaryimage","url":"https:\/\/www.namude.lt\/wp-content\/uploads\/2024\/02\/1-9.jpg","contentUrl":"https:\/\/www.namude.lt\/wp-content\/uploads\/2024\/02\/1-9.jpg","width":1056,"height":718},{"@type":"BreadcrumbList","@id":"https:\/\/www.namude.lt\/objektas\/perspektyvus-1-ha-kitos-paskirties-vienbuciu-ir-dvibuciu-gyvenamuju-pastatu-teritorijos-sklypas-rokiskio-mieste-velniakalnio-k\/#breadcrumb","itemListElement":[{"@type":"ListItem","position":1,"name":"Home","item":"https:\/\/www.namude.lt\/ru\/"},{"@type":"ListItem","position":2,"name":"\u041e\u0431\u044a\u0435\u043a\u0442\u044b","item":"https:\/\/www.namude.lt\/ru\/%d0%be%d0%b1%d1%8a%d0%b5%d0%ba%d1%82%d1%8b\/"},{"@type":"ListItem","position":3,"name":"PERSPEKTYVUS 1 HA KITOS PASKIRTIES (VIENBU\u010cI\u0172 IR DVIBU\u010cI\u0172 GYVENAM\u0172J\u0172 PASTAT\u0172 TERITORIJOS) SKLYPAS ROKI\u0160KIO MIESTE, VELNIAKALNIO K."}]},{"@type":"WebSite","@id":"https:\/\/www.namude.lt\/#website","url":"https:\/\/www.namude.lt\/","name":"Namud\u0117","description":"\u201eNamud\u0117\u201c \u2013 agent\u016bra, pardavin\u0117janti Auk\u0161taitijos NT grynuolius.","publisher":{"@id":"https:\/\/www.namude.lt\/#organization"},"potentialAction":[{"@type":"SearchAction","target":{"@type":"EntryPoint","urlTemplate":"https:\/\/www.namude.lt\/?s={search_term_string}"},"query-input":{"@type":"PropertyValueSpecification","valueRequired":true,"valueName":"search_term_string"}}],"inLanguage":"ru-RU"},{"@type":"Organization","@id":"https:\/\/www.namude.lt\/#organization","name":"Namud\u0117","url":"https:\/\/www.namude.lt\/","logo":{"@type":"ImageObject","inLanguage":"ru-RU","@id":"https:\/\/www.namude.lt\/#\/schema\/logo\/image\/","url":"https:\/\/www.namude.lt\/wp-content\/uploads\/2023\/11\/logo-symbol.svg","contentUrl":"https:\/\/www.namude.lt\/wp-content\/uploads\/2023\/11\/logo-symbol.svg","width":1,"height":1,"caption":"Namud\u0117"},"image":{"@id":"https:\/\/www.namude.lt\/#\/schema\/logo\/image\/"}}]}},"_links":{"self":[{"href":"https:\/\/www.namude.lt\/ru\/wp-json\/wp\/v2\/product\/6900","targetHints":{"allow":["GET"]}}],"collection":[{"href":"https:\/\/www.namude.lt\/ru\/wp-json\/wp\/v2\/product"}],"about":[{"href":"https:\/\/www.namude.lt\/ru\/wp-json\/wp\/v2\/types\/product"}],"wp:featuredmedia":[{"embeddable":true,"href":"https:\/\/www.namude.lt\/ru\/wp-json\/wp\/v2\/media\/6901"}],"wp:attachment":[{"href":"https:\/\/www.namude.lt\/ru\/wp-json\/wp\/v2\/media?parent=6900"}],"wp:term":[{"taxonomy":"product_brand","embeddable":true,"href":"https:\/\/www.namude.lt\/ru\/wp-json\/wp\/v2\/product_brand?post=6900"},{"taxonomy":"product_cat","embeddable":true,"href":"https:\/\/www.namude.lt\/ru\/wp-json\/wp\/v2\/product_cat?post=6900"},{"taxonomy":"product_tag","embeddable":true,"href":"https:\/\/www.namude.lt\/ru\/wp-json\/wp\/v2\/product_tag?post=6900"}],"curies":[{"name":"wp","href":"https:\/\/api.w.org\/{rel}","templated":true}]}}