{"id":675,"date":"2024-01-15T11:24:21","date_gmt":"2024-01-15T09:24:21","guid":{"rendered":"https:\/\/www.namude.lt\/?post_type=product&#038;p=675"},"modified":"2026-03-23T10:38:13","modified_gmt":"2026-03-23T08:38:13","slug":"puiki-renovuota-sodyba-svencioniu-rajone-lazdiniu-kaime-ant-grazaus-ir-zuvingo-lazdiniu-ezero-kranto","status":"publish","type":"product","link":"https:\/\/www.namude.lt\/ru\/\u043e\u0431\u044a\u0435\u043a\u0442\/puiki-renovuota-sodyba-svencioniu-rajone-lazdiniu-kaime-ant-grazaus-ir-zuvingo-lazdiniu-ezero-kranto\/","title":{"rendered":"REKONSTRUOTA SODYBA \u0160VEN\u010cIONI\u0172 RAJONE, LAZDINI\u0172 KAIME, ANT GRA\u017dAUS IR \u017dUVINGO LAZDINI\u0172 E\u017dERO KRANTO"},"content":{"rendered":"<p>&nbsp;<\/p>\n<p>&nbsp;<\/p>\n","protected":false},"excerpt":{"rendered":"<p><strong>Parduodama rekonstruota sodyba \u0160ven\u010dioni\u0173 rajone, Lazdini\u0173 kaime, ant gra\u017eaus ir \u017euvingo Lazdini\u0173 e\u017eero kranto.<\/strong> 1968 m. pastatyto ir 2020 m. pilnai rekonstruoto r\u0105stinio gyvenamojo namo bendras plotas \u2013 149,76 kv. m. \u012erengta mansarda ir visi patogumai. \u0160ildymas \u2013 elektriniais radiatoriais, elektra \u0161ildomos grindys, kondicionieriai ir \u0161vedi\u0161ka krosnel\u0117. Vietinis vandentiekis (hidroforu i\u0161 \u0161ulinio), vietinis nuotek\u0173 \u0161alinimas (naujausi \u201eAugust\u201c valymo \u012frenginiai). Elektra \u2013 11 kW, trys faz\u0117s. \u012erengta 15 kw saul\u0117s baterij\u0173 j\u0117gain\u0117. Viskas padaryta kokybi\u0161kai. Parduodama su rank\u0173 darbo \u0105\u017euoliniais baldais ir buitine technika. Taip pat yra gara\u017eas, pastatyta erdvi, nauja pirtis su puikiu vaizdu \u012f e\u017eer\u0105, lauko BIO tualetas. Naujai \u012frengtas didelis, ilgaam\u017ei\u0161kas, nes dengtas maumed\u017eio lentomis, lieptas. Po pastatais priklauso 0.2000 ha nam\u0173 valdos sklypas (vienbu\u010di\u0173 ir dvibu\u010di\u0173 gyvenam\u0173j\u0173 pastat\u0173 teritorijos). Visas sklypas yra aptvertas, sutvarkytas ir pri\u017ei\u016brimas, ap\u017eeldintas dekoratyviniais augalais. Yra vaismed\u017ei\u0173. Saugumas \u2013 kaime yra pastoviai gyvenan\u010di\u0173 \u017emoni\u0173. Draugi\u0161ka kaimo bendruomen\u0117. Privatumas \u2013 i\u0161 vienos pus\u0117s n\u0117ra kaimyno, i\u0161 kitos ne ar\u010diau 50 m. Geras priva\u017eiavimas visais met\u0173 laikais. Artimiausias miestelis \u2013 Aduti\u0161kis (maisto preki\u0173 parduotuv\u0117, ambulatorija, ba\u017eny\u010dia, seni\u016bnija, autobusas ir t.t.) \u2013 apie 4 km. Iki Vilniaus apie 116 km. U\u017e keli\u0173 kilometr\u0173 prasideda \u017einoma Antan\u0173 giria, pilna gryb\u0173 ir uog\u0173. Puiki poilsin\u0117 sodyba, su aplink tvyran\u010dia ramybe, ant gra\u017eaus ir \u017euvingo e\u017eero kranto.<\/p>\n","protected":false},"featured_media":17922,"template":"","meta":{"_acf_changed":false},"product_brand":[],"product_cat":[23],"product_tag":[],"class_list":{"0":"post-675","1":"product","2":"type-product","3":"status-publish","4":"has-post-thumbnail","6":"product_cat-sodybos","7":"pa_rajonas-svencioniu-rajonas","8":"description-off","10":"first","11":"instock","12":"shipping-taxable","13":"purchasable","14":"product-type-simple"},"acf":[],"yoast_head":"<!-- This site is optimized with the Yoast SEO plugin v27.4 - https:\/\/yoast.com\/product\/yoast-seo-wordpress\/ -->\n<title>REKONSTRUOTA SODYBA \u0160VEN\u010cIONI\u0172 RAJONE, LAZDINI\u0172 KAIME, ANT GRA\u017dAUS IR \u017dUVINGO LAZDINI\u0172 E\u017dERO KRANTO - Namud\u0117<\/title>\n<meta name=\"robots\" content=\"index, follow, max-snippet:-1, max-image-preview:large, max-video-preview:-1\" \/>\n<link rel=\"canonical\" href=\"https:\/\/www.namude.lt\/objektas\/puiki-renovuota-sodyba-svencioniu-rajone-lazdiniu-kaime-ant-grazaus-ir-zuvingo-lazdiniu-ezero-kranto\/\" \/>\n<meta property=\"og:locale\" content=\"ru_RU\" \/>\n<meta property=\"og:type\" content=\"article\" \/>\n<meta property=\"og:title\" content=\"REKONSTRUOTA SODYBA \u0160VEN\u010cIONI\u0172 RAJONE, LAZDINI\u0172 KAIME, ANT GRA\u017dAUS IR \u017dUVINGO LAZDINI\u0172 E\u017dERO KRANTO - Namud\u0117\" \/>\n<meta property=\"og:description\" content=\"Parduodama rekonstruota sodyba \u0160ven\u010dioni\u0173 rajone, Lazdini\u0173 kaime, ant gra\u017eaus ir \u017euvingo Lazdini\u0173 e\u017eero kranto. 1968 m. pastatyto ir 2020 m. pilnai rekonstruoto r\u0105stinio gyvenamojo namo bendras plotas \u2013 149,76 kv. m. \u012erengta mansarda ir visi patogumai. \u0160ildymas \u2013 elektriniais radiatoriais, elektra \u0161ildomos grindys, kondicionieriai ir \u0161vedi\u0161ka krosnel\u0117. Vietinis vandentiekis (hidroforu i\u0161 \u0161ulinio), vietinis nuotek\u0173 \u0161alinimas (naujausi \u201eAugust\u201c valymo \u012frenginiai). Elektra \u2013 11 kW, trys faz\u0117s. \u012erengta 15 kw saul\u0117s baterij\u0173 j\u0117gain\u0117. Viskas padaryta kokybi\u0161kai. Parduodama su rank\u0173 darbo \u0105\u017euoliniais baldais ir buitine technika. Taip pat yra gara\u017eas, pastatyta erdvi, nauja pirtis su puikiu vaizdu \u012f e\u017eer\u0105, lauko BIO tualetas. Naujai \u012frengtas didelis, ilgaam\u017ei\u0161kas, nes dengtas maumed\u017eio lentomis, lieptas. Po pastatais priklauso 0.2000 ha nam\u0173 valdos sklypas (vienbu\u010di\u0173 ir dvibu\u010di\u0173 gyvenam\u0173j\u0173 pastat\u0173 teritorijos). Visas sklypas yra aptvertas, sutvarkytas ir pri\u017ei\u016brimas, ap\u017eeldintas dekoratyviniais augalais. Yra vaismed\u017ei\u0173. Saugumas \u2013 kaime yra pastoviai gyvenan\u010di\u0173 \u017emoni\u0173. Draugi\u0161ka kaimo bendruomen\u0117. Privatumas \u2013 i\u0161 vienos pus\u0117s n\u0117ra kaimyno, i\u0161 kitos ne ar\u010diau 50 m. Geras priva\u017eiavimas visais met\u0173 laikais. Artimiausias miestelis \u2013 Aduti\u0161kis (maisto preki\u0173 parduotuv\u0117, ambulatorija, ba\u017eny\u010dia, seni\u016bnija, autobusas ir t.t.) \u2013 apie 4 km. Iki Vilniaus apie 116 km. U\u017e keli\u0173 kilometr\u0173 prasideda \u017einoma Antan\u0173 giria, pilna gryb\u0173 ir uog\u0173. Puiki poilsin\u0117 sodyba, su aplink tvyran\u010dia ramybe, ant gra\u017eaus ir \u017euvingo e\u017eero kranto.\" \/>\n<meta property=\"og:url\" content=\"https:\/\/www.namude.lt\/objektas\/puiki-renovuota-sodyba-svencioniu-rajone-lazdiniu-kaime-ant-grazaus-ir-zuvingo-lazdiniu-ezero-kranto\/\" \/>\n<meta property=\"og:site_name\" content=\"Namud\u0117\" \/>\n<meta property=\"article:modified_time\" content=\"2026-03-23T08:38:13+00:00\" \/>\n<meta property=\"og:image\" content=\"https:\/\/www.namude.lt\/wp-content\/uploads\/2024\/01\/1-131.jpg\" \/>\n\t<meta property=\"og:image:width\" content=\"800\" \/>\n\t<meta property=\"og:image:height\" content=\"531\" \/>\n\t<meta property=\"og:image:type\" content=\"image\/jpeg\" \/>\n<meta name=\"twitter:card\" content=\"summary_large_image\" \/>\n<script type=\"application\/ld+json\" class=\"yoast-schema-graph\">{\"@context\":\"https:\\\/\\\/schema.org\",\"@graph\":[{\"@type\":\"WebPage\",\"@id\":\"https:\\\/\\\/www.namude.lt\\\/objektas\\\/puiki-renovuota-sodyba-svencioniu-rajone-lazdiniu-kaime-ant-grazaus-ir-zuvingo-lazdiniu-ezero-kranto\\\/\",\"url\":\"https:\\\/\\\/www.namude.lt\\\/objektas\\\/puiki-renovuota-sodyba-svencioniu-rajone-lazdiniu-kaime-ant-grazaus-ir-zuvingo-lazdiniu-ezero-kranto\\\/\",\"name\":\"REKONSTRUOTA SODYBA \u0160VEN\u010cIONI\u0172 RAJONE, LAZDINI\u0172 KAIME, ANT GRA\u017dAUS IR \u017dUVINGO LAZDINI\u0172 E\u017dERO KRANTO - Namud\u0117\",\"isPartOf\":{\"@id\":\"https:\\\/\\\/www.namude.lt\\\/#website\"},\"primaryImageOfPage\":{\"@id\":\"https:\\\/\\\/www.namude.lt\\\/objektas\\\/puiki-renovuota-sodyba-svencioniu-rajone-lazdiniu-kaime-ant-grazaus-ir-zuvingo-lazdiniu-ezero-kranto\\\/#primaryimage\"},\"image\":{\"@id\":\"https:\\\/\\\/www.namude.lt\\\/objektas\\\/puiki-renovuota-sodyba-svencioniu-rajone-lazdiniu-kaime-ant-grazaus-ir-zuvingo-lazdiniu-ezero-kranto\\\/#primaryimage\"},\"thumbnailUrl\":\"https:\\\/\\\/www.namude.lt\\\/wp-content\\\/uploads\\\/2024\\\/01\\\/1-131.jpg\",\"datePublished\":\"2024-01-15T09:24:21+00:00\",\"dateModified\":\"2026-03-23T08:38:13+00:00\",\"breadcrumb\":{\"@id\":\"https:\\\/\\\/www.namude.lt\\\/objektas\\\/puiki-renovuota-sodyba-svencioniu-rajone-lazdiniu-kaime-ant-grazaus-ir-zuvingo-lazdiniu-ezero-kranto\\\/#breadcrumb\"},\"inLanguage\":\"ru-RU\",\"potentialAction\":[{\"@type\":\"ReadAction\",\"target\":[\"https:\\\/\\\/www.namude.lt\\\/objektas\\\/puiki-renovuota-sodyba-svencioniu-rajone-lazdiniu-kaime-ant-grazaus-ir-zuvingo-lazdiniu-ezero-kranto\\\/\"]}]},{\"@type\":\"ImageObject\",\"inLanguage\":\"ru-RU\",\"@id\":\"https:\\\/\\\/www.namude.lt\\\/objektas\\\/puiki-renovuota-sodyba-svencioniu-rajone-lazdiniu-kaime-ant-grazaus-ir-zuvingo-lazdiniu-ezero-kranto\\\/#primaryimage\",\"url\":\"https:\\\/\\\/www.namude.lt\\\/wp-content\\\/uploads\\\/2024\\\/01\\\/1-131.jpg\",\"contentUrl\":\"https:\\\/\\\/www.namude.lt\\\/wp-content\\\/uploads\\\/2024\\\/01\\\/1-131.jpg\",\"width\":800,\"height\":531},{\"@type\":\"BreadcrumbList\",\"@id\":\"https:\\\/\\\/www.namude.lt\\\/objektas\\\/puiki-renovuota-sodyba-svencioniu-rajone-lazdiniu-kaime-ant-grazaus-ir-zuvingo-lazdiniu-ezero-kranto\\\/#breadcrumb\",\"itemListElement\":[{\"@type\":\"ListItem\",\"position\":1,\"name\":\"Home\",\"item\":\"https:\\\/\\\/www.namude.lt\\\/ru\\\/\"},{\"@type\":\"ListItem\",\"position\":2,\"name\":\"\u041e\u0431\u044a\u0435\u043a\u0442\u044b\",\"item\":\"https:\\\/\\\/www.namude.lt\\\/ru\\\/%d0%be%d0%b1%d1%8a%d0%b5%d0%ba%d1%82%d1%8b\\\/\"},{\"@type\":\"ListItem\",\"position\":3,\"name\":\"REKONSTRUOTA SODYBA \u0160VEN\u010cIONI\u0172 RAJONE, LAZDINI\u0172 KAIME, ANT GRA\u017dAUS IR \u017dUVINGO LAZDINI\u0172 E\u017dERO KRANTO\"}]},{\"@type\":\"WebSite\",\"@id\":\"https:\\\/\\\/www.namude.lt\\\/#website\",\"url\":\"https:\\\/\\\/www.namude.lt\\\/\",\"name\":\"Namud\u0117\",\"description\":\"\u201eNamud\u0117\u201c \u2013 agent\u016bra, pardavin\u0117janti Auk\u0161taitijos NT grynuolius.\",\"publisher\":{\"@id\":\"https:\\\/\\\/www.namude.lt\\\/#organization\"},\"potentialAction\":[{\"@type\":\"SearchAction\",\"target\":{\"@type\":\"EntryPoint\",\"urlTemplate\":\"https:\\\/\\\/www.namude.lt\\\/?s={search_term_string}\"},\"query-input\":{\"@type\":\"PropertyValueSpecification\",\"valueRequired\":true,\"valueName\":\"search_term_string\"}}],\"inLanguage\":\"ru-RU\"},{\"@type\":\"Organization\",\"@id\":\"https:\\\/\\\/www.namude.lt\\\/#organization\",\"name\":\"Namud\u0117\",\"url\":\"https:\\\/\\\/www.namude.lt\\\/\",\"logo\":{\"@type\":\"ImageObject\",\"inLanguage\":\"ru-RU\",\"@id\":\"https:\\\/\\\/www.namude.lt\\\/#\\\/schema\\\/logo\\\/image\\\/\",\"url\":\"https:\\\/\\\/www.namude.lt\\\/wp-content\\\/uploads\\\/2023\\\/11\\\/logo-symbol.svg\",\"contentUrl\":\"https:\\\/\\\/www.namude.lt\\\/wp-content\\\/uploads\\\/2023\\\/11\\\/logo-symbol.svg\",\"width\":1,\"height\":1,\"caption\":\"Namud\u0117\"},\"image\":{\"@id\":\"https:\\\/\\\/www.namude.lt\\\/#\\\/schema\\\/logo\\\/image\\\/\"}}]}<\/script>\n<!-- \/ Yoast SEO plugin. -->","yoast_head_json":{"title":"REKONSTRUOTA SODYBA \u0160VEN\u010cIONI\u0172 RAJONE, LAZDINI\u0172 KAIME, ANT GRA\u017dAUS IR \u017dUVINGO LAZDINI\u0172 E\u017dERO KRANTO - Namud\u0117","robots":{"index":"index","follow":"follow","max-snippet":"max-snippet:-1","max-image-preview":"max-image-preview:large","max-video-preview":"max-video-preview:-1"},"canonical":"https:\/\/www.namude.lt\/objektas\/puiki-renovuota-sodyba-svencioniu-rajone-lazdiniu-kaime-ant-grazaus-ir-zuvingo-lazdiniu-ezero-kranto\/","og_locale":"ru_RU","og_type":"article","og_title":"REKONSTRUOTA SODYBA \u0160VEN\u010cIONI\u0172 RAJONE, LAZDINI\u0172 KAIME, ANT GRA\u017dAUS IR \u017dUVINGO LAZDINI\u0172 E\u017dERO KRANTO - Namud\u0117","og_description":"Parduodama rekonstruota sodyba \u0160ven\u010dioni\u0173 rajone, Lazdini\u0173 kaime, ant gra\u017eaus ir \u017euvingo Lazdini\u0173 e\u017eero kranto. 1968 m. pastatyto ir 2020 m. pilnai rekonstruoto r\u0105stinio gyvenamojo namo bendras plotas \u2013 149,76 kv. m. \u012erengta mansarda ir visi patogumai. \u0160ildymas \u2013 elektriniais radiatoriais, elektra \u0161ildomos grindys, kondicionieriai ir \u0161vedi\u0161ka krosnel\u0117. Vietinis vandentiekis (hidroforu i\u0161 \u0161ulinio), vietinis nuotek\u0173 \u0161alinimas (naujausi \u201eAugust\u201c valymo \u012frenginiai). Elektra \u2013 11 kW, trys faz\u0117s. \u012erengta 15 kw saul\u0117s baterij\u0173 j\u0117gain\u0117. Viskas padaryta kokybi\u0161kai. Parduodama su rank\u0173 darbo \u0105\u017euoliniais baldais ir buitine technika. Taip pat yra gara\u017eas, pastatyta erdvi, nauja pirtis su puikiu vaizdu \u012f e\u017eer\u0105, lauko BIO tualetas. Naujai \u012frengtas didelis, ilgaam\u017ei\u0161kas, nes dengtas maumed\u017eio lentomis, lieptas. Po pastatais priklauso 0.2000 ha nam\u0173 valdos sklypas (vienbu\u010di\u0173 ir dvibu\u010di\u0173 gyvenam\u0173j\u0173 pastat\u0173 teritorijos). Visas sklypas yra aptvertas, sutvarkytas ir pri\u017ei\u016brimas, ap\u017eeldintas dekoratyviniais augalais. Yra vaismed\u017ei\u0173. Saugumas \u2013 kaime yra pastoviai gyvenan\u010di\u0173 \u017emoni\u0173. Draugi\u0161ka kaimo bendruomen\u0117. Privatumas \u2013 i\u0161 vienos pus\u0117s n\u0117ra kaimyno, i\u0161 kitos ne ar\u010diau 50 m. Geras priva\u017eiavimas visais met\u0173 laikais. Artimiausias miestelis \u2013 Aduti\u0161kis (maisto preki\u0173 parduotuv\u0117, ambulatorija, ba\u017eny\u010dia, seni\u016bnija, autobusas ir t.t.) \u2013 apie 4 km. Iki Vilniaus apie 116 km. U\u017e keli\u0173 kilometr\u0173 prasideda \u017einoma Antan\u0173 giria, pilna gryb\u0173 ir uog\u0173. Puiki poilsin\u0117 sodyba, su aplink tvyran\u010dia ramybe, ant gra\u017eaus ir \u017euvingo e\u017eero kranto.","og_url":"https:\/\/www.namude.lt\/objektas\/puiki-renovuota-sodyba-svencioniu-rajone-lazdiniu-kaime-ant-grazaus-ir-zuvingo-lazdiniu-ezero-kranto\/","og_site_name":"Namud\u0117","article_modified_time":"2026-03-23T08:38:13+00:00","og_image":[{"width":800,"height":531,"url":"https:\/\/www.namude.lt\/wp-content\/uploads\/2024\/01\/1-131.jpg","type":"image\/jpeg"}],"twitter_card":"summary_large_image","schema":{"@context":"https:\/\/schema.org","@graph":[{"@type":"WebPage","@id":"https:\/\/www.namude.lt\/objektas\/puiki-renovuota-sodyba-svencioniu-rajone-lazdiniu-kaime-ant-grazaus-ir-zuvingo-lazdiniu-ezero-kranto\/","url":"https:\/\/www.namude.lt\/objektas\/puiki-renovuota-sodyba-svencioniu-rajone-lazdiniu-kaime-ant-grazaus-ir-zuvingo-lazdiniu-ezero-kranto\/","name":"REKONSTRUOTA SODYBA \u0160VEN\u010cIONI\u0172 RAJONE, LAZDINI\u0172 KAIME, ANT GRA\u017dAUS IR \u017dUVINGO LAZDINI\u0172 E\u017dERO KRANTO - Namud\u0117","isPartOf":{"@id":"https:\/\/www.namude.lt\/#website"},"primaryImageOfPage":{"@id":"https:\/\/www.namude.lt\/objektas\/puiki-renovuota-sodyba-svencioniu-rajone-lazdiniu-kaime-ant-grazaus-ir-zuvingo-lazdiniu-ezero-kranto\/#primaryimage"},"image":{"@id":"https:\/\/www.namude.lt\/objektas\/puiki-renovuota-sodyba-svencioniu-rajone-lazdiniu-kaime-ant-grazaus-ir-zuvingo-lazdiniu-ezero-kranto\/#primaryimage"},"thumbnailUrl":"https:\/\/www.namude.lt\/wp-content\/uploads\/2024\/01\/1-131.jpg","datePublished":"2024-01-15T09:24:21+00:00","dateModified":"2026-03-23T08:38:13+00:00","breadcrumb":{"@id":"https:\/\/www.namude.lt\/objektas\/puiki-renovuota-sodyba-svencioniu-rajone-lazdiniu-kaime-ant-grazaus-ir-zuvingo-lazdiniu-ezero-kranto\/#breadcrumb"},"inLanguage":"ru-RU","potentialAction":[{"@type":"ReadAction","target":["https:\/\/www.namude.lt\/objektas\/puiki-renovuota-sodyba-svencioniu-rajone-lazdiniu-kaime-ant-grazaus-ir-zuvingo-lazdiniu-ezero-kranto\/"]}]},{"@type":"ImageObject","inLanguage":"ru-RU","@id":"https:\/\/www.namude.lt\/objektas\/puiki-renovuota-sodyba-svencioniu-rajone-lazdiniu-kaime-ant-grazaus-ir-zuvingo-lazdiniu-ezero-kranto\/#primaryimage","url":"https:\/\/www.namude.lt\/wp-content\/uploads\/2024\/01\/1-131.jpg","contentUrl":"https:\/\/www.namude.lt\/wp-content\/uploads\/2024\/01\/1-131.jpg","width":800,"height":531},{"@type":"BreadcrumbList","@id":"https:\/\/www.namude.lt\/objektas\/puiki-renovuota-sodyba-svencioniu-rajone-lazdiniu-kaime-ant-grazaus-ir-zuvingo-lazdiniu-ezero-kranto\/#breadcrumb","itemListElement":[{"@type":"ListItem","position":1,"name":"Home","item":"https:\/\/www.namude.lt\/ru\/"},{"@type":"ListItem","position":2,"name":"\u041e\u0431\u044a\u0435\u043a\u0442\u044b","item":"https:\/\/www.namude.lt\/ru\/%d0%be%d0%b1%d1%8a%d0%b5%d0%ba%d1%82%d1%8b\/"},{"@type":"ListItem","position":3,"name":"REKONSTRUOTA SODYBA \u0160VEN\u010cIONI\u0172 RAJONE, LAZDINI\u0172 KAIME, ANT GRA\u017dAUS IR \u017dUVINGO LAZDINI\u0172 E\u017dERO KRANTO"}]},{"@type":"WebSite","@id":"https:\/\/www.namude.lt\/#website","url":"https:\/\/www.namude.lt\/","name":"Namud\u0117","description":"\u201eNamud\u0117\u201c \u2013 agent\u016bra, pardavin\u0117janti Auk\u0161taitijos NT grynuolius.","publisher":{"@id":"https:\/\/www.namude.lt\/#organization"},"potentialAction":[{"@type":"SearchAction","target":{"@type":"EntryPoint","urlTemplate":"https:\/\/www.namude.lt\/?s={search_term_string}"},"query-input":{"@type":"PropertyValueSpecification","valueRequired":true,"valueName":"search_term_string"}}],"inLanguage":"ru-RU"},{"@type":"Organization","@id":"https:\/\/www.namude.lt\/#organization","name":"Namud\u0117","url":"https:\/\/www.namude.lt\/","logo":{"@type":"ImageObject","inLanguage":"ru-RU","@id":"https:\/\/www.namude.lt\/#\/schema\/logo\/image\/","url":"https:\/\/www.namude.lt\/wp-content\/uploads\/2023\/11\/logo-symbol.svg","contentUrl":"https:\/\/www.namude.lt\/wp-content\/uploads\/2023\/11\/logo-symbol.svg","width":1,"height":1,"caption":"Namud\u0117"},"image":{"@id":"https:\/\/www.namude.lt\/#\/schema\/logo\/image\/"}}]}},"_links":{"self":[{"href":"https:\/\/www.namude.lt\/ru\/wp-json\/wp\/v2\/product\/675","targetHints":{"allow":["GET"]}}],"collection":[{"href":"https:\/\/www.namude.lt\/ru\/wp-json\/wp\/v2\/product"}],"about":[{"href":"https:\/\/www.namude.lt\/ru\/wp-json\/wp\/v2\/types\/product"}],"wp:featuredmedia":[{"embeddable":true,"href":"https:\/\/www.namude.lt\/ru\/wp-json\/wp\/v2\/media\/17922"}],"wp:attachment":[{"href":"https:\/\/www.namude.lt\/ru\/wp-json\/wp\/v2\/media?parent=675"}],"wp:term":[{"taxonomy":"product_brand","embeddable":true,"href":"https:\/\/www.namude.lt\/ru\/wp-json\/wp\/v2\/product_brand?post=675"},{"taxonomy":"product_cat","embeddable":true,"href":"https:\/\/www.namude.lt\/ru\/wp-json\/wp\/v2\/product_cat?post=675"},{"taxonomy":"product_tag","embeddable":true,"href":"https:\/\/www.namude.lt\/ru\/wp-json\/wp\/v2\/product_tag?post=675"}],"curies":[{"name":"wp","href":"https:\/\/api.w.org\/{rel}","templated":true}]}}