{"id":5688,"date":"2024-01-29T11:14:53","date_gmt":"2024-01-29T09:14:53","guid":{"rendered":"https:\/\/www.namude.lt\/?post_type=product&#038;p=5688"},"modified":"2024-05-28T15:54:27","modified_gmt":"2024-05-28T12:54:27","slug":"trys-tarpusavyje-besiribojantys-namu-valdos-zemes-sklypai-pabrades-m-slaito-ir-lakstingalu-gatviu-kampe","status":"publish","type":"product","link":"https:\/\/www.namude.lt\/ru\/\u043e\u0431\u044a\u0435\u043a\u0442\/trys-tarpusavyje-besiribojantys-namu-valdos-zemes-sklypai-pabrades-m-slaito-ir-lakstingalu-gatviu-kampe\/","title":{"rendered":"TRYS TARPUSAVYJE BESIRIBOJANTYS NAM\u0172 VALDOS \u017dEM\u0116S SKLYPAI PABRAD\u0116S M. \u0160LAITO IR LAK\u0160TINGAL\u0172 GATVI\u0172 KAMPE"},"content":{"rendered":"","protected":false},"excerpt":{"rendered":"<p><strong>Parduodami trys tarpusavyje besiribojantys ( gyvenam\u0173j\u0173 nam\u0173 statybai) \u017eem\u0117s <a href=\"https:\/\/www.namude.lt\/kategorija\/sklypai\/?filter_rajonas=svencioniu-rajonas&amp;query_type_rajonas=or\">sklypai<\/a> <a href=\"https:\/\/www.namude.lt\/parduodami-nt-objektai\/?filter_rajonas=svencioniu-rajonas&amp;query_type_rajonas=or\">Pabrad\u0117s m<\/a>. \u0160laito ir Lak\u0161tingal\u0173 gatvi\u0173 kampe.<\/strong>\u00a0Sklypai taisyklingos sta\u010diakampio formos, lyg\u016bs. Sklyp\u0173 dyd\u017eiai:<strong>\u00a00.1930 ha<\/strong>;\u00a0<strong>0.1656 ha<\/strong>;\u00a0<strong>0.1377 ha<\/strong>. Atlikti geodeziniai matavimai. Paskirtis kita (vienbu\u010di\u0173 ir dvibu\u010di\u0173 \u00a0gyvenam\u0173j\u0173 pastat\u0173 teritorijos). \u0160alia eina elektros linija. Elektros pastot\u0117 \u2013 ma\u017eiau nei\u00a0<strong>200 m<\/strong>. Patogus priva\u017eiavimas geru \u017evyruotu keliu, o iki pagrindinio asfaltuoto kelio \u2013\u00a0<strong>0.4 km.<\/strong>\u00a0Saugi ir draugi\u0161ka kaimynyst\u0117. Puik\u016bs sklypai J\u016bs\u0173 gyvenam\u0173j\u0173 nam\u0173 projektavimui ir statybai.<\/p>\n<p><strong>Kaina:<\/strong><\/p>\n<p><strong>0.1377 ha sklypo &#8212; 11 000 eur\u0173<\/strong><\/p>\n<p><strong>0.1656 ha sklypo\u00a0 &#8212; 14 000 eur\u0173<\/strong><\/p>\n<p><strong>0.1930 ha sklypo \u00a0&#8212;\u00a0 17 000 eur\u0173.<\/strong><\/p>\n","protected":false},"featured_media":5689,"template":"","meta":{"_acf_changed":false},"product_brand":[],"product_cat":[24],"product_tag":[],"class_list":{"0":"post-5688","1":"product","2":"type-product","3":"status-publish","4":"has-post-thumbnail","6":"product_cat-sklypai","7":"pa_rajonas-svencioniu-rajonas","8":"description-off","10":"first","11":"instock","12":"shipping-taxable","13":"purchasable","14":"product-type-simple"},"acf":[],"yoast_head":"<!-- This site is optimized with the Yoast SEO plugin v27.0 - https:\/\/yoast.com\/product\/yoast-seo-wordpress\/ -->\n<title>TRYS TARPUSAVYJE BESIRIBOJANTYS NAM\u0172 VALDOS \u017dEM\u0116S SKLYPAI PABRAD\u0116S M. \u0160LAITO IR LAK\u0160TINGAL\u0172 GATVI\u0172 KAMPE - Namud\u0117<\/title>\n<meta name=\"robots\" content=\"index, follow, max-snippet:-1, max-image-preview:large, max-video-preview:-1\" \/>\n<link rel=\"canonical\" href=\"https:\/\/www.namude.lt\/objektas\/trys-tarpusavyje-besiribojantys-namu-valdos-zemes-sklypai-pabrades-m-slaito-ir-lakstingalu-gatviu-kampe\/\" \/>\n<meta property=\"og:locale\" content=\"ru_RU\" \/>\n<meta property=\"og:type\" content=\"article\" \/>\n<meta property=\"og:title\" content=\"TRYS TARPUSAVYJE BESIRIBOJANTYS NAM\u0172 VALDOS \u017dEM\u0116S SKLYPAI PABRAD\u0116S M. \u0160LAITO IR LAK\u0160TINGAL\u0172 GATVI\u0172 KAMPE - Namud\u0117\" \/>\n<meta property=\"og:description\" content=\"Parduodami trys tarpusavyje besiribojantys ( gyvenam\u0173j\u0173 nam\u0173 statybai) \u017eem\u0117s sklypai Pabrad\u0117s m. \u0160laito ir Lak\u0161tingal\u0173 gatvi\u0173 kampe.\u00a0Sklypai taisyklingos sta\u010diakampio formos, lyg\u016bs. Sklyp\u0173 dyd\u017eiai:\u00a00.1930 ha;\u00a00.1656 ha;\u00a00.1377 ha. Atlikti geodeziniai matavimai. Paskirtis kita (vienbu\u010di\u0173 ir dvibu\u010di\u0173 \u00a0gyvenam\u0173j\u0173 pastat\u0173 teritorijos). \u0160alia eina elektros linija. Elektros pastot\u0117 \u2013 ma\u017eiau nei\u00a0200 m. Patogus priva\u017eiavimas geru \u017evyruotu keliu, o iki pagrindinio asfaltuoto kelio \u2013\u00a00.4 km.\u00a0Saugi ir draugi\u0161ka kaimynyst\u0117. Puik\u016bs sklypai J\u016bs\u0173 gyvenam\u0173j\u0173 nam\u0173 projektavimui ir statybai.  Kaina:  0.1377 ha sklypo - 11 000 eur\u0173  0.1656 ha sklypo\u00a0 - 14 000 eur\u0173  0.1930 ha sklypo \u00a0-\u00a0 17 000 eur\u0173.\" \/>\n<meta property=\"og:url\" content=\"https:\/\/www.namude.lt\/objektas\/trys-tarpusavyje-besiribojantys-namu-valdos-zemes-sklypai-pabrades-m-slaito-ir-lakstingalu-gatviu-kampe\/\" \/>\n<meta property=\"og:site_name\" content=\"Namud\u0117\" \/>\n<meta property=\"article:modified_time\" content=\"2024-05-28T12:54:27+00:00\" \/>\n<meta property=\"og:image\" content=\"https:\/\/www.namude.lt\/wp-content\/uploads\/2024\/01\/Pabrades-sklypai.jpg\" \/>\n\t<meta property=\"og:image:width\" content=\"800\" \/>\n\t<meta property=\"og:image:height\" content=\"433\" \/>\n\t<meta property=\"og:image:type\" content=\"image\/jpeg\" \/>\n<meta name=\"twitter:card\" content=\"summary_large_image\" \/>\n<script type=\"application\/ld+json\" class=\"yoast-schema-graph\">{\"@context\":\"https:\/\/schema.org\",\"@graph\":[{\"@type\":\"WebPage\",\"@id\":\"https:\/\/www.namude.lt\/objektas\/trys-tarpusavyje-besiribojantys-namu-valdos-zemes-sklypai-pabrades-m-slaito-ir-lakstingalu-gatviu-kampe\/\",\"url\":\"https:\/\/www.namude.lt\/objektas\/trys-tarpusavyje-besiribojantys-namu-valdos-zemes-sklypai-pabrades-m-slaito-ir-lakstingalu-gatviu-kampe\/\",\"name\":\"TRYS TARPUSAVYJE BESIRIBOJANTYS NAM\u0172 VALDOS \u017dEM\u0116S SKLYPAI PABRAD\u0116S M. \u0160LAITO IR LAK\u0160TINGAL\u0172 GATVI\u0172 KAMPE - Namud\u0117\",\"isPartOf\":{\"@id\":\"https:\/\/www.namude.lt\/#website\"},\"primaryImageOfPage\":{\"@id\":\"https:\/\/www.namude.lt\/objektas\/trys-tarpusavyje-besiribojantys-namu-valdos-zemes-sklypai-pabrades-m-slaito-ir-lakstingalu-gatviu-kampe\/#primaryimage\"},\"image\":{\"@id\":\"https:\/\/www.namude.lt\/objektas\/trys-tarpusavyje-besiribojantys-namu-valdos-zemes-sklypai-pabrades-m-slaito-ir-lakstingalu-gatviu-kampe\/#primaryimage\"},\"thumbnailUrl\":\"https:\/\/www.namude.lt\/wp-content\/uploads\/2024\/01\/Pabrades-sklypai.jpg\",\"datePublished\":\"2024-01-29T09:14:53+00:00\",\"dateModified\":\"2024-05-28T12:54:27+00:00\",\"breadcrumb\":{\"@id\":\"https:\/\/www.namude.lt\/objektas\/trys-tarpusavyje-besiribojantys-namu-valdos-zemes-sklypai-pabrades-m-slaito-ir-lakstingalu-gatviu-kampe\/#breadcrumb\"},\"inLanguage\":\"ru-RU\",\"potentialAction\":[{\"@type\":\"ReadAction\",\"target\":[\"https:\/\/www.namude.lt\/objektas\/trys-tarpusavyje-besiribojantys-namu-valdos-zemes-sklypai-pabrades-m-slaito-ir-lakstingalu-gatviu-kampe\/\"]}]},{\"@type\":\"ImageObject\",\"inLanguage\":\"ru-RU\",\"@id\":\"https:\/\/www.namude.lt\/objektas\/trys-tarpusavyje-besiribojantys-namu-valdos-zemes-sklypai-pabrades-m-slaito-ir-lakstingalu-gatviu-kampe\/#primaryimage\",\"url\":\"https:\/\/www.namude.lt\/wp-content\/uploads\/2024\/01\/Pabrades-sklypai.jpg\",\"contentUrl\":\"https:\/\/www.namude.lt\/wp-content\/uploads\/2024\/01\/Pabrades-sklypai.jpg\",\"width\":800,\"height\":433},{\"@type\":\"BreadcrumbList\",\"@id\":\"https:\/\/www.namude.lt\/objektas\/trys-tarpusavyje-besiribojantys-namu-valdos-zemes-sklypai-pabrades-m-slaito-ir-lakstingalu-gatviu-kampe\/#breadcrumb\",\"itemListElement\":[{\"@type\":\"ListItem\",\"position\":1,\"name\":\"Home\",\"item\":\"https:\/\/www.namude.lt\/ru\/\"},{\"@type\":\"ListItem\",\"position\":2,\"name\":\"\u041e\u0431\u044a\u0435\u043a\u0442\u044b\",\"item\":\"https:\/\/www.namude.lt\/ru\/%d0%be%d0%b1%d1%8a%d0%b5%d0%ba%d1%82%d1%8b\/\"},{\"@type\":\"ListItem\",\"position\":3,\"name\":\"TRYS TARPUSAVYJE BESIRIBOJANTYS NAM\u0172 VALDOS \u017dEM\u0116S SKLYPAI PABRAD\u0116S M. \u0160LAITO IR LAK\u0160TINGAL\u0172 GATVI\u0172 KAMPE\"}]},{\"@type\":\"WebSite\",\"@id\":\"https:\/\/www.namude.lt\/#website\",\"url\":\"https:\/\/www.namude.lt\/\",\"name\":\"Namud\u0117\",\"description\":\"\u201eNamud\u0117\u201c \u2013 agent\u016bra, pardavin\u0117janti Auk\u0161taitijos NT grynuolius.\",\"publisher\":{\"@id\":\"https:\/\/www.namude.lt\/#organization\"},\"potentialAction\":[{\"@type\":\"SearchAction\",\"target\":{\"@type\":\"EntryPoint\",\"urlTemplate\":\"https:\/\/www.namude.lt\/?s={search_term_string}\"},\"query-input\":{\"@type\":\"PropertyValueSpecification\",\"valueRequired\":true,\"valueName\":\"search_term_string\"}}],\"inLanguage\":\"ru-RU\"},{\"@type\":\"Organization\",\"@id\":\"https:\/\/www.namude.lt\/#organization\",\"name\":\"Namud\u0117\",\"url\":\"https:\/\/www.namude.lt\/\",\"logo\":{\"@type\":\"ImageObject\",\"inLanguage\":\"ru-RU\",\"@id\":\"https:\/\/www.namude.lt\/#\/schema\/logo\/image\/\",\"url\":\"https:\/\/www.namude.lt\/wp-content\/uploads\/2023\/11\/logo-symbol.svg\",\"contentUrl\":\"https:\/\/www.namude.lt\/wp-content\/uploads\/2023\/11\/logo-symbol.svg\",\"width\":1,\"height\":1,\"caption\":\"Namud\u0117\"},\"image\":{\"@id\":\"https:\/\/www.namude.lt\/#\/schema\/logo\/image\/\"}}]}<\/script>\n<!-- \/ Yoast SEO plugin. -->","yoast_head_json":{"title":"TRYS TARPUSAVYJE BESIRIBOJANTYS NAM\u0172 VALDOS \u017dEM\u0116S SKLYPAI PABRAD\u0116S M. \u0160LAITO IR LAK\u0160TINGAL\u0172 GATVI\u0172 KAMPE - Namud\u0117","robots":{"index":"index","follow":"follow","max-snippet":"max-snippet:-1","max-image-preview":"max-image-preview:large","max-video-preview":"max-video-preview:-1"},"canonical":"https:\/\/www.namude.lt\/objektas\/trys-tarpusavyje-besiribojantys-namu-valdos-zemes-sklypai-pabrades-m-slaito-ir-lakstingalu-gatviu-kampe\/","og_locale":"ru_RU","og_type":"article","og_title":"TRYS TARPUSAVYJE BESIRIBOJANTYS NAM\u0172 VALDOS \u017dEM\u0116S SKLYPAI PABRAD\u0116S M. \u0160LAITO IR LAK\u0160TINGAL\u0172 GATVI\u0172 KAMPE - Namud\u0117","og_description":"Parduodami trys tarpusavyje besiribojantys ( gyvenam\u0173j\u0173 nam\u0173 statybai) \u017eem\u0117s sklypai Pabrad\u0117s m. \u0160laito ir Lak\u0161tingal\u0173 gatvi\u0173 kampe.\u00a0Sklypai taisyklingos sta\u010diakampio formos, lyg\u016bs. Sklyp\u0173 dyd\u017eiai:\u00a00.1930 ha;\u00a00.1656 ha;\u00a00.1377 ha. Atlikti geodeziniai matavimai. Paskirtis kita (vienbu\u010di\u0173 ir dvibu\u010di\u0173 \u00a0gyvenam\u0173j\u0173 pastat\u0173 teritorijos). \u0160alia eina elektros linija. Elektros pastot\u0117 \u2013 ma\u017eiau nei\u00a0200 m. Patogus priva\u017eiavimas geru \u017evyruotu keliu, o iki pagrindinio asfaltuoto kelio \u2013\u00a00.4 km.\u00a0Saugi ir draugi\u0161ka kaimynyst\u0117. Puik\u016bs sklypai J\u016bs\u0173 gyvenam\u0173j\u0173 nam\u0173 projektavimui ir statybai.  Kaina:  0.1377 ha sklypo - 11 000 eur\u0173  0.1656 ha sklypo\u00a0 - 14 000 eur\u0173  0.1930 ha sklypo \u00a0-\u00a0 17 000 eur\u0173.","og_url":"https:\/\/www.namude.lt\/objektas\/trys-tarpusavyje-besiribojantys-namu-valdos-zemes-sklypai-pabrades-m-slaito-ir-lakstingalu-gatviu-kampe\/","og_site_name":"Namud\u0117","article_modified_time":"2024-05-28T12:54:27+00:00","og_image":[{"width":800,"height":433,"url":"https:\/\/www.namude.lt\/wp-content\/uploads\/2024\/01\/Pabrades-sklypai.jpg","type":"image\/jpeg"}],"twitter_card":"summary_large_image","schema":{"@context":"https:\/\/schema.org","@graph":[{"@type":"WebPage","@id":"https:\/\/www.namude.lt\/objektas\/trys-tarpusavyje-besiribojantys-namu-valdos-zemes-sklypai-pabrades-m-slaito-ir-lakstingalu-gatviu-kampe\/","url":"https:\/\/www.namude.lt\/objektas\/trys-tarpusavyje-besiribojantys-namu-valdos-zemes-sklypai-pabrades-m-slaito-ir-lakstingalu-gatviu-kampe\/","name":"TRYS TARPUSAVYJE BESIRIBOJANTYS NAM\u0172 VALDOS \u017dEM\u0116S SKLYPAI PABRAD\u0116S M. \u0160LAITO IR LAK\u0160TINGAL\u0172 GATVI\u0172 KAMPE - Namud\u0117","isPartOf":{"@id":"https:\/\/www.namude.lt\/#website"},"primaryImageOfPage":{"@id":"https:\/\/www.namude.lt\/objektas\/trys-tarpusavyje-besiribojantys-namu-valdos-zemes-sklypai-pabrades-m-slaito-ir-lakstingalu-gatviu-kampe\/#primaryimage"},"image":{"@id":"https:\/\/www.namude.lt\/objektas\/trys-tarpusavyje-besiribojantys-namu-valdos-zemes-sklypai-pabrades-m-slaito-ir-lakstingalu-gatviu-kampe\/#primaryimage"},"thumbnailUrl":"https:\/\/www.namude.lt\/wp-content\/uploads\/2024\/01\/Pabrades-sklypai.jpg","datePublished":"2024-01-29T09:14:53+00:00","dateModified":"2024-05-28T12:54:27+00:00","breadcrumb":{"@id":"https:\/\/www.namude.lt\/objektas\/trys-tarpusavyje-besiribojantys-namu-valdos-zemes-sklypai-pabrades-m-slaito-ir-lakstingalu-gatviu-kampe\/#breadcrumb"},"inLanguage":"ru-RU","potentialAction":[{"@type":"ReadAction","target":["https:\/\/www.namude.lt\/objektas\/trys-tarpusavyje-besiribojantys-namu-valdos-zemes-sklypai-pabrades-m-slaito-ir-lakstingalu-gatviu-kampe\/"]}]},{"@type":"ImageObject","inLanguage":"ru-RU","@id":"https:\/\/www.namude.lt\/objektas\/trys-tarpusavyje-besiribojantys-namu-valdos-zemes-sklypai-pabrades-m-slaito-ir-lakstingalu-gatviu-kampe\/#primaryimage","url":"https:\/\/www.namude.lt\/wp-content\/uploads\/2024\/01\/Pabrades-sklypai.jpg","contentUrl":"https:\/\/www.namude.lt\/wp-content\/uploads\/2024\/01\/Pabrades-sklypai.jpg","width":800,"height":433},{"@type":"BreadcrumbList","@id":"https:\/\/www.namude.lt\/objektas\/trys-tarpusavyje-besiribojantys-namu-valdos-zemes-sklypai-pabrades-m-slaito-ir-lakstingalu-gatviu-kampe\/#breadcrumb","itemListElement":[{"@type":"ListItem","position":1,"name":"Home","item":"https:\/\/www.namude.lt\/ru\/"},{"@type":"ListItem","position":2,"name":"\u041e\u0431\u044a\u0435\u043a\u0442\u044b","item":"https:\/\/www.namude.lt\/ru\/%d0%be%d0%b1%d1%8a%d0%b5%d0%ba%d1%82%d1%8b\/"},{"@type":"ListItem","position":3,"name":"TRYS TARPUSAVYJE BESIRIBOJANTYS NAM\u0172 VALDOS \u017dEM\u0116S SKLYPAI PABRAD\u0116S M. \u0160LAITO IR LAK\u0160TINGAL\u0172 GATVI\u0172 KAMPE"}]},{"@type":"WebSite","@id":"https:\/\/www.namude.lt\/#website","url":"https:\/\/www.namude.lt\/","name":"Namud\u0117","description":"\u201eNamud\u0117\u201c \u2013 agent\u016bra, pardavin\u0117janti Auk\u0161taitijos NT grynuolius.","publisher":{"@id":"https:\/\/www.namude.lt\/#organization"},"potentialAction":[{"@type":"SearchAction","target":{"@type":"EntryPoint","urlTemplate":"https:\/\/www.namude.lt\/?s={search_term_string}"},"query-input":{"@type":"PropertyValueSpecification","valueRequired":true,"valueName":"search_term_string"}}],"inLanguage":"ru-RU"},{"@type":"Organization","@id":"https:\/\/www.namude.lt\/#organization","name":"Namud\u0117","url":"https:\/\/www.namude.lt\/","logo":{"@type":"ImageObject","inLanguage":"ru-RU","@id":"https:\/\/www.namude.lt\/#\/schema\/logo\/image\/","url":"https:\/\/www.namude.lt\/wp-content\/uploads\/2023\/11\/logo-symbol.svg","contentUrl":"https:\/\/www.namude.lt\/wp-content\/uploads\/2023\/11\/logo-symbol.svg","width":1,"height":1,"caption":"Namud\u0117"},"image":{"@id":"https:\/\/www.namude.lt\/#\/schema\/logo\/image\/"}}]}},"_links":{"self":[{"href":"https:\/\/www.namude.lt\/ru\/wp-json\/wp\/v2\/product\/5688","targetHints":{"allow":["GET"]}}],"collection":[{"href":"https:\/\/www.namude.lt\/ru\/wp-json\/wp\/v2\/product"}],"about":[{"href":"https:\/\/www.namude.lt\/ru\/wp-json\/wp\/v2\/types\/product"}],"wp:featuredmedia":[{"embeddable":true,"href":"https:\/\/www.namude.lt\/ru\/wp-json\/wp\/v2\/media\/5689"}],"wp:attachment":[{"href":"https:\/\/www.namude.lt\/ru\/wp-json\/wp\/v2\/media?parent=5688"}],"wp:term":[{"taxonomy":"product_brand","embeddable":true,"href":"https:\/\/www.namude.lt\/ru\/wp-json\/wp\/v2\/product_brand?post=5688"},{"taxonomy":"product_cat","embeddable":true,"href":"https:\/\/www.namude.lt\/ru\/wp-json\/wp\/v2\/product_cat?post=5688"},{"taxonomy":"product_tag","embeddable":true,"href":"https:\/\/www.namude.lt\/ru\/wp-json\/wp\/v2\/product_tag?post=5688"}],"curies":[{"name":"wp","href":"https:\/\/api.w.org\/{rel}","templated":true}]}}