{"id":5598,"date":"2024-01-31T10:50:21","date_gmt":"2024-01-31T08:50:21","guid":{"rendered":"https:\/\/www.namude.lt\/?post_type=product&#038;p=5598"},"modified":"2025-07-04T14:17:19","modified_gmt":"2025-07-04T11:17:19","slug":"parduodamas-su-daliniais-patogumais-yra-tik-vandentiekis-3-kambariu-butas-ignalinos-rajone-kazokines-kaime-dvaro-g-9-salia-ignalinos","status":"publish","type":"product","link":"https:\/\/www.namude.lt\/ru\/\u043e\u0431\u044a\u0435\u043a\u0442\/parduodamas-su-daliniais-patogumais-yra-tik-vandentiekis-3-kambariu-butas-ignalinos-rajone-kazokines-kaime-dvaro-g-9-salia-ignalinos\/","title":{"rendered":"PARDUODAMAS SU DALINIAIS PATOGUMAIS (YRA TIK VANDENTIEKIS) 3 KAMBARI\u0172 BUTAS IGNALINOS RAJONE, KAZOKIN\u0116S KAIME, DVARO G. 9 , \u0160ALIA IGNALINOS"},"content":{"rendered":"","protected":false},"excerpt":{"rendered":"<p><strong>Parduodamas su daliniais patogumais (yra tik vandentiekis) 3 kambari\u0173 <a href=\"https:\/\/www.namude.lt\/kategorija\/butai\/?filter_rajonas=ignalinos-rajonas&amp;query_type_rajonas=or\">butas<\/a> <a href=\"https:\/\/www.namude.lt\/kategorija\/butai\/?filter_rajonas=ignalinos-rajonas&amp;query_type_rajonas=or\">Ignalinos<\/a> rajone, Kazokin\u0117s kaime, Dvaro g. 9 , \u0161alia Ignalinos.<\/strong>\u00a0Butas randasi antrame auk\u0161te i\u0161\u00a0 dviej\u0173, m\u016briniame a\u0161tuonbutyje. Buto bendras plotas \u2013\u00a0<strong>55.92\u00a0<\/strong>kv. m. Ap\u0161ildymas &#8212; krosnimis. Vietinis vandentiekis. Tualetas lauke, ta\u010diau yra galimyb\u0117 \u012fsirengti vietin\u0119 kanalizacija, kaip yra \u012fsireng\u0119 kaimynai. Tam reikalui yra bute tinkama patalpa tualetui ir voniai, ar du\u0161ui \u012fsirengti. Sud\u0117ti visi nauji plastikiniai langai su stiklo paketais. Butas paruo\u0161tas remontui. Po namu yra erdvus r\u016bsys. Taip pat kieme yra \u016bkinis pastatas, kuriame priklauso patalpa malkoms susid\u0117ti. Butas yra geroje vietoje. Iki artimiausio V\u0117lio e\u017eero apie\u00a0<strong>2\u00a0<\/strong>km. Priva\u017eiavimas iki daugiabu\u010dio namo asfaltuotu keliu. Apie\u00a0<strong>1\u00a0<\/strong>km iki autobus\u0173 stotel\u0117s. Artimiausias miestas Ignalina &#8212; apie\u00a0<strong>5\u00a0<\/strong>km. Iki Vilniaus &#8212; apie\u00a0<strong>103\u00a0<\/strong>km. Gra\u017ei ir patogi vieta gyvenimui kaime, \u0161alia Ignalinos miesto!<\/p>\n<p>Pastaba: Papildomai yra galimyb\u0117 \u0161alimais nusipirkti \u017eem\u0117s \u016bkio paskirties sklyp\u0105 u\u017e atskira kain\u0105.<\/p>\n","protected":false},"featured_media":20182,"template":"","meta":{"_acf_changed":false},"product_brand":[],"product_cat":[27],"product_tag":[],"class_list":{"0":"post-5598","1":"product","2":"type-product","3":"status-publish","4":"has-post-thumbnail","6":"product_cat-butai","7":"pa_rajonas-ignalinos-rajonas","8":"description-off","10":"first","11":"instock","12":"shipping-taxable","13":"purchasable","14":"product-type-simple"},"acf":[],"yoast_head":"<!-- This site is optimized with the Yoast SEO plugin v27.4 - https:\/\/yoast.com\/product\/yoast-seo-wordpress\/ -->\n<title>PARDUODAMAS SU DALINIAIS PATOGUMAIS (YRA TIK VANDENTIEKIS) 3 KAMBARI\u0172 BUTAS IGNALINOS RAJONE, KAZOKIN\u0116S KAIME, DVARO G. 9 , \u0160ALIA IGNALINOS - Namud\u0117<\/title>\n<meta name=\"robots\" content=\"index, follow, max-snippet:-1, max-image-preview:large, max-video-preview:-1\" \/>\n<link rel=\"canonical\" href=\"https:\/\/www.namude.lt\/objektas\/parduodamas-su-daliniais-patogumais-yra-tik-vandentiekis-3-kambariu-butas-ignalinos-rajone-kazokines-kaime-dvaro-g-9-salia-ignalinos\/\" \/>\n<meta property=\"og:locale\" content=\"ru_RU\" \/>\n<meta property=\"og:type\" content=\"article\" \/>\n<meta property=\"og:title\" content=\"PARDUODAMAS SU DALINIAIS PATOGUMAIS (YRA TIK VANDENTIEKIS) 3 KAMBARI\u0172 BUTAS IGNALINOS RAJONE, KAZOKIN\u0116S KAIME, DVARO G. 9 , \u0160ALIA IGNALINOS - Namud\u0117\" \/>\n<meta property=\"og:description\" content=\"Parduodamas su daliniais patogumais (yra tik vandentiekis) 3 kambari\u0173 butas Ignalinos rajone, Kazokin\u0117s kaime, Dvaro g. 9 , \u0161alia Ignalinos.\u00a0Butas randasi antrame auk\u0161te i\u0161\u00a0 dviej\u0173, m\u016briniame a\u0161tuonbutyje. Buto bendras plotas \u2013\u00a055.92\u00a0kv. m. Ap\u0161ildymas - krosnimis. Vietinis vandentiekis. Tualetas lauke, ta\u010diau yra galimyb\u0117 \u012fsirengti vietin\u0119 kanalizacija, kaip yra \u012fsireng\u0119 kaimynai. Tam reikalui yra bute tinkama patalpa tualetui ir voniai, ar du\u0161ui \u012fsirengti. Sud\u0117ti visi nauji plastikiniai langai su stiklo paketais. Butas paruo\u0161tas remontui. Po namu yra erdvus r\u016bsys. Taip pat kieme yra \u016bkinis pastatas, kuriame priklauso patalpa malkoms susid\u0117ti. Butas yra geroje vietoje. Iki artimiausio V\u0117lio e\u017eero apie\u00a02\u00a0km. Priva\u017eiavimas iki daugiabu\u010dio namo asfaltuotu keliu. Apie\u00a01\u00a0km iki autobus\u0173 stotel\u0117s. Artimiausias miestas Ignalina - apie\u00a05\u00a0km. Iki Vilniaus - apie\u00a0103\u00a0km. Gra\u017ei ir patogi vieta gyvenimui kaime, \u0161alia Ignalinos miesto!  Pastaba: Papildomai yra galimyb\u0117 \u0161alimais nusipirkti \u017eem\u0117s \u016bkio paskirties sklyp\u0105 u\u017e atskira kain\u0105.\" \/>\n<meta property=\"og:url\" content=\"https:\/\/www.namude.lt\/objektas\/parduodamas-su-daliniais-patogumais-yra-tik-vandentiekis-3-kambariu-butas-ignalinos-rajone-kazokines-kaime-dvaro-g-9-salia-ignalinos\/\" \/>\n<meta property=\"og:site_name\" content=\"Namud\u0117\" \/>\n<meta property=\"article:modified_time\" content=\"2025-07-04T11:17:19+00:00\" \/>\n<meta property=\"og:image\" content=\"https:\/\/www.namude.lt\/wp-content\/uploads\/2024\/01\/20250627_153804.jpg\" \/>\n\t<meta property=\"og:image:width\" content=\"2400\" \/>\n\t<meta property=\"og:image:height\" content=\"1800\" \/>\n\t<meta property=\"og:image:type\" content=\"image\/jpeg\" \/>\n<meta name=\"twitter:card\" content=\"summary_large_image\" \/>\n<script type=\"application\/ld+json\" class=\"yoast-schema-graph\">{\"@context\":\"https:\\\/\\\/schema.org\",\"@graph\":[{\"@type\":\"WebPage\",\"@id\":\"https:\\\/\\\/www.namude.lt\\\/objektas\\\/parduodamas-su-daliniais-patogumais-yra-tik-vandentiekis-3-kambariu-butas-ignalinos-rajone-kazokines-kaime-dvaro-g-9-salia-ignalinos\\\/\",\"url\":\"https:\\\/\\\/www.namude.lt\\\/objektas\\\/parduodamas-su-daliniais-patogumais-yra-tik-vandentiekis-3-kambariu-butas-ignalinos-rajone-kazokines-kaime-dvaro-g-9-salia-ignalinos\\\/\",\"name\":\"PARDUODAMAS SU DALINIAIS PATOGUMAIS (YRA TIK VANDENTIEKIS) 3 KAMBARI\u0172 BUTAS IGNALINOS RAJONE, KAZOKIN\u0116S KAIME, DVARO G. 9 , \u0160ALIA IGNALINOS - Namud\u0117\",\"isPartOf\":{\"@id\":\"https:\\\/\\\/www.namude.lt\\\/#website\"},\"primaryImageOfPage\":{\"@id\":\"https:\\\/\\\/www.namude.lt\\\/objektas\\\/parduodamas-su-daliniais-patogumais-yra-tik-vandentiekis-3-kambariu-butas-ignalinos-rajone-kazokines-kaime-dvaro-g-9-salia-ignalinos\\\/#primaryimage\"},\"image\":{\"@id\":\"https:\\\/\\\/www.namude.lt\\\/objektas\\\/parduodamas-su-daliniais-patogumais-yra-tik-vandentiekis-3-kambariu-butas-ignalinos-rajone-kazokines-kaime-dvaro-g-9-salia-ignalinos\\\/#primaryimage\"},\"thumbnailUrl\":\"https:\\\/\\\/www.namude.lt\\\/wp-content\\\/uploads\\\/2024\\\/01\\\/20250627_153804.jpg\",\"datePublished\":\"2024-01-31T08:50:21+00:00\",\"dateModified\":\"2025-07-04T11:17:19+00:00\",\"breadcrumb\":{\"@id\":\"https:\\\/\\\/www.namude.lt\\\/objektas\\\/parduodamas-su-daliniais-patogumais-yra-tik-vandentiekis-3-kambariu-butas-ignalinos-rajone-kazokines-kaime-dvaro-g-9-salia-ignalinos\\\/#breadcrumb\"},\"inLanguage\":\"ru-RU\",\"potentialAction\":[{\"@type\":\"ReadAction\",\"target\":[\"https:\\\/\\\/www.namude.lt\\\/objektas\\\/parduodamas-su-daliniais-patogumais-yra-tik-vandentiekis-3-kambariu-butas-ignalinos-rajone-kazokines-kaime-dvaro-g-9-salia-ignalinos\\\/\"]}]},{\"@type\":\"ImageObject\",\"inLanguage\":\"ru-RU\",\"@id\":\"https:\\\/\\\/www.namude.lt\\\/objektas\\\/parduodamas-su-daliniais-patogumais-yra-tik-vandentiekis-3-kambariu-butas-ignalinos-rajone-kazokines-kaime-dvaro-g-9-salia-ignalinos\\\/#primaryimage\",\"url\":\"https:\\\/\\\/www.namude.lt\\\/wp-content\\\/uploads\\\/2024\\\/01\\\/20250627_153804.jpg\",\"contentUrl\":\"https:\\\/\\\/www.namude.lt\\\/wp-content\\\/uploads\\\/2024\\\/01\\\/20250627_153804.jpg\",\"width\":2400,\"height\":1800},{\"@type\":\"BreadcrumbList\",\"@id\":\"https:\\\/\\\/www.namude.lt\\\/objektas\\\/parduodamas-su-daliniais-patogumais-yra-tik-vandentiekis-3-kambariu-butas-ignalinos-rajone-kazokines-kaime-dvaro-g-9-salia-ignalinos\\\/#breadcrumb\",\"itemListElement\":[{\"@type\":\"ListItem\",\"position\":1,\"name\":\"Home\",\"item\":\"https:\\\/\\\/www.namude.lt\\\/ru\\\/\"},{\"@type\":\"ListItem\",\"position\":2,\"name\":\"\u041e\u0431\u044a\u0435\u043a\u0442\u044b\",\"item\":\"https:\\\/\\\/www.namude.lt\\\/ru\\\/%d0%be%d0%b1%d1%8a%d0%b5%d0%ba%d1%82%d1%8b\\\/\"},{\"@type\":\"ListItem\",\"position\":3,\"name\":\"PARDUODAMAS SU DALINIAIS PATOGUMAIS (YRA TIK VANDENTIEKIS) 3 KAMBARI\u0172 BUTAS IGNALINOS RAJONE, KAZOKIN\u0116S KAIME, DVARO G. 9 , \u0160ALIA IGNALINOS\"}]},{\"@type\":\"WebSite\",\"@id\":\"https:\\\/\\\/www.namude.lt\\\/#website\",\"url\":\"https:\\\/\\\/www.namude.lt\\\/\",\"name\":\"Namud\u0117\",\"description\":\"\u201eNamud\u0117\u201c \u2013 agent\u016bra, pardavin\u0117janti Auk\u0161taitijos NT grynuolius.\",\"publisher\":{\"@id\":\"https:\\\/\\\/www.namude.lt\\\/#organization\"},\"potentialAction\":[{\"@type\":\"SearchAction\",\"target\":{\"@type\":\"EntryPoint\",\"urlTemplate\":\"https:\\\/\\\/www.namude.lt\\\/?s={search_term_string}\"},\"query-input\":{\"@type\":\"PropertyValueSpecification\",\"valueRequired\":true,\"valueName\":\"search_term_string\"}}],\"inLanguage\":\"ru-RU\"},{\"@type\":\"Organization\",\"@id\":\"https:\\\/\\\/www.namude.lt\\\/#organization\",\"name\":\"Namud\u0117\",\"url\":\"https:\\\/\\\/www.namude.lt\\\/\",\"logo\":{\"@type\":\"ImageObject\",\"inLanguage\":\"ru-RU\",\"@id\":\"https:\\\/\\\/www.namude.lt\\\/#\\\/schema\\\/logo\\\/image\\\/\",\"url\":\"https:\\\/\\\/www.namude.lt\\\/wp-content\\\/uploads\\\/2023\\\/11\\\/logo-symbol.svg\",\"contentUrl\":\"https:\\\/\\\/www.namude.lt\\\/wp-content\\\/uploads\\\/2023\\\/11\\\/logo-symbol.svg\",\"width\":1,\"height\":1,\"caption\":\"Namud\u0117\"},\"image\":{\"@id\":\"https:\\\/\\\/www.namude.lt\\\/#\\\/schema\\\/logo\\\/image\\\/\"}}]}<\/script>\n<!-- \/ Yoast SEO plugin. -->","yoast_head_json":{"title":"PARDUODAMAS SU DALINIAIS PATOGUMAIS (YRA TIK VANDENTIEKIS) 3 KAMBARI\u0172 BUTAS IGNALINOS RAJONE, KAZOKIN\u0116S KAIME, DVARO G. 9 , \u0160ALIA IGNALINOS - Namud\u0117","robots":{"index":"index","follow":"follow","max-snippet":"max-snippet:-1","max-image-preview":"max-image-preview:large","max-video-preview":"max-video-preview:-1"},"canonical":"https:\/\/www.namude.lt\/objektas\/parduodamas-su-daliniais-patogumais-yra-tik-vandentiekis-3-kambariu-butas-ignalinos-rajone-kazokines-kaime-dvaro-g-9-salia-ignalinos\/","og_locale":"ru_RU","og_type":"article","og_title":"PARDUODAMAS SU DALINIAIS PATOGUMAIS (YRA TIK VANDENTIEKIS) 3 KAMBARI\u0172 BUTAS IGNALINOS RAJONE, KAZOKIN\u0116S KAIME, DVARO G. 9 , \u0160ALIA IGNALINOS - Namud\u0117","og_description":"Parduodamas su daliniais patogumais (yra tik vandentiekis) 3 kambari\u0173 butas Ignalinos rajone, Kazokin\u0117s kaime, Dvaro g. 9 , \u0161alia Ignalinos.\u00a0Butas randasi antrame auk\u0161te i\u0161\u00a0 dviej\u0173, m\u016briniame a\u0161tuonbutyje. Buto bendras plotas \u2013\u00a055.92\u00a0kv. m. Ap\u0161ildymas - krosnimis. Vietinis vandentiekis. Tualetas lauke, ta\u010diau yra galimyb\u0117 \u012fsirengti vietin\u0119 kanalizacija, kaip yra \u012fsireng\u0119 kaimynai. Tam reikalui yra bute tinkama patalpa tualetui ir voniai, ar du\u0161ui \u012fsirengti. Sud\u0117ti visi nauji plastikiniai langai su stiklo paketais. Butas paruo\u0161tas remontui. Po namu yra erdvus r\u016bsys. Taip pat kieme yra \u016bkinis pastatas, kuriame priklauso patalpa malkoms susid\u0117ti. Butas yra geroje vietoje. Iki artimiausio V\u0117lio e\u017eero apie\u00a02\u00a0km. Priva\u017eiavimas iki daugiabu\u010dio namo asfaltuotu keliu. Apie\u00a01\u00a0km iki autobus\u0173 stotel\u0117s. Artimiausias miestas Ignalina - apie\u00a05\u00a0km. Iki Vilniaus - apie\u00a0103\u00a0km. Gra\u017ei ir patogi vieta gyvenimui kaime, \u0161alia Ignalinos miesto!  Pastaba: Papildomai yra galimyb\u0117 \u0161alimais nusipirkti \u017eem\u0117s \u016bkio paskirties sklyp\u0105 u\u017e atskira kain\u0105.","og_url":"https:\/\/www.namude.lt\/objektas\/parduodamas-su-daliniais-patogumais-yra-tik-vandentiekis-3-kambariu-butas-ignalinos-rajone-kazokines-kaime-dvaro-g-9-salia-ignalinos\/","og_site_name":"Namud\u0117","article_modified_time":"2025-07-04T11:17:19+00:00","og_image":[{"width":2400,"height":1800,"url":"https:\/\/www.namude.lt\/wp-content\/uploads\/2024\/01\/20250627_153804.jpg","type":"image\/jpeg"}],"twitter_card":"summary_large_image","schema":{"@context":"https:\/\/schema.org","@graph":[{"@type":"WebPage","@id":"https:\/\/www.namude.lt\/objektas\/parduodamas-su-daliniais-patogumais-yra-tik-vandentiekis-3-kambariu-butas-ignalinos-rajone-kazokines-kaime-dvaro-g-9-salia-ignalinos\/","url":"https:\/\/www.namude.lt\/objektas\/parduodamas-su-daliniais-patogumais-yra-tik-vandentiekis-3-kambariu-butas-ignalinos-rajone-kazokines-kaime-dvaro-g-9-salia-ignalinos\/","name":"PARDUODAMAS SU DALINIAIS PATOGUMAIS (YRA TIK VANDENTIEKIS) 3 KAMBARI\u0172 BUTAS IGNALINOS RAJONE, KAZOKIN\u0116S KAIME, DVARO G. 9 , \u0160ALIA IGNALINOS - Namud\u0117","isPartOf":{"@id":"https:\/\/www.namude.lt\/#website"},"primaryImageOfPage":{"@id":"https:\/\/www.namude.lt\/objektas\/parduodamas-su-daliniais-patogumais-yra-tik-vandentiekis-3-kambariu-butas-ignalinos-rajone-kazokines-kaime-dvaro-g-9-salia-ignalinos\/#primaryimage"},"image":{"@id":"https:\/\/www.namude.lt\/objektas\/parduodamas-su-daliniais-patogumais-yra-tik-vandentiekis-3-kambariu-butas-ignalinos-rajone-kazokines-kaime-dvaro-g-9-salia-ignalinos\/#primaryimage"},"thumbnailUrl":"https:\/\/www.namude.lt\/wp-content\/uploads\/2024\/01\/20250627_153804.jpg","datePublished":"2024-01-31T08:50:21+00:00","dateModified":"2025-07-04T11:17:19+00:00","breadcrumb":{"@id":"https:\/\/www.namude.lt\/objektas\/parduodamas-su-daliniais-patogumais-yra-tik-vandentiekis-3-kambariu-butas-ignalinos-rajone-kazokines-kaime-dvaro-g-9-salia-ignalinos\/#breadcrumb"},"inLanguage":"ru-RU","potentialAction":[{"@type":"ReadAction","target":["https:\/\/www.namude.lt\/objektas\/parduodamas-su-daliniais-patogumais-yra-tik-vandentiekis-3-kambariu-butas-ignalinos-rajone-kazokines-kaime-dvaro-g-9-salia-ignalinos\/"]}]},{"@type":"ImageObject","inLanguage":"ru-RU","@id":"https:\/\/www.namude.lt\/objektas\/parduodamas-su-daliniais-patogumais-yra-tik-vandentiekis-3-kambariu-butas-ignalinos-rajone-kazokines-kaime-dvaro-g-9-salia-ignalinos\/#primaryimage","url":"https:\/\/www.namude.lt\/wp-content\/uploads\/2024\/01\/20250627_153804.jpg","contentUrl":"https:\/\/www.namude.lt\/wp-content\/uploads\/2024\/01\/20250627_153804.jpg","width":2400,"height":1800},{"@type":"BreadcrumbList","@id":"https:\/\/www.namude.lt\/objektas\/parduodamas-su-daliniais-patogumais-yra-tik-vandentiekis-3-kambariu-butas-ignalinos-rajone-kazokines-kaime-dvaro-g-9-salia-ignalinos\/#breadcrumb","itemListElement":[{"@type":"ListItem","position":1,"name":"Home","item":"https:\/\/www.namude.lt\/ru\/"},{"@type":"ListItem","position":2,"name":"\u041e\u0431\u044a\u0435\u043a\u0442\u044b","item":"https:\/\/www.namude.lt\/ru\/%d0%be%d0%b1%d1%8a%d0%b5%d0%ba%d1%82%d1%8b\/"},{"@type":"ListItem","position":3,"name":"PARDUODAMAS SU DALINIAIS PATOGUMAIS (YRA TIK VANDENTIEKIS) 3 KAMBARI\u0172 BUTAS IGNALINOS RAJONE, KAZOKIN\u0116S KAIME, DVARO G. 9 , \u0160ALIA IGNALINOS"}]},{"@type":"WebSite","@id":"https:\/\/www.namude.lt\/#website","url":"https:\/\/www.namude.lt\/","name":"Namud\u0117","description":"\u201eNamud\u0117\u201c \u2013 agent\u016bra, pardavin\u0117janti Auk\u0161taitijos NT grynuolius.","publisher":{"@id":"https:\/\/www.namude.lt\/#organization"},"potentialAction":[{"@type":"SearchAction","target":{"@type":"EntryPoint","urlTemplate":"https:\/\/www.namude.lt\/?s={search_term_string}"},"query-input":{"@type":"PropertyValueSpecification","valueRequired":true,"valueName":"search_term_string"}}],"inLanguage":"ru-RU"},{"@type":"Organization","@id":"https:\/\/www.namude.lt\/#organization","name":"Namud\u0117","url":"https:\/\/www.namude.lt\/","logo":{"@type":"ImageObject","inLanguage":"ru-RU","@id":"https:\/\/www.namude.lt\/#\/schema\/logo\/image\/","url":"https:\/\/www.namude.lt\/wp-content\/uploads\/2023\/11\/logo-symbol.svg","contentUrl":"https:\/\/www.namude.lt\/wp-content\/uploads\/2023\/11\/logo-symbol.svg","width":1,"height":1,"caption":"Namud\u0117"},"image":{"@id":"https:\/\/www.namude.lt\/#\/schema\/logo\/image\/"}}]}},"_links":{"self":[{"href":"https:\/\/www.namude.lt\/ru\/wp-json\/wp\/v2\/product\/5598","targetHints":{"allow":["GET"]}}],"collection":[{"href":"https:\/\/www.namude.lt\/ru\/wp-json\/wp\/v2\/product"}],"about":[{"href":"https:\/\/www.namude.lt\/ru\/wp-json\/wp\/v2\/types\/product"}],"wp:featuredmedia":[{"embeddable":true,"href":"https:\/\/www.namude.lt\/ru\/wp-json\/wp\/v2\/media\/20182"}],"wp:attachment":[{"href":"https:\/\/www.namude.lt\/ru\/wp-json\/wp\/v2\/media?parent=5598"}],"wp:term":[{"taxonomy":"product_brand","embeddable":true,"href":"https:\/\/www.namude.lt\/ru\/wp-json\/wp\/v2\/product_brand?post=5598"},{"taxonomy":"product_cat","embeddable":true,"href":"https:\/\/www.namude.lt\/ru\/wp-json\/wp\/v2\/product_cat?post=5598"},{"taxonomy":"product_tag","embeddable":true,"href":"https:\/\/www.namude.lt\/ru\/wp-json\/wp\/v2\/product_tag?post=5598"}],"curies":[{"name":"wp","href":"https:\/\/api.w.org\/{rel}","templated":true}]}}