{"id":4917,"date":"2024-01-21T13:47:16","date_gmt":"2024-01-21T11:47:16","guid":{"rendered":"https:\/\/www.namude.lt\/?post_type=product&#038;p=4917"},"modified":"2024-05-24T12:49:16","modified_gmt":"2024-05-24T09:49:16","slug":"namas-anyksciu-mieste-ukmerges-g-ramiame-gyvenamuju-namu-kvartale","status":"publish","type":"product","link":"https:\/\/www.namude.lt\/ru\/\u043e\u0431\u044a\u0435\u043a\u0442\/namas-anyksciu-mieste-ukmerges-g-ramiame-gyvenamuju-namu-kvartale\/","title":{"rendered":"NAMAS ANYK\u0160\u010cI\u0172 MIESTE, UKMERG\u0116S G., RAMIAME GYVENAM\u0172J\u0172 NAM\u0172 KVARTALE"},"content":{"rendered":"","protected":false},"excerpt":{"rendered":"<p><strong>Parduodamas <a href=\"https:\/\/www.namude.lt\/parduodami-nt-objektai\/?filter_rajonas=anyksciu-rajonas&amp;query_type_rajonas=or&amp;ixwpst[product_cat][]=26&amp;title=1&amp;excerpt=1&amp;content=1&amp;categories=1&amp;attributes=1&amp;tags=1&amp;sku=1&amp;ixwpsf[taxonomy][product_cat][show]=all&amp;ixwpsf[taxonomy][product_cat][multiple]=1&amp;ixwpsf[taxonomy][product_cat][filter]=1\">namas<\/a><a href=\"https:\/\/www.namude.lt\/parduodami-nt-objektai\/?filter_rajonas=anyksciu-rajonas&amp;query_type_rajonas=or\"> Anyk\u0161\u010di\u0173<\/a> mieste, Ukmerg\u0117s g., ramiame gyvenam\u0173j\u0173 nam\u0173 kvartale.\u00a0<\/strong>Namas dviej\u0173 auk\u0161t\u0173, r\u0105stinis,\u00a0<strong>1961<\/strong>\u00a0m. statybos, bendras namo plotas\u00a0<strong>118<\/strong>\u00a0kv. m. Pirmame auk\u0161te yra svetain\u0117, du kambariai, erdvi virtuv\u0117, priestate \u012frengtas tualeto \u2013 vonios kambarys. Antrame auk\u0161te \u012frengti dar du kambariai. Namo vidus tvarkingas, atlikus kosmetin\u012f remont\u0105 galima i\u0161 karto eiti gyventi. Po namu yra r\u016bsys, kuriame \u012frengta katilin\u0117 ir smagi pirtel\u0117. Name \u012frengtas vietinis centrinis \u0161ildymas radiatoriais, \u012fvestas miesto vandentiekis ir nuotekos, ta\u010diau laistymui galima naudoti ir kieme esant\u012f \u0161ulin\u012f. Po pastatais priklauso\u00a0<strong>9,38<\/strong>\u00a0a \u017eem\u0117s sklypas, kuriame \u012frengtas nedidelis dar\u017eas, yra \u0161iltnamis. Taip pat \u0161alia namo stovi geras medinis \u016bkinis pastatas su gara\u017eu. Vos u\u017e<strong>\u00a0200<\/strong>\u00a0m \u2013 \u0160ventosios up\u0117s papl\u016bdimys ir pasivaik\u0161\u010diojimo takai, \u010dia pat ir Kvarco tvenkinys bei Anyk\u0161\u010di\u0173 siaurojo gele\u017einkelio stotis. Iki Anyk\u0161\u010di\u0173 miesto centro \u2013\u00a0<strong>1<\/strong>\u00a0km. Geras namas u\u017e patraukli\u0105 kain\u0105 laukia nauj\u0173 gyventoj\u0173.<\/p>\n","protected":false},"featured_media":4918,"template":"","meta":{"_acf_changed":false},"product_brand":[],"product_cat":[26],"product_tag":[],"class_list":{"0":"post-4917","1":"product","2":"type-product","3":"status-publish","4":"has-post-thumbnail","6":"product_cat-namai","7":"pa_rajonas-anyksciu-rajonas","8":"description-off","10":"first","11":"instock","12":"shipping-taxable","13":"purchasable","14":"product-type-simple"},"acf":[],"yoast_head":"<!-- This site is optimized with the Yoast SEO plugin v27.4 - https:\/\/yoast.com\/product\/yoast-seo-wordpress\/ -->\n<title>NAMAS ANYK\u0160\u010cI\u0172 MIESTE, UKMERG\u0116S G., RAMIAME GYVENAM\u0172J\u0172 NAM\u0172 KVARTALE - Namud\u0117<\/title>\n<meta name=\"robots\" content=\"index, follow, max-snippet:-1, max-image-preview:large, max-video-preview:-1\" \/>\n<link rel=\"canonical\" href=\"https:\/\/www.namude.lt\/objektas\/namas-anyksciu-mieste-ukmerges-g-ramiame-gyvenamuju-namu-kvartale\/\" \/>\n<meta property=\"og:locale\" content=\"ru_RU\" \/>\n<meta property=\"og:type\" content=\"article\" \/>\n<meta property=\"og:title\" content=\"NAMAS ANYK\u0160\u010cI\u0172 MIESTE, UKMERG\u0116S G., RAMIAME GYVENAM\u0172J\u0172 NAM\u0172 KVARTALE - Namud\u0117\" \/>\n<meta property=\"og:description\" content=\"Parduodamas namas Anyk\u0161\u010di\u0173 mieste, Ukmerg\u0117s g., ramiame gyvenam\u0173j\u0173 nam\u0173 kvartale.\u00a0Namas dviej\u0173 auk\u0161t\u0173, r\u0105stinis,\u00a01961\u00a0m. statybos, bendras namo plotas\u00a0118\u00a0kv. m. Pirmame auk\u0161te yra svetain\u0117, du kambariai, erdvi virtuv\u0117, priestate \u012frengtas tualeto \u2013 vonios kambarys. Antrame auk\u0161te \u012frengti dar du kambariai. Namo vidus tvarkingas, atlikus kosmetin\u012f remont\u0105 galima i\u0161 karto eiti gyventi. Po namu yra r\u016bsys, kuriame \u012frengta katilin\u0117 ir smagi pirtel\u0117. Name \u012frengtas vietinis centrinis \u0161ildymas radiatoriais, \u012fvestas miesto vandentiekis ir nuotekos, ta\u010diau laistymui galima naudoti ir kieme esant\u012f \u0161ulin\u012f. Po pastatais priklauso\u00a09,38\u00a0a \u017eem\u0117s sklypas, kuriame \u012frengtas nedidelis dar\u017eas, yra \u0161iltnamis. Taip pat \u0161alia namo stovi geras medinis \u016bkinis pastatas su gara\u017eu. Vos u\u017e\u00a0200\u00a0m \u2013 \u0160ventosios up\u0117s papl\u016bdimys ir pasivaik\u0161\u010diojimo takai, \u010dia pat ir Kvarco tvenkinys bei Anyk\u0161\u010di\u0173 siaurojo gele\u017einkelio stotis. Iki Anyk\u0161\u010di\u0173 miesto centro \u2013\u00a01\u00a0km. Geras namas u\u017e patraukli\u0105 kain\u0105 laukia nauj\u0173 gyventoj\u0173.\" \/>\n<meta property=\"og:url\" content=\"https:\/\/www.namude.lt\/objektas\/namas-anyksciu-mieste-ukmerges-g-ramiame-gyvenamuju-namu-kvartale\/\" \/>\n<meta property=\"og:site_name\" content=\"Namud\u0117\" \/>\n<meta property=\"article:modified_time\" content=\"2024-05-24T09:49:16+00:00\" \/>\n<meta property=\"og:image\" content=\"https:\/\/www.namude.lt\/wp-content\/uploads\/2024\/01\/1-89.jpg\" \/>\n\t<meta property=\"og:image:width\" content=\"840\" \/>\n\t<meta property=\"og:image:height\" content=\"558\" \/>\n\t<meta property=\"og:image:type\" content=\"image\/jpeg\" \/>\n<meta name=\"twitter:card\" content=\"summary_large_image\" \/>\n<script type=\"application\/ld+json\" class=\"yoast-schema-graph\">{\"@context\":\"https:\\\/\\\/schema.org\",\"@graph\":[{\"@type\":\"WebPage\",\"@id\":\"https:\\\/\\\/www.namude.lt\\\/objektas\\\/namas-anyksciu-mieste-ukmerges-g-ramiame-gyvenamuju-namu-kvartale\\\/\",\"url\":\"https:\\\/\\\/www.namude.lt\\\/objektas\\\/namas-anyksciu-mieste-ukmerges-g-ramiame-gyvenamuju-namu-kvartale\\\/\",\"name\":\"NAMAS ANYK\u0160\u010cI\u0172 MIESTE, UKMERG\u0116S G., RAMIAME GYVENAM\u0172J\u0172 NAM\u0172 KVARTALE - Namud\u0117\",\"isPartOf\":{\"@id\":\"https:\\\/\\\/www.namude.lt\\\/#website\"},\"primaryImageOfPage\":{\"@id\":\"https:\\\/\\\/www.namude.lt\\\/objektas\\\/namas-anyksciu-mieste-ukmerges-g-ramiame-gyvenamuju-namu-kvartale\\\/#primaryimage\"},\"image\":{\"@id\":\"https:\\\/\\\/www.namude.lt\\\/objektas\\\/namas-anyksciu-mieste-ukmerges-g-ramiame-gyvenamuju-namu-kvartale\\\/#primaryimage\"},\"thumbnailUrl\":\"https:\\\/\\\/www.namude.lt\\\/wp-content\\\/uploads\\\/2024\\\/01\\\/1-89.jpg\",\"datePublished\":\"2024-01-21T11:47:16+00:00\",\"dateModified\":\"2024-05-24T09:49:16+00:00\",\"breadcrumb\":{\"@id\":\"https:\\\/\\\/www.namude.lt\\\/objektas\\\/namas-anyksciu-mieste-ukmerges-g-ramiame-gyvenamuju-namu-kvartale\\\/#breadcrumb\"},\"inLanguage\":\"ru-RU\",\"potentialAction\":[{\"@type\":\"ReadAction\",\"target\":[\"https:\\\/\\\/www.namude.lt\\\/objektas\\\/namas-anyksciu-mieste-ukmerges-g-ramiame-gyvenamuju-namu-kvartale\\\/\"]}]},{\"@type\":\"ImageObject\",\"inLanguage\":\"ru-RU\",\"@id\":\"https:\\\/\\\/www.namude.lt\\\/objektas\\\/namas-anyksciu-mieste-ukmerges-g-ramiame-gyvenamuju-namu-kvartale\\\/#primaryimage\",\"url\":\"https:\\\/\\\/www.namude.lt\\\/wp-content\\\/uploads\\\/2024\\\/01\\\/1-89.jpg\",\"contentUrl\":\"https:\\\/\\\/www.namude.lt\\\/wp-content\\\/uploads\\\/2024\\\/01\\\/1-89.jpg\",\"width\":840,\"height\":558},{\"@type\":\"BreadcrumbList\",\"@id\":\"https:\\\/\\\/www.namude.lt\\\/objektas\\\/namas-anyksciu-mieste-ukmerges-g-ramiame-gyvenamuju-namu-kvartale\\\/#breadcrumb\",\"itemListElement\":[{\"@type\":\"ListItem\",\"position\":1,\"name\":\"Home\",\"item\":\"https:\\\/\\\/www.namude.lt\\\/ru\\\/\"},{\"@type\":\"ListItem\",\"position\":2,\"name\":\"\u041e\u0431\u044a\u0435\u043a\u0442\u044b\",\"item\":\"https:\\\/\\\/www.namude.lt\\\/ru\\\/%d0%be%d0%b1%d1%8a%d0%b5%d0%ba%d1%82%d1%8b\\\/\"},{\"@type\":\"ListItem\",\"position\":3,\"name\":\"NAMAS ANYK\u0160\u010cI\u0172 MIESTE, UKMERG\u0116S G., RAMIAME GYVENAM\u0172J\u0172 NAM\u0172 KVARTALE\"}]},{\"@type\":\"WebSite\",\"@id\":\"https:\\\/\\\/www.namude.lt\\\/#website\",\"url\":\"https:\\\/\\\/www.namude.lt\\\/\",\"name\":\"Namud\u0117\",\"description\":\"\u201eNamud\u0117\u201c \u2013 agent\u016bra, pardavin\u0117janti Auk\u0161taitijos NT grynuolius.\",\"publisher\":{\"@id\":\"https:\\\/\\\/www.namude.lt\\\/#organization\"},\"potentialAction\":[{\"@type\":\"SearchAction\",\"target\":{\"@type\":\"EntryPoint\",\"urlTemplate\":\"https:\\\/\\\/www.namude.lt\\\/?s={search_term_string}\"},\"query-input\":{\"@type\":\"PropertyValueSpecification\",\"valueRequired\":true,\"valueName\":\"search_term_string\"}}],\"inLanguage\":\"ru-RU\"},{\"@type\":\"Organization\",\"@id\":\"https:\\\/\\\/www.namude.lt\\\/#organization\",\"name\":\"Namud\u0117\",\"url\":\"https:\\\/\\\/www.namude.lt\\\/\",\"logo\":{\"@type\":\"ImageObject\",\"inLanguage\":\"ru-RU\",\"@id\":\"https:\\\/\\\/www.namude.lt\\\/#\\\/schema\\\/logo\\\/image\\\/\",\"url\":\"https:\\\/\\\/www.namude.lt\\\/wp-content\\\/uploads\\\/2023\\\/11\\\/logo-symbol.svg\",\"contentUrl\":\"https:\\\/\\\/www.namude.lt\\\/wp-content\\\/uploads\\\/2023\\\/11\\\/logo-symbol.svg\",\"width\":1,\"height\":1,\"caption\":\"Namud\u0117\"},\"image\":{\"@id\":\"https:\\\/\\\/www.namude.lt\\\/#\\\/schema\\\/logo\\\/image\\\/\"}}]}<\/script>\n<!-- \/ Yoast SEO plugin. -->","yoast_head_json":{"title":"NAMAS ANYK\u0160\u010cI\u0172 MIESTE, UKMERG\u0116S G., RAMIAME GYVENAM\u0172J\u0172 NAM\u0172 KVARTALE - Namud\u0117","robots":{"index":"index","follow":"follow","max-snippet":"max-snippet:-1","max-image-preview":"max-image-preview:large","max-video-preview":"max-video-preview:-1"},"canonical":"https:\/\/www.namude.lt\/objektas\/namas-anyksciu-mieste-ukmerges-g-ramiame-gyvenamuju-namu-kvartale\/","og_locale":"ru_RU","og_type":"article","og_title":"NAMAS ANYK\u0160\u010cI\u0172 MIESTE, UKMERG\u0116S G., RAMIAME GYVENAM\u0172J\u0172 NAM\u0172 KVARTALE - Namud\u0117","og_description":"Parduodamas namas Anyk\u0161\u010di\u0173 mieste, Ukmerg\u0117s g., ramiame gyvenam\u0173j\u0173 nam\u0173 kvartale.\u00a0Namas dviej\u0173 auk\u0161t\u0173, r\u0105stinis,\u00a01961\u00a0m. statybos, bendras namo plotas\u00a0118\u00a0kv. m. Pirmame auk\u0161te yra svetain\u0117, du kambariai, erdvi virtuv\u0117, priestate \u012frengtas tualeto \u2013 vonios kambarys. Antrame auk\u0161te \u012frengti dar du kambariai. Namo vidus tvarkingas, atlikus kosmetin\u012f remont\u0105 galima i\u0161 karto eiti gyventi. Po namu yra r\u016bsys, kuriame \u012frengta katilin\u0117 ir smagi pirtel\u0117. Name \u012frengtas vietinis centrinis \u0161ildymas radiatoriais, \u012fvestas miesto vandentiekis ir nuotekos, ta\u010diau laistymui galima naudoti ir kieme esant\u012f \u0161ulin\u012f. Po pastatais priklauso\u00a09,38\u00a0a \u017eem\u0117s sklypas, kuriame \u012frengtas nedidelis dar\u017eas, yra \u0161iltnamis. Taip pat \u0161alia namo stovi geras medinis \u016bkinis pastatas su gara\u017eu. Vos u\u017e\u00a0200\u00a0m \u2013 \u0160ventosios up\u0117s papl\u016bdimys ir pasivaik\u0161\u010diojimo takai, \u010dia pat ir Kvarco tvenkinys bei Anyk\u0161\u010di\u0173 siaurojo gele\u017einkelio stotis. Iki Anyk\u0161\u010di\u0173 miesto centro \u2013\u00a01\u00a0km. Geras namas u\u017e patraukli\u0105 kain\u0105 laukia nauj\u0173 gyventoj\u0173.","og_url":"https:\/\/www.namude.lt\/objektas\/namas-anyksciu-mieste-ukmerges-g-ramiame-gyvenamuju-namu-kvartale\/","og_site_name":"Namud\u0117","article_modified_time":"2024-05-24T09:49:16+00:00","og_image":[{"width":840,"height":558,"url":"https:\/\/www.namude.lt\/wp-content\/uploads\/2024\/01\/1-89.jpg","type":"image\/jpeg"}],"twitter_card":"summary_large_image","schema":{"@context":"https:\/\/schema.org","@graph":[{"@type":"WebPage","@id":"https:\/\/www.namude.lt\/objektas\/namas-anyksciu-mieste-ukmerges-g-ramiame-gyvenamuju-namu-kvartale\/","url":"https:\/\/www.namude.lt\/objektas\/namas-anyksciu-mieste-ukmerges-g-ramiame-gyvenamuju-namu-kvartale\/","name":"NAMAS ANYK\u0160\u010cI\u0172 MIESTE, UKMERG\u0116S G., RAMIAME GYVENAM\u0172J\u0172 NAM\u0172 KVARTALE - Namud\u0117","isPartOf":{"@id":"https:\/\/www.namude.lt\/#website"},"primaryImageOfPage":{"@id":"https:\/\/www.namude.lt\/objektas\/namas-anyksciu-mieste-ukmerges-g-ramiame-gyvenamuju-namu-kvartale\/#primaryimage"},"image":{"@id":"https:\/\/www.namude.lt\/objektas\/namas-anyksciu-mieste-ukmerges-g-ramiame-gyvenamuju-namu-kvartale\/#primaryimage"},"thumbnailUrl":"https:\/\/www.namude.lt\/wp-content\/uploads\/2024\/01\/1-89.jpg","datePublished":"2024-01-21T11:47:16+00:00","dateModified":"2024-05-24T09:49:16+00:00","breadcrumb":{"@id":"https:\/\/www.namude.lt\/objektas\/namas-anyksciu-mieste-ukmerges-g-ramiame-gyvenamuju-namu-kvartale\/#breadcrumb"},"inLanguage":"ru-RU","potentialAction":[{"@type":"ReadAction","target":["https:\/\/www.namude.lt\/objektas\/namas-anyksciu-mieste-ukmerges-g-ramiame-gyvenamuju-namu-kvartale\/"]}]},{"@type":"ImageObject","inLanguage":"ru-RU","@id":"https:\/\/www.namude.lt\/objektas\/namas-anyksciu-mieste-ukmerges-g-ramiame-gyvenamuju-namu-kvartale\/#primaryimage","url":"https:\/\/www.namude.lt\/wp-content\/uploads\/2024\/01\/1-89.jpg","contentUrl":"https:\/\/www.namude.lt\/wp-content\/uploads\/2024\/01\/1-89.jpg","width":840,"height":558},{"@type":"BreadcrumbList","@id":"https:\/\/www.namude.lt\/objektas\/namas-anyksciu-mieste-ukmerges-g-ramiame-gyvenamuju-namu-kvartale\/#breadcrumb","itemListElement":[{"@type":"ListItem","position":1,"name":"Home","item":"https:\/\/www.namude.lt\/ru\/"},{"@type":"ListItem","position":2,"name":"\u041e\u0431\u044a\u0435\u043a\u0442\u044b","item":"https:\/\/www.namude.lt\/ru\/%d0%be%d0%b1%d1%8a%d0%b5%d0%ba%d1%82%d1%8b\/"},{"@type":"ListItem","position":3,"name":"NAMAS ANYK\u0160\u010cI\u0172 MIESTE, UKMERG\u0116S G., RAMIAME GYVENAM\u0172J\u0172 NAM\u0172 KVARTALE"}]},{"@type":"WebSite","@id":"https:\/\/www.namude.lt\/#website","url":"https:\/\/www.namude.lt\/","name":"Namud\u0117","description":"\u201eNamud\u0117\u201c \u2013 agent\u016bra, pardavin\u0117janti Auk\u0161taitijos NT grynuolius.","publisher":{"@id":"https:\/\/www.namude.lt\/#organization"},"potentialAction":[{"@type":"SearchAction","target":{"@type":"EntryPoint","urlTemplate":"https:\/\/www.namude.lt\/?s={search_term_string}"},"query-input":{"@type":"PropertyValueSpecification","valueRequired":true,"valueName":"search_term_string"}}],"inLanguage":"ru-RU"},{"@type":"Organization","@id":"https:\/\/www.namude.lt\/#organization","name":"Namud\u0117","url":"https:\/\/www.namude.lt\/","logo":{"@type":"ImageObject","inLanguage":"ru-RU","@id":"https:\/\/www.namude.lt\/#\/schema\/logo\/image\/","url":"https:\/\/www.namude.lt\/wp-content\/uploads\/2023\/11\/logo-symbol.svg","contentUrl":"https:\/\/www.namude.lt\/wp-content\/uploads\/2023\/11\/logo-symbol.svg","width":1,"height":1,"caption":"Namud\u0117"},"image":{"@id":"https:\/\/www.namude.lt\/#\/schema\/logo\/image\/"}}]}},"_links":{"self":[{"href":"https:\/\/www.namude.lt\/ru\/wp-json\/wp\/v2\/product\/4917","targetHints":{"allow":["GET"]}}],"collection":[{"href":"https:\/\/www.namude.lt\/ru\/wp-json\/wp\/v2\/product"}],"about":[{"href":"https:\/\/www.namude.lt\/ru\/wp-json\/wp\/v2\/types\/product"}],"wp:featuredmedia":[{"embeddable":true,"href":"https:\/\/www.namude.lt\/ru\/wp-json\/wp\/v2\/media\/4918"}],"wp:attachment":[{"href":"https:\/\/www.namude.lt\/ru\/wp-json\/wp\/v2\/media?parent=4917"}],"wp:term":[{"taxonomy":"product_brand","embeddable":true,"href":"https:\/\/www.namude.lt\/ru\/wp-json\/wp\/v2\/product_brand?post=4917"},{"taxonomy":"product_cat","embeddable":true,"href":"https:\/\/www.namude.lt\/ru\/wp-json\/wp\/v2\/product_cat?post=4917"},{"taxonomy":"product_tag","embeddable":true,"href":"https:\/\/www.namude.lt\/ru\/wp-json\/wp\/v2\/product_tag?post=4917"}],"curies":[{"name":"wp","href":"https:\/\/api.w.org\/{rel}","templated":true}]}}