{"id":4840,"date":"2024-01-26T13:42:57","date_gmt":"2024-01-26T11:42:57","guid":{"rendered":"https:\/\/www.namude.lt\/?post_type=product&#038;p=4840"},"modified":"2025-11-03T11:35:45","modified_gmt":"2025-11-03T09:35:45","slug":"4-kambariu-butas-kotedzas-anyksciu-r-graziame-azuozeriu-kaime-ezero-g-3","status":"publish","type":"product","link":"https:\/\/www.namude.lt\/ru\/\u043e\u0431\u044a\u0435\u043a\u0442\/4-kambariu-butas-kotedzas-anyksciu-r-graziame-azuozeriu-kaime-ezero-g-3\/","title":{"rendered":"4 KAMBARI\u0172 BUTAS &#8212; KOTED\u017dAS ANYK\u0160\u010cI\u0172 R., GRA\u017dIAME A\u017dUO\u017dERI\u0172 KAIME, E\u017dERO G. 3"},"content":{"rendered":"<p><span style=\"vertical-align: inherit\"><span style=\"vertical-align: inherit\">\u0160alia namo yra tik \u0161iam butui priklausanti valstybin\u0117s \u017eem\u0117s dalis: privatus kiemas, apsodintas dekoratyviais med\u017eiais ir augalais, pav\u0117sin\u0117, dar\u017eas, \u0161iltnamis. Priklauso tvirtas m\u016brinis \u016bkinis pastatas, kuriame yra gara\u017eas, \u012fvesta trifaz\u0117 elektra, antrame auk\u0161te galima \u012fsirengti papildomus kambarius. Aplink gyvena draugi\u0161ki kaimynai. A\u017euo\u017eeri\u0173 kaimas \u012fsik\u016br\u0119s vaizdingoje vietoje, greta Anyk\u0161\u010di\u0173 regioninio parko, Pienioni\u0173 mi\u0161ko. Vos u\u017e <\/span><\/span><strong><span style=\"vertical-align: inherit\"><span style=\"vertical-align: inherit\">400\u00a0<\/span><\/span><\/strong><span style=\"vertical-align: inherit\"><span style=\"vertical-align: inherit\"> m nuo namo telk\u0161o Ilgio e\u017eeras, o u\u017e\u00a0 <\/span><\/span><strong><span style=\"vertical-align: inherit\"><span style=\"vertical-align: inherit\">2\u00a0<\/span><\/span><\/strong><span style=\"vertical-align: inherit\"><span style=\"vertical-align: inherit\"> km teka up\u0117 \u0160ventoji, palei kuri\u0105 driekiasi \u0160ventosios gamtinis pa\u017eintinis takas. Vieta strategi\u0161kai patogiai: \u0161alia pagrindinis kelias Anyk\u0161\u010diai \u2013 Kavarskas ir vie\u0161ojo susisiekimo stotel\u0117, kursuoja autobusai \u012f Anyk\u0161\u010dius, Ukmerg\u0119, Vilni\u0173. A\u017euo\u017eeri\u0173 kaime yra maisto preki\u0173 parduotuv\u0117, biblioteka, seni\u016bnija, stipri vietos bendruomen\u0117. Iki Anyk\u0161\u010di\u0173 \u2013\u00a0 <\/span><\/span><strong><span style=\"vertical-align: inherit\"><span style=\"vertical-align: inherit\">4\u00a0<\/span><\/span><\/strong><span style=\"vertical-align: inherit\"><span style=\"vertical-align: inherit\"> km , iki Vilniaus \u2013\u00a0 <\/span><\/span><strong><span style=\"vertical-align: inherit\"><span style=\"vertical-align: inherit\">104<\/span><\/span><\/strong><span style=\"vertical-align: inherit\"><span style=\"vertical-align: inherit\"> \u00a0km. Puikus butas jusu patogiam gyvenimui ir poilsiui.<\/span><\/span><\/p>\n","protected":false},"excerpt":{"rendered":"<p><strong><span style=\"vertical-align: inherit\"><span style=\"vertical-align: inherit\">Parduodamas 4 kambari\u0173 butas &#8212; koted\u017eas <\/span><\/span><a href=\"https:\/\/www.namude.lt\/kategorija\/namai\/?filter_rajonas=anyksciu-rajonas&amp;query_type_rajonas=or\"><span style=\"vertical-align: inherit\"><span style=\"vertical-align: inherit\">Anyk\u0161\u010di\u0173 r<\/span><\/span><\/a><span style=\"vertical-align: inherit\"><span style=\"vertical-align: inherit\"> ., gra\u017eiame A\u017euo\u017eeri\u0173 kaime, E\u017eero g. 3, vos 4 km nuo Anyk\u0161\u010di\u0173 miesto ribos.\u00a0<\/span><\/span><\/strong><span style=\"vertical-align: inherit\"><span style=\"vertical-align: inherit\"> Buto bendras sklypas\u00a0 <\/span><\/span><strong><span style=\"vertical-align: inherit\"><span style=\"vertical-align: inherit\">90\u00a0<\/span><\/span><\/strong><span style=\"vertical-align: inherit\"><span style=\"vertical-align: inherit\"> kv. m., butas i\u0161sid\u0117st\u0119s per du auk\u0161tus, yra patogus atskiras \u012f\u0117jimas. Namas m\u016brinis,\u00a0 <\/span><\/span><strong><span style=\"vertical-align: inherit\"><span style=\"vertical-align: inherit\">1972\u00a0<\/span><\/span><\/strong><span style=\"vertical-align: inherit\"><span style=\"vertical-align: inherit\"> m statybos. Pirmame auk\u0161te yra prie\u0161kambaris, katilin\u0117,\u00a0 <\/span><\/span><strong><span style=\"vertical-align: inherit\"><span style=\"vertical-align: inherit\">10<\/span><\/span><\/strong><span style=\"vertical-align: inherit\"><span style=\"vertical-align: inherit\"> \u00a0kv. m. virtuv\u0117, erdvi\u00a0 <\/span><\/span><strong><span style=\"vertical-align: inherit\"><span style=\"vertical-align: inherit\">21,4\u00a0<\/span><\/span><\/strong><span style=\"vertical-align: inherit\"><span style=\"vertical-align: inherit\"> kv. m. svetain\u0117,\u00a0 <\/span><\/span><strong><span style=\"vertical-align: inherit\"><span style=\"vertical-align: inherit\">4\u00a0<\/span><\/span><\/strong><span style=\"vertical-align: inherit\"><span style=\"vertical-align: inherit\"> kv. m vonios kambarys &#8212; tualeto kambarys. Antrame auk\u0161te \u2013 3 atskiri, nepereinami\u00a0 <\/span><\/span><strong><span style=\"vertical-align: inherit\"><span style=\"vertical-align: inherit\">10\u00a0<\/span><\/span><\/strong><span style=\"vertical-align: inherit\"><span style=\"vertical-align: inherit\"> kv. m,\u00a0 <\/span><\/span><strong><span style=\"vertical-align: inherit\"><span style=\"vertical-align: inherit\">11\u00a0<\/span><\/span><\/strong><span style=\"vertical-align: inherit\"><span style=\"vertical-align: inherit\"> kv.m ir\u00a0 <\/span><\/span><strong><span style=\"vertical-align: inherit\"><span style=\"vertical-align: inherit\">12,7\u00a0<\/span><\/span><\/strong><span style=\"vertical-align: inherit\"><span style=\"vertical-align: inherit\"> kv. m. kambariai, koridorius, vieta san. mazgui, erdvi \u012fstiklinta terasa, balkonas. I\u0161 dalies pakeisti plastikiniai langai. Reikalingas vidaus remontas, bet but\u0105 galima \u012fsirengti pagal savo norus bei turim\u0105 biud\u017eet\u0105. Labai pigus buto i\u0161laikymas: \u0161ildymas centr alizuotas, kieto kuro katilu, \u012fvestas miesto vandentiekis ir kanalizacija. Taip pat priklauso\u00a0 <\/span><\/span><strong><span style=\"vertical-align: inherit\"><span style=\"vertical-align: inherit\">16,8<\/span><\/span><\/strong><span style=\"vertical-align: inherit\"><span style=\"vertical-align: inherit\"> \u00a0kv. m. r\u016bsys, kuriame yra kelios atskiros patalpos, galima \u012fsirengti pirt\u012f. Butas \u0161viesus, langai orientuoti pietvakari\u0173 ir \u0161iaur\u0117s ryt\u0173 kryptimi.<\/span><\/span><\/p>\n","protected":false},"featured_media":8762,"template":"","meta":{"_acf_changed":false},"product_brand":[],"product_cat":[75],"product_tag":[],"class_list":{"0":"post-4840","1":"product","2":"type-product","3":"status-publish","4":"has-post-thumbnail","6":"product_cat-parduota","7":"description-off","9":"first","10":"instock","11":"shipping-taxable","12":"purchasable","13":"product-type-simple"},"acf":[],"yoast_head":"<!-- This site is optimized with the Yoast SEO plugin v27.4 - https:\/\/yoast.com\/product\/yoast-seo-wordpress\/ -->\n<title>4 KAMBARI\u0172 BUTAS - KOTED\u017dAS ANYK\u0160\u010cI\u0172 R., GRA\u017dIAME A\u017dUO\u017dERI\u0172 KAIME, E\u017dERO G. 3 - Namud\u0117<\/title>\n<meta name=\"robots\" content=\"index, follow, max-snippet:-1, max-image-preview:large, max-video-preview:-1\" \/>\n<link rel=\"canonical\" href=\"https:\/\/www.namude.lt\/objektas\/4-kambariu-butas-kotedzas-anyksciu-r-graziame-azuozeriu-kaime-ezero-g-3\/\" \/>\n<meta property=\"og:locale\" content=\"ru_RU\" \/>\n<meta property=\"og:type\" content=\"article\" \/>\n<meta property=\"og:title\" content=\"4 KAMBARI\u0172 BUTAS - KOTED\u017dAS ANYK\u0160\u010cI\u0172 R., GRA\u017dIAME A\u017dUO\u017dERI\u0172 KAIME, E\u017dERO G. 3 - Namud\u0117\" \/>\n<meta property=\"og:description\" content=\"Parduodamas 4 kambari\u0173 butas - koted\u017eas Anyk\u0161\u010di\u0173 r ., gra\u017eiame A\u017euo\u017eeri\u0173 kaime, E\u017eero g. 3, vos 4 km nuo Anyk\u0161\u010di\u0173 miesto ribos.\u00a0 Buto bendras sklypas\u00a0 90\u00a0 kv. m., butas i\u0161sid\u0117st\u0119s per du auk\u0161tus, yra patogus atskiras \u012f\u0117jimas. Namas m\u016brinis,\u00a0 1972\u00a0 m statybos. Pirmame auk\u0161te yra prie\u0161kambaris, katilin\u0117,\u00a0 10 \u00a0kv. m. virtuv\u0117, erdvi\u00a0 21,4\u00a0 kv. m. svetain\u0117,\u00a0 4\u00a0 kv. m vonios kambarys - tualeto kambarys. Antrame auk\u0161te \u2013 3 atskiri, nepereinami\u00a0 10\u00a0 kv. m,\u00a0 11\u00a0 kv.m ir\u00a0 12,7\u00a0 kv. m. kambariai, koridorius, vieta san. mazgui, erdvi \u012fstiklinta terasa, balkonas. I\u0161 dalies pakeisti plastikiniai langai. Reikalingas vidaus remontas, bet but\u0105 galima \u012fsirengti pagal savo norus bei turim\u0105 biud\u017eet\u0105. Labai pigus buto i\u0161laikymas: \u0161ildymas centr alizuotas, kieto kuro katilu, \u012fvestas miesto vandentiekis ir kanalizacija. Taip pat priklauso\u00a0 16,8 \u00a0kv. m. r\u016bsys, kuriame yra kelios atskiros patalpos, galima \u012fsirengti pirt\u012f. Butas \u0161viesus, langai orientuoti pietvakari\u0173 ir \u0161iaur\u0117s ryt\u0173 kryptimi.\" \/>\n<meta property=\"og:url\" content=\"https:\/\/www.namude.lt\/objektas\/4-kambariu-butas-kotedzas-anyksciu-r-graziame-azuozeriu-kaime-ezero-g-3\/\" \/>\n<meta property=\"og:site_name\" content=\"Namud\u0117\" \/>\n<meta property=\"article:modified_time\" content=\"2025-11-03T09:35:45+00:00\" \/>\n<meta property=\"og:image\" content=\"https:\/\/www.namude.lt\/wp-content\/uploads\/2024\/01\/3-126.jpg\" \/>\n\t<meta property=\"og:image:width\" content=\"840\" \/>\n\t<meta property=\"og:image:height\" content=\"630\" \/>\n\t<meta property=\"og:image:type\" content=\"image\/jpeg\" \/>\n<meta name=\"twitter:card\" content=\"summary_large_image\" \/>\n<meta name=\"twitter:label1\" content=\"\u041f\u0440\u0438\u043c\u0435\u0440\u043d\u043e\u0435 \u0432\u0440\u0435\u043c\u044f \u0434\u043b\u044f \u0447\u0442\u0435\u043d\u0438\u044f\" \/>\n\t<meta name=\"twitter:data1\" content=\"1 \u043c\u0438\u043d\u0443\u0442\u0430\" \/>\n<script type=\"application\/ld+json\" class=\"yoast-schema-graph\">{\"@context\":\"https:\\\/\\\/schema.org\",\"@graph\":[{\"@type\":\"WebPage\",\"@id\":\"https:\\\/\\\/www.namude.lt\\\/objektas\\\/4-kambariu-butas-kotedzas-anyksciu-r-graziame-azuozeriu-kaime-ezero-g-3\\\/\",\"url\":\"https:\\\/\\\/www.namude.lt\\\/objektas\\\/4-kambariu-butas-kotedzas-anyksciu-r-graziame-azuozeriu-kaime-ezero-g-3\\\/\",\"name\":\"4 KAMBARI\u0172 BUTAS - KOTED\u017dAS ANYK\u0160\u010cI\u0172 R., GRA\u017dIAME A\u017dUO\u017dERI\u0172 KAIME, E\u017dERO G. 3 - Namud\u0117\",\"isPartOf\":{\"@id\":\"https:\\\/\\\/www.namude.lt\\\/#website\"},\"primaryImageOfPage\":{\"@id\":\"https:\\\/\\\/www.namude.lt\\\/objektas\\\/4-kambariu-butas-kotedzas-anyksciu-r-graziame-azuozeriu-kaime-ezero-g-3\\\/#primaryimage\"},\"image\":{\"@id\":\"https:\\\/\\\/www.namude.lt\\\/objektas\\\/4-kambariu-butas-kotedzas-anyksciu-r-graziame-azuozeriu-kaime-ezero-g-3\\\/#primaryimage\"},\"thumbnailUrl\":\"https:\\\/\\\/www.namude.lt\\\/wp-content\\\/uploads\\\/2024\\\/01\\\/3-126.jpg\",\"datePublished\":\"2024-01-26T11:42:57+00:00\",\"dateModified\":\"2025-11-03T09:35:45+00:00\",\"breadcrumb\":{\"@id\":\"https:\\\/\\\/www.namude.lt\\\/objektas\\\/4-kambariu-butas-kotedzas-anyksciu-r-graziame-azuozeriu-kaime-ezero-g-3\\\/#breadcrumb\"},\"inLanguage\":\"ru-RU\",\"potentialAction\":[{\"@type\":\"ReadAction\",\"target\":[\"https:\\\/\\\/www.namude.lt\\\/objektas\\\/4-kambariu-butas-kotedzas-anyksciu-r-graziame-azuozeriu-kaime-ezero-g-3\\\/\"]}]},{\"@type\":\"ImageObject\",\"inLanguage\":\"ru-RU\",\"@id\":\"https:\\\/\\\/www.namude.lt\\\/objektas\\\/4-kambariu-butas-kotedzas-anyksciu-r-graziame-azuozeriu-kaime-ezero-g-3\\\/#primaryimage\",\"url\":\"https:\\\/\\\/www.namude.lt\\\/wp-content\\\/uploads\\\/2024\\\/01\\\/3-126.jpg\",\"contentUrl\":\"https:\\\/\\\/www.namude.lt\\\/wp-content\\\/uploads\\\/2024\\\/01\\\/3-126.jpg\",\"width\":840,\"height\":630},{\"@type\":\"BreadcrumbList\",\"@id\":\"https:\\\/\\\/www.namude.lt\\\/objektas\\\/4-kambariu-butas-kotedzas-anyksciu-r-graziame-azuozeriu-kaime-ezero-g-3\\\/#breadcrumb\",\"itemListElement\":[{\"@type\":\"ListItem\",\"position\":1,\"name\":\"Home\",\"item\":\"https:\\\/\\\/www.namude.lt\\\/ru\\\/\"},{\"@type\":\"ListItem\",\"position\":2,\"name\":\"\u041e\u0431\u044a\u0435\u043a\u0442\u044b\",\"item\":\"https:\\\/\\\/www.namude.lt\\\/ru\\\/%d0%be%d0%b1%d1%8a%d0%b5%d0%ba%d1%82%d1%8b\\\/\"},{\"@type\":\"ListItem\",\"position\":3,\"name\":\"4 KAMBARI\u0172 BUTAS &#8211; KOTED\u017dAS ANYK\u0160\u010cI\u0172 R., GRA\u017dIAME A\u017dUO\u017dERI\u0172 KAIME, E\u017dERO G. 3\"}]},{\"@type\":\"WebSite\",\"@id\":\"https:\\\/\\\/www.namude.lt\\\/#website\",\"url\":\"https:\\\/\\\/www.namude.lt\\\/\",\"name\":\"Namud\u0117\",\"description\":\"\u201eNamud\u0117\u201c \u2013 agent\u016bra, pardavin\u0117janti Auk\u0161taitijos NT grynuolius.\",\"publisher\":{\"@id\":\"https:\\\/\\\/www.namude.lt\\\/#organization\"},\"potentialAction\":[{\"@type\":\"SearchAction\",\"target\":{\"@type\":\"EntryPoint\",\"urlTemplate\":\"https:\\\/\\\/www.namude.lt\\\/?s={search_term_string}\"},\"query-input\":{\"@type\":\"PropertyValueSpecification\",\"valueRequired\":true,\"valueName\":\"search_term_string\"}}],\"inLanguage\":\"ru-RU\"},{\"@type\":\"Organization\",\"@id\":\"https:\\\/\\\/www.namude.lt\\\/#organization\",\"name\":\"Namud\u0117\",\"url\":\"https:\\\/\\\/www.namude.lt\\\/\",\"logo\":{\"@type\":\"ImageObject\",\"inLanguage\":\"ru-RU\",\"@id\":\"https:\\\/\\\/www.namude.lt\\\/#\\\/schema\\\/logo\\\/image\\\/\",\"url\":\"https:\\\/\\\/www.namude.lt\\\/wp-content\\\/uploads\\\/2023\\\/11\\\/logo-symbol.svg\",\"contentUrl\":\"https:\\\/\\\/www.namude.lt\\\/wp-content\\\/uploads\\\/2023\\\/11\\\/logo-symbol.svg\",\"width\":1,\"height\":1,\"caption\":\"Namud\u0117\"},\"image\":{\"@id\":\"https:\\\/\\\/www.namude.lt\\\/#\\\/schema\\\/logo\\\/image\\\/\"}}]}<\/script>\n<!-- \/ Yoast SEO plugin. -->","yoast_head_json":{"title":"4 KAMBARI\u0172 BUTAS - KOTED\u017dAS ANYK\u0160\u010cI\u0172 R., GRA\u017dIAME A\u017dUO\u017dERI\u0172 KAIME, E\u017dERO G. 3 - Namud\u0117","robots":{"index":"index","follow":"follow","max-snippet":"max-snippet:-1","max-image-preview":"max-image-preview:large","max-video-preview":"max-video-preview:-1"},"canonical":"https:\/\/www.namude.lt\/objektas\/4-kambariu-butas-kotedzas-anyksciu-r-graziame-azuozeriu-kaime-ezero-g-3\/","og_locale":"ru_RU","og_type":"article","og_title":"4 KAMBARI\u0172 BUTAS - KOTED\u017dAS ANYK\u0160\u010cI\u0172 R., GRA\u017dIAME A\u017dUO\u017dERI\u0172 KAIME, E\u017dERO G. 3 - Namud\u0117","og_description":"Parduodamas 4 kambari\u0173 butas - koted\u017eas Anyk\u0161\u010di\u0173 r ., gra\u017eiame A\u017euo\u017eeri\u0173 kaime, E\u017eero g. 3, vos 4 km nuo Anyk\u0161\u010di\u0173 miesto ribos.\u00a0 Buto bendras sklypas\u00a0 90\u00a0 kv. m., butas i\u0161sid\u0117st\u0119s per du auk\u0161tus, yra patogus atskiras \u012f\u0117jimas. Namas m\u016brinis,\u00a0 1972\u00a0 m statybos. Pirmame auk\u0161te yra prie\u0161kambaris, katilin\u0117,\u00a0 10 \u00a0kv. m. virtuv\u0117, erdvi\u00a0 21,4\u00a0 kv. m. svetain\u0117,\u00a0 4\u00a0 kv. m vonios kambarys - tualeto kambarys. Antrame auk\u0161te \u2013 3 atskiri, nepereinami\u00a0 10\u00a0 kv. m,\u00a0 11\u00a0 kv.m ir\u00a0 12,7\u00a0 kv. m. kambariai, koridorius, vieta san. mazgui, erdvi \u012fstiklinta terasa, balkonas. I\u0161 dalies pakeisti plastikiniai langai. Reikalingas vidaus remontas, bet but\u0105 galima \u012fsirengti pagal savo norus bei turim\u0105 biud\u017eet\u0105. Labai pigus buto i\u0161laikymas: \u0161ildymas centr alizuotas, kieto kuro katilu, \u012fvestas miesto vandentiekis ir kanalizacija. Taip pat priklauso\u00a0 16,8 \u00a0kv. m. r\u016bsys, kuriame yra kelios atskiros patalpos, galima \u012fsirengti pirt\u012f. Butas \u0161viesus, langai orientuoti pietvakari\u0173 ir \u0161iaur\u0117s ryt\u0173 kryptimi.","og_url":"https:\/\/www.namude.lt\/objektas\/4-kambariu-butas-kotedzas-anyksciu-r-graziame-azuozeriu-kaime-ezero-g-3\/","og_site_name":"Namud\u0117","article_modified_time":"2025-11-03T09:35:45+00:00","og_image":[{"width":840,"height":630,"url":"https:\/\/www.namude.lt\/wp-content\/uploads\/2024\/01\/3-126.jpg","type":"image\/jpeg"}],"twitter_card":"summary_large_image","twitter_misc":{"\u041f\u0440\u0438\u043c\u0435\u0440\u043d\u043e\u0435 \u0432\u0440\u0435\u043c\u044f \u0434\u043b\u044f \u0447\u0442\u0435\u043d\u0438\u044f":"1 \u043c\u0438\u043d\u0443\u0442\u0430"},"schema":{"@context":"https:\/\/schema.org","@graph":[{"@type":"WebPage","@id":"https:\/\/www.namude.lt\/objektas\/4-kambariu-butas-kotedzas-anyksciu-r-graziame-azuozeriu-kaime-ezero-g-3\/","url":"https:\/\/www.namude.lt\/objektas\/4-kambariu-butas-kotedzas-anyksciu-r-graziame-azuozeriu-kaime-ezero-g-3\/","name":"4 KAMBARI\u0172 BUTAS - KOTED\u017dAS ANYK\u0160\u010cI\u0172 R., GRA\u017dIAME A\u017dUO\u017dERI\u0172 KAIME, E\u017dERO G. 3 - Namud\u0117","isPartOf":{"@id":"https:\/\/www.namude.lt\/#website"},"primaryImageOfPage":{"@id":"https:\/\/www.namude.lt\/objektas\/4-kambariu-butas-kotedzas-anyksciu-r-graziame-azuozeriu-kaime-ezero-g-3\/#primaryimage"},"image":{"@id":"https:\/\/www.namude.lt\/objektas\/4-kambariu-butas-kotedzas-anyksciu-r-graziame-azuozeriu-kaime-ezero-g-3\/#primaryimage"},"thumbnailUrl":"https:\/\/www.namude.lt\/wp-content\/uploads\/2024\/01\/3-126.jpg","datePublished":"2024-01-26T11:42:57+00:00","dateModified":"2025-11-03T09:35:45+00:00","breadcrumb":{"@id":"https:\/\/www.namude.lt\/objektas\/4-kambariu-butas-kotedzas-anyksciu-r-graziame-azuozeriu-kaime-ezero-g-3\/#breadcrumb"},"inLanguage":"ru-RU","potentialAction":[{"@type":"ReadAction","target":["https:\/\/www.namude.lt\/objektas\/4-kambariu-butas-kotedzas-anyksciu-r-graziame-azuozeriu-kaime-ezero-g-3\/"]}]},{"@type":"ImageObject","inLanguage":"ru-RU","@id":"https:\/\/www.namude.lt\/objektas\/4-kambariu-butas-kotedzas-anyksciu-r-graziame-azuozeriu-kaime-ezero-g-3\/#primaryimage","url":"https:\/\/www.namude.lt\/wp-content\/uploads\/2024\/01\/3-126.jpg","contentUrl":"https:\/\/www.namude.lt\/wp-content\/uploads\/2024\/01\/3-126.jpg","width":840,"height":630},{"@type":"BreadcrumbList","@id":"https:\/\/www.namude.lt\/objektas\/4-kambariu-butas-kotedzas-anyksciu-r-graziame-azuozeriu-kaime-ezero-g-3\/#breadcrumb","itemListElement":[{"@type":"ListItem","position":1,"name":"Home","item":"https:\/\/www.namude.lt\/ru\/"},{"@type":"ListItem","position":2,"name":"\u041e\u0431\u044a\u0435\u043a\u0442\u044b","item":"https:\/\/www.namude.lt\/ru\/%d0%be%d0%b1%d1%8a%d0%b5%d0%ba%d1%82%d1%8b\/"},{"@type":"ListItem","position":3,"name":"4 KAMBARI\u0172 BUTAS &#8211; KOTED\u017dAS ANYK\u0160\u010cI\u0172 R., GRA\u017dIAME A\u017dUO\u017dERI\u0172 KAIME, E\u017dERO G. 3"}]},{"@type":"WebSite","@id":"https:\/\/www.namude.lt\/#website","url":"https:\/\/www.namude.lt\/","name":"Namud\u0117","description":"\u201eNamud\u0117\u201c \u2013 agent\u016bra, pardavin\u0117janti Auk\u0161taitijos NT grynuolius.","publisher":{"@id":"https:\/\/www.namude.lt\/#organization"},"potentialAction":[{"@type":"SearchAction","target":{"@type":"EntryPoint","urlTemplate":"https:\/\/www.namude.lt\/?s={search_term_string}"},"query-input":{"@type":"PropertyValueSpecification","valueRequired":true,"valueName":"search_term_string"}}],"inLanguage":"ru-RU"},{"@type":"Organization","@id":"https:\/\/www.namude.lt\/#organization","name":"Namud\u0117","url":"https:\/\/www.namude.lt\/","logo":{"@type":"ImageObject","inLanguage":"ru-RU","@id":"https:\/\/www.namude.lt\/#\/schema\/logo\/image\/","url":"https:\/\/www.namude.lt\/wp-content\/uploads\/2023\/11\/logo-symbol.svg","contentUrl":"https:\/\/www.namude.lt\/wp-content\/uploads\/2023\/11\/logo-symbol.svg","width":1,"height":1,"caption":"Namud\u0117"},"image":{"@id":"https:\/\/www.namude.lt\/#\/schema\/logo\/image\/"}}]}},"_links":{"self":[{"href":"https:\/\/www.namude.lt\/ru\/wp-json\/wp\/v2\/product\/4840","targetHints":{"allow":["GET"]}}],"collection":[{"href":"https:\/\/www.namude.lt\/ru\/wp-json\/wp\/v2\/product"}],"about":[{"href":"https:\/\/www.namude.lt\/ru\/wp-json\/wp\/v2\/types\/product"}],"wp:featuredmedia":[{"embeddable":true,"href":"https:\/\/www.namude.lt\/ru\/wp-json\/wp\/v2\/media\/8762"}],"wp:attachment":[{"href":"https:\/\/www.namude.lt\/ru\/wp-json\/wp\/v2\/media?parent=4840"}],"wp:term":[{"taxonomy":"product_brand","embeddable":true,"href":"https:\/\/www.namude.lt\/ru\/wp-json\/wp\/v2\/product_brand?post=4840"},{"taxonomy":"product_cat","embeddable":true,"href":"https:\/\/www.namude.lt\/ru\/wp-json\/wp\/v2\/product_cat?post=4840"},{"taxonomy":"product_tag","embeddable":true,"href":"https:\/\/www.namude.lt\/ru\/wp-json\/wp\/v2\/product_tag?post=4840"}],"curies":[{"name":"wp","href":"https:\/\/api.w.org\/{rel}","templated":true}]}}