{"id":4766,"date":"2024-01-26T13:33:10","date_gmt":"2024-01-26T11:33:10","guid":{"rendered":"https:\/\/www.namude.lt\/?post_type=product&#038;p=4766"},"modified":"2026-02-20T11:09:44","modified_gmt":"2026-02-20T09:09:44","slug":"smagi-sodyba-salia-nemunelio-upes-panemunio-mstl-m-biciunienes-g-10-rokiskio-r","status":"publish","type":"product","link":"https:\/\/www.namude.lt\/ru\/\u043e\u0431\u044a\u0435\u043a\u0442\/smagi-sodyba-salia-nemunelio-upes-panemunio-mstl-m-biciunienes-g-10-rokiskio-r\/","title":{"rendered":"SMAGI SODYBA \u0160ALIA NEMUN\u0116LIO UP\u0116S, PANEMUNIO MSTL., M. BI\u010cI\u016aNIEN\u0116S G. 10, ROKI\u0160KIO R."},"content":{"rendered":"<p>Po pastatais priklauso kra\u0161tinis <strong>0,25<\/strong>\u00a0ha nam\u0173 valdos sklypas, i\u0161sid\u0117st\u0119s puikioje vietoje \u0161alia Nemun\u0117lio up\u0117s, iki kurios vos\u00a0<strong>50<\/strong>\u00a0m. Up\u0117s pakrant\u0117 valstybin\u0117, tad ja galima dr\u0105siai naudotis, \u012fsirengti liept\u0105, viet\u0105 maudyn\u0117ms. Kaimyniniai namai \u012fsik\u016br\u0119 tik i\u0161 vienos pus\u0117s, tad vieta puikiai tinka tiek ramiam gyvenimui, tiek ir vasaros poilsiui. Kaime yra maisto preki\u0173 parduotuv\u0117, vie\u0161asis susisiekimas su didesniais miesatais. Iki artimiausio Pand\u0117lio miesto, kuriame veikia gimnazija, teikiamos medicinos paslaugos, parduotuv\u0117s, yra pagrindin\u0117 infrastrukt\u016bra \u2013\u00a0<strong>7\u00a0<\/strong>km, iki Roki\u0161kio \u2013\u00a0<strong>32<\/strong>\u00a0km, iki Kupi\u0161kio \u2013\u00a0<strong>39<\/strong>\u00a0km. Tai puiki sodyba tiek gyvenimui, tiek poilsiui norintiems pab\u0117gti i\u0161 miesto.<\/p>\n<p>&nbsp;<\/p>\n<p>Sodybos koordinat\u0117s:<\/p>\n<p>Google maps\u00a0\u00a0 55.645702, 25.350299 (WGS)<\/p>\n<p>Maps.lt\u00a0\u00a0\u00a0 580016, 6214856 (LKS)<\/p>\n","protected":false},"excerpt":{"rendered":"<p><strong><span style=\"vertical-align: inherit\"><span style=\"vertical-align: inherit\">Parduodama smagi sodyba \u0161alia Nemun\u0117lio up\u0117s, Panemunio mstl., M. Bi\u010di\u016bnien\u0117s g. <\/span><span style=\"vertical-align: inherit\">10, Roki\u0161kio r. <\/span><\/span><\/strong><span style=\"vertical-align: inherit\"><span style=\"vertical-align: inherit\">\u00a0Sodybai priklauso r\u0105stinis gyvenamasis namas, kurio bendras sklypas 95 kv. <\/span><span style=\"vertical-align: inherit\">m. <\/span><span style=\"vertical-align: inherit\">Namo pirmame auk\u0161te yra virtuv\u0117, erdvi svetain\u0117, miegamasis, vonios ir tualeto kambariai atskirai, veranda, koridorius. <\/span><span style=\"vertical-align: inherit\">Mansardoje \u012frengti\u00a0 <\/span><\/span><strong><span style=\"vertical-align: inherit\"><span style=\"vertical-align: inherit\">2<\/span><\/span><\/strong><span style=\"vertical-align: inherit\"><span style=\"vertical-align: inherit\"> \u00a0papildomi kambariai. <\/span><span style=\"vertical-align: inherit\">Patogus namo i\u0161planavimas, n\u0117ra pereinam\u0173 kambari\u0173. <\/span><span style=\"vertical-align: inherit\">Virtuv\u0117je \u012frengta centralizuota \u0161ildymo sistema (radiatoriai), vanduo i\u0161 giluminio gr\u0119\u017einio, kanalizacijos vietin\u0117, yra elektrinis boileris. <\/span><span style=\"vertical-align: inherit\">Name pakeisti visi plastikiniai langai. <\/span><span style=\"vertical-align: inherit\">Sodybai priklauso daug tvirt\u0173 \u016bkini\u0173 pastat\u0173, puikiai tinkan\u010di\u0173 \u016bkininkavimui: didelis m\u016brinis tvartas, medin\u0117 dar\u017ein\u0117, malkin\u0117, gara\u017eas, lauko virtuv\u0117, keli sand\u0117liukai ir pirtis.<\/span><\/span><\/p>\n","protected":false},"featured_media":7955,"template":"","meta":{"_acf_changed":false},"product_brand":[],"product_cat":[75],"product_tag":[],"class_list":{"0":"post-4766","1":"product","2":"type-product","3":"status-publish","4":"has-post-thumbnail","6":"product_cat-parduota","7":"description-off","9":"first","10":"instock","11":"shipping-taxable","12":"purchasable","13":"product-type-simple"},"acf":[],"yoast_head":"<!-- This site is optimized with the Yoast SEO plugin v27.4 - https:\/\/yoast.com\/product\/yoast-seo-wordpress\/ -->\n<title>SMAGI SODYBA \u0160ALIA NEMUN\u0116LIO UP\u0116S, PANEMUNIO MSTL., M. BI\u010cI\u016aNIEN\u0116S G. 10, ROKI\u0160KIO R. - Namud\u0117<\/title>\n<meta name=\"robots\" content=\"index, follow, max-snippet:-1, max-image-preview:large, max-video-preview:-1\" \/>\n<link rel=\"canonical\" href=\"https:\/\/www.namude.lt\/objektas\/smagi-sodyba-salia-nemunelio-upes-panemunio-mstl-m-biciunienes-g-10-rokiskio-r\/\" \/>\n<meta property=\"og:locale\" content=\"ru_RU\" \/>\n<meta property=\"og:type\" content=\"article\" \/>\n<meta property=\"og:title\" content=\"SMAGI SODYBA \u0160ALIA NEMUN\u0116LIO UP\u0116S, PANEMUNIO MSTL., M. BI\u010cI\u016aNIEN\u0116S G. 10, ROKI\u0160KIO R. - Namud\u0117\" \/>\n<meta property=\"og:description\" content=\"Parduodama smagi sodyba \u0161alia Nemun\u0117lio up\u0117s, Panemunio mstl., M. Bi\u010di\u016bnien\u0117s g. 10, Roki\u0161kio r. \u00a0Sodybai priklauso r\u0105stinis gyvenamasis namas, kurio bendras sklypas 95 kv. m. Namo pirmame auk\u0161te yra virtuv\u0117, erdvi svetain\u0117, miegamasis, vonios ir tualeto kambariai atskirai, veranda, koridorius. Mansardoje \u012frengti\u00a0 2 \u00a0papildomi kambariai. Patogus namo i\u0161planavimas, n\u0117ra pereinam\u0173 kambari\u0173. Virtuv\u0117je \u012frengta centralizuota \u0161ildymo sistema (radiatoriai), vanduo i\u0161 giluminio gr\u0119\u017einio, kanalizacijos vietin\u0117, yra elektrinis boileris. Name pakeisti visi plastikiniai langai. Sodybai priklauso daug tvirt\u0173 \u016bkini\u0173 pastat\u0173, puikiai tinkan\u010di\u0173 \u016bkininkavimui: didelis m\u016brinis tvartas, medin\u0117 dar\u017ein\u0117, malkin\u0117, gara\u017eas, lauko virtuv\u0117, keli sand\u0117liukai ir pirtis.\" \/>\n<meta property=\"og:url\" content=\"https:\/\/www.namude.lt\/objektas\/smagi-sodyba-salia-nemunelio-upes-panemunio-mstl-m-biciunienes-g-10-rokiskio-r\/\" \/>\n<meta property=\"og:site_name\" content=\"Namud\u0117\" \/>\n<meta property=\"article:modified_time\" content=\"2026-02-20T09:09:44+00:00\" \/>\n<meta property=\"og:image\" content=\"https:\/\/www.namude.lt\/wp-content\/uploads\/2024\/01\/1-117.jpg\" \/>\n\t<meta property=\"og:image:width\" content=\"840\" \/>\n\t<meta property=\"og:image:height\" content=\"630\" \/>\n\t<meta property=\"og:image:type\" content=\"image\/jpeg\" \/>\n<meta name=\"twitter:card\" content=\"summary_large_image\" \/>\n<meta name=\"twitter:label1\" content=\"\u041f\u0440\u0438\u043c\u0435\u0440\u043d\u043e\u0435 \u0432\u0440\u0435\u043c\u044f \u0434\u043b\u044f \u0447\u0442\u0435\u043d\u0438\u044f\" \/>\n\t<meta name=\"twitter:data1\" content=\"1 \u043c\u0438\u043d\u0443\u0442\u0430\" \/>\n<script type=\"application\/ld+json\" class=\"yoast-schema-graph\">{\"@context\":\"https:\\\/\\\/schema.org\",\"@graph\":[{\"@type\":\"WebPage\",\"@id\":\"https:\\\/\\\/www.namude.lt\\\/objektas\\\/smagi-sodyba-salia-nemunelio-upes-panemunio-mstl-m-biciunienes-g-10-rokiskio-r\\\/\",\"url\":\"https:\\\/\\\/www.namude.lt\\\/objektas\\\/smagi-sodyba-salia-nemunelio-upes-panemunio-mstl-m-biciunienes-g-10-rokiskio-r\\\/\",\"name\":\"SMAGI SODYBA \u0160ALIA NEMUN\u0116LIO UP\u0116S, PANEMUNIO MSTL., M. BI\u010cI\u016aNIEN\u0116S G. 10, ROKI\u0160KIO R. - Namud\u0117\",\"isPartOf\":{\"@id\":\"https:\\\/\\\/www.namude.lt\\\/#website\"},\"primaryImageOfPage\":{\"@id\":\"https:\\\/\\\/www.namude.lt\\\/objektas\\\/smagi-sodyba-salia-nemunelio-upes-panemunio-mstl-m-biciunienes-g-10-rokiskio-r\\\/#primaryimage\"},\"image\":{\"@id\":\"https:\\\/\\\/www.namude.lt\\\/objektas\\\/smagi-sodyba-salia-nemunelio-upes-panemunio-mstl-m-biciunienes-g-10-rokiskio-r\\\/#primaryimage\"},\"thumbnailUrl\":\"https:\\\/\\\/www.namude.lt\\\/wp-content\\\/uploads\\\/2024\\\/01\\\/1-117.jpg\",\"datePublished\":\"2024-01-26T11:33:10+00:00\",\"dateModified\":\"2026-02-20T09:09:44+00:00\",\"breadcrumb\":{\"@id\":\"https:\\\/\\\/www.namude.lt\\\/objektas\\\/smagi-sodyba-salia-nemunelio-upes-panemunio-mstl-m-biciunienes-g-10-rokiskio-r\\\/#breadcrumb\"},\"inLanguage\":\"ru-RU\",\"potentialAction\":[{\"@type\":\"ReadAction\",\"target\":[\"https:\\\/\\\/www.namude.lt\\\/objektas\\\/smagi-sodyba-salia-nemunelio-upes-panemunio-mstl-m-biciunienes-g-10-rokiskio-r\\\/\"]}]},{\"@type\":\"ImageObject\",\"inLanguage\":\"ru-RU\",\"@id\":\"https:\\\/\\\/www.namude.lt\\\/objektas\\\/smagi-sodyba-salia-nemunelio-upes-panemunio-mstl-m-biciunienes-g-10-rokiskio-r\\\/#primaryimage\",\"url\":\"https:\\\/\\\/www.namude.lt\\\/wp-content\\\/uploads\\\/2024\\\/01\\\/1-117.jpg\",\"contentUrl\":\"https:\\\/\\\/www.namude.lt\\\/wp-content\\\/uploads\\\/2024\\\/01\\\/1-117.jpg\",\"width\":840,\"height\":630},{\"@type\":\"BreadcrumbList\",\"@id\":\"https:\\\/\\\/www.namude.lt\\\/objektas\\\/smagi-sodyba-salia-nemunelio-upes-panemunio-mstl-m-biciunienes-g-10-rokiskio-r\\\/#breadcrumb\",\"itemListElement\":[{\"@type\":\"ListItem\",\"position\":1,\"name\":\"Home\",\"item\":\"https:\\\/\\\/www.namude.lt\\\/ru\\\/\"},{\"@type\":\"ListItem\",\"position\":2,\"name\":\"\u041e\u0431\u044a\u0435\u043a\u0442\u044b\",\"item\":\"https:\\\/\\\/www.namude.lt\\\/ru\\\/%d0%be%d0%b1%d1%8a%d0%b5%d0%ba%d1%82%d1%8b\\\/\"},{\"@type\":\"ListItem\",\"position\":3,\"name\":\"SMAGI SODYBA \u0160ALIA NEMUN\u0116LIO UP\u0116S, PANEMUNIO MSTL., M. BI\u010cI\u016aNIEN\u0116S G. 10, ROKI\u0160KIO R.\"}]},{\"@type\":\"WebSite\",\"@id\":\"https:\\\/\\\/www.namude.lt\\\/#website\",\"url\":\"https:\\\/\\\/www.namude.lt\\\/\",\"name\":\"Namud\u0117\",\"description\":\"\u201eNamud\u0117\u201c \u2013 agent\u016bra, pardavin\u0117janti Auk\u0161taitijos NT grynuolius.\",\"publisher\":{\"@id\":\"https:\\\/\\\/www.namude.lt\\\/#organization\"},\"potentialAction\":[{\"@type\":\"SearchAction\",\"target\":{\"@type\":\"EntryPoint\",\"urlTemplate\":\"https:\\\/\\\/www.namude.lt\\\/?s={search_term_string}\"},\"query-input\":{\"@type\":\"PropertyValueSpecification\",\"valueRequired\":true,\"valueName\":\"search_term_string\"}}],\"inLanguage\":\"ru-RU\"},{\"@type\":\"Organization\",\"@id\":\"https:\\\/\\\/www.namude.lt\\\/#organization\",\"name\":\"Namud\u0117\",\"url\":\"https:\\\/\\\/www.namude.lt\\\/\",\"logo\":{\"@type\":\"ImageObject\",\"inLanguage\":\"ru-RU\",\"@id\":\"https:\\\/\\\/www.namude.lt\\\/#\\\/schema\\\/logo\\\/image\\\/\",\"url\":\"https:\\\/\\\/www.namude.lt\\\/wp-content\\\/uploads\\\/2023\\\/11\\\/logo-symbol.svg\",\"contentUrl\":\"https:\\\/\\\/www.namude.lt\\\/wp-content\\\/uploads\\\/2023\\\/11\\\/logo-symbol.svg\",\"width\":1,\"height\":1,\"caption\":\"Namud\u0117\"},\"image\":{\"@id\":\"https:\\\/\\\/www.namude.lt\\\/#\\\/schema\\\/logo\\\/image\\\/\"}}]}<\/script>\n<!-- \/ Yoast SEO plugin. -->","yoast_head_json":{"title":"SMAGI SODYBA \u0160ALIA NEMUN\u0116LIO UP\u0116S, PANEMUNIO MSTL., M. BI\u010cI\u016aNIEN\u0116S G. 10, ROKI\u0160KIO R. - Namud\u0117","robots":{"index":"index","follow":"follow","max-snippet":"max-snippet:-1","max-image-preview":"max-image-preview:large","max-video-preview":"max-video-preview:-1"},"canonical":"https:\/\/www.namude.lt\/objektas\/smagi-sodyba-salia-nemunelio-upes-panemunio-mstl-m-biciunienes-g-10-rokiskio-r\/","og_locale":"ru_RU","og_type":"article","og_title":"SMAGI SODYBA \u0160ALIA NEMUN\u0116LIO UP\u0116S, PANEMUNIO MSTL., M. BI\u010cI\u016aNIEN\u0116S G. 10, ROKI\u0160KIO R. - Namud\u0117","og_description":"Parduodama smagi sodyba \u0161alia Nemun\u0117lio up\u0117s, Panemunio mstl., M. Bi\u010di\u016bnien\u0117s g. 10, Roki\u0161kio r. \u00a0Sodybai priklauso r\u0105stinis gyvenamasis namas, kurio bendras sklypas 95 kv. m. Namo pirmame auk\u0161te yra virtuv\u0117, erdvi svetain\u0117, miegamasis, vonios ir tualeto kambariai atskirai, veranda, koridorius. Mansardoje \u012frengti\u00a0 2 \u00a0papildomi kambariai. Patogus namo i\u0161planavimas, n\u0117ra pereinam\u0173 kambari\u0173. Virtuv\u0117je \u012frengta centralizuota \u0161ildymo sistema (radiatoriai), vanduo i\u0161 giluminio gr\u0119\u017einio, kanalizacijos vietin\u0117, yra elektrinis boileris. Name pakeisti visi plastikiniai langai. Sodybai priklauso daug tvirt\u0173 \u016bkini\u0173 pastat\u0173, puikiai tinkan\u010di\u0173 \u016bkininkavimui: didelis m\u016brinis tvartas, medin\u0117 dar\u017ein\u0117, malkin\u0117, gara\u017eas, lauko virtuv\u0117, keli sand\u0117liukai ir pirtis.","og_url":"https:\/\/www.namude.lt\/objektas\/smagi-sodyba-salia-nemunelio-upes-panemunio-mstl-m-biciunienes-g-10-rokiskio-r\/","og_site_name":"Namud\u0117","article_modified_time":"2026-02-20T09:09:44+00:00","og_image":[{"width":840,"height":630,"url":"https:\/\/www.namude.lt\/wp-content\/uploads\/2024\/01\/1-117.jpg","type":"image\/jpeg"}],"twitter_card":"summary_large_image","twitter_misc":{"\u041f\u0440\u0438\u043c\u0435\u0440\u043d\u043e\u0435 \u0432\u0440\u0435\u043c\u044f \u0434\u043b\u044f \u0447\u0442\u0435\u043d\u0438\u044f":"1 \u043c\u0438\u043d\u0443\u0442\u0430"},"schema":{"@context":"https:\/\/schema.org","@graph":[{"@type":"WebPage","@id":"https:\/\/www.namude.lt\/objektas\/smagi-sodyba-salia-nemunelio-upes-panemunio-mstl-m-biciunienes-g-10-rokiskio-r\/","url":"https:\/\/www.namude.lt\/objektas\/smagi-sodyba-salia-nemunelio-upes-panemunio-mstl-m-biciunienes-g-10-rokiskio-r\/","name":"SMAGI SODYBA \u0160ALIA NEMUN\u0116LIO UP\u0116S, PANEMUNIO MSTL., M. BI\u010cI\u016aNIEN\u0116S G. 10, ROKI\u0160KIO R. - Namud\u0117","isPartOf":{"@id":"https:\/\/www.namude.lt\/#website"},"primaryImageOfPage":{"@id":"https:\/\/www.namude.lt\/objektas\/smagi-sodyba-salia-nemunelio-upes-panemunio-mstl-m-biciunienes-g-10-rokiskio-r\/#primaryimage"},"image":{"@id":"https:\/\/www.namude.lt\/objektas\/smagi-sodyba-salia-nemunelio-upes-panemunio-mstl-m-biciunienes-g-10-rokiskio-r\/#primaryimage"},"thumbnailUrl":"https:\/\/www.namude.lt\/wp-content\/uploads\/2024\/01\/1-117.jpg","datePublished":"2024-01-26T11:33:10+00:00","dateModified":"2026-02-20T09:09:44+00:00","breadcrumb":{"@id":"https:\/\/www.namude.lt\/objektas\/smagi-sodyba-salia-nemunelio-upes-panemunio-mstl-m-biciunienes-g-10-rokiskio-r\/#breadcrumb"},"inLanguage":"ru-RU","potentialAction":[{"@type":"ReadAction","target":["https:\/\/www.namude.lt\/objektas\/smagi-sodyba-salia-nemunelio-upes-panemunio-mstl-m-biciunienes-g-10-rokiskio-r\/"]}]},{"@type":"ImageObject","inLanguage":"ru-RU","@id":"https:\/\/www.namude.lt\/objektas\/smagi-sodyba-salia-nemunelio-upes-panemunio-mstl-m-biciunienes-g-10-rokiskio-r\/#primaryimage","url":"https:\/\/www.namude.lt\/wp-content\/uploads\/2024\/01\/1-117.jpg","contentUrl":"https:\/\/www.namude.lt\/wp-content\/uploads\/2024\/01\/1-117.jpg","width":840,"height":630},{"@type":"BreadcrumbList","@id":"https:\/\/www.namude.lt\/objektas\/smagi-sodyba-salia-nemunelio-upes-panemunio-mstl-m-biciunienes-g-10-rokiskio-r\/#breadcrumb","itemListElement":[{"@type":"ListItem","position":1,"name":"Home","item":"https:\/\/www.namude.lt\/ru\/"},{"@type":"ListItem","position":2,"name":"\u041e\u0431\u044a\u0435\u043a\u0442\u044b","item":"https:\/\/www.namude.lt\/ru\/%d0%be%d0%b1%d1%8a%d0%b5%d0%ba%d1%82%d1%8b\/"},{"@type":"ListItem","position":3,"name":"SMAGI SODYBA \u0160ALIA NEMUN\u0116LIO UP\u0116S, PANEMUNIO MSTL., M. BI\u010cI\u016aNIEN\u0116S G. 10, ROKI\u0160KIO R."}]},{"@type":"WebSite","@id":"https:\/\/www.namude.lt\/#website","url":"https:\/\/www.namude.lt\/","name":"Namud\u0117","description":"\u201eNamud\u0117\u201c \u2013 agent\u016bra, pardavin\u0117janti Auk\u0161taitijos NT grynuolius.","publisher":{"@id":"https:\/\/www.namude.lt\/#organization"},"potentialAction":[{"@type":"SearchAction","target":{"@type":"EntryPoint","urlTemplate":"https:\/\/www.namude.lt\/?s={search_term_string}"},"query-input":{"@type":"PropertyValueSpecification","valueRequired":true,"valueName":"search_term_string"}}],"inLanguage":"ru-RU"},{"@type":"Organization","@id":"https:\/\/www.namude.lt\/#organization","name":"Namud\u0117","url":"https:\/\/www.namude.lt\/","logo":{"@type":"ImageObject","inLanguage":"ru-RU","@id":"https:\/\/www.namude.lt\/#\/schema\/logo\/image\/","url":"https:\/\/www.namude.lt\/wp-content\/uploads\/2023\/11\/logo-symbol.svg","contentUrl":"https:\/\/www.namude.lt\/wp-content\/uploads\/2023\/11\/logo-symbol.svg","width":1,"height":1,"caption":"Namud\u0117"},"image":{"@id":"https:\/\/www.namude.lt\/#\/schema\/logo\/image\/"}}]}},"_links":{"self":[{"href":"https:\/\/www.namude.lt\/ru\/wp-json\/wp\/v2\/product\/4766","targetHints":{"allow":["GET"]}}],"collection":[{"href":"https:\/\/www.namude.lt\/ru\/wp-json\/wp\/v2\/product"}],"about":[{"href":"https:\/\/www.namude.lt\/ru\/wp-json\/wp\/v2\/types\/product"}],"wp:featuredmedia":[{"embeddable":true,"href":"https:\/\/www.namude.lt\/ru\/wp-json\/wp\/v2\/media\/7955"}],"wp:attachment":[{"href":"https:\/\/www.namude.lt\/ru\/wp-json\/wp\/v2\/media?parent=4766"}],"wp:term":[{"taxonomy":"product_brand","embeddable":true,"href":"https:\/\/www.namude.lt\/ru\/wp-json\/wp\/v2\/product_brand?post=4766"},{"taxonomy":"product_cat","embeddable":true,"href":"https:\/\/www.namude.lt\/ru\/wp-json\/wp\/v2\/product_cat?post=4766"},{"taxonomy":"product_tag","embeddable":true,"href":"https:\/\/www.namude.lt\/ru\/wp-json\/wp\/v2\/product_tag?post=4766"}],"curies":[{"name":"wp","href":"https:\/\/api.w.org\/{rel}","templated":true}]}}