{"id":4708,"date":"2024-01-26T13:19:17","date_gmt":"2024-01-26T11:19:17","guid":{"rendered":"https:\/\/www.namude.lt\/?post_type=product&#038;p=4708"},"modified":"2024-02-29T11:49:54","modified_gmt":"2024-02-29T09:49:54","slug":"parduodamas-vertingas-54600-ha-zemes-ukio-paskirties-sklypas-ant-ilgelio-ezero-kranto-zarasu-r-rudenu-k","status":"publish","type":"product","link":"https:\/\/www.namude.lt\/ru\/\u043e\u0431\u044a\u0435\u043a\u0442\/parduodamas-vertingas-54600-ha-zemes-ukio-paskirties-sklypas-ant-ilgelio-ezero-kranto-zarasu-r-rudenu-k\/","title":{"rendered":"PARDUODAMAS VERTINGAS 5,4600 HA \u017dEM\u0116S \u016aKIO PASKIRTIES SKLYPAS ANT ILGELIO E\u017dERO KRANTO ZARAS\u0172 R., RUD\u0116N\u0172 K."},"content":{"rendered":"","protected":false},"excerpt":{"rendered":"<p><strong>Parduodamas vertingas 5,4600 ha \u017eem\u0117s \u016bkio paskirties <a href=\"https:\/\/www.namude.lt\/parduodami-nt-objektai\/?filter_rajonas=zarasu-rajonas&amp;query_type_rajonas=or&amp;ixwpst[product_cat][]=24&amp;title=1&amp;excerpt=1&amp;content=1&amp;categories=1&amp;attributes=1&amp;tags=1&amp;sku=1&amp;ixwpsf[taxonomy][product_cat][show]=all&amp;ixwpsf[taxonomy][product_cat][multiple]=1&amp;ixwpsf[taxonomy][product_cat][filter]=1\">sklypas<\/a> ant Ilgelio e\u017eero kranto Zaras\u0173 r., Rud\u0117n\u0173 k<\/strong>. Sklypas apie\u00a0<strong>120\u00a0<\/strong>m ribojasi su gra\u017eia e\u017eero pakrante. \u0160ioje vietoje atsiveria puikus erdvinis Ilgelio e\u017eero ir apylinki\u0173 peiza\u017eas. Ilgelio e\u017eeras \u0161varus ir gilus, i\u0161 \u0161iaur\u0117s ryt\u0173 \u012f vakarus driekiasi apie\u00a0<strong>2\u00a0<\/strong>kilometrus. Sklype stiebiasi pavieniai med\u017eiai, o pakrant\u0117je &#8212; augi\u0173 lapuo\u010di\u0173 med\u017ei\u0173 juosta. Artimiausia\u00a0<strong>10\u00a0<\/strong>kW po\u017eemin\u0117 elektros oro linija ma\u017edaug u\u017e\u00a0<strong>450\u00a0<\/strong>m. Iki sklyp\u0173 geras priva\u017eiavimas sausu lauko keliu. Apylink\u0117s mi\u0161kingos, greta tyvuliuoja itin \u017euvingas \u010ci\u010dirio e\u017eeras, gausyb\u0117 ma\u017eesni\u0173 e\u017eer\u0173 (Ilgis, Luk\u0161tas). Iki Zaras\u0173 miesto \u2013 tik\u00a0<strong>13\u00a0<\/strong>km, iki Vilniaus \u2013\u00a0<strong>159<\/strong>\u00a0km. Puikus sklypas j\u016bs\u0173 id\u0117j\u0173 \u012fgyvendinimui.<\/p>\n<p>&nbsp;<\/p>\n<p><strong>Sklypo koordinat\u0117s:<\/strong><\/p>\n<p><strong>Google maps\u00a0 55.814090, 26.167441 (WGS)<\/strong><\/p>\n<p><strong>Maps.lt\u00a0\u00a0<\/strong>\u00a0<strong>635842, 6188752 \u00a0(LKS)<\/strong><\/p>\n","protected":false},"featured_media":4709,"template":"","meta":{"_acf_changed":false},"product_brand":[],"product_cat":[24],"product_tag":[],"class_list":{"0":"post-4708","1":"product","2":"type-product","3":"status-publish","4":"has-post-thumbnail","6":"product_cat-sklypai","7":"pa_rajonas-zarasu-rajonas","8":"description-off","10":"first","11":"instock","12":"shipping-taxable","13":"purchasable","14":"product-type-simple"},"acf":[],"yoast_head":"<!-- This site is optimized with the Yoast SEO plugin v27.0 - https:\/\/yoast.com\/product\/yoast-seo-wordpress\/ -->\n<title>PARDUODAMAS VERTINGAS 5,4600 HA \u017dEM\u0116S \u016aKIO PASKIRTIES SKLYPAS ANT ILGELIO E\u017dERO KRANTO ZARAS\u0172 R., RUD\u0116N\u0172 K. - Namud\u0117<\/title>\n<meta name=\"robots\" content=\"index, follow, max-snippet:-1, max-image-preview:large, max-video-preview:-1\" \/>\n<link rel=\"canonical\" href=\"https:\/\/www.namude.lt\/objektas\/parduodamas-vertingas-54600-ha-zemes-ukio-paskirties-sklypas-ant-ilgelio-ezero-kranto-zarasu-r-rudenu-k\/\" \/>\n<meta property=\"og:locale\" content=\"ru_RU\" \/>\n<meta property=\"og:type\" content=\"article\" \/>\n<meta property=\"og:title\" content=\"PARDUODAMAS VERTINGAS 5,4600 HA \u017dEM\u0116S \u016aKIO PASKIRTIES SKLYPAS ANT ILGELIO E\u017dERO KRANTO ZARAS\u0172 R., RUD\u0116N\u0172 K. - Namud\u0117\" \/>\n<meta property=\"og:description\" content=\"Parduodamas vertingas 5,4600 ha \u017eem\u0117s \u016bkio paskirties sklypas ant Ilgelio e\u017eero kranto Zaras\u0173 r., Rud\u0117n\u0173 k. Sklypas apie\u00a0120\u00a0m ribojasi su gra\u017eia e\u017eero pakrante. \u0160ioje vietoje atsiveria puikus erdvinis Ilgelio e\u017eero ir apylinki\u0173 peiza\u017eas. Ilgelio e\u017eeras \u0161varus ir gilus, i\u0161 \u0161iaur\u0117s ryt\u0173 \u012f vakarus driekiasi apie\u00a02\u00a0kilometrus. Sklype stiebiasi pavieniai med\u017eiai, o pakrant\u0117je - augi\u0173 lapuo\u010di\u0173 med\u017ei\u0173 juosta. Artimiausia\u00a010\u00a0kW po\u017eemin\u0117 elektros oro linija ma\u017edaug u\u017e\u00a0450\u00a0m. Iki sklyp\u0173 geras priva\u017eiavimas sausu lauko keliu. Apylink\u0117s mi\u0161kingos, greta tyvuliuoja itin \u017euvingas \u010ci\u010dirio e\u017eeras, gausyb\u0117 ma\u017eesni\u0173 e\u017eer\u0173 (Ilgis, Luk\u0161tas). Iki Zaras\u0173 miesto \u2013 tik\u00a013\u00a0km, iki Vilniaus \u2013\u00a0159\u00a0km. Puikus sklypas j\u016bs\u0173 id\u0117j\u0173 \u012fgyvendinimui.  &nbsp;  Sklypo koordinat\u0117s:  Google maps\u00a0 55.814090, 26.167441 (WGS)  Maps.lt\u00a0\u00a0\u00a0635842, 6188752 \u00a0(LKS)\" \/>\n<meta property=\"og:url\" content=\"https:\/\/www.namude.lt\/objektas\/parduodamas-vertingas-54600-ha-zemes-ukio-paskirties-sklypas-ant-ilgelio-ezero-kranto-zarasu-r-rudenu-k\/\" \/>\n<meta property=\"og:site_name\" content=\"Namud\u0117\" \/>\n<meta property=\"article:modified_time\" content=\"2024-02-29T09:49:54+00:00\" \/>\n<meta property=\"og:image\" content=\"https:\/\/www.namude.lt\/wp-content\/uploads\/2024\/01\/Planas-32.jpg\" \/>\n\t<meta property=\"og:image:width\" content=\"1026\" \/>\n\t<meta property=\"og:image:height\" content=\"737\" \/>\n\t<meta property=\"og:image:type\" content=\"image\/jpeg\" \/>\n<meta name=\"twitter:card\" content=\"summary_large_image\" \/>\n<script type=\"application\/ld+json\" class=\"yoast-schema-graph\">{\"@context\":\"https:\/\/schema.org\",\"@graph\":[{\"@type\":\"WebPage\",\"@id\":\"https:\/\/www.namude.lt\/objektas\/parduodamas-vertingas-54600-ha-zemes-ukio-paskirties-sklypas-ant-ilgelio-ezero-kranto-zarasu-r-rudenu-k\/\",\"url\":\"https:\/\/www.namude.lt\/objektas\/parduodamas-vertingas-54600-ha-zemes-ukio-paskirties-sklypas-ant-ilgelio-ezero-kranto-zarasu-r-rudenu-k\/\",\"name\":\"PARDUODAMAS VERTINGAS 5,4600 HA \u017dEM\u0116S \u016aKIO PASKIRTIES SKLYPAS ANT ILGELIO E\u017dERO KRANTO ZARAS\u0172 R., RUD\u0116N\u0172 K. - Namud\u0117\",\"isPartOf\":{\"@id\":\"https:\/\/www.namude.lt\/#website\"},\"primaryImageOfPage\":{\"@id\":\"https:\/\/www.namude.lt\/objektas\/parduodamas-vertingas-54600-ha-zemes-ukio-paskirties-sklypas-ant-ilgelio-ezero-kranto-zarasu-r-rudenu-k\/#primaryimage\"},\"image\":{\"@id\":\"https:\/\/www.namude.lt\/objektas\/parduodamas-vertingas-54600-ha-zemes-ukio-paskirties-sklypas-ant-ilgelio-ezero-kranto-zarasu-r-rudenu-k\/#primaryimage\"},\"thumbnailUrl\":\"https:\/\/www.namude.lt\/wp-content\/uploads\/2024\/01\/Planas-32.jpg\",\"datePublished\":\"2024-01-26T11:19:17+00:00\",\"dateModified\":\"2024-02-29T09:49:54+00:00\",\"breadcrumb\":{\"@id\":\"https:\/\/www.namude.lt\/objektas\/parduodamas-vertingas-54600-ha-zemes-ukio-paskirties-sklypas-ant-ilgelio-ezero-kranto-zarasu-r-rudenu-k\/#breadcrumb\"},\"inLanguage\":\"ru-RU\",\"potentialAction\":[{\"@type\":\"ReadAction\",\"target\":[\"https:\/\/www.namude.lt\/objektas\/parduodamas-vertingas-54600-ha-zemes-ukio-paskirties-sklypas-ant-ilgelio-ezero-kranto-zarasu-r-rudenu-k\/\"]}]},{\"@type\":\"ImageObject\",\"inLanguage\":\"ru-RU\",\"@id\":\"https:\/\/www.namude.lt\/objektas\/parduodamas-vertingas-54600-ha-zemes-ukio-paskirties-sklypas-ant-ilgelio-ezero-kranto-zarasu-r-rudenu-k\/#primaryimage\",\"url\":\"https:\/\/www.namude.lt\/wp-content\/uploads\/2024\/01\/Planas-32.jpg\",\"contentUrl\":\"https:\/\/www.namude.lt\/wp-content\/uploads\/2024\/01\/Planas-32.jpg\",\"width\":1026,\"height\":737},{\"@type\":\"BreadcrumbList\",\"@id\":\"https:\/\/www.namude.lt\/objektas\/parduodamas-vertingas-54600-ha-zemes-ukio-paskirties-sklypas-ant-ilgelio-ezero-kranto-zarasu-r-rudenu-k\/#breadcrumb\",\"itemListElement\":[{\"@type\":\"ListItem\",\"position\":1,\"name\":\"Home\",\"item\":\"https:\/\/www.namude.lt\/ru\/\"},{\"@type\":\"ListItem\",\"position\":2,\"name\":\"\u041e\u0431\u044a\u0435\u043a\u0442\u044b\",\"item\":\"https:\/\/www.namude.lt\/ru\/%d0%be%d0%b1%d1%8a%d0%b5%d0%ba%d1%82%d1%8b\/\"},{\"@type\":\"ListItem\",\"position\":3,\"name\":\"PARDUODAMAS VERTINGAS 5,4600 HA \u017dEM\u0116S \u016aKIO PASKIRTIES SKLYPAS ANT ILGELIO E\u017dERO KRANTO ZARAS\u0172 R., RUD\u0116N\u0172 K.\"}]},{\"@type\":\"WebSite\",\"@id\":\"https:\/\/www.namude.lt\/#website\",\"url\":\"https:\/\/www.namude.lt\/\",\"name\":\"Namud\u0117\",\"description\":\"\u201eNamud\u0117\u201c \u2013 agent\u016bra, pardavin\u0117janti Auk\u0161taitijos NT grynuolius.\",\"publisher\":{\"@id\":\"https:\/\/www.namude.lt\/#organization\"},\"potentialAction\":[{\"@type\":\"SearchAction\",\"target\":{\"@type\":\"EntryPoint\",\"urlTemplate\":\"https:\/\/www.namude.lt\/?s={search_term_string}\"},\"query-input\":{\"@type\":\"PropertyValueSpecification\",\"valueRequired\":true,\"valueName\":\"search_term_string\"}}],\"inLanguage\":\"ru-RU\"},{\"@type\":\"Organization\",\"@id\":\"https:\/\/www.namude.lt\/#organization\",\"name\":\"Namud\u0117\",\"url\":\"https:\/\/www.namude.lt\/\",\"logo\":{\"@type\":\"ImageObject\",\"inLanguage\":\"ru-RU\",\"@id\":\"https:\/\/www.namude.lt\/#\/schema\/logo\/image\/\",\"url\":\"https:\/\/www.namude.lt\/wp-content\/uploads\/2023\/11\/logo-symbol.svg\",\"contentUrl\":\"https:\/\/www.namude.lt\/wp-content\/uploads\/2023\/11\/logo-symbol.svg\",\"width\":1,\"height\":1,\"caption\":\"Namud\u0117\"},\"image\":{\"@id\":\"https:\/\/www.namude.lt\/#\/schema\/logo\/image\/\"}}]}<\/script>\n<!-- \/ Yoast SEO plugin. -->","yoast_head_json":{"title":"PARDUODAMAS VERTINGAS 5,4600 HA \u017dEM\u0116S \u016aKIO PASKIRTIES SKLYPAS ANT ILGELIO E\u017dERO KRANTO ZARAS\u0172 R., RUD\u0116N\u0172 K. - Namud\u0117","robots":{"index":"index","follow":"follow","max-snippet":"max-snippet:-1","max-image-preview":"max-image-preview:large","max-video-preview":"max-video-preview:-1"},"canonical":"https:\/\/www.namude.lt\/objektas\/parduodamas-vertingas-54600-ha-zemes-ukio-paskirties-sklypas-ant-ilgelio-ezero-kranto-zarasu-r-rudenu-k\/","og_locale":"ru_RU","og_type":"article","og_title":"PARDUODAMAS VERTINGAS 5,4600 HA \u017dEM\u0116S \u016aKIO PASKIRTIES SKLYPAS ANT ILGELIO E\u017dERO KRANTO ZARAS\u0172 R., RUD\u0116N\u0172 K. - Namud\u0117","og_description":"Parduodamas vertingas 5,4600 ha \u017eem\u0117s \u016bkio paskirties sklypas ant Ilgelio e\u017eero kranto Zaras\u0173 r., Rud\u0117n\u0173 k. Sklypas apie\u00a0120\u00a0m ribojasi su gra\u017eia e\u017eero pakrante. \u0160ioje vietoje atsiveria puikus erdvinis Ilgelio e\u017eero ir apylinki\u0173 peiza\u017eas. Ilgelio e\u017eeras \u0161varus ir gilus, i\u0161 \u0161iaur\u0117s ryt\u0173 \u012f vakarus driekiasi apie\u00a02\u00a0kilometrus. Sklype stiebiasi pavieniai med\u017eiai, o pakrant\u0117je - augi\u0173 lapuo\u010di\u0173 med\u017ei\u0173 juosta. Artimiausia\u00a010\u00a0kW po\u017eemin\u0117 elektros oro linija ma\u017edaug u\u017e\u00a0450\u00a0m. Iki sklyp\u0173 geras priva\u017eiavimas sausu lauko keliu. Apylink\u0117s mi\u0161kingos, greta tyvuliuoja itin \u017euvingas \u010ci\u010dirio e\u017eeras, gausyb\u0117 ma\u017eesni\u0173 e\u017eer\u0173 (Ilgis, Luk\u0161tas). Iki Zaras\u0173 miesto \u2013 tik\u00a013\u00a0km, iki Vilniaus \u2013\u00a0159\u00a0km. Puikus sklypas j\u016bs\u0173 id\u0117j\u0173 \u012fgyvendinimui.  &nbsp;  Sklypo koordinat\u0117s:  Google maps\u00a0 55.814090, 26.167441 (WGS)  Maps.lt\u00a0\u00a0\u00a0635842, 6188752 \u00a0(LKS)","og_url":"https:\/\/www.namude.lt\/objektas\/parduodamas-vertingas-54600-ha-zemes-ukio-paskirties-sklypas-ant-ilgelio-ezero-kranto-zarasu-r-rudenu-k\/","og_site_name":"Namud\u0117","article_modified_time":"2024-02-29T09:49:54+00:00","og_image":[{"width":1026,"height":737,"url":"https:\/\/www.namude.lt\/wp-content\/uploads\/2024\/01\/Planas-32.jpg","type":"image\/jpeg"}],"twitter_card":"summary_large_image","schema":{"@context":"https:\/\/schema.org","@graph":[{"@type":"WebPage","@id":"https:\/\/www.namude.lt\/objektas\/parduodamas-vertingas-54600-ha-zemes-ukio-paskirties-sklypas-ant-ilgelio-ezero-kranto-zarasu-r-rudenu-k\/","url":"https:\/\/www.namude.lt\/objektas\/parduodamas-vertingas-54600-ha-zemes-ukio-paskirties-sklypas-ant-ilgelio-ezero-kranto-zarasu-r-rudenu-k\/","name":"PARDUODAMAS VERTINGAS 5,4600 HA \u017dEM\u0116S \u016aKIO PASKIRTIES SKLYPAS ANT ILGELIO E\u017dERO KRANTO ZARAS\u0172 R., RUD\u0116N\u0172 K. - Namud\u0117","isPartOf":{"@id":"https:\/\/www.namude.lt\/#website"},"primaryImageOfPage":{"@id":"https:\/\/www.namude.lt\/objektas\/parduodamas-vertingas-54600-ha-zemes-ukio-paskirties-sklypas-ant-ilgelio-ezero-kranto-zarasu-r-rudenu-k\/#primaryimage"},"image":{"@id":"https:\/\/www.namude.lt\/objektas\/parduodamas-vertingas-54600-ha-zemes-ukio-paskirties-sklypas-ant-ilgelio-ezero-kranto-zarasu-r-rudenu-k\/#primaryimage"},"thumbnailUrl":"https:\/\/www.namude.lt\/wp-content\/uploads\/2024\/01\/Planas-32.jpg","datePublished":"2024-01-26T11:19:17+00:00","dateModified":"2024-02-29T09:49:54+00:00","breadcrumb":{"@id":"https:\/\/www.namude.lt\/objektas\/parduodamas-vertingas-54600-ha-zemes-ukio-paskirties-sklypas-ant-ilgelio-ezero-kranto-zarasu-r-rudenu-k\/#breadcrumb"},"inLanguage":"ru-RU","potentialAction":[{"@type":"ReadAction","target":["https:\/\/www.namude.lt\/objektas\/parduodamas-vertingas-54600-ha-zemes-ukio-paskirties-sklypas-ant-ilgelio-ezero-kranto-zarasu-r-rudenu-k\/"]}]},{"@type":"ImageObject","inLanguage":"ru-RU","@id":"https:\/\/www.namude.lt\/objektas\/parduodamas-vertingas-54600-ha-zemes-ukio-paskirties-sklypas-ant-ilgelio-ezero-kranto-zarasu-r-rudenu-k\/#primaryimage","url":"https:\/\/www.namude.lt\/wp-content\/uploads\/2024\/01\/Planas-32.jpg","contentUrl":"https:\/\/www.namude.lt\/wp-content\/uploads\/2024\/01\/Planas-32.jpg","width":1026,"height":737},{"@type":"BreadcrumbList","@id":"https:\/\/www.namude.lt\/objektas\/parduodamas-vertingas-54600-ha-zemes-ukio-paskirties-sklypas-ant-ilgelio-ezero-kranto-zarasu-r-rudenu-k\/#breadcrumb","itemListElement":[{"@type":"ListItem","position":1,"name":"Home","item":"https:\/\/www.namude.lt\/ru\/"},{"@type":"ListItem","position":2,"name":"\u041e\u0431\u044a\u0435\u043a\u0442\u044b","item":"https:\/\/www.namude.lt\/ru\/%d0%be%d0%b1%d1%8a%d0%b5%d0%ba%d1%82%d1%8b\/"},{"@type":"ListItem","position":3,"name":"PARDUODAMAS VERTINGAS 5,4600 HA \u017dEM\u0116S \u016aKIO PASKIRTIES SKLYPAS ANT ILGELIO E\u017dERO KRANTO ZARAS\u0172 R., RUD\u0116N\u0172 K."}]},{"@type":"WebSite","@id":"https:\/\/www.namude.lt\/#website","url":"https:\/\/www.namude.lt\/","name":"Namud\u0117","description":"\u201eNamud\u0117\u201c \u2013 agent\u016bra, pardavin\u0117janti Auk\u0161taitijos NT grynuolius.","publisher":{"@id":"https:\/\/www.namude.lt\/#organization"},"potentialAction":[{"@type":"SearchAction","target":{"@type":"EntryPoint","urlTemplate":"https:\/\/www.namude.lt\/?s={search_term_string}"},"query-input":{"@type":"PropertyValueSpecification","valueRequired":true,"valueName":"search_term_string"}}],"inLanguage":"ru-RU"},{"@type":"Organization","@id":"https:\/\/www.namude.lt\/#organization","name":"Namud\u0117","url":"https:\/\/www.namude.lt\/","logo":{"@type":"ImageObject","inLanguage":"ru-RU","@id":"https:\/\/www.namude.lt\/#\/schema\/logo\/image\/","url":"https:\/\/www.namude.lt\/wp-content\/uploads\/2023\/11\/logo-symbol.svg","contentUrl":"https:\/\/www.namude.lt\/wp-content\/uploads\/2023\/11\/logo-symbol.svg","width":1,"height":1,"caption":"Namud\u0117"},"image":{"@id":"https:\/\/www.namude.lt\/#\/schema\/logo\/image\/"}}]}},"_links":{"self":[{"href":"https:\/\/www.namude.lt\/ru\/wp-json\/wp\/v2\/product\/4708","targetHints":{"allow":["GET"]}}],"collection":[{"href":"https:\/\/www.namude.lt\/ru\/wp-json\/wp\/v2\/product"}],"about":[{"href":"https:\/\/www.namude.lt\/ru\/wp-json\/wp\/v2\/types\/product"}],"wp:featuredmedia":[{"embeddable":true,"href":"https:\/\/www.namude.lt\/ru\/wp-json\/wp\/v2\/media\/4709"}],"wp:attachment":[{"href":"https:\/\/www.namude.lt\/ru\/wp-json\/wp\/v2\/media?parent=4708"}],"wp:term":[{"taxonomy":"product_brand","embeddable":true,"href":"https:\/\/www.namude.lt\/ru\/wp-json\/wp\/v2\/product_brand?post=4708"},{"taxonomy":"product_cat","embeddable":true,"href":"https:\/\/www.namude.lt\/ru\/wp-json\/wp\/v2\/product_cat?post=4708"},{"taxonomy":"product_tag","embeddable":true,"href":"https:\/\/www.namude.lt\/ru\/wp-json\/wp\/v2\/product_tag?post=4708"}],"curies":[{"name":"wp","href":"https:\/\/api.w.org\/{rel}","templated":true}]}}