{"id":4031,"date":"2024-04-15T11:55:57","date_gmt":"2024-04-15T08:55:57","guid":{"rendered":"https:\/\/www.namude.lt\/?post_type=product&#038;p=4031"},"modified":"2026-02-17T10:08:35","modified_gmt":"2026-02-17T08:08:35","slug":"vertingas-17446-ha-zemes-sklypas-utenos-r-antilges-k-ant-ilgio-ezero-kranto","status":"publish","type":"product","link":"https:\/\/www.namude.lt\/ru\/\u043e\u0431\u044a\u0435\u043a\u0442\/vertingas-17446-ha-zemes-sklypas-utenos-r-antilges-k-ant-ilgio-ezero-kranto\/","title":{"rendered":"Rekreacini\u0173* teritorij\u0173 zonoje esantis 1,7446 ha \u017eem\u0117s sklypas Utenos r., Antilg\u0117s k., ant Ilgio e\u017eero kranto"},"content":{"rendered":"<p>&nbsp;<\/p>\n<p><strong>A dalies kaina &#8212; 35\u00a0000 Eur, B dalies kaina \u2013 25\u00a0000 Eur.\u00a0<\/strong>\u00a0Sklypo paskirtis \u0161iuo metu \u017eem\u0117s \u016bkio, ta\u010diau\u00a0<strong>Pagal Utenos rajono bendr\u0105j\u012f plan\u0105, sklypo paskirt\u012f galima keisti \u012f rekreacin\u0119 ir supaprastinta tvarka statyti poilsinius pastatus vos 10 m atstumu nuo e\u017eero!\u00a0<\/strong>Teritorija ne\u012feina \u012f regioninio parko ribas. Pakrant\u0117je yra sodybos statyboms itin tinkama lygi vieta. \u00a0Sklypas ant kalno, itin vaizdingoje kalvotoje vietov\u0117je, i\u0161 vis\u0173 pusi\u0173 atsiveria nuostabus e\u017eero peiza\u017eas. Ilgio e\u017eeras gilus, \u0161varus ir \u017euvingas, i\u0161 \u0161iaur\u0117s ryt\u0173 \u012f pietvakarius driekiasi apie\u00a0<strong>3\u00a0<\/strong>km, tad puikiai tiks pasiplaukioti valtimi ar pa\u017evejoti. Pakrant\u0117je galima \u012fsirengti sm\u0117l\u0117t\u0105 maudykl\u0105 ir liept\u0105. Did\u017ei\u0105j\u0105 sklypo dal\u012f sudaro pievos. Puikus priva\u017eiavimas iki sklypo geru \u017evyruotu keliu visais met\u0173 laikais. Itin ma\u017ei elektros \u012fsivedimo ka\u0161tai \u2013\u00a0<strong>14\u00a0<\/strong>kW elektros \u012fvadas, parengus namo statybos projekt\u0105 ir pritaikius\u00a0<strong>50\u00a0<\/strong>% nuolaid\u0105, kiekvienai A ir B sklypo daliai kainuos tik po\u00a0<strong>1300\u00a0<\/strong>Eur! \u0160alia yra tvarking\u0173, nuolat \u00a0gyvenan\u010di\u0173 kaimyn\u0173. Iki Utenos \u2013\u00a0<strong>25\u00a0<\/strong>km, iki Vilniaus \u2013\u00a0<strong>127\u00a0<\/strong>km. Sklypas tinkamas tiek sodybos statybai, tiek ir \u012fvairi\u0173 projekt\u0173 \u012fgyvendinimui (Europini\u0173 investicij\u0173 \u012f kaimo pl\u0117tr\u0105). Nepraleiskite progos \u012fsigyti savo verslo, \u00a0poilsio ar laisvalaikio oaz\u0119 !<\/p>\n<p>&nbsp;<\/p>\n<p>*Rekreacin\u0117s teritorijos \u2013 tai Kitos paskirties \u017eem\u0117s sklypai, kuri\u0173 naudojimo b\u016bdas yra rekreacin\u0117s teritorijos. Tokiuose \u017eem\u0117s sklypuose galima poilsio paskirties pastat\u0173 statyba (pagal Statybos technin\u012f reglament\u0105 (STR\u00a0<strong>7.13<\/strong>.) \u2013 tai poilsio namai, turizmo centrai, kemping\u0173 pastatai, kaimo turizmo pastatai, vasarnamiai, med\u017eiokl\u0117s nameliai ir kiti poilsio pastatai).<\/p>\n<p>&nbsp;<\/p>\n<p>&nbsp;<\/p>\n<p>Sklypo koordinat\u0117s:<\/p>\n<p>Google maps\u00a0 55.525301, 25.916231\u00a0 (WGS)<\/p>\n<p>Maps.lt\u00a0\u00a0\u00a0 620988, 6156148 \u00a0(LKS)<\/p>\n","protected":false},"excerpt":{"rendered":"<p><strong>Parduodamas rekreacini\u0173 * teritorij\u0173 zonoje esantis 1,7446 ha \u017eem\u0117s <a href=\"https:\/\/www.namude.lt\/kategorija\/sklypai\/?filter_rajonas=utenos-rajonas&amp;query_type_rajonas=or\">sklypas<\/a> <a href=\"https:\/\/www.namude.lt\/parduodami-nt-objektai\/?filter_rajonas=utenos-rajonas&amp;query_type_rajonas=or\">Utenos r<\/a>., Antilg\u0117s k., ant Ilgio e\u017eero kranto.<\/strong>\u00a0Sklypui A preliminariai priklauso\u00a0<strong>0,96\u00a0<\/strong>ha ir\u00a0<strong>80\u00a0<\/strong>metr\u0173 pakrant\u0117s, o sklypui B \u2013\u00a0<strong>0,78<\/strong>\u00a0ha ir\u00a0<strong>40\u00a0<\/strong>metr\u0173 pakrant\u0117s. Bendras gra\u017eiai vingiuotos vaizdingos e\u017eero pakrant\u0117s ilgis \u2013 net\u00a0<strong>120\u00a0<\/strong>m. Si\u016blome \u012fsigyti vis\u0105 sklyp\u0105 arba jo dal\u012f. Parengtas sklypo naudojimosi tvarkos planas, pagal kur\u012f kiekvienas bendraturtis gali naudotis pa\u017eym\u0117ta A ir B sklypo dalimi.<\/p>\n","protected":false},"featured_media":15784,"template":"","meta":{"_acf_changed":false},"product_brand":[],"product_cat":[75],"product_tag":[],"class_list":{"0":"post-4031","1":"product","2":"type-product","3":"status-publish","4":"has-post-thumbnail","6":"product_cat-parduota","7":"description-off","9":"first","10":"instock","11":"shipping-taxable","12":"purchasable","13":"product-type-simple"},"acf":[],"yoast_head":"<!-- This site is optimized with the Yoast SEO plugin v27.4 - https:\/\/yoast.com\/product\/yoast-seo-wordpress\/ -->\n<title>Rekreacini\u0173* teritorij\u0173 zonoje esantis 1,7446 ha \u017eem\u0117s sklypas Utenos r., Antilg\u0117s k., ant Ilgio e\u017eero kranto - Namud\u0117<\/title>\n<meta name=\"robots\" content=\"index, follow, max-snippet:-1, max-image-preview:large, max-video-preview:-1\" \/>\n<link rel=\"canonical\" href=\"https:\/\/www.namude.lt\/objektas\/vertingas-17446-ha-zemes-sklypas-utenos-r-antilges-k-ant-ilgio-ezero-kranto\/\" \/>\n<meta property=\"og:locale\" content=\"ru_RU\" \/>\n<meta property=\"og:type\" content=\"article\" \/>\n<meta property=\"og:title\" content=\"Rekreacini\u0173* teritorij\u0173 zonoje esantis 1,7446 ha \u017eem\u0117s sklypas Utenos r., Antilg\u0117s k., ant Ilgio e\u017eero kranto - Namud\u0117\" \/>\n<meta property=\"og:description\" content=\"Parduodamas rekreacini\u0173 * teritorij\u0173 zonoje esantis 1,7446 ha \u017eem\u0117s sklypas Utenos r., Antilg\u0117s k., ant Ilgio e\u017eero kranto.\u00a0Sklypui A preliminariai priklauso\u00a00,96\u00a0ha ir\u00a080\u00a0metr\u0173 pakrant\u0117s, o sklypui B \u2013\u00a00,78\u00a0ha ir\u00a040\u00a0metr\u0173 pakrant\u0117s. Bendras gra\u017eiai vingiuotos vaizdingos e\u017eero pakrant\u0117s ilgis \u2013 net\u00a0120\u00a0m. Si\u016blome \u012fsigyti vis\u0105 sklyp\u0105 arba jo dal\u012f. Parengtas sklypo naudojimosi tvarkos planas, pagal kur\u012f kiekvienas bendraturtis gali naudotis pa\u017eym\u0117ta A ir B sklypo dalimi.\" \/>\n<meta property=\"og:url\" content=\"https:\/\/www.namude.lt\/objektas\/vertingas-17446-ha-zemes-sklypas-utenos-r-antilges-k-ant-ilgio-ezero-kranto\/\" \/>\n<meta property=\"og:site_name\" content=\"Namud\u0117\" \/>\n<meta property=\"article:modified_time\" content=\"2026-02-17T08:08:35+00:00\" \/>\n<meta property=\"og:image\" content=\"https:\/\/www.namude.lt\/wp-content\/uploads\/2024\/04\/2-16.jpg\" \/>\n\t<meta property=\"og:image:width\" content=\"1920\" \/>\n\t<meta property=\"og:image:height\" content=\"1080\" \/>\n\t<meta property=\"og:image:type\" content=\"image\/jpeg\" \/>\n<meta name=\"twitter:card\" content=\"summary_large_image\" \/>\n<meta name=\"twitter:label1\" content=\"\u041f\u0440\u0438\u043c\u0435\u0440\u043d\u043e\u0435 \u0432\u0440\u0435\u043c\u044f \u0434\u043b\u044f \u0447\u0442\u0435\u043d\u0438\u044f\" \/>\n\t<meta name=\"twitter:data1\" content=\"1 \u043c\u0438\u043d\u0443\u0442\u0430\" \/>\n<script type=\"application\/ld+json\" class=\"yoast-schema-graph\">{\"@context\":\"https:\\\/\\\/schema.org\",\"@graph\":[{\"@type\":\"WebPage\",\"@id\":\"https:\\\/\\\/www.namude.lt\\\/objektas\\\/vertingas-17446-ha-zemes-sklypas-utenos-r-antilges-k-ant-ilgio-ezero-kranto\\\/\",\"url\":\"https:\\\/\\\/www.namude.lt\\\/objektas\\\/vertingas-17446-ha-zemes-sklypas-utenos-r-antilges-k-ant-ilgio-ezero-kranto\\\/\",\"name\":\"Rekreacini\u0173* teritorij\u0173 zonoje esantis 1,7446 ha \u017eem\u0117s sklypas Utenos r., Antilg\u0117s k., ant Ilgio e\u017eero kranto - Namud\u0117\",\"isPartOf\":{\"@id\":\"https:\\\/\\\/www.namude.lt\\\/#website\"},\"primaryImageOfPage\":{\"@id\":\"https:\\\/\\\/www.namude.lt\\\/objektas\\\/vertingas-17446-ha-zemes-sklypas-utenos-r-antilges-k-ant-ilgio-ezero-kranto\\\/#primaryimage\"},\"image\":{\"@id\":\"https:\\\/\\\/www.namude.lt\\\/objektas\\\/vertingas-17446-ha-zemes-sklypas-utenos-r-antilges-k-ant-ilgio-ezero-kranto\\\/#primaryimage\"},\"thumbnailUrl\":\"https:\\\/\\\/www.namude.lt\\\/wp-content\\\/uploads\\\/2024\\\/04\\\/2-16.jpg\",\"datePublished\":\"2024-04-15T08:55:57+00:00\",\"dateModified\":\"2026-02-17T08:08:35+00:00\",\"breadcrumb\":{\"@id\":\"https:\\\/\\\/www.namude.lt\\\/objektas\\\/vertingas-17446-ha-zemes-sklypas-utenos-r-antilges-k-ant-ilgio-ezero-kranto\\\/#breadcrumb\"},\"inLanguage\":\"ru-RU\",\"potentialAction\":[{\"@type\":\"ReadAction\",\"target\":[\"https:\\\/\\\/www.namude.lt\\\/objektas\\\/vertingas-17446-ha-zemes-sklypas-utenos-r-antilges-k-ant-ilgio-ezero-kranto\\\/\"]}]},{\"@type\":\"ImageObject\",\"inLanguage\":\"ru-RU\",\"@id\":\"https:\\\/\\\/www.namude.lt\\\/objektas\\\/vertingas-17446-ha-zemes-sklypas-utenos-r-antilges-k-ant-ilgio-ezero-kranto\\\/#primaryimage\",\"url\":\"https:\\\/\\\/www.namude.lt\\\/wp-content\\\/uploads\\\/2024\\\/04\\\/2-16.jpg\",\"contentUrl\":\"https:\\\/\\\/www.namude.lt\\\/wp-content\\\/uploads\\\/2024\\\/04\\\/2-16.jpg\",\"width\":1920,\"height\":1080},{\"@type\":\"BreadcrumbList\",\"@id\":\"https:\\\/\\\/www.namude.lt\\\/objektas\\\/vertingas-17446-ha-zemes-sklypas-utenos-r-antilges-k-ant-ilgio-ezero-kranto\\\/#breadcrumb\",\"itemListElement\":[{\"@type\":\"ListItem\",\"position\":1,\"name\":\"Home\",\"item\":\"https:\\\/\\\/www.namude.lt\\\/ru\\\/\"},{\"@type\":\"ListItem\",\"position\":2,\"name\":\"\u041e\u0431\u044a\u0435\u043a\u0442\u044b\",\"item\":\"https:\\\/\\\/www.namude.lt\\\/ru\\\/%d0%be%d0%b1%d1%8a%d0%b5%d0%ba%d1%82%d1%8b\\\/\"},{\"@type\":\"ListItem\",\"position\":3,\"name\":\"Rekreacini\u0173* teritorij\u0173 zonoje esantis 1,7446 ha \u017eem\u0117s sklypas Utenos r., Antilg\u0117s k., ant Ilgio e\u017eero kranto\"}]},{\"@type\":\"WebSite\",\"@id\":\"https:\\\/\\\/www.namude.lt\\\/#website\",\"url\":\"https:\\\/\\\/www.namude.lt\\\/\",\"name\":\"Namud\u0117\",\"description\":\"\u201eNamud\u0117\u201c \u2013 agent\u016bra, pardavin\u0117janti Auk\u0161taitijos NT grynuolius.\",\"publisher\":{\"@id\":\"https:\\\/\\\/www.namude.lt\\\/#organization\"},\"potentialAction\":[{\"@type\":\"SearchAction\",\"target\":{\"@type\":\"EntryPoint\",\"urlTemplate\":\"https:\\\/\\\/www.namude.lt\\\/?s={search_term_string}\"},\"query-input\":{\"@type\":\"PropertyValueSpecification\",\"valueRequired\":true,\"valueName\":\"search_term_string\"}}],\"inLanguage\":\"ru-RU\"},{\"@type\":\"Organization\",\"@id\":\"https:\\\/\\\/www.namude.lt\\\/#organization\",\"name\":\"Namud\u0117\",\"url\":\"https:\\\/\\\/www.namude.lt\\\/\",\"logo\":{\"@type\":\"ImageObject\",\"inLanguage\":\"ru-RU\",\"@id\":\"https:\\\/\\\/www.namude.lt\\\/#\\\/schema\\\/logo\\\/image\\\/\",\"url\":\"https:\\\/\\\/www.namude.lt\\\/wp-content\\\/uploads\\\/2023\\\/11\\\/logo-symbol.svg\",\"contentUrl\":\"https:\\\/\\\/www.namude.lt\\\/wp-content\\\/uploads\\\/2023\\\/11\\\/logo-symbol.svg\",\"width\":1,\"height\":1,\"caption\":\"Namud\u0117\"},\"image\":{\"@id\":\"https:\\\/\\\/www.namude.lt\\\/#\\\/schema\\\/logo\\\/image\\\/\"}}]}<\/script>\n<!-- \/ Yoast SEO plugin. -->","yoast_head_json":{"title":"Rekreacini\u0173* teritorij\u0173 zonoje esantis 1,7446 ha \u017eem\u0117s sklypas Utenos r., Antilg\u0117s k., ant Ilgio e\u017eero kranto - Namud\u0117","robots":{"index":"index","follow":"follow","max-snippet":"max-snippet:-1","max-image-preview":"max-image-preview:large","max-video-preview":"max-video-preview:-1"},"canonical":"https:\/\/www.namude.lt\/objektas\/vertingas-17446-ha-zemes-sklypas-utenos-r-antilges-k-ant-ilgio-ezero-kranto\/","og_locale":"ru_RU","og_type":"article","og_title":"Rekreacini\u0173* teritorij\u0173 zonoje esantis 1,7446 ha \u017eem\u0117s sklypas Utenos r., Antilg\u0117s k., ant Ilgio e\u017eero kranto - Namud\u0117","og_description":"Parduodamas rekreacini\u0173 * teritorij\u0173 zonoje esantis 1,7446 ha \u017eem\u0117s sklypas Utenos r., Antilg\u0117s k., ant Ilgio e\u017eero kranto.\u00a0Sklypui A preliminariai priklauso\u00a00,96\u00a0ha ir\u00a080\u00a0metr\u0173 pakrant\u0117s, o sklypui B \u2013\u00a00,78\u00a0ha ir\u00a040\u00a0metr\u0173 pakrant\u0117s. Bendras gra\u017eiai vingiuotos vaizdingos e\u017eero pakrant\u0117s ilgis \u2013 net\u00a0120\u00a0m. Si\u016blome \u012fsigyti vis\u0105 sklyp\u0105 arba jo dal\u012f. Parengtas sklypo naudojimosi tvarkos planas, pagal kur\u012f kiekvienas bendraturtis gali naudotis pa\u017eym\u0117ta A ir B sklypo dalimi.","og_url":"https:\/\/www.namude.lt\/objektas\/vertingas-17446-ha-zemes-sklypas-utenos-r-antilges-k-ant-ilgio-ezero-kranto\/","og_site_name":"Namud\u0117","article_modified_time":"2026-02-17T08:08:35+00:00","og_image":[{"width":1920,"height":1080,"url":"https:\/\/www.namude.lt\/wp-content\/uploads\/2024\/04\/2-16.jpg","type":"image\/jpeg"}],"twitter_card":"summary_large_image","twitter_misc":{"\u041f\u0440\u0438\u043c\u0435\u0440\u043d\u043e\u0435 \u0432\u0440\u0435\u043c\u044f \u0434\u043b\u044f \u0447\u0442\u0435\u043d\u0438\u044f":"1 \u043c\u0438\u043d\u0443\u0442\u0430"},"schema":{"@context":"https:\/\/schema.org","@graph":[{"@type":"WebPage","@id":"https:\/\/www.namude.lt\/objektas\/vertingas-17446-ha-zemes-sklypas-utenos-r-antilges-k-ant-ilgio-ezero-kranto\/","url":"https:\/\/www.namude.lt\/objektas\/vertingas-17446-ha-zemes-sklypas-utenos-r-antilges-k-ant-ilgio-ezero-kranto\/","name":"Rekreacini\u0173* teritorij\u0173 zonoje esantis 1,7446 ha \u017eem\u0117s sklypas Utenos r., Antilg\u0117s k., ant Ilgio e\u017eero kranto - Namud\u0117","isPartOf":{"@id":"https:\/\/www.namude.lt\/#website"},"primaryImageOfPage":{"@id":"https:\/\/www.namude.lt\/objektas\/vertingas-17446-ha-zemes-sklypas-utenos-r-antilges-k-ant-ilgio-ezero-kranto\/#primaryimage"},"image":{"@id":"https:\/\/www.namude.lt\/objektas\/vertingas-17446-ha-zemes-sklypas-utenos-r-antilges-k-ant-ilgio-ezero-kranto\/#primaryimage"},"thumbnailUrl":"https:\/\/www.namude.lt\/wp-content\/uploads\/2024\/04\/2-16.jpg","datePublished":"2024-04-15T08:55:57+00:00","dateModified":"2026-02-17T08:08:35+00:00","breadcrumb":{"@id":"https:\/\/www.namude.lt\/objektas\/vertingas-17446-ha-zemes-sklypas-utenos-r-antilges-k-ant-ilgio-ezero-kranto\/#breadcrumb"},"inLanguage":"ru-RU","potentialAction":[{"@type":"ReadAction","target":["https:\/\/www.namude.lt\/objektas\/vertingas-17446-ha-zemes-sklypas-utenos-r-antilges-k-ant-ilgio-ezero-kranto\/"]}]},{"@type":"ImageObject","inLanguage":"ru-RU","@id":"https:\/\/www.namude.lt\/objektas\/vertingas-17446-ha-zemes-sklypas-utenos-r-antilges-k-ant-ilgio-ezero-kranto\/#primaryimage","url":"https:\/\/www.namude.lt\/wp-content\/uploads\/2024\/04\/2-16.jpg","contentUrl":"https:\/\/www.namude.lt\/wp-content\/uploads\/2024\/04\/2-16.jpg","width":1920,"height":1080},{"@type":"BreadcrumbList","@id":"https:\/\/www.namude.lt\/objektas\/vertingas-17446-ha-zemes-sklypas-utenos-r-antilges-k-ant-ilgio-ezero-kranto\/#breadcrumb","itemListElement":[{"@type":"ListItem","position":1,"name":"Home","item":"https:\/\/www.namude.lt\/ru\/"},{"@type":"ListItem","position":2,"name":"\u041e\u0431\u044a\u0435\u043a\u0442\u044b","item":"https:\/\/www.namude.lt\/ru\/%d0%be%d0%b1%d1%8a%d0%b5%d0%ba%d1%82%d1%8b\/"},{"@type":"ListItem","position":3,"name":"Rekreacini\u0173* teritorij\u0173 zonoje esantis 1,7446 ha \u017eem\u0117s sklypas Utenos r., Antilg\u0117s k., ant Ilgio e\u017eero kranto"}]},{"@type":"WebSite","@id":"https:\/\/www.namude.lt\/#website","url":"https:\/\/www.namude.lt\/","name":"Namud\u0117","description":"\u201eNamud\u0117\u201c \u2013 agent\u016bra, pardavin\u0117janti Auk\u0161taitijos NT grynuolius.","publisher":{"@id":"https:\/\/www.namude.lt\/#organization"},"potentialAction":[{"@type":"SearchAction","target":{"@type":"EntryPoint","urlTemplate":"https:\/\/www.namude.lt\/?s={search_term_string}"},"query-input":{"@type":"PropertyValueSpecification","valueRequired":true,"valueName":"search_term_string"}}],"inLanguage":"ru-RU"},{"@type":"Organization","@id":"https:\/\/www.namude.lt\/#organization","name":"Namud\u0117","url":"https:\/\/www.namude.lt\/","logo":{"@type":"ImageObject","inLanguage":"ru-RU","@id":"https:\/\/www.namude.lt\/#\/schema\/logo\/image\/","url":"https:\/\/www.namude.lt\/wp-content\/uploads\/2023\/11\/logo-symbol.svg","contentUrl":"https:\/\/www.namude.lt\/wp-content\/uploads\/2023\/11\/logo-symbol.svg","width":1,"height":1,"caption":"Namud\u0117"},"image":{"@id":"https:\/\/www.namude.lt\/#\/schema\/logo\/image\/"}}]}},"_links":{"self":[{"href":"https:\/\/www.namude.lt\/ru\/wp-json\/wp\/v2\/product\/4031","targetHints":{"allow":["GET"]}}],"collection":[{"href":"https:\/\/www.namude.lt\/ru\/wp-json\/wp\/v2\/product"}],"about":[{"href":"https:\/\/www.namude.lt\/ru\/wp-json\/wp\/v2\/types\/product"}],"wp:featuredmedia":[{"embeddable":true,"href":"https:\/\/www.namude.lt\/ru\/wp-json\/wp\/v2\/media\/15784"}],"wp:attachment":[{"href":"https:\/\/www.namude.lt\/ru\/wp-json\/wp\/v2\/media?parent=4031"}],"wp:term":[{"taxonomy":"product_brand","embeddable":true,"href":"https:\/\/www.namude.lt\/ru\/wp-json\/wp\/v2\/product_brand?post=4031"},{"taxonomy":"product_cat","embeddable":true,"href":"https:\/\/www.namude.lt\/ru\/wp-json\/wp\/v2\/product_cat?post=4031"},{"taxonomy":"product_tag","embeddable":true,"href":"https:\/\/www.namude.lt\/ru\/wp-json\/wp\/v2\/product_tag?post=4031"}],"curies":[{"name":"wp","href":"https:\/\/api.w.org\/{rel}","templated":true}]}}