{"id":3930,"date":"2024-04-26T11:47:51","date_gmt":"2024-04-26T08:47:51","guid":{"rendered":"https:\/\/www.namude.lt\/?post_type=product&#038;p=3930"},"modified":"2025-02-08T11:21:23","modified_gmt":"2025-02-08T09:21:23","slug":"085-ha-namu-valdos-zemes-sklypas-ant-grazaus-zirnajo-ezero-kranto-zarasu-r-zirnaju-k","status":"publish","type":"product","link":"https:\/\/www.namude.lt\/ru\/\u043e\u0431\u044a\u0435\u043a\u0442\/085-ha-namu-valdos-zemes-sklypas-ant-grazaus-zirnajo-ezero-kranto-zarasu-r-zirnaju-k\/","title":{"rendered":"0,85 HA NAM\u0172 VALDOS \u017dEM\u0116S SKLYPAS ANT GRA\u017dAUS ZIRNAJO E\u017dERO KRANTO ZARAS\u0172 R., ZIRNAJ\u0172 K."},"content":{"rendered":"","protected":false},"excerpt":{"rendered":"<p><strong>Parduodamas 0,85 ha nam\u0173 valdos \u017eem\u0117s <a href=\"https:\/\/www.namude.lt\/kategorija\/sklypai\/\">sklypas<\/a> ant gra\u017eaus Zirnajo e\u017eero kranto <a href=\"https:\/\/www.namude.lt\/parduodami-nt-objektai\/?filter_rajonas=zarasu-rajonas&amp;query_type_rajonas=or\">Zaras\u0173 r<\/a>., Zirnaj\u0173 k. 11.\u00a0 Didelis privalumas, kad pakeista sklypo paskirtis, nes statyboms nebereikia \u016bkininko pa\u017eym\u0117jimo ir kaimo pl\u0117tros projekto, gyvenam\u0105j\u012f ar poilsin\u012f nam\u0105 galima statyti i\u0161 karto be joki\u0173 apribojim\u0173.<\/strong>\u00a0 Sklypas apie\u00a0<strong>50\u00a0<\/strong>m ribojasi su gra\u017eia e\u017eero pakrante. \u0160ioje vietoje atsiveria i\u0161skirtinis erdvinis Zirnajo e\u017eero ir apylinki\u0173 peiza\u017eas. Sklypas i\u0161sid\u0117st\u0119s ant kalvel\u0117s, yra nedidelis nuolydis \u012f e\u017eero pus\u0119. Sklypas orientuotas piet\u0173 kryptimi, tad vis\u0105 dien\u0105 nuo e\u017eero pus\u0117s \u0161vie\u010dia saul\u0117. Sklypo pakrant\u0117je yra augi\u0173 lapuo\u010di\u0173 med\u017ei\u0173. Atlikti kadastriniai matavimai. Iki sklypo geras priva\u017eiavimas sausu lauko keliu.\u00a0 E\u017eeras Zirnajys \u0161varus ir gilus, i\u0161 ryt\u0173 \u012f vakarus driekiasi apie\u00a0<strong>1,3\u00a0<\/strong>km, tyvuliuoja \u0161iaurin\u0117je Zaras\u0173 rajono dalyje, Antazav\u0117s seni\u016bnijoje. Apylink\u0117se rasite ir daugiau puiki\u0173 e\u017eer\u0173 \u2013 Sartai, Salinis, Ilgelis, Zaduojys. Artimiausi miesteliai \u2013 Antazav\u0117, Dusetos. Iki Zaras\u0173 \u2013\u00a0<strong>27\u00a0<\/strong>km, Panev\u0117\u017eio \u2013\u00a0<strong>119\u00a0<\/strong>km, Vilniaus \u2013\u00a0<strong>148\u00a0<\/strong>km. Puikus sklypas statyboms be joki\u0173 apribojim\u0173.<\/p>\n<p>Sklypo koordinat\u0117s:<\/p>\n<p>Google maps\u00a0 55.855492, 25.914144<\/p>\n<p><strong>Maps.lt<\/strong><\/p>\n<p>619833, 6192888 (LKS)<br \/>\n55.855462, 25.914001 (WGS)<br \/>\n55\u00b0 51&#8242; 19.66&#8243;, 25\u00b0 54&#8242; 50.4&#8243; (WGS)<\/p>\n","protected":false},"featured_media":3931,"template":"","meta":{"_acf_changed":false},"product_brand":[],"product_cat":[24],"product_tag":[],"class_list":{"0":"post-3930","1":"product","2":"type-product","3":"status-publish","4":"has-post-thumbnail","6":"product_cat-sklypai","7":"pa_rajonas-zarasu-rajonas","8":"description-off","10":"first","11":"instock","12":"shipping-taxable","13":"purchasable","14":"product-type-simple"},"acf":[],"yoast_head":"<!-- This site is optimized with the Yoast SEO plugin v27.0 - https:\/\/yoast.com\/product\/yoast-seo-wordpress\/ -->\n<title>0,85 HA NAM\u0172 VALDOS \u017dEM\u0116S SKLYPAS ANT GRA\u017dAUS ZIRNAJO E\u017dERO KRANTO ZARAS\u0172 R., ZIRNAJ\u0172 K. - Namud\u0117<\/title>\n<meta name=\"robots\" content=\"index, follow, max-snippet:-1, max-image-preview:large, max-video-preview:-1\" \/>\n<link rel=\"canonical\" href=\"https:\/\/www.namude.lt\/objektas\/085-ha-namu-valdos-zemes-sklypas-ant-grazaus-zirnajo-ezero-kranto-zarasu-r-zirnaju-k\/\" \/>\n<meta property=\"og:locale\" content=\"ru_RU\" \/>\n<meta property=\"og:type\" content=\"article\" \/>\n<meta property=\"og:title\" content=\"0,85 HA NAM\u0172 VALDOS \u017dEM\u0116S SKLYPAS ANT GRA\u017dAUS ZIRNAJO E\u017dERO KRANTO ZARAS\u0172 R., ZIRNAJ\u0172 K. - Namud\u0117\" \/>\n<meta property=\"og:description\" content=\"Parduodamas 0,85 ha nam\u0173 valdos \u017eem\u0117s sklypas ant gra\u017eaus Zirnajo e\u017eero kranto Zaras\u0173 r., Zirnaj\u0173 k. 11.\u00a0 Didelis privalumas, kad pakeista sklypo paskirtis, nes statyboms nebereikia \u016bkininko pa\u017eym\u0117jimo ir kaimo pl\u0117tros projekto, gyvenam\u0105j\u012f ar poilsin\u012f nam\u0105 galima statyti i\u0161 karto be joki\u0173 apribojim\u0173.\u00a0 Sklypas apie\u00a050\u00a0m ribojasi su gra\u017eia e\u017eero pakrante. \u0160ioje vietoje atsiveria i\u0161skirtinis erdvinis Zirnajo e\u017eero ir apylinki\u0173 peiza\u017eas. Sklypas i\u0161sid\u0117st\u0119s ant kalvel\u0117s, yra nedidelis nuolydis \u012f e\u017eero pus\u0119. Sklypas orientuotas piet\u0173 kryptimi, tad vis\u0105 dien\u0105 nuo e\u017eero pus\u0117s \u0161vie\u010dia saul\u0117. Sklypo pakrant\u0117je yra augi\u0173 lapuo\u010di\u0173 med\u017ei\u0173. Atlikti kadastriniai matavimai. Iki sklypo geras priva\u017eiavimas sausu lauko keliu.\u00a0 E\u017eeras Zirnajys \u0161varus ir gilus, i\u0161 ryt\u0173 \u012f vakarus driekiasi apie\u00a01,3\u00a0km, tyvuliuoja \u0161iaurin\u0117je Zaras\u0173 rajono dalyje, Antazav\u0117s seni\u016bnijoje. Apylink\u0117se rasite ir daugiau puiki\u0173 e\u017eer\u0173 \u2013 Sartai, Salinis, Ilgelis, Zaduojys. Artimiausi miesteliai \u2013 Antazav\u0117, Dusetos. Iki Zaras\u0173 \u2013\u00a027\u00a0km, Panev\u0117\u017eio \u2013\u00a0119\u00a0km, Vilniaus \u2013\u00a0148\u00a0km. Puikus sklypas statyboms be joki\u0173 apribojim\u0173.  Sklypo koordinat\u0117s:  Google maps\u00a0 55.855492, 25.914144  Maps.lt  619833, 6192888 (LKS) 55.855462, 25.914001 (WGS) 55\u00b0 51&#039; 19.66&quot;, 25\u00b0 54&#039; 50.4&quot; (WGS)\" \/>\n<meta property=\"og:url\" content=\"https:\/\/www.namude.lt\/objektas\/085-ha-namu-valdos-zemes-sklypas-ant-grazaus-zirnajo-ezero-kranto-zarasu-r-zirnaju-k\/\" \/>\n<meta property=\"og:site_name\" content=\"Namud\u0117\" \/>\n<meta property=\"article:modified_time\" content=\"2025-02-08T09:21:23+00:00\" \/>\n<meta property=\"og:image\" content=\"https:\/\/www.namude.lt\/wp-content\/uploads\/2024\/01\/1-71-scaled.jpg\" \/>\n\t<meta property=\"og:image:width\" content=\"2560\" \/>\n\t<meta property=\"og:image:height\" content=\"1636\" \/>\n\t<meta property=\"og:image:type\" content=\"image\/jpeg\" \/>\n<meta name=\"twitter:card\" content=\"summary_large_image\" \/>\n<script type=\"application\/ld+json\" class=\"yoast-schema-graph\">{\"@context\":\"https:\/\/schema.org\",\"@graph\":[{\"@type\":\"WebPage\",\"@id\":\"https:\/\/www.namude.lt\/objektas\/085-ha-namu-valdos-zemes-sklypas-ant-grazaus-zirnajo-ezero-kranto-zarasu-r-zirnaju-k\/\",\"url\":\"https:\/\/www.namude.lt\/objektas\/085-ha-namu-valdos-zemes-sklypas-ant-grazaus-zirnajo-ezero-kranto-zarasu-r-zirnaju-k\/\",\"name\":\"0,85 HA NAM\u0172 VALDOS \u017dEM\u0116S SKLYPAS ANT GRA\u017dAUS ZIRNAJO E\u017dERO KRANTO ZARAS\u0172 R., ZIRNAJ\u0172 K. - Namud\u0117\",\"isPartOf\":{\"@id\":\"https:\/\/www.namude.lt\/#website\"},\"primaryImageOfPage\":{\"@id\":\"https:\/\/www.namude.lt\/objektas\/085-ha-namu-valdos-zemes-sklypas-ant-grazaus-zirnajo-ezero-kranto-zarasu-r-zirnaju-k\/#primaryimage\"},\"image\":{\"@id\":\"https:\/\/www.namude.lt\/objektas\/085-ha-namu-valdos-zemes-sklypas-ant-grazaus-zirnajo-ezero-kranto-zarasu-r-zirnaju-k\/#primaryimage\"},\"thumbnailUrl\":\"https:\/\/www.namude.lt\/wp-content\/uploads\/2024\/01\/1-71-scaled.jpg\",\"datePublished\":\"2024-04-26T08:47:51+00:00\",\"dateModified\":\"2025-02-08T09:21:23+00:00\",\"breadcrumb\":{\"@id\":\"https:\/\/www.namude.lt\/objektas\/085-ha-namu-valdos-zemes-sklypas-ant-grazaus-zirnajo-ezero-kranto-zarasu-r-zirnaju-k\/#breadcrumb\"},\"inLanguage\":\"ru-RU\",\"potentialAction\":[{\"@type\":\"ReadAction\",\"target\":[\"https:\/\/www.namude.lt\/objektas\/085-ha-namu-valdos-zemes-sklypas-ant-grazaus-zirnajo-ezero-kranto-zarasu-r-zirnaju-k\/\"]}]},{\"@type\":\"ImageObject\",\"inLanguage\":\"ru-RU\",\"@id\":\"https:\/\/www.namude.lt\/objektas\/085-ha-namu-valdos-zemes-sklypas-ant-grazaus-zirnajo-ezero-kranto-zarasu-r-zirnaju-k\/#primaryimage\",\"url\":\"https:\/\/www.namude.lt\/wp-content\/uploads\/2024\/01\/1-71-scaled.jpg\",\"contentUrl\":\"https:\/\/www.namude.lt\/wp-content\/uploads\/2024\/01\/1-71-scaled.jpg\",\"width\":2560,\"height\":1636,\"caption\":\"default\"},{\"@type\":\"BreadcrumbList\",\"@id\":\"https:\/\/www.namude.lt\/objektas\/085-ha-namu-valdos-zemes-sklypas-ant-grazaus-zirnajo-ezero-kranto-zarasu-r-zirnaju-k\/#breadcrumb\",\"itemListElement\":[{\"@type\":\"ListItem\",\"position\":1,\"name\":\"Home\",\"item\":\"https:\/\/www.namude.lt\/ru\/\"},{\"@type\":\"ListItem\",\"position\":2,\"name\":\"\u041e\u0431\u044a\u0435\u043a\u0442\u044b\",\"item\":\"https:\/\/www.namude.lt\/ru\/%d0%be%d0%b1%d1%8a%d0%b5%d0%ba%d1%82%d1%8b\/\"},{\"@type\":\"ListItem\",\"position\":3,\"name\":\"0,85 HA NAM\u0172 VALDOS \u017dEM\u0116S SKLYPAS ANT GRA\u017dAUS ZIRNAJO E\u017dERO KRANTO ZARAS\u0172 R., ZIRNAJ\u0172 K.\"}]},{\"@type\":\"WebSite\",\"@id\":\"https:\/\/www.namude.lt\/#website\",\"url\":\"https:\/\/www.namude.lt\/\",\"name\":\"Namud\u0117\",\"description\":\"\u201eNamud\u0117\u201c \u2013 agent\u016bra, pardavin\u0117janti Auk\u0161taitijos NT grynuolius.\",\"publisher\":{\"@id\":\"https:\/\/www.namude.lt\/#organization\"},\"potentialAction\":[{\"@type\":\"SearchAction\",\"target\":{\"@type\":\"EntryPoint\",\"urlTemplate\":\"https:\/\/www.namude.lt\/?s={search_term_string}\"},\"query-input\":{\"@type\":\"PropertyValueSpecification\",\"valueRequired\":true,\"valueName\":\"search_term_string\"}}],\"inLanguage\":\"ru-RU\"},{\"@type\":\"Organization\",\"@id\":\"https:\/\/www.namude.lt\/#organization\",\"name\":\"Namud\u0117\",\"url\":\"https:\/\/www.namude.lt\/\",\"logo\":{\"@type\":\"ImageObject\",\"inLanguage\":\"ru-RU\",\"@id\":\"https:\/\/www.namude.lt\/#\/schema\/logo\/image\/\",\"url\":\"https:\/\/www.namude.lt\/wp-content\/uploads\/2023\/11\/logo-symbol.svg\",\"contentUrl\":\"https:\/\/www.namude.lt\/wp-content\/uploads\/2023\/11\/logo-symbol.svg\",\"width\":1,\"height\":1,\"caption\":\"Namud\u0117\"},\"image\":{\"@id\":\"https:\/\/www.namude.lt\/#\/schema\/logo\/image\/\"}}]}<\/script>\n<!-- \/ Yoast SEO plugin. -->","yoast_head_json":{"title":"0,85 HA NAM\u0172 VALDOS \u017dEM\u0116S SKLYPAS ANT GRA\u017dAUS ZIRNAJO E\u017dERO KRANTO ZARAS\u0172 R., ZIRNAJ\u0172 K. - Namud\u0117","robots":{"index":"index","follow":"follow","max-snippet":"max-snippet:-1","max-image-preview":"max-image-preview:large","max-video-preview":"max-video-preview:-1"},"canonical":"https:\/\/www.namude.lt\/objektas\/085-ha-namu-valdos-zemes-sklypas-ant-grazaus-zirnajo-ezero-kranto-zarasu-r-zirnaju-k\/","og_locale":"ru_RU","og_type":"article","og_title":"0,85 HA NAM\u0172 VALDOS \u017dEM\u0116S SKLYPAS ANT GRA\u017dAUS ZIRNAJO E\u017dERO KRANTO ZARAS\u0172 R., ZIRNAJ\u0172 K. - Namud\u0117","og_description":"Parduodamas 0,85 ha nam\u0173 valdos \u017eem\u0117s sklypas ant gra\u017eaus Zirnajo e\u017eero kranto Zaras\u0173 r., Zirnaj\u0173 k. 11.\u00a0 Didelis privalumas, kad pakeista sklypo paskirtis, nes statyboms nebereikia \u016bkininko pa\u017eym\u0117jimo ir kaimo pl\u0117tros projekto, gyvenam\u0105j\u012f ar poilsin\u012f nam\u0105 galima statyti i\u0161 karto be joki\u0173 apribojim\u0173.\u00a0 Sklypas apie\u00a050\u00a0m ribojasi su gra\u017eia e\u017eero pakrante. \u0160ioje vietoje atsiveria i\u0161skirtinis erdvinis Zirnajo e\u017eero ir apylinki\u0173 peiza\u017eas. Sklypas i\u0161sid\u0117st\u0119s ant kalvel\u0117s, yra nedidelis nuolydis \u012f e\u017eero pus\u0119. Sklypas orientuotas piet\u0173 kryptimi, tad vis\u0105 dien\u0105 nuo e\u017eero pus\u0117s \u0161vie\u010dia saul\u0117. Sklypo pakrant\u0117je yra augi\u0173 lapuo\u010di\u0173 med\u017ei\u0173. Atlikti kadastriniai matavimai. Iki sklypo geras priva\u017eiavimas sausu lauko keliu.\u00a0 E\u017eeras Zirnajys \u0161varus ir gilus, i\u0161 ryt\u0173 \u012f vakarus driekiasi apie\u00a01,3\u00a0km, tyvuliuoja \u0161iaurin\u0117je Zaras\u0173 rajono dalyje, Antazav\u0117s seni\u016bnijoje. Apylink\u0117se rasite ir daugiau puiki\u0173 e\u017eer\u0173 \u2013 Sartai, Salinis, Ilgelis, Zaduojys. Artimiausi miesteliai \u2013 Antazav\u0117, Dusetos. Iki Zaras\u0173 \u2013\u00a027\u00a0km, Panev\u0117\u017eio \u2013\u00a0119\u00a0km, Vilniaus \u2013\u00a0148\u00a0km. Puikus sklypas statyboms be joki\u0173 apribojim\u0173.  Sklypo koordinat\u0117s:  Google maps\u00a0 55.855492, 25.914144  Maps.lt  619833, 6192888 (LKS) 55.855462, 25.914001 (WGS) 55\u00b0 51' 19.66\", 25\u00b0 54' 50.4\" (WGS)","og_url":"https:\/\/www.namude.lt\/objektas\/085-ha-namu-valdos-zemes-sklypas-ant-grazaus-zirnajo-ezero-kranto-zarasu-r-zirnaju-k\/","og_site_name":"Namud\u0117","article_modified_time":"2025-02-08T09:21:23+00:00","og_image":[{"width":2560,"height":1636,"url":"https:\/\/www.namude.lt\/wp-content\/uploads\/2024\/01\/1-71-scaled.jpg","type":"image\/jpeg"}],"twitter_card":"summary_large_image","schema":{"@context":"https:\/\/schema.org","@graph":[{"@type":"WebPage","@id":"https:\/\/www.namude.lt\/objektas\/085-ha-namu-valdos-zemes-sklypas-ant-grazaus-zirnajo-ezero-kranto-zarasu-r-zirnaju-k\/","url":"https:\/\/www.namude.lt\/objektas\/085-ha-namu-valdos-zemes-sklypas-ant-grazaus-zirnajo-ezero-kranto-zarasu-r-zirnaju-k\/","name":"0,85 HA NAM\u0172 VALDOS \u017dEM\u0116S SKLYPAS ANT GRA\u017dAUS ZIRNAJO E\u017dERO KRANTO ZARAS\u0172 R., ZIRNAJ\u0172 K. - Namud\u0117","isPartOf":{"@id":"https:\/\/www.namude.lt\/#website"},"primaryImageOfPage":{"@id":"https:\/\/www.namude.lt\/objektas\/085-ha-namu-valdos-zemes-sklypas-ant-grazaus-zirnajo-ezero-kranto-zarasu-r-zirnaju-k\/#primaryimage"},"image":{"@id":"https:\/\/www.namude.lt\/objektas\/085-ha-namu-valdos-zemes-sklypas-ant-grazaus-zirnajo-ezero-kranto-zarasu-r-zirnaju-k\/#primaryimage"},"thumbnailUrl":"https:\/\/www.namude.lt\/wp-content\/uploads\/2024\/01\/1-71-scaled.jpg","datePublished":"2024-04-26T08:47:51+00:00","dateModified":"2025-02-08T09:21:23+00:00","breadcrumb":{"@id":"https:\/\/www.namude.lt\/objektas\/085-ha-namu-valdos-zemes-sklypas-ant-grazaus-zirnajo-ezero-kranto-zarasu-r-zirnaju-k\/#breadcrumb"},"inLanguage":"ru-RU","potentialAction":[{"@type":"ReadAction","target":["https:\/\/www.namude.lt\/objektas\/085-ha-namu-valdos-zemes-sklypas-ant-grazaus-zirnajo-ezero-kranto-zarasu-r-zirnaju-k\/"]}]},{"@type":"ImageObject","inLanguage":"ru-RU","@id":"https:\/\/www.namude.lt\/objektas\/085-ha-namu-valdos-zemes-sklypas-ant-grazaus-zirnajo-ezero-kranto-zarasu-r-zirnaju-k\/#primaryimage","url":"https:\/\/www.namude.lt\/wp-content\/uploads\/2024\/01\/1-71-scaled.jpg","contentUrl":"https:\/\/www.namude.lt\/wp-content\/uploads\/2024\/01\/1-71-scaled.jpg","width":2560,"height":1636,"caption":"default"},{"@type":"BreadcrumbList","@id":"https:\/\/www.namude.lt\/objektas\/085-ha-namu-valdos-zemes-sklypas-ant-grazaus-zirnajo-ezero-kranto-zarasu-r-zirnaju-k\/#breadcrumb","itemListElement":[{"@type":"ListItem","position":1,"name":"Home","item":"https:\/\/www.namude.lt\/ru\/"},{"@type":"ListItem","position":2,"name":"\u041e\u0431\u044a\u0435\u043a\u0442\u044b","item":"https:\/\/www.namude.lt\/ru\/%d0%be%d0%b1%d1%8a%d0%b5%d0%ba%d1%82%d1%8b\/"},{"@type":"ListItem","position":3,"name":"0,85 HA NAM\u0172 VALDOS \u017dEM\u0116S SKLYPAS ANT GRA\u017dAUS ZIRNAJO E\u017dERO KRANTO ZARAS\u0172 R., ZIRNAJ\u0172 K."}]},{"@type":"WebSite","@id":"https:\/\/www.namude.lt\/#website","url":"https:\/\/www.namude.lt\/","name":"Namud\u0117","description":"\u201eNamud\u0117\u201c \u2013 agent\u016bra, pardavin\u0117janti Auk\u0161taitijos NT grynuolius.","publisher":{"@id":"https:\/\/www.namude.lt\/#organization"},"potentialAction":[{"@type":"SearchAction","target":{"@type":"EntryPoint","urlTemplate":"https:\/\/www.namude.lt\/?s={search_term_string}"},"query-input":{"@type":"PropertyValueSpecification","valueRequired":true,"valueName":"search_term_string"}}],"inLanguage":"ru-RU"},{"@type":"Organization","@id":"https:\/\/www.namude.lt\/#organization","name":"Namud\u0117","url":"https:\/\/www.namude.lt\/","logo":{"@type":"ImageObject","inLanguage":"ru-RU","@id":"https:\/\/www.namude.lt\/#\/schema\/logo\/image\/","url":"https:\/\/www.namude.lt\/wp-content\/uploads\/2023\/11\/logo-symbol.svg","contentUrl":"https:\/\/www.namude.lt\/wp-content\/uploads\/2023\/11\/logo-symbol.svg","width":1,"height":1,"caption":"Namud\u0117"},"image":{"@id":"https:\/\/www.namude.lt\/#\/schema\/logo\/image\/"}}]}},"_links":{"self":[{"href":"https:\/\/www.namude.lt\/ru\/wp-json\/wp\/v2\/product\/3930","targetHints":{"allow":["GET"]}}],"collection":[{"href":"https:\/\/www.namude.lt\/ru\/wp-json\/wp\/v2\/product"}],"about":[{"href":"https:\/\/www.namude.lt\/ru\/wp-json\/wp\/v2\/types\/product"}],"wp:featuredmedia":[{"embeddable":true,"href":"https:\/\/www.namude.lt\/ru\/wp-json\/wp\/v2\/media\/3931"}],"wp:attachment":[{"href":"https:\/\/www.namude.lt\/ru\/wp-json\/wp\/v2\/media?parent=3930"}],"wp:term":[{"taxonomy":"product_brand","embeddable":true,"href":"https:\/\/www.namude.lt\/ru\/wp-json\/wp\/v2\/product_brand?post=3930"},{"taxonomy":"product_cat","embeddable":true,"href":"https:\/\/www.namude.lt\/ru\/wp-json\/wp\/v2\/product_cat?post=3930"},{"taxonomy":"product_tag","embeddable":true,"href":"https:\/\/www.namude.lt\/ru\/wp-json\/wp\/v2\/product_tag?post=3930"}],"curies":[{"name":"wp","href":"https:\/\/api.w.org\/{rel}","templated":true}]}}