{"id":3637,"date":"2024-01-26T10:49:16","date_gmt":"2024-01-26T08:49:16","guid":{"rendered":"https:\/\/www.namude.lt\/?post_type=product&#038;p=3637"},"modified":"2026-01-29T10:14:26","modified_gmt":"2026-01-29T08:14:26","slug":"sklypas-vaizdingoje-vietoje-ant-maneiciu-ii-tvenkinio-ezero-kranto-utenos-r-maneiciu-k","status":"publish","type":"product","link":"https:\/\/www.namude.lt\/ru\/\u043e\u0431\u044a\u0435\u043a\u0442\/sklypas-vaizdingoje-vietoje-ant-maneiciu-ii-tvenkinio-ezero-kranto-utenos-r-maneiciu-k\/","title":{"rendered":"SKLYPAS VAIZDINGOJE VIETOJE ANT MANEI\u010cI\u0172 II TVENKINIO (E\u017dERO) KRANTO UTENOS R., MANEI\u010cI\u0172 K."},"content":{"rendered":"","protected":false},"excerpt":{"rendered":"<p><strong>Parduodamas <a href=\"https:\/\/www.namude.lt\/kategorija\/sklypai\/?filter_rajonas=utenos-rajonas&amp;query_type_rajonas=or\">sklypas<\/a> vaizdingoje vietoje ant Manei\u010di\u0173 II tvenkinio (e\u017eero) kranto <a href=\"https:\/\/www.namude.lt\/parduodami-nt-objektai\/?filter_rajonas=utenos-rajonas&amp;query_type_rajonas=or\">Utenos r.<\/a>, Manei\u010di\u0173 k.\u00a0<\/strong>Sklypas net apie\u00a0<strong>150<\/strong>\u00a0m ribojasi su gra\u017eia e\u017eero pakrante. Priklauso\u00a0<strong>0,94<\/strong>\u00a0ha \u017eem\u0117s \u016bkio paskirties \u017eem\u0117s sklypas. \u0160ioje vietoje galima projektuoti ir statyti \u016bkininko sodyb\u0105, vieta tam puikiai tinka, kadangi nuo sklypo \u012f e\u017eer\u0105 atsiveria \u012fsp\u016bdinga erdvin\u0117 e\u017eero ir apylinki\u0173 panorama. Pus\u0119 sklypo ploto sudaro augus mi\u0161kas, greta\u00a0<strong>200<\/strong>\u00a0m atstumu tik vieni kaimynai, tad niekas nedrums j\u016bs\u0173 ramyb\u0117s. Iki Alau\u0161o e\u017eero maudyklos apie\u00a0<strong>1\u00a0<\/strong>km. Alau\u0161as \u2013 vienas i\u0161 did\u017eiausi\u0173 ir skaidriausi\u0173 Ryt\u0173 Auk\u0161taitijos kra\u0161to e\u017eer\u0173, kurio plotas apie\u00a0<strong>1077\u00a0<\/strong>km\u00b2. E\u017eeras itin m\u0117gstamas poilsiautoj\u0173 ir vandens pramog\u0173 ir sporto entuziast\u0173. \u0160io e\u017eero pakrant\u0117 itin sm\u0117l\u0117ta, l\u0117tai ir tolygiai gil\u0117janti. Iki artimiausios\u00a0<strong>0,4\u00a0<\/strong>kV elektros oro linijos \u2013\u00a0<strong>150<\/strong>\u00a0m. Geras priva\u017eiavimas \u017evyruotu keliu, reikia \u012fsirengti paskutin\u0119\u00a0<strong>300<\/strong>\u00a0m kelio atkarp\u0105 iki sklypo. Iki Utenos \u2013\u00a0<strong>18<\/strong>\u00a0km, iki Vilniaus \u2013\u00a0<strong>116<\/strong>\u00a0km. Puikus ir perspektyvus sklypas gyvenamojo ar poilsinio namo statybai \u0161alia e\u017eero.<\/p>\n<p>&nbsp;<\/p>\n<p>Sklypo koordinat\u0117s:<\/p>\n<p>Google maps:\u00a055.610924, 25.735109<\/p>\n<p>Maps.lt:\u00a055.610896, 25.735103<\/p>\n","protected":false},"featured_media":3638,"template":"","meta":{"_acf_changed":false},"product_brand":[],"product_cat":[24],"product_tag":[],"class_list":{"0":"post-3637","1":"product","2":"type-product","3":"status-publish","4":"has-post-thumbnail","6":"product_cat-sklypai","7":"pa_rajonas-utenos-rajonas","8":"description-off","10":"first","11":"instock","12":"sale","13":"shipping-taxable","14":"purchasable","15":"product-type-simple"},"acf":[],"yoast_head":"<!-- This site is optimized with the Yoast SEO plugin v27.0 - https:\/\/yoast.com\/product\/yoast-seo-wordpress\/ -->\n<title>SKLYPAS VAIZDINGOJE VIETOJE ANT MANEI\u010cI\u0172 II TVENKINIO (E\u017dERO) KRANTO UTENOS R., MANEI\u010cI\u0172 K. - Namud\u0117<\/title>\n<meta name=\"robots\" content=\"index, follow, max-snippet:-1, max-image-preview:large, max-video-preview:-1\" \/>\n<link rel=\"canonical\" href=\"https:\/\/www.namude.lt\/objektas\/sklypas-vaizdingoje-vietoje-ant-maneiciu-ii-tvenkinio-ezero-kranto-utenos-r-maneiciu-k\/\" \/>\n<meta property=\"og:locale\" content=\"ru_RU\" \/>\n<meta property=\"og:type\" content=\"article\" \/>\n<meta property=\"og:title\" content=\"SKLYPAS VAIZDINGOJE VIETOJE ANT MANEI\u010cI\u0172 II TVENKINIO (E\u017dERO) KRANTO UTENOS R., MANEI\u010cI\u0172 K. - Namud\u0117\" \/>\n<meta property=\"og:description\" content=\"Parduodamas sklypas vaizdingoje vietoje ant Manei\u010di\u0173 II tvenkinio (e\u017eero) kranto Utenos r., Manei\u010di\u0173 k.\u00a0Sklypas net apie\u00a0150\u00a0m ribojasi su gra\u017eia e\u017eero pakrante. Priklauso\u00a00,94\u00a0ha \u017eem\u0117s \u016bkio paskirties \u017eem\u0117s sklypas. \u0160ioje vietoje galima projektuoti ir statyti \u016bkininko sodyb\u0105, vieta tam puikiai tinka, kadangi nuo sklypo \u012f e\u017eer\u0105 atsiveria \u012fsp\u016bdinga erdvin\u0117 e\u017eero ir apylinki\u0173 panorama. Pus\u0119 sklypo ploto sudaro augus mi\u0161kas, greta\u00a0200\u00a0m atstumu tik vieni kaimynai, tad niekas nedrums j\u016bs\u0173 ramyb\u0117s. Iki Alau\u0161o e\u017eero maudyklos apie\u00a01\u00a0km. Alau\u0161as \u2013 vienas i\u0161 did\u017eiausi\u0173 ir skaidriausi\u0173 Ryt\u0173 Auk\u0161taitijos kra\u0161to e\u017eer\u0173, kurio plotas apie\u00a01077\u00a0km\u00b2. E\u017eeras itin m\u0117gstamas poilsiautoj\u0173 ir vandens pramog\u0173 ir sporto entuziast\u0173. \u0160io e\u017eero pakrant\u0117 itin sm\u0117l\u0117ta, l\u0117tai ir tolygiai gil\u0117janti. Iki artimiausios\u00a00,4\u00a0kV elektros oro linijos \u2013\u00a0150\u00a0m. Geras priva\u017eiavimas \u017evyruotu keliu, reikia \u012fsirengti paskutin\u0119\u00a0300\u00a0m kelio atkarp\u0105 iki sklypo. Iki Utenos \u2013\u00a018\u00a0km, iki Vilniaus \u2013\u00a0116\u00a0km. Puikus ir perspektyvus sklypas gyvenamojo ar poilsinio namo statybai \u0161alia e\u017eero.  &nbsp;  Sklypo koordinat\u0117s:  Google maps:\u00a055.610924, 25.735109  Maps.lt:\u00a055.610896, 25.735103\" \/>\n<meta property=\"og:url\" content=\"https:\/\/www.namude.lt\/objektas\/sklypas-vaizdingoje-vietoje-ant-maneiciu-ii-tvenkinio-ezero-kranto-utenos-r-maneiciu-k\/\" \/>\n<meta property=\"og:site_name\" content=\"Namud\u0117\" \/>\n<meta property=\"article:modified_time\" content=\"2026-01-29T08:14:26+00:00\" \/>\n<meta property=\"og:image\" content=\"https:\/\/www.namude.lt\/wp-content\/uploads\/2024\/01\/1-65-scaled.jpg\" \/>\n\t<meta property=\"og:image:width\" content=\"2560\" \/>\n\t<meta property=\"og:image:height\" content=\"1520\" \/>\n\t<meta property=\"og:image:type\" content=\"image\/jpeg\" \/>\n<meta name=\"twitter:card\" content=\"summary_large_image\" \/>\n<script type=\"application\/ld+json\" class=\"yoast-schema-graph\">{\"@context\":\"https:\/\/schema.org\",\"@graph\":[{\"@type\":\"WebPage\",\"@id\":\"https:\/\/www.namude.lt\/objektas\/sklypas-vaizdingoje-vietoje-ant-maneiciu-ii-tvenkinio-ezero-kranto-utenos-r-maneiciu-k\/\",\"url\":\"https:\/\/www.namude.lt\/objektas\/sklypas-vaizdingoje-vietoje-ant-maneiciu-ii-tvenkinio-ezero-kranto-utenos-r-maneiciu-k\/\",\"name\":\"SKLYPAS VAIZDINGOJE VIETOJE ANT MANEI\u010cI\u0172 II TVENKINIO (E\u017dERO) KRANTO UTENOS R., MANEI\u010cI\u0172 K. - Namud\u0117\",\"isPartOf\":{\"@id\":\"https:\/\/www.namude.lt\/#website\"},\"primaryImageOfPage\":{\"@id\":\"https:\/\/www.namude.lt\/objektas\/sklypas-vaizdingoje-vietoje-ant-maneiciu-ii-tvenkinio-ezero-kranto-utenos-r-maneiciu-k\/#primaryimage\"},\"image\":{\"@id\":\"https:\/\/www.namude.lt\/objektas\/sklypas-vaizdingoje-vietoje-ant-maneiciu-ii-tvenkinio-ezero-kranto-utenos-r-maneiciu-k\/#primaryimage\"},\"thumbnailUrl\":\"https:\/\/www.namude.lt\/wp-content\/uploads\/2024\/01\/1-65-scaled.jpg\",\"datePublished\":\"2024-01-26T08:49:16+00:00\",\"dateModified\":\"2026-01-29T08:14:26+00:00\",\"breadcrumb\":{\"@id\":\"https:\/\/www.namude.lt\/objektas\/sklypas-vaizdingoje-vietoje-ant-maneiciu-ii-tvenkinio-ezero-kranto-utenos-r-maneiciu-k\/#breadcrumb\"},\"inLanguage\":\"ru-RU\",\"potentialAction\":[{\"@type\":\"ReadAction\",\"target\":[\"https:\/\/www.namude.lt\/objektas\/sklypas-vaizdingoje-vietoje-ant-maneiciu-ii-tvenkinio-ezero-kranto-utenos-r-maneiciu-k\/\"]}]},{\"@type\":\"ImageObject\",\"inLanguage\":\"ru-RU\",\"@id\":\"https:\/\/www.namude.lt\/objektas\/sklypas-vaizdingoje-vietoje-ant-maneiciu-ii-tvenkinio-ezero-kranto-utenos-r-maneiciu-k\/#primaryimage\",\"url\":\"https:\/\/www.namude.lt\/wp-content\/uploads\/2024\/01\/1-65-scaled.jpg\",\"contentUrl\":\"https:\/\/www.namude.lt\/wp-content\/uploads\/2024\/01\/1-65-scaled.jpg\",\"width\":2560,\"height\":1520,\"caption\":\"default\"},{\"@type\":\"BreadcrumbList\",\"@id\":\"https:\/\/www.namude.lt\/objektas\/sklypas-vaizdingoje-vietoje-ant-maneiciu-ii-tvenkinio-ezero-kranto-utenos-r-maneiciu-k\/#breadcrumb\",\"itemListElement\":[{\"@type\":\"ListItem\",\"position\":1,\"name\":\"Home\",\"item\":\"https:\/\/www.namude.lt\/ru\/\"},{\"@type\":\"ListItem\",\"position\":2,\"name\":\"\u041e\u0431\u044a\u0435\u043a\u0442\u044b\",\"item\":\"https:\/\/www.namude.lt\/ru\/%d0%be%d0%b1%d1%8a%d0%b5%d0%ba%d1%82%d1%8b\/\"},{\"@type\":\"ListItem\",\"position\":3,\"name\":\"SKLYPAS VAIZDINGOJE VIETOJE ANT MANEI\u010cI\u0172 II TVENKINIO (E\u017dERO) KRANTO UTENOS R., MANEI\u010cI\u0172 K.\"}]},{\"@type\":\"WebSite\",\"@id\":\"https:\/\/www.namude.lt\/#website\",\"url\":\"https:\/\/www.namude.lt\/\",\"name\":\"Namud\u0117\",\"description\":\"\u201eNamud\u0117\u201c \u2013 agent\u016bra, pardavin\u0117janti Auk\u0161taitijos NT grynuolius.\",\"publisher\":{\"@id\":\"https:\/\/www.namude.lt\/#organization\"},\"potentialAction\":[{\"@type\":\"SearchAction\",\"target\":{\"@type\":\"EntryPoint\",\"urlTemplate\":\"https:\/\/www.namude.lt\/?s={search_term_string}\"},\"query-input\":{\"@type\":\"PropertyValueSpecification\",\"valueRequired\":true,\"valueName\":\"search_term_string\"}}],\"inLanguage\":\"ru-RU\"},{\"@type\":\"Organization\",\"@id\":\"https:\/\/www.namude.lt\/#organization\",\"name\":\"Namud\u0117\",\"url\":\"https:\/\/www.namude.lt\/\",\"logo\":{\"@type\":\"ImageObject\",\"inLanguage\":\"ru-RU\",\"@id\":\"https:\/\/www.namude.lt\/#\/schema\/logo\/image\/\",\"url\":\"https:\/\/www.namude.lt\/wp-content\/uploads\/2023\/11\/logo-symbol.svg\",\"contentUrl\":\"https:\/\/www.namude.lt\/wp-content\/uploads\/2023\/11\/logo-symbol.svg\",\"width\":1,\"height\":1,\"caption\":\"Namud\u0117\"},\"image\":{\"@id\":\"https:\/\/www.namude.lt\/#\/schema\/logo\/image\/\"}}]}<\/script>\n<!-- \/ Yoast SEO plugin. -->","yoast_head_json":{"title":"SKLYPAS VAIZDINGOJE VIETOJE ANT MANEI\u010cI\u0172 II TVENKINIO (E\u017dERO) KRANTO UTENOS R., MANEI\u010cI\u0172 K. - Namud\u0117","robots":{"index":"index","follow":"follow","max-snippet":"max-snippet:-1","max-image-preview":"max-image-preview:large","max-video-preview":"max-video-preview:-1"},"canonical":"https:\/\/www.namude.lt\/objektas\/sklypas-vaizdingoje-vietoje-ant-maneiciu-ii-tvenkinio-ezero-kranto-utenos-r-maneiciu-k\/","og_locale":"ru_RU","og_type":"article","og_title":"SKLYPAS VAIZDINGOJE VIETOJE ANT MANEI\u010cI\u0172 II TVENKINIO (E\u017dERO) KRANTO UTENOS R., MANEI\u010cI\u0172 K. - Namud\u0117","og_description":"Parduodamas sklypas vaizdingoje vietoje ant Manei\u010di\u0173 II tvenkinio (e\u017eero) kranto Utenos r., Manei\u010di\u0173 k.\u00a0Sklypas net apie\u00a0150\u00a0m ribojasi su gra\u017eia e\u017eero pakrante. Priklauso\u00a00,94\u00a0ha \u017eem\u0117s \u016bkio paskirties \u017eem\u0117s sklypas. \u0160ioje vietoje galima projektuoti ir statyti \u016bkininko sodyb\u0105, vieta tam puikiai tinka, kadangi nuo sklypo \u012f e\u017eer\u0105 atsiveria \u012fsp\u016bdinga erdvin\u0117 e\u017eero ir apylinki\u0173 panorama. Pus\u0119 sklypo ploto sudaro augus mi\u0161kas, greta\u00a0200\u00a0m atstumu tik vieni kaimynai, tad niekas nedrums j\u016bs\u0173 ramyb\u0117s. Iki Alau\u0161o e\u017eero maudyklos apie\u00a01\u00a0km. Alau\u0161as \u2013 vienas i\u0161 did\u017eiausi\u0173 ir skaidriausi\u0173 Ryt\u0173 Auk\u0161taitijos kra\u0161to e\u017eer\u0173, kurio plotas apie\u00a01077\u00a0km\u00b2. E\u017eeras itin m\u0117gstamas poilsiautoj\u0173 ir vandens pramog\u0173 ir sporto entuziast\u0173. \u0160io e\u017eero pakrant\u0117 itin sm\u0117l\u0117ta, l\u0117tai ir tolygiai gil\u0117janti. Iki artimiausios\u00a00,4\u00a0kV elektros oro linijos \u2013\u00a0150\u00a0m. Geras priva\u017eiavimas \u017evyruotu keliu, reikia \u012fsirengti paskutin\u0119\u00a0300\u00a0m kelio atkarp\u0105 iki sklypo. Iki Utenos \u2013\u00a018\u00a0km, iki Vilniaus \u2013\u00a0116\u00a0km. Puikus ir perspektyvus sklypas gyvenamojo ar poilsinio namo statybai \u0161alia e\u017eero.  &nbsp;  Sklypo koordinat\u0117s:  Google maps:\u00a055.610924, 25.735109  Maps.lt:\u00a055.610896, 25.735103","og_url":"https:\/\/www.namude.lt\/objektas\/sklypas-vaizdingoje-vietoje-ant-maneiciu-ii-tvenkinio-ezero-kranto-utenos-r-maneiciu-k\/","og_site_name":"Namud\u0117","article_modified_time":"2026-01-29T08:14:26+00:00","og_image":[{"width":2560,"height":1520,"url":"https:\/\/www.namude.lt\/wp-content\/uploads\/2024\/01\/1-65-scaled.jpg","type":"image\/jpeg"}],"twitter_card":"summary_large_image","schema":{"@context":"https:\/\/schema.org","@graph":[{"@type":"WebPage","@id":"https:\/\/www.namude.lt\/objektas\/sklypas-vaizdingoje-vietoje-ant-maneiciu-ii-tvenkinio-ezero-kranto-utenos-r-maneiciu-k\/","url":"https:\/\/www.namude.lt\/objektas\/sklypas-vaizdingoje-vietoje-ant-maneiciu-ii-tvenkinio-ezero-kranto-utenos-r-maneiciu-k\/","name":"SKLYPAS VAIZDINGOJE VIETOJE ANT MANEI\u010cI\u0172 II TVENKINIO (E\u017dERO) KRANTO UTENOS R., MANEI\u010cI\u0172 K. - Namud\u0117","isPartOf":{"@id":"https:\/\/www.namude.lt\/#website"},"primaryImageOfPage":{"@id":"https:\/\/www.namude.lt\/objektas\/sklypas-vaizdingoje-vietoje-ant-maneiciu-ii-tvenkinio-ezero-kranto-utenos-r-maneiciu-k\/#primaryimage"},"image":{"@id":"https:\/\/www.namude.lt\/objektas\/sklypas-vaizdingoje-vietoje-ant-maneiciu-ii-tvenkinio-ezero-kranto-utenos-r-maneiciu-k\/#primaryimage"},"thumbnailUrl":"https:\/\/www.namude.lt\/wp-content\/uploads\/2024\/01\/1-65-scaled.jpg","datePublished":"2024-01-26T08:49:16+00:00","dateModified":"2026-01-29T08:14:26+00:00","breadcrumb":{"@id":"https:\/\/www.namude.lt\/objektas\/sklypas-vaizdingoje-vietoje-ant-maneiciu-ii-tvenkinio-ezero-kranto-utenos-r-maneiciu-k\/#breadcrumb"},"inLanguage":"ru-RU","potentialAction":[{"@type":"ReadAction","target":["https:\/\/www.namude.lt\/objektas\/sklypas-vaizdingoje-vietoje-ant-maneiciu-ii-tvenkinio-ezero-kranto-utenos-r-maneiciu-k\/"]}]},{"@type":"ImageObject","inLanguage":"ru-RU","@id":"https:\/\/www.namude.lt\/objektas\/sklypas-vaizdingoje-vietoje-ant-maneiciu-ii-tvenkinio-ezero-kranto-utenos-r-maneiciu-k\/#primaryimage","url":"https:\/\/www.namude.lt\/wp-content\/uploads\/2024\/01\/1-65-scaled.jpg","contentUrl":"https:\/\/www.namude.lt\/wp-content\/uploads\/2024\/01\/1-65-scaled.jpg","width":2560,"height":1520,"caption":"default"},{"@type":"BreadcrumbList","@id":"https:\/\/www.namude.lt\/objektas\/sklypas-vaizdingoje-vietoje-ant-maneiciu-ii-tvenkinio-ezero-kranto-utenos-r-maneiciu-k\/#breadcrumb","itemListElement":[{"@type":"ListItem","position":1,"name":"Home","item":"https:\/\/www.namude.lt\/ru\/"},{"@type":"ListItem","position":2,"name":"\u041e\u0431\u044a\u0435\u043a\u0442\u044b","item":"https:\/\/www.namude.lt\/ru\/%d0%be%d0%b1%d1%8a%d0%b5%d0%ba%d1%82%d1%8b\/"},{"@type":"ListItem","position":3,"name":"SKLYPAS VAIZDINGOJE VIETOJE ANT MANEI\u010cI\u0172 II TVENKINIO (E\u017dERO) KRANTO UTENOS R., MANEI\u010cI\u0172 K."}]},{"@type":"WebSite","@id":"https:\/\/www.namude.lt\/#website","url":"https:\/\/www.namude.lt\/","name":"Namud\u0117","description":"\u201eNamud\u0117\u201c \u2013 agent\u016bra, pardavin\u0117janti Auk\u0161taitijos NT grynuolius.","publisher":{"@id":"https:\/\/www.namude.lt\/#organization"},"potentialAction":[{"@type":"SearchAction","target":{"@type":"EntryPoint","urlTemplate":"https:\/\/www.namude.lt\/?s={search_term_string}"},"query-input":{"@type":"PropertyValueSpecification","valueRequired":true,"valueName":"search_term_string"}}],"inLanguage":"ru-RU"},{"@type":"Organization","@id":"https:\/\/www.namude.lt\/#organization","name":"Namud\u0117","url":"https:\/\/www.namude.lt\/","logo":{"@type":"ImageObject","inLanguage":"ru-RU","@id":"https:\/\/www.namude.lt\/#\/schema\/logo\/image\/","url":"https:\/\/www.namude.lt\/wp-content\/uploads\/2023\/11\/logo-symbol.svg","contentUrl":"https:\/\/www.namude.lt\/wp-content\/uploads\/2023\/11\/logo-symbol.svg","width":1,"height":1,"caption":"Namud\u0117"},"image":{"@id":"https:\/\/www.namude.lt\/#\/schema\/logo\/image\/"}}]}},"_links":{"self":[{"href":"https:\/\/www.namude.lt\/ru\/wp-json\/wp\/v2\/product\/3637","targetHints":{"allow":["GET"]}}],"collection":[{"href":"https:\/\/www.namude.lt\/ru\/wp-json\/wp\/v2\/product"}],"about":[{"href":"https:\/\/www.namude.lt\/ru\/wp-json\/wp\/v2\/types\/product"}],"wp:featuredmedia":[{"embeddable":true,"href":"https:\/\/www.namude.lt\/ru\/wp-json\/wp\/v2\/media\/3638"}],"wp:attachment":[{"href":"https:\/\/www.namude.lt\/ru\/wp-json\/wp\/v2\/media?parent=3637"}],"wp:term":[{"taxonomy":"product_brand","embeddable":true,"href":"https:\/\/www.namude.lt\/ru\/wp-json\/wp\/v2\/product_brand?post=3637"},{"taxonomy":"product_cat","embeddable":true,"href":"https:\/\/www.namude.lt\/ru\/wp-json\/wp\/v2\/product_cat?post=3637"},{"taxonomy":"product_tag","embeddable":true,"href":"https:\/\/www.namude.lt\/ru\/wp-json\/wp\/v2\/product_tag?post=3637"}],"curies":[{"name":"wp","href":"https:\/\/api.w.org\/{rel}","templated":true}]}}