{"id":3502,"date":"2024-01-23T16:47:21","date_gmt":"2024-01-23T14:47:21","guid":{"rendered":"https:\/\/www.namude.lt\/?post_type=product&#038;p=3502"},"modified":"2024-03-01T12:19:38","modified_gmt":"2024-03-01T10:19:38","slug":"sodybviete-054-ha-puikioje-vietoje-miske-zarasu-r-liminiu-k","status":"publish","type":"product","link":"https:\/\/www.namude.lt\/ru\/\u043e\u0431\u044a\u0435\u043a\u0442\/sodybviete-054-ha-puikioje-vietoje-miske-zarasu-r-liminiu-k\/","title":{"rendered":"SODYBVIET\u0116 0,54 HA PUIKIOJE VIETOJE MI\u0160KE ZARAS\u0172 R., LIMINI\u0172 K."},"content":{"rendered":"","protected":false},"excerpt":{"rendered":"<p><strong>Parduodama 0,54 ha sodybviet\u0117 puikioje vietoje mi\u0161ke <a href=\"http:\/\/Parduodama 0,54 ha sodybviet\u0117 puikioje vietoje mi\u0161ke Zaras\u0173 r., Limini\u0173 k., Gra\u017eut\u0117s regioniniame parke.\u00a0Seniau \u0161ioje vietoje yra buvusi \u016bkininko sodyba su priklausiniais, yra parengtas projektavimo s\u0105lyg\u0173 s\u0105vadas sodybos atstatymui. Vieta labai vaizdinga, apsupta Gra\u017eut\u0117s regioninio parko pu\u0161yn\u0173. Aplink vos keli\u0173 kilometr\u0173 atstumu gausu didesni\u0173 ir ma\u017eesni\u0173 Ryt\u0173 Auk\u0161taitijos e\u017eer\u0173 \u2013 Zalvas, \u0160iurpys, \u0160iurpelis, A\u017eukalnis, Kuojinis, greta ir vaizdingosios Antaliept\u0117s marios. Did\u017eioji dalis sklypo apaugusi mi\u0161ku. Iki elektros transformatorin\u0117s \u2013\u00a0270\u00a0m. Iki sklypo patogus priva\u017eiavimas: iki pagrindinio kelio ir Degu\u010di\u0173 kaimo geru \u017evyruotu keliu tik\u00a03,5\u00a0km. Apylinkes supa Gra\u017eut\u0117s regioninio parko pu\u0161ynai. Greta galima aplankyti senovin\u012f vandens mal\u016bn\u0105 ir muziej\u0173 ant \u0160ventosios up\u0117s kranto. Iki Zaras\u0173 \u2013\u00a015\u00a0km, iki Vilniaus \u2013\u00a0137\u00a0km. Puikus sklypas j\u016bs\u0173 svajoni\u0173 sodybai arba turizmo verslo id\u0117jai realizuoti.  Sklypo koordinat\u0117s:  Google maps\u00a0\u00a0 55.659440, 26.103655  Maps.lt\u00a0\u00a0\u00a0 55.660116, 26.103305\">Zaras\u0173 r<\/a>., Limini\u0173 k., Gra\u017eut\u0117s regioniniame parke.\u00a0<\/strong>Seniau \u0161ioje vietoje yra buvusi \u016bkininko sodyba su priklausiniais, yra parengtas projektavimo s\u0105lyg\u0173 s\u0105vadas sodybos atstatymui. Vieta labai vaizdinga, apsupta Gra\u017eut\u0117s regioninio parko pu\u0161yn\u0173. Aplink vos keli\u0173 kilometr\u0173 atstumu gausu didesni\u0173 ir ma\u017eesni\u0173 Ryt\u0173 Auk\u0161taitijos e\u017eer\u0173 \u2013 Zalvas, \u0160iurpys, \u0160iurpelis, A\u017eukalnis, Kuojinis, greta ir vaizdingosios Antaliept\u0117s marios. Did\u017eioji dalis sklypo apaugusi mi\u0161ku. Iki elektros transformatorin\u0117s \u2013\u00a0<strong>270<\/strong>\u00a0m. Iki sklypo patogus priva\u017eiavimas: iki pagrindinio kelio ir Degu\u010di\u0173 kaimo geru \u017evyruotu keliu tik\u00a0<strong>3,5<\/strong>\u00a0km. Apylinkes supa Gra\u017eut\u0117s regioninio parko pu\u0161ynai. Greta galima aplankyti senovin\u012f vandens mal\u016bn\u0105 ir muziej\u0173 ant \u0160ventosios up\u0117s kranto. Iki Zaras\u0173 \u2013\u00a0<strong>15\u00a0<\/strong>km, iki Vilniaus \u2013\u00a0<strong>137<\/strong>\u00a0km. Puikus sklypas j\u016bs\u0173 svajoni\u0173 sodybai arba turizmo verslo id\u0117jai realizuoti.<\/p>\n<p><strong>Sklypo koordinat\u0117s:<\/strong><\/p>\n<p>Google maps\u00a0\u00a0 55.659440, 26.103655<\/p>\n<p>Maps.lt\u00a0\u00a0\u00a0 55.660116, 26.103305<\/p>\n","protected":false},"featured_media":3503,"template":"","meta":{"_acf_changed":false},"product_brand":[],"product_cat":[24],"product_tag":[],"class_list":{"0":"post-3502","1":"product","2":"type-product","3":"status-publish","4":"has-post-thumbnail","6":"product_cat-sklypai","7":"pa_rajonas-zarasu-rajonas","8":"description-off","10":"first","11":"instock","12":"shipping-taxable","13":"purchasable","14":"product-type-simple"},"acf":[],"yoast_head":"<!-- This site is optimized with the Yoast SEO plugin v27.0 - https:\/\/yoast.com\/product\/yoast-seo-wordpress\/ -->\n<title>SODYBVIET\u0116 0,54 HA PUIKIOJE VIETOJE MI\u0160KE ZARAS\u0172 R., LIMINI\u0172 K. - Namud\u0117<\/title>\n<meta name=\"robots\" content=\"index, follow, max-snippet:-1, max-image-preview:large, max-video-preview:-1\" \/>\n<link rel=\"canonical\" href=\"https:\/\/www.namude.lt\/objektas\/sodybviete-054-ha-puikioje-vietoje-miske-zarasu-r-liminiu-k\/\" \/>\n<meta property=\"og:locale\" content=\"ru_RU\" \/>\n<meta property=\"og:type\" content=\"article\" \/>\n<meta property=\"og:title\" content=\"SODYBVIET\u0116 0,54 HA PUIKIOJE VIETOJE MI\u0160KE ZARAS\u0172 R., LIMINI\u0172 K. - Namud\u0117\" \/>\n<meta property=\"og:description\" content=\"Parduodama 0,54 ha sodybviet\u0117 puikioje vietoje mi\u0161ke Zaras\u0173 r., Limini\u0173 k., Gra\u017eut\u0117s regioniniame parke.\u00a0Seniau \u0161ioje vietoje yra buvusi \u016bkininko sodyba su priklausiniais, yra parengtas projektavimo s\u0105lyg\u0173 s\u0105vadas sodybos atstatymui. Vieta labai vaizdinga, apsupta Gra\u017eut\u0117s regioninio parko pu\u0161yn\u0173. Aplink vos keli\u0173 kilometr\u0173 atstumu gausu didesni\u0173 ir ma\u017eesni\u0173 Ryt\u0173 Auk\u0161taitijos e\u017eer\u0173 \u2013 Zalvas, \u0160iurpys, \u0160iurpelis, A\u017eukalnis, Kuojinis, greta ir vaizdingosios Antaliept\u0117s marios. Did\u017eioji dalis sklypo apaugusi mi\u0161ku. Iki elektros transformatorin\u0117s \u2013\u00a0270\u00a0m. Iki sklypo patogus priva\u017eiavimas: iki pagrindinio kelio ir Degu\u010di\u0173 kaimo geru \u017evyruotu keliu tik\u00a03,5\u00a0km. Apylinkes supa Gra\u017eut\u0117s regioninio parko pu\u0161ynai. Greta galima aplankyti senovin\u012f vandens mal\u016bn\u0105 ir muziej\u0173 ant \u0160ventosios up\u0117s kranto. Iki Zaras\u0173 \u2013\u00a015\u00a0km, iki Vilniaus \u2013\u00a0137\u00a0km. Puikus sklypas j\u016bs\u0173 svajoni\u0173 sodybai arba turizmo verslo id\u0117jai realizuoti.  Sklypo koordinat\u0117s:  Google maps\u00a0\u00a0 55.659440, 26.103655  Maps.lt\u00a0\u00a0\u00a0 55.660116, 26.103305\" \/>\n<meta property=\"og:url\" content=\"https:\/\/www.namude.lt\/objektas\/sodybviete-054-ha-puikioje-vietoje-miske-zarasu-r-liminiu-k\/\" \/>\n<meta property=\"og:site_name\" content=\"Namud\u0117\" \/>\n<meta property=\"article:modified_time\" content=\"2024-03-01T10:19:38+00:00\" \/>\n<meta property=\"og:image\" content=\"https:\/\/www.namude.lt\/wp-content\/uploads\/2024\/01\/1-63.jpg\" \/>\n\t<meta property=\"og:image:width\" content=\"840\" \/>\n\t<meta property=\"og:image:height\" content=\"560\" \/>\n\t<meta property=\"og:image:type\" content=\"image\/jpeg\" \/>\n<meta name=\"twitter:card\" content=\"summary_large_image\" \/>\n<script type=\"application\/ld+json\" class=\"yoast-schema-graph\">{\"@context\":\"https:\/\/schema.org\",\"@graph\":[{\"@type\":\"WebPage\",\"@id\":\"https:\/\/www.namude.lt\/objektas\/sodybviete-054-ha-puikioje-vietoje-miske-zarasu-r-liminiu-k\/\",\"url\":\"https:\/\/www.namude.lt\/objektas\/sodybviete-054-ha-puikioje-vietoje-miske-zarasu-r-liminiu-k\/\",\"name\":\"SODYBVIET\u0116 0,54 HA PUIKIOJE VIETOJE MI\u0160KE ZARAS\u0172 R., LIMINI\u0172 K. - Namud\u0117\",\"isPartOf\":{\"@id\":\"https:\/\/www.namude.lt\/#website\"},\"primaryImageOfPage\":{\"@id\":\"https:\/\/www.namude.lt\/objektas\/sodybviete-054-ha-puikioje-vietoje-miske-zarasu-r-liminiu-k\/#primaryimage\"},\"image\":{\"@id\":\"https:\/\/www.namude.lt\/objektas\/sodybviete-054-ha-puikioje-vietoje-miske-zarasu-r-liminiu-k\/#primaryimage\"},\"thumbnailUrl\":\"https:\/\/www.namude.lt\/wp-content\/uploads\/2024\/01\/1-63.jpg\",\"datePublished\":\"2024-01-23T14:47:21+00:00\",\"dateModified\":\"2024-03-01T10:19:38+00:00\",\"breadcrumb\":{\"@id\":\"https:\/\/www.namude.lt\/objektas\/sodybviete-054-ha-puikioje-vietoje-miske-zarasu-r-liminiu-k\/#breadcrumb\"},\"inLanguage\":\"ru-RU\",\"potentialAction\":[{\"@type\":\"ReadAction\",\"target\":[\"https:\/\/www.namude.lt\/objektas\/sodybviete-054-ha-puikioje-vietoje-miske-zarasu-r-liminiu-k\/\"]}]},{\"@type\":\"ImageObject\",\"inLanguage\":\"ru-RU\",\"@id\":\"https:\/\/www.namude.lt\/objektas\/sodybviete-054-ha-puikioje-vietoje-miske-zarasu-r-liminiu-k\/#primaryimage\",\"url\":\"https:\/\/www.namude.lt\/wp-content\/uploads\/2024\/01\/1-63.jpg\",\"contentUrl\":\"https:\/\/www.namude.lt\/wp-content\/uploads\/2024\/01\/1-63.jpg\",\"width\":840,\"height\":560,\"caption\":\"default\"},{\"@type\":\"BreadcrumbList\",\"@id\":\"https:\/\/www.namude.lt\/objektas\/sodybviete-054-ha-puikioje-vietoje-miske-zarasu-r-liminiu-k\/#breadcrumb\",\"itemListElement\":[{\"@type\":\"ListItem\",\"position\":1,\"name\":\"Home\",\"item\":\"https:\/\/www.namude.lt\/ru\/\"},{\"@type\":\"ListItem\",\"position\":2,\"name\":\"\u041e\u0431\u044a\u0435\u043a\u0442\u044b\",\"item\":\"https:\/\/www.namude.lt\/ru\/%d0%be%d0%b1%d1%8a%d0%b5%d0%ba%d1%82%d1%8b\/\"},{\"@type\":\"ListItem\",\"position\":3,\"name\":\"SODYBVIET\u0116 0,54 HA PUIKIOJE VIETOJE MI\u0160KE ZARAS\u0172 R., LIMINI\u0172 K.\"}]},{\"@type\":\"WebSite\",\"@id\":\"https:\/\/www.namude.lt\/#website\",\"url\":\"https:\/\/www.namude.lt\/\",\"name\":\"Namud\u0117\",\"description\":\"\u201eNamud\u0117\u201c \u2013 agent\u016bra, pardavin\u0117janti Auk\u0161taitijos NT grynuolius.\",\"publisher\":{\"@id\":\"https:\/\/www.namude.lt\/#organization\"},\"potentialAction\":[{\"@type\":\"SearchAction\",\"target\":{\"@type\":\"EntryPoint\",\"urlTemplate\":\"https:\/\/www.namude.lt\/?s={search_term_string}\"},\"query-input\":{\"@type\":\"PropertyValueSpecification\",\"valueRequired\":true,\"valueName\":\"search_term_string\"}}],\"inLanguage\":\"ru-RU\"},{\"@type\":\"Organization\",\"@id\":\"https:\/\/www.namude.lt\/#organization\",\"name\":\"Namud\u0117\",\"url\":\"https:\/\/www.namude.lt\/\",\"logo\":{\"@type\":\"ImageObject\",\"inLanguage\":\"ru-RU\",\"@id\":\"https:\/\/www.namude.lt\/#\/schema\/logo\/image\/\",\"url\":\"https:\/\/www.namude.lt\/wp-content\/uploads\/2023\/11\/logo-symbol.svg\",\"contentUrl\":\"https:\/\/www.namude.lt\/wp-content\/uploads\/2023\/11\/logo-symbol.svg\",\"width\":1,\"height\":1,\"caption\":\"Namud\u0117\"},\"image\":{\"@id\":\"https:\/\/www.namude.lt\/#\/schema\/logo\/image\/\"}}]}<\/script>\n<!-- \/ Yoast SEO plugin. -->","yoast_head_json":{"title":"SODYBVIET\u0116 0,54 HA PUIKIOJE VIETOJE MI\u0160KE ZARAS\u0172 R., LIMINI\u0172 K. - Namud\u0117","robots":{"index":"index","follow":"follow","max-snippet":"max-snippet:-1","max-image-preview":"max-image-preview:large","max-video-preview":"max-video-preview:-1"},"canonical":"https:\/\/www.namude.lt\/objektas\/sodybviete-054-ha-puikioje-vietoje-miske-zarasu-r-liminiu-k\/","og_locale":"ru_RU","og_type":"article","og_title":"SODYBVIET\u0116 0,54 HA PUIKIOJE VIETOJE MI\u0160KE ZARAS\u0172 R., LIMINI\u0172 K. - Namud\u0117","og_description":"Parduodama 0,54 ha sodybviet\u0117 puikioje vietoje mi\u0161ke Zaras\u0173 r., Limini\u0173 k., Gra\u017eut\u0117s regioniniame parke.\u00a0Seniau \u0161ioje vietoje yra buvusi \u016bkininko sodyba su priklausiniais, yra parengtas projektavimo s\u0105lyg\u0173 s\u0105vadas sodybos atstatymui. Vieta labai vaizdinga, apsupta Gra\u017eut\u0117s regioninio parko pu\u0161yn\u0173. Aplink vos keli\u0173 kilometr\u0173 atstumu gausu didesni\u0173 ir ma\u017eesni\u0173 Ryt\u0173 Auk\u0161taitijos e\u017eer\u0173 \u2013 Zalvas, \u0160iurpys, \u0160iurpelis, A\u017eukalnis, Kuojinis, greta ir vaizdingosios Antaliept\u0117s marios. Did\u017eioji dalis sklypo apaugusi mi\u0161ku. Iki elektros transformatorin\u0117s \u2013\u00a0270\u00a0m. Iki sklypo patogus priva\u017eiavimas: iki pagrindinio kelio ir Degu\u010di\u0173 kaimo geru \u017evyruotu keliu tik\u00a03,5\u00a0km. Apylinkes supa Gra\u017eut\u0117s regioninio parko pu\u0161ynai. Greta galima aplankyti senovin\u012f vandens mal\u016bn\u0105 ir muziej\u0173 ant \u0160ventosios up\u0117s kranto. Iki Zaras\u0173 \u2013\u00a015\u00a0km, iki Vilniaus \u2013\u00a0137\u00a0km. Puikus sklypas j\u016bs\u0173 svajoni\u0173 sodybai arba turizmo verslo id\u0117jai realizuoti.  Sklypo koordinat\u0117s:  Google maps\u00a0\u00a0 55.659440, 26.103655  Maps.lt\u00a0\u00a0\u00a0 55.660116, 26.103305","og_url":"https:\/\/www.namude.lt\/objektas\/sodybviete-054-ha-puikioje-vietoje-miske-zarasu-r-liminiu-k\/","og_site_name":"Namud\u0117","article_modified_time":"2024-03-01T10:19:38+00:00","og_image":[{"width":840,"height":560,"url":"https:\/\/www.namude.lt\/wp-content\/uploads\/2024\/01\/1-63.jpg","type":"image\/jpeg"}],"twitter_card":"summary_large_image","schema":{"@context":"https:\/\/schema.org","@graph":[{"@type":"WebPage","@id":"https:\/\/www.namude.lt\/objektas\/sodybviete-054-ha-puikioje-vietoje-miske-zarasu-r-liminiu-k\/","url":"https:\/\/www.namude.lt\/objektas\/sodybviete-054-ha-puikioje-vietoje-miske-zarasu-r-liminiu-k\/","name":"SODYBVIET\u0116 0,54 HA PUIKIOJE VIETOJE MI\u0160KE ZARAS\u0172 R., LIMINI\u0172 K. - Namud\u0117","isPartOf":{"@id":"https:\/\/www.namude.lt\/#website"},"primaryImageOfPage":{"@id":"https:\/\/www.namude.lt\/objektas\/sodybviete-054-ha-puikioje-vietoje-miske-zarasu-r-liminiu-k\/#primaryimage"},"image":{"@id":"https:\/\/www.namude.lt\/objektas\/sodybviete-054-ha-puikioje-vietoje-miske-zarasu-r-liminiu-k\/#primaryimage"},"thumbnailUrl":"https:\/\/www.namude.lt\/wp-content\/uploads\/2024\/01\/1-63.jpg","datePublished":"2024-01-23T14:47:21+00:00","dateModified":"2024-03-01T10:19:38+00:00","breadcrumb":{"@id":"https:\/\/www.namude.lt\/objektas\/sodybviete-054-ha-puikioje-vietoje-miske-zarasu-r-liminiu-k\/#breadcrumb"},"inLanguage":"ru-RU","potentialAction":[{"@type":"ReadAction","target":["https:\/\/www.namude.lt\/objektas\/sodybviete-054-ha-puikioje-vietoje-miske-zarasu-r-liminiu-k\/"]}]},{"@type":"ImageObject","inLanguage":"ru-RU","@id":"https:\/\/www.namude.lt\/objektas\/sodybviete-054-ha-puikioje-vietoje-miske-zarasu-r-liminiu-k\/#primaryimage","url":"https:\/\/www.namude.lt\/wp-content\/uploads\/2024\/01\/1-63.jpg","contentUrl":"https:\/\/www.namude.lt\/wp-content\/uploads\/2024\/01\/1-63.jpg","width":840,"height":560,"caption":"default"},{"@type":"BreadcrumbList","@id":"https:\/\/www.namude.lt\/objektas\/sodybviete-054-ha-puikioje-vietoje-miske-zarasu-r-liminiu-k\/#breadcrumb","itemListElement":[{"@type":"ListItem","position":1,"name":"Home","item":"https:\/\/www.namude.lt\/ru\/"},{"@type":"ListItem","position":2,"name":"\u041e\u0431\u044a\u0435\u043a\u0442\u044b","item":"https:\/\/www.namude.lt\/ru\/%d0%be%d0%b1%d1%8a%d0%b5%d0%ba%d1%82%d1%8b\/"},{"@type":"ListItem","position":3,"name":"SODYBVIET\u0116 0,54 HA PUIKIOJE VIETOJE MI\u0160KE ZARAS\u0172 R., LIMINI\u0172 K."}]},{"@type":"WebSite","@id":"https:\/\/www.namude.lt\/#website","url":"https:\/\/www.namude.lt\/","name":"Namud\u0117","description":"\u201eNamud\u0117\u201c \u2013 agent\u016bra, pardavin\u0117janti Auk\u0161taitijos NT grynuolius.","publisher":{"@id":"https:\/\/www.namude.lt\/#organization"},"potentialAction":[{"@type":"SearchAction","target":{"@type":"EntryPoint","urlTemplate":"https:\/\/www.namude.lt\/?s={search_term_string}"},"query-input":{"@type":"PropertyValueSpecification","valueRequired":true,"valueName":"search_term_string"}}],"inLanguage":"ru-RU"},{"@type":"Organization","@id":"https:\/\/www.namude.lt\/#organization","name":"Namud\u0117","url":"https:\/\/www.namude.lt\/","logo":{"@type":"ImageObject","inLanguage":"ru-RU","@id":"https:\/\/www.namude.lt\/#\/schema\/logo\/image\/","url":"https:\/\/www.namude.lt\/wp-content\/uploads\/2023\/11\/logo-symbol.svg","contentUrl":"https:\/\/www.namude.lt\/wp-content\/uploads\/2023\/11\/logo-symbol.svg","width":1,"height":1,"caption":"Namud\u0117"},"image":{"@id":"https:\/\/www.namude.lt\/#\/schema\/logo\/image\/"}}]}},"_links":{"self":[{"href":"https:\/\/www.namude.lt\/ru\/wp-json\/wp\/v2\/product\/3502","targetHints":{"allow":["GET"]}}],"collection":[{"href":"https:\/\/www.namude.lt\/ru\/wp-json\/wp\/v2\/product"}],"about":[{"href":"https:\/\/www.namude.lt\/ru\/wp-json\/wp\/v2\/types\/product"}],"wp:featuredmedia":[{"embeddable":true,"href":"https:\/\/www.namude.lt\/ru\/wp-json\/wp\/v2\/media\/3503"}],"wp:attachment":[{"href":"https:\/\/www.namude.lt\/ru\/wp-json\/wp\/v2\/media?parent=3502"}],"wp:term":[{"taxonomy":"product_brand","embeddable":true,"href":"https:\/\/www.namude.lt\/ru\/wp-json\/wp\/v2\/product_brand?post=3502"},{"taxonomy":"product_cat","embeddable":true,"href":"https:\/\/www.namude.lt\/ru\/wp-json\/wp\/v2\/product_cat?post=3502"},{"taxonomy":"product_tag","embeddable":true,"href":"https:\/\/www.namude.lt\/ru\/wp-json\/wp\/v2\/product_tag?post=3502"}],"curies":[{"name":"wp","href":"https:\/\/api.w.org\/{rel}","templated":true}]}}