{"id":3361,"date":"2024-01-23T15:57:29","date_gmt":"2024-01-23T13:57:29","guid":{"rendered":"https:\/\/www.namude.lt\/?post_type=product&#038;p=3361"},"modified":"2024-10-18T08:18:05","modified_gmt":"2024-10-18T05:18:05","slug":"364-ha-zemes-sklypai-su-galimybe-statytis-miske-ant-vaizdingo-cicirio-ezero-kranto-zarasu-r-jaciskiu-k","status":"publish","type":"product","link":"https:\/\/www.namude.lt\/ru\/\u043e\u0431\u044a\u0435\u043a\u0442\/364-ha-zemes-sklypai-su-galimybe-statytis-miske-ant-vaizdingo-cicirio-ezero-kranto-zarasu-r-jaciskiu-k\/","title":{"rendered":"3,64 HA \u017dEM\u0116S SKLYPAI SU GALIMYBE STATYTIS MI\u0160KE ANT VAIZDINGO \u010cI\u010cIRIO E\u017dERO KRANTO ZARAS\u0172 R., JACI\u0160KI\u0172 K."},"content":{"rendered":"<p>Nuo sodybviet\u0117s atsiveria gra\u017eus erdvinis vaizdas \u012f puik\u0173, itin vingiuot\u0105 kranto linij\u0105 turint\u012f ir net 690 ha plot\u0105 u\u017eimant\u012f \u010ci\u010dirio e\u017eer\u0105. Tai &#8212; vienas i\u0161 nedaugelio Lietuvos e\u017eer\u0173, kuriame galima gaudyti \u201ee\u017eer\u0173 stinteles\u201c \u2013 seliavas (toki\u0173 e\u017eer\u0173 Lietuvoje vos <strong>2\u00a0<\/strong>%). Vienas i\u0161 sklyp\u0173 apie\u00a0<strong>170\u00a0<\/strong>m ribojasi su gra\u017eia, sm\u0117l\u0117ta, tolygiai gil\u0117jan\u010dia e\u017eero pakrante. Ilgas sm\u0117l\u0117tas atabradas puikiai tinka maudytis vaikams. Pakrant\u0117je yra lygi aik\u0161tel\u0117, itin tinkama pirties statybai. Naujai atlikti vis\u0173 sklyp\u0173 geodeziniai matavimai.\u00a0 Artimiausia po\u017eemin\u0117\u00a0<strong>10<\/strong>\u00a0kW elektros linija u\u017e\u00a0<strong>350\u00a0<\/strong>m. Garantuotas b\u016bsimos sodybos \u0161eiminink\u0173 ramyb\u0117 ir privatumas, kadangi aplink \u012fsik\u016br\u0119s tik vienas kaimynas, o iki jo sodybos &#8212;\u00a0\u00a0<strong>850\u00a0<\/strong>m. Iki sklypo geras priva\u017eiavimas sm\u0117l\u0117tu mi\u0161ko keliu. Iki Zaras\u0173 \u2013\u00a0<strong>17<\/strong>\u00a0km, iki Panev\u0117\u017eio \u2013\u00a0<strong>129\u00a0<\/strong>km, iki Vilniaus \u2013\u00a0<strong>154\u00a0<\/strong>km, visi miestai pasiekiami geru asfaltuotu keliu. Unikali sodybviet\u0117 mi\u0161ke tiems, kuriuos domina progresyvi investicija arba i\u0161skirtinio lygio poilsis prie e\u017eero.<\/p>\n<p>Sklypo koordinat\u0117s:<\/p>\n<p>Google maps 55.803278, 26.057923<\/p>\n<p>Maps.lt\u00a0 629022, 6187322 (LKS)<\/p>\n","protected":false},"excerpt":{"rendered":"<p><strong>Parduodami 3,64 ha \u017eem\u0117s <a href=\"https:\/\/www.namude.lt\/kategorija\/sklypai\/?filter_rajonas=zarasu-rajonas&amp;query_type_rajonas=or\">sklypai<\/a> su galimybe statytis mi\u0161ke ant vaizdingo \u010ci\u010dirio e\u017eero kranto<a href=\"https:\/\/www.namude.lt\/parduodami-nt-objektai\/?filter_rajonas=zarasu-rajonas&amp;query_type_rajonas=or\"> Zaras\u0173 r<\/a>.\u00a0<\/strong>Priklauso keli tarpusavyje besiribojantys ir kartu parduodami sklypai:\u00a0<strong>0,59\u00a0<\/strong>ha ir\u00a0<strong>0,02\u00a0<\/strong>ha nam\u0173 valdos \u017eem\u0117s sklypai bei\u00a0<strong>1,87\u00a0<\/strong>ha ir\u00a0<strong>1,15\u00a0<\/strong>ha mi\u0161ko sklypai.\u00a0<strong>0,59\u00a0<\/strong>ha nam\u0173 valdos sklype galima be joki\u0173 park\u0173 apribojim\u0173 atstatyti buvusi\u0105 sodyb\u0105 o vos u\u017e\u00a0<strong>15\u00a0<\/strong>m nuo e\u017eero kranto\u00a0<strong>0,02\u00a0<\/strong>ha sklype &#8212;\u00a0 statyti pirt\u012f. Nam\u0173 valdos sklypai apaug\u0119 \u012fsp\u016bdingais, ne vien\u0105 \u0161imtmet\u012f menan\u010diais \u0105\u017euolais ir\u00a0 klevais, o juos supa mi\u0161ko sklypai \u2013 vidutin\u0117s brandos eglynai. Tai kartu ir investicij\u0105 \u012f augant\u012f mi\u0161k\u0105, ir garantija, kad niekas kitas, be j\u016bs\u0173 pa\u010di\u0173, nei\u0161kirs mi\u0161ko.<\/p>\n","protected":false},"featured_media":3365,"template":"","meta":{"_acf_changed":false},"product_brand":[],"product_cat":[24],"product_tag":[],"class_list":{"0":"post-3361","1":"product","2":"type-product","3":"status-publish","4":"has-post-thumbnail","6":"product_cat-sklypai","7":"pa_rajonas-zarasu-rajonas","8":"description-off","10":"first","11":"instock","12":"shipping-taxable","13":"purchasable","14":"product-type-simple"},"acf":[],"yoast_head":"<!-- This site is optimized with the Yoast SEO plugin v27.4 - https:\/\/yoast.com\/product\/yoast-seo-wordpress\/ -->\n<title>3,64 HA \u017dEM\u0116S SKLYPAI SU GALIMYBE STATYTIS MI\u0160KE ANT VAIZDINGO \u010cI\u010cIRIO E\u017dERO KRANTO ZARAS\u0172 R., JACI\u0160KI\u0172 K. - Namud\u0117<\/title>\n<meta name=\"robots\" content=\"index, follow, max-snippet:-1, max-image-preview:large, max-video-preview:-1\" \/>\n<link rel=\"canonical\" href=\"https:\/\/www.namude.lt\/objektas\/364-ha-zemes-sklypai-su-galimybe-statytis-miske-ant-vaizdingo-cicirio-ezero-kranto-zarasu-r-jaciskiu-k\/\" \/>\n<meta property=\"og:locale\" content=\"ru_RU\" \/>\n<meta property=\"og:type\" content=\"article\" \/>\n<meta property=\"og:title\" content=\"3,64 HA \u017dEM\u0116S SKLYPAI SU GALIMYBE STATYTIS MI\u0160KE ANT VAIZDINGO \u010cI\u010cIRIO E\u017dERO KRANTO ZARAS\u0172 R., JACI\u0160KI\u0172 K. - Namud\u0117\" \/>\n<meta property=\"og:description\" content=\"Parduodami 3,64 ha \u017eem\u0117s sklypai su galimybe statytis mi\u0161ke ant vaizdingo \u010ci\u010dirio e\u017eero kranto Zaras\u0173 r.\u00a0Priklauso keli tarpusavyje besiribojantys ir kartu parduodami sklypai:\u00a00,59\u00a0ha ir\u00a00,02\u00a0ha nam\u0173 valdos \u017eem\u0117s sklypai bei\u00a01,87\u00a0ha ir\u00a01,15\u00a0ha mi\u0161ko sklypai.\u00a00,59\u00a0ha nam\u0173 valdos sklype galima be joki\u0173 park\u0173 apribojim\u0173 atstatyti buvusi\u0105 sodyb\u0105 o vos u\u017e\u00a015\u00a0m nuo e\u017eero kranto\u00a00,02\u00a0ha sklype -\u00a0 statyti pirt\u012f. Nam\u0173 valdos sklypai apaug\u0119 \u012fsp\u016bdingais, ne vien\u0105 \u0161imtmet\u012f menan\u010diais \u0105\u017euolais ir\u00a0 klevais, o juos supa mi\u0161ko sklypai \u2013 vidutin\u0117s brandos eglynai. Tai kartu ir investicij\u0105 \u012f augant\u012f mi\u0161k\u0105, ir garantija, kad niekas kitas, be j\u016bs\u0173 pa\u010di\u0173, nei\u0161kirs mi\u0161ko.\" \/>\n<meta property=\"og:url\" content=\"https:\/\/www.namude.lt\/objektas\/364-ha-zemes-sklypai-su-galimybe-statytis-miske-ant-vaizdingo-cicirio-ezero-kranto-zarasu-r-jaciskiu-k\/\" \/>\n<meta property=\"og:site_name\" content=\"Namud\u0117\" \/>\n<meta property=\"article:modified_time\" content=\"2024-10-18T05:18:05+00:00\" \/>\n<meta property=\"og:image\" content=\"https:\/\/www.namude.lt\/wp-content\/uploads\/2024\/01\/1-60.jpg\" \/>\n\t<meta property=\"og:image:width\" content=\"800\" \/>\n\t<meta property=\"og:image:height\" content=\"448\" \/>\n\t<meta property=\"og:image:type\" content=\"image\/jpeg\" \/>\n<meta name=\"twitter:card\" content=\"summary_large_image\" \/>\n<meta name=\"twitter:label1\" content=\"\u041f\u0440\u0438\u043c\u0435\u0440\u043d\u043e\u0435 \u0432\u0440\u0435\u043c\u044f \u0434\u043b\u044f \u0447\u0442\u0435\u043d\u0438\u044f\" \/>\n\t<meta name=\"twitter:data1\" content=\"1 \u043c\u0438\u043d\u0443\u0442\u0430\" \/>\n<script type=\"application\/ld+json\" class=\"yoast-schema-graph\">{\"@context\":\"https:\\\/\\\/schema.org\",\"@graph\":[{\"@type\":\"WebPage\",\"@id\":\"https:\\\/\\\/www.namude.lt\\\/objektas\\\/364-ha-zemes-sklypai-su-galimybe-statytis-miske-ant-vaizdingo-cicirio-ezero-kranto-zarasu-r-jaciskiu-k\\\/\",\"url\":\"https:\\\/\\\/www.namude.lt\\\/objektas\\\/364-ha-zemes-sklypai-su-galimybe-statytis-miske-ant-vaizdingo-cicirio-ezero-kranto-zarasu-r-jaciskiu-k\\\/\",\"name\":\"3,64 HA \u017dEM\u0116S SKLYPAI SU GALIMYBE STATYTIS MI\u0160KE ANT VAIZDINGO \u010cI\u010cIRIO E\u017dERO KRANTO ZARAS\u0172 R., JACI\u0160KI\u0172 K. - Namud\u0117\",\"isPartOf\":{\"@id\":\"https:\\\/\\\/www.namude.lt\\\/#website\"},\"primaryImageOfPage\":{\"@id\":\"https:\\\/\\\/www.namude.lt\\\/objektas\\\/364-ha-zemes-sklypai-su-galimybe-statytis-miske-ant-vaizdingo-cicirio-ezero-kranto-zarasu-r-jaciskiu-k\\\/#primaryimage\"},\"image\":{\"@id\":\"https:\\\/\\\/www.namude.lt\\\/objektas\\\/364-ha-zemes-sklypai-su-galimybe-statytis-miske-ant-vaizdingo-cicirio-ezero-kranto-zarasu-r-jaciskiu-k\\\/#primaryimage\"},\"thumbnailUrl\":\"https:\\\/\\\/www.namude.lt\\\/wp-content\\\/uploads\\\/2024\\\/01\\\/1-60.jpg\",\"datePublished\":\"2024-01-23T13:57:29+00:00\",\"dateModified\":\"2024-10-18T05:18:05+00:00\",\"breadcrumb\":{\"@id\":\"https:\\\/\\\/www.namude.lt\\\/objektas\\\/364-ha-zemes-sklypai-su-galimybe-statytis-miske-ant-vaizdingo-cicirio-ezero-kranto-zarasu-r-jaciskiu-k\\\/#breadcrumb\"},\"inLanguage\":\"ru-RU\",\"potentialAction\":[{\"@type\":\"ReadAction\",\"target\":[\"https:\\\/\\\/www.namude.lt\\\/objektas\\\/364-ha-zemes-sklypai-su-galimybe-statytis-miske-ant-vaizdingo-cicirio-ezero-kranto-zarasu-r-jaciskiu-k\\\/\"]}]},{\"@type\":\"ImageObject\",\"inLanguage\":\"ru-RU\",\"@id\":\"https:\\\/\\\/www.namude.lt\\\/objektas\\\/364-ha-zemes-sklypai-su-galimybe-statytis-miske-ant-vaizdingo-cicirio-ezero-kranto-zarasu-r-jaciskiu-k\\\/#primaryimage\",\"url\":\"https:\\\/\\\/www.namude.lt\\\/wp-content\\\/uploads\\\/2024\\\/01\\\/1-60.jpg\",\"contentUrl\":\"https:\\\/\\\/www.namude.lt\\\/wp-content\\\/uploads\\\/2024\\\/01\\\/1-60.jpg\",\"width\":800,\"height\":448,\"caption\":\"default\"},{\"@type\":\"BreadcrumbList\",\"@id\":\"https:\\\/\\\/www.namude.lt\\\/objektas\\\/364-ha-zemes-sklypai-su-galimybe-statytis-miske-ant-vaizdingo-cicirio-ezero-kranto-zarasu-r-jaciskiu-k\\\/#breadcrumb\",\"itemListElement\":[{\"@type\":\"ListItem\",\"position\":1,\"name\":\"Home\",\"item\":\"https:\\\/\\\/www.namude.lt\\\/ru\\\/\"},{\"@type\":\"ListItem\",\"position\":2,\"name\":\"\u041e\u0431\u044a\u0435\u043a\u0442\u044b\",\"item\":\"https:\\\/\\\/www.namude.lt\\\/ru\\\/%d0%be%d0%b1%d1%8a%d0%b5%d0%ba%d1%82%d1%8b\\\/\"},{\"@type\":\"ListItem\",\"position\":3,\"name\":\"3,64 HA \u017dEM\u0116S SKLYPAI SU GALIMYBE STATYTIS MI\u0160KE ANT VAIZDINGO \u010cI\u010cIRIO E\u017dERO KRANTO ZARAS\u0172 R., JACI\u0160KI\u0172 K.\"}]},{\"@type\":\"WebSite\",\"@id\":\"https:\\\/\\\/www.namude.lt\\\/#website\",\"url\":\"https:\\\/\\\/www.namude.lt\\\/\",\"name\":\"Namud\u0117\",\"description\":\"\u201eNamud\u0117\u201c \u2013 agent\u016bra, pardavin\u0117janti Auk\u0161taitijos NT grynuolius.\",\"publisher\":{\"@id\":\"https:\\\/\\\/www.namude.lt\\\/#organization\"},\"potentialAction\":[{\"@type\":\"SearchAction\",\"target\":{\"@type\":\"EntryPoint\",\"urlTemplate\":\"https:\\\/\\\/www.namude.lt\\\/?s={search_term_string}\"},\"query-input\":{\"@type\":\"PropertyValueSpecification\",\"valueRequired\":true,\"valueName\":\"search_term_string\"}}],\"inLanguage\":\"ru-RU\"},{\"@type\":\"Organization\",\"@id\":\"https:\\\/\\\/www.namude.lt\\\/#organization\",\"name\":\"Namud\u0117\",\"url\":\"https:\\\/\\\/www.namude.lt\\\/\",\"logo\":{\"@type\":\"ImageObject\",\"inLanguage\":\"ru-RU\",\"@id\":\"https:\\\/\\\/www.namude.lt\\\/#\\\/schema\\\/logo\\\/image\\\/\",\"url\":\"https:\\\/\\\/www.namude.lt\\\/wp-content\\\/uploads\\\/2023\\\/11\\\/logo-symbol.svg\",\"contentUrl\":\"https:\\\/\\\/www.namude.lt\\\/wp-content\\\/uploads\\\/2023\\\/11\\\/logo-symbol.svg\",\"width\":1,\"height\":1,\"caption\":\"Namud\u0117\"},\"image\":{\"@id\":\"https:\\\/\\\/www.namude.lt\\\/#\\\/schema\\\/logo\\\/image\\\/\"}}]}<\/script>\n<!-- \/ Yoast SEO plugin. -->","yoast_head_json":{"title":"3,64 HA \u017dEM\u0116S SKLYPAI SU GALIMYBE STATYTIS MI\u0160KE ANT VAIZDINGO \u010cI\u010cIRIO E\u017dERO KRANTO ZARAS\u0172 R., JACI\u0160KI\u0172 K. - Namud\u0117","robots":{"index":"index","follow":"follow","max-snippet":"max-snippet:-1","max-image-preview":"max-image-preview:large","max-video-preview":"max-video-preview:-1"},"canonical":"https:\/\/www.namude.lt\/objektas\/364-ha-zemes-sklypai-su-galimybe-statytis-miske-ant-vaizdingo-cicirio-ezero-kranto-zarasu-r-jaciskiu-k\/","og_locale":"ru_RU","og_type":"article","og_title":"3,64 HA \u017dEM\u0116S SKLYPAI SU GALIMYBE STATYTIS MI\u0160KE ANT VAIZDINGO \u010cI\u010cIRIO E\u017dERO KRANTO ZARAS\u0172 R., JACI\u0160KI\u0172 K. - Namud\u0117","og_description":"Parduodami 3,64 ha \u017eem\u0117s sklypai su galimybe statytis mi\u0161ke ant vaizdingo \u010ci\u010dirio e\u017eero kranto Zaras\u0173 r.\u00a0Priklauso keli tarpusavyje besiribojantys ir kartu parduodami sklypai:\u00a00,59\u00a0ha ir\u00a00,02\u00a0ha nam\u0173 valdos \u017eem\u0117s sklypai bei\u00a01,87\u00a0ha ir\u00a01,15\u00a0ha mi\u0161ko sklypai.\u00a00,59\u00a0ha nam\u0173 valdos sklype galima be joki\u0173 park\u0173 apribojim\u0173 atstatyti buvusi\u0105 sodyb\u0105 o vos u\u017e\u00a015\u00a0m nuo e\u017eero kranto\u00a00,02\u00a0ha sklype -\u00a0 statyti pirt\u012f. Nam\u0173 valdos sklypai apaug\u0119 \u012fsp\u016bdingais, ne vien\u0105 \u0161imtmet\u012f menan\u010diais \u0105\u017euolais ir\u00a0 klevais, o juos supa mi\u0161ko sklypai \u2013 vidutin\u0117s brandos eglynai. Tai kartu ir investicij\u0105 \u012f augant\u012f mi\u0161k\u0105, ir garantija, kad niekas kitas, be j\u016bs\u0173 pa\u010di\u0173, nei\u0161kirs mi\u0161ko.","og_url":"https:\/\/www.namude.lt\/objektas\/364-ha-zemes-sklypai-su-galimybe-statytis-miske-ant-vaizdingo-cicirio-ezero-kranto-zarasu-r-jaciskiu-k\/","og_site_name":"Namud\u0117","article_modified_time":"2024-10-18T05:18:05+00:00","og_image":[{"width":800,"height":448,"url":"https:\/\/www.namude.lt\/wp-content\/uploads\/2024\/01\/1-60.jpg","type":"image\/jpeg"}],"twitter_card":"summary_large_image","twitter_misc":{"\u041f\u0440\u0438\u043c\u0435\u0440\u043d\u043e\u0435 \u0432\u0440\u0435\u043c\u044f \u0434\u043b\u044f \u0447\u0442\u0435\u043d\u0438\u044f":"1 \u043c\u0438\u043d\u0443\u0442\u0430"},"schema":{"@context":"https:\/\/schema.org","@graph":[{"@type":"WebPage","@id":"https:\/\/www.namude.lt\/objektas\/364-ha-zemes-sklypai-su-galimybe-statytis-miske-ant-vaizdingo-cicirio-ezero-kranto-zarasu-r-jaciskiu-k\/","url":"https:\/\/www.namude.lt\/objektas\/364-ha-zemes-sklypai-su-galimybe-statytis-miske-ant-vaizdingo-cicirio-ezero-kranto-zarasu-r-jaciskiu-k\/","name":"3,64 HA \u017dEM\u0116S SKLYPAI SU GALIMYBE STATYTIS MI\u0160KE ANT VAIZDINGO \u010cI\u010cIRIO E\u017dERO KRANTO ZARAS\u0172 R., JACI\u0160KI\u0172 K. - Namud\u0117","isPartOf":{"@id":"https:\/\/www.namude.lt\/#website"},"primaryImageOfPage":{"@id":"https:\/\/www.namude.lt\/objektas\/364-ha-zemes-sklypai-su-galimybe-statytis-miske-ant-vaizdingo-cicirio-ezero-kranto-zarasu-r-jaciskiu-k\/#primaryimage"},"image":{"@id":"https:\/\/www.namude.lt\/objektas\/364-ha-zemes-sklypai-su-galimybe-statytis-miske-ant-vaizdingo-cicirio-ezero-kranto-zarasu-r-jaciskiu-k\/#primaryimage"},"thumbnailUrl":"https:\/\/www.namude.lt\/wp-content\/uploads\/2024\/01\/1-60.jpg","datePublished":"2024-01-23T13:57:29+00:00","dateModified":"2024-10-18T05:18:05+00:00","breadcrumb":{"@id":"https:\/\/www.namude.lt\/objektas\/364-ha-zemes-sklypai-su-galimybe-statytis-miske-ant-vaizdingo-cicirio-ezero-kranto-zarasu-r-jaciskiu-k\/#breadcrumb"},"inLanguage":"ru-RU","potentialAction":[{"@type":"ReadAction","target":["https:\/\/www.namude.lt\/objektas\/364-ha-zemes-sklypai-su-galimybe-statytis-miske-ant-vaizdingo-cicirio-ezero-kranto-zarasu-r-jaciskiu-k\/"]}]},{"@type":"ImageObject","inLanguage":"ru-RU","@id":"https:\/\/www.namude.lt\/objektas\/364-ha-zemes-sklypai-su-galimybe-statytis-miske-ant-vaizdingo-cicirio-ezero-kranto-zarasu-r-jaciskiu-k\/#primaryimage","url":"https:\/\/www.namude.lt\/wp-content\/uploads\/2024\/01\/1-60.jpg","contentUrl":"https:\/\/www.namude.lt\/wp-content\/uploads\/2024\/01\/1-60.jpg","width":800,"height":448,"caption":"default"},{"@type":"BreadcrumbList","@id":"https:\/\/www.namude.lt\/objektas\/364-ha-zemes-sklypai-su-galimybe-statytis-miske-ant-vaizdingo-cicirio-ezero-kranto-zarasu-r-jaciskiu-k\/#breadcrumb","itemListElement":[{"@type":"ListItem","position":1,"name":"Home","item":"https:\/\/www.namude.lt\/ru\/"},{"@type":"ListItem","position":2,"name":"\u041e\u0431\u044a\u0435\u043a\u0442\u044b","item":"https:\/\/www.namude.lt\/ru\/%d0%be%d0%b1%d1%8a%d0%b5%d0%ba%d1%82%d1%8b\/"},{"@type":"ListItem","position":3,"name":"3,64 HA \u017dEM\u0116S SKLYPAI SU GALIMYBE STATYTIS MI\u0160KE ANT VAIZDINGO \u010cI\u010cIRIO E\u017dERO KRANTO ZARAS\u0172 R., JACI\u0160KI\u0172 K."}]},{"@type":"WebSite","@id":"https:\/\/www.namude.lt\/#website","url":"https:\/\/www.namude.lt\/","name":"Namud\u0117","description":"\u201eNamud\u0117\u201c \u2013 agent\u016bra, pardavin\u0117janti Auk\u0161taitijos NT grynuolius.","publisher":{"@id":"https:\/\/www.namude.lt\/#organization"},"potentialAction":[{"@type":"SearchAction","target":{"@type":"EntryPoint","urlTemplate":"https:\/\/www.namude.lt\/?s={search_term_string}"},"query-input":{"@type":"PropertyValueSpecification","valueRequired":true,"valueName":"search_term_string"}}],"inLanguage":"ru-RU"},{"@type":"Organization","@id":"https:\/\/www.namude.lt\/#organization","name":"Namud\u0117","url":"https:\/\/www.namude.lt\/","logo":{"@type":"ImageObject","inLanguage":"ru-RU","@id":"https:\/\/www.namude.lt\/#\/schema\/logo\/image\/","url":"https:\/\/www.namude.lt\/wp-content\/uploads\/2023\/11\/logo-symbol.svg","contentUrl":"https:\/\/www.namude.lt\/wp-content\/uploads\/2023\/11\/logo-symbol.svg","width":1,"height":1,"caption":"Namud\u0117"},"image":{"@id":"https:\/\/www.namude.lt\/#\/schema\/logo\/image\/"}}]}},"_links":{"self":[{"href":"https:\/\/www.namude.lt\/ru\/wp-json\/wp\/v2\/product\/3361","targetHints":{"allow":["GET"]}}],"collection":[{"href":"https:\/\/www.namude.lt\/ru\/wp-json\/wp\/v2\/product"}],"about":[{"href":"https:\/\/www.namude.lt\/ru\/wp-json\/wp\/v2\/types\/product"}],"wp:featuredmedia":[{"embeddable":true,"href":"https:\/\/www.namude.lt\/ru\/wp-json\/wp\/v2\/media\/3365"}],"wp:attachment":[{"href":"https:\/\/www.namude.lt\/ru\/wp-json\/wp\/v2\/media?parent=3361"}],"wp:term":[{"taxonomy":"product_brand","embeddable":true,"href":"https:\/\/www.namude.lt\/ru\/wp-json\/wp\/v2\/product_brand?post=3361"},{"taxonomy":"product_cat","embeddable":true,"href":"https:\/\/www.namude.lt\/ru\/wp-json\/wp\/v2\/product_cat?post=3361"},{"taxonomy":"product_tag","embeddable":true,"href":"https:\/\/www.namude.lt\/ru\/wp-json\/wp\/v2\/product_tag?post=3361"}],"curies":[{"name":"wp","href":"https:\/\/api.w.org\/{rel}","templated":true}]}}