{"id":3193,"date":"2024-01-23T14:40:04","date_gmt":"2024-01-23T12:40:04","guid":{"rendered":"https:\/\/www.namude.lt\/?post_type=product&#038;p=3193"},"modified":"2024-03-01T14:44:22","modified_gmt":"2024-03-01T12:44:22","slug":"isskirtine-sodybviete-ant-asalnu-ezero-kranto-aukstaitijos-nacionaliniam-parke-ignalinos-r","status":"publish","type":"product","link":"https:\/\/www.namude.lt\/ru\/\u043e\u0431\u044a\u0435\u043a\u0442\/isskirtine-sodybviete-ant-asalnu-ezero-kranto-aukstaitijos-nacionaliniam-parke-ignalinos-r\/","title":{"rendered":"I\u0160SKIRTIN\u0116 SODYBVIET\u0116 ANT ASALN\u0172 E\u017dERO KRANTO AUK\u0160TAITIJOS NACIONALINIAM PARKE, IGNALINOS R."},"content":{"rendered":"","protected":false},"excerpt":{"rendered":"<p><strong>Parduodama i\u0161skirtin\u0117 sodybviet\u0117 ant Asaln\u0173 e\u017eero kranto, Auk\u0161taitijos Nacionaliniame parke, Pabir\u017e\u0117s k., <a href=\"https:\/\/www.namude.lt\/parduodami-nt-objektai\/?filter_rajonas=ignalinos-rajonas&amp;query_type_rajonas=or\">Ignalinos r.<\/a>\u00a0<\/strong>Sklypas apie\u00a0<strong>48\u00a0<\/strong>m ribojasi su sm\u0117l\u0117tu Asaln\u0173 e\u017eero krantu. Sklypo plotas\u00a0<strong>1,70<\/strong> ha. Yra paruo\u0161tas originalus, tai vietai priderintas projektas, kuriame SUPROJEKTOTAS\u00a0 GYVENAMASIS NAMAS, gara\u017eas, kl\u0117tis, pirtis lieptas, medinis mi\u0161ko takelis. Yra pamatai naujo namo statybai, \u012frengtas elektros \u012fvadas. Nuo sklypo atsiveria erdvin\u0117 e\u017eero panorama. Visa aplinka alsuoja Auk\u0161taitijos nacionalinio parko dvasia. Sklyp\u0105 supa unikalaus gro\u017eio mi\u0161keliai ir pu\u0161ynai. Geras priva\u017eiavimas. Ideali vieta ils\u0117tis, pramogauti ar investuoti.<\/p>\n<p>&nbsp;<\/p>\n<p>Sodybos koordinat\u0117s:<br \/>\nGoogle Maps:55.346876, 26.035528<\/p>\n","protected":false},"featured_media":3194,"template":"","meta":{"_acf_changed":false},"product_brand":[],"product_cat":[24],"product_tag":[],"class_list":{"0":"post-3193","1":"product","2":"type-product","3":"status-publish","4":"has-post-thumbnail","6":"product_cat-sklypai","7":"pa_rajonas-ignalinos-rajonas","8":"description-off","10":"first","11":"instock","12":"shipping-taxable","13":"purchasable","14":"product-type-simple"},"acf":[],"yoast_head":"<!-- This site is optimized with the Yoast SEO plugin v27.4 - https:\/\/yoast.com\/product\/yoast-seo-wordpress\/ -->\n<title>I\u0160SKIRTIN\u0116 SODYBVIET\u0116 ANT ASALN\u0172 E\u017dERO KRANTO AUK\u0160TAITIJOS NACIONALINIAM PARKE, IGNALINOS R. - Namud\u0117<\/title>\n<meta name=\"robots\" content=\"index, follow, max-snippet:-1, max-image-preview:large, max-video-preview:-1\" \/>\n<link rel=\"canonical\" href=\"https:\/\/www.namude.lt\/objektas\/isskirtine-sodybviete-ant-asalnu-ezero-kranto-aukstaitijos-nacionaliniam-parke-ignalinos-r\/\" \/>\n<meta property=\"og:locale\" content=\"ru_RU\" \/>\n<meta property=\"og:type\" content=\"article\" \/>\n<meta property=\"og:title\" content=\"I\u0160SKIRTIN\u0116 SODYBVIET\u0116 ANT ASALN\u0172 E\u017dERO KRANTO AUK\u0160TAITIJOS NACIONALINIAM PARKE, IGNALINOS R. - Namud\u0117\" \/>\n<meta property=\"og:description\" content=\"Parduodama i\u0161skirtin\u0117 sodybviet\u0117 ant Asaln\u0173 e\u017eero kranto, Auk\u0161taitijos Nacionaliniame parke, Pabir\u017e\u0117s k., Ignalinos r.\u00a0Sklypas apie\u00a048\u00a0m ribojasi su sm\u0117l\u0117tu Asaln\u0173 e\u017eero krantu. Sklypo plotas\u00a01,70 ha. Yra paruo\u0161tas originalus, tai vietai priderintas projektas, kuriame SUPROJEKTOTAS\u00a0 GYVENAMASIS NAMAS, gara\u017eas, kl\u0117tis, pirtis lieptas, medinis mi\u0161ko takelis. Yra pamatai naujo namo statybai, \u012frengtas elektros \u012fvadas. Nuo sklypo atsiveria erdvin\u0117 e\u017eero panorama. Visa aplinka alsuoja Auk\u0161taitijos nacionalinio parko dvasia. Sklyp\u0105 supa unikalaus gro\u017eio mi\u0161keliai ir pu\u0161ynai. Geras priva\u017eiavimas. Ideali vieta ils\u0117tis, pramogauti ar investuoti.  &nbsp;  Sodybos koordinat\u0117s: Google Maps:55.346876, 26.035528\" \/>\n<meta property=\"og:url\" content=\"https:\/\/www.namude.lt\/objektas\/isskirtine-sodybviete-ant-asalnu-ezero-kranto-aukstaitijos-nacionaliniam-parke-ignalinos-r\/\" \/>\n<meta property=\"og:site_name\" content=\"Namud\u0117\" \/>\n<meta property=\"article:modified_time\" content=\"2024-03-01T12:44:22+00:00\" \/>\n<meta property=\"og:image\" content=\"https:\/\/www.namude.lt\/wp-content\/uploads\/2024\/01\/1-55.jpg\" \/>\n\t<meta property=\"og:image:width\" content=\"840\" \/>\n\t<meta property=\"og:image:height\" content=\"560\" \/>\n\t<meta property=\"og:image:type\" content=\"image\/jpeg\" \/>\n<meta name=\"twitter:card\" content=\"summary_large_image\" \/>\n<script type=\"application\/ld+json\" class=\"yoast-schema-graph\">{\"@context\":\"https:\\\/\\\/schema.org\",\"@graph\":[{\"@type\":\"WebPage\",\"@id\":\"https:\\\/\\\/www.namude.lt\\\/objektas\\\/isskirtine-sodybviete-ant-asalnu-ezero-kranto-aukstaitijos-nacionaliniam-parke-ignalinos-r\\\/\",\"url\":\"https:\\\/\\\/www.namude.lt\\\/objektas\\\/isskirtine-sodybviete-ant-asalnu-ezero-kranto-aukstaitijos-nacionaliniam-parke-ignalinos-r\\\/\",\"name\":\"I\u0160SKIRTIN\u0116 SODYBVIET\u0116 ANT ASALN\u0172 E\u017dERO KRANTO AUK\u0160TAITIJOS NACIONALINIAM PARKE, IGNALINOS R. - Namud\u0117\",\"isPartOf\":{\"@id\":\"https:\\\/\\\/www.namude.lt\\\/#website\"},\"primaryImageOfPage\":{\"@id\":\"https:\\\/\\\/www.namude.lt\\\/objektas\\\/isskirtine-sodybviete-ant-asalnu-ezero-kranto-aukstaitijos-nacionaliniam-parke-ignalinos-r\\\/#primaryimage\"},\"image\":{\"@id\":\"https:\\\/\\\/www.namude.lt\\\/objektas\\\/isskirtine-sodybviete-ant-asalnu-ezero-kranto-aukstaitijos-nacionaliniam-parke-ignalinos-r\\\/#primaryimage\"},\"thumbnailUrl\":\"https:\\\/\\\/www.namude.lt\\\/wp-content\\\/uploads\\\/2024\\\/01\\\/1-55.jpg\",\"datePublished\":\"2024-01-23T12:40:04+00:00\",\"dateModified\":\"2024-03-01T12:44:22+00:00\",\"breadcrumb\":{\"@id\":\"https:\\\/\\\/www.namude.lt\\\/objektas\\\/isskirtine-sodybviete-ant-asalnu-ezero-kranto-aukstaitijos-nacionaliniam-parke-ignalinos-r\\\/#breadcrumb\"},\"inLanguage\":\"ru-RU\",\"potentialAction\":[{\"@type\":\"ReadAction\",\"target\":[\"https:\\\/\\\/www.namude.lt\\\/objektas\\\/isskirtine-sodybviete-ant-asalnu-ezero-kranto-aukstaitijos-nacionaliniam-parke-ignalinos-r\\\/\"]}]},{\"@type\":\"ImageObject\",\"inLanguage\":\"ru-RU\",\"@id\":\"https:\\\/\\\/www.namude.lt\\\/objektas\\\/isskirtine-sodybviete-ant-asalnu-ezero-kranto-aukstaitijos-nacionaliniam-parke-ignalinos-r\\\/#primaryimage\",\"url\":\"https:\\\/\\\/www.namude.lt\\\/wp-content\\\/uploads\\\/2024\\\/01\\\/1-55.jpg\",\"contentUrl\":\"https:\\\/\\\/www.namude.lt\\\/wp-content\\\/uploads\\\/2024\\\/01\\\/1-55.jpg\",\"width\":840,\"height\":560,\"caption\":\"default\"},{\"@type\":\"BreadcrumbList\",\"@id\":\"https:\\\/\\\/www.namude.lt\\\/objektas\\\/isskirtine-sodybviete-ant-asalnu-ezero-kranto-aukstaitijos-nacionaliniam-parke-ignalinos-r\\\/#breadcrumb\",\"itemListElement\":[{\"@type\":\"ListItem\",\"position\":1,\"name\":\"Home\",\"item\":\"https:\\\/\\\/www.namude.lt\\\/ru\\\/\"},{\"@type\":\"ListItem\",\"position\":2,\"name\":\"\u041e\u0431\u044a\u0435\u043a\u0442\u044b\",\"item\":\"https:\\\/\\\/www.namude.lt\\\/ru\\\/%d0%be%d0%b1%d1%8a%d0%b5%d0%ba%d1%82%d1%8b\\\/\"},{\"@type\":\"ListItem\",\"position\":3,\"name\":\"I\u0160SKIRTIN\u0116 SODYBVIET\u0116 ANT ASALN\u0172 E\u017dERO KRANTO AUK\u0160TAITIJOS NACIONALINIAM PARKE, IGNALINOS R.\"}]},{\"@type\":\"WebSite\",\"@id\":\"https:\\\/\\\/www.namude.lt\\\/#website\",\"url\":\"https:\\\/\\\/www.namude.lt\\\/\",\"name\":\"Namud\u0117\",\"description\":\"\u201eNamud\u0117\u201c \u2013 agent\u016bra, pardavin\u0117janti Auk\u0161taitijos NT grynuolius.\",\"publisher\":{\"@id\":\"https:\\\/\\\/www.namude.lt\\\/#organization\"},\"potentialAction\":[{\"@type\":\"SearchAction\",\"target\":{\"@type\":\"EntryPoint\",\"urlTemplate\":\"https:\\\/\\\/www.namude.lt\\\/?s={search_term_string}\"},\"query-input\":{\"@type\":\"PropertyValueSpecification\",\"valueRequired\":true,\"valueName\":\"search_term_string\"}}],\"inLanguage\":\"ru-RU\"},{\"@type\":\"Organization\",\"@id\":\"https:\\\/\\\/www.namude.lt\\\/#organization\",\"name\":\"Namud\u0117\",\"url\":\"https:\\\/\\\/www.namude.lt\\\/\",\"logo\":{\"@type\":\"ImageObject\",\"inLanguage\":\"ru-RU\",\"@id\":\"https:\\\/\\\/www.namude.lt\\\/#\\\/schema\\\/logo\\\/image\\\/\",\"url\":\"https:\\\/\\\/www.namude.lt\\\/wp-content\\\/uploads\\\/2023\\\/11\\\/logo-symbol.svg\",\"contentUrl\":\"https:\\\/\\\/www.namude.lt\\\/wp-content\\\/uploads\\\/2023\\\/11\\\/logo-symbol.svg\",\"width\":1,\"height\":1,\"caption\":\"Namud\u0117\"},\"image\":{\"@id\":\"https:\\\/\\\/www.namude.lt\\\/#\\\/schema\\\/logo\\\/image\\\/\"}}]}<\/script>\n<!-- \/ Yoast SEO plugin. -->","yoast_head_json":{"title":"I\u0160SKIRTIN\u0116 SODYBVIET\u0116 ANT ASALN\u0172 E\u017dERO KRANTO AUK\u0160TAITIJOS NACIONALINIAM PARKE, IGNALINOS R. - Namud\u0117","robots":{"index":"index","follow":"follow","max-snippet":"max-snippet:-1","max-image-preview":"max-image-preview:large","max-video-preview":"max-video-preview:-1"},"canonical":"https:\/\/www.namude.lt\/objektas\/isskirtine-sodybviete-ant-asalnu-ezero-kranto-aukstaitijos-nacionaliniam-parke-ignalinos-r\/","og_locale":"ru_RU","og_type":"article","og_title":"I\u0160SKIRTIN\u0116 SODYBVIET\u0116 ANT ASALN\u0172 E\u017dERO KRANTO AUK\u0160TAITIJOS NACIONALINIAM PARKE, IGNALINOS R. - Namud\u0117","og_description":"Parduodama i\u0161skirtin\u0117 sodybviet\u0117 ant Asaln\u0173 e\u017eero kranto, Auk\u0161taitijos Nacionaliniame parke, Pabir\u017e\u0117s k., Ignalinos r.\u00a0Sklypas apie\u00a048\u00a0m ribojasi su sm\u0117l\u0117tu Asaln\u0173 e\u017eero krantu. Sklypo plotas\u00a01,70 ha. Yra paruo\u0161tas originalus, tai vietai priderintas projektas, kuriame SUPROJEKTOTAS\u00a0 GYVENAMASIS NAMAS, gara\u017eas, kl\u0117tis, pirtis lieptas, medinis mi\u0161ko takelis. Yra pamatai naujo namo statybai, \u012frengtas elektros \u012fvadas. Nuo sklypo atsiveria erdvin\u0117 e\u017eero panorama. Visa aplinka alsuoja Auk\u0161taitijos nacionalinio parko dvasia. Sklyp\u0105 supa unikalaus gro\u017eio mi\u0161keliai ir pu\u0161ynai. Geras priva\u017eiavimas. Ideali vieta ils\u0117tis, pramogauti ar investuoti.  &nbsp;  Sodybos koordinat\u0117s: Google Maps:55.346876, 26.035528","og_url":"https:\/\/www.namude.lt\/objektas\/isskirtine-sodybviete-ant-asalnu-ezero-kranto-aukstaitijos-nacionaliniam-parke-ignalinos-r\/","og_site_name":"Namud\u0117","article_modified_time":"2024-03-01T12:44:22+00:00","og_image":[{"width":840,"height":560,"url":"https:\/\/www.namude.lt\/wp-content\/uploads\/2024\/01\/1-55.jpg","type":"image\/jpeg"}],"twitter_card":"summary_large_image","schema":{"@context":"https:\/\/schema.org","@graph":[{"@type":"WebPage","@id":"https:\/\/www.namude.lt\/objektas\/isskirtine-sodybviete-ant-asalnu-ezero-kranto-aukstaitijos-nacionaliniam-parke-ignalinos-r\/","url":"https:\/\/www.namude.lt\/objektas\/isskirtine-sodybviete-ant-asalnu-ezero-kranto-aukstaitijos-nacionaliniam-parke-ignalinos-r\/","name":"I\u0160SKIRTIN\u0116 SODYBVIET\u0116 ANT ASALN\u0172 E\u017dERO KRANTO AUK\u0160TAITIJOS NACIONALINIAM PARKE, IGNALINOS R. - Namud\u0117","isPartOf":{"@id":"https:\/\/www.namude.lt\/#website"},"primaryImageOfPage":{"@id":"https:\/\/www.namude.lt\/objektas\/isskirtine-sodybviete-ant-asalnu-ezero-kranto-aukstaitijos-nacionaliniam-parke-ignalinos-r\/#primaryimage"},"image":{"@id":"https:\/\/www.namude.lt\/objektas\/isskirtine-sodybviete-ant-asalnu-ezero-kranto-aukstaitijos-nacionaliniam-parke-ignalinos-r\/#primaryimage"},"thumbnailUrl":"https:\/\/www.namude.lt\/wp-content\/uploads\/2024\/01\/1-55.jpg","datePublished":"2024-01-23T12:40:04+00:00","dateModified":"2024-03-01T12:44:22+00:00","breadcrumb":{"@id":"https:\/\/www.namude.lt\/objektas\/isskirtine-sodybviete-ant-asalnu-ezero-kranto-aukstaitijos-nacionaliniam-parke-ignalinos-r\/#breadcrumb"},"inLanguage":"ru-RU","potentialAction":[{"@type":"ReadAction","target":["https:\/\/www.namude.lt\/objektas\/isskirtine-sodybviete-ant-asalnu-ezero-kranto-aukstaitijos-nacionaliniam-parke-ignalinos-r\/"]}]},{"@type":"ImageObject","inLanguage":"ru-RU","@id":"https:\/\/www.namude.lt\/objektas\/isskirtine-sodybviete-ant-asalnu-ezero-kranto-aukstaitijos-nacionaliniam-parke-ignalinos-r\/#primaryimage","url":"https:\/\/www.namude.lt\/wp-content\/uploads\/2024\/01\/1-55.jpg","contentUrl":"https:\/\/www.namude.lt\/wp-content\/uploads\/2024\/01\/1-55.jpg","width":840,"height":560,"caption":"default"},{"@type":"BreadcrumbList","@id":"https:\/\/www.namude.lt\/objektas\/isskirtine-sodybviete-ant-asalnu-ezero-kranto-aukstaitijos-nacionaliniam-parke-ignalinos-r\/#breadcrumb","itemListElement":[{"@type":"ListItem","position":1,"name":"Home","item":"https:\/\/www.namude.lt\/ru\/"},{"@type":"ListItem","position":2,"name":"\u041e\u0431\u044a\u0435\u043a\u0442\u044b","item":"https:\/\/www.namude.lt\/ru\/%d0%be%d0%b1%d1%8a%d0%b5%d0%ba%d1%82%d1%8b\/"},{"@type":"ListItem","position":3,"name":"I\u0160SKIRTIN\u0116 SODYBVIET\u0116 ANT ASALN\u0172 E\u017dERO KRANTO AUK\u0160TAITIJOS NACIONALINIAM PARKE, IGNALINOS R."}]},{"@type":"WebSite","@id":"https:\/\/www.namude.lt\/#website","url":"https:\/\/www.namude.lt\/","name":"Namud\u0117","description":"\u201eNamud\u0117\u201c \u2013 agent\u016bra, pardavin\u0117janti Auk\u0161taitijos NT grynuolius.","publisher":{"@id":"https:\/\/www.namude.lt\/#organization"},"potentialAction":[{"@type":"SearchAction","target":{"@type":"EntryPoint","urlTemplate":"https:\/\/www.namude.lt\/?s={search_term_string}"},"query-input":{"@type":"PropertyValueSpecification","valueRequired":true,"valueName":"search_term_string"}}],"inLanguage":"ru-RU"},{"@type":"Organization","@id":"https:\/\/www.namude.lt\/#organization","name":"Namud\u0117","url":"https:\/\/www.namude.lt\/","logo":{"@type":"ImageObject","inLanguage":"ru-RU","@id":"https:\/\/www.namude.lt\/#\/schema\/logo\/image\/","url":"https:\/\/www.namude.lt\/wp-content\/uploads\/2023\/11\/logo-symbol.svg","contentUrl":"https:\/\/www.namude.lt\/wp-content\/uploads\/2023\/11\/logo-symbol.svg","width":1,"height":1,"caption":"Namud\u0117"},"image":{"@id":"https:\/\/www.namude.lt\/#\/schema\/logo\/image\/"}}]}},"_links":{"self":[{"href":"https:\/\/www.namude.lt\/ru\/wp-json\/wp\/v2\/product\/3193","targetHints":{"allow":["GET"]}}],"collection":[{"href":"https:\/\/www.namude.lt\/ru\/wp-json\/wp\/v2\/product"}],"about":[{"href":"https:\/\/www.namude.lt\/ru\/wp-json\/wp\/v2\/types\/product"}],"wp:featuredmedia":[{"embeddable":true,"href":"https:\/\/www.namude.lt\/ru\/wp-json\/wp\/v2\/media\/3194"}],"wp:attachment":[{"href":"https:\/\/www.namude.lt\/ru\/wp-json\/wp\/v2\/media?parent=3193"}],"wp:term":[{"taxonomy":"product_brand","embeddable":true,"href":"https:\/\/www.namude.lt\/ru\/wp-json\/wp\/v2\/product_brand?post=3193"},{"taxonomy":"product_cat","embeddable":true,"href":"https:\/\/www.namude.lt\/ru\/wp-json\/wp\/v2\/product_cat?post=3193"},{"taxonomy":"product_tag","embeddable":true,"href":"https:\/\/www.namude.lt\/ru\/wp-json\/wp\/v2\/product_tag?post=3193"}],"curies":[{"name":"wp","href":"https:\/\/api.w.org\/{rel}","templated":true}]}}