{"id":2974,"date":"2024-01-22T16:14:57","date_gmt":"2024-01-22T14:14:57","guid":{"rendered":"https:\/\/www.namude.lt\/?post_type=product&#038;p=2974"},"modified":"2026-02-02T12:03:05","modified_gmt":"2026-02-02T10:03:05","slug":"zemes-sklypas-ant-kampuocio-ezero-kranto-zarasu-r","status":"publish","type":"product","link":"https:\/\/www.namude.lt\/ru\/\u043e\u0431\u044a\u0435\u043a\u0442\/zemes-sklypas-ant-kampuocio-ezero-kranto-zarasu-r\/","title":{"rendered":"\u017dEM\u0116S SKLYPAS ANT KAMPUO\u010cIO E\u017dERO KRANTO ZARAS\u0172 R"},"content":{"rendered":"","protected":false},"excerpt":{"rendered":"<p><strong>Parduodamas 0,84 ha \u017eem\u0117s <a href=\"https:\/\/www.namude.lt\/kategorija\/sklypai\/?filter_rajonas=zarasu-rajonas&amp;query_type_rajonas=or\">sklypas<\/a> yra ant Kampuo\u010dio e\u017eero kranto Kumpuo\u010di\u0173 k. <a href=\"https:\/\/www.namude.lt\/parduodami-nt-objektai\/?filter_rajonas=zarasu-rajonas&amp;query_type_rajonas=or\">Zaras\u0173 r<\/a>.<\/strong>\u00a0\u017dem\u0117s sklypas\u00a0<strong>65 m<\/strong>\u00a0ribojasi su Kampuo\u010dio e\u017eero krantu. Nuo kalvos atsiveria vaizdinga e\u017eero panorama. Jaukus kalvot\u0173 apylinki\u0173 peiza\u017eas, \u0161alimais yra mi\u0161kas. Elektros linija \u2013 u\u017e\u00a0<strong>300 m<\/strong>. Artimiausias miestelis Turmantas \u2013 u\u017e\u00a0<strong>2 km<\/strong>. Iki Zaras\u0173 \u2013\u00a0<strong>19 km<\/strong>, Visagino \u2013\u00a0<strong>24 km<\/strong>. Jauki bei rami vieta savo sodybos k\u016brimui.<\/p>\n<p>Sklypo koordinat\u0117s:<\/p>\n<p>Google maps: 55.705645, 26.446429<\/p>\n<p>Maps.lt: 55.705659, 26.446519<\/p>\n","protected":false},"featured_media":2975,"template":"","meta":{"_acf_changed":false},"product_brand":[],"product_cat":[24],"product_tag":[],"class_list":{"0":"post-2974","1":"product","2":"type-product","3":"status-publish","4":"has-post-thumbnail","6":"product_cat-sklypai","7":"pa_rajonas-zarasu-rajonas","8":"description-off","10":"first","11":"instock","12":"shipping-taxable","13":"purchasable","14":"product-type-simple"},"acf":[],"yoast_head":"<!-- This site is optimized with the Yoast SEO plugin v27.0 - https:\/\/yoast.com\/product\/yoast-seo-wordpress\/ -->\n<title>\u017dEM\u0116S SKLYPAS ANT KAMPUO\u010cIO E\u017dERO KRANTO ZARAS\u0172 R - Namud\u0117<\/title>\n<meta name=\"robots\" content=\"index, follow, max-snippet:-1, max-image-preview:large, max-video-preview:-1\" \/>\n<link rel=\"canonical\" href=\"https:\/\/www.namude.lt\/objektas\/zemes-sklypas-ant-kampuocio-ezero-kranto-zarasu-r\/\" \/>\n<meta property=\"og:locale\" content=\"ru_RU\" \/>\n<meta property=\"og:type\" content=\"article\" \/>\n<meta property=\"og:title\" content=\"\u017dEM\u0116S SKLYPAS ANT KAMPUO\u010cIO E\u017dERO KRANTO ZARAS\u0172 R - Namud\u0117\" \/>\n<meta property=\"og:description\" content=\"Parduodamas 0,84 ha \u017eem\u0117s sklypas yra ant Kampuo\u010dio e\u017eero kranto Kumpuo\u010di\u0173 k. Zaras\u0173 r.\u00a0\u017dem\u0117s sklypas\u00a065 m\u00a0ribojasi su Kampuo\u010dio e\u017eero krantu. Nuo kalvos atsiveria vaizdinga e\u017eero panorama. Jaukus kalvot\u0173 apylinki\u0173 peiza\u017eas, \u0161alimais yra mi\u0161kas. Elektros linija \u2013 u\u017e\u00a0300 m. Artimiausias miestelis Turmantas \u2013 u\u017e\u00a02 km. Iki Zaras\u0173 \u2013\u00a019 km, Visagino \u2013\u00a024 km. Jauki bei rami vieta savo sodybos k\u016brimui.  Sklypo koordinat\u0117s:  Google maps: 55.705645, 26.446429  Maps.lt: 55.705659, 26.446519\" \/>\n<meta property=\"og:url\" content=\"https:\/\/www.namude.lt\/objektas\/zemes-sklypas-ant-kampuocio-ezero-kranto-zarasu-r\/\" \/>\n<meta property=\"og:site_name\" content=\"Namud\u0117\" \/>\n<meta property=\"article:modified_time\" content=\"2026-02-02T10:03:05+00:00\" \/>\n<meta property=\"og:image\" content=\"https:\/\/www.namude.lt\/wp-content\/uploads\/2024\/01\/1-50.jpg\" \/>\n\t<meta property=\"og:image:width\" content=\"800\" \/>\n\t<meta property=\"og:image:height\" content=\"531\" \/>\n\t<meta property=\"og:image:type\" content=\"image\/jpeg\" \/>\n<meta name=\"twitter:card\" content=\"summary_large_image\" \/>\n<script type=\"application\/ld+json\" class=\"yoast-schema-graph\">{\"@context\":\"https:\/\/schema.org\",\"@graph\":[{\"@type\":\"WebPage\",\"@id\":\"https:\/\/www.namude.lt\/objektas\/zemes-sklypas-ant-kampuocio-ezero-kranto-zarasu-r\/\",\"url\":\"https:\/\/www.namude.lt\/objektas\/zemes-sklypas-ant-kampuocio-ezero-kranto-zarasu-r\/\",\"name\":\"\u017dEM\u0116S SKLYPAS ANT KAMPUO\u010cIO E\u017dERO KRANTO ZARAS\u0172 R - Namud\u0117\",\"isPartOf\":{\"@id\":\"https:\/\/www.namude.lt\/#website\"},\"primaryImageOfPage\":{\"@id\":\"https:\/\/www.namude.lt\/objektas\/zemes-sklypas-ant-kampuocio-ezero-kranto-zarasu-r\/#primaryimage\"},\"image\":{\"@id\":\"https:\/\/www.namude.lt\/objektas\/zemes-sklypas-ant-kampuocio-ezero-kranto-zarasu-r\/#primaryimage\"},\"thumbnailUrl\":\"https:\/\/www.namude.lt\/wp-content\/uploads\/2024\/01\/1-50.jpg\",\"datePublished\":\"2024-01-22T14:14:57+00:00\",\"dateModified\":\"2026-02-02T10:03:05+00:00\",\"breadcrumb\":{\"@id\":\"https:\/\/www.namude.lt\/objektas\/zemes-sklypas-ant-kampuocio-ezero-kranto-zarasu-r\/#breadcrumb\"},\"inLanguage\":\"ru-RU\",\"potentialAction\":[{\"@type\":\"ReadAction\",\"target\":[\"https:\/\/www.namude.lt\/objektas\/zemes-sklypas-ant-kampuocio-ezero-kranto-zarasu-r\/\"]}]},{\"@type\":\"ImageObject\",\"inLanguage\":\"ru-RU\",\"@id\":\"https:\/\/www.namude.lt\/objektas\/zemes-sklypas-ant-kampuocio-ezero-kranto-zarasu-r\/#primaryimage\",\"url\":\"https:\/\/www.namude.lt\/wp-content\/uploads\/2024\/01\/1-50.jpg\",\"contentUrl\":\"https:\/\/www.namude.lt\/wp-content\/uploads\/2024\/01\/1-50.jpg\",\"width\":800,\"height\":531},{\"@type\":\"BreadcrumbList\",\"@id\":\"https:\/\/www.namude.lt\/objektas\/zemes-sklypas-ant-kampuocio-ezero-kranto-zarasu-r\/#breadcrumb\",\"itemListElement\":[{\"@type\":\"ListItem\",\"position\":1,\"name\":\"Home\",\"item\":\"https:\/\/www.namude.lt\/ru\/\"},{\"@type\":\"ListItem\",\"position\":2,\"name\":\"\u041e\u0431\u044a\u0435\u043a\u0442\u044b\",\"item\":\"https:\/\/www.namude.lt\/ru\/%d0%be%d0%b1%d1%8a%d0%b5%d0%ba%d1%82%d1%8b\/\"},{\"@type\":\"ListItem\",\"position\":3,\"name\":\"\u017dEM\u0116S SKLYPAS ANT KAMPUO\u010cIO E\u017dERO KRANTO ZARAS\u0172 R\"}]},{\"@type\":\"WebSite\",\"@id\":\"https:\/\/www.namude.lt\/#website\",\"url\":\"https:\/\/www.namude.lt\/\",\"name\":\"Namud\u0117\",\"description\":\"\u201eNamud\u0117\u201c \u2013 agent\u016bra, pardavin\u0117janti Auk\u0161taitijos NT grynuolius.\",\"publisher\":{\"@id\":\"https:\/\/www.namude.lt\/#organization\"},\"potentialAction\":[{\"@type\":\"SearchAction\",\"target\":{\"@type\":\"EntryPoint\",\"urlTemplate\":\"https:\/\/www.namude.lt\/?s={search_term_string}\"},\"query-input\":{\"@type\":\"PropertyValueSpecification\",\"valueRequired\":true,\"valueName\":\"search_term_string\"}}],\"inLanguage\":\"ru-RU\"},{\"@type\":\"Organization\",\"@id\":\"https:\/\/www.namude.lt\/#organization\",\"name\":\"Namud\u0117\",\"url\":\"https:\/\/www.namude.lt\/\",\"logo\":{\"@type\":\"ImageObject\",\"inLanguage\":\"ru-RU\",\"@id\":\"https:\/\/www.namude.lt\/#\/schema\/logo\/image\/\",\"url\":\"https:\/\/www.namude.lt\/wp-content\/uploads\/2023\/11\/logo-symbol.svg\",\"contentUrl\":\"https:\/\/www.namude.lt\/wp-content\/uploads\/2023\/11\/logo-symbol.svg\",\"width\":1,\"height\":1,\"caption\":\"Namud\u0117\"},\"image\":{\"@id\":\"https:\/\/www.namude.lt\/#\/schema\/logo\/image\/\"}}]}<\/script>\n<!-- \/ Yoast SEO plugin. -->","yoast_head_json":{"title":"\u017dEM\u0116S SKLYPAS ANT KAMPUO\u010cIO E\u017dERO KRANTO ZARAS\u0172 R - Namud\u0117","robots":{"index":"index","follow":"follow","max-snippet":"max-snippet:-1","max-image-preview":"max-image-preview:large","max-video-preview":"max-video-preview:-1"},"canonical":"https:\/\/www.namude.lt\/objektas\/zemes-sklypas-ant-kampuocio-ezero-kranto-zarasu-r\/","og_locale":"ru_RU","og_type":"article","og_title":"\u017dEM\u0116S SKLYPAS ANT KAMPUO\u010cIO E\u017dERO KRANTO ZARAS\u0172 R - Namud\u0117","og_description":"Parduodamas 0,84 ha \u017eem\u0117s sklypas yra ant Kampuo\u010dio e\u017eero kranto Kumpuo\u010di\u0173 k. Zaras\u0173 r.\u00a0\u017dem\u0117s sklypas\u00a065 m\u00a0ribojasi su Kampuo\u010dio e\u017eero krantu. Nuo kalvos atsiveria vaizdinga e\u017eero panorama. Jaukus kalvot\u0173 apylinki\u0173 peiza\u017eas, \u0161alimais yra mi\u0161kas. Elektros linija \u2013 u\u017e\u00a0300 m. Artimiausias miestelis Turmantas \u2013 u\u017e\u00a02 km. Iki Zaras\u0173 \u2013\u00a019 km, Visagino \u2013\u00a024 km. Jauki bei rami vieta savo sodybos k\u016brimui.  Sklypo koordinat\u0117s:  Google maps: 55.705645, 26.446429  Maps.lt: 55.705659, 26.446519","og_url":"https:\/\/www.namude.lt\/objektas\/zemes-sklypas-ant-kampuocio-ezero-kranto-zarasu-r\/","og_site_name":"Namud\u0117","article_modified_time":"2026-02-02T10:03:05+00:00","og_image":[{"width":800,"height":531,"url":"https:\/\/www.namude.lt\/wp-content\/uploads\/2024\/01\/1-50.jpg","type":"image\/jpeg"}],"twitter_card":"summary_large_image","schema":{"@context":"https:\/\/schema.org","@graph":[{"@type":"WebPage","@id":"https:\/\/www.namude.lt\/objektas\/zemes-sklypas-ant-kampuocio-ezero-kranto-zarasu-r\/","url":"https:\/\/www.namude.lt\/objektas\/zemes-sklypas-ant-kampuocio-ezero-kranto-zarasu-r\/","name":"\u017dEM\u0116S SKLYPAS ANT KAMPUO\u010cIO E\u017dERO KRANTO ZARAS\u0172 R - Namud\u0117","isPartOf":{"@id":"https:\/\/www.namude.lt\/#website"},"primaryImageOfPage":{"@id":"https:\/\/www.namude.lt\/objektas\/zemes-sklypas-ant-kampuocio-ezero-kranto-zarasu-r\/#primaryimage"},"image":{"@id":"https:\/\/www.namude.lt\/objektas\/zemes-sklypas-ant-kampuocio-ezero-kranto-zarasu-r\/#primaryimage"},"thumbnailUrl":"https:\/\/www.namude.lt\/wp-content\/uploads\/2024\/01\/1-50.jpg","datePublished":"2024-01-22T14:14:57+00:00","dateModified":"2026-02-02T10:03:05+00:00","breadcrumb":{"@id":"https:\/\/www.namude.lt\/objektas\/zemes-sklypas-ant-kampuocio-ezero-kranto-zarasu-r\/#breadcrumb"},"inLanguage":"ru-RU","potentialAction":[{"@type":"ReadAction","target":["https:\/\/www.namude.lt\/objektas\/zemes-sklypas-ant-kampuocio-ezero-kranto-zarasu-r\/"]}]},{"@type":"ImageObject","inLanguage":"ru-RU","@id":"https:\/\/www.namude.lt\/objektas\/zemes-sklypas-ant-kampuocio-ezero-kranto-zarasu-r\/#primaryimage","url":"https:\/\/www.namude.lt\/wp-content\/uploads\/2024\/01\/1-50.jpg","contentUrl":"https:\/\/www.namude.lt\/wp-content\/uploads\/2024\/01\/1-50.jpg","width":800,"height":531},{"@type":"BreadcrumbList","@id":"https:\/\/www.namude.lt\/objektas\/zemes-sklypas-ant-kampuocio-ezero-kranto-zarasu-r\/#breadcrumb","itemListElement":[{"@type":"ListItem","position":1,"name":"Home","item":"https:\/\/www.namude.lt\/ru\/"},{"@type":"ListItem","position":2,"name":"\u041e\u0431\u044a\u0435\u043a\u0442\u044b","item":"https:\/\/www.namude.lt\/ru\/%d0%be%d0%b1%d1%8a%d0%b5%d0%ba%d1%82%d1%8b\/"},{"@type":"ListItem","position":3,"name":"\u017dEM\u0116S SKLYPAS ANT KAMPUO\u010cIO E\u017dERO KRANTO ZARAS\u0172 R"}]},{"@type":"WebSite","@id":"https:\/\/www.namude.lt\/#website","url":"https:\/\/www.namude.lt\/","name":"Namud\u0117","description":"\u201eNamud\u0117\u201c \u2013 agent\u016bra, pardavin\u0117janti Auk\u0161taitijos NT grynuolius.","publisher":{"@id":"https:\/\/www.namude.lt\/#organization"},"potentialAction":[{"@type":"SearchAction","target":{"@type":"EntryPoint","urlTemplate":"https:\/\/www.namude.lt\/?s={search_term_string}"},"query-input":{"@type":"PropertyValueSpecification","valueRequired":true,"valueName":"search_term_string"}}],"inLanguage":"ru-RU"},{"@type":"Organization","@id":"https:\/\/www.namude.lt\/#organization","name":"Namud\u0117","url":"https:\/\/www.namude.lt\/","logo":{"@type":"ImageObject","inLanguage":"ru-RU","@id":"https:\/\/www.namude.lt\/#\/schema\/logo\/image\/","url":"https:\/\/www.namude.lt\/wp-content\/uploads\/2023\/11\/logo-symbol.svg","contentUrl":"https:\/\/www.namude.lt\/wp-content\/uploads\/2023\/11\/logo-symbol.svg","width":1,"height":1,"caption":"Namud\u0117"},"image":{"@id":"https:\/\/www.namude.lt\/#\/schema\/logo\/image\/"}}]}},"_links":{"self":[{"href":"https:\/\/www.namude.lt\/ru\/wp-json\/wp\/v2\/product\/2974","targetHints":{"allow":["GET"]}}],"collection":[{"href":"https:\/\/www.namude.lt\/ru\/wp-json\/wp\/v2\/product"}],"about":[{"href":"https:\/\/www.namude.lt\/ru\/wp-json\/wp\/v2\/types\/product"}],"wp:featuredmedia":[{"embeddable":true,"href":"https:\/\/www.namude.lt\/ru\/wp-json\/wp\/v2\/media\/2975"}],"wp:attachment":[{"href":"https:\/\/www.namude.lt\/ru\/wp-json\/wp\/v2\/media?parent=2974"}],"wp:term":[{"taxonomy":"product_brand","embeddable":true,"href":"https:\/\/www.namude.lt\/ru\/wp-json\/wp\/v2\/product_brand?post=2974"},{"taxonomy":"product_cat","embeddable":true,"href":"https:\/\/www.namude.lt\/ru\/wp-json\/wp\/v2\/product_cat?post=2974"},{"taxonomy":"product_tag","embeddable":true,"href":"https:\/\/www.namude.lt\/ru\/wp-json\/wp\/v2\/product_tag?post=2974"}],"curies":[{"name":"wp","href":"https:\/\/api.w.org\/{rel}","templated":true}]}}