{"id":26882,"date":"2026-05-11T16:19:54","date_gmt":"2026-05-11T13:19:54","guid":{"rendered":"https:\/\/www.namude.lt\/?post_type=product&#038;p=26882"},"modified":"2026-05-11T16:19:54","modified_gmt":"2026-05-11T13:19:54","slug":"parduodamas-namas-debeikiuose-anyksciu-rajone","status":"publish","type":"product","link":"https:\/\/www.namude.lt\/ru\/\u043e\u0431\u044a\u0435\u043a\u0442\/parduodamas-namas-debeikiuose-anyksciu-rajone\/","title":{"rendered":"PARDUODAMAS NAMAS DEBEIKIUOSE, ANYK\u0160\u010cI\u0172 RAJONE"},"content":{"rendered":"","protected":false},"excerpt":{"rendered":"<p>Ie\u0161kote vietos, kur galima pab\u0117gti nuo miesto \u0161urmulio, m\u0117gautis gamta, tyla ir tikru lietuvi\u0161ko miestelio jaukumu? \u0160is namas Debeikiuose \u2013 puikus pasirinkimas tiek nuolatiniam gyvenimui, tiek savaitgalio poilsiui ar investicijai.<br \/>\nDebeikiai \u2013 tvarkingas, jaukus ir \u017ealias miestelis Anyk\u0161\u010di\u0173 rajone, apsuptas kalvot\u0173 apylinki\u0173 ir nuostabios Auk\u0161taitijos gamtos. \u010cia rasite tai, ko vis labiau tr\u016bksta \u0161iandien \u2013  privatum\u0105 ir l\u0117tesn\u012f gyvenimo ritm\u0105.<br \/>\nMiestelyje veikia parduotuv\u0117, mokykla, medicinos punktas, kult\u016bros centras, biblioteka, pa\u0161tas. Netoliese \u2013 e\u017eerai, mi\u0161kai, puikios vietos poilsiui, \u017evejybai, pasivaik\u0161\u010diojimams ar aktyviam laisvalaikiui. Tai vieta tiems, kurie vertina tikrum\u0105, gamt\u0105 ir gyvenimo kokyb\u0119.<br \/>\nPRIVALUMAI<br \/>\n\u2013 Medinisapm\u016britas namas, bendras plotas 68 kv.m. 3 \u0161vies\u016bs ir jauk\u016bs kambariai, virtuv\u0117.<br \/>\n\u2013 \u0160ildymas kietu kuro pe\u010diais;<br \/>\n\u2013 27a. sklypas<br \/>\n\u2013 \u016akiniai pastatai &#8212; dar\u017ein\u0117, tvartas, malkin\u0117, viralin\u0117, gara\u017eas, pirtis, lauko tualetas,  \u0161ulinys.<br \/>\n\u2013 Puikus susisiekimas iki Utenos, tik 28 km, ir Anyk\u0161\u010diais, tik 18km.<br \/>\n\u2013 Netoliese esantys e\u017eerai: Lip\u0161ys \u2013 4km, Rubiki\u0173 e\u017eeras \u2013 7km.<\/p>\n","protected":false},"featured_media":26883,"template":"","meta":{"_acf_changed":false},"product_brand":[],"product_cat":[26],"product_tag":[],"class_list":{"0":"post-26882","1":"product","2":"type-product","3":"status-publish","4":"has-post-thumbnail","6":"product_cat-namai","7":"pa_rajonas-anyksciu-rajonas","8":"description-off","10":"first","11":"instock","12":"shipping-taxable","13":"purchasable","14":"product-type-simple"},"acf":[],"yoast_head":"<!-- This site is optimized with the Yoast SEO plugin v27.4 - https:\/\/yoast.com\/product\/yoast-seo-wordpress\/ -->\n<title>PARDUODAMAS NAMAS DEBEIKIUOSE, ANYK\u0160\u010cI\u0172 RAJONE - Namud\u0117<\/title>\n<meta name=\"robots\" content=\"index, follow, max-snippet:-1, max-image-preview:large, max-video-preview:-1\" \/>\n<link rel=\"canonical\" href=\"https:\/\/www.namude.lt\/objektas\/parduodamas-namas-debeikiuose-anyksciu-rajone\/\" \/>\n<meta property=\"og:locale\" content=\"ru_RU\" \/>\n<meta property=\"og:type\" content=\"article\" \/>\n<meta property=\"og:title\" content=\"PARDUODAMAS NAMAS DEBEIKIUOSE, ANYK\u0160\u010cI\u0172 RAJONE - Namud\u0117\" \/>\n<meta property=\"og:description\" content=\"Ie\u0161kote vietos, kur galima pab\u0117gti nuo miesto \u0161urmulio, m\u0117gautis gamta, tyla ir tikru lietuvi\u0161ko miestelio jaukumu? \u0160is namas Debeikiuose \u2013 puikus pasirinkimas tiek nuolatiniam gyvenimui, tiek savaitgalio poilsiui ar investicijai. Debeikiai \u2013 tvarkingas, jaukus ir \u017ealias miestelis Anyk\u0161\u010di\u0173 rajone, apsuptas kalvot\u0173 apylinki\u0173 ir nuostabios Auk\u0161taitijos gamtos. \u010cia rasite tai, ko vis labiau tr\u016bksta \u0161iandien \u2013 privatum\u0105 ir l\u0117tesn\u012f gyvenimo ritm\u0105. Miestelyje veikia parduotuv\u0117, mokykla, medicinos punktas, kult\u016bros centras, biblioteka, pa\u0161tas. Netoliese \u2013 e\u017eerai, mi\u0161kai, puikios vietos poilsiui, \u017evejybai, pasivaik\u0161\u010diojimams ar aktyviam laisvalaikiui. Tai vieta tiems, kurie vertina tikrum\u0105, gamt\u0105 ir gyvenimo kokyb\u0119. PRIVALUMAI \u2013 Medinisapm\u016britas namas, bendras plotas 68 kv.m. 3 \u0161vies\u016bs ir jauk\u016bs kambariai, virtuv\u0117. \u2013 \u0160ildymas kietu kuro pe\u010diais; \u2013 27a. sklypas \u2013 \u016akiniai pastatai - dar\u017ein\u0117, tvartas, malkin\u0117, viralin\u0117, gara\u017eas, pirtis, lauko tualetas, \u0161ulinys. \u2013 Puikus susisiekimas iki Utenos, tik 28 km, ir Anyk\u0161\u010diais, tik 18km. \u2013 Netoliese esantys e\u017eerai: Lip\u0161ys \u2013 4km, Rubiki\u0173 e\u017eeras \u2013 7km.\" \/>\n<meta property=\"og:url\" content=\"https:\/\/www.namude.lt\/objektas\/parduodamas-namas-debeikiuose-anyksciu-rajone\/\" \/>\n<meta property=\"og:site_name\" content=\"Namud\u0117\" \/>\n<meta property=\"og:image\" content=\"https:\/\/www.namude.lt\/wp-content\/uploads\/2026\/05\/1-2.jpg\" \/>\n\t<meta property=\"og:image:width\" content=\"2400\" \/>\n\t<meta property=\"og:image:height\" content=\"1800\" \/>\n\t<meta property=\"og:image:type\" content=\"image\/jpeg\" \/>\n<meta name=\"twitter:card\" content=\"summary_large_image\" \/>\n<script type=\"application\/ld+json\" class=\"yoast-schema-graph\">{\"@context\":\"https:\\\/\\\/schema.org\",\"@graph\":[{\"@type\":\"WebPage\",\"@id\":\"https:\\\/\\\/www.namude.lt\\\/objektas\\\/parduodamas-namas-debeikiuose-anyksciu-rajone\\\/\",\"url\":\"https:\\\/\\\/www.namude.lt\\\/objektas\\\/parduodamas-namas-debeikiuose-anyksciu-rajone\\\/\",\"name\":\"PARDUODAMAS NAMAS DEBEIKIUOSE, ANYK\u0160\u010cI\u0172 RAJONE - Namud\u0117\",\"isPartOf\":{\"@id\":\"https:\\\/\\\/www.namude.lt\\\/#website\"},\"primaryImageOfPage\":{\"@id\":\"https:\\\/\\\/www.namude.lt\\\/objektas\\\/parduodamas-namas-debeikiuose-anyksciu-rajone\\\/#primaryimage\"},\"image\":{\"@id\":\"https:\\\/\\\/www.namude.lt\\\/objektas\\\/parduodamas-namas-debeikiuose-anyksciu-rajone\\\/#primaryimage\"},\"thumbnailUrl\":\"https:\\\/\\\/www.namude.lt\\\/wp-content\\\/uploads\\\/2026\\\/05\\\/1-2.jpg\",\"datePublished\":\"2026-05-11T13:19:54+00:00\",\"breadcrumb\":{\"@id\":\"https:\\\/\\\/www.namude.lt\\\/objektas\\\/parduodamas-namas-debeikiuose-anyksciu-rajone\\\/#breadcrumb\"},\"inLanguage\":\"ru-RU\",\"potentialAction\":[{\"@type\":\"ReadAction\",\"target\":[\"https:\\\/\\\/www.namude.lt\\\/objektas\\\/parduodamas-namas-debeikiuose-anyksciu-rajone\\\/\"]}]},{\"@type\":\"ImageObject\",\"inLanguage\":\"ru-RU\",\"@id\":\"https:\\\/\\\/www.namude.lt\\\/objektas\\\/parduodamas-namas-debeikiuose-anyksciu-rajone\\\/#primaryimage\",\"url\":\"https:\\\/\\\/www.namude.lt\\\/wp-content\\\/uploads\\\/2026\\\/05\\\/1-2.jpg\",\"contentUrl\":\"https:\\\/\\\/www.namude.lt\\\/wp-content\\\/uploads\\\/2026\\\/05\\\/1-2.jpg\",\"width\":2400,\"height\":1800},{\"@type\":\"BreadcrumbList\",\"@id\":\"https:\\\/\\\/www.namude.lt\\\/objektas\\\/parduodamas-namas-debeikiuose-anyksciu-rajone\\\/#breadcrumb\",\"itemListElement\":[{\"@type\":\"ListItem\",\"position\":1,\"name\":\"Home\",\"item\":\"https:\\\/\\\/www.namude.lt\\\/ru\\\/\"},{\"@type\":\"ListItem\",\"position\":2,\"name\":\"\u041e\u0431\u044a\u0435\u043a\u0442\u044b\",\"item\":\"https:\\\/\\\/www.namude.lt\\\/ru\\\/%d0%be%d0%b1%d1%8a%d0%b5%d0%ba%d1%82%d1%8b\\\/\"},{\"@type\":\"ListItem\",\"position\":3,\"name\":\"PARDUODAMAS NAMAS DEBEIKIUOSE, ANYK\u0160\u010cI\u0172 RAJONE\"}]},{\"@type\":\"WebSite\",\"@id\":\"https:\\\/\\\/www.namude.lt\\\/#website\",\"url\":\"https:\\\/\\\/www.namude.lt\\\/\",\"name\":\"Namud\u0117\",\"description\":\"\u201eNamud\u0117\u201c \u2013 agent\u016bra, pardavin\u0117janti Auk\u0161taitijos NT grynuolius.\",\"publisher\":{\"@id\":\"https:\\\/\\\/www.namude.lt\\\/#organization\"},\"potentialAction\":[{\"@type\":\"SearchAction\",\"target\":{\"@type\":\"EntryPoint\",\"urlTemplate\":\"https:\\\/\\\/www.namude.lt\\\/?s={search_term_string}\"},\"query-input\":{\"@type\":\"PropertyValueSpecification\",\"valueRequired\":true,\"valueName\":\"search_term_string\"}}],\"inLanguage\":\"ru-RU\"},{\"@type\":\"Organization\",\"@id\":\"https:\\\/\\\/www.namude.lt\\\/#organization\",\"name\":\"Namud\u0117\",\"url\":\"https:\\\/\\\/www.namude.lt\\\/\",\"logo\":{\"@type\":\"ImageObject\",\"inLanguage\":\"ru-RU\",\"@id\":\"https:\\\/\\\/www.namude.lt\\\/#\\\/schema\\\/logo\\\/image\\\/\",\"url\":\"https:\\\/\\\/www.namude.lt\\\/wp-content\\\/uploads\\\/2023\\\/11\\\/logo-symbol.svg\",\"contentUrl\":\"https:\\\/\\\/www.namude.lt\\\/wp-content\\\/uploads\\\/2023\\\/11\\\/logo-symbol.svg\",\"width\":1,\"height\":1,\"caption\":\"Namud\u0117\"},\"image\":{\"@id\":\"https:\\\/\\\/www.namude.lt\\\/#\\\/schema\\\/logo\\\/image\\\/\"}}]}<\/script>\n<!-- \/ Yoast SEO plugin. -->","yoast_head_json":{"title":"PARDUODAMAS NAMAS DEBEIKIUOSE, ANYK\u0160\u010cI\u0172 RAJONE - Namud\u0117","robots":{"index":"index","follow":"follow","max-snippet":"max-snippet:-1","max-image-preview":"max-image-preview:large","max-video-preview":"max-video-preview:-1"},"canonical":"https:\/\/www.namude.lt\/objektas\/parduodamas-namas-debeikiuose-anyksciu-rajone\/","og_locale":"ru_RU","og_type":"article","og_title":"PARDUODAMAS NAMAS DEBEIKIUOSE, ANYK\u0160\u010cI\u0172 RAJONE - Namud\u0117","og_description":"Ie\u0161kote vietos, kur galima pab\u0117gti nuo miesto \u0161urmulio, m\u0117gautis gamta, tyla ir tikru lietuvi\u0161ko miestelio jaukumu? \u0160is namas Debeikiuose \u2013 puikus pasirinkimas tiek nuolatiniam gyvenimui, tiek savaitgalio poilsiui ar investicijai. Debeikiai \u2013 tvarkingas, jaukus ir \u017ealias miestelis Anyk\u0161\u010di\u0173 rajone, apsuptas kalvot\u0173 apylinki\u0173 ir nuostabios Auk\u0161taitijos gamtos. \u010cia rasite tai, ko vis labiau tr\u016bksta \u0161iandien \u2013 privatum\u0105 ir l\u0117tesn\u012f gyvenimo ritm\u0105. Miestelyje veikia parduotuv\u0117, mokykla, medicinos punktas, kult\u016bros centras, biblioteka, pa\u0161tas. Netoliese \u2013 e\u017eerai, mi\u0161kai, puikios vietos poilsiui, \u017evejybai, pasivaik\u0161\u010diojimams ar aktyviam laisvalaikiui. Tai vieta tiems, kurie vertina tikrum\u0105, gamt\u0105 ir gyvenimo kokyb\u0119. PRIVALUMAI \u2013 Medinisapm\u016britas namas, bendras plotas 68 kv.m. 3 \u0161vies\u016bs ir jauk\u016bs kambariai, virtuv\u0117. \u2013 \u0160ildymas kietu kuro pe\u010diais; \u2013 27a. sklypas \u2013 \u016akiniai pastatai - dar\u017ein\u0117, tvartas, malkin\u0117, viralin\u0117, gara\u017eas, pirtis, lauko tualetas, \u0161ulinys. \u2013 Puikus susisiekimas iki Utenos, tik 28 km, ir Anyk\u0161\u010diais, tik 18km. \u2013 Netoliese esantys e\u017eerai: Lip\u0161ys \u2013 4km, Rubiki\u0173 e\u017eeras \u2013 7km.","og_url":"https:\/\/www.namude.lt\/objektas\/parduodamas-namas-debeikiuose-anyksciu-rajone\/","og_site_name":"Namud\u0117","og_image":[{"width":2400,"height":1800,"url":"https:\/\/www.namude.lt\/wp-content\/uploads\/2026\/05\/1-2.jpg","type":"image\/jpeg"}],"twitter_card":"summary_large_image","schema":{"@context":"https:\/\/schema.org","@graph":[{"@type":"WebPage","@id":"https:\/\/www.namude.lt\/objektas\/parduodamas-namas-debeikiuose-anyksciu-rajone\/","url":"https:\/\/www.namude.lt\/objektas\/parduodamas-namas-debeikiuose-anyksciu-rajone\/","name":"PARDUODAMAS NAMAS DEBEIKIUOSE, ANYK\u0160\u010cI\u0172 RAJONE - Namud\u0117","isPartOf":{"@id":"https:\/\/www.namude.lt\/#website"},"primaryImageOfPage":{"@id":"https:\/\/www.namude.lt\/objektas\/parduodamas-namas-debeikiuose-anyksciu-rajone\/#primaryimage"},"image":{"@id":"https:\/\/www.namude.lt\/objektas\/parduodamas-namas-debeikiuose-anyksciu-rajone\/#primaryimage"},"thumbnailUrl":"https:\/\/www.namude.lt\/wp-content\/uploads\/2026\/05\/1-2.jpg","datePublished":"2026-05-11T13:19:54+00:00","breadcrumb":{"@id":"https:\/\/www.namude.lt\/objektas\/parduodamas-namas-debeikiuose-anyksciu-rajone\/#breadcrumb"},"inLanguage":"ru-RU","potentialAction":[{"@type":"ReadAction","target":["https:\/\/www.namude.lt\/objektas\/parduodamas-namas-debeikiuose-anyksciu-rajone\/"]}]},{"@type":"ImageObject","inLanguage":"ru-RU","@id":"https:\/\/www.namude.lt\/objektas\/parduodamas-namas-debeikiuose-anyksciu-rajone\/#primaryimage","url":"https:\/\/www.namude.lt\/wp-content\/uploads\/2026\/05\/1-2.jpg","contentUrl":"https:\/\/www.namude.lt\/wp-content\/uploads\/2026\/05\/1-2.jpg","width":2400,"height":1800},{"@type":"BreadcrumbList","@id":"https:\/\/www.namude.lt\/objektas\/parduodamas-namas-debeikiuose-anyksciu-rajone\/#breadcrumb","itemListElement":[{"@type":"ListItem","position":1,"name":"Home","item":"https:\/\/www.namude.lt\/ru\/"},{"@type":"ListItem","position":2,"name":"\u041e\u0431\u044a\u0435\u043a\u0442\u044b","item":"https:\/\/www.namude.lt\/ru\/%d0%be%d0%b1%d1%8a%d0%b5%d0%ba%d1%82%d1%8b\/"},{"@type":"ListItem","position":3,"name":"PARDUODAMAS NAMAS DEBEIKIUOSE, ANYK\u0160\u010cI\u0172 RAJONE"}]},{"@type":"WebSite","@id":"https:\/\/www.namude.lt\/#website","url":"https:\/\/www.namude.lt\/","name":"Namud\u0117","description":"\u201eNamud\u0117\u201c \u2013 agent\u016bra, pardavin\u0117janti Auk\u0161taitijos NT grynuolius.","publisher":{"@id":"https:\/\/www.namude.lt\/#organization"},"potentialAction":[{"@type":"SearchAction","target":{"@type":"EntryPoint","urlTemplate":"https:\/\/www.namude.lt\/?s={search_term_string}"},"query-input":{"@type":"PropertyValueSpecification","valueRequired":true,"valueName":"search_term_string"}}],"inLanguage":"ru-RU"},{"@type":"Organization","@id":"https:\/\/www.namude.lt\/#organization","name":"Namud\u0117","url":"https:\/\/www.namude.lt\/","logo":{"@type":"ImageObject","inLanguage":"ru-RU","@id":"https:\/\/www.namude.lt\/#\/schema\/logo\/image\/","url":"https:\/\/www.namude.lt\/wp-content\/uploads\/2023\/11\/logo-symbol.svg","contentUrl":"https:\/\/www.namude.lt\/wp-content\/uploads\/2023\/11\/logo-symbol.svg","width":1,"height":1,"caption":"Namud\u0117"},"image":{"@id":"https:\/\/www.namude.lt\/#\/schema\/logo\/image\/"}}]}},"_links":{"self":[{"href":"https:\/\/www.namude.lt\/ru\/wp-json\/wp\/v2\/product\/26882","targetHints":{"allow":["GET"]}}],"collection":[{"href":"https:\/\/www.namude.lt\/ru\/wp-json\/wp\/v2\/product"}],"about":[{"href":"https:\/\/www.namude.lt\/ru\/wp-json\/wp\/v2\/types\/product"}],"wp:featuredmedia":[{"embeddable":true,"href":"https:\/\/www.namude.lt\/ru\/wp-json\/wp\/v2\/media\/26883"}],"wp:attachment":[{"href":"https:\/\/www.namude.lt\/ru\/wp-json\/wp\/v2\/media?parent=26882"}],"wp:term":[{"taxonomy":"product_brand","embeddable":true,"href":"https:\/\/www.namude.lt\/ru\/wp-json\/wp\/v2\/product_brand?post=26882"},{"taxonomy":"product_cat","embeddable":true,"href":"https:\/\/www.namude.lt\/ru\/wp-json\/wp\/v2\/product_cat?post=26882"},{"taxonomy":"product_tag","embeddable":true,"href":"https:\/\/www.namude.lt\/ru\/wp-json\/wp\/v2\/product_tag?post=26882"}],"curies":[{"name":"wp","href":"https:\/\/api.w.org\/{rel}","templated":true}]}}