{"id":26818,"date":"2026-05-07T16:19:20","date_gmt":"2026-05-07T13:19:20","guid":{"rendered":"https:\/\/www.namude.lt\/?post_type=product&#038;p=26818"},"modified":"2026-05-12T09:30:40","modified_gmt":"2026-05-12T06:30:40","slug":"parduodama-rastine-sodyba-su-tvenkiniu-birzu-rajone-sukioniu-kaime","status":"publish","type":"product","link":"https:\/\/www.namude.lt\/ru\/\u043e\u0431\u044a\u0435\u043a\u0442\/parduodama-rastine-sodyba-su-tvenkiniu-birzu-rajone-sukioniu-kaime\/","title":{"rendered":"PARDUODAMA R\u0104STIN\u0116 SODYBA SU TVENKINIU BIR\u017d\u0172 RAJONE, \u0160UKIONI\u0172 KAIME!"},"content":{"rendered":"","protected":false},"excerpt":{"rendered":"<p><strong>Sodyba \u012fsik\u016brusi ramioje Bir\u017e\u0173 rajono vietov\u0117je, gars\u0117jan\u010dioje gra\u017eia gamta, e\u017eerais bei jaukiais miesteliais.<\/strong><a href=\"https:\/\/www.namude.lt\/kategorija\/sodybos\/?filter_rajonas=kiti-rajonai&#038;query_type_rajonas=or\"><\/a> Netoliese esantis Vabalninkas suteikia visas svarbiausias kasdienes paslaugas \u2013 parduotuves, mokykl\u0105, gydymo \u012fstaigas ir kit\u0105 infrastrukt\u016br\u0105.<br \/>\n\u0160i sodyba Bir\u017e\u0173 rajone \u2013 puikus pasirinkimas tiek nuolatiniam gyvenimui, tiek poilsiui gamtos<br \/>\napsuptyje. Tvarkinga aplinka, \u017ealiuojantis sklypas ir gausus sodas suteikia jaukumo bei privatumo poj\u016bt\u012f nuo pirmos akimirkos.<br \/>\nSodybos teritorijoje gausu \u012fvairi\u0173 vaismed\u017ei\u0173 ir vaiskr\u016bmi\u0173 \u2013 auga obelys, slyvos, vy\u0161nios, serbentai bei kiti augalai, tod\u0117l kiekvienas met\u0173 laikas \u010dia d\u017eiugins savo derliumi ir nat\u016braliu gro\u017eiu. Erdviame 0,40 ha sklype taip pat yra tvenkinys, vietos dar\u017eui, poilsio zonai ar nedideliam \u016bkiui. Tai puiki vieta \u017emon\u0117ms, vertinantiems savaranki\u0161k\u0105 gyvenimo b\u016bd\u0105, gamt\u0105 ir ramyb\u0119.<\/p>\n<p>PRIVALUMAI:<br \/>\n\u2013 R\u0105stinis namas 78,65 kv. m. (2 dideli erdv\u016bs kambariai, virtuv\u0117, vonios ir tualeto patalpa, veranda)<br \/>\n\u2013 \u0160ildymas krosninis ir oras oras.<br \/>\n\u2013 Kiti pastatai: (tvartas, dar\u017ein\u0117, gara\u017eas, viralin\u0117, malkin\u0117, kiti statiniai, \u016bkiniame pastate yra \u012frengta patalpos pauk\u0161\u010di\u0173 auginimui );<br \/>\n\u2013 0,40ha sklypas (sklypas \u017ealiuojantis, gausu vaismed\u017ei\u0173, ir vaiskr\u016bmi\u0173 vieta dar\u017eui, galimyb\u0117 auginti gyvulius yra tvenkinys);<br \/>\n&#8212; Elektra;<br \/>\n\u2013 \u0160ulinys;<br \/>\n\u2013 Patogus ir geras priva\u017eiavimas visais met\u0173 laikais, atstumai iki Vabalninko 10km, Pasvalio 20km, Bir\u017e\u0173 28km, Kupi\u0161kio 35km, Panev\u0117\u017eio  50km, Anyk\u0161\u010di\u0173 78km, \u0160iauli\u0173 90km.<\/p>\n<p>Koordinat\u0117s:<br \/>\nmaps.lt \u2013 56.017838, 24.640230<\/p>\n","protected":false},"featured_media":26819,"template":"","meta":{"_acf_changed":false},"product_brand":[],"product_cat":[23],"product_tag":[],"class_list":{"0":"post-26818","1":"product","2":"type-product","3":"status-publish","4":"has-post-thumbnail","6":"product_cat-sodybos","7":"pa_rajonas-kiti-rajonai","8":"description-off","10":"first","11":"instock","12":"shipping-taxable","13":"purchasable","14":"product-type-simple"},"acf":[],"yoast_head":"<!-- This site is optimized with the Yoast SEO plugin v27.4 - https:\/\/yoast.com\/product\/yoast-seo-wordpress\/ -->\n<title>PARDUODAMA R\u0104STIN\u0116 SODYBA SU TVENKINIU BIR\u017d\u0172 RAJONE, \u0160UKIONI\u0172 KAIME! - Namud\u0117<\/title>\n<meta name=\"robots\" content=\"index, follow, max-snippet:-1, max-image-preview:large, max-video-preview:-1\" \/>\n<link rel=\"canonical\" href=\"https:\/\/www.namude.lt\/objektas\/parduodama-rastine-sodyba-su-tvenkiniu-birzu-rajone-sukioniu-kaime\/\" \/>\n<meta property=\"og:locale\" content=\"ru_RU\" \/>\n<meta property=\"og:type\" content=\"article\" \/>\n<meta property=\"og:title\" content=\"PARDUODAMA R\u0104STIN\u0116 SODYBA SU TVENKINIU BIR\u017d\u0172 RAJONE, \u0160UKIONI\u0172 KAIME! - Namud\u0117\" \/>\n<meta property=\"og:description\" content=\"Sodyba \u012fsik\u016brusi ramioje Bir\u017e\u0173 rajono vietov\u0117je, gars\u0117jan\u010dioje gra\u017eia gamta, e\u017eerais bei jaukiais miesteliais. Netoliese esantis Vabalninkas suteikia visas svarbiausias kasdienes paslaugas \u2013 parduotuves, mokykl\u0105, gydymo \u012fstaigas ir kit\u0105 infrastrukt\u016br\u0105. \u0160i sodyba Bir\u017e\u0173 rajone \u2013 puikus pasirinkimas tiek nuolatiniam gyvenimui, tiek poilsiui gamtos  apsuptyje. Tvarkinga aplinka, \u017ealiuojantis sklypas ir gausus sodas suteikia jaukumo bei privatumo poj\u016bt\u012f nuo pirmos akimirkos. Sodybos teritorijoje gausu \u012fvairi\u0173 vaismed\u017ei\u0173 ir vaiskr\u016bmi\u0173 \u2013 auga obelys, slyvos, vy\u0161nios, serbentai bei kiti augalai, tod\u0117l kiekvienas met\u0173 laikas \u010dia d\u017eiugins savo derliumi ir nat\u016braliu gro\u017eiu. Erdviame 0,40 ha sklype taip pat yra tvenkinys, vietos dar\u017eui, poilsio zonai ar nedideliam \u016bkiui. Tai puiki vieta \u017emon\u0117ms, vertinantiems savaranki\u0161k\u0105 gyvenimo b\u016bd\u0105, gamt\u0105 ir ramyb\u0119.  PRIVALUMAI: \u2013 R\u0105stinis namas 78,65 kv. m. (2 dideli erdv\u016bs kambariai, virtuv\u0117, vonios ir tualeto patalpa, veranda) \u2013 \u0160ildymas krosninis ir oras oras. \u2013 Kiti pastatai: (tvartas, dar\u017ein\u0117, gara\u017eas, viralin\u0117, malkin\u0117, kiti statiniai, \u016bkiniame pastate yra \u012frengta patalpos pauk\u0161\u010di\u0173 auginimui ); \u2013 0,40ha sklypas (sklypas \u017ealiuojantis, gausu vaismed\u017ei\u0173, ir vaiskr\u016bmi\u0173 vieta dar\u017eui, galimyb\u0117 auginti gyvulius yra tvenkinys); - Elektra; \u2013 \u0160ulinys; \u2013 Patogus ir geras priva\u017eiavimas visais met\u0173 laikais, atstumai iki Vabalninko 10km, Pasvalio 20km, Bir\u017e\u0173 28km, Kupi\u0161kio 35km, Panev\u0117\u017eio 50km, Anyk\u0161\u010di\u0173 78km, \u0160iauli\u0173 90km.   Koordinat\u0117s: maps.lt \u2013 56.017838, 24.640230\" \/>\n<meta property=\"og:url\" content=\"https:\/\/www.namude.lt\/objektas\/parduodama-rastine-sodyba-su-tvenkiniu-birzu-rajone-sukioniu-kaime\/\" \/>\n<meta property=\"og:site_name\" content=\"Namud\u0117\" \/>\n<meta property=\"article:modified_time\" content=\"2026-05-12T06:30:40+00:00\" \/>\n<meta property=\"og:image\" content=\"https:\/\/www.namude.lt\/wp-content\/uploads\/2026\/05\/1-1.jpg\" \/>\n\t<meta property=\"og:image:width\" content=\"2400\" \/>\n\t<meta property=\"og:image:height\" content=\"1800\" \/>\n\t<meta property=\"og:image:type\" content=\"image\/jpeg\" \/>\n<meta name=\"twitter:card\" content=\"summary_large_image\" \/>\n<script type=\"application\/ld+json\" class=\"yoast-schema-graph\">{\"@context\":\"https:\\\/\\\/schema.org\",\"@graph\":[{\"@type\":\"WebPage\",\"@id\":\"https:\\\/\\\/www.namude.lt\\\/objektas\\\/parduodama-rastine-sodyba-su-tvenkiniu-birzu-rajone-sukioniu-kaime\\\/\",\"url\":\"https:\\\/\\\/www.namude.lt\\\/objektas\\\/parduodama-rastine-sodyba-su-tvenkiniu-birzu-rajone-sukioniu-kaime\\\/\",\"name\":\"PARDUODAMA R\u0104STIN\u0116 SODYBA SU TVENKINIU BIR\u017d\u0172 RAJONE, \u0160UKIONI\u0172 KAIME! - Namud\u0117\",\"isPartOf\":{\"@id\":\"https:\\\/\\\/www.namude.lt\\\/#website\"},\"primaryImageOfPage\":{\"@id\":\"https:\\\/\\\/www.namude.lt\\\/objektas\\\/parduodama-rastine-sodyba-su-tvenkiniu-birzu-rajone-sukioniu-kaime\\\/#primaryimage\"},\"image\":{\"@id\":\"https:\\\/\\\/www.namude.lt\\\/objektas\\\/parduodama-rastine-sodyba-su-tvenkiniu-birzu-rajone-sukioniu-kaime\\\/#primaryimage\"},\"thumbnailUrl\":\"https:\\\/\\\/www.namude.lt\\\/wp-content\\\/uploads\\\/2026\\\/05\\\/1-1.jpg\",\"datePublished\":\"2026-05-07T13:19:20+00:00\",\"dateModified\":\"2026-05-12T06:30:40+00:00\",\"breadcrumb\":{\"@id\":\"https:\\\/\\\/www.namude.lt\\\/objektas\\\/parduodama-rastine-sodyba-su-tvenkiniu-birzu-rajone-sukioniu-kaime\\\/#breadcrumb\"},\"inLanguage\":\"ru-RU\",\"potentialAction\":[{\"@type\":\"ReadAction\",\"target\":[\"https:\\\/\\\/www.namude.lt\\\/objektas\\\/parduodama-rastine-sodyba-su-tvenkiniu-birzu-rajone-sukioniu-kaime\\\/\"]}]},{\"@type\":\"ImageObject\",\"inLanguage\":\"ru-RU\",\"@id\":\"https:\\\/\\\/www.namude.lt\\\/objektas\\\/parduodama-rastine-sodyba-su-tvenkiniu-birzu-rajone-sukioniu-kaime\\\/#primaryimage\",\"url\":\"https:\\\/\\\/www.namude.lt\\\/wp-content\\\/uploads\\\/2026\\\/05\\\/1-1.jpg\",\"contentUrl\":\"https:\\\/\\\/www.namude.lt\\\/wp-content\\\/uploads\\\/2026\\\/05\\\/1-1.jpg\",\"width\":2400,\"height\":1800},{\"@type\":\"BreadcrumbList\",\"@id\":\"https:\\\/\\\/www.namude.lt\\\/objektas\\\/parduodama-rastine-sodyba-su-tvenkiniu-birzu-rajone-sukioniu-kaime\\\/#breadcrumb\",\"itemListElement\":[{\"@type\":\"ListItem\",\"position\":1,\"name\":\"Home\",\"item\":\"https:\\\/\\\/www.namude.lt\\\/ru\\\/\"},{\"@type\":\"ListItem\",\"position\":2,\"name\":\"\u041e\u0431\u044a\u0435\u043a\u0442\u044b\",\"item\":\"https:\\\/\\\/www.namude.lt\\\/ru\\\/%d0%be%d0%b1%d1%8a%d0%b5%d0%ba%d1%82%d1%8b\\\/\"},{\"@type\":\"ListItem\",\"position\":3,\"name\":\"PARDUODAMA R\u0104STIN\u0116 SODYBA SU TVENKINIU BIR\u017d\u0172 RAJONE, \u0160UKIONI\u0172 KAIME!\"}]},{\"@type\":\"WebSite\",\"@id\":\"https:\\\/\\\/www.namude.lt\\\/#website\",\"url\":\"https:\\\/\\\/www.namude.lt\\\/\",\"name\":\"Namud\u0117\",\"description\":\"\u201eNamud\u0117\u201c \u2013 agent\u016bra, pardavin\u0117janti Auk\u0161taitijos NT grynuolius.\",\"publisher\":{\"@id\":\"https:\\\/\\\/www.namude.lt\\\/#organization\"},\"potentialAction\":[{\"@type\":\"SearchAction\",\"target\":{\"@type\":\"EntryPoint\",\"urlTemplate\":\"https:\\\/\\\/www.namude.lt\\\/?s={search_term_string}\"},\"query-input\":{\"@type\":\"PropertyValueSpecification\",\"valueRequired\":true,\"valueName\":\"search_term_string\"}}],\"inLanguage\":\"ru-RU\"},{\"@type\":\"Organization\",\"@id\":\"https:\\\/\\\/www.namude.lt\\\/#organization\",\"name\":\"Namud\u0117\",\"url\":\"https:\\\/\\\/www.namude.lt\\\/\",\"logo\":{\"@type\":\"ImageObject\",\"inLanguage\":\"ru-RU\",\"@id\":\"https:\\\/\\\/www.namude.lt\\\/#\\\/schema\\\/logo\\\/image\\\/\",\"url\":\"https:\\\/\\\/www.namude.lt\\\/wp-content\\\/uploads\\\/2023\\\/11\\\/logo-symbol.svg\",\"contentUrl\":\"https:\\\/\\\/www.namude.lt\\\/wp-content\\\/uploads\\\/2023\\\/11\\\/logo-symbol.svg\",\"width\":1,\"height\":1,\"caption\":\"Namud\u0117\"},\"image\":{\"@id\":\"https:\\\/\\\/www.namude.lt\\\/#\\\/schema\\\/logo\\\/image\\\/\"}}]}<\/script>\n<!-- \/ Yoast SEO plugin. -->","yoast_head_json":{"title":"PARDUODAMA R\u0104STIN\u0116 SODYBA SU TVENKINIU BIR\u017d\u0172 RAJONE, \u0160UKIONI\u0172 KAIME! - Namud\u0117","robots":{"index":"index","follow":"follow","max-snippet":"max-snippet:-1","max-image-preview":"max-image-preview:large","max-video-preview":"max-video-preview:-1"},"canonical":"https:\/\/www.namude.lt\/objektas\/parduodama-rastine-sodyba-su-tvenkiniu-birzu-rajone-sukioniu-kaime\/","og_locale":"ru_RU","og_type":"article","og_title":"PARDUODAMA R\u0104STIN\u0116 SODYBA SU TVENKINIU BIR\u017d\u0172 RAJONE, \u0160UKIONI\u0172 KAIME! - Namud\u0117","og_description":"Sodyba \u012fsik\u016brusi ramioje Bir\u017e\u0173 rajono vietov\u0117je, gars\u0117jan\u010dioje gra\u017eia gamta, e\u017eerais bei jaukiais miesteliais. Netoliese esantis Vabalninkas suteikia visas svarbiausias kasdienes paslaugas \u2013 parduotuves, mokykl\u0105, gydymo \u012fstaigas ir kit\u0105 infrastrukt\u016br\u0105. \u0160i sodyba Bir\u017e\u0173 rajone \u2013 puikus pasirinkimas tiek nuolatiniam gyvenimui, tiek poilsiui gamtos  apsuptyje. Tvarkinga aplinka, \u017ealiuojantis sklypas ir gausus sodas suteikia jaukumo bei privatumo poj\u016bt\u012f nuo pirmos akimirkos. Sodybos teritorijoje gausu \u012fvairi\u0173 vaismed\u017ei\u0173 ir vaiskr\u016bmi\u0173 \u2013 auga obelys, slyvos, vy\u0161nios, serbentai bei kiti augalai, tod\u0117l kiekvienas met\u0173 laikas \u010dia d\u017eiugins savo derliumi ir nat\u016braliu gro\u017eiu. Erdviame 0,40 ha sklype taip pat yra tvenkinys, vietos dar\u017eui, poilsio zonai ar nedideliam \u016bkiui. Tai puiki vieta \u017emon\u0117ms, vertinantiems savaranki\u0161k\u0105 gyvenimo b\u016bd\u0105, gamt\u0105 ir ramyb\u0119.  PRIVALUMAI: \u2013 R\u0105stinis namas 78,65 kv. m. (2 dideli erdv\u016bs kambariai, virtuv\u0117, vonios ir tualeto patalpa, veranda) \u2013 \u0160ildymas krosninis ir oras oras. \u2013 Kiti pastatai: (tvartas, dar\u017ein\u0117, gara\u017eas, viralin\u0117, malkin\u0117, kiti statiniai, \u016bkiniame pastate yra \u012frengta patalpos pauk\u0161\u010di\u0173 auginimui ); \u2013 0,40ha sklypas (sklypas \u017ealiuojantis, gausu vaismed\u017ei\u0173, ir vaiskr\u016bmi\u0173 vieta dar\u017eui, galimyb\u0117 auginti gyvulius yra tvenkinys); - Elektra; \u2013 \u0160ulinys; \u2013 Patogus ir geras priva\u017eiavimas visais met\u0173 laikais, atstumai iki Vabalninko 10km, Pasvalio 20km, Bir\u017e\u0173 28km, Kupi\u0161kio 35km, Panev\u0117\u017eio 50km, Anyk\u0161\u010di\u0173 78km, \u0160iauli\u0173 90km.   Koordinat\u0117s: maps.lt \u2013 56.017838, 24.640230","og_url":"https:\/\/www.namude.lt\/objektas\/parduodama-rastine-sodyba-su-tvenkiniu-birzu-rajone-sukioniu-kaime\/","og_site_name":"Namud\u0117","article_modified_time":"2026-05-12T06:30:40+00:00","og_image":[{"width":2400,"height":1800,"url":"https:\/\/www.namude.lt\/wp-content\/uploads\/2026\/05\/1-1.jpg","type":"image\/jpeg"}],"twitter_card":"summary_large_image","schema":{"@context":"https:\/\/schema.org","@graph":[{"@type":"WebPage","@id":"https:\/\/www.namude.lt\/objektas\/parduodama-rastine-sodyba-su-tvenkiniu-birzu-rajone-sukioniu-kaime\/","url":"https:\/\/www.namude.lt\/objektas\/parduodama-rastine-sodyba-su-tvenkiniu-birzu-rajone-sukioniu-kaime\/","name":"PARDUODAMA R\u0104STIN\u0116 SODYBA SU TVENKINIU BIR\u017d\u0172 RAJONE, \u0160UKIONI\u0172 KAIME! - Namud\u0117","isPartOf":{"@id":"https:\/\/www.namude.lt\/#website"},"primaryImageOfPage":{"@id":"https:\/\/www.namude.lt\/objektas\/parduodama-rastine-sodyba-su-tvenkiniu-birzu-rajone-sukioniu-kaime\/#primaryimage"},"image":{"@id":"https:\/\/www.namude.lt\/objektas\/parduodama-rastine-sodyba-su-tvenkiniu-birzu-rajone-sukioniu-kaime\/#primaryimage"},"thumbnailUrl":"https:\/\/www.namude.lt\/wp-content\/uploads\/2026\/05\/1-1.jpg","datePublished":"2026-05-07T13:19:20+00:00","dateModified":"2026-05-12T06:30:40+00:00","breadcrumb":{"@id":"https:\/\/www.namude.lt\/objektas\/parduodama-rastine-sodyba-su-tvenkiniu-birzu-rajone-sukioniu-kaime\/#breadcrumb"},"inLanguage":"ru-RU","potentialAction":[{"@type":"ReadAction","target":["https:\/\/www.namude.lt\/objektas\/parduodama-rastine-sodyba-su-tvenkiniu-birzu-rajone-sukioniu-kaime\/"]}]},{"@type":"ImageObject","inLanguage":"ru-RU","@id":"https:\/\/www.namude.lt\/objektas\/parduodama-rastine-sodyba-su-tvenkiniu-birzu-rajone-sukioniu-kaime\/#primaryimage","url":"https:\/\/www.namude.lt\/wp-content\/uploads\/2026\/05\/1-1.jpg","contentUrl":"https:\/\/www.namude.lt\/wp-content\/uploads\/2026\/05\/1-1.jpg","width":2400,"height":1800},{"@type":"BreadcrumbList","@id":"https:\/\/www.namude.lt\/objektas\/parduodama-rastine-sodyba-su-tvenkiniu-birzu-rajone-sukioniu-kaime\/#breadcrumb","itemListElement":[{"@type":"ListItem","position":1,"name":"Home","item":"https:\/\/www.namude.lt\/ru\/"},{"@type":"ListItem","position":2,"name":"\u041e\u0431\u044a\u0435\u043a\u0442\u044b","item":"https:\/\/www.namude.lt\/ru\/%d0%be%d0%b1%d1%8a%d0%b5%d0%ba%d1%82%d1%8b\/"},{"@type":"ListItem","position":3,"name":"PARDUODAMA R\u0104STIN\u0116 SODYBA SU TVENKINIU BIR\u017d\u0172 RAJONE, \u0160UKIONI\u0172 KAIME!"}]},{"@type":"WebSite","@id":"https:\/\/www.namude.lt\/#website","url":"https:\/\/www.namude.lt\/","name":"Namud\u0117","description":"\u201eNamud\u0117\u201c \u2013 agent\u016bra, pardavin\u0117janti Auk\u0161taitijos NT grynuolius.","publisher":{"@id":"https:\/\/www.namude.lt\/#organization"},"potentialAction":[{"@type":"SearchAction","target":{"@type":"EntryPoint","urlTemplate":"https:\/\/www.namude.lt\/?s={search_term_string}"},"query-input":{"@type":"PropertyValueSpecification","valueRequired":true,"valueName":"search_term_string"}}],"inLanguage":"ru-RU"},{"@type":"Organization","@id":"https:\/\/www.namude.lt\/#organization","name":"Namud\u0117","url":"https:\/\/www.namude.lt\/","logo":{"@type":"ImageObject","inLanguage":"ru-RU","@id":"https:\/\/www.namude.lt\/#\/schema\/logo\/image\/","url":"https:\/\/www.namude.lt\/wp-content\/uploads\/2023\/11\/logo-symbol.svg","contentUrl":"https:\/\/www.namude.lt\/wp-content\/uploads\/2023\/11\/logo-symbol.svg","width":1,"height":1,"caption":"Namud\u0117"},"image":{"@id":"https:\/\/www.namude.lt\/#\/schema\/logo\/image\/"}}]}},"_links":{"self":[{"href":"https:\/\/www.namude.lt\/ru\/wp-json\/wp\/v2\/product\/26818","targetHints":{"allow":["GET"]}}],"collection":[{"href":"https:\/\/www.namude.lt\/ru\/wp-json\/wp\/v2\/product"}],"about":[{"href":"https:\/\/www.namude.lt\/ru\/wp-json\/wp\/v2\/types\/product"}],"wp:featuredmedia":[{"embeddable":true,"href":"https:\/\/www.namude.lt\/ru\/wp-json\/wp\/v2\/media\/26819"}],"wp:attachment":[{"href":"https:\/\/www.namude.lt\/ru\/wp-json\/wp\/v2\/media?parent=26818"}],"wp:term":[{"taxonomy":"product_brand","embeddable":true,"href":"https:\/\/www.namude.lt\/ru\/wp-json\/wp\/v2\/product_brand?post=26818"},{"taxonomy":"product_cat","embeddable":true,"href":"https:\/\/www.namude.lt\/ru\/wp-json\/wp\/v2\/product_cat?post=26818"},{"taxonomy":"product_tag","embeddable":true,"href":"https:\/\/www.namude.lt\/ru\/wp-json\/wp\/v2\/product_tag?post=26818"}],"curies":[{"name":"wp","href":"https:\/\/api.w.org\/{rel}","templated":true}]}}