{"id":26740,"date":"2026-04-30T12:46:33","date_gmt":"2026-04-30T09:46:33","guid":{"rendered":"https:\/\/www.namude.lt\/?post_type=product&#038;p=26740"},"modified":"2026-04-30T12:46:34","modified_gmt":"2026-04-30T09:46:34","slug":"3-45-ha-zemes-ukio-paskirties-sklypas-su-galimybe-statytis-miske-vienkiemyje-ant-didelio-ir-zuvingo-padysnio-kranto-ignalinos-r","status":"publish","type":"product","link":"https:\/\/www.namude.lt\/ru\/\u043e\u0431\u044a\u0435\u043a\u0442\/3-45-ha-zemes-ukio-paskirties-sklypas-su-galimybe-statytis-miske-vienkiemyje-ant-didelio-ir-zuvingo-padysnio-kranto-ignalinos-r\/","title":{"rendered":"3.45 HA \u017dEM\u0116S \u016aKIO PASKIRTIES SKLYPAS SU GALIMYBE STATYTIS MI\u0160KE, VIENKIEMYJE, ANT DIDELIO IR \u017dUVINGO PADYSNIO KRANTO, IGNALINOS R."},"content":{"rendered":"","protected":false},"excerpt":{"rendered":"<p><strong>Parduodamas 3.45 ha \u017eem\u0117s \u016bkio paskirties sklypas su galimybe statytis mi\u0161ke, vienkiemyje, ant didelio ir \u017euvingo Padysnio kranto, Ignalinos r.<\/strong><a href=\"https:\/\/www.namude.lt\/kategorija\/sklypai\/?filter_rajonas=ignalinos-rajonas&#038;query_type_rajonas=or\"><\/a> Sklypas apie 350 m ribojasi su min\u0117tu vandens telkiniu (kurio ilgis apie 5 km, pla\u010diausia vieta iki 1 km), kuris upe jungiasi su dideliu Dysnyk\u0161\u010dio e\u017eeru ir antru pagal dyd\u012f Lietuvoje Dysn\u0173 e\u017eeru. \u0160alia dar yra M\u016bno, \u0160aminio ir kiti e\u017eerai. Jaukus sklypas, apsuptas mi\u0161k\u0173. Sklype yra buvusios sodybos pamatai. Kadangi sklypas randasi ne parke ir ne draustinyje, tai j\u012f galima dalinti \u012f kelias dalis. Galima statyti sodyb\u0105 ar poilsio namelius. Atstumas iki artimiausio Navik\u0173 kaimelio \u2013  apie 0.4 km. Artimiausias miestas- Ignalina \u2013 apie 20 km. Puiki vieta poilsiui, pramogai ir ypa\u010d \u017evejybai, ie\u0161kantiems ramyb\u0117s ir privatumo.<br \/>\nPASTABA: Galima pirkti kartu su besiribojan\u010diu 2.62 ha \u017eem\u0117s \u016bkio paskirties sklypu (\u017ei\u016br. Plan\u0105, 1 nuotr.). Tuomet bendras plotas bus \u2013 6.07 ha, vandens telkinio pakrant\u0117s bus apie 500 m ir kaina (u\u017e du sklypus) &#8212;  70000 eur\u0173.<\/p>\n","protected":false},"featured_media":26741,"template":"","meta":{"_acf_changed":false},"product_brand":[],"product_cat":[24],"product_tag":[],"class_list":{"0":"post-26740","1":"product","2":"type-product","3":"status-publish","4":"has-post-thumbnail","6":"product_cat-sklypai","7":"pa_rajonas-ignalinos-rajonas","8":"description-off","10":"first","11":"instock","12":"shipping-taxable","13":"purchasable","14":"product-type-simple"},"acf":[],"yoast_head":"<!-- This site is optimized with the Yoast SEO plugin v27.4 - https:\/\/yoast.com\/product\/yoast-seo-wordpress\/ -->\n<title>3.45 HA \u017dEM\u0116S \u016aKIO PASKIRTIES SKLYPAS SU GALIMYBE STATYTIS MI\u0160KE, VIENKIEMYJE, ANT DIDELIO IR \u017dUVINGO PADYSNIO KRANTO, IGNALINOS R. - Namud\u0117<\/title>\n<meta name=\"robots\" content=\"index, follow, max-snippet:-1, max-image-preview:large, max-video-preview:-1\" \/>\n<link rel=\"canonical\" href=\"https:\/\/www.namude.lt\/objektas\/3-45-ha-zemes-ukio-paskirties-sklypas-su-galimybe-statytis-miske-vienkiemyje-ant-didelio-ir-zuvingo-padysnio-kranto-ignalinos-r\/\" \/>\n<meta property=\"og:locale\" content=\"ru_RU\" \/>\n<meta property=\"og:type\" content=\"article\" \/>\n<meta property=\"og:title\" content=\"3.45 HA \u017dEM\u0116S \u016aKIO PASKIRTIES SKLYPAS SU GALIMYBE STATYTIS MI\u0160KE, VIENKIEMYJE, ANT DIDELIO IR \u017dUVINGO PADYSNIO KRANTO, IGNALINOS R. - Namud\u0117\" \/>\n<meta property=\"og:description\" content=\"Parduodamas 3.45 ha \u017eem\u0117s \u016bkio paskirties sklypas su galimybe statytis mi\u0161ke, vienkiemyje, ant didelio ir \u017euvingo Padysnio kranto, Ignalinos r. Sklypas apie 350 m ribojasi su min\u0117tu vandens telkiniu (kurio ilgis apie 5 km, pla\u010diausia vieta iki 1 km), kuris upe jungiasi su dideliu Dysnyk\u0161\u010dio e\u017eeru ir antru pagal dyd\u012f Lietuvoje Dysn\u0173 e\u017eeru. \u0160alia dar yra M\u016bno, \u0160aminio ir kiti e\u017eerai. Jaukus sklypas, apsuptas mi\u0161k\u0173. Sklype yra buvusios sodybos pamatai. Kadangi sklypas randasi ne parke ir ne draustinyje, tai j\u012f galima dalinti \u012f kelias dalis. Galima statyti sodyb\u0105 ar poilsio namelius. Atstumas iki artimiausio Navik\u0173 kaimelio \u2013 apie 0.4 km. Artimiausias miestas- Ignalina \u2013 apie 20 km. Puiki vieta poilsiui, pramogai ir ypa\u010d \u017evejybai, ie\u0161kantiems ramyb\u0117s ir privatumo. PASTABA: Galima pirkti kartu su besiribojan\u010diu 2.62 ha \u017eem\u0117s \u016bkio paskirties sklypu (\u017ei\u016br. Plan\u0105, 1 nuotr.). Tuomet bendras plotas bus \u2013 6.07 ha, vandens telkinio pakrant\u0117s bus apie 500 m ir kaina (u\u017e du sklypus) - 70000 eur\u0173.\" \/>\n<meta property=\"og:url\" content=\"https:\/\/www.namude.lt\/objektas\/3-45-ha-zemes-ukio-paskirties-sklypas-su-galimybe-statytis-miske-vienkiemyje-ant-didelio-ir-zuvingo-padysnio-kranto-ignalinos-r\/\" \/>\n<meta property=\"og:site_name\" content=\"Namud\u0117\" \/>\n<meta property=\"article:modified_time\" content=\"2026-04-30T09:46:34+00:00\" \/>\n<meta property=\"og:image\" content=\"https:\/\/www.namude.lt\/wp-content\/uploads\/2026\/04\/1.png\" \/>\n\t<meta property=\"og:image:width\" content=\"800\" \/>\n\t<meta property=\"og:image:height\" content=\"477\" \/>\n\t<meta property=\"og:image:type\" content=\"image\/png\" \/>\n<meta name=\"twitter:card\" content=\"summary_large_image\" \/>\n<script type=\"application\/ld+json\" class=\"yoast-schema-graph\">{\"@context\":\"https:\\\/\\\/schema.org\",\"@graph\":[{\"@type\":\"WebPage\",\"@id\":\"https:\\\/\\\/www.namude.lt\\\/objektas\\\/3-45-ha-zemes-ukio-paskirties-sklypas-su-galimybe-statytis-miske-vienkiemyje-ant-didelio-ir-zuvingo-padysnio-kranto-ignalinos-r\\\/\",\"url\":\"https:\\\/\\\/www.namude.lt\\\/objektas\\\/3-45-ha-zemes-ukio-paskirties-sklypas-su-galimybe-statytis-miske-vienkiemyje-ant-didelio-ir-zuvingo-padysnio-kranto-ignalinos-r\\\/\",\"name\":\"3.45 HA \u017dEM\u0116S \u016aKIO PASKIRTIES SKLYPAS SU GALIMYBE STATYTIS MI\u0160KE, VIENKIEMYJE, ANT DIDELIO IR \u017dUVINGO PADYSNIO KRANTO, IGNALINOS R. - Namud\u0117\",\"isPartOf\":{\"@id\":\"https:\\\/\\\/www.namude.lt\\\/#website\"},\"primaryImageOfPage\":{\"@id\":\"https:\\\/\\\/www.namude.lt\\\/objektas\\\/3-45-ha-zemes-ukio-paskirties-sklypas-su-galimybe-statytis-miske-vienkiemyje-ant-didelio-ir-zuvingo-padysnio-kranto-ignalinos-r\\\/#primaryimage\"},\"image\":{\"@id\":\"https:\\\/\\\/www.namude.lt\\\/objektas\\\/3-45-ha-zemes-ukio-paskirties-sklypas-su-galimybe-statytis-miske-vienkiemyje-ant-didelio-ir-zuvingo-padysnio-kranto-ignalinos-r\\\/#primaryimage\"},\"thumbnailUrl\":\"https:\\\/\\\/www.namude.lt\\\/wp-content\\\/uploads\\\/2026\\\/04\\\/1.png\",\"datePublished\":\"2026-04-30T09:46:33+00:00\",\"dateModified\":\"2026-04-30T09:46:34+00:00\",\"breadcrumb\":{\"@id\":\"https:\\\/\\\/www.namude.lt\\\/objektas\\\/3-45-ha-zemes-ukio-paskirties-sklypas-su-galimybe-statytis-miske-vienkiemyje-ant-didelio-ir-zuvingo-padysnio-kranto-ignalinos-r\\\/#breadcrumb\"},\"inLanguage\":\"ru-RU\",\"potentialAction\":[{\"@type\":\"ReadAction\",\"target\":[\"https:\\\/\\\/www.namude.lt\\\/objektas\\\/3-45-ha-zemes-ukio-paskirties-sklypas-su-galimybe-statytis-miske-vienkiemyje-ant-didelio-ir-zuvingo-padysnio-kranto-ignalinos-r\\\/\"]}]},{\"@type\":\"ImageObject\",\"inLanguage\":\"ru-RU\",\"@id\":\"https:\\\/\\\/www.namude.lt\\\/objektas\\\/3-45-ha-zemes-ukio-paskirties-sklypas-su-galimybe-statytis-miske-vienkiemyje-ant-didelio-ir-zuvingo-padysnio-kranto-ignalinos-r\\\/#primaryimage\",\"url\":\"https:\\\/\\\/www.namude.lt\\\/wp-content\\\/uploads\\\/2026\\\/04\\\/1.png\",\"contentUrl\":\"https:\\\/\\\/www.namude.lt\\\/wp-content\\\/uploads\\\/2026\\\/04\\\/1.png\",\"width\":800,\"height\":477},{\"@type\":\"BreadcrumbList\",\"@id\":\"https:\\\/\\\/www.namude.lt\\\/objektas\\\/3-45-ha-zemes-ukio-paskirties-sklypas-su-galimybe-statytis-miske-vienkiemyje-ant-didelio-ir-zuvingo-padysnio-kranto-ignalinos-r\\\/#breadcrumb\",\"itemListElement\":[{\"@type\":\"ListItem\",\"position\":1,\"name\":\"Home\",\"item\":\"https:\\\/\\\/www.namude.lt\\\/ru\\\/\"},{\"@type\":\"ListItem\",\"position\":2,\"name\":\"\u041e\u0431\u044a\u0435\u043a\u0442\u044b\",\"item\":\"https:\\\/\\\/www.namude.lt\\\/ru\\\/%d0%be%d0%b1%d1%8a%d0%b5%d0%ba%d1%82%d1%8b\\\/\"},{\"@type\":\"ListItem\",\"position\":3,\"name\":\"3.45 HA \u017dEM\u0116S \u016aKIO PASKIRTIES SKLYPAS SU GALIMYBE STATYTIS MI\u0160KE, VIENKIEMYJE, ANT DIDELIO IR \u017dUVINGO PADYSNIO KRANTO, IGNALINOS R.\"}]},{\"@type\":\"WebSite\",\"@id\":\"https:\\\/\\\/www.namude.lt\\\/#website\",\"url\":\"https:\\\/\\\/www.namude.lt\\\/\",\"name\":\"Namud\u0117\",\"description\":\"\u201eNamud\u0117\u201c \u2013 agent\u016bra, pardavin\u0117janti Auk\u0161taitijos NT grynuolius.\",\"publisher\":{\"@id\":\"https:\\\/\\\/www.namude.lt\\\/#organization\"},\"potentialAction\":[{\"@type\":\"SearchAction\",\"target\":{\"@type\":\"EntryPoint\",\"urlTemplate\":\"https:\\\/\\\/www.namude.lt\\\/?s={search_term_string}\"},\"query-input\":{\"@type\":\"PropertyValueSpecification\",\"valueRequired\":true,\"valueName\":\"search_term_string\"}}],\"inLanguage\":\"ru-RU\"},{\"@type\":\"Organization\",\"@id\":\"https:\\\/\\\/www.namude.lt\\\/#organization\",\"name\":\"Namud\u0117\",\"url\":\"https:\\\/\\\/www.namude.lt\\\/\",\"logo\":{\"@type\":\"ImageObject\",\"inLanguage\":\"ru-RU\",\"@id\":\"https:\\\/\\\/www.namude.lt\\\/#\\\/schema\\\/logo\\\/image\\\/\",\"url\":\"https:\\\/\\\/www.namude.lt\\\/wp-content\\\/uploads\\\/2023\\\/11\\\/logo-symbol.svg\",\"contentUrl\":\"https:\\\/\\\/www.namude.lt\\\/wp-content\\\/uploads\\\/2023\\\/11\\\/logo-symbol.svg\",\"width\":1,\"height\":1,\"caption\":\"Namud\u0117\"},\"image\":{\"@id\":\"https:\\\/\\\/www.namude.lt\\\/#\\\/schema\\\/logo\\\/image\\\/\"}}]}<\/script>\n<!-- \/ Yoast SEO plugin. -->","yoast_head_json":{"title":"3.45 HA \u017dEM\u0116S \u016aKIO PASKIRTIES SKLYPAS SU GALIMYBE STATYTIS MI\u0160KE, VIENKIEMYJE, ANT DIDELIO IR \u017dUVINGO PADYSNIO KRANTO, IGNALINOS R. - Namud\u0117","robots":{"index":"index","follow":"follow","max-snippet":"max-snippet:-1","max-image-preview":"max-image-preview:large","max-video-preview":"max-video-preview:-1"},"canonical":"https:\/\/www.namude.lt\/objektas\/3-45-ha-zemes-ukio-paskirties-sklypas-su-galimybe-statytis-miske-vienkiemyje-ant-didelio-ir-zuvingo-padysnio-kranto-ignalinos-r\/","og_locale":"ru_RU","og_type":"article","og_title":"3.45 HA \u017dEM\u0116S \u016aKIO PASKIRTIES SKLYPAS SU GALIMYBE STATYTIS MI\u0160KE, VIENKIEMYJE, ANT DIDELIO IR \u017dUVINGO PADYSNIO KRANTO, IGNALINOS R. - Namud\u0117","og_description":"Parduodamas 3.45 ha \u017eem\u0117s \u016bkio paskirties sklypas su galimybe statytis mi\u0161ke, vienkiemyje, ant didelio ir \u017euvingo Padysnio kranto, Ignalinos r. Sklypas apie 350 m ribojasi su min\u0117tu vandens telkiniu (kurio ilgis apie 5 km, pla\u010diausia vieta iki 1 km), kuris upe jungiasi su dideliu Dysnyk\u0161\u010dio e\u017eeru ir antru pagal dyd\u012f Lietuvoje Dysn\u0173 e\u017eeru. \u0160alia dar yra M\u016bno, \u0160aminio ir kiti e\u017eerai. Jaukus sklypas, apsuptas mi\u0161k\u0173. Sklype yra buvusios sodybos pamatai. Kadangi sklypas randasi ne parke ir ne draustinyje, tai j\u012f galima dalinti \u012f kelias dalis. Galima statyti sodyb\u0105 ar poilsio namelius. Atstumas iki artimiausio Navik\u0173 kaimelio \u2013 apie 0.4 km. Artimiausias miestas- Ignalina \u2013 apie 20 km. Puiki vieta poilsiui, pramogai ir ypa\u010d \u017evejybai, ie\u0161kantiems ramyb\u0117s ir privatumo. PASTABA: Galima pirkti kartu su besiribojan\u010diu 2.62 ha \u017eem\u0117s \u016bkio paskirties sklypu (\u017ei\u016br. Plan\u0105, 1 nuotr.). Tuomet bendras plotas bus \u2013 6.07 ha, vandens telkinio pakrant\u0117s bus apie 500 m ir kaina (u\u017e du sklypus) - 70000 eur\u0173.","og_url":"https:\/\/www.namude.lt\/objektas\/3-45-ha-zemes-ukio-paskirties-sklypas-su-galimybe-statytis-miske-vienkiemyje-ant-didelio-ir-zuvingo-padysnio-kranto-ignalinos-r\/","og_site_name":"Namud\u0117","article_modified_time":"2026-04-30T09:46:34+00:00","og_image":[{"width":800,"height":477,"url":"https:\/\/www.namude.lt\/wp-content\/uploads\/2026\/04\/1.png","type":"image\/png"}],"twitter_card":"summary_large_image","schema":{"@context":"https:\/\/schema.org","@graph":[{"@type":"WebPage","@id":"https:\/\/www.namude.lt\/objektas\/3-45-ha-zemes-ukio-paskirties-sklypas-su-galimybe-statytis-miske-vienkiemyje-ant-didelio-ir-zuvingo-padysnio-kranto-ignalinos-r\/","url":"https:\/\/www.namude.lt\/objektas\/3-45-ha-zemes-ukio-paskirties-sklypas-su-galimybe-statytis-miske-vienkiemyje-ant-didelio-ir-zuvingo-padysnio-kranto-ignalinos-r\/","name":"3.45 HA \u017dEM\u0116S \u016aKIO PASKIRTIES SKLYPAS SU GALIMYBE STATYTIS MI\u0160KE, VIENKIEMYJE, ANT DIDELIO IR \u017dUVINGO PADYSNIO KRANTO, IGNALINOS R. - Namud\u0117","isPartOf":{"@id":"https:\/\/www.namude.lt\/#website"},"primaryImageOfPage":{"@id":"https:\/\/www.namude.lt\/objektas\/3-45-ha-zemes-ukio-paskirties-sklypas-su-galimybe-statytis-miske-vienkiemyje-ant-didelio-ir-zuvingo-padysnio-kranto-ignalinos-r\/#primaryimage"},"image":{"@id":"https:\/\/www.namude.lt\/objektas\/3-45-ha-zemes-ukio-paskirties-sklypas-su-galimybe-statytis-miske-vienkiemyje-ant-didelio-ir-zuvingo-padysnio-kranto-ignalinos-r\/#primaryimage"},"thumbnailUrl":"https:\/\/www.namude.lt\/wp-content\/uploads\/2026\/04\/1.png","datePublished":"2026-04-30T09:46:33+00:00","dateModified":"2026-04-30T09:46:34+00:00","breadcrumb":{"@id":"https:\/\/www.namude.lt\/objektas\/3-45-ha-zemes-ukio-paskirties-sklypas-su-galimybe-statytis-miske-vienkiemyje-ant-didelio-ir-zuvingo-padysnio-kranto-ignalinos-r\/#breadcrumb"},"inLanguage":"ru-RU","potentialAction":[{"@type":"ReadAction","target":["https:\/\/www.namude.lt\/objektas\/3-45-ha-zemes-ukio-paskirties-sklypas-su-galimybe-statytis-miske-vienkiemyje-ant-didelio-ir-zuvingo-padysnio-kranto-ignalinos-r\/"]}]},{"@type":"ImageObject","inLanguage":"ru-RU","@id":"https:\/\/www.namude.lt\/objektas\/3-45-ha-zemes-ukio-paskirties-sklypas-su-galimybe-statytis-miske-vienkiemyje-ant-didelio-ir-zuvingo-padysnio-kranto-ignalinos-r\/#primaryimage","url":"https:\/\/www.namude.lt\/wp-content\/uploads\/2026\/04\/1.png","contentUrl":"https:\/\/www.namude.lt\/wp-content\/uploads\/2026\/04\/1.png","width":800,"height":477},{"@type":"BreadcrumbList","@id":"https:\/\/www.namude.lt\/objektas\/3-45-ha-zemes-ukio-paskirties-sklypas-su-galimybe-statytis-miske-vienkiemyje-ant-didelio-ir-zuvingo-padysnio-kranto-ignalinos-r\/#breadcrumb","itemListElement":[{"@type":"ListItem","position":1,"name":"Home","item":"https:\/\/www.namude.lt\/ru\/"},{"@type":"ListItem","position":2,"name":"\u041e\u0431\u044a\u0435\u043a\u0442\u044b","item":"https:\/\/www.namude.lt\/ru\/%d0%be%d0%b1%d1%8a%d0%b5%d0%ba%d1%82%d1%8b\/"},{"@type":"ListItem","position":3,"name":"3.45 HA \u017dEM\u0116S \u016aKIO PASKIRTIES SKLYPAS SU GALIMYBE STATYTIS MI\u0160KE, VIENKIEMYJE, ANT DIDELIO IR \u017dUVINGO PADYSNIO KRANTO, IGNALINOS R."}]},{"@type":"WebSite","@id":"https:\/\/www.namude.lt\/#website","url":"https:\/\/www.namude.lt\/","name":"Namud\u0117","description":"\u201eNamud\u0117\u201c \u2013 agent\u016bra, pardavin\u0117janti Auk\u0161taitijos NT grynuolius.","publisher":{"@id":"https:\/\/www.namude.lt\/#organization"},"potentialAction":[{"@type":"SearchAction","target":{"@type":"EntryPoint","urlTemplate":"https:\/\/www.namude.lt\/?s={search_term_string}"},"query-input":{"@type":"PropertyValueSpecification","valueRequired":true,"valueName":"search_term_string"}}],"inLanguage":"ru-RU"},{"@type":"Organization","@id":"https:\/\/www.namude.lt\/#organization","name":"Namud\u0117","url":"https:\/\/www.namude.lt\/","logo":{"@type":"ImageObject","inLanguage":"ru-RU","@id":"https:\/\/www.namude.lt\/#\/schema\/logo\/image\/","url":"https:\/\/www.namude.lt\/wp-content\/uploads\/2023\/11\/logo-symbol.svg","contentUrl":"https:\/\/www.namude.lt\/wp-content\/uploads\/2023\/11\/logo-symbol.svg","width":1,"height":1,"caption":"Namud\u0117"},"image":{"@id":"https:\/\/www.namude.lt\/#\/schema\/logo\/image\/"}}]}},"_links":{"self":[{"href":"https:\/\/www.namude.lt\/ru\/wp-json\/wp\/v2\/product\/26740","targetHints":{"allow":["GET"]}}],"collection":[{"href":"https:\/\/www.namude.lt\/ru\/wp-json\/wp\/v2\/product"}],"about":[{"href":"https:\/\/www.namude.lt\/ru\/wp-json\/wp\/v2\/types\/product"}],"wp:featuredmedia":[{"embeddable":true,"href":"https:\/\/www.namude.lt\/ru\/wp-json\/wp\/v2\/media\/26741"}],"wp:attachment":[{"href":"https:\/\/www.namude.lt\/ru\/wp-json\/wp\/v2\/media?parent=26740"}],"wp:term":[{"taxonomy":"product_brand","embeddable":true,"href":"https:\/\/www.namude.lt\/ru\/wp-json\/wp\/v2\/product_brand?post=26740"},{"taxonomy":"product_cat","embeddable":true,"href":"https:\/\/www.namude.lt\/ru\/wp-json\/wp\/v2\/product_cat?post=26740"},{"taxonomy":"product_tag","embeddable":true,"href":"https:\/\/www.namude.lt\/ru\/wp-json\/wp\/v2\/product_tag?post=26740"}],"curies":[{"name":"wp","href":"https:\/\/api.w.org\/{rel}","templated":true}]}}