{"id":26706,"date":"2026-04-24T13:42:25","date_gmt":"2026-04-24T10:42:25","guid":{"rendered":"https:\/\/www.namude.lt\/?post_type=product&#038;p=26706"},"modified":"2026-04-24T13:42:26","modified_gmt":"2026-04-24T10:42:26","slug":"parduodama-namo-dalis-paciame-rokiskio-centre-respublikos-gatveje","status":"publish","type":"product","link":"https:\/\/www.namude.lt\/ru\/\u043e\u0431\u044a\u0435\u043a\u0442\/parduodama-namo-dalis-paciame-rokiskio-centre-respublikos-gatveje\/","title":{"rendered":"PARDUODAMA NAMO DALIS PA\u010cIAME ROKI\u0160KIO CENTRE \u2013 RESPUBLIKOS GATV\u0116JE!"},"content":{"rendered":"","protected":false},"excerpt":{"rendered":"<p><strong>Parduodama tvarkinga ir funkcionali namo dalis su 3,48 a \u017eem\u0117s sklypu vienoje patogiausi\u0173 Roki\u0161kio viet\u0173.<\/strong><a href=\"https:\/\/www.namude.lt\/kategorija\/namai\/?filter_rajonas=kiti-rajonai&#038;query_type_rajonas=or\"><\/a> Tai puikus pasirinkimas tiems, kurie nori gyventi miesto centre, ta\u010diau vertina ramyb\u0119 ir privatum\u0105.<br \/>\nPrivalumai:<br \/>\n\u2022\tBendras gyvenamosios dalies plotas \u2013 47,65 m\u00b2. Namuose rasite 2 kambarius, virtuv\u0119, vonios ir WC patalp\u0105 \u2013 viskas patogiai i\u0161planuota kasdieniam gyvenimui. Papildomai priklauso \u016bkinis priestatas (25 m\u00b2), kuris puikiai tiks sand\u0117liavimui, dirbtuv\u0117ms ar kitoms reikm\u0117ms;<br \/>\n\u2022\tNuosavas \u017eem\u0117s sklypas (3,48 a) ;<br \/>\n\u2022\t\u0160ildymas kieto kuro krosnimi;<br \/>\n\u2022\tVandentiekis ir kanalizacija miesto;<br \/>\n\u2022\tFunkcionalus i\u0161planavimas ;<br \/>\n\u2022\t\u016akinis pastatas papildomam patogumui ;<br \/>\n\u2022\tStrategi\u0161kai puiki vieta \u2013 pats miesto centras ;<br \/>\n\u2022\tVos keli\u0173 minu\u010di\u0173 atstumu:<br \/>\nparduotuv\u0117s, dar\u017eeliai, mokyklos, gydymo \u012fstaigos, autobus\u0173 stotis \u2013 viskas lengvai pasiekiama p\u0117s\u010diomis.<\/p>\n<p>Koordinat\u0117s :<br \/>\nmaps.lt &#8212; 55.960172, 25.586959<br \/>\nKvie\u010diame skambinti ir atvykti ap\u017ei\u016br\u0117ti!<\/p>\n","protected":false},"featured_media":26707,"template":"","meta":{"_acf_changed":false},"product_brand":[],"product_cat":[26],"product_tag":[],"class_list":{"0":"post-26706","1":"product","2":"type-product","3":"status-publish","4":"has-post-thumbnail","6":"product_cat-namai","7":"pa_rajonas-kiti-rajonai","8":"description-off","10":"first","11":"instock","12":"shipping-taxable","13":"purchasable","14":"product-type-simple"},"acf":[],"yoast_head":"<!-- This site is optimized with the Yoast SEO plugin v27.4 - https:\/\/yoast.com\/product\/yoast-seo-wordpress\/ -->\n<title>PARDUODAMA NAMO DALIS PA\u010cIAME ROKI\u0160KIO CENTRE \u2013 RESPUBLIKOS GATV\u0116JE! - Namud\u0117<\/title>\n<meta name=\"robots\" content=\"index, follow, max-snippet:-1, max-image-preview:large, max-video-preview:-1\" \/>\n<link rel=\"canonical\" href=\"https:\/\/www.namude.lt\/objektas\/parduodama-namo-dalis-paciame-rokiskio-centre-respublikos-gatveje\/\" \/>\n<meta property=\"og:locale\" content=\"ru_RU\" \/>\n<meta property=\"og:type\" content=\"article\" \/>\n<meta property=\"og:title\" content=\"PARDUODAMA NAMO DALIS PA\u010cIAME ROKI\u0160KIO CENTRE \u2013 RESPUBLIKOS GATV\u0116JE! - Namud\u0117\" \/>\n<meta property=\"og:description\" content=\"Parduodama tvarkinga ir funkcionali namo dalis su 3,48 a \u017eem\u0117s sklypu vienoje patogiausi\u0173 Roki\u0161kio viet\u0173. Tai puikus pasirinkimas tiems, kurie nori gyventi miesto centre, ta\u010diau vertina ramyb\u0119 ir privatum\u0105. Privalumai: \u2022 Bendras gyvenamosios dalies plotas \u2013 47,65 m\u00b2. Namuose rasite 2 kambarius, virtuv\u0119, vonios ir WC patalp\u0105 \u2013 viskas patogiai i\u0161planuota kasdieniam gyvenimui. Papildomai priklauso \u016bkinis priestatas (25 m\u00b2), kuris puikiai tiks sand\u0117liavimui, dirbtuv\u0117ms ar kitoms reikm\u0117ms; \u2022 Nuosavas \u017eem\u0117s sklypas (3,48 a) ; \u2022 \u0160ildymas kieto kuro krosnimi; \u2022 Vandentiekis ir kanalizacija miesto; \u2022 Funkcionalus i\u0161planavimas ; \u2022 \u016akinis pastatas papildomam patogumui ; \u2022 Strategi\u0161kai puiki vieta \u2013 pats miesto centras ; \u2022 Vos keli\u0173 minu\u010di\u0173 atstumu: parduotuv\u0117s, dar\u017eeliai, mokyklos, gydymo \u012fstaigos, autobus\u0173 stotis \u2013 viskas lengvai pasiekiama p\u0117s\u010diomis.  Koordinat\u0117s :  maps.lt - 55.960172, 25.586959 Kvie\u010diame skambinti ir atvykti ap\u017ei\u016br\u0117ti!\" \/>\n<meta property=\"og:url\" content=\"https:\/\/www.namude.lt\/objektas\/parduodama-namo-dalis-paciame-rokiskio-centre-respublikos-gatveje\/\" \/>\n<meta property=\"og:site_name\" content=\"Namud\u0117\" \/>\n<meta property=\"article:modified_time\" content=\"2026-04-24T10:42:26+00:00\" \/>\n<meta property=\"og:image\" content=\"https:\/\/www.namude.lt\/wp-content\/uploads\/2026\/04\/1-11.jpg\" \/>\n\t<meta property=\"og:image:width\" content=\"1448\" \/>\n\t<meta property=\"og:image:height\" content=\"1086\" \/>\n\t<meta property=\"og:image:type\" content=\"image\/jpeg\" \/>\n<meta name=\"twitter:card\" content=\"summary_large_image\" \/>\n<script type=\"application\/ld+json\" class=\"yoast-schema-graph\">{\"@context\":\"https:\\\/\\\/schema.org\",\"@graph\":[{\"@type\":\"WebPage\",\"@id\":\"https:\\\/\\\/www.namude.lt\\\/objektas\\\/parduodama-namo-dalis-paciame-rokiskio-centre-respublikos-gatveje\\\/\",\"url\":\"https:\\\/\\\/www.namude.lt\\\/objektas\\\/parduodama-namo-dalis-paciame-rokiskio-centre-respublikos-gatveje\\\/\",\"name\":\"PARDUODAMA NAMO DALIS PA\u010cIAME ROKI\u0160KIO CENTRE \u2013 RESPUBLIKOS GATV\u0116JE! - Namud\u0117\",\"isPartOf\":{\"@id\":\"https:\\\/\\\/www.namude.lt\\\/#website\"},\"primaryImageOfPage\":{\"@id\":\"https:\\\/\\\/www.namude.lt\\\/objektas\\\/parduodama-namo-dalis-paciame-rokiskio-centre-respublikos-gatveje\\\/#primaryimage\"},\"image\":{\"@id\":\"https:\\\/\\\/www.namude.lt\\\/objektas\\\/parduodama-namo-dalis-paciame-rokiskio-centre-respublikos-gatveje\\\/#primaryimage\"},\"thumbnailUrl\":\"https:\\\/\\\/www.namude.lt\\\/wp-content\\\/uploads\\\/2026\\\/04\\\/1-11.jpg\",\"datePublished\":\"2026-04-24T10:42:25+00:00\",\"dateModified\":\"2026-04-24T10:42:26+00:00\",\"breadcrumb\":{\"@id\":\"https:\\\/\\\/www.namude.lt\\\/objektas\\\/parduodama-namo-dalis-paciame-rokiskio-centre-respublikos-gatveje\\\/#breadcrumb\"},\"inLanguage\":\"ru-RU\",\"potentialAction\":[{\"@type\":\"ReadAction\",\"target\":[\"https:\\\/\\\/www.namude.lt\\\/objektas\\\/parduodama-namo-dalis-paciame-rokiskio-centre-respublikos-gatveje\\\/\"]}]},{\"@type\":\"ImageObject\",\"inLanguage\":\"ru-RU\",\"@id\":\"https:\\\/\\\/www.namude.lt\\\/objektas\\\/parduodama-namo-dalis-paciame-rokiskio-centre-respublikos-gatveje\\\/#primaryimage\",\"url\":\"https:\\\/\\\/www.namude.lt\\\/wp-content\\\/uploads\\\/2026\\\/04\\\/1-11.jpg\",\"contentUrl\":\"https:\\\/\\\/www.namude.lt\\\/wp-content\\\/uploads\\\/2026\\\/04\\\/1-11.jpg\",\"width\":1448,\"height\":1086},{\"@type\":\"BreadcrumbList\",\"@id\":\"https:\\\/\\\/www.namude.lt\\\/objektas\\\/parduodama-namo-dalis-paciame-rokiskio-centre-respublikos-gatveje\\\/#breadcrumb\",\"itemListElement\":[{\"@type\":\"ListItem\",\"position\":1,\"name\":\"Home\",\"item\":\"https:\\\/\\\/www.namude.lt\\\/ru\\\/\"},{\"@type\":\"ListItem\",\"position\":2,\"name\":\"\u041e\u0431\u044a\u0435\u043a\u0442\u044b\",\"item\":\"https:\\\/\\\/www.namude.lt\\\/ru\\\/%d0%be%d0%b1%d1%8a%d0%b5%d0%ba%d1%82%d1%8b\\\/\"},{\"@type\":\"ListItem\",\"position\":3,\"name\":\"PARDUODAMA NAMO DALIS PA\u010cIAME ROKI\u0160KIO CENTRE \u2013 RESPUBLIKOS GATV\u0116JE!\"}]},{\"@type\":\"WebSite\",\"@id\":\"https:\\\/\\\/www.namude.lt\\\/#website\",\"url\":\"https:\\\/\\\/www.namude.lt\\\/\",\"name\":\"Namud\u0117\",\"description\":\"\u201eNamud\u0117\u201c \u2013 agent\u016bra, pardavin\u0117janti Auk\u0161taitijos NT grynuolius.\",\"publisher\":{\"@id\":\"https:\\\/\\\/www.namude.lt\\\/#organization\"},\"potentialAction\":[{\"@type\":\"SearchAction\",\"target\":{\"@type\":\"EntryPoint\",\"urlTemplate\":\"https:\\\/\\\/www.namude.lt\\\/?s={search_term_string}\"},\"query-input\":{\"@type\":\"PropertyValueSpecification\",\"valueRequired\":true,\"valueName\":\"search_term_string\"}}],\"inLanguage\":\"ru-RU\"},{\"@type\":\"Organization\",\"@id\":\"https:\\\/\\\/www.namude.lt\\\/#organization\",\"name\":\"Namud\u0117\",\"url\":\"https:\\\/\\\/www.namude.lt\\\/\",\"logo\":{\"@type\":\"ImageObject\",\"inLanguage\":\"ru-RU\",\"@id\":\"https:\\\/\\\/www.namude.lt\\\/#\\\/schema\\\/logo\\\/image\\\/\",\"url\":\"https:\\\/\\\/www.namude.lt\\\/wp-content\\\/uploads\\\/2023\\\/11\\\/logo-symbol.svg\",\"contentUrl\":\"https:\\\/\\\/www.namude.lt\\\/wp-content\\\/uploads\\\/2023\\\/11\\\/logo-symbol.svg\",\"width\":1,\"height\":1,\"caption\":\"Namud\u0117\"},\"image\":{\"@id\":\"https:\\\/\\\/www.namude.lt\\\/#\\\/schema\\\/logo\\\/image\\\/\"}}]}<\/script>\n<!-- \/ Yoast SEO plugin. -->","yoast_head_json":{"title":"PARDUODAMA NAMO DALIS PA\u010cIAME ROKI\u0160KIO CENTRE \u2013 RESPUBLIKOS GATV\u0116JE! - Namud\u0117","robots":{"index":"index","follow":"follow","max-snippet":"max-snippet:-1","max-image-preview":"max-image-preview:large","max-video-preview":"max-video-preview:-1"},"canonical":"https:\/\/www.namude.lt\/objektas\/parduodama-namo-dalis-paciame-rokiskio-centre-respublikos-gatveje\/","og_locale":"ru_RU","og_type":"article","og_title":"PARDUODAMA NAMO DALIS PA\u010cIAME ROKI\u0160KIO CENTRE \u2013 RESPUBLIKOS GATV\u0116JE! - Namud\u0117","og_description":"Parduodama tvarkinga ir funkcionali namo dalis su 3,48 a \u017eem\u0117s sklypu vienoje patogiausi\u0173 Roki\u0161kio viet\u0173. Tai puikus pasirinkimas tiems, kurie nori gyventi miesto centre, ta\u010diau vertina ramyb\u0119 ir privatum\u0105. Privalumai: \u2022 Bendras gyvenamosios dalies plotas \u2013 47,65 m\u00b2. Namuose rasite 2 kambarius, virtuv\u0119, vonios ir WC patalp\u0105 \u2013 viskas patogiai i\u0161planuota kasdieniam gyvenimui. Papildomai priklauso \u016bkinis priestatas (25 m\u00b2), kuris puikiai tiks sand\u0117liavimui, dirbtuv\u0117ms ar kitoms reikm\u0117ms; \u2022 Nuosavas \u017eem\u0117s sklypas (3,48 a) ; \u2022 \u0160ildymas kieto kuro krosnimi; \u2022 Vandentiekis ir kanalizacija miesto; \u2022 Funkcionalus i\u0161planavimas ; \u2022 \u016akinis pastatas papildomam patogumui ; \u2022 Strategi\u0161kai puiki vieta \u2013 pats miesto centras ; \u2022 Vos keli\u0173 minu\u010di\u0173 atstumu: parduotuv\u0117s, dar\u017eeliai, mokyklos, gydymo \u012fstaigos, autobus\u0173 stotis \u2013 viskas lengvai pasiekiama p\u0117s\u010diomis.  Koordinat\u0117s :  maps.lt - 55.960172, 25.586959 Kvie\u010diame skambinti ir atvykti ap\u017ei\u016br\u0117ti!","og_url":"https:\/\/www.namude.lt\/objektas\/parduodama-namo-dalis-paciame-rokiskio-centre-respublikos-gatveje\/","og_site_name":"Namud\u0117","article_modified_time":"2026-04-24T10:42:26+00:00","og_image":[{"width":1448,"height":1086,"url":"https:\/\/www.namude.lt\/wp-content\/uploads\/2026\/04\/1-11.jpg","type":"image\/jpeg"}],"twitter_card":"summary_large_image","schema":{"@context":"https:\/\/schema.org","@graph":[{"@type":"WebPage","@id":"https:\/\/www.namude.lt\/objektas\/parduodama-namo-dalis-paciame-rokiskio-centre-respublikos-gatveje\/","url":"https:\/\/www.namude.lt\/objektas\/parduodama-namo-dalis-paciame-rokiskio-centre-respublikos-gatveje\/","name":"PARDUODAMA NAMO DALIS PA\u010cIAME ROKI\u0160KIO CENTRE \u2013 RESPUBLIKOS GATV\u0116JE! - Namud\u0117","isPartOf":{"@id":"https:\/\/www.namude.lt\/#website"},"primaryImageOfPage":{"@id":"https:\/\/www.namude.lt\/objektas\/parduodama-namo-dalis-paciame-rokiskio-centre-respublikos-gatveje\/#primaryimage"},"image":{"@id":"https:\/\/www.namude.lt\/objektas\/parduodama-namo-dalis-paciame-rokiskio-centre-respublikos-gatveje\/#primaryimage"},"thumbnailUrl":"https:\/\/www.namude.lt\/wp-content\/uploads\/2026\/04\/1-11.jpg","datePublished":"2026-04-24T10:42:25+00:00","dateModified":"2026-04-24T10:42:26+00:00","breadcrumb":{"@id":"https:\/\/www.namude.lt\/objektas\/parduodama-namo-dalis-paciame-rokiskio-centre-respublikos-gatveje\/#breadcrumb"},"inLanguage":"ru-RU","potentialAction":[{"@type":"ReadAction","target":["https:\/\/www.namude.lt\/objektas\/parduodama-namo-dalis-paciame-rokiskio-centre-respublikos-gatveje\/"]}]},{"@type":"ImageObject","inLanguage":"ru-RU","@id":"https:\/\/www.namude.lt\/objektas\/parduodama-namo-dalis-paciame-rokiskio-centre-respublikos-gatveje\/#primaryimage","url":"https:\/\/www.namude.lt\/wp-content\/uploads\/2026\/04\/1-11.jpg","contentUrl":"https:\/\/www.namude.lt\/wp-content\/uploads\/2026\/04\/1-11.jpg","width":1448,"height":1086},{"@type":"BreadcrumbList","@id":"https:\/\/www.namude.lt\/objektas\/parduodama-namo-dalis-paciame-rokiskio-centre-respublikos-gatveje\/#breadcrumb","itemListElement":[{"@type":"ListItem","position":1,"name":"Home","item":"https:\/\/www.namude.lt\/ru\/"},{"@type":"ListItem","position":2,"name":"\u041e\u0431\u044a\u0435\u043a\u0442\u044b","item":"https:\/\/www.namude.lt\/ru\/%d0%be%d0%b1%d1%8a%d0%b5%d0%ba%d1%82%d1%8b\/"},{"@type":"ListItem","position":3,"name":"PARDUODAMA NAMO DALIS PA\u010cIAME ROKI\u0160KIO CENTRE \u2013 RESPUBLIKOS GATV\u0116JE!"}]},{"@type":"WebSite","@id":"https:\/\/www.namude.lt\/#website","url":"https:\/\/www.namude.lt\/","name":"Namud\u0117","description":"\u201eNamud\u0117\u201c \u2013 agent\u016bra, pardavin\u0117janti Auk\u0161taitijos NT grynuolius.","publisher":{"@id":"https:\/\/www.namude.lt\/#organization"},"potentialAction":[{"@type":"SearchAction","target":{"@type":"EntryPoint","urlTemplate":"https:\/\/www.namude.lt\/?s={search_term_string}"},"query-input":{"@type":"PropertyValueSpecification","valueRequired":true,"valueName":"search_term_string"}}],"inLanguage":"ru-RU"},{"@type":"Organization","@id":"https:\/\/www.namude.lt\/#organization","name":"Namud\u0117","url":"https:\/\/www.namude.lt\/","logo":{"@type":"ImageObject","inLanguage":"ru-RU","@id":"https:\/\/www.namude.lt\/#\/schema\/logo\/image\/","url":"https:\/\/www.namude.lt\/wp-content\/uploads\/2023\/11\/logo-symbol.svg","contentUrl":"https:\/\/www.namude.lt\/wp-content\/uploads\/2023\/11\/logo-symbol.svg","width":1,"height":1,"caption":"Namud\u0117"},"image":{"@id":"https:\/\/www.namude.lt\/#\/schema\/logo\/image\/"}}]}},"_links":{"self":[{"href":"https:\/\/www.namude.lt\/ru\/wp-json\/wp\/v2\/product\/26706","targetHints":{"allow":["GET"]}}],"collection":[{"href":"https:\/\/www.namude.lt\/ru\/wp-json\/wp\/v2\/product"}],"about":[{"href":"https:\/\/www.namude.lt\/ru\/wp-json\/wp\/v2\/types\/product"}],"wp:featuredmedia":[{"embeddable":true,"href":"https:\/\/www.namude.lt\/ru\/wp-json\/wp\/v2\/media\/26707"}],"wp:attachment":[{"href":"https:\/\/www.namude.lt\/ru\/wp-json\/wp\/v2\/media?parent=26706"}],"wp:term":[{"taxonomy":"product_brand","embeddable":true,"href":"https:\/\/www.namude.lt\/ru\/wp-json\/wp\/v2\/product_brand?post=26706"},{"taxonomy":"product_cat","embeddable":true,"href":"https:\/\/www.namude.lt\/ru\/wp-json\/wp\/v2\/product_cat?post=26706"},{"taxonomy":"product_tag","embeddable":true,"href":"https:\/\/www.namude.lt\/ru\/wp-json\/wp\/v2\/product_tag?post=26706"}],"curies":[{"name":"wp","href":"https:\/\/api.w.org\/{rel}","templated":true}]}}