{"id":26702,"date":"2026-04-23T16:22:39","date_gmt":"2026-04-23T13:22:39","guid":{"rendered":"https:\/\/www.namude.lt\/?post_type=product&#038;p=26702"},"modified":"2026-04-23T16:22:39","modified_gmt":"2026-04-23T13:22:39","slug":"parduodamas-10a-sklypas-moletu-mieste","status":"publish","type":"product","link":"https:\/\/www.namude.lt\/ru\/\u043e\u0431\u044a\u0435\u043a\u0442\/parduodamas-10a-sklypas-moletu-mieste\/","title":{"rendered":"PARDUODAMAS  10A SKLYPAS MOL\u0116T\u0172 MIESTE"},"content":{"rendered":"","protected":false},"excerpt":{"rendered":"<p>Parduodamas patrauklus sklypas strategi\u0161kai patogioje vietoje \u2013 Amat\u0173 g., Mol\u0117t\u0173 mieste. Sklypas yra  gyvenam\u0173j\u0173 nam\u0173 kaimynyst\u0117je ir puikiai tinka individualaus namo statybai ar investicijai.<br \/>\nAtstumai iki Mol\u0117t\u0173 miesto centro \u2013 700m, autobus\u0173 stotel\u0117 \u2013 300m, autobus\u0173 stotis \u2013 1 km, gydymo \u012fstaiga \u2013 700 m, dar\u017eelis \u2013 500 m, parduotuv\u0117\u2013 300m., Pastovio ir Pastov\u0117lio e\u017eerai \u2013 1 km, Duri\u0173 e\u017eeras \u2013 2km.<br \/>\nPrivalumai:<br \/>\n&#8212;\t10,37a nam\u0173 valdos sklypas suformuotas atliekant kadastrinius matavimus;<br \/>\n&#8212;\tMiesto komunikacijos: vandentiekis, nuotekos;<br \/>\n&#8212;\t\u012evesta 7kW elektros galia.<br \/>\nKoordinat\u0117s 55.232918, 25.412020<\/p>\n","protected":false},"featured_media":26703,"template":"","meta":{"_acf_changed":false},"product_brand":[],"product_cat":[24],"product_tag":[],"class_list":{"0":"post-26702","1":"product","2":"type-product","3":"status-publish","4":"has-post-thumbnail","6":"product_cat-sklypai","7":"pa_rajonas-moletu-rajonas","8":"description-off","10":"first","11":"instock","12":"shipping-taxable","13":"purchasable","14":"product-type-simple"},"acf":[],"yoast_head":"<!-- This site is optimized with the Yoast SEO plugin v27.4 - https:\/\/yoast.com\/product\/yoast-seo-wordpress\/ -->\n<title>PARDUODAMAS 10A SKLYPAS MOL\u0116T\u0172 MIESTE - Namud\u0117<\/title>\n<meta name=\"robots\" content=\"index, follow, max-snippet:-1, max-image-preview:large, max-video-preview:-1\" \/>\n<link rel=\"canonical\" href=\"https:\/\/www.namude.lt\/objektas\/parduodamas-10a-sklypas-moletu-mieste\/\" \/>\n<meta property=\"og:locale\" content=\"ru_RU\" \/>\n<meta property=\"og:type\" content=\"article\" \/>\n<meta property=\"og:title\" content=\"PARDUODAMAS 10A SKLYPAS MOL\u0116T\u0172 MIESTE - Namud\u0117\" \/>\n<meta property=\"og:description\" content=\"Parduodamas patrauklus sklypas strategi\u0161kai patogioje vietoje \u2013 Amat\u0173 g., Mol\u0117t\u0173 mieste. Sklypas yra gyvenam\u0173j\u0173 nam\u0173 kaimynyst\u0117je ir puikiai tinka individualaus namo statybai ar investicijai. Atstumai iki Mol\u0117t\u0173 miesto centro \u2013 700m, autobus\u0173 stotel\u0117 \u2013 300m, autobus\u0173 stotis \u2013 1 km, gydymo \u012fstaiga \u2013 700 m, dar\u017eelis \u2013 500 m, parduotuv\u0117\u2013 300m., Pastovio ir Pastov\u0117lio e\u017eerai \u2013 1 km, Duri\u0173 e\u017eeras \u2013 2km. Privalumai: - 10,37a nam\u0173 valdos sklypas suformuotas atliekant kadastrinius matavimus; - Miesto komunikacijos: vandentiekis, nuotekos; - \u012evesta 7kW elektros galia. Koordinat\u0117s 55.232918, 25.412020\" \/>\n<meta property=\"og:url\" content=\"https:\/\/www.namude.lt\/objektas\/parduodamas-10a-sklypas-moletu-mieste\/\" \/>\n<meta property=\"og:site_name\" content=\"Namud\u0117\" \/>\n<meta property=\"og:image\" content=\"https:\/\/www.namude.lt\/wp-content\/uploads\/2026\/04\/Amatu-17.jpg\" \/>\n\t<meta property=\"og:image:width\" content=\"882\" \/>\n\t<meta property=\"og:image:height\" content=\"706\" \/>\n\t<meta property=\"og:image:type\" content=\"image\/jpeg\" \/>\n<meta name=\"twitter:card\" content=\"summary_large_image\" \/>\n<script type=\"application\/ld+json\" class=\"yoast-schema-graph\">{\"@context\":\"https:\\\/\\\/schema.org\",\"@graph\":[{\"@type\":\"WebPage\",\"@id\":\"https:\\\/\\\/www.namude.lt\\\/objektas\\\/parduodamas-10a-sklypas-moletu-mieste\\\/\",\"url\":\"https:\\\/\\\/www.namude.lt\\\/objektas\\\/parduodamas-10a-sklypas-moletu-mieste\\\/\",\"name\":\"PARDUODAMAS 10A SKLYPAS MOL\u0116T\u0172 MIESTE - Namud\u0117\",\"isPartOf\":{\"@id\":\"https:\\\/\\\/www.namude.lt\\\/#website\"},\"primaryImageOfPage\":{\"@id\":\"https:\\\/\\\/www.namude.lt\\\/objektas\\\/parduodamas-10a-sklypas-moletu-mieste\\\/#primaryimage\"},\"image\":{\"@id\":\"https:\\\/\\\/www.namude.lt\\\/objektas\\\/parduodamas-10a-sklypas-moletu-mieste\\\/#primaryimage\"},\"thumbnailUrl\":\"https:\\\/\\\/www.namude.lt\\\/wp-content\\\/uploads\\\/2026\\\/04\\\/Amatu-17.jpg\",\"datePublished\":\"2026-04-23T13:22:39+00:00\",\"breadcrumb\":{\"@id\":\"https:\\\/\\\/www.namude.lt\\\/objektas\\\/parduodamas-10a-sklypas-moletu-mieste\\\/#breadcrumb\"},\"inLanguage\":\"ru-RU\",\"potentialAction\":[{\"@type\":\"ReadAction\",\"target\":[\"https:\\\/\\\/www.namude.lt\\\/objektas\\\/parduodamas-10a-sklypas-moletu-mieste\\\/\"]}]},{\"@type\":\"ImageObject\",\"inLanguage\":\"ru-RU\",\"@id\":\"https:\\\/\\\/www.namude.lt\\\/objektas\\\/parduodamas-10a-sklypas-moletu-mieste\\\/#primaryimage\",\"url\":\"https:\\\/\\\/www.namude.lt\\\/wp-content\\\/uploads\\\/2026\\\/04\\\/Amatu-17.jpg\",\"contentUrl\":\"https:\\\/\\\/www.namude.lt\\\/wp-content\\\/uploads\\\/2026\\\/04\\\/Amatu-17.jpg\",\"width\":882,\"height\":706},{\"@type\":\"BreadcrumbList\",\"@id\":\"https:\\\/\\\/www.namude.lt\\\/objektas\\\/parduodamas-10a-sklypas-moletu-mieste\\\/#breadcrumb\",\"itemListElement\":[{\"@type\":\"ListItem\",\"position\":1,\"name\":\"Home\",\"item\":\"https:\\\/\\\/www.namude.lt\\\/ru\\\/\"},{\"@type\":\"ListItem\",\"position\":2,\"name\":\"\u041e\u0431\u044a\u0435\u043a\u0442\u044b\",\"item\":\"https:\\\/\\\/www.namude.lt\\\/ru\\\/%d0%be%d0%b1%d1%8a%d0%b5%d0%ba%d1%82%d1%8b\\\/\"},{\"@type\":\"ListItem\",\"position\":3,\"name\":\"PARDUODAMAS 10A SKLYPAS MOL\u0116T\u0172 MIESTE\"}]},{\"@type\":\"WebSite\",\"@id\":\"https:\\\/\\\/www.namude.lt\\\/#website\",\"url\":\"https:\\\/\\\/www.namude.lt\\\/\",\"name\":\"Namud\u0117\",\"description\":\"\u201eNamud\u0117\u201c \u2013 agent\u016bra, pardavin\u0117janti Auk\u0161taitijos NT grynuolius.\",\"publisher\":{\"@id\":\"https:\\\/\\\/www.namude.lt\\\/#organization\"},\"potentialAction\":[{\"@type\":\"SearchAction\",\"target\":{\"@type\":\"EntryPoint\",\"urlTemplate\":\"https:\\\/\\\/www.namude.lt\\\/?s={search_term_string}\"},\"query-input\":{\"@type\":\"PropertyValueSpecification\",\"valueRequired\":true,\"valueName\":\"search_term_string\"}}],\"inLanguage\":\"ru-RU\"},{\"@type\":\"Organization\",\"@id\":\"https:\\\/\\\/www.namude.lt\\\/#organization\",\"name\":\"Namud\u0117\",\"url\":\"https:\\\/\\\/www.namude.lt\\\/\",\"logo\":{\"@type\":\"ImageObject\",\"inLanguage\":\"ru-RU\",\"@id\":\"https:\\\/\\\/www.namude.lt\\\/#\\\/schema\\\/logo\\\/image\\\/\",\"url\":\"https:\\\/\\\/www.namude.lt\\\/wp-content\\\/uploads\\\/2023\\\/11\\\/logo-symbol.svg\",\"contentUrl\":\"https:\\\/\\\/www.namude.lt\\\/wp-content\\\/uploads\\\/2023\\\/11\\\/logo-symbol.svg\",\"width\":1,\"height\":1,\"caption\":\"Namud\u0117\"},\"image\":{\"@id\":\"https:\\\/\\\/www.namude.lt\\\/#\\\/schema\\\/logo\\\/image\\\/\"}}]}<\/script>\n<!-- \/ Yoast SEO plugin. -->","yoast_head_json":{"title":"PARDUODAMAS 10A SKLYPAS MOL\u0116T\u0172 MIESTE - Namud\u0117","robots":{"index":"index","follow":"follow","max-snippet":"max-snippet:-1","max-image-preview":"max-image-preview:large","max-video-preview":"max-video-preview:-1"},"canonical":"https:\/\/www.namude.lt\/objektas\/parduodamas-10a-sklypas-moletu-mieste\/","og_locale":"ru_RU","og_type":"article","og_title":"PARDUODAMAS 10A SKLYPAS MOL\u0116T\u0172 MIESTE - Namud\u0117","og_description":"Parduodamas patrauklus sklypas strategi\u0161kai patogioje vietoje \u2013 Amat\u0173 g., Mol\u0117t\u0173 mieste. Sklypas yra gyvenam\u0173j\u0173 nam\u0173 kaimynyst\u0117je ir puikiai tinka individualaus namo statybai ar investicijai. Atstumai iki Mol\u0117t\u0173 miesto centro \u2013 700m, autobus\u0173 stotel\u0117 \u2013 300m, autobus\u0173 stotis \u2013 1 km, gydymo \u012fstaiga \u2013 700 m, dar\u017eelis \u2013 500 m, parduotuv\u0117\u2013 300m., Pastovio ir Pastov\u0117lio e\u017eerai \u2013 1 km, Duri\u0173 e\u017eeras \u2013 2km. Privalumai: - 10,37a nam\u0173 valdos sklypas suformuotas atliekant kadastrinius matavimus; - Miesto komunikacijos: vandentiekis, nuotekos; - \u012evesta 7kW elektros galia. Koordinat\u0117s 55.232918, 25.412020","og_url":"https:\/\/www.namude.lt\/objektas\/parduodamas-10a-sklypas-moletu-mieste\/","og_site_name":"Namud\u0117","og_image":[{"width":882,"height":706,"url":"https:\/\/www.namude.lt\/wp-content\/uploads\/2026\/04\/Amatu-17.jpg","type":"image\/jpeg"}],"twitter_card":"summary_large_image","schema":{"@context":"https:\/\/schema.org","@graph":[{"@type":"WebPage","@id":"https:\/\/www.namude.lt\/objektas\/parduodamas-10a-sklypas-moletu-mieste\/","url":"https:\/\/www.namude.lt\/objektas\/parduodamas-10a-sklypas-moletu-mieste\/","name":"PARDUODAMAS 10A SKLYPAS MOL\u0116T\u0172 MIESTE - Namud\u0117","isPartOf":{"@id":"https:\/\/www.namude.lt\/#website"},"primaryImageOfPage":{"@id":"https:\/\/www.namude.lt\/objektas\/parduodamas-10a-sklypas-moletu-mieste\/#primaryimage"},"image":{"@id":"https:\/\/www.namude.lt\/objektas\/parduodamas-10a-sklypas-moletu-mieste\/#primaryimage"},"thumbnailUrl":"https:\/\/www.namude.lt\/wp-content\/uploads\/2026\/04\/Amatu-17.jpg","datePublished":"2026-04-23T13:22:39+00:00","breadcrumb":{"@id":"https:\/\/www.namude.lt\/objektas\/parduodamas-10a-sklypas-moletu-mieste\/#breadcrumb"},"inLanguage":"ru-RU","potentialAction":[{"@type":"ReadAction","target":["https:\/\/www.namude.lt\/objektas\/parduodamas-10a-sklypas-moletu-mieste\/"]}]},{"@type":"ImageObject","inLanguage":"ru-RU","@id":"https:\/\/www.namude.lt\/objektas\/parduodamas-10a-sklypas-moletu-mieste\/#primaryimage","url":"https:\/\/www.namude.lt\/wp-content\/uploads\/2026\/04\/Amatu-17.jpg","contentUrl":"https:\/\/www.namude.lt\/wp-content\/uploads\/2026\/04\/Amatu-17.jpg","width":882,"height":706},{"@type":"BreadcrumbList","@id":"https:\/\/www.namude.lt\/objektas\/parduodamas-10a-sklypas-moletu-mieste\/#breadcrumb","itemListElement":[{"@type":"ListItem","position":1,"name":"Home","item":"https:\/\/www.namude.lt\/ru\/"},{"@type":"ListItem","position":2,"name":"\u041e\u0431\u044a\u0435\u043a\u0442\u044b","item":"https:\/\/www.namude.lt\/ru\/%d0%be%d0%b1%d1%8a%d0%b5%d0%ba%d1%82%d1%8b\/"},{"@type":"ListItem","position":3,"name":"PARDUODAMAS 10A SKLYPAS MOL\u0116T\u0172 MIESTE"}]},{"@type":"WebSite","@id":"https:\/\/www.namude.lt\/#website","url":"https:\/\/www.namude.lt\/","name":"Namud\u0117","description":"\u201eNamud\u0117\u201c \u2013 agent\u016bra, pardavin\u0117janti Auk\u0161taitijos NT grynuolius.","publisher":{"@id":"https:\/\/www.namude.lt\/#organization"},"potentialAction":[{"@type":"SearchAction","target":{"@type":"EntryPoint","urlTemplate":"https:\/\/www.namude.lt\/?s={search_term_string}"},"query-input":{"@type":"PropertyValueSpecification","valueRequired":true,"valueName":"search_term_string"}}],"inLanguage":"ru-RU"},{"@type":"Organization","@id":"https:\/\/www.namude.lt\/#organization","name":"Namud\u0117","url":"https:\/\/www.namude.lt\/","logo":{"@type":"ImageObject","inLanguage":"ru-RU","@id":"https:\/\/www.namude.lt\/#\/schema\/logo\/image\/","url":"https:\/\/www.namude.lt\/wp-content\/uploads\/2023\/11\/logo-symbol.svg","contentUrl":"https:\/\/www.namude.lt\/wp-content\/uploads\/2023\/11\/logo-symbol.svg","width":1,"height":1,"caption":"Namud\u0117"},"image":{"@id":"https:\/\/www.namude.lt\/#\/schema\/logo\/image\/"}}]}},"_links":{"self":[{"href":"https:\/\/www.namude.lt\/ru\/wp-json\/wp\/v2\/product\/26702","targetHints":{"allow":["GET"]}}],"collection":[{"href":"https:\/\/www.namude.lt\/ru\/wp-json\/wp\/v2\/product"}],"about":[{"href":"https:\/\/www.namude.lt\/ru\/wp-json\/wp\/v2\/types\/product"}],"wp:featuredmedia":[{"embeddable":true,"href":"https:\/\/www.namude.lt\/ru\/wp-json\/wp\/v2\/media\/26703"}],"wp:attachment":[{"href":"https:\/\/www.namude.lt\/ru\/wp-json\/wp\/v2\/media?parent=26702"}],"wp:term":[{"taxonomy":"product_brand","embeddable":true,"href":"https:\/\/www.namude.lt\/ru\/wp-json\/wp\/v2\/product_brand?post=26702"},{"taxonomy":"product_cat","embeddable":true,"href":"https:\/\/www.namude.lt\/ru\/wp-json\/wp\/v2\/product_cat?post=26702"},{"taxonomy":"product_tag","embeddable":true,"href":"https:\/\/www.namude.lt\/ru\/wp-json\/wp\/v2\/product_tag?post=26702"}],"curies":[{"name":"wp","href":"https:\/\/api.w.org\/{rel}","templated":true}]}}