{"id":26614,"date":"2026-04-23T15:29:26","date_gmt":"2026-04-23T12:29:26","guid":{"rendered":"https:\/\/www.namude.lt\/?post_type=product&#038;p=26614"},"modified":"2026-04-23T15:29:26","modified_gmt":"2026-04-23T12:29:26","slug":"parduodamas-erdvus-sklypas-apsuptas-misku-su-poilsio-pastatais-moletu-rajone","status":"publish","type":"product","link":"https:\/\/www.namude.lt\/ru\/\u043e\u0431\u044a\u0435\u043a\u0442\/parduodamas-erdvus-sklypas-apsuptas-misku-su-poilsio-pastatais-moletu-rajone\/","title":{"rendered":"PARDUODAMAS ERDVUS SKLYPAS APSUPTAS MI\u0160KU SU POILSIO PASTATAIS MOL\u0116T\u0172 RAJONE"},"content":{"rendered":"","protected":false},"excerpt":{"rendered":"<p>\u012esivaizduokite viet\u0105, kur rytai prasideda su r\u016bku vir\u0161 piev\u0173, o vakarai palydimi visi\u0161koje tyloje, tik su gamtos garsais\u2026Parduodamas i\u0161skirtinis beveik 7 ha sklypas apsuptas Gyvatin\u0117s mi\u0161ko Medeiki\u0173 kaime, Mol\u0117t\u0173 rajone \u2013 vietoje, kur galima pab\u0117gti nuo miesto tempo ir susikurti savo asmenin\u0119 ramyb\u0117s oaz\u0119.<br \/>\nTai ne tik \u017eem\u0117s sklypas \u2013 tai erdv\u0117 j\u016bs\u0173 vizijai. Sodybai, poilsio kompleksui, \u016bkiui ar investicijai \u012f ateit\u012f. Didelis plotas suteikia laisv\u0119 kurti be kompromis\u0173: privatumas, erdv\u0117 ir gamta aplink.<br \/>\nPRIVALUMAI:<br \/>\n\u2013 Ant sodybos pamat\u0173 pastatytas mobilus namelis, kuris yra ap\u0161iltintas ir pristatyta erdvi teras\u0105 su lauko virtuve. Namelyje yra visos komunikacijos, 3 miegamieji, svetain\u0117s erdv\u0117, vonios ir tualeto patalpa.<br \/>\n\u2013 \u017dem\u0117s sklypo plotas \u2013 6,75 ha, sklypas susideda i\u0161 3 atskir\u0173 sklyp\u0173;<br \/>\n\u2013 Naujai statyta pirtis su terasa;<br \/>\n\u2013 2 gara\u017eai;<br \/>\n\u20132 tvenkiniai;<br \/>\n\u2013 \u0160alimais yra Pravalo e\u017eero, iki e\u017eero 500 m;<br \/>\n\u2013 Patogus priva\u017eiavimas, atstumai iki \u017daug\u0117d\u0173 5 km, Joni\u0161kio 9 km, Pabrad\u0117s 22 km, Mol\u0117t\u0173 35 km, \u0160ven\u010dion\u0117li\u0173 49 km, Utenos 67 km, Vilniaus 70 km.<\/p>\n","protected":false},"featured_media":26615,"template":"","meta":{"_acf_changed":false},"product_brand":[],"product_cat":[23],"product_tag":[],"class_list":{"0":"post-26614","1":"product","2":"type-product","3":"status-publish","4":"has-post-thumbnail","6":"product_cat-sodybos","7":"pa_rajonas-moletu-rajonas","8":"description-off","10":"first","11":"instock","12":"shipping-taxable","13":"purchasable","14":"product-type-simple"},"acf":[],"yoast_head":"<!-- This site is optimized with the Yoast SEO plugin v27.4 - https:\/\/yoast.com\/product\/yoast-seo-wordpress\/ -->\n<title>PARDUODAMAS ERDVUS SKLYPAS APSUPTAS MI\u0160KU SU POILSIO PASTATAIS MOL\u0116T\u0172 RAJONE - Namud\u0117<\/title>\n<meta name=\"robots\" content=\"index, follow, max-snippet:-1, max-image-preview:large, max-video-preview:-1\" \/>\n<link rel=\"canonical\" href=\"https:\/\/www.namude.lt\/objektas\/parduodamas-erdvus-sklypas-apsuptas-misku-su-poilsio-pastatais-moletu-rajone\/\" \/>\n<meta property=\"og:locale\" content=\"ru_RU\" \/>\n<meta property=\"og:type\" content=\"article\" \/>\n<meta property=\"og:title\" content=\"PARDUODAMAS ERDVUS SKLYPAS APSUPTAS MI\u0160KU SU POILSIO PASTATAIS MOL\u0116T\u0172 RAJONE - Namud\u0117\" \/>\n<meta property=\"og:description\" content=\"\u012esivaizduokite viet\u0105, kur rytai prasideda su r\u016bku vir\u0161 piev\u0173, o vakarai palydimi visi\u0161koje tyloje, tik su gamtos garsais\u2026Parduodamas i\u0161skirtinis beveik 7 ha sklypas apsuptas Gyvatin\u0117s mi\u0161ko Medeiki\u0173 kaime, Mol\u0117t\u0173 rajone \u2013 vietoje, kur galima pab\u0117gti nuo miesto tempo ir susikurti savo asmenin\u0119 ramyb\u0117s oaz\u0119. Tai ne tik \u017eem\u0117s sklypas \u2013 tai erdv\u0117 j\u016bs\u0173 vizijai. Sodybai, poilsio kompleksui, \u016bkiui ar investicijai \u012f ateit\u012f. Didelis plotas suteikia laisv\u0119 kurti be kompromis\u0173: privatumas, erdv\u0117 ir gamta aplink. PRIVALUMAI: \u2013 Ant sodybos pamat\u0173 pastatytas mobilus namelis, kuris yra ap\u0161iltintas ir pristatyta erdvi teras\u0105 su lauko virtuve. Namelyje yra visos komunikacijos, 3 miegamieji, svetain\u0117s erdv\u0117, vonios ir tualeto patalpa. \u2013 \u017dem\u0117s sklypo plotas \u2013 6,75 ha, sklypas susideda i\u0161 3 atskir\u0173 sklyp\u0173; \u2013 Naujai statyta pirtis su terasa; \u2013 2 gara\u017eai; \u20132 tvenkiniai; \u2013 \u0160alimais yra Pravalo e\u017eero, iki e\u017eero 500 m; \u2013 Patogus priva\u017eiavimas, atstumai iki \u017daug\u0117d\u0173 5 km, Joni\u0161kio 9 km, Pabrad\u0117s 22 km, Mol\u0117t\u0173 35 km, \u0160ven\u010dion\u0117li\u0173 49 km, Utenos 67 km, Vilniaus 70 km.\" \/>\n<meta property=\"og:url\" content=\"https:\/\/www.namude.lt\/objektas\/parduodamas-erdvus-sklypas-apsuptas-misku-su-poilsio-pastatais-moletu-rajone\/\" \/>\n<meta property=\"og:site_name\" content=\"Namud\u0117\" \/>\n<meta property=\"og:image\" content=\"https:\/\/www.namude.lt\/wp-content\/uploads\/2026\/04\/1-10.jpg\" \/>\n\t<meta property=\"og:image:width\" content=\"2400\" \/>\n\t<meta property=\"og:image:height\" content=\"1800\" \/>\n\t<meta property=\"og:image:type\" content=\"image\/jpeg\" \/>\n<meta name=\"twitter:card\" content=\"summary_large_image\" \/>\n<script type=\"application\/ld+json\" class=\"yoast-schema-graph\">{\"@context\":\"https:\\\/\\\/schema.org\",\"@graph\":[{\"@type\":\"WebPage\",\"@id\":\"https:\\\/\\\/www.namude.lt\\\/objektas\\\/parduodamas-erdvus-sklypas-apsuptas-misku-su-poilsio-pastatais-moletu-rajone\\\/\",\"url\":\"https:\\\/\\\/www.namude.lt\\\/objektas\\\/parduodamas-erdvus-sklypas-apsuptas-misku-su-poilsio-pastatais-moletu-rajone\\\/\",\"name\":\"PARDUODAMAS ERDVUS SKLYPAS APSUPTAS MI\u0160KU SU POILSIO PASTATAIS MOL\u0116T\u0172 RAJONE - Namud\u0117\",\"isPartOf\":{\"@id\":\"https:\\\/\\\/www.namude.lt\\\/#website\"},\"primaryImageOfPage\":{\"@id\":\"https:\\\/\\\/www.namude.lt\\\/objektas\\\/parduodamas-erdvus-sklypas-apsuptas-misku-su-poilsio-pastatais-moletu-rajone\\\/#primaryimage\"},\"image\":{\"@id\":\"https:\\\/\\\/www.namude.lt\\\/objektas\\\/parduodamas-erdvus-sklypas-apsuptas-misku-su-poilsio-pastatais-moletu-rajone\\\/#primaryimage\"},\"thumbnailUrl\":\"https:\\\/\\\/www.namude.lt\\\/wp-content\\\/uploads\\\/2026\\\/04\\\/1-10.jpg\",\"datePublished\":\"2026-04-23T12:29:26+00:00\",\"breadcrumb\":{\"@id\":\"https:\\\/\\\/www.namude.lt\\\/objektas\\\/parduodamas-erdvus-sklypas-apsuptas-misku-su-poilsio-pastatais-moletu-rajone\\\/#breadcrumb\"},\"inLanguage\":\"ru-RU\",\"potentialAction\":[{\"@type\":\"ReadAction\",\"target\":[\"https:\\\/\\\/www.namude.lt\\\/objektas\\\/parduodamas-erdvus-sklypas-apsuptas-misku-su-poilsio-pastatais-moletu-rajone\\\/\"]}]},{\"@type\":\"ImageObject\",\"inLanguage\":\"ru-RU\",\"@id\":\"https:\\\/\\\/www.namude.lt\\\/objektas\\\/parduodamas-erdvus-sklypas-apsuptas-misku-su-poilsio-pastatais-moletu-rajone\\\/#primaryimage\",\"url\":\"https:\\\/\\\/www.namude.lt\\\/wp-content\\\/uploads\\\/2026\\\/04\\\/1-10.jpg\",\"contentUrl\":\"https:\\\/\\\/www.namude.lt\\\/wp-content\\\/uploads\\\/2026\\\/04\\\/1-10.jpg\",\"width\":2400,\"height\":1800},{\"@type\":\"BreadcrumbList\",\"@id\":\"https:\\\/\\\/www.namude.lt\\\/objektas\\\/parduodamas-erdvus-sklypas-apsuptas-misku-su-poilsio-pastatais-moletu-rajone\\\/#breadcrumb\",\"itemListElement\":[{\"@type\":\"ListItem\",\"position\":1,\"name\":\"Home\",\"item\":\"https:\\\/\\\/www.namude.lt\\\/ru\\\/\"},{\"@type\":\"ListItem\",\"position\":2,\"name\":\"\u041e\u0431\u044a\u0435\u043a\u0442\u044b\",\"item\":\"https:\\\/\\\/www.namude.lt\\\/ru\\\/%d0%be%d0%b1%d1%8a%d0%b5%d0%ba%d1%82%d1%8b\\\/\"},{\"@type\":\"ListItem\",\"position\":3,\"name\":\"PARDUODAMAS ERDVUS SKLYPAS APSUPTAS MI\u0160KU SU POILSIO PASTATAIS MOL\u0116T\u0172 RAJONE\"}]},{\"@type\":\"WebSite\",\"@id\":\"https:\\\/\\\/www.namude.lt\\\/#website\",\"url\":\"https:\\\/\\\/www.namude.lt\\\/\",\"name\":\"Namud\u0117\",\"description\":\"\u201eNamud\u0117\u201c \u2013 agent\u016bra, pardavin\u0117janti Auk\u0161taitijos NT grynuolius.\",\"publisher\":{\"@id\":\"https:\\\/\\\/www.namude.lt\\\/#organization\"},\"potentialAction\":[{\"@type\":\"SearchAction\",\"target\":{\"@type\":\"EntryPoint\",\"urlTemplate\":\"https:\\\/\\\/www.namude.lt\\\/?s={search_term_string}\"},\"query-input\":{\"@type\":\"PropertyValueSpecification\",\"valueRequired\":true,\"valueName\":\"search_term_string\"}}],\"inLanguage\":\"ru-RU\"},{\"@type\":\"Organization\",\"@id\":\"https:\\\/\\\/www.namude.lt\\\/#organization\",\"name\":\"Namud\u0117\",\"url\":\"https:\\\/\\\/www.namude.lt\\\/\",\"logo\":{\"@type\":\"ImageObject\",\"inLanguage\":\"ru-RU\",\"@id\":\"https:\\\/\\\/www.namude.lt\\\/#\\\/schema\\\/logo\\\/image\\\/\",\"url\":\"https:\\\/\\\/www.namude.lt\\\/wp-content\\\/uploads\\\/2023\\\/11\\\/logo-symbol.svg\",\"contentUrl\":\"https:\\\/\\\/www.namude.lt\\\/wp-content\\\/uploads\\\/2023\\\/11\\\/logo-symbol.svg\",\"width\":1,\"height\":1,\"caption\":\"Namud\u0117\"},\"image\":{\"@id\":\"https:\\\/\\\/www.namude.lt\\\/#\\\/schema\\\/logo\\\/image\\\/\"}}]}<\/script>\n<!-- \/ Yoast SEO plugin. -->","yoast_head_json":{"title":"PARDUODAMAS ERDVUS SKLYPAS APSUPTAS MI\u0160KU SU POILSIO PASTATAIS MOL\u0116T\u0172 RAJONE - Namud\u0117","robots":{"index":"index","follow":"follow","max-snippet":"max-snippet:-1","max-image-preview":"max-image-preview:large","max-video-preview":"max-video-preview:-1"},"canonical":"https:\/\/www.namude.lt\/objektas\/parduodamas-erdvus-sklypas-apsuptas-misku-su-poilsio-pastatais-moletu-rajone\/","og_locale":"ru_RU","og_type":"article","og_title":"PARDUODAMAS ERDVUS SKLYPAS APSUPTAS MI\u0160KU SU POILSIO PASTATAIS MOL\u0116T\u0172 RAJONE - Namud\u0117","og_description":"\u012esivaizduokite viet\u0105, kur rytai prasideda su r\u016bku vir\u0161 piev\u0173, o vakarai palydimi visi\u0161koje tyloje, tik su gamtos garsais\u2026Parduodamas i\u0161skirtinis beveik 7 ha sklypas apsuptas Gyvatin\u0117s mi\u0161ko Medeiki\u0173 kaime, Mol\u0117t\u0173 rajone \u2013 vietoje, kur galima pab\u0117gti nuo miesto tempo ir susikurti savo asmenin\u0119 ramyb\u0117s oaz\u0119. Tai ne tik \u017eem\u0117s sklypas \u2013 tai erdv\u0117 j\u016bs\u0173 vizijai. Sodybai, poilsio kompleksui, \u016bkiui ar investicijai \u012f ateit\u012f. Didelis plotas suteikia laisv\u0119 kurti be kompromis\u0173: privatumas, erdv\u0117 ir gamta aplink. PRIVALUMAI: \u2013 Ant sodybos pamat\u0173 pastatytas mobilus namelis, kuris yra ap\u0161iltintas ir pristatyta erdvi teras\u0105 su lauko virtuve. Namelyje yra visos komunikacijos, 3 miegamieji, svetain\u0117s erdv\u0117, vonios ir tualeto patalpa. \u2013 \u017dem\u0117s sklypo plotas \u2013 6,75 ha, sklypas susideda i\u0161 3 atskir\u0173 sklyp\u0173; \u2013 Naujai statyta pirtis su terasa; \u2013 2 gara\u017eai; \u20132 tvenkiniai; \u2013 \u0160alimais yra Pravalo e\u017eero, iki e\u017eero 500 m; \u2013 Patogus priva\u017eiavimas, atstumai iki \u017daug\u0117d\u0173 5 km, Joni\u0161kio 9 km, Pabrad\u0117s 22 km, Mol\u0117t\u0173 35 km, \u0160ven\u010dion\u0117li\u0173 49 km, Utenos 67 km, Vilniaus 70 km.","og_url":"https:\/\/www.namude.lt\/objektas\/parduodamas-erdvus-sklypas-apsuptas-misku-su-poilsio-pastatais-moletu-rajone\/","og_site_name":"Namud\u0117","og_image":[{"width":2400,"height":1800,"url":"https:\/\/www.namude.lt\/wp-content\/uploads\/2026\/04\/1-10.jpg","type":"image\/jpeg"}],"twitter_card":"summary_large_image","schema":{"@context":"https:\/\/schema.org","@graph":[{"@type":"WebPage","@id":"https:\/\/www.namude.lt\/objektas\/parduodamas-erdvus-sklypas-apsuptas-misku-su-poilsio-pastatais-moletu-rajone\/","url":"https:\/\/www.namude.lt\/objektas\/parduodamas-erdvus-sklypas-apsuptas-misku-su-poilsio-pastatais-moletu-rajone\/","name":"PARDUODAMAS ERDVUS SKLYPAS APSUPTAS MI\u0160KU SU POILSIO PASTATAIS MOL\u0116T\u0172 RAJONE - Namud\u0117","isPartOf":{"@id":"https:\/\/www.namude.lt\/#website"},"primaryImageOfPage":{"@id":"https:\/\/www.namude.lt\/objektas\/parduodamas-erdvus-sklypas-apsuptas-misku-su-poilsio-pastatais-moletu-rajone\/#primaryimage"},"image":{"@id":"https:\/\/www.namude.lt\/objektas\/parduodamas-erdvus-sklypas-apsuptas-misku-su-poilsio-pastatais-moletu-rajone\/#primaryimage"},"thumbnailUrl":"https:\/\/www.namude.lt\/wp-content\/uploads\/2026\/04\/1-10.jpg","datePublished":"2026-04-23T12:29:26+00:00","breadcrumb":{"@id":"https:\/\/www.namude.lt\/objektas\/parduodamas-erdvus-sklypas-apsuptas-misku-su-poilsio-pastatais-moletu-rajone\/#breadcrumb"},"inLanguage":"ru-RU","potentialAction":[{"@type":"ReadAction","target":["https:\/\/www.namude.lt\/objektas\/parduodamas-erdvus-sklypas-apsuptas-misku-su-poilsio-pastatais-moletu-rajone\/"]}]},{"@type":"ImageObject","inLanguage":"ru-RU","@id":"https:\/\/www.namude.lt\/objektas\/parduodamas-erdvus-sklypas-apsuptas-misku-su-poilsio-pastatais-moletu-rajone\/#primaryimage","url":"https:\/\/www.namude.lt\/wp-content\/uploads\/2026\/04\/1-10.jpg","contentUrl":"https:\/\/www.namude.lt\/wp-content\/uploads\/2026\/04\/1-10.jpg","width":2400,"height":1800},{"@type":"BreadcrumbList","@id":"https:\/\/www.namude.lt\/objektas\/parduodamas-erdvus-sklypas-apsuptas-misku-su-poilsio-pastatais-moletu-rajone\/#breadcrumb","itemListElement":[{"@type":"ListItem","position":1,"name":"Home","item":"https:\/\/www.namude.lt\/ru\/"},{"@type":"ListItem","position":2,"name":"\u041e\u0431\u044a\u0435\u043a\u0442\u044b","item":"https:\/\/www.namude.lt\/ru\/%d0%be%d0%b1%d1%8a%d0%b5%d0%ba%d1%82%d1%8b\/"},{"@type":"ListItem","position":3,"name":"PARDUODAMAS ERDVUS SKLYPAS APSUPTAS MI\u0160KU SU POILSIO PASTATAIS MOL\u0116T\u0172 RAJONE"}]},{"@type":"WebSite","@id":"https:\/\/www.namude.lt\/#website","url":"https:\/\/www.namude.lt\/","name":"Namud\u0117","description":"\u201eNamud\u0117\u201c \u2013 agent\u016bra, pardavin\u0117janti Auk\u0161taitijos NT grynuolius.","publisher":{"@id":"https:\/\/www.namude.lt\/#organization"},"potentialAction":[{"@type":"SearchAction","target":{"@type":"EntryPoint","urlTemplate":"https:\/\/www.namude.lt\/?s={search_term_string}"},"query-input":{"@type":"PropertyValueSpecification","valueRequired":true,"valueName":"search_term_string"}}],"inLanguage":"ru-RU"},{"@type":"Organization","@id":"https:\/\/www.namude.lt\/#organization","name":"Namud\u0117","url":"https:\/\/www.namude.lt\/","logo":{"@type":"ImageObject","inLanguage":"ru-RU","@id":"https:\/\/www.namude.lt\/#\/schema\/logo\/image\/","url":"https:\/\/www.namude.lt\/wp-content\/uploads\/2023\/11\/logo-symbol.svg","contentUrl":"https:\/\/www.namude.lt\/wp-content\/uploads\/2023\/11\/logo-symbol.svg","width":1,"height":1,"caption":"Namud\u0117"},"image":{"@id":"https:\/\/www.namude.lt\/#\/schema\/logo\/image\/"}}]}},"_links":{"self":[{"href":"https:\/\/www.namude.lt\/ru\/wp-json\/wp\/v2\/product\/26614","targetHints":{"allow":["GET"]}}],"collection":[{"href":"https:\/\/www.namude.lt\/ru\/wp-json\/wp\/v2\/product"}],"about":[{"href":"https:\/\/www.namude.lt\/ru\/wp-json\/wp\/v2\/types\/product"}],"wp:featuredmedia":[{"embeddable":true,"href":"https:\/\/www.namude.lt\/ru\/wp-json\/wp\/v2\/media\/26615"}],"wp:attachment":[{"href":"https:\/\/www.namude.lt\/ru\/wp-json\/wp\/v2\/media?parent=26614"}],"wp:term":[{"taxonomy":"product_brand","embeddable":true,"href":"https:\/\/www.namude.lt\/ru\/wp-json\/wp\/v2\/product_brand?post=26614"},{"taxonomy":"product_cat","embeddable":true,"href":"https:\/\/www.namude.lt\/ru\/wp-json\/wp\/v2\/product_cat?post=26614"},{"taxonomy":"product_tag","embeddable":true,"href":"https:\/\/www.namude.lt\/ru\/wp-json\/wp\/v2\/product_tag?post=26614"}],"curies":[{"name":"wp","href":"https:\/\/api.w.org\/{rel}","templated":true}]}}