{"id":26493,"date":"2026-04-17T16:49:55","date_gmt":"2026-04-17T13:49:55","guid":{"rendered":"https:\/\/www.namude.lt\/?post_type=product&#038;p=26493"},"modified":"2026-04-17T16:49:55","modified_gmt":"2026-04-17T13:49:55","slug":"parduodamas-3-kambariu-butas-seskineje-vilniuje","status":"publish","type":"product","link":"https:\/\/www.namude.lt\/ru\/\u043e\u0431\u044a\u0435\u043a\u0442\/parduodamas-3-kambariu-butas-seskineje-vilniuje\/","title":{"rendered":"PARDUODAMAS 3 KAMBARI\u0172 BUTAS \u0160E\u0160KIN\u0116JE, VILNIUJE"},"content":{"rendered":"","protected":false},"excerpt":{"rendered":"<p>Parduodamas \u0161viesus ir jaukus, \u012frengtas 3 kambari\u0173 butas \u0160e\u0161kin\u0117je. Idealiai tinka ie\u0161kantiems nam\u0173 arti centro, prekybos centr\u0173 ir gamtos park\u0173.<\/p>\n<p>Parduodamas butas su visais baldais ir buitine technika jame. Butas i\u0161siskiria patogiu i\u0161planavimu ir  jaukiais kambariais. Namas \u012fsik\u016br\u0119s strategi\u0161kai patogioje vietoje \u2013 aplink puikiai i\u0161vystyta infrastrukt\u016bra: prekybos centrai, mokyklos, dar\u017eeliai, gydymo \u012fstaigos, sporto klubai. Patogus ir greitas susisiekimas su Vilniaus centru tiek vie\u0161uoju transportu, tiek automobiliu.<\/p>\n<p>PRIVALUMAI:<br \/>\n\u2013 Auk\u0161tas: 2\/5;<br \/>\n\u2013 Bendras plotas: 62 kv. m;<br \/>\n\u2013 Balkonas;<br \/>\n\u2013 Vonios kambarys ir WC atskirose patalpose;<br \/>\n\u2013 R\u016bsys;<br \/>\n\u2013 Patogus susisiekimas su miesto centru (iki 10min).<\/p>\n","protected":false},"featured_media":26494,"template":"","meta":{"_acf_changed":false},"product_brand":[],"product_cat":[27],"product_tag":[],"class_list":{"0":"post-26493","1":"product","2":"type-product","3":"status-publish","4":"has-post-thumbnail","6":"product_cat-butai","7":"pa_rajonas-vilniaus-raj","8":"description-off","10":"first","11":"instock","12":"shipping-taxable","13":"purchasable","14":"product-type-simple"},"acf":[],"yoast_head":"<!-- This site is optimized with the Yoast SEO plugin v27.0 - https:\/\/yoast.com\/product\/yoast-seo-wordpress\/ -->\n<title>PARDUODAMAS 3 KAMBARI\u0172 BUTAS \u0160E\u0160KIN\u0116JE, VILNIUJE - Namud\u0117<\/title>\n<meta name=\"robots\" content=\"index, follow, max-snippet:-1, max-image-preview:large, max-video-preview:-1\" \/>\n<link rel=\"canonical\" href=\"https:\/\/www.namude.lt\/objektas\/parduodamas-3-kambariu-butas-seskineje-vilniuje\/\" \/>\n<meta property=\"og:locale\" content=\"ru_RU\" \/>\n<meta property=\"og:type\" content=\"article\" \/>\n<meta property=\"og:title\" content=\"PARDUODAMAS 3 KAMBARI\u0172 BUTAS \u0160E\u0160KIN\u0116JE, VILNIUJE - Namud\u0117\" \/>\n<meta property=\"og:description\" content=\"Parduodamas \u0161viesus ir jaukus, \u012frengtas 3 kambari\u0173 butas \u0160e\u0161kin\u0117je. Idealiai tinka ie\u0161kantiems nam\u0173 arti centro, prekybos centr\u0173 ir gamtos park\u0173.  Parduodamas butas su visais baldais ir buitine technika jame. Butas i\u0161siskiria patogiu i\u0161planavimu ir jaukiais kambariais. Namas \u012fsik\u016br\u0119s strategi\u0161kai patogioje vietoje \u2013 aplink puikiai i\u0161vystyta infrastrukt\u016bra: prekybos centrai, mokyklos, dar\u017eeliai, gydymo \u012fstaigos, sporto klubai. Patogus ir greitas susisiekimas su Vilniaus centru tiek vie\u0161uoju transportu, tiek automobiliu.  PRIVALUMAI: \u2013 Auk\u0161tas: 2\/5; \u2013 Bendras plotas: 62 kv. m; \u2013 Balkonas; \u2013 Vonios kambarys ir WC atskirose patalpose; \u2013 R\u016bsys; \u2013 Patogus susisiekimas su miesto centru (iki 10min).\" \/>\n<meta property=\"og:url\" content=\"https:\/\/www.namude.lt\/objektas\/parduodamas-3-kambariu-butas-seskineje-vilniuje\/\" \/>\n<meta property=\"og:site_name\" content=\"Namud\u0117\" \/>\n<meta property=\"og:image\" content=\"https:\/\/www.namude.lt\/wp-content\/uploads\/2026\/04\/1-8.jpg\" \/>\n\t<meta property=\"og:image:width\" content=\"2400\" \/>\n\t<meta property=\"og:image:height\" content=\"1800\" \/>\n\t<meta property=\"og:image:type\" content=\"image\/jpeg\" \/>\n<meta name=\"twitter:card\" content=\"summary_large_image\" \/>\n<script type=\"application\/ld+json\" class=\"yoast-schema-graph\">{\"@context\":\"https:\/\/schema.org\",\"@graph\":[{\"@type\":\"WebPage\",\"@id\":\"https:\/\/www.namude.lt\/objektas\/parduodamas-3-kambariu-butas-seskineje-vilniuje\/\",\"url\":\"https:\/\/www.namude.lt\/objektas\/parduodamas-3-kambariu-butas-seskineje-vilniuje\/\",\"name\":\"PARDUODAMAS 3 KAMBARI\u0172 BUTAS \u0160E\u0160KIN\u0116JE, VILNIUJE - Namud\u0117\",\"isPartOf\":{\"@id\":\"https:\/\/www.namude.lt\/#website\"},\"primaryImageOfPage\":{\"@id\":\"https:\/\/www.namude.lt\/objektas\/parduodamas-3-kambariu-butas-seskineje-vilniuje\/#primaryimage\"},\"image\":{\"@id\":\"https:\/\/www.namude.lt\/objektas\/parduodamas-3-kambariu-butas-seskineje-vilniuje\/#primaryimage\"},\"thumbnailUrl\":\"https:\/\/www.namude.lt\/wp-content\/uploads\/2026\/04\/1-8.jpg\",\"datePublished\":\"2026-04-17T13:49:55+00:00\",\"breadcrumb\":{\"@id\":\"https:\/\/www.namude.lt\/objektas\/parduodamas-3-kambariu-butas-seskineje-vilniuje\/#breadcrumb\"},\"inLanguage\":\"ru-RU\",\"potentialAction\":[{\"@type\":\"ReadAction\",\"target\":[\"https:\/\/www.namude.lt\/objektas\/parduodamas-3-kambariu-butas-seskineje-vilniuje\/\"]}]},{\"@type\":\"ImageObject\",\"inLanguage\":\"ru-RU\",\"@id\":\"https:\/\/www.namude.lt\/objektas\/parduodamas-3-kambariu-butas-seskineje-vilniuje\/#primaryimage\",\"url\":\"https:\/\/www.namude.lt\/wp-content\/uploads\/2026\/04\/1-8.jpg\",\"contentUrl\":\"https:\/\/www.namude.lt\/wp-content\/uploads\/2026\/04\/1-8.jpg\",\"width\":2400,\"height\":1800},{\"@type\":\"BreadcrumbList\",\"@id\":\"https:\/\/www.namude.lt\/objektas\/parduodamas-3-kambariu-butas-seskineje-vilniuje\/#breadcrumb\",\"itemListElement\":[{\"@type\":\"ListItem\",\"position\":1,\"name\":\"Home\",\"item\":\"https:\/\/www.namude.lt\/ru\/\"},{\"@type\":\"ListItem\",\"position\":2,\"name\":\"\u041e\u0431\u044a\u0435\u043a\u0442\u044b\",\"item\":\"https:\/\/www.namude.lt\/ru\/%d0%be%d0%b1%d1%8a%d0%b5%d0%ba%d1%82%d1%8b\/\"},{\"@type\":\"ListItem\",\"position\":3,\"name\":\"PARDUODAMAS 3 KAMBARI\u0172 BUTAS \u0160E\u0160KIN\u0116JE, VILNIUJE\"}]},{\"@type\":\"WebSite\",\"@id\":\"https:\/\/www.namude.lt\/#website\",\"url\":\"https:\/\/www.namude.lt\/\",\"name\":\"Namud\u0117\",\"description\":\"\u201eNamud\u0117\u201c \u2013 agent\u016bra, pardavin\u0117janti Auk\u0161taitijos NT grynuolius.\",\"publisher\":{\"@id\":\"https:\/\/www.namude.lt\/#organization\"},\"potentialAction\":[{\"@type\":\"SearchAction\",\"target\":{\"@type\":\"EntryPoint\",\"urlTemplate\":\"https:\/\/www.namude.lt\/?s={search_term_string}\"},\"query-input\":{\"@type\":\"PropertyValueSpecification\",\"valueRequired\":true,\"valueName\":\"search_term_string\"}}],\"inLanguage\":\"ru-RU\"},{\"@type\":\"Organization\",\"@id\":\"https:\/\/www.namude.lt\/#organization\",\"name\":\"Namud\u0117\",\"url\":\"https:\/\/www.namude.lt\/\",\"logo\":{\"@type\":\"ImageObject\",\"inLanguage\":\"ru-RU\",\"@id\":\"https:\/\/www.namude.lt\/#\/schema\/logo\/image\/\",\"url\":\"https:\/\/www.namude.lt\/wp-content\/uploads\/2023\/11\/logo-symbol.svg\",\"contentUrl\":\"https:\/\/www.namude.lt\/wp-content\/uploads\/2023\/11\/logo-symbol.svg\",\"width\":1,\"height\":1,\"caption\":\"Namud\u0117\"},\"image\":{\"@id\":\"https:\/\/www.namude.lt\/#\/schema\/logo\/image\/\"}}]}<\/script>\n<!-- \/ Yoast SEO plugin. -->","yoast_head_json":{"title":"PARDUODAMAS 3 KAMBARI\u0172 BUTAS \u0160E\u0160KIN\u0116JE, VILNIUJE - Namud\u0117","robots":{"index":"index","follow":"follow","max-snippet":"max-snippet:-1","max-image-preview":"max-image-preview:large","max-video-preview":"max-video-preview:-1"},"canonical":"https:\/\/www.namude.lt\/objektas\/parduodamas-3-kambariu-butas-seskineje-vilniuje\/","og_locale":"ru_RU","og_type":"article","og_title":"PARDUODAMAS 3 KAMBARI\u0172 BUTAS \u0160E\u0160KIN\u0116JE, VILNIUJE - Namud\u0117","og_description":"Parduodamas \u0161viesus ir jaukus, \u012frengtas 3 kambari\u0173 butas \u0160e\u0161kin\u0117je. Idealiai tinka ie\u0161kantiems nam\u0173 arti centro, prekybos centr\u0173 ir gamtos park\u0173.  Parduodamas butas su visais baldais ir buitine technika jame. Butas i\u0161siskiria patogiu i\u0161planavimu ir jaukiais kambariais. Namas \u012fsik\u016br\u0119s strategi\u0161kai patogioje vietoje \u2013 aplink puikiai i\u0161vystyta infrastrukt\u016bra: prekybos centrai, mokyklos, dar\u017eeliai, gydymo \u012fstaigos, sporto klubai. Patogus ir greitas susisiekimas su Vilniaus centru tiek vie\u0161uoju transportu, tiek automobiliu.  PRIVALUMAI: \u2013 Auk\u0161tas: 2\/5; \u2013 Bendras plotas: 62 kv. m; \u2013 Balkonas; \u2013 Vonios kambarys ir WC atskirose patalpose; \u2013 R\u016bsys; \u2013 Patogus susisiekimas su miesto centru (iki 10min).","og_url":"https:\/\/www.namude.lt\/objektas\/parduodamas-3-kambariu-butas-seskineje-vilniuje\/","og_site_name":"Namud\u0117","og_image":[{"width":2400,"height":1800,"url":"https:\/\/www.namude.lt\/wp-content\/uploads\/2026\/04\/1-8.jpg","type":"image\/jpeg"}],"twitter_card":"summary_large_image","schema":{"@context":"https:\/\/schema.org","@graph":[{"@type":"WebPage","@id":"https:\/\/www.namude.lt\/objektas\/parduodamas-3-kambariu-butas-seskineje-vilniuje\/","url":"https:\/\/www.namude.lt\/objektas\/parduodamas-3-kambariu-butas-seskineje-vilniuje\/","name":"PARDUODAMAS 3 KAMBARI\u0172 BUTAS \u0160E\u0160KIN\u0116JE, VILNIUJE - Namud\u0117","isPartOf":{"@id":"https:\/\/www.namude.lt\/#website"},"primaryImageOfPage":{"@id":"https:\/\/www.namude.lt\/objektas\/parduodamas-3-kambariu-butas-seskineje-vilniuje\/#primaryimage"},"image":{"@id":"https:\/\/www.namude.lt\/objektas\/parduodamas-3-kambariu-butas-seskineje-vilniuje\/#primaryimage"},"thumbnailUrl":"https:\/\/www.namude.lt\/wp-content\/uploads\/2026\/04\/1-8.jpg","datePublished":"2026-04-17T13:49:55+00:00","breadcrumb":{"@id":"https:\/\/www.namude.lt\/objektas\/parduodamas-3-kambariu-butas-seskineje-vilniuje\/#breadcrumb"},"inLanguage":"ru-RU","potentialAction":[{"@type":"ReadAction","target":["https:\/\/www.namude.lt\/objektas\/parduodamas-3-kambariu-butas-seskineje-vilniuje\/"]}]},{"@type":"ImageObject","inLanguage":"ru-RU","@id":"https:\/\/www.namude.lt\/objektas\/parduodamas-3-kambariu-butas-seskineje-vilniuje\/#primaryimage","url":"https:\/\/www.namude.lt\/wp-content\/uploads\/2026\/04\/1-8.jpg","contentUrl":"https:\/\/www.namude.lt\/wp-content\/uploads\/2026\/04\/1-8.jpg","width":2400,"height":1800},{"@type":"BreadcrumbList","@id":"https:\/\/www.namude.lt\/objektas\/parduodamas-3-kambariu-butas-seskineje-vilniuje\/#breadcrumb","itemListElement":[{"@type":"ListItem","position":1,"name":"Home","item":"https:\/\/www.namude.lt\/ru\/"},{"@type":"ListItem","position":2,"name":"\u041e\u0431\u044a\u0435\u043a\u0442\u044b","item":"https:\/\/www.namude.lt\/ru\/%d0%be%d0%b1%d1%8a%d0%b5%d0%ba%d1%82%d1%8b\/"},{"@type":"ListItem","position":3,"name":"PARDUODAMAS 3 KAMBARI\u0172 BUTAS \u0160E\u0160KIN\u0116JE, VILNIUJE"}]},{"@type":"WebSite","@id":"https:\/\/www.namude.lt\/#website","url":"https:\/\/www.namude.lt\/","name":"Namud\u0117","description":"\u201eNamud\u0117\u201c \u2013 agent\u016bra, pardavin\u0117janti Auk\u0161taitijos NT grynuolius.","publisher":{"@id":"https:\/\/www.namude.lt\/#organization"},"potentialAction":[{"@type":"SearchAction","target":{"@type":"EntryPoint","urlTemplate":"https:\/\/www.namude.lt\/?s={search_term_string}"},"query-input":{"@type":"PropertyValueSpecification","valueRequired":true,"valueName":"search_term_string"}}],"inLanguage":"ru-RU"},{"@type":"Organization","@id":"https:\/\/www.namude.lt\/#organization","name":"Namud\u0117","url":"https:\/\/www.namude.lt\/","logo":{"@type":"ImageObject","inLanguage":"ru-RU","@id":"https:\/\/www.namude.lt\/#\/schema\/logo\/image\/","url":"https:\/\/www.namude.lt\/wp-content\/uploads\/2023\/11\/logo-symbol.svg","contentUrl":"https:\/\/www.namude.lt\/wp-content\/uploads\/2023\/11\/logo-symbol.svg","width":1,"height":1,"caption":"Namud\u0117"},"image":{"@id":"https:\/\/www.namude.lt\/#\/schema\/logo\/image\/"}}]}},"_links":{"self":[{"href":"https:\/\/www.namude.lt\/ru\/wp-json\/wp\/v2\/product\/26493","targetHints":{"allow":["GET"]}}],"collection":[{"href":"https:\/\/www.namude.lt\/ru\/wp-json\/wp\/v2\/product"}],"about":[{"href":"https:\/\/www.namude.lt\/ru\/wp-json\/wp\/v2\/types\/product"}],"wp:featuredmedia":[{"embeddable":true,"href":"https:\/\/www.namude.lt\/ru\/wp-json\/wp\/v2\/media\/26494"}],"wp:attachment":[{"href":"https:\/\/www.namude.lt\/ru\/wp-json\/wp\/v2\/media?parent=26493"}],"wp:term":[{"taxonomy":"product_brand","embeddable":true,"href":"https:\/\/www.namude.lt\/ru\/wp-json\/wp\/v2\/product_brand?post=26493"},{"taxonomy":"product_cat","embeddable":true,"href":"https:\/\/www.namude.lt\/ru\/wp-json\/wp\/v2\/product_cat?post=26493"},{"taxonomy":"product_tag","embeddable":true,"href":"https:\/\/www.namude.lt\/ru\/wp-json\/wp\/v2\/product_tag?post=26493"}],"curies":[{"name":"wp","href":"https:\/\/api.w.org\/{rel}","templated":true}]}}