{"id":26270,"date":"2026-04-15T08:47:51","date_gmt":"2026-04-15T05:47:51","guid":{"rendered":"https:\/\/www.namude.lt\/?post_type=product&#038;p=26270"},"modified":"2026-04-15T08:47:51","modified_gmt":"2026-04-15T05:47:51","slug":"parduodamas-erdvus-su-patogumais-gyvenamasis-namas-svencioniu-mieste","status":"publish","type":"product","link":"https:\/\/www.namude.lt\/ru\/\u043e\u0431\u044a\u0435\u043a\u0442\/parduodamas-erdvus-su-patogumais-gyvenamasis-namas-svencioniu-mieste\/","title":{"rendered":"Parduodamas erdvus su patogumais gyvenamasis namas \u0160ven\u010dioni\u0173 mieste!"},"content":{"rendered":"","protected":false},"excerpt":{"rendered":"<p>    Gyvenamasis namas randasi patogioje, ramioje ir rekonstruotoje \u0160ven\u010dioni\u0173 miesto gatv\u0117je \u2013 Ma\u017eojoje. Vos kelios minut\u0117s iki \u0160ven\u010dioni\u0173 m. centro, parduotuvi\u0173, parko, turgaus, poliklinikos, pa\u0161to, mokyklos ir kit\u0173 \u012fstaig\u0173 ir paslaug\u0173&#8230; 1961 m statybos r\u0105stinio gyvenamojo namo bendras plotas \u2013 137.92 kv. m. 1980 m namas buvo rekonstruotas &#8212; \u012frengti kambariai antrame auk\u0161te (mansardoje) ir patogumai (centrinis \u0161ildymas, vietinis vandentiekis ir nuotek\u0173 \u0161alinimas).<br \/>\nPRIVALUMAI:<br \/>\n&#8212; Dviej\u0173 auk\u0161t\u0173 (\u012frengta mansarda) namas bendro ploto -137.92 kv. m;<br \/>\n&#8212; Pirmame auk\u0161te \u2013 4 kambariai, koridorius su laiptine \u012f antr\u0105 auk\u0161t\u0105, virtuv\u0117, vonios ir tualeto patalpos (atskirai), dvi verandos;<br \/>\n&#8212; Antrame auk\u0161te (mansardoje) \u2013 3 kambariai, prie\u0161kambaris, didelis balkonas;<br \/>\n&#8212; R\u016bsys po dalimi namo (9.60 kv. m.);<br \/>\n&#8212; \u0160ildymas (centrinis) kietu kuru, vietinis vandentiekis ir nuotek\u0173 \u0161alinimas;<br \/>\n&#8212; Kiti statiniai \u2013 (\u016bkinis pastatas, gara\u017eas, stogin\u0117, kiemo r\u016bsys, \u0161ulinys);<br \/>\n&#8212; Pri\u017ei\u016br\u0117tas 7.92 aro sklypas (atlikti geodeziniai matavimai), apsodintas med\u017eiais ir augalais, visa teritorija aptverta:<br \/>\n&#8212;  Geras priva\u017eiavimas visais met\u0173 laikais. Iki Vilnius 85 km.<br \/>\n&#8212; Ram\u016bs ir tvarkingi kaimynai.<br \/>\n&#8212; Rekonstruota gatv\u0117 (naujos dangos, visi tinklai, \u0161viestuvai);<br \/>\n&#8212; Aplink \u0160ven\u010dionis puiki gamta: netoliese \u2013 e\u017eerai, mi\u0161kai, puikios s\u0105lygos poilsiui, \u017evejybai ar grybavimui.<\/p>\n<p>Maps.lt koordinat\u0117s: 55.132289, 26.160763<\/p>\n","protected":false},"featured_media":26271,"template":"","meta":{"_acf_changed":false},"product_brand":[],"product_cat":[26],"product_tag":[],"class_list":{"0":"post-26270","1":"product","2":"type-product","3":"status-publish","4":"has-post-thumbnail","6":"product_cat-namai","7":"pa_rajonas-svencioniu-rajonas","8":"description-off","10":"first","11":"instock","12":"shipping-taxable","13":"purchasable","14":"product-type-simple"},"acf":[],"yoast_head":"<!-- This site is optimized with the Yoast SEO plugin v27.0 - https:\/\/yoast.com\/product\/yoast-seo-wordpress\/ -->\n<title>Parduodamas erdvus su patogumais gyvenamasis namas \u0160ven\u010dioni\u0173 mieste! - Namud\u0117<\/title>\n<meta name=\"robots\" content=\"index, follow, max-snippet:-1, max-image-preview:large, max-video-preview:-1\" \/>\n<link rel=\"canonical\" href=\"https:\/\/www.namude.lt\/objektas\/parduodamas-erdvus-su-patogumais-gyvenamasis-namas-svencioniu-mieste\/\" \/>\n<meta property=\"og:locale\" content=\"ru_RU\" \/>\n<meta property=\"og:type\" content=\"article\" \/>\n<meta property=\"og:title\" content=\"Parduodamas erdvus su patogumais gyvenamasis namas \u0160ven\u010dioni\u0173 mieste! - Namud\u0117\" \/>\n<meta property=\"og:description\" content=\"Gyvenamasis namas randasi patogioje, ramioje ir rekonstruotoje \u0160ven\u010dioni\u0173 miesto gatv\u0117je \u2013 Ma\u017eojoje. Vos kelios minut\u0117s iki \u0160ven\u010dioni\u0173 m. centro, parduotuvi\u0173, parko, turgaus, poliklinikos, pa\u0161to, mokyklos ir kit\u0173 \u012fstaig\u0173 ir paslaug\u0173... 1961 m statybos r\u0105stinio gyvenamojo namo bendras plotas \u2013 137.92 kv. m. 1980 m namas buvo rekonstruotas - \u012frengti kambariai antrame auk\u0161te (mansardoje) ir patogumai (centrinis \u0161ildymas, vietinis vandentiekis ir nuotek\u0173 \u0161alinimas). PRIVALUMAI: - Dviej\u0173 auk\u0161t\u0173 (\u012frengta mansarda) namas bendro ploto -137.92 kv. m; - Pirmame auk\u0161te \u2013 4 kambariai, koridorius su laiptine \u012f antr\u0105 auk\u0161t\u0105, virtuv\u0117, vonios ir tualeto patalpos (atskirai), dvi verandos; - Antrame auk\u0161te (mansardoje) \u2013 3 kambariai, prie\u0161kambaris, didelis balkonas; - R\u016bsys po dalimi namo (9.60 kv. m.); - \u0160ildymas (centrinis) kietu kuru, vietinis vandentiekis ir nuotek\u0173 \u0161alinimas;  - Kiti statiniai \u2013 (\u016bkinis pastatas, gara\u017eas, stogin\u0117, kiemo r\u016bsys, \u0161ulinys); - Pri\u017ei\u016br\u0117tas 7.92 aro sklypas (atlikti geodeziniai matavimai), apsodintas med\u017eiais ir augalais, visa teritorija aptverta: - Geras priva\u017eiavimas visais met\u0173 laikais. Iki Vilnius 85 km. - Ram\u016bs ir tvarkingi kaimynai. - Rekonstruota gatv\u0117 (naujos dangos, visi tinklai, \u0161viestuvai); - Aplink \u0160ven\u010dionis puiki gamta: netoliese \u2013 e\u017eerai, mi\u0161kai, puikios s\u0105lygos poilsiui, \u017evejybai ar grybavimui.  Maps.lt koordinat\u0117s: 55.132289, 26.160763\" \/>\n<meta property=\"og:url\" content=\"https:\/\/www.namude.lt\/objektas\/parduodamas-erdvus-su-patogumais-gyvenamasis-namas-svencioniu-mieste\/\" \/>\n<meta property=\"og:site_name\" content=\"Namud\u0117\" \/>\n<meta property=\"og:image\" content=\"https:\/\/www.namude.lt\/wp-content\/uploads\/2026\/04\/1-4.jpg\" \/>\n\t<meta property=\"og:image:width\" content=\"798\" \/>\n\t<meta property=\"og:image:height\" content=\"600\" \/>\n\t<meta property=\"og:image:type\" content=\"image\/jpeg\" \/>\n<meta name=\"twitter:card\" content=\"summary_large_image\" \/>\n<script type=\"application\/ld+json\" class=\"yoast-schema-graph\">{\"@context\":\"https:\/\/schema.org\",\"@graph\":[{\"@type\":\"WebPage\",\"@id\":\"https:\/\/www.namude.lt\/objektas\/parduodamas-erdvus-su-patogumais-gyvenamasis-namas-svencioniu-mieste\/\",\"url\":\"https:\/\/www.namude.lt\/objektas\/parduodamas-erdvus-su-patogumais-gyvenamasis-namas-svencioniu-mieste\/\",\"name\":\"Parduodamas erdvus su patogumais gyvenamasis namas \u0160ven\u010dioni\u0173 mieste! - Namud\u0117\",\"isPartOf\":{\"@id\":\"https:\/\/www.namude.lt\/#website\"},\"primaryImageOfPage\":{\"@id\":\"https:\/\/www.namude.lt\/objektas\/parduodamas-erdvus-su-patogumais-gyvenamasis-namas-svencioniu-mieste\/#primaryimage\"},\"image\":{\"@id\":\"https:\/\/www.namude.lt\/objektas\/parduodamas-erdvus-su-patogumais-gyvenamasis-namas-svencioniu-mieste\/#primaryimage\"},\"thumbnailUrl\":\"https:\/\/www.namude.lt\/wp-content\/uploads\/2026\/04\/1-4.jpg\",\"datePublished\":\"2026-04-15T05:47:51+00:00\",\"breadcrumb\":{\"@id\":\"https:\/\/www.namude.lt\/objektas\/parduodamas-erdvus-su-patogumais-gyvenamasis-namas-svencioniu-mieste\/#breadcrumb\"},\"inLanguage\":\"ru-RU\",\"potentialAction\":[{\"@type\":\"ReadAction\",\"target\":[\"https:\/\/www.namude.lt\/objektas\/parduodamas-erdvus-su-patogumais-gyvenamasis-namas-svencioniu-mieste\/\"]}]},{\"@type\":\"ImageObject\",\"inLanguage\":\"ru-RU\",\"@id\":\"https:\/\/www.namude.lt\/objektas\/parduodamas-erdvus-su-patogumais-gyvenamasis-namas-svencioniu-mieste\/#primaryimage\",\"url\":\"https:\/\/www.namude.lt\/wp-content\/uploads\/2026\/04\/1-4.jpg\",\"contentUrl\":\"https:\/\/www.namude.lt\/wp-content\/uploads\/2026\/04\/1-4.jpg\",\"width\":798,\"height\":600},{\"@type\":\"BreadcrumbList\",\"@id\":\"https:\/\/www.namude.lt\/objektas\/parduodamas-erdvus-su-patogumais-gyvenamasis-namas-svencioniu-mieste\/#breadcrumb\",\"itemListElement\":[{\"@type\":\"ListItem\",\"position\":1,\"name\":\"Home\",\"item\":\"https:\/\/www.namude.lt\/ru\/\"},{\"@type\":\"ListItem\",\"position\":2,\"name\":\"\u041e\u0431\u044a\u0435\u043a\u0442\u044b\",\"item\":\"https:\/\/www.namude.lt\/ru\/%d0%be%d0%b1%d1%8a%d0%b5%d0%ba%d1%82%d1%8b\/\"},{\"@type\":\"ListItem\",\"position\":3,\"name\":\"Parduodamas erdvus su patogumais gyvenamasis namas \u0160ven\u010dioni\u0173 mieste!\"}]},{\"@type\":\"WebSite\",\"@id\":\"https:\/\/www.namude.lt\/#website\",\"url\":\"https:\/\/www.namude.lt\/\",\"name\":\"Namud\u0117\",\"description\":\"\u201eNamud\u0117\u201c \u2013 agent\u016bra, pardavin\u0117janti Auk\u0161taitijos NT grynuolius.\",\"publisher\":{\"@id\":\"https:\/\/www.namude.lt\/#organization\"},\"potentialAction\":[{\"@type\":\"SearchAction\",\"target\":{\"@type\":\"EntryPoint\",\"urlTemplate\":\"https:\/\/www.namude.lt\/?s={search_term_string}\"},\"query-input\":{\"@type\":\"PropertyValueSpecification\",\"valueRequired\":true,\"valueName\":\"search_term_string\"}}],\"inLanguage\":\"ru-RU\"},{\"@type\":\"Organization\",\"@id\":\"https:\/\/www.namude.lt\/#organization\",\"name\":\"Namud\u0117\",\"url\":\"https:\/\/www.namude.lt\/\",\"logo\":{\"@type\":\"ImageObject\",\"inLanguage\":\"ru-RU\",\"@id\":\"https:\/\/www.namude.lt\/#\/schema\/logo\/image\/\",\"url\":\"https:\/\/www.namude.lt\/wp-content\/uploads\/2023\/11\/logo-symbol.svg\",\"contentUrl\":\"https:\/\/www.namude.lt\/wp-content\/uploads\/2023\/11\/logo-symbol.svg\",\"width\":1,\"height\":1,\"caption\":\"Namud\u0117\"},\"image\":{\"@id\":\"https:\/\/www.namude.lt\/#\/schema\/logo\/image\/\"}}]}<\/script>\n<!-- \/ Yoast SEO plugin. -->","yoast_head_json":{"title":"Parduodamas erdvus su patogumais gyvenamasis namas \u0160ven\u010dioni\u0173 mieste! - Namud\u0117","robots":{"index":"index","follow":"follow","max-snippet":"max-snippet:-1","max-image-preview":"max-image-preview:large","max-video-preview":"max-video-preview:-1"},"canonical":"https:\/\/www.namude.lt\/objektas\/parduodamas-erdvus-su-patogumais-gyvenamasis-namas-svencioniu-mieste\/","og_locale":"ru_RU","og_type":"article","og_title":"Parduodamas erdvus su patogumais gyvenamasis namas \u0160ven\u010dioni\u0173 mieste! - Namud\u0117","og_description":"Gyvenamasis namas randasi patogioje, ramioje ir rekonstruotoje \u0160ven\u010dioni\u0173 miesto gatv\u0117je \u2013 Ma\u017eojoje. Vos kelios minut\u0117s iki \u0160ven\u010dioni\u0173 m. centro, parduotuvi\u0173, parko, turgaus, poliklinikos, pa\u0161to, mokyklos ir kit\u0173 \u012fstaig\u0173 ir paslaug\u0173... 1961 m statybos r\u0105stinio gyvenamojo namo bendras plotas \u2013 137.92 kv. m. 1980 m namas buvo rekonstruotas - \u012frengti kambariai antrame auk\u0161te (mansardoje) ir patogumai (centrinis \u0161ildymas, vietinis vandentiekis ir nuotek\u0173 \u0161alinimas). PRIVALUMAI: - Dviej\u0173 auk\u0161t\u0173 (\u012frengta mansarda) namas bendro ploto -137.92 kv. m; - Pirmame auk\u0161te \u2013 4 kambariai, koridorius su laiptine \u012f antr\u0105 auk\u0161t\u0105, virtuv\u0117, vonios ir tualeto patalpos (atskirai), dvi verandos; - Antrame auk\u0161te (mansardoje) \u2013 3 kambariai, prie\u0161kambaris, didelis balkonas; - R\u016bsys po dalimi namo (9.60 kv. m.); - \u0160ildymas (centrinis) kietu kuru, vietinis vandentiekis ir nuotek\u0173 \u0161alinimas;  - Kiti statiniai \u2013 (\u016bkinis pastatas, gara\u017eas, stogin\u0117, kiemo r\u016bsys, \u0161ulinys); - Pri\u017ei\u016br\u0117tas 7.92 aro sklypas (atlikti geodeziniai matavimai), apsodintas med\u017eiais ir augalais, visa teritorija aptverta: - Geras priva\u017eiavimas visais met\u0173 laikais. Iki Vilnius 85 km. - Ram\u016bs ir tvarkingi kaimynai. - Rekonstruota gatv\u0117 (naujos dangos, visi tinklai, \u0161viestuvai); - Aplink \u0160ven\u010dionis puiki gamta: netoliese \u2013 e\u017eerai, mi\u0161kai, puikios s\u0105lygos poilsiui, \u017evejybai ar grybavimui.  Maps.lt koordinat\u0117s: 55.132289, 26.160763","og_url":"https:\/\/www.namude.lt\/objektas\/parduodamas-erdvus-su-patogumais-gyvenamasis-namas-svencioniu-mieste\/","og_site_name":"Namud\u0117","og_image":[{"width":798,"height":600,"url":"https:\/\/www.namude.lt\/wp-content\/uploads\/2026\/04\/1-4.jpg","type":"image\/jpeg"}],"twitter_card":"summary_large_image","schema":{"@context":"https:\/\/schema.org","@graph":[{"@type":"WebPage","@id":"https:\/\/www.namude.lt\/objektas\/parduodamas-erdvus-su-patogumais-gyvenamasis-namas-svencioniu-mieste\/","url":"https:\/\/www.namude.lt\/objektas\/parduodamas-erdvus-su-patogumais-gyvenamasis-namas-svencioniu-mieste\/","name":"Parduodamas erdvus su patogumais gyvenamasis namas \u0160ven\u010dioni\u0173 mieste! - Namud\u0117","isPartOf":{"@id":"https:\/\/www.namude.lt\/#website"},"primaryImageOfPage":{"@id":"https:\/\/www.namude.lt\/objektas\/parduodamas-erdvus-su-patogumais-gyvenamasis-namas-svencioniu-mieste\/#primaryimage"},"image":{"@id":"https:\/\/www.namude.lt\/objektas\/parduodamas-erdvus-su-patogumais-gyvenamasis-namas-svencioniu-mieste\/#primaryimage"},"thumbnailUrl":"https:\/\/www.namude.lt\/wp-content\/uploads\/2026\/04\/1-4.jpg","datePublished":"2026-04-15T05:47:51+00:00","breadcrumb":{"@id":"https:\/\/www.namude.lt\/objektas\/parduodamas-erdvus-su-patogumais-gyvenamasis-namas-svencioniu-mieste\/#breadcrumb"},"inLanguage":"ru-RU","potentialAction":[{"@type":"ReadAction","target":["https:\/\/www.namude.lt\/objektas\/parduodamas-erdvus-su-patogumais-gyvenamasis-namas-svencioniu-mieste\/"]}]},{"@type":"ImageObject","inLanguage":"ru-RU","@id":"https:\/\/www.namude.lt\/objektas\/parduodamas-erdvus-su-patogumais-gyvenamasis-namas-svencioniu-mieste\/#primaryimage","url":"https:\/\/www.namude.lt\/wp-content\/uploads\/2026\/04\/1-4.jpg","contentUrl":"https:\/\/www.namude.lt\/wp-content\/uploads\/2026\/04\/1-4.jpg","width":798,"height":600},{"@type":"BreadcrumbList","@id":"https:\/\/www.namude.lt\/objektas\/parduodamas-erdvus-su-patogumais-gyvenamasis-namas-svencioniu-mieste\/#breadcrumb","itemListElement":[{"@type":"ListItem","position":1,"name":"Home","item":"https:\/\/www.namude.lt\/ru\/"},{"@type":"ListItem","position":2,"name":"\u041e\u0431\u044a\u0435\u043a\u0442\u044b","item":"https:\/\/www.namude.lt\/ru\/%d0%be%d0%b1%d1%8a%d0%b5%d0%ba%d1%82%d1%8b\/"},{"@type":"ListItem","position":3,"name":"Parduodamas erdvus su patogumais gyvenamasis namas \u0160ven\u010dioni\u0173 mieste!"}]},{"@type":"WebSite","@id":"https:\/\/www.namude.lt\/#website","url":"https:\/\/www.namude.lt\/","name":"Namud\u0117","description":"\u201eNamud\u0117\u201c \u2013 agent\u016bra, pardavin\u0117janti Auk\u0161taitijos NT grynuolius.","publisher":{"@id":"https:\/\/www.namude.lt\/#organization"},"potentialAction":[{"@type":"SearchAction","target":{"@type":"EntryPoint","urlTemplate":"https:\/\/www.namude.lt\/?s={search_term_string}"},"query-input":{"@type":"PropertyValueSpecification","valueRequired":true,"valueName":"search_term_string"}}],"inLanguage":"ru-RU"},{"@type":"Organization","@id":"https:\/\/www.namude.lt\/#organization","name":"Namud\u0117","url":"https:\/\/www.namude.lt\/","logo":{"@type":"ImageObject","inLanguage":"ru-RU","@id":"https:\/\/www.namude.lt\/#\/schema\/logo\/image\/","url":"https:\/\/www.namude.lt\/wp-content\/uploads\/2023\/11\/logo-symbol.svg","contentUrl":"https:\/\/www.namude.lt\/wp-content\/uploads\/2023\/11\/logo-symbol.svg","width":1,"height":1,"caption":"Namud\u0117"},"image":{"@id":"https:\/\/www.namude.lt\/#\/schema\/logo\/image\/"}}]}},"_links":{"self":[{"href":"https:\/\/www.namude.lt\/ru\/wp-json\/wp\/v2\/product\/26270","targetHints":{"allow":["GET"]}}],"collection":[{"href":"https:\/\/www.namude.lt\/ru\/wp-json\/wp\/v2\/product"}],"about":[{"href":"https:\/\/www.namude.lt\/ru\/wp-json\/wp\/v2\/types\/product"}],"wp:featuredmedia":[{"embeddable":true,"href":"https:\/\/www.namude.lt\/ru\/wp-json\/wp\/v2\/media\/26271"}],"wp:attachment":[{"href":"https:\/\/www.namude.lt\/ru\/wp-json\/wp\/v2\/media?parent=26270"}],"wp:term":[{"taxonomy":"product_brand","embeddable":true,"href":"https:\/\/www.namude.lt\/ru\/wp-json\/wp\/v2\/product_brand?post=26270"},{"taxonomy":"product_cat","embeddable":true,"href":"https:\/\/www.namude.lt\/ru\/wp-json\/wp\/v2\/product_cat?post=26270"},{"taxonomy":"product_tag","embeddable":true,"href":"https:\/\/www.namude.lt\/ru\/wp-json\/wp\/v2\/product_tag?post=26270"}],"curies":[{"name":"wp","href":"https:\/\/api.w.org\/{rel}","templated":true}]}}