{"id":26174,"date":"2026-04-04T13:11:17","date_gmt":"2026-04-04T10:11:17","guid":{"rendered":"https:\/\/www.namude.lt\/?post_type=product&#038;p=26174"},"modified":"2026-04-04T13:11:17","modified_gmt":"2026-04-04T10:11:17","slug":"parduodamas-10-ha-zemes-ukio-paskirties-sklypas-salia-moletu-rajone","status":"publish","type":"product","link":"https:\/\/www.namude.lt\/ru\/\u043e\u0431\u044a\u0435\u043a\u0442\/parduodamas-10-ha-zemes-ukio-paskirties-sklypas-salia-moletu-rajone\/","title":{"rendered":"Parduodamas 10 ha \u017eem\u0117s \u016bkio paskirties sklypas \u0161alia Mol\u0117t\u0173 rajone"},"content":{"rendered":"","protected":false},"excerpt":{"rendered":"<p>Parduodamas 10 ha \u017eem\u0117s \u016bkio paskirties sklypas Mol\u0117t\u0173 rajone, Jan\u010di\u016br\u0173 kaime.<br \/>\nAtstumai Iki Giedrai\u010di\u0173 \u2013  5 km, Mol\u0117t\u0173 \u2013 21km., \u0160irvint\u0173 \u2013 28km., Ukmerg\u0117s \u2013 48km, Vilniaus \u2013 43km.<\/p>\n","protected":false},"featured_media":26175,"template":"","meta":{"_acf_changed":false},"product_brand":[],"product_cat":[24],"product_tag":[],"class_list":{"0":"post-26174","1":"product","2":"type-product","3":"status-publish","4":"has-post-thumbnail","6":"product_cat-sklypai","7":"pa_rajonas-moletu-rajonas","8":"description-off","10":"first","11":"instock","12":"shipping-taxable","13":"purchasable","14":"product-type-simple"},"acf":[],"yoast_head":"<!-- This site is optimized with the Yoast SEO plugin v27.0 - https:\/\/yoast.com\/product\/yoast-seo-wordpress\/ -->\n<title>Parduodamas 10 ha \u017eem\u0117s \u016bkio paskirties sklypas \u0161alia Mol\u0117t\u0173 rajone - Namud\u0117<\/title>\n<meta name=\"robots\" content=\"index, follow, max-snippet:-1, max-image-preview:large, max-video-preview:-1\" \/>\n<link rel=\"canonical\" href=\"https:\/\/www.namude.lt\/objektas\/parduodamas-10-ha-zemes-ukio-paskirties-sklypas-salia-moletu-rajone\/\" \/>\n<meta property=\"og:locale\" content=\"ru_RU\" \/>\n<meta property=\"og:type\" content=\"article\" \/>\n<meta property=\"og:title\" content=\"Parduodamas 10 ha \u017eem\u0117s \u016bkio paskirties sklypas \u0161alia Mol\u0117t\u0173 rajone - Namud\u0117\" \/>\n<meta property=\"og:description\" content=\"Parduodamas 10 ha \u017eem\u0117s \u016bkio paskirties sklypas Mol\u0117t\u0173 rajone, Jan\u010di\u016br\u0173 kaime.  Atstumai Iki Giedrai\u010di\u0173 \u2013 5 km, Mol\u0117t\u0173 \u2013 21km., \u0160irvint\u0173 \u2013 28km., Ukmerg\u0117s \u2013 48km, Vilniaus \u2013 43km.\" \/>\n<meta property=\"og:url\" content=\"https:\/\/www.namude.lt\/objektas\/parduodamas-10-ha-zemes-ukio-paskirties-sklypas-salia-moletu-rajone\/\" \/>\n<meta property=\"og:site_name\" content=\"Namud\u0117\" \/>\n<meta property=\"og:image\" content=\"https:\/\/www.namude.lt\/wp-content\/uploads\/2026\/04\/Janciuru-k-1.jpg\" \/>\n\t<meta property=\"og:image:width\" content=\"953\" \/>\n\t<meta property=\"og:image:height\" content=\"742\" \/>\n\t<meta property=\"og:image:type\" content=\"image\/jpeg\" \/>\n<meta name=\"twitter:card\" content=\"summary_large_image\" \/>\n<script type=\"application\/ld+json\" class=\"yoast-schema-graph\">{\"@context\":\"https:\/\/schema.org\",\"@graph\":[{\"@type\":\"WebPage\",\"@id\":\"https:\/\/www.namude.lt\/objektas\/parduodamas-10-ha-zemes-ukio-paskirties-sklypas-salia-moletu-rajone\/\",\"url\":\"https:\/\/www.namude.lt\/objektas\/parduodamas-10-ha-zemes-ukio-paskirties-sklypas-salia-moletu-rajone\/\",\"name\":\"Parduodamas 10 ha \u017eem\u0117s \u016bkio paskirties sklypas \u0161alia Mol\u0117t\u0173 rajone - Namud\u0117\",\"isPartOf\":{\"@id\":\"https:\/\/www.namude.lt\/#website\"},\"primaryImageOfPage\":{\"@id\":\"https:\/\/www.namude.lt\/objektas\/parduodamas-10-ha-zemes-ukio-paskirties-sklypas-salia-moletu-rajone\/#primaryimage\"},\"image\":{\"@id\":\"https:\/\/www.namude.lt\/objektas\/parduodamas-10-ha-zemes-ukio-paskirties-sklypas-salia-moletu-rajone\/#primaryimage\"},\"thumbnailUrl\":\"https:\/\/www.namude.lt\/wp-content\/uploads\/2026\/04\/Janciuru-k-1.jpg\",\"datePublished\":\"2026-04-04T10:11:17+00:00\",\"breadcrumb\":{\"@id\":\"https:\/\/www.namude.lt\/objektas\/parduodamas-10-ha-zemes-ukio-paskirties-sklypas-salia-moletu-rajone\/#breadcrumb\"},\"inLanguage\":\"ru-RU\",\"potentialAction\":[{\"@type\":\"ReadAction\",\"target\":[\"https:\/\/www.namude.lt\/objektas\/parduodamas-10-ha-zemes-ukio-paskirties-sklypas-salia-moletu-rajone\/\"]}]},{\"@type\":\"ImageObject\",\"inLanguage\":\"ru-RU\",\"@id\":\"https:\/\/www.namude.lt\/objektas\/parduodamas-10-ha-zemes-ukio-paskirties-sklypas-salia-moletu-rajone\/#primaryimage\",\"url\":\"https:\/\/www.namude.lt\/wp-content\/uploads\/2026\/04\/Janciuru-k-1.jpg\",\"contentUrl\":\"https:\/\/www.namude.lt\/wp-content\/uploads\/2026\/04\/Janciuru-k-1.jpg\",\"width\":953,\"height\":742},{\"@type\":\"BreadcrumbList\",\"@id\":\"https:\/\/www.namude.lt\/objektas\/parduodamas-10-ha-zemes-ukio-paskirties-sklypas-salia-moletu-rajone\/#breadcrumb\",\"itemListElement\":[{\"@type\":\"ListItem\",\"position\":1,\"name\":\"Home\",\"item\":\"https:\/\/www.namude.lt\/ru\/\"},{\"@type\":\"ListItem\",\"position\":2,\"name\":\"\u041e\u0431\u044a\u0435\u043a\u0442\u044b\",\"item\":\"https:\/\/www.namude.lt\/ru\/%d0%be%d0%b1%d1%8a%d0%b5%d0%ba%d1%82%d1%8b\/\"},{\"@type\":\"ListItem\",\"position\":3,\"name\":\"Parduodamas 10 ha \u017eem\u0117s \u016bkio paskirties sklypas \u0161alia Mol\u0117t\u0173 rajone\"}]},{\"@type\":\"WebSite\",\"@id\":\"https:\/\/www.namude.lt\/#website\",\"url\":\"https:\/\/www.namude.lt\/\",\"name\":\"Namud\u0117\",\"description\":\"\u201eNamud\u0117\u201c \u2013 agent\u016bra, pardavin\u0117janti Auk\u0161taitijos NT grynuolius.\",\"publisher\":{\"@id\":\"https:\/\/www.namude.lt\/#organization\"},\"potentialAction\":[{\"@type\":\"SearchAction\",\"target\":{\"@type\":\"EntryPoint\",\"urlTemplate\":\"https:\/\/www.namude.lt\/?s={search_term_string}\"},\"query-input\":{\"@type\":\"PropertyValueSpecification\",\"valueRequired\":true,\"valueName\":\"search_term_string\"}}],\"inLanguage\":\"ru-RU\"},{\"@type\":\"Organization\",\"@id\":\"https:\/\/www.namude.lt\/#organization\",\"name\":\"Namud\u0117\",\"url\":\"https:\/\/www.namude.lt\/\",\"logo\":{\"@type\":\"ImageObject\",\"inLanguage\":\"ru-RU\",\"@id\":\"https:\/\/www.namude.lt\/#\/schema\/logo\/image\/\",\"url\":\"https:\/\/www.namude.lt\/wp-content\/uploads\/2023\/11\/logo-symbol.svg\",\"contentUrl\":\"https:\/\/www.namude.lt\/wp-content\/uploads\/2023\/11\/logo-symbol.svg\",\"width\":1,\"height\":1,\"caption\":\"Namud\u0117\"},\"image\":{\"@id\":\"https:\/\/www.namude.lt\/#\/schema\/logo\/image\/\"}}]}<\/script>\n<!-- \/ Yoast SEO plugin. -->","yoast_head_json":{"title":"Parduodamas 10 ha \u017eem\u0117s \u016bkio paskirties sklypas \u0161alia Mol\u0117t\u0173 rajone - Namud\u0117","robots":{"index":"index","follow":"follow","max-snippet":"max-snippet:-1","max-image-preview":"max-image-preview:large","max-video-preview":"max-video-preview:-1"},"canonical":"https:\/\/www.namude.lt\/objektas\/parduodamas-10-ha-zemes-ukio-paskirties-sklypas-salia-moletu-rajone\/","og_locale":"ru_RU","og_type":"article","og_title":"Parduodamas 10 ha \u017eem\u0117s \u016bkio paskirties sklypas \u0161alia Mol\u0117t\u0173 rajone - Namud\u0117","og_description":"Parduodamas 10 ha \u017eem\u0117s \u016bkio paskirties sklypas Mol\u0117t\u0173 rajone, Jan\u010di\u016br\u0173 kaime.  Atstumai Iki Giedrai\u010di\u0173 \u2013 5 km, Mol\u0117t\u0173 \u2013 21km., \u0160irvint\u0173 \u2013 28km., Ukmerg\u0117s \u2013 48km, Vilniaus \u2013 43km.","og_url":"https:\/\/www.namude.lt\/objektas\/parduodamas-10-ha-zemes-ukio-paskirties-sklypas-salia-moletu-rajone\/","og_site_name":"Namud\u0117","og_image":[{"width":953,"height":742,"url":"https:\/\/www.namude.lt\/wp-content\/uploads\/2026\/04\/Janciuru-k-1.jpg","type":"image\/jpeg"}],"twitter_card":"summary_large_image","schema":{"@context":"https:\/\/schema.org","@graph":[{"@type":"WebPage","@id":"https:\/\/www.namude.lt\/objektas\/parduodamas-10-ha-zemes-ukio-paskirties-sklypas-salia-moletu-rajone\/","url":"https:\/\/www.namude.lt\/objektas\/parduodamas-10-ha-zemes-ukio-paskirties-sklypas-salia-moletu-rajone\/","name":"Parduodamas 10 ha \u017eem\u0117s \u016bkio paskirties sklypas \u0161alia Mol\u0117t\u0173 rajone - Namud\u0117","isPartOf":{"@id":"https:\/\/www.namude.lt\/#website"},"primaryImageOfPage":{"@id":"https:\/\/www.namude.lt\/objektas\/parduodamas-10-ha-zemes-ukio-paskirties-sklypas-salia-moletu-rajone\/#primaryimage"},"image":{"@id":"https:\/\/www.namude.lt\/objektas\/parduodamas-10-ha-zemes-ukio-paskirties-sklypas-salia-moletu-rajone\/#primaryimage"},"thumbnailUrl":"https:\/\/www.namude.lt\/wp-content\/uploads\/2026\/04\/Janciuru-k-1.jpg","datePublished":"2026-04-04T10:11:17+00:00","breadcrumb":{"@id":"https:\/\/www.namude.lt\/objektas\/parduodamas-10-ha-zemes-ukio-paskirties-sklypas-salia-moletu-rajone\/#breadcrumb"},"inLanguage":"ru-RU","potentialAction":[{"@type":"ReadAction","target":["https:\/\/www.namude.lt\/objektas\/parduodamas-10-ha-zemes-ukio-paskirties-sklypas-salia-moletu-rajone\/"]}]},{"@type":"ImageObject","inLanguage":"ru-RU","@id":"https:\/\/www.namude.lt\/objektas\/parduodamas-10-ha-zemes-ukio-paskirties-sklypas-salia-moletu-rajone\/#primaryimage","url":"https:\/\/www.namude.lt\/wp-content\/uploads\/2026\/04\/Janciuru-k-1.jpg","contentUrl":"https:\/\/www.namude.lt\/wp-content\/uploads\/2026\/04\/Janciuru-k-1.jpg","width":953,"height":742},{"@type":"BreadcrumbList","@id":"https:\/\/www.namude.lt\/objektas\/parduodamas-10-ha-zemes-ukio-paskirties-sklypas-salia-moletu-rajone\/#breadcrumb","itemListElement":[{"@type":"ListItem","position":1,"name":"Home","item":"https:\/\/www.namude.lt\/ru\/"},{"@type":"ListItem","position":2,"name":"\u041e\u0431\u044a\u0435\u043a\u0442\u044b","item":"https:\/\/www.namude.lt\/ru\/%d0%be%d0%b1%d1%8a%d0%b5%d0%ba%d1%82%d1%8b\/"},{"@type":"ListItem","position":3,"name":"Parduodamas 10 ha \u017eem\u0117s \u016bkio paskirties sklypas \u0161alia Mol\u0117t\u0173 rajone"}]},{"@type":"WebSite","@id":"https:\/\/www.namude.lt\/#website","url":"https:\/\/www.namude.lt\/","name":"Namud\u0117","description":"\u201eNamud\u0117\u201c \u2013 agent\u016bra, pardavin\u0117janti Auk\u0161taitijos NT grynuolius.","publisher":{"@id":"https:\/\/www.namude.lt\/#organization"},"potentialAction":[{"@type":"SearchAction","target":{"@type":"EntryPoint","urlTemplate":"https:\/\/www.namude.lt\/?s={search_term_string}"},"query-input":{"@type":"PropertyValueSpecification","valueRequired":true,"valueName":"search_term_string"}}],"inLanguage":"ru-RU"},{"@type":"Organization","@id":"https:\/\/www.namude.lt\/#organization","name":"Namud\u0117","url":"https:\/\/www.namude.lt\/","logo":{"@type":"ImageObject","inLanguage":"ru-RU","@id":"https:\/\/www.namude.lt\/#\/schema\/logo\/image\/","url":"https:\/\/www.namude.lt\/wp-content\/uploads\/2023\/11\/logo-symbol.svg","contentUrl":"https:\/\/www.namude.lt\/wp-content\/uploads\/2023\/11\/logo-symbol.svg","width":1,"height":1,"caption":"Namud\u0117"},"image":{"@id":"https:\/\/www.namude.lt\/#\/schema\/logo\/image\/"}}]}},"_links":{"self":[{"href":"https:\/\/www.namude.lt\/ru\/wp-json\/wp\/v2\/product\/26174","targetHints":{"allow":["GET"]}}],"collection":[{"href":"https:\/\/www.namude.lt\/ru\/wp-json\/wp\/v2\/product"}],"about":[{"href":"https:\/\/www.namude.lt\/ru\/wp-json\/wp\/v2\/types\/product"}],"wp:featuredmedia":[{"embeddable":true,"href":"https:\/\/www.namude.lt\/ru\/wp-json\/wp\/v2\/media\/26175"}],"wp:attachment":[{"href":"https:\/\/www.namude.lt\/ru\/wp-json\/wp\/v2\/media?parent=26174"}],"wp:term":[{"taxonomy":"product_brand","embeddable":true,"href":"https:\/\/www.namude.lt\/ru\/wp-json\/wp\/v2\/product_brand?post=26174"},{"taxonomy":"product_cat","embeddable":true,"href":"https:\/\/www.namude.lt\/ru\/wp-json\/wp\/v2\/product_cat?post=26174"},{"taxonomy":"product_tag","embeddable":true,"href":"https:\/\/www.namude.lt\/ru\/wp-json\/wp\/v2\/product_tag?post=26174"}],"curies":[{"name":"wp","href":"https:\/\/api.w.org\/{rel}","templated":true}]}}