{"id":26096,"date":"2026-04-04T11:34:48","date_gmt":"2026-04-04T08:34:48","guid":{"rendered":"https:\/\/www.namude.lt\/?post_type=product&#038;p=26096"},"modified":"2026-04-04T12:09:07","modified_gmt":"2026-04-04T09:09:07","slug":"parduodamas-sodo-sklypas-narkunu-k-utenos-r","status":"publish","type":"product","link":"https:\/\/www.namude.lt\/ru\/\u043e\u0431\u044a\u0435\u043a\u0442\/parduodamas-sodo-sklypas-narkunu-k-utenos-r\/","title":{"rendered":"PARDUODAMAS SODO SKLYPAS NARK\u016aN\u0172 K., UTENOS R"},"content":{"rendered":"","protected":false},"excerpt":{"rendered":"<p>Parduodamas sodo sklypas strategi\u0161kai patogioje vietoje \u2013 Nark\u016bn\u0173 kaime, tik 6km iki Utenos miesto. Tai puikus pasirinkimas ie\u0161kantiems vaizdingos vietos poilsiui ar sodininkystei.<br \/>\n 5a sklypas yra saul\u0117toje vietov\u0117je ant kalvos, nuo kurios atsiveria puikus vaizdas \u012f tolius. <\/p>\n","protected":false},"featured_media":26097,"template":"","meta":{"_acf_changed":false},"product_brand":[],"product_cat":[24],"product_tag":[],"class_list":{"0":"post-26096","1":"product","2":"type-product","3":"status-publish","4":"has-post-thumbnail","6":"product_cat-sklypai","7":"pa_rajonas-utenos-rajonas","8":"description-off","10":"first","11":"instock","12":"shipping-taxable","13":"purchasable","14":"product-type-simple"},"acf":[],"yoast_head":"<!-- This site is optimized with the Yoast SEO plugin v27.0 - https:\/\/yoast.com\/product\/yoast-seo-wordpress\/ -->\n<title>PARDUODAMAS SODO SKLYPAS NARK\u016aN\u0172 K., UTENOS R - Namud\u0117<\/title>\n<meta name=\"robots\" content=\"index, follow, max-snippet:-1, max-image-preview:large, max-video-preview:-1\" \/>\n<link rel=\"canonical\" href=\"https:\/\/www.namude.lt\/objektas\/parduodamas-sodo-sklypas-narkunu-k-utenos-r\/\" \/>\n<meta property=\"og:locale\" content=\"ru_RU\" \/>\n<meta property=\"og:type\" content=\"article\" \/>\n<meta property=\"og:title\" content=\"PARDUODAMAS SODO SKLYPAS NARK\u016aN\u0172 K., UTENOS R - Namud\u0117\" \/>\n<meta property=\"og:description\" content=\"Parduodamas sodo sklypas strategi\u0161kai patogioje vietoje \u2013 Nark\u016bn\u0173 kaime, tik 6km iki Utenos miesto. Tai puikus pasirinkimas ie\u0161kantiems vaizdingos vietos poilsiui ar sodininkystei.  5a sklypas yra saul\u0117toje vietov\u0117je ant kalvos, nuo kurios atsiveria puikus vaizdas \u012f tolius.\" \/>\n<meta property=\"og:url\" content=\"https:\/\/www.namude.lt\/objektas\/parduodamas-sodo-sklypas-narkunu-k-utenos-r\/\" \/>\n<meta property=\"og:site_name\" content=\"Namud\u0117\" \/>\n<meta property=\"article:modified_time\" content=\"2026-04-04T09:09:07+00:00\" \/>\n<meta property=\"og:image\" content=\"https:\/\/www.namude.lt\/wp-content\/uploads\/2026\/04\/1-2.jpg\" \/>\n\t<meta property=\"og:image:width\" content=\"2400\" \/>\n\t<meta property=\"og:image:height\" content=\"1800\" \/>\n\t<meta property=\"og:image:type\" content=\"image\/jpeg\" \/>\n<meta name=\"twitter:card\" content=\"summary_large_image\" \/>\n<script type=\"application\/ld+json\" class=\"yoast-schema-graph\">{\"@context\":\"https:\/\/schema.org\",\"@graph\":[{\"@type\":\"WebPage\",\"@id\":\"https:\/\/www.namude.lt\/objektas\/parduodamas-sodo-sklypas-narkunu-k-utenos-r\/\",\"url\":\"https:\/\/www.namude.lt\/objektas\/parduodamas-sodo-sklypas-narkunu-k-utenos-r\/\",\"name\":\"PARDUODAMAS SODO SKLYPAS NARK\u016aN\u0172 K., UTENOS R - Namud\u0117\",\"isPartOf\":{\"@id\":\"https:\/\/www.namude.lt\/#website\"},\"primaryImageOfPage\":{\"@id\":\"https:\/\/www.namude.lt\/objektas\/parduodamas-sodo-sklypas-narkunu-k-utenos-r\/#primaryimage\"},\"image\":{\"@id\":\"https:\/\/www.namude.lt\/objektas\/parduodamas-sodo-sklypas-narkunu-k-utenos-r\/#primaryimage\"},\"thumbnailUrl\":\"https:\/\/www.namude.lt\/wp-content\/uploads\/2026\/04\/1-2.jpg\",\"datePublished\":\"2026-04-04T08:34:48+00:00\",\"dateModified\":\"2026-04-04T09:09:07+00:00\",\"breadcrumb\":{\"@id\":\"https:\/\/www.namude.lt\/objektas\/parduodamas-sodo-sklypas-narkunu-k-utenos-r\/#breadcrumb\"},\"inLanguage\":\"ru-RU\",\"potentialAction\":[{\"@type\":\"ReadAction\",\"target\":[\"https:\/\/www.namude.lt\/objektas\/parduodamas-sodo-sklypas-narkunu-k-utenos-r\/\"]}]},{\"@type\":\"ImageObject\",\"inLanguage\":\"ru-RU\",\"@id\":\"https:\/\/www.namude.lt\/objektas\/parduodamas-sodo-sklypas-narkunu-k-utenos-r\/#primaryimage\",\"url\":\"https:\/\/www.namude.lt\/wp-content\/uploads\/2026\/04\/1-2.jpg\",\"contentUrl\":\"https:\/\/www.namude.lt\/wp-content\/uploads\/2026\/04\/1-2.jpg\",\"width\":2400,\"height\":1800},{\"@type\":\"BreadcrumbList\",\"@id\":\"https:\/\/www.namude.lt\/objektas\/parduodamas-sodo-sklypas-narkunu-k-utenos-r\/#breadcrumb\",\"itemListElement\":[{\"@type\":\"ListItem\",\"position\":1,\"name\":\"Home\",\"item\":\"https:\/\/www.namude.lt\/ru\/\"},{\"@type\":\"ListItem\",\"position\":2,\"name\":\"\u041e\u0431\u044a\u0435\u043a\u0442\u044b\",\"item\":\"https:\/\/www.namude.lt\/ru\/%d0%be%d0%b1%d1%8a%d0%b5%d0%ba%d1%82%d1%8b\/\"},{\"@type\":\"ListItem\",\"position\":3,\"name\":\"PARDUODAMAS SODO SKLYPAS NARK\u016aN\u0172 K., UTENOS R\"}]},{\"@type\":\"WebSite\",\"@id\":\"https:\/\/www.namude.lt\/#website\",\"url\":\"https:\/\/www.namude.lt\/\",\"name\":\"Namud\u0117\",\"description\":\"\u201eNamud\u0117\u201c \u2013 agent\u016bra, pardavin\u0117janti Auk\u0161taitijos NT grynuolius.\",\"publisher\":{\"@id\":\"https:\/\/www.namude.lt\/#organization\"},\"potentialAction\":[{\"@type\":\"SearchAction\",\"target\":{\"@type\":\"EntryPoint\",\"urlTemplate\":\"https:\/\/www.namude.lt\/?s={search_term_string}\"},\"query-input\":{\"@type\":\"PropertyValueSpecification\",\"valueRequired\":true,\"valueName\":\"search_term_string\"}}],\"inLanguage\":\"ru-RU\"},{\"@type\":\"Organization\",\"@id\":\"https:\/\/www.namude.lt\/#organization\",\"name\":\"Namud\u0117\",\"url\":\"https:\/\/www.namude.lt\/\",\"logo\":{\"@type\":\"ImageObject\",\"inLanguage\":\"ru-RU\",\"@id\":\"https:\/\/www.namude.lt\/#\/schema\/logo\/image\/\",\"url\":\"https:\/\/www.namude.lt\/wp-content\/uploads\/2023\/11\/logo-symbol.svg\",\"contentUrl\":\"https:\/\/www.namude.lt\/wp-content\/uploads\/2023\/11\/logo-symbol.svg\",\"width\":1,\"height\":1,\"caption\":\"Namud\u0117\"},\"image\":{\"@id\":\"https:\/\/www.namude.lt\/#\/schema\/logo\/image\/\"}}]}<\/script>\n<!-- \/ Yoast SEO plugin. -->","yoast_head_json":{"title":"PARDUODAMAS SODO SKLYPAS NARK\u016aN\u0172 K., UTENOS R - Namud\u0117","robots":{"index":"index","follow":"follow","max-snippet":"max-snippet:-1","max-image-preview":"max-image-preview:large","max-video-preview":"max-video-preview:-1"},"canonical":"https:\/\/www.namude.lt\/objektas\/parduodamas-sodo-sklypas-narkunu-k-utenos-r\/","og_locale":"ru_RU","og_type":"article","og_title":"PARDUODAMAS SODO SKLYPAS NARK\u016aN\u0172 K., UTENOS R - Namud\u0117","og_description":"Parduodamas sodo sklypas strategi\u0161kai patogioje vietoje \u2013 Nark\u016bn\u0173 kaime, tik 6km iki Utenos miesto. Tai puikus pasirinkimas ie\u0161kantiems vaizdingos vietos poilsiui ar sodininkystei.  5a sklypas yra saul\u0117toje vietov\u0117je ant kalvos, nuo kurios atsiveria puikus vaizdas \u012f tolius.","og_url":"https:\/\/www.namude.lt\/objektas\/parduodamas-sodo-sklypas-narkunu-k-utenos-r\/","og_site_name":"Namud\u0117","article_modified_time":"2026-04-04T09:09:07+00:00","og_image":[{"width":2400,"height":1800,"url":"https:\/\/www.namude.lt\/wp-content\/uploads\/2026\/04\/1-2.jpg","type":"image\/jpeg"}],"twitter_card":"summary_large_image","schema":{"@context":"https:\/\/schema.org","@graph":[{"@type":"WebPage","@id":"https:\/\/www.namude.lt\/objektas\/parduodamas-sodo-sklypas-narkunu-k-utenos-r\/","url":"https:\/\/www.namude.lt\/objektas\/parduodamas-sodo-sklypas-narkunu-k-utenos-r\/","name":"PARDUODAMAS SODO SKLYPAS NARK\u016aN\u0172 K., UTENOS R - Namud\u0117","isPartOf":{"@id":"https:\/\/www.namude.lt\/#website"},"primaryImageOfPage":{"@id":"https:\/\/www.namude.lt\/objektas\/parduodamas-sodo-sklypas-narkunu-k-utenos-r\/#primaryimage"},"image":{"@id":"https:\/\/www.namude.lt\/objektas\/parduodamas-sodo-sklypas-narkunu-k-utenos-r\/#primaryimage"},"thumbnailUrl":"https:\/\/www.namude.lt\/wp-content\/uploads\/2026\/04\/1-2.jpg","datePublished":"2026-04-04T08:34:48+00:00","dateModified":"2026-04-04T09:09:07+00:00","breadcrumb":{"@id":"https:\/\/www.namude.lt\/objektas\/parduodamas-sodo-sklypas-narkunu-k-utenos-r\/#breadcrumb"},"inLanguage":"ru-RU","potentialAction":[{"@type":"ReadAction","target":["https:\/\/www.namude.lt\/objektas\/parduodamas-sodo-sklypas-narkunu-k-utenos-r\/"]}]},{"@type":"ImageObject","inLanguage":"ru-RU","@id":"https:\/\/www.namude.lt\/objektas\/parduodamas-sodo-sklypas-narkunu-k-utenos-r\/#primaryimage","url":"https:\/\/www.namude.lt\/wp-content\/uploads\/2026\/04\/1-2.jpg","contentUrl":"https:\/\/www.namude.lt\/wp-content\/uploads\/2026\/04\/1-2.jpg","width":2400,"height":1800},{"@type":"BreadcrumbList","@id":"https:\/\/www.namude.lt\/objektas\/parduodamas-sodo-sklypas-narkunu-k-utenos-r\/#breadcrumb","itemListElement":[{"@type":"ListItem","position":1,"name":"Home","item":"https:\/\/www.namude.lt\/ru\/"},{"@type":"ListItem","position":2,"name":"\u041e\u0431\u044a\u0435\u043a\u0442\u044b","item":"https:\/\/www.namude.lt\/ru\/%d0%be%d0%b1%d1%8a%d0%b5%d0%ba%d1%82%d1%8b\/"},{"@type":"ListItem","position":3,"name":"PARDUODAMAS SODO SKLYPAS NARK\u016aN\u0172 K., UTENOS R"}]},{"@type":"WebSite","@id":"https:\/\/www.namude.lt\/#website","url":"https:\/\/www.namude.lt\/","name":"Namud\u0117","description":"\u201eNamud\u0117\u201c \u2013 agent\u016bra, pardavin\u0117janti Auk\u0161taitijos NT grynuolius.","publisher":{"@id":"https:\/\/www.namude.lt\/#organization"},"potentialAction":[{"@type":"SearchAction","target":{"@type":"EntryPoint","urlTemplate":"https:\/\/www.namude.lt\/?s={search_term_string}"},"query-input":{"@type":"PropertyValueSpecification","valueRequired":true,"valueName":"search_term_string"}}],"inLanguage":"ru-RU"},{"@type":"Organization","@id":"https:\/\/www.namude.lt\/#organization","name":"Namud\u0117","url":"https:\/\/www.namude.lt\/","logo":{"@type":"ImageObject","inLanguage":"ru-RU","@id":"https:\/\/www.namude.lt\/#\/schema\/logo\/image\/","url":"https:\/\/www.namude.lt\/wp-content\/uploads\/2023\/11\/logo-symbol.svg","contentUrl":"https:\/\/www.namude.lt\/wp-content\/uploads\/2023\/11\/logo-symbol.svg","width":1,"height":1,"caption":"Namud\u0117"},"image":{"@id":"https:\/\/www.namude.lt\/#\/schema\/logo\/image\/"}}]}},"_links":{"self":[{"href":"https:\/\/www.namude.lt\/ru\/wp-json\/wp\/v2\/product\/26096","targetHints":{"allow":["GET"]}}],"collection":[{"href":"https:\/\/www.namude.lt\/ru\/wp-json\/wp\/v2\/product"}],"about":[{"href":"https:\/\/www.namude.lt\/ru\/wp-json\/wp\/v2\/types\/product"}],"wp:featuredmedia":[{"embeddable":true,"href":"https:\/\/www.namude.lt\/ru\/wp-json\/wp\/v2\/media\/26097"}],"wp:attachment":[{"href":"https:\/\/www.namude.lt\/ru\/wp-json\/wp\/v2\/media?parent=26096"}],"wp:term":[{"taxonomy":"product_brand","embeddable":true,"href":"https:\/\/www.namude.lt\/ru\/wp-json\/wp\/v2\/product_brand?post=26096"},{"taxonomy":"product_cat","embeddable":true,"href":"https:\/\/www.namude.lt\/ru\/wp-json\/wp\/v2\/product_cat?post=26096"},{"taxonomy":"product_tag","embeddable":true,"href":"https:\/\/www.namude.lt\/ru\/wp-json\/wp\/v2\/product_tag?post=26096"}],"curies":[{"name":"wp","href":"https:\/\/api.w.org\/{rel}","templated":true}]}}