{"id":2603,"date":"2024-01-22T12:18:39","date_gmt":"2024-01-22T10:18:39","guid":{"rendered":"https:\/\/www.namude.lt\/?post_type=product&#038;p=2603"},"modified":"2025-04-22T10:34:40","modified_gmt":"2025-04-22T07:34:40","slug":"nuostabi-sodyba-gamtos-apsuptyje-svencioniu-rajone-sisniskes-kaime-apie-87-km-nuo-vilniaus-atokiau-nuo-keliu-ir-triuksmo","status":"publish","type":"product","link":"https:\/\/www.namude.lt\/ru\/\u043e\u0431\u044a\u0435\u043a\u0442\/nuostabi-sodyba-gamtos-apsuptyje-svencioniu-rajone-sisniskes-kaime-apie-87-km-nuo-vilniaus-atokiau-nuo-keliu-ir-triuksmo\/","title":{"rendered":"NUOSTABI SODYBA GAMTOS APSUPTYJE, \u0160VEN\u010cIONI\u0172 RAJONE, \u0160I\u0160NI\u0160K\u0116S KAIME, APIE 87 KM NUO VILNIAUS, ATOKIAU NUO KELI\u0172 IR TRIUK\u0160MO&#8230;"},"content":{"rendered":"<p>Parduodama su naujais baldais ir buitine technika. Taip pat prie namo yra pav\u0117sin\u0117, sena dar\u017ein\u0117, malkin\u0117, \u0161ulinys, sodas, dar\u017eas. Po pastatais priklauso 0.1300 ha \u017eem\u0117s sklypas, kuris yra pri\u017ei\u016br\u0117tas, ap\u017eeldintas dekoratyviniais augalais, g\u0117l\u0117mis, auga gervuog\u0117s, aviet\u0117s, serbentai, svarainiai ir kt. Yra galimyb\u0117 i\u0161sikasti k\u016bdr\u0105. Per kaimo keliuk\u0105 yra dar 0.1000 ha \u017eem\u0117s sklypas, kuriame yra didelis sodas. Viso parduodama 0.2300 ha \u017eem\u0117s plotas. Artimiausias Skerd\u017eiaus e\u017eeras\u00a0 (apie 1.8 km), kuriame galima pa\u017evejoti ir pasimaudyti. \u012erengtas naujas, didelis lieptas. Netoliese yra piliakalnis. Saugumas ir privatumas. Artimiausias kaimynas apie 50 m, bet d\u0117l med\u017ei\u0173, jo nesimato. Jeigu ie\u0161kote sodybos nuostabioje gamtos oaz\u0117je, kurioje rytais \u017eadina pauk\u0161\u010di\u0173 choras, aplanko stirnos i\u0161 arti esan\u010dio grybingo mi\u0161ko ir dvelkia ramybe&#8230; &#8212; \u0161i sodyba Jums!!!<\/p>\n<p>&nbsp;<\/p>\n<p>Sodybos koordinat\u0117s:<\/p>\n<p>Google maps- 55.065062, 26.209758<\/p>\n<p>Maps.lt- 55.064979, 26.209718<\/p>\n<p>&nbsp;<\/p>\n","protected":false},"excerpt":{"rendered":"<p><strong>Parduodama nuostabi <a href=\"https:\/\/www.namude.lt\/kategorija\/sodybos\/?filter_rajonas=svencioniu-rajonas&amp;query_type_rajonas=or\">sodyba<\/a> gamtos apsuptyje, <a href=\"https:\/\/www.namude.lt\/parduodami-nt-objektai\/?filter_rajonas=svencioniu-rajonas&amp;query_type_rajonas=or\">\u0160ven\u010dioni\u0173 rajone<\/a>, \u0160i\u0161ni\u0161k\u0117s kaime, apie 87 km nuo Vilniaus, atokiau nuo keli\u0173 ir triuk\u0161mo&#8230;<\/strong> <strong>2022<\/strong> m renovuoto r\u0105stinio gyvenamojo namo bendras plotas \u2013 <strong>71.40<\/strong> kv. m. Per vis\u0105 namo ilg\u012f pristatyta erdvi dengta terasa (apie <strong>25<\/strong> kv. m.) Renovacijai naudotos kokybi\u0161kos med\u017eiagos. Ap\u0161iltintos i\u0161or\u0117s sienos i\u0161 vidaus ir i\u0161 lauko. Naujas metalin\u0117s dangos stogas. Sud\u0117ti trij\u0173 kamer\u0173 langai. Naujos visos durys i\u0161 med\u017eio, nauja i\u0161or\u0117s ir vidaus apdaila. \u0160ildymas &#8212; \u017eidinys (su kapsule) su i\u0161ved\u017eiotais ortakiais \u012f visas patalpas su \u0161ilto oro priverstin\u0117s cirkuliacijos varikliuku. Taip pat \u0161ildytis galima elektra, nes padidintas elektros galingumas iki <strong>10<\/strong> kw (<strong>3<\/strong> faz\u0117s). Vandentiekis vietinis (vanduo tiekiamas hidroforu i\u0161 \u0161ulinio). Pa\u0161ildomas vanduo elektriniu boileriu. Kanalizacija \u2013 \u012frengta vietin\u0117 nuotek\u0173 sistema (valymo \u012frenginiai su garantija). Televizija \u2013 satelitin\u0117 antena. Pirmame auk\u0161te yra didel\u0117 svetain\u0117 ( <strong>28.61<\/strong> kv. m.) su naujais baldais ir \u017eidiniu. Pilnai \u012frengta virtuv\u0117 su integruotais baldais, nauju \u0161aldytuvu ir elektrine virykle su orkaite. Taip pat yra vonia su tualetu ir \u0161ildomomis grindimis, miegamasis su naujais baldais, sand\u0117liukas ir koridorius. Mansardinis auk\u0161tas ne\u012frengtas, tik ap\u0161iltinta pirmo auk\u0161to perdanga ir sud\u0117ti nauji, dideli langai.<\/p>\n","protected":false},"featured_media":16908,"template":"","meta":{"_acf_changed":false},"product_brand":[],"product_cat":[23],"product_tag":[],"class_list":{"0":"post-2603","1":"product","2":"type-product","3":"status-publish","4":"has-post-thumbnail","6":"product_cat-sodybos","7":"pa_rajonas-svencioniu-rajonas","8":"description-off","10":"first","11":"instock","12":"sale","13":"shipping-taxable","14":"purchasable","15":"product-type-simple"},"acf":[],"yoast_head":"<!-- This site is optimized with the Yoast SEO plugin v27.4 - https:\/\/yoast.com\/product\/yoast-seo-wordpress\/ -->\n<title>NUOSTABI SODYBA GAMTOS APSUPTYJE, \u0160VEN\u010cIONI\u0172 RAJONE, \u0160I\u0160NI\u0160K\u0116S KAIME, APIE 87 KM NUO VILNIAUS, ATOKIAU NUO KELI\u0172 IR TRIUK\u0160MO... - Namud\u0117<\/title>\n<meta name=\"robots\" content=\"index, follow, max-snippet:-1, max-image-preview:large, max-video-preview:-1\" \/>\n<link rel=\"canonical\" href=\"https:\/\/www.namude.lt\/objektas\/nuostabi-sodyba-gamtos-apsuptyje-svencioniu-rajone-sisniskes-kaime-apie-87-km-nuo-vilniaus-atokiau-nuo-keliu-ir-triuksmo\/\" \/>\n<meta property=\"og:locale\" content=\"ru_RU\" \/>\n<meta property=\"og:type\" content=\"article\" \/>\n<meta property=\"og:title\" content=\"NUOSTABI SODYBA GAMTOS APSUPTYJE, \u0160VEN\u010cIONI\u0172 RAJONE, \u0160I\u0160NI\u0160K\u0116S KAIME, APIE 87 KM NUO VILNIAUS, ATOKIAU NUO KELI\u0172 IR TRIUK\u0160MO... - Namud\u0117\" \/>\n<meta property=\"og:description\" content=\"Parduodama nuostabi sodyba gamtos apsuptyje, \u0160ven\u010dioni\u0173 rajone, \u0160i\u0161ni\u0161k\u0117s kaime, apie 87 km nuo Vilniaus, atokiau nuo keli\u0173 ir triuk\u0161mo... 2022 m renovuoto r\u0105stinio gyvenamojo namo bendras plotas \u2013 71.40 kv. m. Per vis\u0105 namo ilg\u012f pristatyta erdvi dengta terasa (apie 25 kv. m.) Renovacijai naudotos kokybi\u0161kos med\u017eiagos. Ap\u0161iltintos i\u0161or\u0117s sienos i\u0161 vidaus ir i\u0161 lauko. Naujas metalin\u0117s dangos stogas. Sud\u0117ti trij\u0173 kamer\u0173 langai. Naujos visos durys i\u0161 med\u017eio, nauja i\u0161or\u0117s ir vidaus apdaila. \u0160ildymas - \u017eidinys (su kapsule) su i\u0161ved\u017eiotais ortakiais \u012f visas patalpas su \u0161ilto oro priverstin\u0117s cirkuliacijos varikliuku. Taip pat \u0161ildytis galima elektra, nes padidintas elektros galingumas iki 10 kw (3 faz\u0117s). Vandentiekis vietinis (vanduo tiekiamas hidroforu i\u0161 \u0161ulinio). Pa\u0161ildomas vanduo elektriniu boileriu. Kanalizacija \u2013 \u012frengta vietin\u0117 nuotek\u0173 sistema (valymo \u012frenginiai su garantija). Televizija \u2013 satelitin\u0117 antena. Pirmame auk\u0161te yra didel\u0117 svetain\u0117 ( 28.61 kv. m.) su naujais baldais ir \u017eidiniu. Pilnai \u012frengta virtuv\u0117 su integruotais baldais, nauju \u0161aldytuvu ir elektrine virykle su orkaite. Taip pat yra vonia su tualetu ir \u0161ildomomis grindimis, miegamasis su naujais baldais, sand\u0117liukas ir koridorius. Mansardinis auk\u0161tas ne\u012frengtas, tik ap\u0161iltinta pirmo auk\u0161to perdanga ir sud\u0117ti nauji, dideli langai.\" \/>\n<meta property=\"og:url\" content=\"https:\/\/www.namude.lt\/objektas\/nuostabi-sodyba-gamtos-apsuptyje-svencioniu-rajone-sisniskes-kaime-apie-87-km-nuo-vilniaus-atokiau-nuo-keliu-ir-triuksmo\/\" \/>\n<meta property=\"og:site_name\" content=\"Namud\u0117\" \/>\n<meta property=\"article:modified_time\" content=\"2025-04-22T07:34:40+00:00\" \/>\n<meta property=\"og:image\" content=\"https:\/\/www.namude.lt\/wp-content\/uploads\/2024\/01\/2-131.jpg\" \/>\n\t<meta property=\"og:image:width\" content=\"800\" \/>\n\t<meta property=\"og:image:height\" content=\"531\" \/>\n\t<meta property=\"og:image:type\" content=\"image\/jpeg\" \/>\n<meta name=\"twitter:card\" content=\"summary_large_image\" \/>\n<meta name=\"twitter:label1\" content=\"\u041f\u0440\u0438\u043c\u0435\u0440\u043d\u043e\u0435 \u0432\u0440\u0435\u043c\u044f \u0434\u043b\u044f \u0447\u0442\u0435\u043d\u0438\u044f\" \/>\n\t<meta name=\"twitter:data1\" content=\"1 \u043c\u0438\u043d\u0443\u0442\u0430\" \/>\n<script type=\"application\/ld+json\" class=\"yoast-schema-graph\">{\"@context\":\"https:\\\/\\\/schema.org\",\"@graph\":[{\"@type\":\"WebPage\",\"@id\":\"https:\\\/\\\/www.namude.lt\\\/objektas\\\/nuostabi-sodyba-gamtos-apsuptyje-svencioniu-rajone-sisniskes-kaime-apie-87-km-nuo-vilniaus-atokiau-nuo-keliu-ir-triuksmo\\\/\",\"url\":\"https:\\\/\\\/www.namude.lt\\\/objektas\\\/nuostabi-sodyba-gamtos-apsuptyje-svencioniu-rajone-sisniskes-kaime-apie-87-km-nuo-vilniaus-atokiau-nuo-keliu-ir-triuksmo\\\/\",\"name\":\"NUOSTABI SODYBA GAMTOS APSUPTYJE, \u0160VEN\u010cIONI\u0172 RAJONE, \u0160I\u0160NI\u0160K\u0116S KAIME, APIE 87 KM NUO VILNIAUS, ATOKIAU NUO KELI\u0172 IR TRIUK\u0160MO... - Namud\u0117\",\"isPartOf\":{\"@id\":\"https:\\\/\\\/www.namude.lt\\\/#website\"},\"primaryImageOfPage\":{\"@id\":\"https:\\\/\\\/www.namude.lt\\\/objektas\\\/nuostabi-sodyba-gamtos-apsuptyje-svencioniu-rajone-sisniskes-kaime-apie-87-km-nuo-vilniaus-atokiau-nuo-keliu-ir-triuksmo\\\/#primaryimage\"},\"image\":{\"@id\":\"https:\\\/\\\/www.namude.lt\\\/objektas\\\/nuostabi-sodyba-gamtos-apsuptyje-svencioniu-rajone-sisniskes-kaime-apie-87-km-nuo-vilniaus-atokiau-nuo-keliu-ir-triuksmo\\\/#primaryimage\"},\"thumbnailUrl\":\"https:\\\/\\\/www.namude.lt\\\/wp-content\\\/uploads\\\/2024\\\/01\\\/2-131.jpg\",\"datePublished\":\"2024-01-22T10:18:39+00:00\",\"dateModified\":\"2025-04-22T07:34:40+00:00\",\"breadcrumb\":{\"@id\":\"https:\\\/\\\/www.namude.lt\\\/objektas\\\/nuostabi-sodyba-gamtos-apsuptyje-svencioniu-rajone-sisniskes-kaime-apie-87-km-nuo-vilniaus-atokiau-nuo-keliu-ir-triuksmo\\\/#breadcrumb\"},\"inLanguage\":\"ru-RU\",\"potentialAction\":[{\"@type\":\"ReadAction\",\"target\":[\"https:\\\/\\\/www.namude.lt\\\/objektas\\\/nuostabi-sodyba-gamtos-apsuptyje-svencioniu-rajone-sisniskes-kaime-apie-87-km-nuo-vilniaus-atokiau-nuo-keliu-ir-triuksmo\\\/\"]}]},{\"@type\":\"ImageObject\",\"inLanguage\":\"ru-RU\",\"@id\":\"https:\\\/\\\/www.namude.lt\\\/objektas\\\/nuostabi-sodyba-gamtos-apsuptyje-svencioniu-rajone-sisniskes-kaime-apie-87-km-nuo-vilniaus-atokiau-nuo-keliu-ir-triuksmo\\\/#primaryimage\",\"url\":\"https:\\\/\\\/www.namude.lt\\\/wp-content\\\/uploads\\\/2024\\\/01\\\/2-131.jpg\",\"contentUrl\":\"https:\\\/\\\/www.namude.lt\\\/wp-content\\\/uploads\\\/2024\\\/01\\\/2-131.jpg\",\"width\":800,\"height\":531},{\"@type\":\"BreadcrumbList\",\"@id\":\"https:\\\/\\\/www.namude.lt\\\/objektas\\\/nuostabi-sodyba-gamtos-apsuptyje-svencioniu-rajone-sisniskes-kaime-apie-87-km-nuo-vilniaus-atokiau-nuo-keliu-ir-triuksmo\\\/#breadcrumb\",\"itemListElement\":[{\"@type\":\"ListItem\",\"position\":1,\"name\":\"Home\",\"item\":\"https:\\\/\\\/www.namude.lt\\\/ru\\\/\"},{\"@type\":\"ListItem\",\"position\":2,\"name\":\"\u041e\u0431\u044a\u0435\u043a\u0442\u044b\",\"item\":\"https:\\\/\\\/www.namude.lt\\\/ru\\\/%d0%be%d0%b1%d1%8a%d0%b5%d0%ba%d1%82%d1%8b\\\/\"},{\"@type\":\"ListItem\",\"position\":3,\"name\":\"NUOSTABI SODYBA GAMTOS APSUPTYJE, \u0160VEN\u010cIONI\u0172 RAJONE, \u0160I\u0160NI\u0160K\u0116S KAIME, APIE 87 KM NUO VILNIAUS, ATOKIAU NUO KELI\u0172 IR TRIUK\u0160MO&#8230;\"}]},{\"@type\":\"WebSite\",\"@id\":\"https:\\\/\\\/www.namude.lt\\\/#website\",\"url\":\"https:\\\/\\\/www.namude.lt\\\/\",\"name\":\"Namud\u0117\",\"description\":\"\u201eNamud\u0117\u201c \u2013 agent\u016bra, pardavin\u0117janti Auk\u0161taitijos NT grynuolius.\",\"publisher\":{\"@id\":\"https:\\\/\\\/www.namude.lt\\\/#organization\"},\"potentialAction\":[{\"@type\":\"SearchAction\",\"target\":{\"@type\":\"EntryPoint\",\"urlTemplate\":\"https:\\\/\\\/www.namude.lt\\\/?s={search_term_string}\"},\"query-input\":{\"@type\":\"PropertyValueSpecification\",\"valueRequired\":true,\"valueName\":\"search_term_string\"}}],\"inLanguage\":\"ru-RU\"},{\"@type\":\"Organization\",\"@id\":\"https:\\\/\\\/www.namude.lt\\\/#organization\",\"name\":\"Namud\u0117\",\"url\":\"https:\\\/\\\/www.namude.lt\\\/\",\"logo\":{\"@type\":\"ImageObject\",\"inLanguage\":\"ru-RU\",\"@id\":\"https:\\\/\\\/www.namude.lt\\\/#\\\/schema\\\/logo\\\/image\\\/\",\"url\":\"https:\\\/\\\/www.namude.lt\\\/wp-content\\\/uploads\\\/2023\\\/11\\\/logo-symbol.svg\",\"contentUrl\":\"https:\\\/\\\/www.namude.lt\\\/wp-content\\\/uploads\\\/2023\\\/11\\\/logo-symbol.svg\",\"width\":1,\"height\":1,\"caption\":\"Namud\u0117\"},\"image\":{\"@id\":\"https:\\\/\\\/www.namude.lt\\\/#\\\/schema\\\/logo\\\/image\\\/\"}}]}<\/script>\n<!-- \/ Yoast SEO plugin. -->","yoast_head_json":{"title":"NUOSTABI SODYBA GAMTOS APSUPTYJE, \u0160VEN\u010cIONI\u0172 RAJONE, \u0160I\u0160NI\u0160K\u0116S KAIME, APIE 87 KM NUO VILNIAUS, ATOKIAU NUO KELI\u0172 IR TRIUK\u0160MO... - Namud\u0117","robots":{"index":"index","follow":"follow","max-snippet":"max-snippet:-1","max-image-preview":"max-image-preview:large","max-video-preview":"max-video-preview:-1"},"canonical":"https:\/\/www.namude.lt\/objektas\/nuostabi-sodyba-gamtos-apsuptyje-svencioniu-rajone-sisniskes-kaime-apie-87-km-nuo-vilniaus-atokiau-nuo-keliu-ir-triuksmo\/","og_locale":"ru_RU","og_type":"article","og_title":"NUOSTABI SODYBA GAMTOS APSUPTYJE, \u0160VEN\u010cIONI\u0172 RAJONE, \u0160I\u0160NI\u0160K\u0116S KAIME, APIE 87 KM NUO VILNIAUS, ATOKIAU NUO KELI\u0172 IR TRIUK\u0160MO... - Namud\u0117","og_description":"Parduodama nuostabi sodyba gamtos apsuptyje, \u0160ven\u010dioni\u0173 rajone, \u0160i\u0161ni\u0161k\u0117s kaime, apie 87 km nuo Vilniaus, atokiau nuo keli\u0173 ir triuk\u0161mo... 2022 m renovuoto r\u0105stinio gyvenamojo namo bendras plotas \u2013 71.40 kv. m. Per vis\u0105 namo ilg\u012f pristatyta erdvi dengta terasa (apie 25 kv. m.) Renovacijai naudotos kokybi\u0161kos med\u017eiagos. Ap\u0161iltintos i\u0161or\u0117s sienos i\u0161 vidaus ir i\u0161 lauko. Naujas metalin\u0117s dangos stogas. Sud\u0117ti trij\u0173 kamer\u0173 langai. Naujos visos durys i\u0161 med\u017eio, nauja i\u0161or\u0117s ir vidaus apdaila. \u0160ildymas - \u017eidinys (su kapsule) su i\u0161ved\u017eiotais ortakiais \u012f visas patalpas su \u0161ilto oro priverstin\u0117s cirkuliacijos varikliuku. Taip pat \u0161ildytis galima elektra, nes padidintas elektros galingumas iki 10 kw (3 faz\u0117s). Vandentiekis vietinis (vanduo tiekiamas hidroforu i\u0161 \u0161ulinio). Pa\u0161ildomas vanduo elektriniu boileriu. Kanalizacija \u2013 \u012frengta vietin\u0117 nuotek\u0173 sistema (valymo \u012frenginiai su garantija). Televizija \u2013 satelitin\u0117 antena. Pirmame auk\u0161te yra didel\u0117 svetain\u0117 ( 28.61 kv. m.) su naujais baldais ir \u017eidiniu. Pilnai \u012frengta virtuv\u0117 su integruotais baldais, nauju \u0161aldytuvu ir elektrine virykle su orkaite. Taip pat yra vonia su tualetu ir \u0161ildomomis grindimis, miegamasis su naujais baldais, sand\u0117liukas ir koridorius. Mansardinis auk\u0161tas ne\u012frengtas, tik ap\u0161iltinta pirmo auk\u0161to perdanga ir sud\u0117ti nauji, dideli langai.","og_url":"https:\/\/www.namude.lt\/objektas\/nuostabi-sodyba-gamtos-apsuptyje-svencioniu-rajone-sisniskes-kaime-apie-87-km-nuo-vilniaus-atokiau-nuo-keliu-ir-triuksmo\/","og_site_name":"Namud\u0117","article_modified_time":"2025-04-22T07:34:40+00:00","og_image":[{"width":800,"height":531,"url":"https:\/\/www.namude.lt\/wp-content\/uploads\/2024\/01\/2-131.jpg","type":"image\/jpeg"}],"twitter_card":"summary_large_image","twitter_misc":{"\u041f\u0440\u0438\u043c\u0435\u0440\u043d\u043e\u0435 \u0432\u0440\u0435\u043c\u044f \u0434\u043b\u044f \u0447\u0442\u0435\u043d\u0438\u044f":"1 \u043c\u0438\u043d\u0443\u0442\u0430"},"schema":{"@context":"https:\/\/schema.org","@graph":[{"@type":"WebPage","@id":"https:\/\/www.namude.lt\/objektas\/nuostabi-sodyba-gamtos-apsuptyje-svencioniu-rajone-sisniskes-kaime-apie-87-km-nuo-vilniaus-atokiau-nuo-keliu-ir-triuksmo\/","url":"https:\/\/www.namude.lt\/objektas\/nuostabi-sodyba-gamtos-apsuptyje-svencioniu-rajone-sisniskes-kaime-apie-87-km-nuo-vilniaus-atokiau-nuo-keliu-ir-triuksmo\/","name":"NUOSTABI SODYBA GAMTOS APSUPTYJE, \u0160VEN\u010cIONI\u0172 RAJONE, \u0160I\u0160NI\u0160K\u0116S KAIME, APIE 87 KM NUO VILNIAUS, ATOKIAU NUO KELI\u0172 IR TRIUK\u0160MO... - Namud\u0117","isPartOf":{"@id":"https:\/\/www.namude.lt\/#website"},"primaryImageOfPage":{"@id":"https:\/\/www.namude.lt\/objektas\/nuostabi-sodyba-gamtos-apsuptyje-svencioniu-rajone-sisniskes-kaime-apie-87-km-nuo-vilniaus-atokiau-nuo-keliu-ir-triuksmo\/#primaryimage"},"image":{"@id":"https:\/\/www.namude.lt\/objektas\/nuostabi-sodyba-gamtos-apsuptyje-svencioniu-rajone-sisniskes-kaime-apie-87-km-nuo-vilniaus-atokiau-nuo-keliu-ir-triuksmo\/#primaryimage"},"thumbnailUrl":"https:\/\/www.namude.lt\/wp-content\/uploads\/2024\/01\/2-131.jpg","datePublished":"2024-01-22T10:18:39+00:00","dateModified":"2025-04-22T07:34:40+00:00","breadcrumb":{"@id":"https:\/\/www.namude.lt\/objektas\/nuostabi-sodyba-gamtos-apsuptyje-svencioniu-rajone-sisniskes-kaime-apie-87-km-nuo-vilniaus-atokiau-nuo-keliu-ir-triuksmo\/#breadcrumb"},"inLanguage":"ru-RU","potentialAction":[{"@type":"ReadAction","target":["https:\/\/www.namude.lt\/objektas\/nuostabi-sodyba-gamtos-apsuptyje-svencioniu-rajone-sisniskes-kaime-apie-87-km-nuo-vilniaus-atokiau-nuo-keliu-ir-triuksmo\/"]}]},{"@type":"ImageObject","inLanguage":"ru-RU","@id":"https:\/\/www.namude.lt\/objektas\/nuostabi-sodyba-gamtos-apsuptyje-svencioniu-rajone-sisniskes-kaime-apie-87-km-nuo-vilniaus-atokiau-nuo-keliu-ir-triuksmo\/#primaryimage","url":"https:\/\/www.namude.lt\/wp-content\/uploads\/2024\/01\/2-131.jpg","contentUrl":"https:\/\/www.namude.lt\/wp-content\/uploads\/2024\/01\/2-131.jpg","width":800,"height":531},{"@type":"BreadcrumbList","@id":"https:\/\/www.namude.lt\/objektas\/nuostabi-sodyba-gamtos-apsuptyje-svencioniu-rajone-sisniskes-kaime-apie-87-km-nuo-vilniaus-atokiau-nuo-keliu-ir-triuksmo\/#breadcrumb","itemListElement":[{"@type":"ListItem","position":1,"name":"Home","item":"https:\/\/www.namude.lt\/ru\/"},{"@type":"ListItem","position":2,"name":"\u041e\u0431\u044a\u0435\u043a\u0442\u044b","item":"https:\/\/www.namude.lt\/ru\/%d0%be%d0%b1%d1%8a%d0%b5%d0%ba%d1%82%d1%8b\/"},{"@type":"ListItem","position":3,"name":"NUOSTABI SODYBA GAMTOS APSUPTYJE, \u0160VEN\u010cIONI\u0172 RAJONE, \u0160I\u0160NI\u0160K\u0116S KAIME, APIE 87 KM NUO VILNIAUS, ATOKIAU NUO KELI\u0172 IR TRIUK\u0160MO&#8230;"}]},{"@type":"WebSite","@id":"https:\/\/www.namude.lt\/#website","url":"https:\/\/www.namude.lt\/","name":"Namud\u0117","description":"\u201eNamud\u0117\u201c \u2013 agent\u016bra, pardavin\u0117janti Auk\u0161taitijos NT grynuolius.","publisher":{"@id":"https:\/\/www.namude.lt\/#organization"},"potentialAction":[{"@type":"SearchAction","target":{"@type":"EntryPoint","urlTemplate":"https:\/\/www.namude.lt\/?s={search_term_string}"},"query-input":{"@type":"PropertyValueSpecification","valueRequired":true,"valueName":"search_term_string"}}],"inLanguage":"ru-RU"},{"@type":"Organization","@id":"https:\/\/www.namude.lt\/#organization","name":"Namud\u0117","url":"https:\/\/www.namude.lt\/","logo":{"@type":"ImageObject","inLanguage":"ru-RU","@id":"https:\/\/www.namude.lt\/#\/schema\/logo\/image\/","url":"https:\/\/www.namude.lt\/wp-content\/uploads\/2023\/11\/logo-symbol.svg","contentUrl":"https:\/\/www.namude.lt\/wp-content\/uploads\/2023\/11\/logo-symbol.svg","width":1,"height":1,"caption":"Namud\u0117"},"image":{"@id":"https:\/\/www.namude.lt\/#\/schema\/logo\/image\/"}}]}},"_links":{"self":[{"href":"https:\/\/www.namude.lt\/ru\/wp-json\/wp\/v2\/product\/2603","targetHints":{"allow":["GET"]}}],"collection":[{"href":"https:\/\/www.namude.lt\/ru\/wp-json\/wp\/v2\/product"}],"about":[{"href":"https:\/\/www.namude.lt\/ru\/wp-json\/wp\/v2\/types\/product"}],"wp:featuredmedia":[{"embeddable":true,"href":"https:\/\/www.namude.lt\/ru\/wp-json\/wp\/v2\/media\/16908"}],"wp:attachment":[{"href":"https:\/\/www.namude.lt\/ru\/wp-json\/wp\/v2\/media?parent=2603"}],"wp:term":[{"taxonomy":"product_brand","embeddable":true,"href":"https:\/\/www.namude.lt\/ru\/wp-json\/wp\/v2\/product_brand?post=2603"},{"taxonomy":"product_cat","embeddable":true,"href":"https:\/\/www.namude.lt\/ru\/wp-json\/wp\/v2\/product_cat?post=2603"},{"taxonomy":"product_tag","embeddable":true,"href":"https:\/\/www.namude.lt\/ru\/wp-json\/wp\/v2\/product_tag?post=2603"}],"curies":[{"name":"wp","href":"https:\/\/api.w.org\/{rel}","templated":true}]}}