{"id":25552,"date":"2026-03-24T13:26:01","date_gmt":"2026-03-24T11:26:01","guid":{"rendered":"https:\/\/www.namude.lt\/?post_type=product&#038;p=25552"},"modified":"2026-04-02T11:16:33","modified_gmt":"2026-04-02T08:16:33","slug":"isskirtinis-26-ha-sklypas-zarasu-kraste-23-ezeru-apsuptyje-su-pakrante-prie-bruzokeliu-ezero","status":"publish","type":"product","link":"https:\/\/www.namude.lt\/ru\/\u043e\u0431\u044a\u0435\u043a\u0442\/isskirtinis-26-ha-sklypas-zarasu-kraste-23-ezeru-apsuptyje-su-pakrante-prie-bruzokeliu-ezero\/","title":{"rendered":"I\u0160SKIRTINIS 2,6 HA SKLYPAS ZARAS\u0172 KRA\u0160TE \u2013 23 E\u017dER\u0172 APSUPTYJE, SU PAKRANTE PRIE BRU\u017dOK\u0116LI\u0172 E\u017dERO!"},"content":{"rendered":"","protected":false},"excerpt":{"rendered":"<p><strong>Parduodamas i\u0161skirtinis 2,6 ha \u017eem\u0117s sklypas Zaras\u0173 rajone, vaizdingoje vietoje prie Bru\u017eok\u0117li\u0173 e\u017eero Daneiki\u0173 kaime.<\/strong><a href=\"https:\/\/www.namude.lt\/kategorija\/sklypai\/?filter_rajonas=zarasu-rajonas&#038;query_type_rajonas=or\"><\/a> Sklypas ribojasi su 2 e\u017eerais. Tai puikus pasirinkimas ie\u0161kantiems privatumo, gamtos ir galimyb\u0117s \u012fgyvendinti savo svajoni\u0173 projekt\u0105 prie vandens.<br \/>\nSklypas yra erdvus, apsuptas \u017ealumos, su gra\u017eiais kra\u0161tovaizd\u017eio vaizdais. Yra galimyb\u0117 statyti gyvenam\u0105j\u012f ar poilsio pastat\u0105, taip pat suteiktas leidimas lieptui \u2013 gal\u0117site \u012fsirengti patog\u0173 pri\u0117jim\u0105 prie e\u017eero ir m\u0117gautis vandens pramogomis tiesiog savo valdoje.<br \/>\nPRIVALUMAI:<br \/>\n\u2013 Sklypo plotas \u2013 2,6 ha;<br \/>\n\u2013 Sklypas ribojasi su Bru\u017eok\u0117li\u0173 e\u017eeru;<br \/>\n\u2013 Yra galimyb\u0117 statybai;<br \/>\n\u2013 I\u0161duotas leidimas liepto \u012frengimui;<br \/>\n\u2013 Gra\u017ei, rami ir privati vieta gamtos apsuptyje;<br \/>\n\u2013 Patogus priva\u017eiavimas iki Antaliept\u0117s 9km, Zaras\u0173 20km, Utenos 28km, Vilnius 120 km.<br \/>\nTai vieta, kur gal\u0117site kurti savo poilsio oaz\u0119, sodyb\u0105 ar investicin\u012f projekt\u0105 \u2013 tokie sklypai prie e\u017eer\u0173 pasitaiko vis re\u010diau.<\/p>\n<p>Koordinat\u0117s : 55.633344, 25.974450<\/p>\n","protected":false},"featured_media":25905,"template":"","meta":{"_acf_changed":false},"product_brand":[],"product_cat":[24],"product_tag":[],"class_list":{"0":"post-25552","1":"product","2":"type-product","3":"status-publish","4":"has-post-thumbnail","6":"product_cat-sklypai","7":"pa_rajonas-zarasu-rajonas","8":"description-off","10":"first","11":"instock","12":"shipping-taxable","13":"purchasable","14":"product-type-simple"},"acf":[],"yoast_head":"<!-- This site is optimized with the Yoast SEO plugin v27.0 - https:\/\/yoast.com\/product\/yoast-seo-wordpress\/ -->\n<title>I\u0160SKIRTINIS 2,6 HA SKLYPAS ZARAS\u0172 KRA\u0160TE \u2013 23 E\u017dER\u0172 APSUPTYJE, SU PAKRANTE PRIE BRU\u017dOK\u0116LI\u0172 E\u017dERO! - Namud\u0117<\/title>\n<meta name=\"robots\" content=\"index, follow, max-snippet:-1, max-image-preview:large, max-video-preview:-1\" \/>\n<link rel=\"canonical\" href=\"https:\/\/www.namude.lt\/objektas\/isskirtinis-26-ha-sklypas-zarasu-kraste-23-ezeru-apsuptyje-su-pakrante-prie-bruzokeliu-ezero\/\" \/>\n<meta property=\"og:locale\" content=\"ru_RU\" \/>\n<meta property=\"og:type\" content=\"article\" \/>\n<meta property=\"og:title\" content=\"I\u0160SKIRTINIS 2,6 HA SKLYPAS ZARAS\u0172 KRA\u0160TE \u2013 23 E\u017dER\u0172 APSUPTYJE, SU PAKRANTE PRIE BRU\u017dOK\u0116LI\u0172 E\u017dERO! - Namud\u0117\" \/>\n<meta property=\"og:description\" content=\"Parduodamas i\u0161skirtinis 2,6 ha \u017eem\u0117s sklypas Zaras\u0173 rajone, vaizdingoje vietoje prie Bru\u017eok\u0117li\u0173 e\u017eero Daneiki\u0173 kaime. Sklypas ribojasi su 2 e\u017eerais. Tai puikus pasirinkimas ie\u0161kantiems privatumo, gamtos ir galimyb\u0117s \u012fgyvendinti savo svajoni\u0173 projekt\u0105 prie vandens. Sklypas yra erdvus, apsuptas \u017ealumos, su gra\u017eiais kra\u0161tovaizd\u017eio vaizdais. Yra galimyb\u0117 statyti gyvenam\u0105j\u012f ar poilsio pastat\u0105, taip pat suteiktas leidimas lieptui \u2013 gal\u0117site \u012fsirengti patog\u0173 pri\u0117jim\u0105 prie e\u017eero ir m\u0117gautis vandens pramogomis tiesiog savo valdoje. PRIVALUMAI: \u2013 Sklypo plotas \u2013 2,6 ha; \u2013 Sklypas ribojasi su Bru\u017eok\u0117li\u0173 e\u017eeru; \u2013 Yra galimyb\u0117 statybai; \u2013 I\u0161duotas leidimas liepto \u012frengimui; \u2013 Gra\u017ei, rami ir privati vieta gamtos apsuptyje; \u2013 Patogus priva\u017eiavimas iki Antaliept\u0117s 9km, Zaras\u0173 20km, Utenos 28km, Vilnius 120 km. Tai vieta, kur gal\u0117site kurti savo poilsio oaz\u0119, sodyb\u0105 ar investicin\u012f projekt\u0105 \u2013 tokie sklypai prie e\u017eer\u0173 pasitaiko vis re\u010diau.  Koordinat\u0117s : 55.633344, 25.974450\" \/>\n<meta property=\"og:url\" content=\"https:\/\/www.namude.lt\/objektas\/isskirtinis-26-ha-sklypas-zarasu-kraste-23-ezeru-apsuptyje-su-pakrante-prie-bruzokeliu-ezero\/\" \/>\n<meta property=\"og:site_name\" content=\"Namud\u0117\" \/>\n<meta property=\"article:modified_time\" content=\"2026-04-02T08:16:33+00:00\" \/>\n<meta property=\"og:image\" content=\"https:\/\/www.namude.lt\/wp-content\/uploads\/2026\/03\/SODYBVIETE-15.jpg\" \/>\n\t<meta property=\"og:image:width\" content=\"1920\" \/>\n\t<meta property=\"og:image:height\" content=\"1080\" \/>\n\t<meta property=\"og:image:type\" content=\"image\/jpeg\" \/>\n<meta name=\"twitter:card\" content=\"summary_large_image\" \/>\n<script type=\"application\/ld+json\" class=\"yoast-schema-graph\">{\"@context\":\"https:\/\/schema.org\",\"@graph\":[{\"@type\":\"WebPage\",\"@id\":\"https:\/\/www.namude.lt\/objektas\/isskirtinis-26-ha-sklypas-zarasu-kraste-23-ezeru-apsuptyje-su-pakrante-prie-bruzokeliu-ezero\/\",\"url\":\"https:\/\/www.namude.lt\/objektas\/isskirtinis-26-ha-sklypas-zarasu-kraste-23-ezeru-apsuptyje-su-pakrante-prie-bruzokeliu-ezero\/\",\"name\":\"I\u0160SKIRTINIS 2,6 HA SKLYPAS ZARAS\u0172 KRA\u0160TE \u2013 23 E\u017dER\u0172 APSUPTYJE, SU PAKRANTE PRIE BRU\u017dOK\u0116LI\u0172 E\u017dERO! - Namud\u0117\",\"isPartOf\":{\"@id\":\"https:\/\/www.namude.lt\/#website\"},\"primaryImageOfPage\":{\"@id\":\"https:\/\/www.namude.lt\/objektas\/isskirtinis-26-ha-sklypas-zarasu-kraste-23-ezeru-apsuptyje-su-pakrante-prie-bruzokeliu-ezero\/#primaryimage\"},\"image\":{\"@id\":\"https:\/\/www.namude.lt\/objektas\/isskirtinis-26-ha-sklypas-zarasu-kraste-23-ezeru-apsuptyje-su-pakrante-prie-bruzokeliu-ezero\/#primaryimage\"},\"thumbnailUrl\":\"https:\/\/www.namude.lt\/wp-content\/uploads\/2026\/03\/SODYBVIETE-15.jpg\",\"datePublished\":\"2026-03-24T11:26:01+00:00\",\"dateModified\":\"2026-04-02T08:16:33+00:00\",\"breadcrumb\":{\"@id\":\"https:\/\/www.namude.lt\/objektas\/isskirtinis-26-ha-sklypas-zarasu-kraste-23-ezeru-apsuptyje-su-pakrante-prie-bruzokeliu-ezero\/#breadcrumb\"},\"inLanguage\":\"ru-RU\",\"potentialAction\":[{\"@type\":\"ReadAction\",\"target\":[\"https:\/\/www.namude.lt\/objektas\/isskirtinis-26-ha-sklypas-zarasu-kraste-23-ezeru-apsuptyje-su-pakrante-prie-bruzokeliu-ezero\/\"]}]},{\"@type\":\"ImageObject\",\"inLanguage\":\"ru-RU\",\"@id\":\"https:\/\/www.namude.lt\/objektas\/isskirtinis-26-ha-sklypas-zarasu-kraste-23-ezeru-apsuptyje-su-pakrante-prie-bruzokeliu-ezero\/#primaryimage\",\"url\":\"https:\/\/www.namude.lt\/wp-content\/uploads\/2026\/03\/SODYBVIETE-15.jpg\",\"contentUrl\":\"https:\/\/www.namude.lt\/wp-content\/uploads\/2026\/03\/SODYBVIETE-15.jpg\",\"width\":1920,\"height\":1080},{\"@type\":\"BreadcrumbList\",\"@id\":\"https:\/\/www.namude.lt\/objektas\/isskirtinis-26-ha-sklypas-zarasu-kraste-23-ezeru-apsuptyje-su-pakrante-prie-bruzokeliu-ezero\/#breadcrumb\",\"itemListElement\":[{\"@type\":\"ListItem\",\"position\":1,\"name\":\"Home\",\"item\":\"https:\/\/www.namude.lt\/ru\/\"},{\"@type\":\"ListItem\",\"position\":2,\"name\":\"\u041e\u0431\u044a\u0435\u043a\u0442\u044b\",\"item\":\"https:\/\/www.namude.lt\/ru\/%d0%be%d0%b1%d1%8a%d0%b5%d0%ba%d1%82%d1%8b\/\"},{\"@type\":\"ListItem\",\"position\":3,\"name\":\"I\u0160SKIRTINIS 2,6 HA SKLYPAS ZARAS\u0172 KRA\u0160TE \u2013 23 E\u017dER\u0172 APSUPTYJE, SU PAKRANTE PRIE BRU\u017dOK\u0116LI\u0172 E\u017dERO!\"}]},{\"@type\":\"WebSite\",\"@id\":\"https:\/\/www.namude.lt\/#website\",\"url\":\"https:\/\/www.namude.lt\/\",\"name\":\"Namud\u0117\",\"description\":\"\u201eNamud\u0117\u201c \u2013 agent\u016bra, pardavin\u0117janti Auk\u0161taitijos NT grynuolius.\",\"publisher\":{\"@id\":\"https:\/\/www.namude.lt\/#organization\"},\"potentialAction\":[{\"@type\":\"SearchAction\",\"target\":{\"@type\":\"EntryPoint\",\"urlTemplate\":\"https:\/\/www.namude.lt\/?s={search_term_string}\"},\"query-input\":{\"@type\":\"PropertyValueSpecification\",\"valueRequired\":true,\"valueName\":\"search_term_string\"}}],\"inLanguage\":\"ru-RU\"},{\"@type\":\"Organization\",\"@id\":\"https:\/\/www.namude.lt\/#organization\",\"name\":\"Namud\u0117\",\"url\":\"https:\/\/www.namude.lt\/\",\"logo\":{\"@type\":\"ImageObject\",\"inLanguage\":\"ru-RU\",\"@id\":\"https:\/\/www.namude.lt\/#\/schema\/logo\/image\/\",\"url\":\"https:\/\/www.namude.lt\/wp-content\/uploads\/2023\/11\/logo-symbol.svg\",\"contentUrl\":\"https:\/\/www.namude.lt\/wp-content\/uploads\/2023\/11\/logo-symbol.svg\",\"width\":1,\"height\":1,\"caption\":\"Namud\u0117\"},\"image\":{\"@id\":\"https:\/\/www.namude.lt\/#\/schema\/logo\/image\/\"}}]}<\/script>\n<!-- \/ Yoast SEO plugin. -->","yoast_head_json":{"title":"I\u0160SKIRTINIS 2,6 HA SKLYPAS ZARAS\u0172 KRA\u0160TE \u2013 23 E\u017dER\u0172 APSUPTYJE, SU PAKRANTE PRIE BRU\u017dOK\u0116LI\u0172 E\u017dERO! - Namud\u0117","robots":{"index":"index","follow":"follow","max-snippet":"max-snippet:-1","max-image-preview":"max-image-preview:large","max-video-preview":"max-video-preview:-1"},"canonical":"https:\/\/www.namude.lt\/objektas\/isskirtinis-26-ha-sklypas-zarasu-kraste-23-ezeru-apsuptyje-su-pakrante-prie-bruzokeliu-ezero\/","og_locale":"ru_RU","og_type":"article","og_title":"I\u0160SKIRTINIS 2,6 HA SKLYPAS ZARAS\u0172 KRA\u0160TE \u2013 23 E\u017dER\u0172 APSUPTYJE, SU PAKRANTE PRIE BRU\u017dOK\u0116LI\u0172 E\u017dERO! - Namud\u0117","og_description":"Parduodamas i\u0161skirtinis 2,6 ha \u017eem\u0117s sklypas Zaras\u0173 rajone, vaizdingoje vietoje prie Bru\u017eok\u0117li\u0173 e\u017eero Daneiki\u0173 kaime. Sklypas ribojasi su 2 e\u017eerais. Tai puikus pasirinkimas ie\u0161kantiems privatumo, gamtos ir galimyb\u0117s \u012fgyvendinti savo svajoni\u0173 projekt\u0105 prie vandens. Sklypas yra erdvus, apsuptas \u017ealumos, su gra\u017eiais kra\u0161tovaizd\u017eio vaizdais. Yra galimyb\u0117 statyti gyvenam\u0105j\u012f ar poilsio pastat\u0105, taip pat suteiktas leidimas lieptui \u2013 gal\u0117site \u012fsirengti patog\u0173 pri\u0117jim\u0105 prie e\u017eero ir m\u0117gautis vandens pramogomis tiesiog savo valdoje. PRIVALUMAI: \u2013 Sklypo plotas \u2013 2,6 ha; \u2013 Sklypas ribojasi su Bru\u017eok\u0117li\u0173 e\u017eeru; \u2013 Yra galimyb\u0117 statybai; \u2013 I\u0161duotas leidimas liepto \u012frengimui; \u2013 Gra\u017ei, rami ir privati vieta gamtos apsuptyje; \u2013 Patogus priva\u017eiavimas iki Antaliept\u0117s 9km, Zaras\u0173 20km, Utenos 28km, Vilnius 120 km. Tai vieta, kur gal\u0117site kurti savo poilsio oaz\u0119, sodyb\u0105 ar investicin\u012f projekt\u0105 \u2013 tokie sklypai prie e\u017eer\u0173 pasitaiko vis re\u010diau.  Koordinat\u0117s : 55.633344, 25.974450","og_url":"https:\/\/www.namude.lt\/objektas\/isskirtinis-26-ha-sklypas-zarasu-kraste-23-ezeru-apsuptyje-su-pakrante-prie-bruzokeliu-ezero\/","og_site_name":"Namud\u0117","article_modified_time":"2026-04-02T08:16:33+00:00","og_image":[{"width":1920,"height":1080,"url":"https:\/\/www.namude.lt\/wp-content\/uploads\/2026\/03\/SODYBVIETE-15.jpg","type":"image\/jpeg"}],"twitter_card":"summary_large_image","schema":{"@context":"https:\/\/schema.org","@graph":[{"@type":"WebPage","@id":"https:\/\/www.namude.lt\/objektas\/isskirtinis-26-ha-sklypas-zarasu-kraste-23-ezeru-apsuptyje-su-pakrante-prie-bruzokeliu-ezero\/","url":"https:\/\/www.namude.lt\/objektas\/isskirtinis-26-ha-sklypas-zarasu-kraste-23-ezeru-apsuptyje-su-pakrante-prie-bruzokeliu-ezero\/","name":"I\u0160SKIRTINIS 2,6 HA SKLYPAS ZARAS\u0172 KRA\u0160TE \u2013 23 E\u017dER\u0172 APSUPTYJE, SU PAKRANTE PRIE BRU\u017dOK\u0116LI\u0172 E\u017dERO! - Namud\u0117","isPartOf":{"@id":"https:\/\/www.namude.lt\/#website"},"primaryImageOfPage":{"@id":"https:\/\/www.namude.lt\/objektas\/isskirtinis-26-ha-sklypas-zarasu-kraste-23-ezeru-apsuptyje-su-pakrante-prie-bruzokeliu-ezero\/#primaryimage"},"image":{"@id":"https:\/\/www.namude.lt\/objektas\/isskirtinis-26-ha-sklypas-zarasu-kraste-23-ezeru-apsuptyje-su-pakrante-prie-bruzokeliu-ezero\/#primaryimage"},"thumbnailUrl":"https:\/\/www.namude.lt\/wp-content\/uploads\/2026\/03\/SODYBVIETE-15.jpg","datePublished":"2026-03-24T11:26:01+00:00","dateModified":"2026-04-02T08:16:33+00:00","breadcrumb":{"@id":"https:\/\/www.namude.lt\/objektas\/isskirtinis-26-ha-sklypas-zarasu-kraste-23-ezeru-apsuptyje-su-pakrante-prie-bruzokeliu-ezero\/#breadcrumb"},"inLanguage":"ru-RU","potentialAction":[{"@type":"ReadAction","target":["https:\/\/www.namude.lt\/objektas\/isskirtinis-26-ha-sklypas-zarasu-kraste-23-ezeru-apsuptyje-su-pakrante-prie-bruzokeliu-ezero\/"]}]},{"@type":"ImageObject","inLanguage":"ru-RU","@id":"https:\/\/www.namude.lt\/objektas\/isskirtinis-26-ha-sklypas-zarasu-kraste-23-ezeru-apsuptyje-su-pakrante-prie-bruzokeliu-ezero\/#primaryimage","url":"https:\/\/www.namude.lt\/wp-content\/uploads\/2026\/03\/SODYBVIETE-15.jpg","contentUrl":"https:\/\/www.namude.lt\/wp-content\/uploads\/2026\/03\/SODYBVIETE-15.jpg","width":1920,"height":1080},{"@type":"BreadcrumbList","@id":"https:\/\/www.namude.lt\/objektas\/isskirtinis-26-ha-sklypas-zarasu-kraste-23-ezeru-apsuptyje-su-pakrante-prie-bruzokeliu-ezero\/#breadcrumb","itemListElement":[{"@type":"ListItem","position":1,"name":"Home","item":"https:\/\/www.namude.lt\/ru\/"},{"@type":"ListItem","position":2,"name":"\u041e\u0431\u044a\u0435\u043a\u0442\u044b","item":"https:\/\/www.namude.lt\/ru\/%d0%be%d0%b1%d1%8a%d0%b5%d0%ba%d1%82%d1%8b\/"},{"@type":"ListItem","position":3,"name":"I\u0160SKIRTINIS 2,6 HA SKLYPAS ZARAS\u0172 KRA\u0160TE \u2013 23 E\u017dER\u0172 APSUPTYJE, SU PAKRANTE PRIE BRU\u017dOK\u0116LI\u0172 E\u017dERO!"}]},{"@type":"WebSite","@id":"https:\/\/www.namude.lt\/#website","url":"https:\/\/www.namude.lt\/","name":"Namud\u0117","description":"\u201eNamud\u0117\u201c \u2013 agent\u016bra, pardavin\u0117janti Auk\u0161taitijos NT grynuolius.","publisher":{"@id":"https:\/\/www.namude.lt\/#organization"},"potentialAction":[{"@type":"SearchAction","target":{"@type":"EntryPoint","urlTemplate":"https:\/\/www.namude.lt\/?s={search_term_string}"},"query-input":{"@type":"PropertyValueSpecification","valueRequired":true,"valueName":"search_term_string"}}],"inLanguage":"ru-RU"},{"@type":"Organization","@id":"https:\/\/www.namude.lt\/#organization","name":"Namud\u0117","url":"https:\/\/www.namude.lt\/","logo":{"@type":"ImageObject","inLanguage":"ru-RU","@id":"https:\/\/www.namude.lt\/#\/schema\/logo\/image\/","url":"https:\/\/www.namude.lt\/wp-content\/uploads\/2023\/11\/logo-symbol.svg","contentUrl":"https:\/\/www.namude.lt\/wp-content\/uploads\/2023\/11\/logo-symbol.svg","width":1,"height":1,"caption":"Namud\u0117"},"image":{"@id":"https:\/\/www.namude.lt\/#\/schema\/logo\/image\/"}}]}},"_links":{"self":[{"href":"https:\/\/www.namude.lt\/ru\/wp-json\/wp\/v2\/product\/25552","targetHints":{"allow":["GET"]}}],"collection":[{"href":"https:\/\/www.namude.lt\/ru\/wp-json\/wp\/v2\/product"}],"about":[{"href":"https:\/\/www.namude.lt\/ru\/wp-json\/wp\/v2\/types\/product"}],"wp:featuredmedia":[{"embeddable":true,"href":"https:\/\/www.namude.lt\/ru\/wp-json\/wp\/v2\/media\/25905"}],"wp:attachment":[{"href":"https:\/\/www.namude.lt\/ru\/wp-json\/wp\/v2\/media?parent=25552"}],"wp:term":[{"taxonomy":"product_brand","embeddable":true,"href":"https:\/\/www.namude.lt\/ru\/wp-json\/wp\/v2\/product_brand?post=25552"},{"taxonomy":"product_cat","embeddable":true,"href":"https:\/\/www.namude.lt\/ru\/wp-json\/wp\/v2\/product_cat?post=25552"},{"taxonomy":"product_tag","embeddable":true,"href":"https:\/\/www.namude.lt\/ru\/wp-json\/wp\/v2\/product_tag?post=25552"}],"curies":[{"name":"wp","href":"https:\/\/api.w.org\/{rel}","templated":true}]}}