{"id":25457,"date":"2026-03-23T14:41:18","date_gmt":"2026-03-23T12:41:18","guid":{"rendered":"https:\/\/www.namude.lt\/?post_type=product&#038;p=25457"},"modified":"2026-04-13T09:20:55","modified_gmt":"2026-04-13T06:20:55","slug":"parduodamas-be-skolu-su-patogumais-1-kambario-butas-ignalinos-rajone-didziasalio-daugiabuciu-kvartale-pirmame-aukste","status":"publish","type":"product","link":"https:\/\/www.namude.lt\/ru\/\u043e\u0431\u044a\u0435\u043a\u0442\/parduodamas-be-skolu-su-patogumais-1-kambario-butas-ignalinos-rajone-didziasalio-daugiabuciu-kvartale-pirmame-aukste\/","title":{"rendered":"Parduodamas be skol\u0173, su patogumais 1 kambario butas Ignalinos rajone, Did\u017eiasalio daugiabu\u010di\u0173 kvartale, pirmame auk\u0161te."},"content":{"rendered":"","protected":false},"excerpt":{"rendered":"<p><strong>Ignalinos rajone, Did\u017eiasalyje, Agarinio gatv\u0117je 1 kambario butas su r\u016bsiu laukia naujo \u0161eimininko.<\/strong><a href=\"https:\/\/www.namude.lt\/kategorija\/butai\/?filter_rajonas=ignalinos-rajonas&#038;query_type_rajonas=or\"><\/a> Tai b\u016bt\u0173 puikus pasirinkimas ie\u0161kantiems ekonomi\u0161ko buto gyvenimui ma\u017eame miestelyje, gra\u017eioje gamtoje, netoli e\u017eero.<br \/>\n&#8212;\tBendras plotas \u2013 32.95 kv. m.<br \/>\n&#8212;\t1 auk\u0161tas i\u0161 keturi\u0173.<br \/>\n&#8212;\tPa\u010diame Did\u017eiasalio centre, bet toliau nuo gatv\u0117s.<br \/>\n&#8212;\tLangai orientuoti \u012f pietus.<br \/>\n&#8212;\t\u0160ildymas i\u0161 kvartalo katilin\u0117s.<br \/>\n&#8212;\tTualetas ir vonia atskirai<br \/>\nPrivalumai<br \/>\n&#8212;\t\u0160alia automobili\u0173 stov\u0117jimo aik\u0161tel\u0117, maisto preki\u0173 parduotuv\u0117, medicinos punktas, seni\u016bnija, rekonstruotas sporto aik\u0161tynas, turgelis ir kt..<br \/>\n&#8212;\tGra\u017e\u012f kaimi\u0161ka aplinka, daug \u017ealumos.<br \/>\n&#8212;\tSutvarkyta kvartalo gerb\u016bvis;<br \/>\n&#8212;\tPatogus priva\u017eiavimas asfaltuotu keliu.<br \/>\n&#8212;\tNetoliese e\u017eeras (apie 300 m) ir Birv\u0117tos up\u0117 (apie 1 km), kur galima pa\u017evejoti, pasimaudyti. Ideali vieta poilsiui ir ramiam gyvenimui.<br \/>\n&#8212;\t\u012e rajono centr\u0105 Ignalin\u0105, kiekvien\u0105 dien\u0105, nemokamai kursuoja autobusai.<\/p>\n","protected":false},"featured_media":25458,"template":"","meta":{"_acf_changed":false},"product_brand":[],"product_cat":[27],"product_tag":[],"class_list":{"0":"post-25457","1":"product","2":"type-product","3":"status-publish","4":"has-post-thumbnail","6":"product_cat-butai","7":"pa_rajonas-ignalinos-rajonas","8":"description-off","10":"first","11":"instock","12":"shipping-taxable","13":"purchasable","14":"product-type-simple"},"acf":[],"yoast_head":"<!-- This site is optimized with the Yoast SEO plugin v27.0 - https:\/\/yoast.com\/product\/yoast-seo-wordpress\/ -->\n<title>Parduodamas be skol\u0173, su patogumais 1 kambario butas Ignalinos rajone, Did\u017eiasalio daugiabu\u010di\u0173 kvartale, pirmame auk\u0161te. - Namud\u0117<\/title>\n<meta name=\"robots\" content=\"index, follow, max-snippet:-1, max-image-preview:large, max-video-preview:-1\" \/>\n<link rel=\"canonical\" href=\"https:\/\/www.namude.lt\/objektas\/parduodamas-be-skolu-su-patogumais-1-kambario-butas-ignalinos-rajone-didziasalio-daugiabuciu-kvartale-pirmame-aukste\/\" \/>\n<meta property=\"og:locale\" content=\"ru_RU\" \/>\n<meta property=\"og:type\" content=\"article\" \/>\n<meta property=\"og:title\" content=\"Parduodamas be skol\u0173, su patogumais 1 kambario butas Ignalinos rajone, Did\u017eiasalio daugiabu\u010di\u0173 kvartale, pirmame auk\u0161te. - Namud\u0117\" \/>\n<meta property=\"og:description\" content=\"Ignalinos rajone, Did\u017eiasalyje, Agarinio gatv\u0117je 1 kambario butas su r\u016bsiu laukia naujo \u0161eimininko. Tai b\u016bt\u0173 puikus pasirinkimas ie\u0161kantiems ekonomi\u0161ko buto gyvenimui ma\u017eame miestelyje, gra\u017eioje gamtoje, netoli e\u017eero. - Bendras plotas \u2013 32.95 kv. m. - 1 auk\u0161tas i\u0161 keturi\u0173. - Pa\u010diame Did\u017eiasalio centre, bet toliau nuo gatv\u0117s. - Langai orientuoti \u012f pietus. - \u0160ildymas i\u0161 kvartalo katilin\u0117s. - Tualetas ir vonia atskirai Privalumai - \u0160alia automobili\u0173 stov\u0117jimo aik\u0161tel\u0117, maisto preki\u0173 parduotuv\u0117, medicinos punktas, seni\u016bnija, rekonstruotas sporto aik\u0161tynas, turgelis ir kt.. - Gra\u017e\u012f kaimi\u0161ka aplinka, daug \u017ealumos. - Sutvarkyta kvartalo gerb\u016bvis; - Patogus priva\u017eiavimas asfaltuotu keliu.  - Netoliese e\u017eeras (apie 300 m) ir Birv\u0117tos up\u0117 (apie 1 km), kur galima pa\u017evejoti, pasimaudyti. Ideali vieta poilsiui ir ramiam gyvenimui. - \u012e rajono centr\u0105 Ignalin\u0105, kiekvien\u0105 dien\u0105, nemokamai kursuoja autobusai.\" \/>\n<meta property=\"og:url\" content=\"https:\/\/www.namude.lt\/objektas\/parduodamas-be-skolu-su-patogumais-1-kambario-butas-ignalinos-rajone-didziasalio-daugiabuciu-kvartale-pirmame-aukste\/\" \/>\n<meta property=\"og:site_name\" content=\"Namud\u0117\" \/>\n<meta property=\"article:modified_time\" content=\"2026-04-13T06:20:55+00:00\" \/>\n<meta property=\"og:image\" content=\"https:\/\/www.namude.lt\/wp-content\/uploads\/2026\/03\/1-10.jpg\" \/>\n\t<meta property=\"og:image:width\" content=\"1002\" \/>\n\t<meta property=\"og:image:height\" content=\"663\" \/>\n\t<meta property=\"og:image:type\" content=\"image\/jpeg\" \/>\n<meta name=\"twitter:card\" content=\"summary_large_image\" \/>\n<script type=\"application\/ld+json\" class=\"yoast-schema-graph\">{\"@context\":\"https:\/\/schema.org\",\"@graph\":[{\"@type\":\"WebPage\",\"@id\":\"https:\/\/www.namude.lt\/objektas\/parduodamas-be-skolu-su-patogumais-1-kambario-butas-ignalinos-rajone-didziasalio-daugiabuciu-kvartale-pirmame-aukste\/\",\"url\":\"https:\/\/www.namude.lt\/objektas\/parduodamas-be-skolu-su-patogumais-1-kambario-butas-ignalinos-rajone-didziasalio-daugiabuciu-kvartale-pirmame-aukste\/\",\"name\":\"Parduodamas be skol\u0173, su patogumais 1 kambario butas Ignalinos rajone, Did\u017eiasalio daugiabu\u010di\u0173 kvartale, pirmame auk\u0161te. - Namud\u0117\",\"isPartOf\":{\"@id\":\"https:\/\/www.namude.lt\/#website\"},\"primaryImageOfPage\":{\"@id\":\"https:\/\/www.namude.lt\/objektas\/parduodamas-be-skolu-su-patogumais-1-kambario-butas-ignalinos-rajone-didziasalio-daugiabuciu-kvartale-pirmame-aukste\/#primaryimage\"},\"image\":{\"@id\":\"https:\/\/www.namude.lt\/objektas\/parduodamas-be-skolu-su-patogumais-1-kambario-butas-ignalinos-rajone-didziasalio-daugiabuciu-kvartale-pirmame-aukste\/#primaryimage\"},\"thumbnailUrl\":\"https:\/\/www.namude.lt\/wp-content\/uploads\/2026\/03\/1-10.jpg\",\"datePublished\":\"2026-03-23T12:41:18+00:00\",\"dateModified\":\"2026-04-13T06:20:55+00:00\",\"breadcrumb\":{\"@id\":\"https:\/\/www.namude.lt\/objektas\/parduodamas-be-skolu-su-patogumais-1-kambario-butas-ignalinos-rajone-didziasalio-daugiabuciu-kvartale-pirmame-aukste\/#breadcrumb\"},\"inLanguage\":\"ru-RU\",\"potentialAction\":[{\"@type\":\"ReadAction\",\"target\":[\"https:\/\/www.namude.lt\/objektas\/parduodamas-be-skolu-su-patogumais-1-kambario-butas-ignalinos-rajone-didziasalio-daugiabuciu-kvartale-pirmame-aukste\/\"]}]},{\"@type\":\"ImageObject\",\"inLanguage\":\"ru-RU\",\"@id\":\"https:\/\/www.namude.lt\/objektas\/parduodamas-be-skolu-su-patogumais-1-kambario-butas-ignalinos-rajone-didziasalio-daugiabuciu-kvartale-pirmame-aukste\/#primaryimage\",\"url\":\"https:\/\/www.namude.lt\/wp-content\/uploads\/2026\/03\/1-10.jpg\",\"contentUrl\":\"https:\/\/www.namude.lt\/wp-content\/uploads\/2026\/03\/1-10.jpg\",\"width\":1002,\"height\":663},{\"@type\":\"BreadcrumbList\",\"@id\":\"https:\/\/www.namude.lt\/objektas\/parduodamas-be-skolu-su-patogumais-1-kambario-butas-ignalinos-rajone-didziasalio-daugiabuciu-kvartale-pirmame-aukste\/#breadcrumb\",\"itemListElement\":[{\"@type\":\"ListItem\",\"position\":1,\"name\":\"Home\",\"item\":\"https:\/\/www.namude.lt\/ru\/\"},{\"@type\":\"ListItem\",\"position\":2,\"name\":\"\u041e\u0431\u044a\u0435\u043a\u0442\u044b\",\"item\":\"https:\/\/www.namude.lt\/ru\/%d0%be%d0%b1%d1%8a%d0%b5%d0%ba%d1%82%d1%8b\/\"},{\"@type\":\"ListItem\",\"position\":3,\"name\":\"Parduodamas be skol\u0173, su patogumais 1 kambario butas Ignalinos rajone, Did\u017eiasalio daugiabu\u010di\u0173 kvartale, pirmame auk\u0161te.\"}]},{\"@type\":\"WebSite\",\"@id\":\"https:\/\/www.namude.lt\/#website\",\"url\":\"https:\/\/www.namude.lt\/\",\"name\":\"Namud\u0117\",\"description\":\"\u201eNamud\u0117\u201c \u2013 agent\u016bra, pardavin\u0117janti Auk\u0161taitijos NT grynuolius.\",\"publisher\":{\"@id\":\"https:\/\/www.namude.lt\/#organization\"},\"potentialAction\":[{\"@type\":\"SearchAction\",\"target\":{\"@type\":\"EntryPoint\",\"urlTemplate\":\"https:\/\/www.namude.lt\/?s={search_term_string}\"},\"query-input\":{\"@type\":\"PropertyValueSpecification\",\"valueRequired\":true,\"valueName\":\"search_term_string\"}}],\"inLanguage\":\"ru-RU\"},{\"@type\":\"Organization\",\"@id\":\"https:\/\/www.namude.lt\/#organization\",\"name\":\"Namud\u0117\",\"url\":\"https:\/\/www.namude.lt\/\",\"logo\":{\"@type\":\"ImageObject\",\"inLanguage\":\"ru-RU\",\"@id\":\"https:\/\/www.namude.lt\/#\/schema\/logo\/image\/\",\"url\":\"https:\/\/www.namude.lt\/wp-content\/uploads\/2023\/11\/logo-symbol.svg\",\"contentUrl\":\"https:\/\/www.namude.lt\/wp-content\/uploads\/2023\/11\/logo-symbol.svg\",\"width\":1,\"height\":1,\"caption\":\"Namud\u0117\"},\"image\":{\"@id\":\"https:\/\/www.namude.lt\/#\/schema\/logo\/image\/\"}}]}<\/script>\n<!-- \/ Yoast SEO plugin. -->","yoast_head_json":{"title":"Parduodamas be skol\u0173, su patogumais 1 kambario butas Ignalinos rajone, Did\u017eiasalio daugiabu\u010di\u0173 kvartale, pirmame auk\u0161te. - Namud\u0117","robots":{"index":"index","follow":"follow","max-snippet":"max-snippet:-1","max-image-preview":"max-image-preview:large","max-video-preview":"max-video-preview:-1"},"canonical":"https:\/\/www.namude.lt\/objektas\/parduodamas-be-skolu-su-patogumais-1-kambario-butas-ignalinos-rajone-didziasalio-daugiabuciu-kvartale-pirmame-aukste\/","og_locale":"ru_RU","og_type":"article","og_title":"Parduodamas be skol\u0173, su patogumais 1 kambario butas Ignalinos rajone, Did\u017eiasalio daugiabu\u010di\u0173 kvartale, pirmame auk\u0161te. - Namud\u0117","og_description":"Ignalinos rajone, Did\u017eiasalyje, Agarinio gatv\u0117je 1 kambario butas su r\u016bsiu laukia naujo \u0161eimininko. Tai b\u016bt\u0173 puikus pasirinkimas ie\u0161kantiems ekonomi\u0161ko buto gyvenimui ma\u017eame miestelyje, gra\u017eioje gamtoje, netoli e\u017eero. - Bendras plotas \u2013 32.95 kv. m. - 1 auk\u0161tas i\u0161 keturi\u0173. - Pa\u010diame Did\u017eiasalio centre, bet toliau nuo gatv\u0117s. - Langai orientuoti \u012f pietus. - \u0160ildymas i\u0161 kvartalo katilin\u0117s. - Tualetas ir vonia atskirai Privalumai - \u0160alia automobili\u0173 stov\u0117jimo aik\u0161tel\u0117, maisto preki\u0173 parduotuv\u0117, medicinos punktas, seni\u016bnija, rekonstruotas sporto aik\u0161tynas, turgelis ir kt.. - Gra\u017e\u012f kaimi\u0161ka aplinka, daug \u017ealumos. - Sutvarkyta kvartalo gerb\u016bvis; - Patogus priva\u017eiavimas asfaltuotu keliu.  - Netoliese e\u017eeras (apie 300 m) ir Birv\u0117tos up\u0117 (apie 1 km), kur galima pa\u017evejoti, pasimaudyti. Ideali vieta poilsiui ir ramiam gyvenimui. - \u012e rajono centr\u0105 Ignalin\u0105, kiekvien\u0105 dien\u0105, nemokamai kursuoja autobusai.","og_url":"https:\/\/www.namude.lt\/objektas\/parduodamas-be-skolu-su-patogumais-1-kambario-butas-ignalinos-rajone-didziasalio-daugiabuciu-kvartale-pirmame-aukste\/","og_site_name":"Namud\u0117","article_modified_time":"2026-04-13T06:20:55+00:00","og_image":[{"width":1002,"height":663,"url":"https:\/\/www.namude.lt\/wp-content\/uploads\/2026\/03\/1-10.jpg","type":"image\/jpeg"}],"twitter_card":"summary_large_image","schema":{"@context":"https:\/\/schema.org","@graph":[{"@type":"WebPage","@id":"https:\/\/www.namude.lt\/objektas\/parduodamas-be-skolu-su-patogumais-1-kambario-butas-ignalinos-rajone-didziasalio-daugiabuciu-kvartale-pirmame-aukste\/","url":"https:\/\/www.namude.lt\/objektas\/parduodamas-be-skolu-su-patogumais-1-kambario-butas-ignalinos-rajone-didziasalio-daugiabuciu-kvartale-pirmame-aukste\/","name":"Parduodamas be skol\u0173, su patogumais 1 kambario butas Ignalinos rajone, Did\u017eiasalio daugiabu\u010di\u0173 kvartale, pirmame auk\u0161te. - Namud\u0117","isPartOf":{"@id":"https:\/\/www.namude.lt\/#website"},"primaryImageOfPage":{"@id":"https:\/\/www.namude.lt\/objektas\/parduodamas-be-skolu-su-patogumais-1-kambario-butas-ignalinos-rajone-didziasalio-daugiabuciu-kvartale-pirmame-aukste\/#primaryimage"},"image":{"@id":"https:\/\/www.namude.lt\/objektas\/parduodamas-be-skolu-su-patogumais-1-kambario-butas-ignalinos-rajone-didziasalio-daugiabuciu-kvartale-pirmame-aukste\/#primaryimage"},"thumbnailUrl":"https:\/\/www.namude.lt\/wp-content\/uploads\/2026\/03\/1-10.jpg","datePublished":"2026-03-23T12:41:18+00:00","dateModified":"2026-04-13T06:20:55+00:00","breadcrumb":{"@id":"https:\/\/www.namude.lt\/objektas\/parduodamas-be-skolu-su-patogumais-1-kambario-butas-ignalinos-rajone-didziasalio-daugiabuciu-kvartale-pirmame-aukste\/#breadcrumb"},"inLanguage":"ru-RU","potentialAction":[{"@type":"ReadAction","target":["https:\/\/www.namude.lt\/objektas\/parduodamas-be-skolu-su-patogumais-1-kambario-butas-ignalinos-rajone-didziasalio-daugiabuciu-kvartale-pirmame-aukste\/"]}]},{"@type":"ImageObject","inLanguage":"ru-RU","@id":"https:\/\/www.namude.lt\/objektas\/parduodamas-be-skolu-su-patogumais-1-kambario-butas-ignalinos-rajone-didziasalio-daugiabuciu-kvartale-pirmame-aukste\/#primaryimage","url":"https:\/\/www.namude.lt\/wp-content\/uploads\/2026\/03\/1-10.jpg","contentUrl":"https:\/\/www.namude.lt\/wp-content\/uploads\/2026\/03\/1-10.jpg","width":1002,"height":663},{"@type":"BreadcrumbList","@id":"https:\/\/www.namude.lt\/objektas\/parduodamas-be-skolu-su-patogumais-1-kambario-butas-ignalinos-rajone-didziasalio-daugiabuciu-kvartale-pirmame-aukste\/#breadcrumb","itemListElement":[{"@type":"ListItem","position":1,"name":"Home","item":"https:\/\/www.namude.lt\/ru\/"},{"@type":"ListItem","position":2,"name":"\u041e\u0431\u044a\u0435\u043a\u0442\u044b","item":"https:\/\/www.namude.lt\/ru\/%d0%be%d0%b1%d1%8a%d0%b5%d0%ba%d1%82%d1%8b\/"},{"@type":"ListItem","position":3,"name":"Parduodamas be skol\u0173, su patogumais 1 kambario butas Ignalinos rajone, Did\u017eiasalio daugiabu\u010di\u0173 kvartale, pirmame auk\u0161te."}]},{"@type":"WebSite","@id":"https:\/\/www.namude.lt\/#website","url":"https:\/\/www.namude.lt\/","name":"Namud\u0117","description":"\u201eNamud\u0117\u201c \u2013 agent\u016bra, pardavin\u0117janti Auk\u0161taitijos NT grynuolius.","publisher":{"@id":"https:\/\/www.namude.lt\/#organization"},"potentialAction":[{"@type":"SearchAction","target":{"@type":"EntryPoint","urlTemplate":"https:\/\/www.namude.lt\/?s={search_term_string}"},"query-input":{"@type":"PropertyValueSpecification","valueRequired":true,"valueName":"search_term_string"}}],"inLanguage":"ru-RU"},{"@type":"Organization","@id":"https:\/\/www.namude.lt\/#organization","name":"Namud\u0117","url":"https:\/\/www.namude.lt\/","logo":{"@type":"ImageObject","inLanguage":"ru-RU","@id":"https:\/\/www.namude.lt\/#\/schema\/logo\/image\/","url":"https:\/\/www.namude.lt\/wp-content\/uploads\/2023\/11\/logo-symbol.svg","contentUrl":"https:\/\/www.namude.lt\/wp-content\/uploads\/2023\/11\/logo-symbol.svg","width":1,"height":1,"caption":"Namud\u0117"},"image":{"@id":"https:\/\/www.namude.lt\/#\/schema\/logo\/image\/"}}]}},"_links":{"self":[{"href":"https:\/\/www.namude.lt\/ru\/wp-json\/wp\/v2\/product\/25457","targetHints":{"allow":["GET"]}}],"collection":[{"href":"https:\/\/www.namude.lt\/ru\/wp-json\/wp\/v2\/product"}],"about":[{"href":"https:\/\/www.namude.lt\/ru\/wp-json\/wp\/v2\/types\/product"}],"wp:featuredmedia":[{"embeddable":true,"href":"https:\/\/www.namude.lt\/ru\/wp-json\/wp\/v2\/media\/25458"}],"wp:attachment":[{"href":"https:\/\/www.namude.lt\/ru\/wp-json\/wp\/v2\/media?parent=25457"}],"wp:term":[{"taxonomy":"product_brand","embeddable":true,"href":"https:\/\/www.namude.lt\/ru\/wp-json\/wp\/v2\/product_brand?post=25457"},{"taxonomy":"product_cat","embeddable":true,"href":"https:\/\/www.namude.lt\/ru\/wp-json\/wp\/v2\/product_cat?post=25457"},{"taxonomy":"product_tag","embeddable":true,"href":"https:\/\/www.namude.lt\/ru\/wp-json\/wp\/v2\/product_tag?post=25457"}],"curies":[{"name":"wp","href":"https:\/\/api.w.org\/{rel}","templated":true}]}}