{"id":25121,"date":"2026-03-16T09:36:35","date_gmt":"2026-03-16T07:36:35","guid":{"rendered":"https:\/\/www.namude.lt\/?post_type=product&#038;p=25121"},"modified":"2026-03-16T09:36:36","modified_gmt":"2026-03-16T07:36:36","slug":"parduodamas-sklypas-utenos-rajone-gyvenamojo-namo-statyboms","status":"publish","type":"product","link":"https:\/\/www.namude.lt\/ru\/\u043e\u0431\u044a\u0435\u043a\u0442\/parduodamas-sklypas-utenos-rajone-gyvenamojo-namo-statyboms\/","title":{"rendered":"Parduodamas sklypas Utenos rajone gyvenamojo namo statyboms!"},"content":{"rendered":"","protected":false},"excerpt":{"rendered":"<p><strong>Parduodamas erdvus 80,5 ar\u0173 \u017eem\u0117s sklypas perspektyvioje ir \u017ealumos apsuptoje vietoje &#8212; Utenos r., Antakalni\u0173 k., Moliakalnio g.<\/strong><a href=\"https:\/\/www.namude.lt\/kategorija\/sklypai\/?filter_rajonas=utenos-rajonas&#038;query_type_rajonas=or\"><\/a>, vos 3 km nuo Utenos miesto ribos. Tai puiki vieta tiek gyvenamojo namo statybai, tiek ir protingai investicijai.<\/p>\n<p>PRIVALUMAI:<br \/>\n-Iki sklypo naujai nutiestas geras \u017evyruotas kelias, o iki pagrindinio asfaltuoto kelio \u2013 1,6 km ;<br \/>\n&#8212; Kol kas sklypas \u017eem\u0117s \u016bkio paskirties, ta\u010diau pageidaujantiems pirkti sklypo paskirtis bus pakeista \u012f nam\u0173 vald\u0105;<br \/>\n&#8212; Atlikti geodeziniai matavimai;<br \/>\n&#8212; Iki sklypo atvestas 15 kW elektros \u012fvadas;<br \/>\n&#8212; Aplinkiniai gyvenamieji namai stovi atokiau, tad privatumas ir ramyb\u0117 garantuota;<br \/>\n-Yra galimyb\u0117 i\u0161sikasti tvenkin\u012f;<br \/>\n-Sklypas ribojasi su mi\u0161ku, \u0161alia prateka upelis Trainys.<\/p>\n<p>Sklypo koordinat\u0117s:<\/p>\n<p>Google maps  55.5159811, 25.5266979 (WGS)<br \/>\nMaps.lt   596427, 6154501 (LKS)<\/p>\n","protected":false},"featured_media":25122,"template":"","meta":{"_acf_changed":false},"product_brand":[],"product_cat":[24],"product_tag":[],"class_list":{"0":"post-25121","1":"product","2":"type-product","3":"status-publish","4":"has-post-thumbnail","6":"product_cat-sklypai","7":"pa_rajonas-utenos-rajonas","8":"description-off","10":"first","11":"instock","12":"shipping-taxable","13":"purchasable","14":"product-type-simple"},"acf":[],"yoast_head":"<!-- This site is optimized with the Yoast SEO plugin v27.0 - https:\/\/yoast.com\/product\/yoast-seo-wordpress\/ -->\n<title>Parduodamas sklypas Utenos rajone gyvenamojo namo statyboms! - Namud\u0117<\/title>\n<meta name=\"robots\" content=\"index, follow, max-snippet:-1, max-image-preview:large, max-video-preview:-1\" \/>\n<link rel=\"canonical\" href=\"https:\/\/www.namude.lt\/objektas\/parduodamas-sklypas-utenos-rajone-gyvenamojo-namo-statyboms\/\" \/>\n<meta property=\"og:locale\" content=\"ru_RU\" \/>\n<meta property=\"og:type\" content=\"article\" \/>\n<meta property=\"og:title\" content=\"Parduodamas sklypas Utenos rajone gyvenamojo namo statyboms! - Namud\u0117\" \/>\n<meta property=\"og:description\" content=\"Parduodamas erdvus 80,5 ar\u0173 \u017eem\u0117s sklypas perspektyvioje ir \u017ealumos apsuptoje vietoje - Utenos r., Antakalni\u0173 k., Moliakalnio g., vos 3 km nuo Utenos miesto ribos. Tai puiki vieta tiek gyvenamojo namo statybai, tiek ir protingai investicijai.  PRIVALUMAI: -Iki sklypo naujai nutiestas geras \u017evyruotas kelias, o iki pagrindinio asfaltuoto kelio \u2013 1,6 km ; - Kol kas sklypas \u017eem\u0117s \u016bkio paskirties, ta\u010diau pageidaujantiems pirkti sklypo paskirtis bus pakeista \u012f nam\u0173 vald\u0105; - Atlikti geodeziniai matavimai; - Iki sklypo atvestas 15 kW elektros \u012fvadas; - Aplinkiniai gyvenamieji namai stovi atokiau, tad privatumas ir ramyb\u0117 garantuota; -Yra galimyb\u0117 i\u0161sikasti tvenkin\u012f; -Sklypas ribojasi su mi\u0161ku, \u0161alia prateka upelis Trainys.  Sklypo koordinat\u0117s:  Google maps 55.5159811, 25.5266979 (WGS) Maps.lt  596427, 6154501 (LKS)\" \/>\n<meta property=\"og:url\" content=\"https:\/\/www.namude.lt\/objektas\/parduodamas-sklypas-utenos-rajone-gyvenamojo-namo-statyboms\/\" \/>\n<meta property=\"og:site_name\" content=\"Namud\u0117\" \/>\n<meta property=\"article:modified_time\" content=\"2026-03-16T07:36:36+00:00\" \/>\n<meta property=\"og:image\" content=\"https:\/\/www.namude.lt\/wp-content\/uploads\/2026\/03\/1-4.jpg\" \/>\n\t<meta property=\"og:image:width\" content=\"840\" \/>\n\t<meta property=\"og:image:height\" content=\"560\" \/>\n\t<meta property=\"og:image:type\" content=\"image\/jpeg\" \/>\n<meta name=\"twitter:card\" content=\"summary_large_image\" \/>\n<script type=\"application\/ld+json\" class=\"yoast-schema-graph\">{\"@context\":\"https:\/\/schema.org\",\"@graph\":[{\"@type\":\"WebPage\",\"@id\":\"https:\/\/www.namude.lt\/objektas\/parduodamas-sklypas-utenos-rajone-gyvenamojo-namo-statyboms\/\",\"url\":\"https:\/\/www.namude.lt\/objektas\/parduodamas-sklypas-utenos-rajone-gyvenamojo-namo-statyboms\/\",\"name\":\"Parduodamas sklypas Utenos rajone gyvenamojo namo statyboms! - Namud\u0117\",\"isPartOf\":{\"@id\":\"https:\/\/www.namude.lt\/#website\"},\"primaryImageOfPage\":{\"@id\":\"https:\/\/www.namude.lt\/objektas\/parduodamas-sklypas-utenos-rajone-gyvenamojo-namo-statyboms\/#primaryimage\"},\"image\":{\"@id\":\"https:\/\/www.namude.lt\/objektas\/parduodamas-sklypas-utenos-rajone-gyvenamojo-namo-statyboms\/#primaryimage\"},\"thumbnailUrl\":\"https:\/\/www.namude.lt\/wp-content\/uploads\/2026\/03\/1-4.jpg\",\"datePublished\":\"2026-03-16T07:36:35+00:00\",\"dateModified\":\"2026-03-16T07:36:36+00:00\",\"breadcrumb\":{\"@id\":\"https:\/\/www.namude.lt\/objektas\/parduodamas-sklypas-utenos-rajone-gyvenamojo-namo-statyboms\/#breadcrumb\"},\"inLanguage\":\"ru-RU\",\"potentialAction\":[{\"@type\":\"ReadAction\",\"target\":[\"https:\/\/www.namude.lt\/objektas\/parduodamas-sklypas-utenos-rajone-gyvenamojo-namo-statyboms\/\"]}]},{\"@type\":\"ImageObject\",\"inLanguage\":\"ru-RU\",\"@id\":\"https:\/\/www.namude.lt\/objektas\/parduodamas-sklypas-utenos-rajone-gyvenamojo-namo-statyboms\/#primaryimage\",\"url\":\"https:\/\/www.namude.lt\/wp-content\/uploads\/2026\/03\/1-4.jpg\",\"contentUrl\":\"https:\/\/www.namude.lt\/wp-content\/uploads\/2026\/03\/1-4.jpg\",\"width\":840,\"height\":560,\"caption\":\"default\"},{\"@type\":\"BreadcrumbList\",\"@id\":\"https:\/\/www.namude.lt\/objektas\/parduodamas-sklypas-utenos-rajone-gyvenamojo-namo-statyboms\/#breadcrumb\",\"itemListElement\":[{\"@type\":\"ListItem\",\"position\":1,\"name\":\"Home\",\"item\":\"https:\/\/www.namude.lt\/ru\/\"},{\"@type\":\"ListItem\",\"position\":2,\"name\":\"\u041e\u0431\u044a\u0435\u043a\u0442\u044b\",\"item\":\"https:\/\/www.namude.lt\/ru\/%d0%be%d0%b1%d1%8a%d0%b5%d0%ba%d1%82%d1%8b\/\"},{\"@type\":\"ListItem\",\"position\":3,\"name\":\"Parduodamas sklypas Utenos rajone gyvenamojo namo statyboms!\"}]},{\"@type\":\"WebSite\",\"@id\":\"https:\/\/www.namude.lt\/#website\",\"url\":\"https:\/\/www.namude.lt\/\",\"name\":\"Namud\u0117\",\"description\":\"\u201eNamud\u0117\u201c \u2013 agent\u016bra, pardavin\u0117janti Auk\u0161taitijos NT grynuolius.\",\"publisher\":{\"@id\":\"https:\/\/www.namude.lt\/#organization\"},\"potentialAction\":[{\"@type\":\"SearchAction\",\"target\":{\"@type\":\"EntryPoint\",\"urlTemplate\":\"https:\/\/www.namude.lt\/?s={search_term_string}\"},\"query-input\":{\"@type\":\"PropertyValueSpecification\",\"valueRequired\":true,\"valueName\":\"search_term_string\"}}],\"inLanguage\":\"ru-RU\"},{\"@type\":\"Organization\",\"@id\":\"https:\/\/www.namude.lt\/#organization\",\"name\":\"Namud\u0117\",\"url\":\"https:\/\/www.namude.lt\/\",\"logo\":{\"@type\":\"ImageObject\",\"inLanguage\":\"ru-RU\",\"@id\":\"https:\/\/www.namude.lt\/#\/schema\/logo\/image\/\",\"url\":\"https:\/\/www.namude.lt\/wp-content\/uploads\/2023\/11\/logo-symbol.svg\",\"contentUrl\":\"https:\/\/www.namude.lt\/wp-content\/uploads\/2023\/11\/logo-symbol.svg\",\"width\":1,\"height\":1,\"caption\":\"Namud\u0117\"},\"image\":{\"@id\":\"https:\/\/www.namude.lt\/#\/schema\/logo\/image\/\"}}]}<\/script>\n<!-- \/ Yoast SEO plugin. -->","yoast_head_json":{"title":"Parduodamas sklypas Utenos rajone gyvenamojo namo statyboms! - Namud\u0117","robots":{"index":"index","follow":"follow","max-snippet":"max-snippet:-1","max-image-preview":"max-image-preview:large","max-video-preview":"max-video-preview:-1"},"canonical":"https:\/\/www.namude.lt\/objektas\/parduodamas-sklypas-utenos-rajone-gyvenamojo-namo-statyboms\/","og_locale":"ru_RU","og_type":"article","og_title":"Parduodamas sklypas Utenos rajone gyvenamojo namo statyboms! - Namud\u0117","og_description":"Parduodamas erdvus 80,5 ar\u0173 \u017eem\u0117s sklypas perspektyvioje ir \u017ealumos apsuptoje vietoje - Utenos r., Antakalni\u0173 k., Moliakalnio g., vos 3 km nuo Utenos miesto ribos. Tai puiki vieta tiek gyvenamojo namo statybai, tiek ir protingai investicijai.  PRIVALUMAI: -Iki sklypo naujai nutiestas geras \u017evyruotas kelias, o iki pagrindinio asfaltuoto kelio \u2013 1,6 km ; - Kol kas sklypas \u017eem\u0117s \u016bkio paskirties, ta\u010diau pageidaujantiems pirkti sklypo paskirtis bus pakeista \u012f nam\u0173 vald\u0105; - Atlikti geodeziniai matavimai; - Iki sklypo atvestas 15 kW elektros \u012fvadas; - Aplinkiniai gyvenamieji namai stovi atokiau, tad privatumas ir ramyb\u0117 garantuota; -Yra galimyb\u0117 i\u0161sikasti tvenkin\u012f; -Sklypas ribojasi su mi\u0161ku, \u0161alia prateka upelis Trainys.  Sklypo koordinat\u0117s:  Google maps 55.5159811, 25.5266979 (WGS) Maps.lt  596427, 6154501 (LKS)","og_url":"https:\/\/www.namude.lt\/objektas\/parduodamas-sklypas-utenos-rajone-gyvenamojo-namo-statyboms\/","og_site_name":"Namud\u0117","article_modified_time":"2026-03-16T07:36:36+00:00","og_image":[{"width":840,"height":560,"url":"https:\/\/www.namude.lt\/wp-content\/uploads\/2026\/03\/1-4.jpg","type":"image\/jpeg"}],"twitter_card":"summary_large_image","schema":{"@context":"https:\/\/schema.org","@graph":[{"@type":"WebPage","@id":"https:\/\/www.namude.lt\/objektas\/parduodamas-sklypas-utenos-rajone-gyvenamojo-namo-statyboms\/","url":"https:\/\/www.namude.lt\/objektas\/parduodamas-sklypas-utenos-rajone-gyvenamojo-namo-statyboms\/","name":"Parduodamas sklypas Utenos rajone gyvenamojo namo statyboms! - Namud\u0117","isPartOf":{"@id":"https:\/\/www.namude.lt\/#website"},"primaryImageOfPage":{"@id":"https:\/\/www.namude.lt\/objektas\/parduodamas-sklypas-utenos-rajone-gyvenamojo-namo-statyboms\/#primaryimage"},"image":{"@id":"https:\/\/www.namude.lt\/objektas\/parduodamas-sklypas-utenos-rajone-gyvenamojo-namo-statyboms\/#primaryimage"},"thumbnailUrl":"https:\/\/www.namude.lt\/wp-content\/uploads\/2026\/03\/1-4.jpg","datePublished":"2026-03-16T07:36:35+00:00","dateModified":"2026-03-16T07:36:36+00:00","breadcrumb":{"@id":"https:\/\/www.namude.lt\/objektas\/parduodamas-sklypas-utenos-rajone-gyvenamojo-namo-statyboms\/#breadcrumb"},"inLanguage":"ru-RU","potentialAction":[{"@type":"ReadAction","target":["https:\/\/www.namude.lt\/objektas\/parduodamas-sklypas-utenos-rajone-gyvenamojo-namo-statyboms\/"]}]},{"@type":"ImageObject","inLanguage":"ru-RU","@id":"https:\/\/www.namude.lt\/objektas\/parduodamas-sklypas-utenos-rajone-gyvenamojo-namo-statyboms\/#primaryimage","url":"https:\/\/www.namude.lt\/wp-content\/uploads\/2026\/03\/1-4.jpg","contentUrl":"https:\/\/www.namude.lt\/wp-content\/uploads\/2026\/03\/1-4.jpg","width":840,"height":560,"caption":"default"},{"@type":"BreadcrumbList","@id":"https:\/\/www.namude.lt\/objektas\/parduodamas-sklypas-utenos-rajone-gyvenamojo-namo-statyboms\/#breadcrumb","itemListElement":[{"@type":"ListItem","position":1,"name":"Home","item":"https:\/\/www.namude.lt\/ru\/"},{"@type":"ListItem","position":2,"name":"\u041e\u0431\u044a\u0435\u043a\u0442\u044b","item":"https:\/\/www.namude.lt\/ru\/%d0%be%d0%b1%d1%8a%d0%b5%d0%ba%d1%82%d1%8b\/"},{"@type":"ListItem","position":3,"name":"Parduodamas sklypas Utenos rajone gyvenamojo namo statyboms!"}]},{"@type":"WebSite","@id":"https:\/\/www.namude.lt\/#website","url":"https:\/\/www.namude.lt\/","name":"Namud\u0117","description":"\u201eNamud\u0117\u201c \u2013 agent\u016bra, pardavin\u0117janti Auk\u0161taitijos NT grynuolius.","publisher":{"@id":"https:\/\/www.namude.lt\/#organization"},"potentialAction":[{"@type":"SearchAction","target":{"@type":"EntryPoint","urlTemplate":"https:\/\/www.namude.lt\/?s={search_term_string}"},"query-input":{"@type":"PropertyValueSpecification","valueRequired":true,"valueName":"search_term_string"}}],"inLanguage":"ru-RU"},{"@type":"Organization","@id":"https:\/\/www.namude.lt\/#organization","name":"Namud\u0117","url":"https:\/\/www.namude.lt\/","logo":{"@type":"ImageObject","inLanguage":"ru-RU","@id":"https:\/\/www.namude.lt\/#\/schema\/logo\/image\/","url":"https:\/\/www.namude.lt\/wp-content\/uploads\/2023\/11\/logo-symbol.svg","contentUrl":"https:\/\/www.namude.lt\/wp-content\/uploads\/2023\/11\/logo-symbol.svg","width":1,"height":1,"caption":"Namud\u0117"},"image":{"@id":"https:\/\/www.namude.lt\/#\/schema\/logo\/image\/"}}]}},"_links":{"self":[{"href":"https:\/\/www.namude.lt\/ru\/wp-json\/wp\/v2\/product\/25121","targetHints":{"allow":["GET"]}}],"collection":[{"href":"https:\/\/www.namude.lt\/ru\/wp-json\/wp\/v2\/product"}],"about":[{"href":"https:\/\/www.namude.lt\/ru\/wp-json\/wp\/v2\/types\/product"}],"wp:featuredmedia":[{"embeddable":true,"href":"https:\/\/www.namude.lt\/ru\/wp-json\/wp\/v2\/media\/25122"}],"wp:attachment":[{"href":"https:\/\/www.namude.lt\/ru\/wp-json\/wp\/v2\/media?parent=25121"}],"wp:term":[{"taxonomy":"product_brand","embeddable":true,"href":"https:\/\/www.namude.lt\/ru\/wp-json\/wp\/v2\/product_brand?post=25121"},{"taxonomy":"product_cat","embeddable":true,"href":"https:\/\/www.namude.lt\/ru\/wp-json\/wp\/v2\/product_cat?post=25121"},{"taxonomy":"product_tag","embeddable":true,"href":"https:\/\/www.namude.lt\/ru\/wp-json\/wp\/v2\/product_tag?post=25121"}],"curies":[{"name":"wp","href":"https:\/\/api.w.org\/{rel}","templated":true}]}}