{"id":25054,"date":"2026-03-13T14:37:17","date_gmt":"2026-03-13T12:37:17","guid":{"rendered":"https:\/\/www.namude.lt\/?post_type=product&#038;p=25054"},"modified":"2026-03-30T09:02:17","modified_gmt":"2026-03-30T06:02:17","slug":"poilsio-namas-kaulakiu-miske-prie-bebrusu-ezero","status":"publish","type":"product","link":"https:\/\/www.namude.lt\/ru\/\u043e\u0431\u044a\u0435\u043a\u0442\/poilsio-namas-kaulakiu-miske-prie-bebrusu-ezero\/","title":{"rendered":"Poilsio Namas Kaulaki\u0173 mi\u0161ke, prie Bebrus\u0173 e\u017eero"},"content":{"rendered":"","protected":false},"excerpt":{"rendered":"<p><strong>Parduodamas poilsio namas i\u0161skirtin\u0117je vietoje \u2013 Kaulaki\u0173 kaime, Mol\u0117t\u0173 rajone, pu\u0161yn\u0173 apsuptyje, prie vieno gra\u017eiausi\u0173 regiono vandens telkini\u0173 \u2013 Bebrus\u0173 e\u017eeras. <\/strong><a href=\"https:\/\/www.namude.lt\/kategorija\/sodybos\/?filter_rajonas=moletu-rajonas&#038;query_type_rajonas=or\"><\/a><br \/>\nBebrus\u0173 e\u017eeras yra vienas didesni\u0173 ir \u017euving\u0173 e\u017eer\u0173 regione \u2013 jo plotas siekia apie 367 ha, vidutinis gylis apie 7 m, o kranto linijos ilgis \u2013 apie 19 km,  vieta idealiai tinka aktyviam poilsiui, \u017evejybai ar vandens pramogoms.<br \/>\nPRIVALUMAI:<br \/>\n\u2013 Poilsio namelis 79kv.m. (1 auk\u0161tas: svetain\u0117s erdv\u0117 su terasa, virtuv\u0117, vonios ir WC kambarys, holas; 2 auk\u0161tas: 2 miegamieji (vienas i\u0161 j\u0173 su balkonu), prie\u0161kambaris.);<br \/>\n\u2013 \u0160ildymas \u017eidiniu, oras-oras sistema;<br \/>\n-Erdvi terasa \u012f e\u017eero pus\u0119 su kubilu;<br \/>\n-10a \u017eem\u0117s sklypas;<br \/>\n-2,60a pakrant\u0117s, atstumas 80m;<br \/>\n-Vandens gr\u0119\u017einys;<br \/>\n -Nuotek\u0173 valymo sistema;<br \/>\n-Iki poilsiaviet\u0117s plia\u017eo 200m;<br \/>\n-Mi\u0161ko g\u0117ryb\u0117s;<br \/>\n\u2013 Patogus priva\u017eiavimas, atstumai iki Mol\u0117t\u0173 5km, Utenos 38km, \u0160irvintos 45km, Ukmerg\u0117 47km, Vilniaus 64km, Panev\u0117\u017eys 109km<br \/>\nKoordinat\u0117s :<br \/>\nmaps.lt \u2013 55.196220, 25.441505<\/p>\n","protected":false},"featured_media":25775,"template":"","meta":{"_acf_changed":false},"product_brand":[],"product_cat":[23],"product_tag":[],"class_list":{"0":"post-25054","1":"product","2":"type-product","3":"status-publish","4":"has-post-thumbnail","6":"product_cat-sodybos","7":"pa_rajonas-moletu-rajonas","8":"description-off","10":"first","11":"instock","12":"shipping-taxable","13":"purchasable","14":"product-type-simple"},"acf":[],"yoast_head":"<!-- This site is optimized with the Yoast SEO plugin v27.0 - https:\/\/yoast.com\/product\/yoast-seo-wordpress\/ -->\n<title>Poilsio Namas Kaulaki\u0173 mi\u0161ke, prie Bebrus\u0173 e\u017eero - Namud\u0117<\/title>\n<meta name=\"robots\" content=\"index, follow, max-snippet:-1, max-image-preview:large, max-video-preview:-1\" \/>\n<link rel=\"canonical\" href=\"https:\/\/www.namude.lt\/objektas\/poilsio-namas-kaulakiu-miske-prie-bebrusu-ezero\/\" \/>\n<meta property=\"og:locale\" content=\"ru_RU\" \/>\n<meta property=\"og:type\" content=\"article\" \/>\n<meta property=\"og:title\" content=\"Poilsio Namas Kaulaki\u0173 mi\u0161ke, prie Bebrus\u0173 e\u017eero - Namud\u0117\" \/>\n<meta property=\"og:description\" content=\"Parduodamas poilsio namas i\u0161skirtin\u0117je vietoje \u2013 Kaulaki\u0173 kaime, Mol\u0117t\u0173 rajone, pu\u0161yn\u0173 apsuptyje, prie vieno gra\u017eiausi\u0173 regiono vandens telkini\u0173 \u2013 Bebrus\u0173 e\u017eeras.  Bebrus\u0173 e\u017eeras yra vienas didesni\u0173 ir \u017euving\u0173 e\u017eer\u0173 regione \u2013 jo plotas siekia apie 367 ha, vidutinis gylis apie 7 m, o kranto linijos ilgis \u2013 apie 19 km, vieta idealiai tinka aktyviam poilsiui, \u017evejybai ar vandens pramogoms.  PRIVALUMAI: \u2013 Poilsio namelis 79kv.m. (1 auk\u0161tas: svetain\u0117s erdv\u0117 su terasa, virtuv\u0117, vonios ir WC kambarys, holas; 2 auk\u0161tas: 2 miegamieji (vienas i\u0161 j\u0173 su balkonu), prie\u0161kambaris.); \u2013 \u0160ildymas \u017eidiniu, oras-oras sistema; -Erdvi terasa \u012f e\u017eero pus\u0119 su kubilu; -10a \u017eem\u0117s sklypas; -2,60a pakrant\u0117s, atstumas 80m; -Vandens gr\u0119\u017einys;  -Nuotek\u0173 valymo sistema; -Iki poilsiaviet\u0117s plia\u017eo 200m; -Mi\u0161ko g\u0117ryb\u0117s; \u2013 Patogus priva\u017eiavimas, atstumai iki Mol\u0117t\u0173 5km, Utenos 38km, \u0160irvintos 45km, Ukmerg\u0117 47km, Vilniaus 64km, Panev\u0117\u017eys 109km Koordinat\u0117s : maps.lt \u2013 55.196220, 25.441505\" \/>\n<meta property=\"og:url\" content=\"https:\/\/www.namude.lt\/objektas\/poilsio-namas-kaulakiu-miske-prie-bebrusu-ezero\/\" \/>\n<meta property=\"og:site_name\" content=\"Namud\u0117\" \/>\n<meta property=\"article:modified_time\" content=\"2026-03-30T06:02:17+00:00\" \/>\n<meta property=\"og:image\" content=\"https:\/\/www.namude.lt\/wp-content\/uploads\/2026\/03\/1-14.jpg\" \/>\n\t<meta property=\"og:image:width\" content=\"2400\" \/>\n\t<meta property=\"og:image:height\" content=\"1800\" \/>\n\t<meta property=\"og:image:type\" content=\"image\/jpeg\" \/>\n<meta name=\"twitter:card\" content=\"summary_large_image\" \/>\n<script type=\"application\/ld+json\" class=\"yoast-schema-graph\">{\"@context\":\"https:\/\/schema.org\",\"@graph\":[{\"@type\":\"WebPage\",\"@id\":\"https:\/\/www.namude.lt\/objektas\/poilsio-namas-kaulakiu-miske-prie-bebrusu-ezero\/\",\"url\":\"https:\/\/www.namude.lt\/objektas\/poilsio-namas-kaulakiu-miske-prie-bebrusu-ezero\/\",\"name\":\"Poilsio Namas Kaulaki\u0173 mi\u0161ke, prie Bebrus\u0173 e\u017eero - Namud\u0117\",\"isPartOf\":{\"@id\":\"https:\/\/www.namude.lt\/#website\"},\"primaryImageOfPage\":{\"@id\":\"https:\/\/www.namude.lt\/objektas\/poilsio-namas-kaulakiu-miske-prie-bebrusu-ezero\/#primaryimage\"},\"image\":{\"@id\":\"https:\/\/www.namude.lt\/objektas\/poilsio-namas-kaulakiu-miske-prie-bebrusu-ezero\/#primaryimage\"},\"thumbnailUrl\":\"https:\/\/www.namude.lt\/wp-content\/uploads\/2026\/03\/1-14.jpg\",\"datePublished\":\"2026-03-13T12:37:17+00:00\",\"dateModified\":\"2026-03-30T06:02:17+00:00\",\"breadcrumb\":{\"@id\":\"https:\/\/www.namude.lt\/objektas\/poilsio-namas-kaulakiu-miske-prie-bebrusu-ezero\/#breadcrumb\"},\"inLanguage\":\"ru-RU\",\"potentialAction\":[{\"@type\":\"ReadAction\",\"target\":[\"https:\/\/www.namude.lt\/objektas\/poilsio-namas-kaulakiu-miske-prie-bebrusu-ezero\/\"]}]},{\"@type\":\"ImageObject\",\"inLanguage\":\"ru-RU\",\"@id\":\"https:\/\/www.namude.lt\/objektas\/poilsio-namas-kaulakiu-miske-prie-bebrusu-ezero\/#primaryimage\",\"url\":\"https:\/\/www.namude.lt\/wp-content\/uploads\/2026\/03\/1-14.jpg\",\"contentUrl\":\"https:\/\/www.namude.lt\/wp-content\/uploads\/2026\/03\/1-14.jpg\",\"width\":2400,\"height\":1800},{\"@type\":\"BreadcrumbList\",\"@id\":\"https:\/\/www.namude.lt\/objektas\/poilsio-namas-kaulakiu-miske-prie-bebrusu-ezero\/#breadcrumb\",\"itemListElement\":[{\"@type\":\"ListItem\",\"position\":1,\"name\":\"Home\",\"item\":\"https:\/\/www.namude.lt\/ru\/\"},{\"@type\":\"ListItem\",\"position\":2,\"name\":\"\u041e\u0431\u044a\u0435\u043a\u0442\u044b\",\"item\":\"https:\/\/www.namude.lt\/ru\/%d0%be%d0%b1%d1%8a%d0%b5%d0%ba%d1%82%d1%8b\/\"},{\"@type\":\"ListItem\",\"position\":3,\"name\":\"Poilsio Namas Kaulaki\u0173 mi\u0161ke, prie Bebrus\u0173 e\u017eero\"}]},{\"@type\":\"WebSite\",\"@id\":\"https:\/\/www.namude.lt\/#website\",\"url\":\"https:\/\/www.namude.lt\/\",\"name\":\"Namud\u0117\",\"description\":\"\u201eNamud\u0117\u201c \u2013 agent\u016bra, pardavin\u0117janti Auk\u0161taitijos NT grynuolius.\",\"publisher\":{\"@id\":\"https:\/\/www.namude.lt\/#organization\"},\"potentialAction\":[{\"@type\":\"SearchAction\",\"target\":{\"@type\":\"EntryPoint\",\"urlTemplate\":\"https:\/\/www.namude.lt\/?s={search_term_string}\"},\"query-input\":{\"@type\":\"PropertyValueSpecification\",\"valueRequired\":true,\"valueName\":\"search_term_string\"}}],\"inLanguage\":\"ru-RU\"},{\"@type\":\"Organization\",\"@id\":\"https:\/\/www.namude.lt\/#organization\",\"name\":\"Namud\u0117\",\"url\":\"https:\/\/www.namude.lt\/\",\"logo\":{\"@type\":\"ImageObject\",\"inLanguage\":\"ru-RU\",\"@id\":\"https:\/\/www.namude.lt\/#\/schema\/logo\/image\/\",\"url\":\"https:\/\/www.namude.lt\/wp-content\/uploads\/2023\/11\/logo-symbol.svg\",\"contentUrl\":\"https:\/\/www.namude.lt\/wp-content\/uploads\/2023\/11\/logo-symbol.svg\",\"width\":1,\"height\":1,\"caption\":\"Namud\u0117\"},\"image\":{\"@id\":\"https:\/\/www.namude.lt\/#\/schema\/logo\/image\/\"}}]}<\/script>\n<!-- \/ Yoast SEO plugin. -->","yoast_head_json":{"title":"Poilsio Namas Kaulaki\u0173 mi\u0161ke, prie Bebrus\u0173 e\u017eero - Namud\u0117","robots":{"index":"index","follow":"follow","max-snippet":"max-snippet:-1","max-image-preview":"max-image-preview:large","max-video-preview":"max-video-preview:-1"},"canonical":"https:\/\/www.namude.lt\/objektas\/poilsio-namas-kaulakiu-miske-prie-bebrusu-ezero\/","og_locale":"ru_RU","og_type":"article","og_title":"Poilsio Namas Kaulaki\u0173 mi\u0161ke, prie Bebrus\u0173 e\u017eero - Namud\u0117","og_description":"Parduodamas poilsio namas i\u0161skirtin\u0117je vietoje \u2013 Kaulaki\u0173 kaime, Mol\u0117t\u0173 rajone, pu\u0161yn\u0173 apsuptyje, prie vieno gra\u017eiausi\u0173 regiono vandens telkini\u0173 \u2013 Bebrus\u0173 e\u017eeras.  Bebrus\u0173 e\u017eeras yra vienas didesni\u0173 ir \u017euving\u0173 e\u017eer\u0173 regione \u2013 jo plotas siekia apie 367 ha, vidutinis gylis apie 7 m, o kranto linijos ilgis \u2013 apie 19 km, vieta idealiai tinka aktyviam poilsiui, \u017evejybai ar vandens pramogoms.  PRIVALUMAI: \u2013 Poilsio namelis 79kv.m. (1 auk\u0161tas: svetain\u0117s erdv\u0117 su terasa, virtuv\u0117, vonios ir WC kambarys, holas; 2 auk\u0161tas: 2 miegamieji (vienas i\u0161 j\u0173 su balkonu), prie\u0161kambaris.); \u2013 \u0160ildymas \u017eidiniu, oras-oras sistema; -Erdvi terasa \u012f e\u017eero pus\u0119 su kubilu; -10a \u017eem\u0117s sklypas; -2,60a pakrant\u0117s, atstumas 80m; -Vandens gr\u0119\u017einys;  -Nuotek\u0173 valymo sistema; -Iki poilsiaviet\u0117s plia\u017eo 200m; -Mi\u0161ko g\u0117ryb\u0117s; \u2013 Patogus priva\u017eiavimas, atstumai iki Mol\u0117t\u0173 5km, Utenos 38km, \u0160irvintos 45km, Ukmerg\u0117 47km, Vilniaus 64km, Panev\u0117\u017eys 109km Koordinat\u0117s : maps.lt \u2013 55.196220, 25.441505","og_url":"https:\/\/www.namude.lt\/objektas\/poilsio-namas-kaulakiu-miske-prie-bebrusu-ezero\/","og_site_name":"Namud\u0117","article_modified_time":"2026-03-30T06:02:17+00:00","og_image":[{"width":2400,"height":1800,"url":"https:\/\/www.namude.lt\/wp-content\/uploads\/2026\/03\/1-14.jpg","type":"image\/jpeg"}],"twitter_card":"summary_large_image","schema":{"@context":"https:\/\/schema.org","@graph":[{"@type":"WebPage","@id":"https:\/\/www.namude.lt\/objektas\/poilsio-namas-kaulakiu-miske-prie-bebrusu-ezero\/","url":"https:\/\/www.namude.lt\/objektas\/poilsio-namas-kaulakiu-miske-prie-bebrusu-ezero\/","name":"Poilsio Namas Kaulaki\u0173 mi\u0161ke, prie Bebrus\u0173 e\u017eero - Namud\u0117","isPartOf":{"@id":"https:\/\/www.namude.lt\/#website"},"primaryImageOfPage":{"@id":"https:\/\/www.namude.lt\/objektas\/poilsio-namas-kaulakiu-miske-prie-bebrusu-ezero\/#primaryimage"},"image":{"@id":"https:\/\/www.namude.lt\/objektas\/poilsio-namas-kaulakiu-miske-prie-bebrusu-ezero\/#primaryimage"},"thumbnailUrl":"https:\/\/www.namude.lt\/wp-content\/uploads\/2026\/03\/1-14.jpg","datePublished":"2026-03-13T12:37:17+00:00","dateModified":"2026-03-30T06:02:17+00:00","breadcrumb":{"@id":"https:\/\/www.namude.lt\/objektas\/poilsio-namas-kaulakiu-miske-prie-bebrusu-ezero\/#breadcrumb"},"inLanguage":"ru-RU","potentialAction":[{"@type":"ReadAction","target":["https:\/\/www.namude.lt\/objektas\/poilsio-namas-kaulakiu-miske-prie-bebrusu-ezero\/"]}]},{"@type":"ImageObject","inLanguage":"ru-RU","@id":"https:\/\/www.namude.lt\/objektas\/poilsio-namas-kaulakiu-miske-prie-bebrusu-ezero\/#primaryimage","url":"https:\/\/www.namude.lt\/wp-content\/uploads\/2026\/03\/1-14.jpg","contentUrl":"https:\/\/www.namude.lt\/wp-content\/uploads\/2026\/03\/1-14.jpg","width":2400,"height":1800},{"@type":"BreadcrumbList","@id":"https:\/\/www.namude.lt\/objektas\/poilsio-namas-kaulakiu-miske-prie-bebrusu-ezero\/#breadcrumb","itemListElement":[{"@type":"ListItem","position":1,"name":"Home","item":"https:\/\/www.namude.lt\/ru\/"},{"@type":"ListItem","position":2,"name":"\u041e\u0431\u044a\u0435\u043a\u0442\u044b","item":"https:\/\/www.namude.lt\/ru\/%d0%be%d0%b1%d1%8a%d0%b5%d0%ba%d1%82%d1%8b\/"},{"@type":"ListItem","position":3,"name":"Poilsio Namas Kaulaki\u0173 mi\u0161ke, prie Bebrus\u0173 e\u017eero"}]},{"@type":"WebSite","@id":"https:\/\/www.namude.lt\/#website","url":"https:\/\/www.namude.lt\/","name":"Namud\u0117","description":"\u201eNamud\u0117\u201c \u2013 agent\u016bra, pardavin\u0117janti Auk\u0161taitijos NT grynuolius.","publisher":{"@id":"https:\/\/www.namude.lt\/#organization"},"potentialAction":[{"@type":"SearchAction","target":{"@type":"EntryPoint","urlTemplate":"https:\/\/www.namude.lt\/?s={search_term_string}"},"query-input":{"@type":"PropertyValueSpecification","valueRequired":true,"valueName":"search_term_string"}}],"inLanguage":"ru-RU"},{"@type":"Organization","@id":"https:\/\/www.namude.lt\/#organization","name":"Namud\u0117","url":"https:\/\/www.namude.lt\/","logo":{"@type":"ImageObject","inLanguage":"ru-RU","@id":"https:\/\/www.namude.lt\/#\/schema\/logo\/image\/","url":"https:\/\/www.namude.lt\/wp-content\/uploads\/2023\/11\/logo-symbol.svg","contentUrl":"https:\/\/www.namude.lt\/wp-content\/uploads\/2023\/11\/logo-symbol.svg","width":1,"height":1,"caption":"Namud\u0117"},"image":{"@id":"https:\/\/www.namude.lt\/#\/schema\/logo\/image\/"}}]}},"_links":{"self":[{"href":"https:\/\/www.namude.lt\/ru\/wp-json\/wp\/v2\/product\/25054","targetHints":{"allow":["GET"]}}],"collection":[{"href":"https:\/\/www.namude.lt\/ru\/wp-json\/wp\/v2\/product"}],"about":[{"href":"https:\/\/www.namude.lt\/ru\/wp-json\/wp\/v2\/types\/product"}],"wp:featuredmedia":[{"embeddable":true,"href":"https:\/\/www.namude.lt\/ru\/wp-json\/wp\/v2\/media\/25775"}],"wp:attachment":[{"href":"https:\/\/www.namude.lt\/ru\/wp-json\/wp\/v2\/media?parent=25054"}],"wp:term":[{"taxonomy":"product_brand","embeddable":true,"href":"https:\/\/www.namude.lt\/ru\/wp-json\/wp\/v2\/product_brand?post=25054"},{"taxonomy":"product_cat","embeddable":true,"href":"https:\/\/www.namude.lt\/ru\/wp-json\/wp\/v2\/product_cat?post=25054"},{"taxonomy":"product_tag","embeddable":true,"href":"https:\/\/www.namude.lt\/ru\/wp-json\/wp\/v2\/product_tag?post=25054"}],"curies":[{"name":"wp","href":"https:\/\/api.w.org\/{rel}","templated":true}]}}