{"id":24850,"date":"2026-03-02T16:07:45","date_gmt":"2026-03-02T14:07:45","guid":{"rendered":"https:\/\/www.namude.lt\/?post_type=product&#038;p=24850"},"modified":"2026-03-23T09:55:51","modified_gmt":"2026-03-23T07:55:51","slug":"sodyba-anyksciu-rajone-simoniu-girios-kaimynysteje-su-brandziu-sodu","status":"publish","type":"product","link":"https:\/\/www.namude.lt\/ru\/\u043e\u0431\u044a\u0435\u043a\u0442\/sodyba-anyksciu-rajone-simoniu-girios-kaimynysteje-su-brandziu-sodu\/","title":{"rendered":"SODYBA ANYK\u0160\u010cI\u0172 RAJONE, \u0160IMONI\u0172 GIRIOS KAIMYNYST\u0116JE SU BRAND\u017dIU SODU!"},"content":{"rendered":"","protected":false},"excerpt":{"rendered":"<p><strong>Anyk\u0161\u010di\u0173 rajone, visai \u0161alia Andrioni\u0161kio ir \u0160imoni\u0173 girios, parduodama sodyba geroje vietoje \u2013 apsupta mi\u0161k\u0173, su erdviu kiemu ir dideliu sodu.<\/strong><a href=\"https:\/\/www.namude.lt\/kategorija\/sodybos\/?filter_rajonas=anyksciu-rajonas&#038;query_type_rajonas=or\"><\/a><br \/>\nGyvenamajame name i\u0161laikyti autenti\u0161ki elementai \u2013 krosnis ir duonkepis, suteikiantys jaukumo bei galimyb\u0119 m\u0117gautis tradiciniu gyvenimo b\u016bdu. Papildomai \u012frengtas vasaros namelis, tinkamas sve\u010diams ar poilsiui \u0161iltuoju sezonu.<br \/>\nPRIVALUMAI<br \/>\n&#8212;\t 57kv.m. r\u0105stin\u0117 sodyba (2 kambariai ir prie\u0161kambaris, viename i\u0161betonuotos grindys, kitame pe\u010dius ir duonkepis);<br \/>\n&#8212;\t\u016akiniai pastatai \u2013 tvartas, vasaros namelis \u2013 paruo\u0161tas vasarojimui, kalv\u0117, \u0161ulinys;<br \/>\n&#8212;\t0,54ha nam\u0173 valdos \u017eem\u0117s sklypas;<br \/>\n&#8212;\tTrifaz\u0117 elektra;<br \/>\n&#8212;\tSodyb\u0105 supa brand\u016bs med\u017eiai, vaiskr\u016bmi\u0173 ir vaismed\u017ei\u0173 sodas;<br \/>\n&#8212;\tIki Vie\u0161into e\u017eero apie 2km;<br \/>\n&#8212;\t Patogus ir geras priva\u017eiavimas visais met\u0173 laikais, atstumai iki Vie\u0161int\u0173 5km; Andrioni\u0161kio 12km, Anyk\u0161\u010di\u0173 23km, Utena ir Ukmerg\u0117 60km., Panev\u0117\u017eys 57km, Vilnius 130km,<br \/>\nKoordinat\u0117s:<br \/>\nmaps.lt \u2013 55.678197, 25.015781<\/p>\n","protected":false},"featured_media":25390,"template":"","meta":{"_acf_changed":false},"product_brand":[],"product_cat":[23],"product_tag":[],"class_list":{"0":"post-24850","1":"product","2":"type-product","3":"status-publish","4":"has-post-thumbnail","6":"product_cat-sodybos","7":"pa_rajonas-anyksciu-rajonas","8":"description-off","10":"first","11":"instock","12":"shipping-taxable","13":"purchasable","14":"product-type-simple"},"acf":[],"yoast_head":"<!-- This site is optimized with the Yoast SEO plugin v27.0 - https:\/\/yoast.com\/product\/yoast-seo-wordpress\/ -->\n<title>SODYBA ANYK\u0160\u010cI\u0172 RAJONE, \u0160IMONI\u0172 GIRIOS KAIMYNYST\u0116JE SU BRAND\u017dIU SODU! - Namud\u0117<\/title>\n<meta name=\"robots\" content=\"index, follow, max-snippet:-1, max-image-preview:large, max-video-preview:-1\" \/>\n<link rel=\"canonical\" href=\"https:\/\/www.namude.lt\/objektas\/sodyba-anyksciu-rajone-simoniu-girios-kaimynysteje-su-brandziu-sodu\/\" \/>\n<meta property=\"og:locale\" content=\"ru_RU\" \/>\n<meta property=\"og:type\" content=\"article\" \/>\n<meta property=\"og:title\" content=\"SODYBA ANYK\u0160\u010cI\u0172 RAJONE, \u0160IMONI\u0172 GIRIOS KAIMYNYST\u0116JE SU BRAND\u017dIU SODU! - Namud\u0117\" \/>\n<meta property=\"og:description\" content=\"Anyk\u0161\u010di\u0173 rajone, visai \u0161alia Andrioni\u0161kio ir \u0160imoni\u0173 girios, parduodama sodyba geroje vietoje \u2013 apsupta mi\u0161k\u0173, su erdviu kiemu ir dideliu sodu. Gyvenamajame name i\u0161laikyti autenti\u0161ki elementai \u2013 krosnis ir duonkepis, suteikiantys jaukumo bei galimyb\u0119 m\u0117gautis tradiciniu gyvenimo b\u016bdu. Papildomai \u012frengtas vasaros namelis, tinkamas sve\u010diams ar poilsiui \u0161iltuoju sezonu. PRIVALUMAI - 57kv.m. r\u0105stin\u0117 sodyba (2 kambariai ir prie\u0161kambaris, viename i\u0161betonuotos grindys, kitame pe\u010dius ir duonkepis);  - \u016akiniai pastatai \u2013 tvartas, vasaros namelis \u2013 paruo\u0161tas vasarojimui, kalv\u0117, \u0161ulinys; - 0,54ha nam\u0173 valdos \u017eem\u0117s sklypas; - Trifaz\u0117 elektra; - Sodyb\u0105 supa brand\u016bs med\u017eiai, vaiskr\u016bmi\u0173 ir vaismed\u017ei\u0173 sodas; - Iki Vie\u0161into e\u017eero apie 2km; - Patogus ir geras priva\u017eiavimas visais met\u0173 laikais, atstumai iki Vie\u0161int\u0173 5km; Andrioni\u0161kio 12km, Anyk\u0161\u010di\u0173 23km, Utena ir Ukmerg\u0117 60km., Panev\u0117\u017eys 57km, Vilnius 130km, Koordinat\u0117s: maps.lt \u2013 55.678197, 25.015781\" \/>\n<meta property=\"og:url\" content=\"https:\/\/www.namude.lt\/objektas\/sodyba-anyksciu-rajone-simoniu-girios-kaimynysteje-su-brandziu-sodu\/\" \/>\n<meta property=\"og:site_name\" content=\"Namud\u0117\" \/>\n<meta property=\"article:modified_time\" content=\"2026-03-23T07:55:51+00:00\" \/>\n<meta property=\"og:image\" content=\"https:\/\/www.namude.lt\/wp-content\/uploads\/2026\/03\/1-8.jpg\" \/>\n\t<meta property=\"og:image:width\" content=\"2400\" \/>\n\t<meta property=\"og:image:height\" content=\"1800\" \/>\n\t<meta property=\"og:image:type\" content=\"image\/jpeg\" \/>\n<meta name=\"twitter:card\" content=\"summary_large_image\" \/>\n<script type=\"application\/ld+json\" class=\"yoast-schema-graph\">{\"@context\":\"https:\/\/schema.org\",\"@graph\":[{\"@type\":\"WebPage\",\"@id\":\"https:\/\/www.namude.lt\/objektas\/sodyba-anyksciu-rajone-simoniu-girios-kaimynysteje-su-brandziu-sodu\/\",\"url\":\"https:\/\/www.namude.lt\/objektas\/sodyba-anyksciu-rajone-simoniu-girios-kaimynysteje-su-brandziu-sodu\/\",\"name\":\"SODYBA ANYK\u0160\u010cI\u0172 RAJONE, \u0160IMONI\u0172 GIRIOS KAIMYNYST\u0116JE SU BRAND\u017dIU SODU! - Namud\u0117\",\"isPartOf\":{\"@id\":\"https:\/\/www.namude.lt\/#website\"},\"primaryImageOfPage\":{\"@id\":\"https:\/\/www.namude.lt\/objektas\/sodyba-anyksciu-rajone-simoniu-girios-kaimynysteje-su-brandziu-sodu\/#primaryimage\"},\"image\":{\"@id\":\"https:\/\/www.namude.lt\/objektas\/sodyba-anyksciu-rajone-simoniu-girios-kaimynysteje-su-brandziu-sodu\/#primaryimage\"},\"thumbnailUrl\":\"https:\/\/www.namude.lt\/wp-content\/uploads\/2026\/03\/1-8.jpg\",\"datePublished\":\"2026-03-02T14:07:45+00:00\",\"dateModified\":\"2026-03-23T07:55:51+00:00\",\"breadcrumb\":{\"@id\":\"https:\/\/www.namude.lt\/objektas\/sodyba-anyksciu-rajone-simoniu-girios-kaimynysteje-su-brandziu-sodu\/#breadcrumb\"},\"inLanguage\":\"ru-RU\",\"potentialAction\":[{\"@type\":\"ReadAction\",\"target\":[\"https:\/\/www.namude.lt\/objektas\/sodyba-anyksciu-rajone-simoniu-girios-kaimynysteje-su-brandziu-sodu\/\"]}]},{\"@type\":\"ImageObject\",\"inLanguage\":\"ru-RU\",\"@id\":\"https:\/\/www.namude.lt\/objektas\/sodyba-anyksciu-rajone-simoniu-girios-kaimynysteje-su-brandziu-sodu\/#primaryimage\",\"url\":\"https:\/\/www.namude.lt\/wp-content\/uploads\/2026\/03\/1-8.jpg\",\"contentUrl\":\"https:\/\/www.namude.lt\/wp-content\/uploads\/2026\/03\/1-8.jpg\",\"width\":2400,\"height\":1800},{\"@type\":\"BreadcrumbList\",\"@id\":\"https:\/\/www.namude.lt\/objektas\/sodyba-anyksciu-rajone-simoniu-girios-kaimynysteje-su-brandziu-sodu\/#breadcrumb\",\"itemListElement\":[{\"@type\":\"ListItem\",\"position\":1,\"name\":\"Home\",\"item\":\"https:\/\/www.namude.lt\/ru\/\"},{\"@type\":\"ListItem\",\"position\":2,\"name\":\"\u041e\u0431\u044a\u0435\u043a\u0442\u044b\",\"item\":\"https:\/\/www.namude.lt\/ru\/%d0%be%d0%b1%d1%8a%d0%b5%d0%ba%d1%82%d1%8b\/\"},{\"@type\":\"ListItem\",\"position\":3,\"name\":\"SODYBA ANYK\u0160\u010cI\u0172 RAJONE, \u0160IMONI\u0172 GIRIOS KAIMYNYST\u0116JE SU BRAND\u017dIU SODU!\"}]},{\"@type\":\"WebSite\",\"@id\":\"https:\/\/www.namude.lt\/#website\",\"url\":\"https:\/\/www.namude.lt\/\",\"name\":\"Namud\u0117\",\"description\":\"\u201eNamud\u0117\u201c \u2013 agent\u016bra, pardavin\u0117janti Auk\u0161taitijos NT grynuolius.\",\"publisher\":{\"@id\":\"https:\/\/www.namude.lt\/#organization\"},\"potentialAction\":[{\"@type\":\"SearchAction\",\"target\":{\"@type\":\"EntryPoint\",\"urlTemplate\":\"https:\/\/www.namude.lt\/?s={search_term_string}\"},\"query-input\":{\"@type\":\"PropertyValueSpecification\",\"valueRequired\":true,\"valueName\":\"search_term_string\"}}],\"inLanguage\":\"ru-RU\"},{\"@type\":\"Organization\",\"@id\":\"https:\/\/www.namude.lt\/#organization\",\"name\":\"Namud\u0117\",\"url\":\"https:\/\/www.namude.lt\/\",\"logo\":{\"@type\":\"ImageObject\",\"inLanguage\":\"ru-RU\",\"@id\":\"https:\/\/www.namude.lt\/#\/schema\/logo\/image\/\",\"url\":\"https:\/\/www.namude.lt\/wp-content\/uploads\/2023\/11\/logo-symbol.svg\",\"contentUrl\":\"https:\/\/www.namude.lt\/wp-content\/uploads\/2023\/11\/logo-symbol.svg\",\"width\":1,\"height\":1,\"caption\":\"Namud\u0117\"},\"image\":{\"@id\":\"https:\/\/www.namude.lt\/#\/schema\/logo\/image\/\"}}]}<\/script>\n<!-- \/ Yoast SEO plugin. -->","yoast_head_json":{"title":"SODYBA ANYK\u0160\u010cI\u0172 RAJONE, \u0160IMONI\u0172 GIRIOS KAIMYNYST\u0116JE SU BRAND\u017dIU SODU! - Namud\u0117","robots":{"index":"index","follow":"follow","max-snippet":"max-snippet:-1","max-image-preview":"max-image-preview:large","max-video-preview":"max-video-preview:-1"},"canonical":"https:\/\/www.namude.lt\/objektas\/sodyba-anyksciu-rajone-simoniu-girios-kaimynysteje-su-brandziu-sodu\/","og_locale":"ru_RU","og_type":"article","og_title":"SODYBA ANYK\u0160\u010cI\u0172 RAJONE, \u0160IMONI\u0172 GIRIOS KAIMYNYST\u0116JE SU BRAND\u017dIU SODU! - Namud\u0117","og_description":"Anyk\u0161\u010di\u0173 rajone, visai \u0161alia Andrioni\u0161kio ir \u0160imoni\u0173 girios, parduodama sodyba geroje vietoje \u2013 apsupta mi\u0161k\u0173, su erdviu kiemu ir dideliu sodu. Gyvenamajame name i\u0161laikyti autenti\u0161ki elementai \u2013 krosnis ir duonkepis, suteikiantys jaukumo bei galimyb\u0119 m\u0117gautis tradiciniu gyvenimo b\u016bdu. Papildomai \u012frengtas vasaros namelis, tinkamas sve\u010diams ar poilsiui \u0161iltuoju sezonu. PRIVALUMAI - 57kv.m. r\u0105stin\u0117 sodyba (2 kambariai ir prie\u0161kambaris, viename i\u0161betonuotos grindys, kitame pe\u010dius ir duonkepis);  - \u016akiniai pastatai \u2013 tvartas, vasaros namelis \u2013 paruo\u0161tas vasarojimui, kalv\u0117, \u0161ulinys; - 0,54ha nam\u0173 valdos \u017eem\u0117s sklypas; - Trifaz\u0117 elektra; - Sodyb\u0105 supa brand\u016bs med\u017eiai, vaiskr\u016bmi\u0173 ir vaismed\u017ei\u0173 sodas; - Iki Vie\u0161into e\u017eero apie 2km; - Patogus ir geras priva\u017eiavimas visais met\u0173 laikais, atstumai iki Vie\u0161int\u0173 5km; Andrioni\u0161kio 12km, Anyk\u0161\u010di\u0173 23km, Utena ir Ukmerg\u0117 60km., Panev\u0117\u017eys 57km, Vilnius 130km, Koordinat\u0117s: maps.lt \u2013 55.678197, 25.015781","og_url":"https:\/\/www.namude.lt\/objektas\/sodyba-anyksciu-rajone-simoniu-girios-kaimynysteje-su-brandziu-sodu\/","og_site_name":"Namud\u0117","article_modified_time":"2026-03-23T07:55:51+00:00","og_image":[{"width":2400,"height":1800,"url":"https:\/\/www.namude.lt\/wp-content\/uploads\/2026\/03\/1-8.jpg","type":"image\/jpeg"}],"twitter_card":"summary_large_image","schema":{"@context":"https:\/\/schema.org","@graph":[{"@type":"WebPage","@id":"https:\/\/www.namude.lt\/objektas\/sodyba-anyksciu-rajone-simoniu-girios-kaimynysteje-su-brandziu-sodu\/","url":"https:\/\/www.namude.lt\/objektas\/sodyba-anyksciu-rajone-simoniu-girios-kaimynysteje-su-brandziu-sodu\/","name":"SODYBA ANYK\u0160\u010cI\u0172 RAJONE, \u0160IMONI\u0172 GIRIOS KAIMYNYST\u0116JE SU BRAND\u017dIU SODU! - Namud\u0117","isPartOf":{"@id":"https:\/\/www.namude.lt\/#website"},"primaryImageOfPage":{"@id":"https:\/\/www.namude.lt\/objektas\/sodyba-anyksciu-rajone-simoniu-girios-kaimynysteje-su-brandziu-sodu\/#primaryimage"},"image":{"@id":"https:\/\/www.namude.lt\/objektas\/sodyba-anyksciu-rajone-simoniu-girios-kaimynysteje-su-brandziu-sodu\/#primaryimage"},"thumbnailUrl":"https:\/\/www.namude.lt\/wp-content\/uploads\/2026\/03\/1-8.jpg","datePublished":"2026-03-02T14:07:45+00:00","dateModified":"2026-03-23T07:55:51+00:00","breadcrumb":{"@id":"https:\/\/www.namude.lt\/objektas\/sodyba-anyksciu-rajone-simoniu-girios-kaimynysteje-su-brandziu-sodu\/#breadcrumb"},"inLanguage":"ru-RU","potentialAction":[{"@type":"ReadAction","target":["https:\/\/www.namude.lt\/objektas\/sodyba-anyksciu-rajone-simoniu-girios-kaimynysteje-su-brandziu-sodu\/"]}]},{"@type":"ImageObject","inLanguage":"ru-RU","@id":"https:\/\/www.namude.lt\/objektas\/sodyba-anyksciu-rajone-simoniu-girios-kaimynysteje-su-brandziu-sodu\/#primaryimage","url":"https:\/\/www.namude.lt\/wp-content\/uploads\/2026\/03\/1-8.jpg","contentUrl":"https:\/\/www.namude.lt\/wp-content\/uploads\/2026\/03\/1-8.jpg","width":2400,"height":1800},{"@type":"BreadcrumbList","@id":"https:\/\/www.namude.lt\/objektas\/sodyba-anyksciu-rajone-simoniu-girios-kaimynysteje-su-brandziu-sodu\/#breadcrumb","itemListElement":[{"@type":"ListItem","position":1,"name":"Home","item":"https:\/\/www.namude.lt\/ru\/"},{"@type":"ListItem","position":2,"name":"\u041e\u0431\u044a\u0435\u043a\u0442\u044b","item":"https:\/\/www.namude.lt\/ru\/%d0%be%d0%b1%d1%8a%d0%b5%d0%ba%d1%82%d1%8b\/"},{"@type":"ListItem","position":3,"name":"SODYBA ANYK\u0160\u010cI\u0172 RAJONE, \u0160IMONI\u0172 GIRIOS KAIMYNYST\u0116JE SU BRAND\u017dIU SODU!"}]},{"@type":"WebSite","@id":"https:\/\/www.namude.lt\/#website","url":"https:\/\/www.namude.lt\/","name":"Namud\u0117","description":"\u201eNamud\u0117\u201c \u2013 agent\u016bra, pardavin\u0117janti Auk\u0161taitijos NT grynuolius.","publisher":{"@id":"https:\/\/www.namude.lt\/#organization"},"potentialAction":[{"@type":"SearchAction","target":{"@type":"EntryPoint","urlTemplate":"https:\/\/www.namude.lt\/?s={search_term_string}"},"query-input":{"@type":"PropertyValueSpecification","valueRequired":true,"valueName":"search_term_string"}}],"inLanguage":"ru-RU"},{"@type":"Organization","@id":"https:\/\/www.namude.lt\/#organization","name":"Namud\u0117","url":"https:\/\/www.namude.lt\/","logo":{"@type":"ImageObject","inLanguage":"ru-RU","@id":"https:\/\/www.namude.lt\/#\/schema\/logo\/image\/","url":"https:\/\/www.namude.lt\/wp-content\/uploads\/2023\/11\/logo-symbol.svg","contentUrl":"https:\/\/www.namude.lt\/wp-content\/uploads\/2023\/11\/logo-symbol.svg","width":1,"height":1,"caption":"Namud\u0117"},"image":{"@id":"https:\/\/www.namude.lt\/#\/schema\/logo\/image\/"}}]}},"_links":{"self":[{"href":"https:\/\/www.namude.lt\/ru\/wp-json\/wp\/v2\/product\/24850","targetHints":{"allow":["GET"]}}],"collection":[{"href":"https:\/\/www.namude.lt\/ru\/wp-json\/wp\/v2\/product"}],"about":[{"href":"https:\/\/www.namude.lt\/ru\/wp-json\/wp\/v2\/types\/product"}],"wp:featuredmedia":[{"embeddable":true,"href":"https:\/\/www.namude.lt\/ru\/wp-json\/wp\/v2\/media\/25390"}],"wp:attachment":[{"href":"https:\/\/www.namude.lt\/ru\/wp-json\/wp\/v2\/media?parent=24850"}],"wp:term":[{"taxonomy":"product_brand","embeddable":true,"href":"https:\/\/www.namude.lt\/ru\/wp-json\/wp\/v2\/product_brand?post=24850"},{"taxonomy":"product_cat","embeddable":true,"href":"https:\/\/www.namude.lt\/ru\/wp-json\/wp\/v2\/product_cat?post=24850"},{"taxonomy":"product_tag","embeddable":true,"href":"https:\/\/www.namude.lt\/ru\/wp-json\/wp\/v2\/product_tag?post=24850"}],"curies":[{"name":"wp","href":"https:\/\/api.w.org\/{rel}","templated":true}]}}