{"id":24615,"date":"2026-02-24T11:17:34","date_gmt":"2026-02-24T09:17:34","guid":{"rendered":"https:\/\/www.namude.lt\/?post_type=product&#038;p=24615"},"modified":"2026-02-24T11:17:34","modified_gmt":"2026-02-24T09:17:34","slug":"parduodamas-3-kambariu-butas-pirmame-aukste-ukmergeje-kosmonautu-g","status":"publish","type":"product","link":"https:\/\/www.namude.lt\/ru\/\u043e\u0431\u044a\u0435\u043a\u0442\/parduodamas-3-kambariu-butas-pirmame-aukste-ukmergeje-kosmonautu-g\/","title":{"rendered":"Parduodamas  3 kambari\u0173 butas pirmame auk\u0161te Ukmerg\u0117je, Kosmonaut\u0173 g."},"content":{"rendered":"","protected":false},"excerpt":{"rendered":"<p>Kosmonaut\u0173 g. yra vienoje i\u0161  patogiausi\u0173 Ukmerg\u0117s viet\u0173, kur miesto patogumai dera su ramybe ir \u017ealiosiomis erdv\u0117mis. Butas i\u0161siskiria patogiu, \u0161eimos gyvenimui pritaikytu i\u0161planavimu, erdviais kambariais ir jaukia atmosfera. Patogus susisiekimas su miesto centru ir kitais rajonais \u2013 iki miesto centro vos 10min. automobiliu. Tai puikus pasirinkimas vertinantiems erdv\u0119, kokyb\u0119 ir strategi\u0161kai patogi\u0105 viet\u0105. B\u016bstas idealiai tiks \u0161eimai ar ie\u0161kantiems solid\u017eios investicijos Ukmerg\u0117je.<br \/>\nPRIVALUMAI:<br \/>\n\u2013 Butas 77kv. m. 1auk\u0161tas \u2013 (3 kambariai: svetain\u0117 ir 2 miegamieji, virtuv\u0117, \u0161altasis sand\u0117liukas prie virtuv\u0117s (galimyb\u0117 pasididinti virtuv\u0117s patalp\u0105), holas, individualus \u012f\u0117jimas);<br \/>\n\u2013 Vonia ir tualetas atskirose patalpose;<br \/>\n\u2013 3 r\u016bsio patalpos;<br \/>\n-Centrinis \u0161ildymas kieto kuro katilu (ma\u017eos \u0161ildymo s\u0105naudos);<br \/>\n-3,55a \u017eem\u0117s sklypas,  kuriame \u0161iuo metu auga vaismed\u017eiai ir dekoratyviniai augalai;<br \/>\n-Lauko sand\u0117liukas su malkomis (malk\u0173 atsarg\u0173 u\u017eteks 2 sezonams);<br \/>\n-5,5 kw. trifaz\u0117 elektra;<br \/>\n-Automobilio statymo vieta;<br \/>\n\u2013 Atstumai iki \u0160irvint\u0173 25km, Jonavos 42km, Mol\u0117tai ir Anyk\u0161\u010diai 45km, Utena ir Vilnius 68km, Panev\u0117\u017eio 71km, Kauno 74km., Vilniaus 75km.<\/p>\n<p>Koordinat\u0117s :maps.lt \u2013 55.209390, 24.785003<br \/>\nD\u0117l i\u0161samesn\u0117s informacijos ar ap\u017ei\u016bros susisiekite ir mes visk\u0105 Jums papasakosime.<\/p>\n","protected":false},"featured_media":24616,"template":"","meta":{"_acf_changed":false},"product_brand":[],"product_cat":[27],"product_tag":[],"class_list":{"0":"post-24615","1":"product","2":"type-product","3":"status-publish","4":"has-post-thumbnail","6":"product_cat-butai","7":"pa_rajonas-kiti-rajonai","8":"description-off","10":"first","11":"instock","12":"shipping-taxable","13":"purchasable","14":"product-type-simple"},"acf":[],"yoast_head":"<!-- This site is optimized with the Yoast SEO plugin v27.0 - https:\/\/yoast.com\/product\/yoast-seo-wordpress\/ -->\n<title>Parduodamas 3 kambari\u0173 butas pirmame auk\u0161te Ukmerg\u0117je, Kosmonaut\u0173 g. - Namud\u0117<\/title>\n<meta name=\"robots\" content=\"index, follow, max-snippet:-1, max-image-preview:large, max-video-preview:-1\" \/>\n<link rel=\"canonical\" href=\"https:\/\/www.namude.lt\/objektas\/parduodamas-3-kambariu-butas-pirmame-aukste-ukmergeje-kosmonautu-g\/\" \/>\n<meta property=\"og:locale\" content=\"ru_RU\" \/>\n<meta property=\"og:type\" content=\"article\" \/>\n<meta property=\"og:title\" content=\"Parduodamas 3 kambari\u0173 butas pirmame auk\u0161te Ukmerg\u0117je, Kosmonaut\u0173 g. - Namud\u0117\" \/>\n<meta property=\"og:description\" content=\"Kosmonaut\u0173 g. yra vienoje i\u0161 patogiausi\u0173 Ukmerg\u0117s viet\u0173, kur miesto patogumai dera su ramybe ir \u017ealiosiomis erdv\u0117mis. Butas i\u0161siskiria patogiu, \u0161eimos gyvenimui pritaikytu i\u0161planavimu, erdviais kambariais ir jaukia atmosfera. Patogus susisiekimas su miesto centru ir kitais rajonais \u2013 iki miesto centro vos 10min. automobiliu. Tai puikus pasirinkimas vertinantiems erdv\u0119, kokyb\u0119 ir strategi\u0161kai patogi\u0105 viet\u0105. B\u016bstas idealiai tiks \u0161eimai ar ie\u0161kantiems solid\u017eios investicijos Ukmerg\u0117je. PRIVALUMAI: \u2013 Butas 77kv. m. 1auk\u0161tas \u2013 (3 kambariai: svetain\u0117 ir 2 miegamieji, virtuv\u0117, \u0161altasis sand\u0117liukas prie virtuv\u0117s (galimyb\u0117 pasididinti virtuv\u0117s patalp\u0105), holas, individualus \u012f\u0117jimas); \u2013 Vonia ir tualetas atskirose patalpose; \u2013 3 r\u016bsio patalpos; -Centrinis \u0161ildymas kieto kuro katilu (ma\u017eos \u0161ildymo s\u0105naudos); -3,55a \u017eem\u0117s sklypas, kuriame \u0161iuo metu auga vaismed\u017eiai ir dekoratyviniai augalai; -Lauko sand\u0117liukas su malkomis (malk\u0173 atsarg\u0173 u\u017eteks 2 sezonams); -5,5 kw. trifaz\u0117 elektra; -Automobilio statymo vieta; \u2013 Atstumai iki \u0160irvint\u0173 25km, Jonavos 42km, Mol\u0117tai ir Anyk\u0161\u010diai 45km, Utena ir Vilnius 68km, Panev\u0117\u017eio 71km, Kauno 74km., Vilniaus 75km.  Koordinat\u0117s :maps.lt \u2013 55.209390, 24.785003 D\u0117l i\u0161samesn\u0117s informacijos ar ap\u017ei\u016bros susisiekite ir mes visk\u0105 Jums papasakosime.\" \/>\n<meta property=\"og:url\" content=\"https:\/\/www.namude.lt\/objektas\/parduodamas-3-kambariu-butas-pirmame-aukste-ukmergeje-kosmonautu-g\/\" \/>\n<meta property=\"og:site_name\" content=\"Namud\u0117\" \/>\n<meta property=\"og:image\" content=\"https:\/\/www.namude.lt\/wp-content\/uploads\/2026\/02\/1-7.jpg\" \/>\n\t<meta property=\"og:image:width\" content=\"2400\" \/>\n\t<meta property=\"og:image:height\" content=\"1800\" \/>\n\t<meta property=\"og:image:type\" content=\"image\/jpeg\" \/>\n<meta name=\"twitter:card\" content=\"summary_large_image\" \/>\n<script type=\"application\/ld+json\" class=\"yoast-schema-graph\">{\"@context\":\"https:\/\/schema.org\",\"@graph\":[{\"@type\":\"WebPage\",\"@id\":\"https:\/\/www.namude.lt\/objektas\/parduodamas-3-kambariu-butas-pirmame-aukste-ukmergeje-kosmonautu-g\/\",\"url\":\"https:\/\/www.namude.lt\/objektas\/parduodamas-3-kambariu-butas-pirmame-aukste-ukmergeje-kosmonautu-g\/\",\"name\":\"Parduodamas 3 kambari\u0173 butas pirmame auk\u0161te Ukmerg\u0117je, Kosmonaut\u0173 g. - Namud\u0117\",\"isPartOf\":{\"@id\":\"https:\/\/www.namude.lt\/#website\"},\"primaryImageOfPage\":{\"@id\":\"https:\/\/www.namude.lt\/objektas\/parduodamas-3-kambariu-butas-pirmame-aukste-ukmergeje-kosmonautu-g\/#primaryimage\"},\"image\":{\"@id\":\"https:\/\/www.namude.lt\/objektas\/parduodamas-3-kambariu-butas-pirmame-aukste-ukmergeje-kosmonautu-g\/#primaryimage\"},\"thumbnailUrl\":\"https:\/\/www.namude.lt\/wp-content\/uploads\/2026\/02\/1-7.jpg\",\"datePublished\":\"2026-02-24T09:17:34+00:00\",\"breadcrumb\":{\"@id\":\"https:\/\/www.namude.lt\/objektas\/parduodamas-3-kambariu-butas-pirmame-aukste-ukmergeje-kosmonautu-g\/#breadcrumb\"},\"inLanguage\":\"ru-RU\",\"potentialAction\":[{\"@type\":\"ReadAction\",\"target\":[\"https:\/\/www.namude.lt\/objektas\/parduodamas-3-kambariu-butas-pirmame-aukste-ukmergeje-kosmonautu-g\/\"]}]},{\"@type\":\"ImageObject\",\"inLanguage\":\"ru-RU\",\"@id\":\"https:\/\/www.namude.lt\/objektas\/parduodamas-3-kambariu-butas-pirmame-aukste-ukmergeje-kosmonautu-g\/#primaryimage\",\"url\":\"https:\/\/www.namude.lt\/wp-content\/uploads\/2026\/02\/1-7.jpg\",\"contentUrl\":\"https:\/\/www.namude.lt\/wp-content\/uploads\/2026\/02\/1-7.jpg\",\"width\":2400,\"height\":1800},{\"@type\":\"BreadcrumbList\",\"@id\":\"https:\/\/www.namude.lt\/objektas\/parduodamas-3-kambariu-butas-pirmame-aukste-ukmergeje-kosmonautu-g\/#breadcrumb\",\"itemListElement\":[{\"@type\":\"ListItem\",\"position\":1,\"name\":\"Home\",\"item\":\"https:\/\/www.namude.lt\/ru\/\"},{\"@type\":\"ListItem\",\"position\":2,\"name\":\"\u041e\u0431\u044a\u0435\u043a\u0442\u044b\",\"item\":\"https:\/\/www.namude.lt\/ru\/%d0%be%d0%b1%d1%8a%d0%b5%d0%ba%d1%82%d1%8b\/\"},{\"@type\":\"ListItem\",\"position\":3,\"name\":\"Parduodamas 3 kambari\u0173 butas pirmame auk\u0161te Ukmerg\u0117je, Kosmonaut\u0173 g.\"}]},{\"@type\":\"WebSite\",\"@id\":\"https:\/\/www.namude.lt\/#website\",\"url\":\"https:\/\/www.namude.lt\/\",\"name\":\"Namud\u0117\",\"description\":\"\u201eNamud\u0117\u201c \u2013 agent\u016bra, pardavin\u0117janti Auk\u0161taitijos NT grynuolius.\",\"publisher\":{\"@id\":\"https:\/\/www.namude.lt\/#organization\"},\"potentialAction\":[{\"@type\":\"SearchAction\",\"target\":{\"@type\":\"EntryPoint\",\"urlTemplate\":\"https:\/\/www.namude.lt\/?s={search_term_string}\"},\"query-input\":{\"@type\":\"PropertyValueSpecification\",\"valueRequired\":true,\"valueName\":\"search_term_string\"}}],\"inLanguage\":\"ru-RU\"},{\"@type\":\"Organization\",\"@id\":\"https:\/\/www.namude.lt\/#organization\",\"name\":\"Namud\u0117\",\"url\":\"https:\/\/www.namude.lt\/\",\"logo\":{\"@type\":\"ImageObject\",\"inLanguage\":\"ru-RU\",\"@id\":\"https:\/\/www.namude.lt\/#\/schema\/logo\/image\/\",\"url\":\"https:\/\/www.namude.lt\/wp-content\/uploads\/2023\/11\/logo-symbol.svg\",\"contentUrl\":\"https:\/\/www.namude.lt\/wp-content\/uploads\/2023\/11\/logo-symbol.svg\",\"width\":1,\"height\":1,\"caption\":\"Namud\u0117\"},\"image\":{\"@id\":\"https:\/\/www.namude.lt\/#\/schema\/logo\/image\/\"}}]}<\/script>\n<!-- \/ Yoast SEO plugin. -->","yoast_head_json":{"title":"Parduodamas 3 kambari\u0173 butas pirmame auk\u0161te Ukmerg\u0117je, Kosmonaut\u0173 g. - Namud\u0117","robots":{"index":"index","follow":"follow","max-snippet":"max-snippet:-1","max-image-preview":"max-image-preview:large","max-video-preview":"max-video-preview:-1"},"canonical":"https:\/\/www.namude.lt\/objektas\/parduodamas-3-kambariu-butas-pirmame-aukste-ukmergeje-kosmonautu-g\/","og_locale":"ru_RU","og_type":"article","og_title":"Parduodamas 3 kambari\u0173 butas pirmame auk\u0161te Ukmerg\u0117je, Kosmonaut\u0173 g. - Namud\u0117","og_description":"Kosmonaut\u0173 g. yra vienoje i\u0161 patogiausi\u0173 Ukmerg\u0117s viet\u0173, kur miesto patogumai dera su ramybe ir \u017ealiosiomis erdv\u0117mis. Butas i\u0161siskiria patogiu, \u0161eimos gyvenimui pritaikytu i\u0161planavimu, erdviais kambariais ir jaukia atmosfera. Patogus susisiekimas su miesto centru ir kitais rajonais \u2013 iki miesto centro vos 10min. automobiliu. Tai puikus pasirinkimas vertinantiems erdv\u0119, kokyb\u0119 ir strategi\u0161kai patogi\u0105 viet\u0105. B\u016bstas idealiai tiks \u0161eimai ar ie\u0161kantiems solid\u017eios investicijos Ukmerg\u0117je. PRIVALUMAI: \u2013 Butas 77kv. m. 1auk\u0161tas \u2013 (3 kambariai: svetain\u0117 ir 2 miegamieji, virtuv\u0117, \u0161altasis sand\u0117liukas prie virtuv\u0117s (galimyb\u0117 pasididinti virtuv\u0117s patalp\u0105), holas, individualus \u012f\u0117jimas); \u2013 Vonia ir tualetas atskirose patalpose; \u2013 3 r\u016bsio patalpos; -Centrinis \u0161ildymas kieto kuro katilu (ma\u017eos \u0161ildymo s\u0105naudos); -3,55a \u017eem\u0117s sklypas, kuriame \u0161iuo metu auga vaismed\u017eiai ir dekoratyviniai augalai; -Lauko sand\u0117liukas su malkomis (malk\u0173 atsarg\u0173 u\u017eteks 2 sezonams); -5,5 kw. trifaz\u0117 elektra; -Automobilio statymo vieta; \u2013 Atstumai iki \u0160irvint\u0173 25km, Jonavos 42km, Mol\u0117tai ir Anyk\u0161\u010diai 45km, Utena ir Vilnius 68km, Panev\u0117\u017eio 71km, Kauno 74km., Vilniaus 75km.  Koordinat\u0117s :maps.lt \u2013 55.209390, 24.785003 D\u0117l i\u0161samesn\u0117s informacijos ar ap\u017ei\u016bros susisiekite ir mes visk\u0105 Jums papasakosime.","og_url":"https:\/\/www.namude.lt\/objektas\/parduodamas-3-kambariu-butas-pirmame-aukste-ukmergeje-kosmonautu-g\/","og_site_name":"Namud\u0117","og_image":[{"width":2400,"height":1800,"url":"https:\/\/www.namude.lt\/wp-content\/uploads\/2026\/02\/1-7.jpg","type":"image\/jpeg"}],"twitter_card":"summary_large_image","schema":{"@context":"https:\/\/schema.org","@graph":[{"@type":"WebPage","@id":"https:\/\/www.namude.lt\/objektas\/parduodamas-3-kambariu-butas-pirmame-aukste-ukmergeje-kosmonautu-g\/","url":"https:\/\/www.namude.lt\/objektas\/parduodamas-3-kambariu-butas-pirmame-aukste-ukmergeje-kosmonautu-g\/","name":"Parduodamas 3 kambari\u0173 butas pirmame auk\u0161te Ukmerg\u0117je, Kosmonaut\u0173 g. - Namud\u0117","isPartOf":{"@id":"https:\/\/www.namude.lt\/#website"},"primaryImageOfPage":{"@id":"https:\/\/www.namude.lt\/objektas\/parduodamas-3-kambariu-butas-pirmame-aukste-ukmergeje-kosmonautu-g\/#primaryimage"},"image":{"@id":"https:\/\/www.namude.lt\/objektas\/parduodamas-3-kambariu-butas-pirmame-aukste-ukmergeje-kosmonautu-g\/#primaryimage"},"thumbnailUrl":"https:\/\/www.namude.lt\/wp-content\/uploads\/2026\/02\/1-7.jpg","datePublished":"2026-02-24T09:17:34+00:00","breadcrumb":{"@id":"https:\/\/www.namude.lt\/objektas\/parduodamas-3-kambariu-butas-pirmame-aukste-ukmergeje-kosmonautu-g\/#breadcrumb"},"inLanguage":"ru-RU","potentialAction":[{"@type":"ReadAction","target":["https:\/\/www.namude.lt\/objektas\/parduodamas-3-kambariu-butas-pirmame-aukste-ukmergeje-kosmonautu-g\/"]}]},{"@type":"ImageObject","inLanguage":"ru-RU","@id":"https:\/\/www.namude.lt\/objektas\/parduodamas-3-kambariu-butas-pirmame-aukste-ukmergeje-kosmonautu-g\/#primaryimage","url":"https:\/\/www.namude.lt\/wp-content\/uploads\/2026\/02\/1-7.jpg","contentUrl":"https:\/\/www.namude.lt\/wp-content\/uploads\/2026\/02\/1-7.jpg","width":2400,"height":1800},{"@type":"BreadcrumbList","@id":"https:\/\/www.namude.lt\/objektas\/parduodamas-3-kambariu-butas-pirmame-aukste-ukmergeje-kosmonautu-g\/#breadcrumb","itemListElement":[{"@type":"ListItem","position":1,"name":"Home","item":"https:\/\/www.namude.lt\/ru\/"},{"@type":"ListItem","position":2,"name":"\u041e\u0431\u044a\u0435\u043a\u0442\u044b","item":"https:\/\/www.namude.lt\/ru\/%d0%be%d0%b1%d1%8a%d0%b5%d0%ba%d1%82%d1%8b\/"},{"@type":"ListItem","position":3,"name":"Parduodamas 3 kambari\u0173 butas pirmame auk\u0161te Ukmerg\u0117je, Kosmonaut\u0173 g."}]},{"@type":"WebSite","@id":"https:\/\/www.namude.lt\/#website","url":"https:\/\/www.namude.lt\/","name":"Namud\u0117","description":"\u201eNamud\u0117\u201c \u2013 agent\u016bra, pardavin\u0117janti Auk\u0161taitijos NT grynuolius.","publisher":{"@id":"https:\/\/www.namude.lt\/#organization"},"potentialAction":[{"@type":"SearchAction","target":{"@type":"EntryPoint","urlTemplate":"https:\/\/www.namude.lt\/?s={search_term_string}"},"query-input":{"@type":"PropertyValueSpecification","valueRequired":true,"valueName":"search_term_string"}}],"inLanguage":"ru-RU"},{"@type":"Organization","@id":"https:\/\/www.namude.lt\/#organization","name":"Namud\u0117","url":"https:\/\/www.namude.lt\/","logo":{"@type":"ImageObject","inLanguage":"ru-RU","@id":"https:\/\/www.namude.lt\/#\/schema\/logo\/image\/","url":"https:\/\/www.namude.lt\/wp-content\/uploads\/2023\/11\/logo-symbol.svg","contentUrl":"https:\/\/www.namude.lt\/wp-content\/uploads\/2023\/11\/logo-symbol.svg","width":1,"height":1,"caption":"Namud\u0117"},"image":{"@id":"https:\/\/www.namude.lt\/#\/schema\/logo\/image\/"}}]}},"_links":{"self":[{"href":"https:\/\/www.namude.lt\/ru\/wp-json\/wp\/v2\/product\/24615","targetHints":{"allow":["GET"]}}],"collection":[{"href":"https:\/\/www.namude.lt\/ru\/wp-json\/wp\/v2\/product"}],"about":[{"href":"https:\/\/www.namude.lt\/ru\/wp-json\/wp\/v2\/types\/product"}],"wp:featuredmedia":[{"embeddable":true,"href":"https:\/\/www.namude.lt\/ru\/wp-json\/wp\/v2\/media\/24616"}],"wp:attachment":[{"href":"https:\/\/www.namude.lt\/ru\/wp-json\/wp\/v2\/media?parent=24615"}],"wp:term":[{"taxonomy":"product_brand","embeddable":true,"href":"https:\/\/www.namude.lt\/ru\/wp-json\/wp\/v2\/product_brand?post=24615"},{"taxonomy":"product_cat","embeddable":true,"href":"https:\/\/www.namude.lt\/ru\/wp-json\/wp\/v2\/product_cat?post=24615"},{"taxonomy":"product_tag","embeddable":true,"href":"https:\/\/www.namude.lt\/ru\/wp-json\/wp\/v2\/product_tag?post=24615"}],"curies":[{"name":"wp","href":"https:\/\/api.w.org\/{rel}","templated":true}]}}