{"id":24562,"date":"2026-02-18T14:44:06","date_gmt":"2026-02-18T12:44:06","guid":{"rendered":"https:\/\/www.namude.lt\/?post_type=product&#038;p=24562"},"modified":"2026-03-27T09:56:51","modified_gmt":"2026-03-27T07:56:51","slug":"parduodamas-sklypas-su-sena-sodyba-mariniskiu-kaime-salia-taujenu","status":"publish","type":"product","link":"https:\/\/www.namude.lt\/ru\/\u043e\u0431\u044a\u0435\u043a\u0442\/parduodamas-sklypas-su-sena-sodyba-mariniskiu-kaime-salia-taujenu\/","title":{"rendered":"PARDUODAMAS SKLYPAS SU SENA SODYBA MARINI\u0160KI\u0172 KAIME, \u0160ALIA TAUJ\u0116N\u0172"},"content":{"rendered":"","protected":false},"excerpt":{"rendered":"<p><strong>Parduodama sodyba Marini\u0161ki\u0173 kaime, ramioje ir \u017ealiuojan\u010dioje aplinkoje netoli Tauj\u0117n\u0173.<\/strong><a href=\"https:\/\/www.namude.lt\/kategorija\/sklypai\/?filter_rajonas=anyksciu-rajonas&#038;query_type_rajonas=or\"><\/a> Marini\u0161kiai \u2013 tai vieta tiems, kurie vertina ramyb\u0119, gryn\u0105 or\u0105 ir nat\u016bral\u0173 kra\u0161tovaizd\u012f, o kartu nori neprarasti ger\u0173 susisiekimo galimybi\u0173. Sodyb\u0105 supa med\u017eiai, tod\u0117l \u010dia visada jausite privatum\u0105 ir gamtos ramyb\u0119.<br \/>\nPagrindin\u0117 informacija:<br \/>\n\u2022 Gyvenamasis namas \u2013 66 kv. m (reikalinga renovacija);<br \/>\n\u2022 \u016akinis pastatas;<br \/>\n            \u2022 vandentiekis (\u0161ulinys);<br \/>\n            \u2022 elektra;<br \/>\n            \u2022 1,5936 ha nam\u0173 valdos \u017eem\u0117s sklypas;<br \/>\n            \u2022 netoliese yra Latvi\u0161kio e\u017eeras;<br \/>\n\u2022 Aplink sodyb\u0105 \u2013 daug med\u017ei\u0173, jauki ir privati aplinka;<br \/>\n\u2022 Patogus ir geras priva\u017eiavimas visais met\u0173 laikais, atstumai iki Tauj\u0117n\u0173 5km. Kavarsko 13km, Ukmerg\u0117 22km.,  Anyk\u0161\u010di\u0173 30km, Utena ir Mol\u0117tai 62km, Vilnius 90km<\/p>\n<p>Koordinat\u0117s:<br \/>\nmaps.lt \u2013 55.373888, 24.818153<br \/>\n<strong><\/p>\n","protected":false},"featured_media":24563,"template":"","meta":{"_acf_changed":false},"product_brand":[],"product_cat":[23],"product_tag":[],"class_list":{"0":"post-24562","1":"product","2":"type-product","3":"status-publish","4":"has-post-thumbnail","6":"product_cat-sodybos","7":"pa_rajonas-anyksciu-rajonas","8":"description-off","10":"first","11":"instock","12":"sale","13":"shipping-taxable","14":"purchasable","15":"product-type-simple"},"acf":[],"yoast_head":"<!-- This site is optimized with the Yoast SEO plugin v27.0 - https:\/\/yoast.com\/product\/yoast-seo-wordpress\/ -->\n<title>PARDUODAMAS SKLYPAS SU SENA SODYBA MARINI\u0160KI\u0172 KAIME, \u0160ALIA TAUJ\u0116N\u0172 - Namud\u0117<\/title>\n<meta name=\"robots\" content=\"index, follow, max-snippet:-1, max-image-preview:large, max-video-preview:-1\" \/>\n<link rel=\"canonical\" href=\"https:\/\/www.namude.lt\/objektas\/parduodamas-sklypas-su-sena-sodyba-mariniskiu-kaime-salia-taujenu\/\" \/>\n<meta property=\"og:locale\" content=\"ru_RU\" \/>\n<meta property=\"og:type\" content=\"article\" \/>\n<meta property=\"og:title\" content=\"PARDUODAMAS SKLYPAS SU SENA SODYBA MARINI\u0160KI\u0172 KAIME, \u0160ALIA TAUJ\u0116N\u0172 - Namud\u0117\" \/>\n<meta property=\"og:description\" content=\"Parduodama sodyba Marini\u0161ki\u0173 kaime, ramioje ir \u017ealiuojan\u010dioje aplinkoje netoli Tauj\u0117n\u0173. Marini\u0161kiai \u2013 tai vieta tiems, kurie vertina ramyb\u0119, gryn\u0105 or\u0105 ir nat\u016bral\u0173 kra\u0161tovaizd\u012f, o kartu nori neprarasti ger\u0173 susisiekimo galimybi\u0173. Sodyb\u0105 supa med\u017eiai, tod\u0117l \u010dia visada jausite privatum\u0105 ir gamtos ramyb\u0119. Pagrindin\u0117 informacija: \u2022 Gyvenamasis namas \u2013 66 kv. m (reikalinga renovacija); \u2022 \u016akinis pastatas;       \u2022 vandentiekis (\u0161ulinys);       \u2022 elektra;       \u2022 1,5936 ha nam\u0173 valdos \u017eem\u0117s sklypas;       \u2022 netoliese yra Latvi\u0161kio e\u017eeras; \u2022 Aplink sodyb\u0105 \u2013 daug med\u017ei\u0173, jauki ir privati aplinka; \u2022 Patogus ir geras priva\u017eiavimas visais met\u0173 laikais, atstumai iki Tauj\u0117n\u0173 5km. Kavarsko 13km, Ukmerg\u0117 22km., Anyk\u0161\u010di\u0173 30km, Utena ir Mol\u0117tai 62km, Vilnius 90km  Koordinat\u0117s: maps.lt \u2013 55.373888, 24.818153\" \/>\n<meta property=\"og:url\" content=\"https:\/\/www.namude.lt\/objektas\/parduodamas-sklypas-su-sena-sodyba-mariniskiu-kaime-salia-taujenu\/\" \/>\n<meta property=\"og:site_name\" content=\"Namud\u0117\" \/>\n<meta property=\"article:modified_time\" content=\"2026-03-27T07:56:51+00:00\" \/>\n<meta property=\"og:image\" content=\"https:\/\/www.namude.lt\/wp-content\/uploads\/2026\/02\/SODYBVIETE.jpg\" \/>\n\t<meta property=\"og:image:width\" content=\"1920\" \/>\n\t<meta property=\"og:image:height\" content=\"1080\" \/>\n\t<meta property=\"og:image:type\" content=\"image\/jpeg\" \/>\n<meta name=\"twitter:card\" content=\"summary_large_image\" \/>\n<script type=\"application\/ld+json\" class=\"yoast-schema-graph\">{\"@context\":\"https:\/\/schema.org\",\"@graph\":[{\"@type\":\"WebPage\",\"@id\":\"https:\/\/www.namude.lt\/objektas\/parduodamas-sklypas-su-sena-sodyba-mariniskiu-kaime-salia-taujenu\/\",\"url\":\"https:\/\/www.namude.lt\/objektas\/parduodamas-sklypas-su-sena-sodyba-mariniskiu-kaime-salia-taujenu\/\",\"name\":\"PARDUODAMAS SKLYPAS SU SENA SODYBA MARINI\u0160KI\u0172 KAIME, \u0160ALIA TAUJ\u0116N\u0172 - Namud\u0117\",\"isPartOf\":{\"@id\":\"https:\/\/www.namude.lt\/#website\"},\"primaryImageOfPage\":{\"@id\":\"https:\/\/www.namude.lt\/objektas\/parduodamas-sklypas-su-sena-sodyba-mariniskiu-kaime-salia-taujenu\/#primaryimage\"},\"image\":{\"@id\":\"https:\/\/www.namude.lt\/objektas\/parduodamas-sklypas-su-sena-sodyba-mariniskiu-kaime-salia-taujenu\/#primaryimage\"},\"thumbnailUrl\":\"https:\/\/www.namude.lt\/wp-content\/uploads\/2026\/02\/SODYBVIETE.jpg\",\"datePublished\":\"2026-02-18T12:44:06+00:00\",\"dateModified\":\"2026-03-27T07:56:51+00:00\",\"breadcrumb\":{\"@id\":\"https:\/\/www.namude.lt\/objektas\/parduodamas-sklypas-su-sena-sodyba-mariniskiu-kaime-salia-taujenu\/#breadcrumb\"},\"inLanguage\":\"ru-RU\",\"potentialAction\":[{\"@type\":\"ReadAction\",\"target\":[\"https:\/\/www.namude.lt\/objektas\/parduodamas-sklypas-su-sena-sodyba-mariniskiu-kaime-salia-taujenu\/\"]}]},{\"@type\":\"ImageObject\",\"inLanguage\":\"ru-RU\",\"@id\":\"https:\/\/www.namude.lt\/objektas\/parduodamas-sklypas-su-sena-sodyba-mariniskiu-kaime-salia-taujenu\/#primaryimage\",\"url\":\"https:\/\/www.namude.lt\/wp-content\/uploads\/2026\/02\/SODYBVIETE.jpg\",\"contentUrl\":\"https:\/\/www.namude.lt\/wp-content\/uploads\/2026\/02\/SODYBVIETE.jpg\",\"width\":1920,\"height\":1080},{\"@type\":\"BreadcrumbList\",\"@id\":\"https:\/\/www.namude.lt\/objektas\/parduodamas-sklypas-su-sena-sodyba-mariniskiu-kaime-salia-taujenu\/#breadcrumb\",\"itemListElement\":[{\"@type\":\"ListItem\",\"position\":1,\"name\":\"Home\",\"item\":\"https:\/\/www.namude.lt\/ru\/\"},{\"@type\":\"ListItem\",\"position\":2,\"name\":\"\u041e\u0431\u044a\u0435\u043a\u0442\u044b\",\"item\":\"https:\/\/www.namude.lt\/ru\/%d0%be%d0%b1%d1%8a%d0%b5%d0%ba%d1%82%d1%8b\/\"},{\"@type\":\"ListItem\",\"position\":3,\"name\":\"PARDUODAMAS SKLYPAS SU SENA SODYBA MARINI\u0160KI\u0172 KAIME, \u0160ALIA TAUJ\u0116N\u0172\"}]},{\"@type\":\"WebSite\",\"@id\":\"https:\/\/www.namude.lt\/#website\",\"url\":\"https:\/\/www.namude.lt\/\",\"name\":\"Namud\u0117\",\"description\":\"\u201eNamud\u0117\u201c \u2013 agent\u016bra, pardavin\u0117janti Auk\u0161taitijos NT grynuolius.\",\"publisher\":{\"@id\":\"https:\/\/www.namude.lt\/#organization\"},\"potentialAction\":[{\"@type\":\"SearchAction\",\"target\":{\"@type\":\"EntryPoint\",\"urlTemplate\":\"https:\/\/www.namude.lt\/?s={search_term_string}\"},\"query-input\":{\"@type\":\"PropertyValueSpecification\",\"valueRequired\":true,\"valueName\":\"search_term_string\"}}],\"inLanguage\":\"ru-RU\"},{\"@type\":\"Organization\",\"@id\":\"https:\/\/www.namude.lt\/#organization\",\"name\":\"Namud\u0117\",\"url\":\"https:\/\/www.namude.lt\/\",\"logo\":{\"@type\":\"ImageObject\",\"inLanguage\":\"ru-RU\",\"@id\":\"https:\/\/www.namude.lt\/#\/schema\/logo\/image\/\",\"url\":\"https:\/\/www.namude.lt\/wp-content\/uploads\/2023\/11\/logo-symbol.svg\",\"contentUrl\":\"https:\/\/www.namude.lt\/wp-content\/uploads\/2023\/11\/logo-symbol.svg\",\"width\":1,\"height\":1,\"caption\":\"Namud\u0117\"},\"image\":{\"@id\":\"https:\/\/www.namude.lt\/#\/schema\/logo\/image\/\"}}]}<\/script>\n<!-- \/ Yoast SEO plugin. -->","yoast_head_json":{"title":"PARDUODAMAS SKLYPAS SU SENA SODYBA MARINI\u0160KI\u0172 KAIME, \u0160ALIA TAUJ\u0116N\u0172 - Namud\u0117","robots":{"index":"index","follow":"follow","max-snippet":"max-snippet:-1","max-image-preview":"max-image-preview:large","max-video-preview":"max-video-preview:-1"},"canonical":"https:\/\/www.namude.lt\/objektas\/parduodamas-sklypas-su-sena-sodyba-mariniskiu-kaime-salia-taujenu\/","og_locale":"ru_RU","og_type":"article","og_title":"PARDUODAMAS SKLYPAS SU SENA SODYBA MARINI\u0160KI\u0172 KAIME, \u0160ALIA TAUJ\u0116N\u0172 - Namud\u0117","og_description":"Parduodama sodyba Marini\u0161ki\u0173 kaime, ramioje ir \u017ealiuojan\u010dioje aplinkoje netoli Tauj\u0117n\u0173. Marini\u0161kiai \u2013 tai vieta tiems, kurie vertina ramyb\u0119, gryn\u0105 or\u0105 ir nat\u016bral\u0173 kra\u0161tovaizd\u012f, o kartu nori neprarasti ger\u0173 susisiekimo galimybi\u0173. Sodyb\u0105 supa med\u017eiai, tod\u0117l \u010dia visada jausite privatum\u0105 ir gamtos ramyb\u0119. Pagrindin\u0117 informacija: \u2022 Gyvenamasis namas \u2013 66 kv. m (reikalinga renovacija); \u2022 \u016akinis pastatas;       \u2022 vandentiekis (\u0161ulinys);       \u2022 elektra;       \u2022 1,5936 ha nam\u0173 valdos \u017eem\u0117s sklypas;       \u2022 netoliese yra Latvi\u0161kio e\u017eeras; \u2022 Aplink sodyb\u0105 \u2013 daug med\u017ei\u0173, jauki ir privati aplinka; \u2022 Patogus ir geras priva\u017eiavimas visais met\u0173 laikais, atstumai iki Tauj\u0117n\u0173 5km. Kavarsko 13km, Ukmerg\u0117 22km., Anyk\u0161\u010di\u0173 30km, Utena ir Mol\u0117tai 62km, Vilnius 90km  Koordinat\u0117s: maps.lt \u2013 55.373888, 24.818153","og_url":"https:\/\/www.namude.lt\/objektas\/parduodamas-sklypas-su-sena-sodyba-mariniskiu-kaime-salia-taujenu\/","og_site_name":"Namud\u0117","article_modified_time":"2026-03-27T07:56:51+00:00","og_image":[{"width":1920,"height":1080,"url":"https:\/\/www.namude.lt\/wp-content\/uploads\/2026\/02\/SODYBVIETE.jpg","type":"image\/jpeg"}],"twitter_card":"summary_large_image","schema":{"@context":"https:\/\/schema.org","@graph":[{"@type":"WebPage","@id":"https:\/\/www.namude.lt\/objektas\/parduodamas-sklypas-su-sena-sodyba-mariniskiu-kaime-salia-taujenu\/","url":"https:\/\/www.namude.lt\/objektas\/parduodamas-sklypas-su-sena-sodyba-mariniskiu-kaime-salia-taujenu\/","name":"PARDUODAMAS SKLYPAS SU SENA SODYBA MARINI\u0160KI\u0172 KAIME, \u0160ALIA TAUJ\u0116N\u0172 - Namud\u0117","isPartOf":{"@id":"https:\/\/www.namude.lt\/#website"},"primaryImageOfPage":{"@id":"https:\/\/www.namude.lt\/objektas\/parduodamas-sklypas-su-sena-sodyba-mariniskiu-kaime-salia-taujenu\/#primaryimage"},"image":{"@id":"https:\/\/www.namude.lt\/objektas\/parduodamas-sklypas-su-sena-sodyba-mariniskiu-kaime-salia-taujenu\/#primaryimage"},"thumbnailUrl":"https:\/\/www.namude.lt\/wp-content\/uploads\/2026\/02\/SODYBVIETE.jpg","datePublished":"2026-02-18T12:44:06+00:00","dateModified":"2026-03-27T07:56:51+00:00","breadcrumb":{"@id":"https:\/\/www.namude.lt\/objektas\/parduodamas-sklypas-su-sena-sodyba-mariniskiu-kaime-salia-taujenu\/#breadcrumb"},"inLanguage":"ru-RU","potentialAction":[{"@type":"ReadAction","target":["https:\/\/www.namude.lt\/objektas\/parduodamas-sklypas-su-sena-sodyba-mariniskiu-kaime-salia-taujenu\/"]}]},{"@type":"ImageObject","inLanguage":"ru-RU","@id":"https:\/\/www.namude.lt\/objektas\/parduodamas-sklypas-su-sena-sodyba-mariniskiu-kaime-salia-taujenu\/#primaryimage","url":"https:\/\/www.namude.lt\/wp-content\/uploads\/2026\/02\/SODYBVIETE.jpg","contentUrl":"https:\/\/www.namude.lt\/wp-content\/uploads\/2026\/02\/SODYBVIETE.jpg","width":1920,"height":1080},{"@type":"BreadcrumbList","@id":"https:\/\/www.namude.lt\/objektas\/parduodamas-sklypas-su-sena-sodyba-mariniskiu-kaime-salia-taujenu\/#breadcrumb","itemListElement":[{"@type":"ListItem","position":1,"name":"Home","item":"https:\/\/www.namude.lt\/ru\/"},{"@type":"ListItem","position":2,"name":"\u041e\u0431\u044a\u0435\u043a\u0442\u044b","item":"https:\/\/www.namude.lt\/ru\/%d0%be%d0%b1%d1%8a%d0%b5%d0%ba%d1%82%d1%8b\/"},{"@type":"ListItem","position":3,"name":"PARDUODAMAS SKLYPAS SU SENA SODYBA MARINI\u0160KI\u0172 KAIME, \u0160ALIA TAUJ\u0116N\u0172"}]},{"@type":"WebSite","@id":"https:\/\/www.namude.lt\/#website","url":"https:\/\/www.namude.lt\/","name":"Namud\u0117","description":"\u201eNamud\u0117\u201c \u2013 agent\u016bra, pardavin\u0117janti Auk\u0161taitijos NT grynuolius.","publisher":{"@id":"https:\/\/www.namude.lt\/#organization"},"potentialAction":[{"@type":"SearchAction","target":{"@type":"EntryPoint","urlTemplate":"https:\/\/www.namude.lt\/?s={search_term_string}"},"query-input":{"@type":"PropertyValueSpecification","valueRequired":true,"valueName":"search_term_string"}}],"inLanguage":"ru-RU"},{"@type":"Organization","@id":"https:\/\/www.namude.lt\/#organization","name":"Namud\u0117","url":"https:\/\/www.namude.lt\/","logo":{"@type":"ImageObject","inLanguage":"ru-RU","@id":"https:\/\/www.namude.lt\/#\/schema\/logo\/image\/","url":"https:\/\/www.namude.lt\/wp-content\/uploads\/2023\/11\/logo-symbol.svg","contentUrl":"https:\/\/www.namude.lt\/wp-content\/uploads\/2023\/11\/logo-symbol.svg","width":1,"height":1,"caption":"Namud\u0117"},"image":{"@id":"https:\/\/www.namude.lt\/#\/schema\/logo\/image\/"}}]}},"_links":{"self":[{"href":"https:\/\/www.namude.lt\/ru\/wp-json\/wp\/v2\/product\/24562","targetHints":{"allow":["GET"]}}],"collection":[{"href":"https:\/\/www.namude.lt\/ru\/wp-json\/wp\/v2\/product"}],"about":[{"href":"https:\/\/www.namude.lt\/ru\/wp-json\/wp\/v2\/types\/product"}],"wp:featuredmedia":[{"embeddable":true,"href":"https:\/\/www.namude.lt\/ru\/wp-json\/wp\/v2\/media\/24563"}],"wp:attachment":[{"href":"https:\/\/www.namude.lt\/ru\/wp-json\/wp\/v2\/media?parent=24562"}],"wp:term":[{"taxonomy":"product_brand","embeddable":true,"href":"https:\/\/www.namude.lt\/ru\/wp-json\/wp\/v2\/product_brand?post=24562"},{"taxonomy":"product_cat","embeddable":true,"href":"https:\/\/www.namude.lt\/ru\/wp-json\/wp\/v2\/product_cat?post=24562"},{"taxonomy":"product_tag","embeddable":true,"href":"https:\/\/www.namude.lt\/ru\/wp-json\/wp\/v2\/product_tag?post=24562"}],"curies":[{"name":"wp","href":"https:\/\/api.w.org\/{rel}","templated":true}]}}