{"id":24495,"date":"2026-02-17T16:30:39","date_gmt":"2026-02-17T14:30:39","guid":{"rendered":"https:\/\/www.namude.lt\/?post_type=product&#038;p=24495"},"modified":"2026-03-23T09:35:26","modified_gmt":"2026-03-23T07:35:26","slug":"parduodamas-gyvenamas-namas-svedasuose-anyksciu-rajone","status":"publish","type":"product","link":"https:\/\/www.namude.lt\/ru\/\u043e\u0431\u044a\u0435\u043a\u0442\/parduodamas-gyvenamas-namas-svedasuose-anyksciu-rajone\/","title":{"rendered":"PARDUODAMAS GYVENAMAS NAMAS SV\u0116DASUOSE, ANYK\u0160\u010cI\u0172 RAJONE"},"content":{"rendered":"","protected":false},"excerpt":{"rendered":"<p><strong>\u012esikurkite gamtos gl\u0117byje Sv\u0117dasuose, Anyk\u0161\u010di\u0173 rajone!<\/strong><a href=\"https:\/\/www.namude.lt\/kategorija\/namai\/?filter_rajonas=anyksciu-rajonas&#038;query_type_rajonas=or\"><\/a> \u0160i vieta \u2013 tikras gamtos rojus: vos keli \u017eingsniai iki artimiausio e\u017eero, pasivaik\u0161\u010diojimo takai palei \u0160ventosios up\u0119, netoliese ir kiti e\u017eerai  su sm\u0117l\u0117tais papl\u016bdimiais, tinkami maudyn\u0117ms, \u017evejybai ar poilsiui su \u0161eima. Sv\u0117dasai i\u0161saugo autenti\u0161k\u0105 kaimi\u0161k\u0105 atmosfer\u0105, ta\u010diau \u010dia rasite vis\u0105 reikaling\u0105 infrastrukt\u016br\u0105: parduotuves, mokykl\u0105, dar\u017eel\u012f, gydymo \u012fstaig\u0105 ir patog\u0173 susisiekim\u0105 su Anyk\u0161\u010diais, Utena, Kupi\u0161kiu ar net Vilniumi ir Kaunu.<br \/>\n\u010cia galite m\u0117gautis gamtos gro\u017eiu, nepamir\u0161tant miesto patogum\u0173. Idealus pasirinkimas tiek nuolatiniam gyvenimui, tiek savaitgali\u0173 poilsiui ar \u0161eimos atostog\u0173 namui.<\/p>\n<p>BENDRA INFORMACIJA:<br \/>\n\u2013 Patogioje Sv\u0117das\u0173 miestelio vietoje, ramus gyvenam\u0173j\u0173 nam\u0173 kvartalas;<br \/>\n\u2013 Bendras namo plotas \u2013 170 kv.m., m\u016brinis, (pirmame auk\u0161te \u2013 2 kambariai ir virtuv\u0117, antrame 3 kambariai ir vonios kambarys (vonia, WC, skalbimo ma\u0161ina, elektrinis boileris);<br \/>\n\u2013 Dal\u012f lang\u0173 pakeista plastikiniais, name daug \u0161viesos;<br \/>\n\u2013 Didelis, sausas r\u016bsys, kieto kuro pe\u010dius (yra galimyb\u0117 prisijungti ir miestelio \u0161ildym\u0105);<br \/>\n\u2013 Sklypo plotas \u2013 21 a su \u0161iltnamiu, kieme \u016bkinis pastatas 122 kv.m. su gara\u017eu;<br \/>\n\u2013 Miestelio vandentiekis ir nuotekos;<br \/>\n\u2013 Iki artimiausio e\u017eero \u2013 apie 500 m. ir iki kito apie 700m;<br \/>\n\u2013 Patogus priva\u017eiavimas visais met\u0173 laikais: Anyk\u0161\u010diai \u2013 20 km, Utena \u2013 26 km, Kupi\u0161kis \u2013 29 km, Roki\u0161kis \u2013 45 km, Ukmerg\u0117 \u2013 55 km, Vilnius \u2013 130 km, Kaunas \u2013 130 km;<\/p>\n<p>Koordinat\u0117s maps.lt 55.686531, 25.368719<\/p>\n","protected":false},"featured_media":25354,"template":"","meta":{"_acf_changed":false},"product_brand":[],"product_cat":[26],"product_tag":[],"class_list":{"0":"post-24495","1":"product","2":"type-product","3":"status-publish","4":"has-post-thumbnail","6":"product_cat-namai","7":"pa_rajonas-anyksciu-rajonas","8":"description-off","10":"first","11":"instock","12":"shipping-taxable","13":"purchasable","14":"product-type-simple"},"acf":[],"yoast_head":"<!-- This site is optimized with the Yoast SEO plugin v27.0 - https:\/\/yoast.com\/product\/yoast-seo-wordpress\/ -->\n<title>PARDUODAMAS GYVENAMAS NAMAS SV\u0116DASUOSE, ANYK\u0160\u010cI\u0172 RAJONE - Namud\u0117<\/title>\n<meta name=\"robots\" content=\"index, follow, max-snippet:-1, max-image-preview:large, max-video-preview:-1\" \/>\n<link rel=\"canonical\" href=\"https:\/\/www.namude.lt\/objektas\/parduodamas-gyvenamas-namas-svedasuose-anyksciu-rajone\/\" \/>\n<meta property=\"og:locale\" content=\"ru_RU\" \/>\n<meta property=\"og:type\" content=\"article\" \/>\n<meta property=\"og:title\" content=\"PARDUODAMAS GYVENAMAS NAMAS SV\u0116DASUOSE, ANYK\u0160\u010cI\u0172 RAJONE - Namud\u0117\" \/>\n<meta property=\"og:description\" content=\"\u012esikurkite gamtos gl\u0117byje Sv\u0117dasuose, Anyk\u0161\u010di\u0173 rajone! \u0160i vieta \u2013 tikras gamtos rojus: vos keli \u017eingsniai iki artimiausio e\u017eero, pasivaik\u0161\u010diojimo takai palei \u0160ventosios up\u0119, netoliese ir kiti e\u017eerai su sm\u0117l\u0117tais papl\u016bdimiais, tinkami maudyn\u0117ms, \u017evejybai ar poilsiui su \u0161eima. Sv\u0117dasai i\u0161saugo autenti\u0161k\u0105 kaimi\u0161k\u0105 atmosfer\u0105, ta\u010diau \u010dia rasite vis\u0105 reikaling\u0105 infrastrukt\u016br\u0105: parduotuves, mokykl\u0105, dar\u017eel\u012f, gydymo \u012fstaig\u0105 ir patog\u0173 susisiekim\u0105 su Anyk\u0161\u010diais, Utena, Kupi\u0161kiu ar net Vilniumi ir Kaunu. \u010cia galite m\u0117gautis gamtos gro\u017eiu, nepamir\u0161tant miesto patogum\u0173. Idealus pasirinkimas tiek nuolatiniam gyvenimui, tiek savaitgali\u0173 poilsiui ar \u0161eimos atostog\u0173 namui.  BENDRA INFORMACIJA: \u2013 Patogioje Sv\u0117das\u0173 miestelio vietoje, ramus gyvenam\u0173j\u0173 nam\u0173 kvartalas; \u2013 Bendras namo plotas \u2013 170 kv.m., m\u016brinis, (pirmame auk\u0161te \u2013 2 kambariai ir virtuv\u0117, antrame 3 kambariai ir vonios kambarys (vonia, WC, skalbimo ma\u0161ina, elektrinis boileris); \u2013 Dal\u012f lang\u0173 pakeista plastikiniais, name daug \u0161viesos; \u2013 Didelis, sausas r\u016bsys, kieto kuro pe\u010dius (yra galimyb\u0117 prisijungti ir miestelio \u0161ildym\u0105); \u2013 Sklypo plotas \u2013 21 a su \u0161iltnamiu, kieme \u016bkinis pastatas 122 kv.m. su gara\u017eu; \u2013 Miestelio vandentiekis ir nuotekos; \u2013 Iki artimiausio e\u017eero \u2013 apie 500 m. ir iki kito apie 700m; \u2013 Patogus priva\u017eiavimas visais met\u0173 laikais: Anyk\u0161\u010diai \u2013 20 km, Utena \u2013 26 km, Kupi\u0161kis \u2013 29 km, Roki\u0161kis \u2013 45 km, Ukmerg\u0117 \u2013 55 km, Vilnius \u2013 130 km, Kaunas \u2013 130 km;  Koordinat\u0117s maps.lt 55.686531, 25.368719\" \/>\n<meta property=\"og:url\" content=\"https:\/\/www.namude.lt\/objektas\/parduodamas-gyvenamas-namas-svedasuose-anyksciu-rajone\/\" \/>\n<meta property=\"og:site_name\" content=\"Namud\u0117\" \/>\n<meta property=\"article:modified_time\" content=\"2026-03-23T07:35:26+00:00\" \/>\n<meta property=\"og:image\" content=\"https:\/\/www.namude.lt\/wp-content\/uploads\/2026\/02\/1-10.jpg\" \/>\n\t<meta property=\"og:image:width\" content=\"2500\" \/>\n\t<meta property=\"og:image:height\" content=\"1718\" \/>\n\t<meta property=\"og:image:type\" content=\"image\/jpeg\" \/>\n<meta name=\"twitter:card\" content=\"summary_large_image\" \/>\n<script type=\"application\/ld+json\" class=\"yoast-schema-graph\">{\"@context\":\"https:\/\/schema.org\",\"@graph\":[{\"@type\":\"WebPage\",\"@id\":\"https:\/\/www.namude.lt\/objektas\/parduodamas-gyvenamas-namas-svedasuose-anyksciu-rajone\/\",\"url\":\"https:\/\/www.namude.lt\/objektas\/parduodamas-gyvenamas-namas-svedasuose-anyksciu-rajone\/\",\"name\":\"PARDUODAMAS GYVENAMAS NAMAS SV\u0116DASUOSE, ANYK\u0160\u010cI\u0172 RAJONE - Namud\u0117\",\"isPartOf\":{\"@id\":\"https:\/\/www.namude.lt\/#website\"},\"primaryImageOfPage\":{\"@id\":\"https:\/\/www.namude.lt\/objektas\/parduodamas-gyvenamas-namas-svedasuose-anyksciu-rajone\/#primaryimage\"},\"image\":{\"@id\":\"https:\/\/www.namude.lt\/objektas\/parduodamas-gyvenamas-namas-svedasuose-anyksciu-rajone\/#primaryimage\"},\"thumbnailUrl\":\"https:\/\/www.namude.lt\/wp-content\/uploads\/2026\/02\/1-10.jpg\",\"datePublished\":\"2026-02-17T14:30:39+00:00\",\"dateModified\":\"2026-03-23T07:35:26+00:00\",\"breadcrumb\":{\"@id\":\"https:\/\/www.namude.lt\/objektas\/parduodamas-gyvenamas-namas-svedasuose-anyksciu-rajone\/#breadcrumb\"},\"inLanguage\":\"ru-RU\",\"potentialAction\":[{\"@type\":\"ReadAction\",\"target\":[\"https:\/\/www.namude.lt\/objektas\/parduodamas-gyvenamas-namas-svedasuose-anyksciu-rajone\/\"]}]},{\"@type\":\"ImageObject\",\"inLanguage\":\"ru-RU\",\"@id\":\"https:\/\/www.namude.lt\/objektas\/parduodamas-gyvenamas-namas-svedasuose-anyksciu-rajone\/#primaryimage\",\"url\":\"https:\/\/www.namude.lt\/wp-content\/uploads\/2026\/02\/1-10.jpg\",\"contentUrl\":\"https:\/\/www.namude.lt\/wp-content\/uploads\/2026\/02\/1-10.jpg\",\"width\":2500,\"height\":1718},{\"@type\":\"BreadcrumbList\",\"@id\":\"https:\/\/www.namude.lt\/objektas\/parduodamas-gyvenamas-namas-svedasuose-anyksciu-rajone\/#breadcrumb\",\"itemListElement\":[{\"@type\":\"ListItem\",\"position\":1,\"name\":\"Home\",\"item\":\"https:\/\/www.namude.lt\/ru\/\"},{\"@type\":\"ListItem\",\"position\":2,\"name\":\"\u041e\u0431\u044a\u0435\u043a\u0442\u044b\",\"item\":\"https:\/\/www.namude.lt\/ru\/%d0%be%d0%b1%d1%8a%d0%b5%d0%ba%d1%82%d1%8b\/\"},{\"@type\":\"ListItem\",\"position\":3,\"name\":\"PARDUODAMAS GYVENAMAS NAMAS SV\u0116DASUOSE, ANYK\u0160\u010cI\u0172 RAJONE\"}]},{\"@type\":\"WebSite\",\"@id\":\"https:\/\/www.namude.lt\/#website\",\"url\":\"https:\/\/www.namude.lt\/\",\"name\":\"Namud\u0117\",\"description\":\"\u201eNamud\u0117\u201c \u2013 agent\u016bra, pardavin\u0117janti Auk\u0161taitijos NT grynuolius.\",\"publisher\":{\"@id\":\"https:\/\/www.namude.lt\/#organization\"},\"potentialAction\":[{\"@type\":\"SearchAction\",\"target\":{\"@type\":\"EntryPoint\",\"urlTemplate\":\"https:\/\/www.namude.lt\/?s={search_term_string}\"},\"query-input\":{\"@type\":\"PropertyValueSpecification\",\"valueRequired\":true,\"valueName\":\"search_term_string\"}}],\"inLanguage\":\"ru-RU\"},{\"@type\":\"Organization\",\"@id\":\"https:\/\/www.namude.lt\/#organization\",\"name\":\"Namud\u0117\",\"url\":\"https:\/\/www.namude.lt\/\",\"logo\":{\"@type\":\"ImageObject\",\"inLanguage\":\"ru-RU\",\"@id\":\"https:\/\/www.namude.lt\/#\/schema\/logo\/image\/\",\"url\":\"https:\/\/www.namude.lt\/wp-content\/uploads\/2023\/11\/logo-symbol.svg\",\"contentUrl\":\"https:\/\/www.namude.lt\/wp-content\/uploads\/2023\/11\/logo-symbol.svg\",\"width\":1,\"height\":1,\"caption\":\"Namud\u0117\"},\"image\":{\"@id\":\"https:\/\/www.namude.lt\/#\/schema\/logo\/image\/\"}}]}<\/script>\n<!-- \/ Yoast SEO plugin. -->","yoast_head_json":{"title":"PARDUODAMAS GYVENAMAS NAMAS SV\u0116DASUOSE, ANYK\u0160\u010cI\u0172 RAJONE - Namud\u0117","robots":{"index":"index","follow":"follow","max-snippet":"max-snippet:-1","max-image-preview":"max-image-preview:large","max-video-preview":"max-video-preview:-1"},"canonical":"https:\/\/www.namude.lt\/objektas\/parduodamas-gyvenamas-namas-svedasuose-anyksciu-rajone\/","og_locale":"ru_RU","og_type":"article","og_title":"PARDUODAMAS GYVENAMAS NAMAS SV\u0116DASUOSE, ANYK\u0160\u010cI\u0172 RAJONE - Namud\u0117","og_description":"\u012esikurkite gamtos gl\u0117byje Sv\u0117dasuose, Anyk\u0161\u010di\u0173 rajone! \u0160i vieta \u2013 tikras gamtos rojus: vos keli \u017eingsniai iki artimiausio e\u017eero, pasivaik\u0161\u010diojimo takai palei \u0160ventosios up\u0119, netoliese ir kiti e\u017eerai su sm\u0117l\u0117tais papl\u016bdimiais, tinkami maudyn\u0117ms, \u017evejybai ar poilsiui su \u0161eima. Sv\u0117dasai i\u0161saugo autenti\u0161k\u0105 kaimi\u0161k\u0105 atmosfer\u0105, ta\u010diau \u010dia rasite vis\u0105 reikaling\u0105 infrastrukt\u016br\u0105: parduotuves, mokykl\u0105, dar\u017eel\u012f, gydymo \u012fstaig\u0105 ir patog\u0173 susisiekim\u0105 su Anyk\u0161\u010diais, Utena, Kupi\u0161kiu ar net Vilniumi ir Kaunu. \u010cia galite m\u0117gautis gamtos gro\u017eiu, nepamir\u0161tant miesto patogum\u0173. Idealus pasirinkimas tiek nuolatiniam gyvenimui, tiek savaitgali\u0173 poilsiui ar \u0161eimos atostog\u0173 namui.  BENDRA INFORMACIJA: \u2013 Patogioje Sv\u0117das\u0173 miestelio vietoje, ramus gyvenam\u0173j\u0173 nam\u0173 kvartalas; \u2013 Bendras namo plotas \u2013 170 kv.m., m\u016brinis, (pirmame auk\u0161te \u2013 2 kambariai ir virtuv\u0117, antrame 3 kambariai ir vonios kambarys (vonia, WC, skalbimo ma\u0161ina, elektrinis boileris); \u2013 Dal\u012f lang\u0173 pakeista plastikiniais, name daug \u0161viesos; \u2013 Didelis, sausas r\u016bsys, kieto kuro pe\u010dius (yra galimyb\u0117 prisijungti ir miestelio \u0161ildym\u0105); \u2013 Sklypo plotas \u2013 21 a su \u0161iltnamiu, kieme \u016bkinis pastatas 122 kv.m. su gara\u017eu; \u2013 Miestelio vandentiekis ir nuotekos; \u2013 Iki artimiausio e\u017eero \u2013 apie 500 m. ir iki kito apie 700m; \u2013 Patogus priva\u017eiavimas visais met\u0173 laikais: Anyk\u0161\u010diai \u2013 20 km, Utena \u2013 26 km, Kupi\u0161kis \u2013 29 km, Roki\u0161kis \u2013 45 km, Ukmerg\u0117 \u2013 55 km, Vilnius \u2013 130 km, Kaunas \u2013 130 km;  Koordinat\u0117s maps.lt 55.686531, 25.368719","og_url":"https:\/\/www.namude.lt\/objektas\/parduodamas-gyvenamas-namas-svedasuose-anyksciu-rajone\/","og_site_name":"Namud\u0117","article_modified_time":"2026-03-23T07:35:26+00:00","og_image":[{"width":2500,"height":1718,"url":"https:\/\/www.namude.lt\/wp-content\/uploads\/2026\/02\/1-10.jpg","type":"image\/jpeg"}],"twitter_card":"summary_large_image","schema":{"@context":"https:\/\/schema.org","@graph":[{"@type":"WebPage","@id":"https:\/\/www.namude.lt\/objektas\/parduodamas-gyvenamas-namas-svedasuose-anyksciu-rajone\/","url":"https:\/\/www.namude.lt\/objektas\/parduodamas-gyvenamas-namas-svedasuose-anyksciu-rajone\/","name":"PARDUODAMAS GYVENAMAS NAMAS SV\u0116DASUOSE, ANYK\u0160\u010cI\u0172 RAJONE - Namud\u0117","isPartOf":{"@id":"https:\/\/www.namude.lt\/#website"},"primaryImageOfPage":{"@id":"https:\/\/www.namude.lt\/objektas\/parduodamas-gyvenamas-namas-svedasuose-anyksciu-rajone\/#primaryimage"},"image":{"@id":"https:\/\/www.namude.lt\/objektas\/parduodamas-gyvenamas-namas-svedasuose-anyksciu-rajone\/#primaryimage"},"thumbnailUrl":"https:\/\/www.namude.lt\/wp-content\/uploads\/2026\/02\/1-10.jpg","datePublished":"2026-02-17T14:30:39+00:00","dateModified":"2026-03-23T07:35:26+00:00","breadcrumb":{"@id":"https:\/\/www.namude.lt\/objektas\/parduodamas-gyvenamas-namas-svedasuose-anyksciu-rajone\/#breadcrumb"},"inLanguage":"ru-RU","potentialAction":[{"@type":"ReadAction","target":["https:\/\/www.namude.lt\/objektas\/parduodamas-gyvenamas-namas-svedasuose-anyksciu-rajone\/"]}]},{"@type":"ImageObject","inLanguage":"ru-RU","@id":"https:\/\/www.namude.lt\/objektas\/parduodamas-gyvenamas-namas-svedasuose-anyksciu-rajone\/#primaryimage","url":"https:\/\/www.namude.lt\/wp-content\/uploads\/2026\/02\/1-10.jpg","contentUrl":"https:\/\/www.namude.lt\/wp-content\/uploads\/2026\/02\/1-10.jpg","width":2500,"height":1718},{"@type":"BreadcrumbList","@id":"https:\/\/www.namude.lt\/objektas\/parduodamas-gyvenamas-namas-svedasuose-anyksciu-rajone\/#breadcrumb","itemListElement":[{"@type":"ListItem","position":1,"name":"Home","item":"https:\/\/www.namude.lt\/ru\/"},{"@type":"ListItem","position":2,"name":"\u041e\u0431\u044a\u0435\u043a\u0442\u044b","item":"https:\/\/www.namude.lt\/ru\/%d0%be%d0%b1%d1%8a%d0%b5%d0%ba%d1%82%d1%8b\/"},{"@type":"ListItem","position":3,"name":"PARDUODAMAS GYVENAMAS NAMAS SV\u0116DASUOSE, ANYK\u0160\u010cI\u0172 RAJONE"}]},{"@type":"WebSite","@id":"https:\/\/www.namude.lt\/#website","url":"https:\/\/www.namude.lt\/","name":"Namud\u0117","description":"\u201eNamud\u0117\u201c \u2013 agent\u016bra, pardavin\u0117janti Auk\u0161taitijos NT grynuolius.","publisher":{"@id":"https:\/\/www.namude.lt\/#organization"},"potentialAction":[{"@type":"SearchAction","target":{"@type":"EntryPoint","urlTemplate":"https:\/\/www.namude.lt\/?s={search_term_string}"},"query-input":{"@type":"PropertyValueSpecification","valueRequired":true,"valueName":"search_term_string"}}],"inLanguage":"ru-RU"},{"@type":"Organization","@id":"https:\/\/www.namude.lt\/#organization","name":"Namud\u0117","url":"https:\/\/www.namude.lt\/","logo":{"@type":"ImageObject","inLanguage":"ru-RU","@id":"https:\/\/www.namude.lt\/#\/schema\/logo\/image\/","url":"https:\/\/www.namude.lt\/wp-content\/uploads\/2023\/11\/logo-symbol.svg","contentUrl":"https:\/\/www.namude.lt\/wp-content\/uploads\/2023\/11\/logo-symbol.svg","width":1,"height":1,"caption":"Namud\u0117"},"image":{"@id":"https:\/\/www.namude.lt\/#\/schema\/logo\/image\/"}}]}},"_links":{"self":[{"href":"https:\/\/www.namude.lt\/ru\/wp-json\/wp\/v2\/product\/24495","targetHints":{"allow":["GET"]}}],"collection":[{"href":"https:\/\/www.namude.lt\/ru\/wp-json\/wp\/v2\/product"}],"about":[{"href":"https:\/\/www.namude.lt\/ru\/wp-json\/wp\/v2\/types\/product"}],"wp:featuredmedia":[{"embeddable":true,"href":"https:\/\/www.namude.lt\/ru\/wp-json\/wp\/v2\/media\/25354"}],"wp:attachment":[{"href":"https:\/\/www.namude.lt\/ru\/wp-json\/wp\/v2\/media?parent=24495"}],"wp:term":[{"taxonomy":"product_brand","embeddable":true,"href":"https:\/\/www.namude.lt\/ru\/wp-json\/wp\/v2\/product_brand?post=24495"},{"taxonomy":"product_cat","embeddable":true,"href":"https:\/\/www.namude.lt\/ru\/wp-json\/wp\/v2\/product_cat?post=24495"},{"taxonomy":"product_tag","embeddable":true,"href":"https:\/\/www.namude.lt\/ru\/wp-json\/wp\/v2\/product_tag?post=24495"}],"curies":[{"name":"wp","href":"https:\/\/api.w.org\/{rel}","templated":true}]}}