{"id":24494,"date":"2026-02-13T15:58:56","date_gmt":"2026-02-13T13:58:56","guid":{"rendered":"https:\/\/www.namude.lt\/?post_type=product&#038;p=24494"},"modified":"2026-02-13T16:00:00","modified_gmt":"2026-02-13T14:00:00","slug":"parduodamas-poilsio-namelis-raudesos-miske-salimais-bebrusu-ezero-moletu-rajone-copy","status":"publish","type":"product","link":"https:\/\/www.namude.lt\/ru\/\u043e\u0431\u044a\u0435\u043a\u0442\/parduodamas-poilsio-namelis-raudesos-miske-salimais-bebrusu-ezero-moletu-rajone-copy\/","title":{"rendered":"PARDUODAMAS POILSIO NAMELIS RAUDESOS MI\u0160KE \u0160ALIMAIS BEBRUS\u0172 E\u017dERO MOL\u0116T\u0172 RAJONE (Copy)"},"content":{"rendered":"","protected":false},"excerpt":{"rendered":"<p>E\u017eer\u0173 ir mi\u0161k\u0173 kra\u0161te Mol\u0117t\u0173 rajone, Raudesos mi\u0161ke,  Kirneil\u0117s kaime \u017eavus poilsio namelis laukia nauj\u0173 \u0161eiminink\u0173. Poilsio namelis randasi Raudesos mi\u0161ke prie Bebrus\u0173 e\u017eero. Tai puiki vieta gamtos myl\u0117tojams ir \u017evejams poilsiui, hobiui.<br \/>\nPRIVALUMAI:<br \/>\n\u2013 Poilsio namelis 28kv.m. (1 kambarys, virtuv\u0117, terasa. Reikalingas remontas.);<br \/>\n\u2013 Atstumas iki Bebruso  e\u017eero apie 200m;<br \/>\n\u2013 Patogus priva\u017eiavimas, atstumai iki Mol\u0117t\u0173 5km, Utenos 38km, Vilniaus 64km.<br \/>\nKoordinat\u0117s :<br \/>\nmaps.lt \u2013 55.205874, 25.467601<br \/>\nKvie\u010diame ap\u017ei\u016br\u0117ti ir \u012fvertinti \u0161i\u0105 vieta patiems! Lauksime atvykstant ir savaitgaliais!<\/p>\n","protected":false},"featured_media":18885,"template":"","meta":{"_acf_changed":false},"product_brand":[],"product_cat":[75],"product_tag":[],"class_list":{"0":"post-24494","1":"product","2":"type-product","3":"status-publish","4":"has-post-thumbnail","6":"product_cat-parduota","7":"description-off","9":"first","10":"instock","11":"shipping-taxable","12":"product-type-simple"},"acf":[],"yoast_head":"<!-- This site is optimized with the Yoast SEO plugin v27.0 - https:\/\/yoast.com\/product\/yoast-seo-wordpress\/ -->\n<title>PARDUODAMAS POILSIO NAMELIS RAUDESOS MI\u0160KE \u0160ALIMAIS BEBRUS\u0172 E\u017dERO MOL\u0116T\u0172 RAJONE (Copy) - Namud\u0117<\/title>\n<meta name=\"robots\" content=\"index, follow, max-snippet:-1, max-image-preview:large, max-video-preview:-1\" \/>\n<link rel=\"canonical\" href=\"https:\/\/www.namude.lt\/objektas\/parduodamas-poilsio-namelis-raudesos-miske-salimais-bebrusu-ezero-moletu-rajone-copy\/\" \/>\n<meta property=\"og:locale\" content=\"ru_RU\" \/>\n<meta property=\"og:type\" content=\"article\" \/>\n<meta property=\"og:title\" content=\"PARDUODAMAS POILSIO NAMELIS RAUDESOS MI\u0160KE \u0160ALIMAIS BEBRUS\u0172 E\u017dERO MOL\u0116T\u0172 RAJONE (Copy) - Namud\u0117\" \/>\n<meta property=\"og:description\" content=\"E\u017eer\u0173 ir mi\u0161k\u0173 kra\u0161te Mol\u0117t\u0173 rajone, Raudesos mi\u0161ke, Kirneil\u0117s kaime \u017eavus poilsio namelis laukia nauj\u0173 \u0161eiminink\u0173. Poilsio namelis randasi Raudesos mi\u0161ke prie Bebrus\u0173 e\u017eero. Tai puiki vieta gamtos myl\u0117tojams ir \u017evejams poilsiui, hobiui.  PRIVALUMAI: \u2013 Poilsio namelis 28kv.m. (1 kambarys, virtuv\u0117, terasa. Reikalingas remontas.); \u2013 Atstumas iki Bebruso e\u017eero apie 200m; \u2013 Patogus priva\u017eiavimas, atstumai iki Mol\u0117t\u0173 5km, Utenos 38km, Vilniaus 64km. Koordinat\u0117s : maps.lt \u2013 55.205874, 25.467601 Kvie\u010diame ap\u017ei\u016br\u0117ti ir \u012fvertinti \u0161i\u0105 vieta patiems! Lauksime atvykstant ir savaitgaliais!\" \/>\n<meta property=\"og:url\" content=\"https:\/\/www.namude.lt\/objektas\/parduodamas-poilsio-namelis-raudesos-miske-salimais-bebrusu-ezero-moletu-rajone-copy\/\" \/>\n<meta property=\"og:site_name\" content=\"Namud\u0117\" \/>\n<meta property=\"article:modified_time\" content=\"2026-02-13T14:00:00+00:00\" \/>\n<meta property=\"og:image\" content=\"https:\/\/www.namude.lt\/wp-content\/uploads\/2025\/06\/1-1.jpg\" \/>\n\t<meta property=\"og:image:width\" content=\"2400\" \/>\n\t<meta property=\"og:image:height\" content=\"1800\" \/>\n\t<meta property=\"og:image:type\" content=\"image\/jpeg\" \/>\n<meta name=\"twitter:card\" content=\"summary_large_image\" \/>\n<script type=\"application\/ld+json\" class=\"yoast-schema-graph\">{\"@context\":\"https:\/\/schema.org\",\"@graph\":[{\"@type\":\"WebPage\",\"@id\":\"https:\/\/www.namude.lt\/objektas\/parduodamas-poilsio-namelis-raudesos-miske-salimais-bebrusu-ezero-moletu-rajone-copy\/\",\"url\":\"https:\/\/www.namude.lt\/objektas\/parduodamas-poilsio-namelis-raudesos-miske-salimais-bebrusu-ezero-moletu-rajone-copy\/\",\"name\":\"PARDUODAMAS POILSIO NAMELIS RAUDESOS MI\u0160KE \u0160ALIMAIS BEBRUS\u0172 E\u017dERO MOL\u0116T\u0172 RAJONE (Copy) - Namud\u0117\",\"isPartOf\":{\"@id\":\"https:\/\/www.namude.lt\/#website\"},\"primaryImageOfPage\":{\"@id\":\"https:\/\/www.namude.lt\/objektas\/parduodamas-poilsio-namelis-raudesos-miske-salimais-bebrusu-ezero-moletu-rajone-copy\/#primaryimage\"},\"image\":{\"@id\":\"https:\/\/www.namude.lt\/objektas\/parduodamas-poilsio-namelis-raudesos-miske-salimais-bebrusu-ezero-moletu-rajone-copy\/#primaryimage\"},\"thumbnailUrl\":\"https:\/\/www.namude.lt\/wp-content\/uploads\/2025\/06\/1-1.jpg\",\"datePublished\":\"2026-02-13T13:58:56+00:00\",\"dateModified\":\"2026-02-13T14:00:00+00:00\",\"breadcrumb\":{\"@id\":\"https:\/\/www.namude.lt\/objektas\/parduodamas-poilsio-namelis-raudesos-miske-salimais-bebrusu-ezero-moletu-rajone-copy\/#breadcrumb\"},\"inLanguage\":\"ru-RU\",\"potentialAction\":[{\"@type\":\"ReadAction\",\"target\":[\"https:\/\/www.namude.lt\/objektas\/parduodamas-poilsio-namelis-raudesos-miske-salimais-bebrusu-ezero-moletu-rajone-copy\/\"]}]},{\"@type\":\"ImageObject\",\"inLanguage\":\"ru-RU\",\"@id\":\"https:\/\/www.namude.lt\/objektas\/parduodamas-poilsio-namelis-raudesos-miske-salimais-bebrusu-ezero-moletu-rajone-copy\/#primaryimage\",\"url\":\"https:\/\/www.namude.lt\/wp-content\/uploads\/2025\/06\/1-1.jpg\",\"contentUrl\":\"https:\/\/www.namude.lt\/wp-content\/uploads\/2025\/06\/1-1.jpg\",\"width\":2400,\"height\":1800},{\"@type\":\"BreadcrumbList\",\"@id\":\"https:\/\/www.namude.lt\/objektas\/parduodamas-poilsio-namelis-raudesos-miske-salimais-bebrusu-ezero-moletu-rajone-copy\/#breadcrumb\",\"itemListElement\":[{\"@type\":\"ListItem\",\"position\":1,\"name\":\"Home\",\"item\":\"https:\/\/www.namude.lt\/ru\/\"},{\"@type\":\"ListItem\",\"position\":2,\"name\":\"\u041e\u0431\u044a\u0435\u043a\u0442\u044b\",\"item\":\"https:\/\/www.namude.lt\/ru\/%d0%be%d0%b1%d1%8a%d0%b5%d0%ba%d1%82%d1%8b\/\"},{\"@type\":\"ListItem\",\"position\":3,\"name\":\"PARDUODAMAS POILSIO NAMELIS RAUDESOS MI\u0160KE \u0160ALIMAIS BEBRUS\u0172 E\u017dERO MOL\u0116T\u0172 RAJONE (Copy)\"}]},{\"@type\":\"WebSite\",\"@id\":\"https:\/\/www.namude.lt\/#website\",\"url\":\"https:\/\/www.namude.lt\/\",\"name\":\"Namud\u0117\",\"description\":\"\u201eNamud\u0117\u201c \u2013 agent\u016bra, pardavin\u0117janti Auk\u0161taitijos NT grynuolius.\",\"publisher\":{\"@id\":\"https:\/\/www.namude.lt\/#organization\"},\"potentialAction\":[{\"@type\":\"SearchAction\",\"target\":{\"@type\":\"EntryPoint\",\"urlTemplate\":\"https:\/\/www.namude.lt\/?s={search_term_string}\"},\"query-input\":{\"@type\":\"PropertyValueSpecification\",\"valueRequired\":true,\"valueName\":\"search_term_string\"}}],\"inLanguage\":\"ru-RU\"},{\"@type\":\"Organization\",\"@id\":\"https:\/\/www.namude.lt\/#organization\",\"name\":\"Namud\u0117\",\"url\":\"https:\/\/www.namude.lt\/\",\"logo\":{\"@type\":\"ImageObject\",\"inLanguage\":\"ru-RU\",\"@id\":\"https:\/\/www.namude.lt\/#\/schema\/logo\/image\/\",\"url\":\"https:\/\/www.namude.lt\/wp-content\/uploads\/2023\/11\/logo-symbol.svg\",\"contentUrl\":\"https:\/\/www.namude.lt\/wp-content\/uploads\/2023\/11\/logo-symbol.svg\",\"width\":1,\"height\":1,\"caption\":\"Namud\u0117\"},\"image\":{\"@id\":\"https:\/\/www.namude.lt\/#\/schema\/logo\/image\/\"}}]}<\/script>\n<!-- \/ Yoast SEO plugin. -->","yoast_head_json":{"title":"PARDUODAMAS POILSIO NAMELIS RAUDESOS MI\u0160KE \u0160ALIMAIS BEBRUS\u0172 E\u017dERO MOL\u0116T\u0172 RAJONE (Copy) - Namud\u0117","robots":{"index":"index","follow":"follow","max-snippet":"max-snippet:-1","max-image-preview":"max-image-preview:large","max-video-preview":"max-video-preview:-1"},"canonical":"https:\/\/www.namude.lt\/objektas\/parduodamas-poilsio-namelis-raudesos-miske-salimais-bebrusu-ezero-moletu-rajone-copy\/","og_locale":"ru_RU","og_type":"article","og_title":"PARDUODAMAS POILSIO NAMELIS RAUDESOS MI\u0160KE \u0160ALIMAIS BEBRUS\u0172 E\u017dERO MOL\u0116T\u0172 RAJONE (Copy) - Namud\u0117","og_description":"E\u017eer\u0173 ir mi\u0161k\u0173 kra\u0161te Mol\u0117t\u0173 rajone, Raudesos mi\u0161ke, Kirneil\u0117s kaime \u017eavus poilsio namelis laukia nauj\u0173 \u0161eiminink\u0173. Poilsio namelis randasi Raudesos mi\u0161ke prie Bebrus\u0173 e\u017eero. Tai puiki vieta gamtos myl\u0117tojams ir \u017evejams poilsiui, hobiui.  PRIVALUMAI: \u2013 Poilsio namelis 28kv.m. (1 kambarys, virtuv\u0117, terasa. Reikalingas remontas.); \u2013 Atstumas iki Bebruso e\u017eero apie 200m; \u2013 Patogus priva\u017eiavimas, atstumai iki Mol\u0117t\u0173 5km, Utenos 38km, Vilniaus 64km. Koordinat\u0117s : maps.lt \u2013 55.205874, 25.467601 Kvie\u010diame ap\u017ei\u016br\u0117ti ir \u012fvertinti \u0161i\u0105 vieta patiems! Lauksime atvykstant ir savaitgaliais!","og_url":"https:\/\/www.namude.lt\/objektas\/parduodamas-poilsio-namelis-raudesos-miske-salimais-bebrusu-ezero-moletu-rajone-copy\/","og_site_name":"Namud\u0117","article_modified_time":"2026-02-13T14:00:00+00:00","og_image":[{"width":2400,"height":1800,"url":"https:\/\/www.namude.lt\/wp-content\/uploads\/2025\/06\/1-1.jpg","type":"image\/jpeg"}],"twitter_card":"summary_large_image","schema":{"@context":"https:\/\/schema.org","@graph":[{"@type":"WebPage","@id":"https:\/\/www.namude.lt\/objektas\/parduodamas-poilsio-namelis-raudesos-miske-salimais-bebrusu-ezero-moletu-rajone-copy\/","url":"https:\/\/www.namude.lt\/objektas\/parduodamas-poilsio-namelis-raudesos-miske-salimais-bebrusu-ezero-moletu-rajone-copy\/","name":"PARDUODAMAS POILSIO NAMELIS RAUDESOS MI\u0160KE \u0160ALIMAIS BEBRUS\u0172 E\u017dERO MOL\u0116T\u0172 RAJONE (Copy) - Namud\u0117","isPartOf":{"@id":"https:\/\/www.namude.lt\/#website"},"primaryImageOfPage":{"@id":"https:\/\/www.namude.lt\/objektas\/parduodamas-poilsio-namelis-raudesos-miske-salimais-bebrusu-ezero-moletu-rajone-copy\/#primaryimage"},"image":{"@id":"https:\/\/www.namude.lt\/objektas\/parduodamas-poilsio-namelis-raudesos-miske-salimais-bebrusu-ezero-moletu-rajone-copy\/#primaryimage"},"thumbnailUrl":"https:\/\/www.namude.lt\/wp-content\/uploads\/2025\/06\/1-1.jpg","datePublished":"2026-02-13T13:58:56+00:00","dateModified":"2026-02-13T14:00:00+00:00","breadcrumb":{"@id":"https:\/\/www.namude.lt\/objektas\/parduodamas-poilsio-namelis-raudesos-miske-salimais-bebrusu-ezero-moletu-rajone-copy\/#breadcrumb"},"inLanguage":"ru-RU","potentialAction":[{"@type":"ReadAction","target":["https:\/\/www.namude.lt\/objektas\/parduodamas-poilsio-namelis-raudesos-miske-salimais-bebrusu-ezero-moletu-rajone-copy\/"]}]},{"@type":"ImageObject","inLanguage":"ru-RU","@id":"https:\/\/www.namude.lt\/objektas\/parduodamas-poilsio-namelis-raudesos-miske-salimais-bebrusu-ezero-moletu-rajone-copy\/#primaryimage","url":"https:\/\/www.namude.lt\/wp-content\/uploads\/2025\/06\/1-1.jpg","contentUrl":"https:\/\/www.namude.lt\/wp-content\/uploads\/2025\/06\/1-1.jpg","width":2400,"height":1800},{"@type":"BreadcrumbList","@id":"https:\/\/www.namude.lt\/objektas\/parduodamas-poilsio-namelis-raudesos-miske-salimais-bebrusu-ezero-moletu-rajone-copy\/#breadcrumb","itemListElement":[{"@type":"ListItem","position":1,"name":"Home","item":"https:\/\/www.namude.lt\/ru\/"},{"@type":"ListItem","position":2,"name":"\u041e\u0431\u044a\u0435\u043a\u0442\u044b","item":"https:\/\/www.namude.lt\/ru\/%d0%be%d0%b1%d1%8a%d0%b5%d0%ba%d1%82%d1%8b\/"},{"@type":"ListItem","position":3,"name":"PARDUODAMAS POILSIO NAMELIS RAUDESOS MI\u0160KE \u0160ALIMAIS BEBRUS\u0172 E\u017dERO MOL\u0116T\u0172 RAJONE (Copy)"}]},{"@type":"WebSite","@id":"https:\/\/www.namude.lt\/#website","url":"https:\/\/www.namude.lt\/","name":"Namud\u0117","description":"\u201eNamud\u0117\u201c \u2013 agent\u016bra, pardavin\u0117janti Auk\u0161taitijos NT grynuolius.","publisher":{"@id":"https:\/\/www.namude.lt\/#organization"},"potentialAction":[{"@type":"SearchAction","target":{"@type":"EntryPoint","urlTemplate":"https:\/\/www.namude.lt\/?s={search_term_string}"},"query-input":{"@type":"PropertyValueSpecification","valueRequired":true,"valueName":"search_term_string"}}],"inLanguage":"ru-RU"},{"@type":"Organization","@id":"https:\/\/www.namude.lt\/#organization","name":"Namud\u0117","url":"https:\/\/www.namude.lt\/","logo":{"@type":"ImageObject","inLanguage":"ru-RU","@id":"https:\/\/www.namude.lt\/#\/schema\/logo\/image\/","url":"https:\/\/www.namude.lt\/wp-content\/uploads\/2023\/11\/logo-symbol.svg","contentUrl":"https:\/\/www.namude.lt\/wp-content\/uploads\/2023\/11\/logo-symbol.svg","width":1,"height":1,"caption":"Namud\u0117"},"image":{"@id":"https:\/\/www.namude.lt\/#\/schema\/logo\/image\/"}}]}},"_links":{"self":[{"href":"https:\/\/www.namude.lt\/ru\/wp-json\/wp\/v2\/product\/24494","targetHints":{"allow":["GET"]}}],"collection":[{"href":"https:\/\/www.namude.lt\/ru\/wp-json\/wp\/v2\/product"}],"about":[{"href":"https:\/\/www.namude.lt\/ru\/wp-json\/wp\/v2\/types\/product"}],"wp:featuredmedia":[{"embeddable":true,"href":"https:\/\/www.namude.lt\/ru\/wp-json\/wp\/v2\/media\/18885"}],"wp:attachment":[{"href":"https:\/\/www.namude.lt\/ru\/wp-json\/wp\/v2\/media?parent=24494"}],"wp:term":[{"taxonomy":"product_brand","embeddable":true,"href":"https:\/\/www.namude.lt\/ru\/wp-json\/wp\/v2\/product_brand?post=24494"},{"taxonomy":"product_cat","embeddable":true,"href":"https:\/\/www.namude.lt\/ru\/wp-json\/wp\/v2\/product_cat?post=24494"},{"taxonomy":"product_tag","embeddable":true,"href":"https:\/\/www.namude.lt\/ru\/wp-json\/wp\/v2\/product_tag?post=24494"}],"curies":[{"name":"wp","href":"https:\/\/api.w.org\/{rel}","templated":true}]}}