{"id":24421,"date":"2026-02-06T09:42:21","date_gmt":"2026-02-06T07:42:21","guid":{"rendered":"https:\/\/www.namude.lt\/?post_type=product&#038;p=24421"},"modified":"2026-02-06T09:42:21","modified_gmt":"2026-02-06T07:42:21","slug":"uz-itin-patrauklia-kaina-parduodamas-2-ha-zemes-ukio-paskirties-sklypas-ant-jokubines-ezero-kranto-zarasu-rajone-sapaukos-k","status":"publish","type":"product","link":"https:\/\/www.namude.lt\/ru\/\u043e\u0431\u044a\u0435\u043a\u0442\/uz-itin-patrauklia-kaina-parduodamas-2-ha-zemes-ukio-paskirties-sklypas-ant-jokubines-ezero-kranto-zarasu-rajone-sapaukos-k\/","title":{"rendered":"U\u017e itin patraukli\u0105 kain\u0105 parduodamas 2 ha \u017eem\u0117s \u016bkio paskirties sklypas ant Jokubin\u0117s e\u017eero kranto Zaras\u0173 rajone, \u0160apaukos k."},"content":{"rendered":"","protected":false},"excerpt":{"rendered":"<p><strong>U\u017e itin patraukli\u0105 kain\u0105 parduodamas 2 ha \u017eem\u0117s \u016bkio paskirties sklypas ant Jokubin\u0117s e\u017eero kranto Zaras\u0173 rajone, \u0160apaukos k. <\/strong><a href=\"https:\/\/www.namude.lt\/kategorija\/sklypai\/?filter_rajonas=zarasu-rajonas&#038;query_type_rajonas=or\"><\/a>Priklauso apie 45 m  Jokubin\u0117s e\u017eero pakrant\u0117s. Sklype galima projektuoti \u016bkininko sodyb\u0105, ant e\u017eero kranto statyti pirt\u012f. Sklypas i\u0161sid\u0117st\u0119s kalvotoje vaizdingoje vietov\u0117je, atsiveria puikus erdvinis vaizdas \u012f e\u017eer\u0105. Sklypas orientuotas piet\u0173 kryptimi, tad vis\u0105 dien\u0105 nuo e\u017eero \u0161vie\u010dia saul\u0117. Pakrant\u0117je galima \u012fsirengti liept\u0105. Apylink\u0117se yra keli didesni e\u017eerai \u2013 Gruodi\u0161kis, Puginas, Kalinauka, Ilgis. Nuo sklypo iki artimiausios elektros transformatorin\u0117s \u2013 apie 400 m,  yra galimyb\u0117 \u012fsivesti trifaz\u0119 elektr\u0105. Kaimynyst\u0117je yra nuolat gyvenan\u010di\u0173 tvarking\u0173 kaimyn\u0173. Iki sklypo geras priva\u017eiavimas servitutiniu keliu. Iki Zaras\u0173 geru asfaltuotu keliu \u2013 9,5 km. Puikus sklypas prie e\u017eero u\u017e prieinam\u0105 kain\u0105.<br \/>\nSklypo koordinat\u0117s:<br \/>\nGoogle maps   55.725386, 26.345787 (WGS)<br \/>\nMaps.lt    647347, 6179247  (LKS)<\/p>\n","protected":false},"featured_media":24422,"template":"","meta":{"_acf_changed":false},"product_brand":[],"product_cat":[24],"product_tag":[],"class_list":{"0":"post-24421","1":"product","2":"type-product","3":"status-publish","4":"has-post-thumbnail","6":"product_cat-sklypai","7":"pa_rajonas-zarasu-rajonas","8":"description-off","10":"first","11":"instock","12":"sale","13":"shipping-taxable","14":"purchasable","15":"product-type-simple"},"acf":[],"yoast_head":"<!-- This site is optimized with the Yoast SEO plugin v27.0 - https:\/\/yoast.com\/product\/yoast-seo-wordpress\/ -->\n<title>U\u017e itin patraukli\u0105 kain\u0105 parduodamas 2 ha \u017eem\u0117s \u016bkio paskirties sklypas ant Jokubin\u0117s e\u017eero kranto Zaras\u0173 rajone, \u0160apaukos k. - Namud\u0117<\/title>\n<meta name=\"robots\" content=\"index, follow, max-snippet:-1, max-image-preview:large, max-video-preview:-1\" \/>\n<link rel=\"canonical\" href=\"https:\/\/www.namude.lt\/objektas\/uz-itin-patrauklia-kaina-parduodamas-2-ha-zemes-ukio-paskirties-sklypas-ant-jokubines-ezero-kranto-zarasu-rajone-sapaukos-k\/\" \/>\n<meta property=\"og:locale\" content=\"ru_RU\" \/>\n<meta property=\"og:type\" content=\"article\" \/>\n<meta property=\"og:title\" content=\"U\u017e itin patraukli\u0105 kain\u0105 parduodamas 2 ha \u017eem\u0117s \u016bkio paskirties sklypas ant Jokubin\u0117s e\u017eero kranto Zaras\u0173 rajone, \u0160apaukos k. - Namud\u0117\" \/>\n<meta property=\"og:description\" content=\"U\u017e itin patraukli\u0105 kain\u0105 parduodamas 2 ha \u017eem\u0117s \u016bkio paskirties sklypas ant Jokubin\u0117s e\u017eero kranto Zaras\u0173 rajone, \u0160apaukos k. Priklauso apie 45 m Jokubin\u0117s e\u017eero pakrant\u0117s. Sklype galima projektuoti \u016bkininko sodyb\u0105, ant e\u017eero kranto statyti pirt\u012f. Sklypas i\u0161sid\u0117st\u0119s kalvotoje vaizdingoje vietov\u0117je, atsiveria puikus erdvinis vaizdas \u012f e\u017eer\u0105. Sklypas orientuotas piet\u0173 kryptimi, tad vis\u0105 dien\u0105 nuo e\u017eero \u0161vie\u010dia saul\u0117. Pakrant\u0117je galima \u012fsirengti liept\u0105. Apylink\u0117se yra keli didesni e\u017eerai \u2013 Gruodi\u0161kis, Puginas, Kalinauka, Ilgis. Nuo sklypo iki artimiausios elektros transformatorin\u0117s \u2013 apie 400 m, yra galimyb\u0117 \u012fsivesti trifaz\u0119 elektr\u0105. Kaimynyst\u0117je yra nuolat gyvenan\u010di\u0173 tvarking\u0173 kaimyn\u0173. Iki sklypo geras priva\u017eiavimas servitutiniu keliu. Iki Zaras\u0173 geru asfaltuotu keliu \u2013 9,5 km. Puikus sklypas prie e\u017eero u\u017e prieinam\u0105 kain\u0105. Sklypo koordinat\u0117s: Google maps  55.725386, 26.345787 (WGS) Maps.lt  647347, 6179247 (LKS)\" \/>\n<meta property=\"og:url\" content=\"https:\/\/www.namude.lt\/objektas\/uz-itin-patrauklia-kaina-parduodamas-2-ha-zemes-ukio-paskirties-sklypas-ant-jokubines-ezero-kranto-zarasu-rajone-sapaukos-k\/\" \/>\n<meta property=\"og:site_name\" content=\"Namud\u0117\" \/>\n<meta property=\"og:image\" content=\"https:\/\/www.namude.lt\/wp-content\/uploads\/2026\/02\/1-3.jpg\" \/>\n\t<meta property=\"og:image:width\" content=\"840\" \/>\n\t<meta property=\"og:image:height\" content=\"630\" \/>\n\t<meta property=\"og:image:type\" content=\"image\/jpeg\" \/>\n<meta name=\"twitter:card\" content=\"summary_large_image\" \/>\n<script type=\"application\/ld+json\" class=\"yoast-schema-graph\">{\"@context\":\"https:\/\/schema.org\",\"@graph\":[{\"@type\":\"WebPage\",\"@id\":\"https:\/\/www.namude.lt\/objektas\/uz-itin-patrauklia-kaina-parduodamas-2-ha-zemes-ukio-paskirties-sklypas-ant-jokubines-ezero-kranto-zarasu-rajone-sapaukos-k\/\",\"url\":\"https:\/\/www.namude.lt\/objektas\/uz-itin-patrauklia-kaina-parduodamas-2-ha-zemes-ukio-paskirties-sklypas-ant-jokubines-ezero-kranto-zarasu-rajone-sapaukos-k\/\",\"name\":\"U\u017e itin patraukli\u0105 kain\u0105 parduodamas 2 ha \u017eem\u0117s \u016bkio paskirties sklypas ant Jokubin\u0117s e\u017eero kranto Zaras\u0173 rajone, \u0160apaukos k. - Namud\u0117\",\"isPartOf\":{\"@id\":\"https:\/\/www.namude.lt\/#website\"},\"primaryImageOfPage\":{\"@id\":\"https:\/\/www.namude.lt\/objektas\/uz-itin-patrauklia-kaina-parduodamas-2-ha-zemes-ukio-paskirties-sklypas-ant-jokubines-ezero-kranto-zarasu-rajone-sapaukos-k\/#primaryimage\"},\"image\":{\"@id\":\"https:\/\/www.namude.lt\/objektas\/uz-itin-patrauklia-kaina-parduodamas-2-ha-zemes-ukio-paskirties-sklypas-ant-jokubines-ezero-kranto-zarasu-rajone-sapaukos-k\/#primaryimage\"},\"thumbnailUrl\":\"https:\/\/www.namude.lt\/wp-content\/uploads\/2026\/02\/1-3.jpg\",\"datePublished\":\"2026-02-06T07:42:21+00:00\",\"breadcrumb\":{\"@id\":\"https:\/\/www.namude.lt\/objektas\/uz-itin-patrauklia-kaina-parduodamas-2-ha-zemes-ukio-paskirties-sklypas-ant-jokubines-ezero-kranto-zarasu-rajone-sapaukos-k\/#breadcrumb\"},\"inLanguage\":\"ru-RU\",\"potentialAction\":[{\"@type\":\"ReadAction\",\"target\":[\"https:\/\/www.namude.lt\/objektas\/uz-itin-patrauklia-kaina-parduodamas-2-ha-zemes-ukio-paskirties-sklypas-ant-jokubines-ezero-kranto-zarasu-rajone-sapaukos-k\/\"]}]},{\"@type\":\"ImageObject\",\"inLanguage\":\"ru-RU\",\"@id\":\"https:\/\/www.namude.lt\/objektas\/uz-itin-patrauklia-kaina-parduodamas-2-ha-zemes-ukio-paskirties-sklypas-ant-jokubines-ezero-kranto-zarasu-rajone-sapaukos-k\/#primaryimage\",\"url\":\"https:\/\/www.namude.lt\/wp-content\/uploads\/2026\/02\/1-3.jpg\",\"contentUrl\":\"https:\/\/www.namude.lt\/wp-content\/uploads\/2026\/02\/1-3.jpg\",\"width\":840,\"height\":630},{\"@type\":\"BreadcrumbList\",\"@id\":\"https:\/\/www.namude.lt\/objektas\/uz-itin-patrauklia-kaina-parduodamas-2-ha-zemes-ukio-paskirties-sklypas-ant-jokubines-ezero-kranto-zarasu-rajone-sapaukos-k\/#breadcrumb\",\"itemListElement\":[{\"@type\":\"ListItem\",\"position\":1,\"name\":\"Home\",\"item\":\"https:\/\/www.namude.lt\/ru\/\"},{\"@type\":\"ListItem\",\"position\":2,\"name\":\"\u041e\u0431\u044a\u0435\u043a\u0442\u044b\",\"item\":\"https:\/\/www.namude.lt\/ru\/%d0%be%d0%b1%d1%8a%d0%b5%d0%ba%d1%82%d1%8b\/\"},{\"@type\":\"ListItem\",\"position\":3,\"name\":\"U\u017e itin patraukli\u0105 kain\u0105 parduodamas 2 ha \u017eem\u0117s \u016bkio paskirties sklypas ant Jokubin\u0117s e\u017eero kranto Zaras\u0173 rajone, \u0160apaukos k.\"}]},{\"@type\":\"WebSite\",\"@id\":\"https:\/\/www.namude.lt\/#website\",\"url\":\"https:\/\/www.namude.lt\/\",\"name\":\"Namud\u0117\",\"description\":\"\u201eNamud\u0117\u201c \u2013 agent\u016bra, pardavin\u0117janti Auk\u0161taitijos NT grynuolius.\",\"publisher\":{\"@id\":\"https:\/\/www.namude.lt\/#organization\"},\"potentialAction\":[{\"@type\":\"SearchAction\",\"target\":{\"@type\":\"EntryPoint\",\"urlTemplate\":\"https:\/\/www.namude.lt\/?s={search_term_string}\"},\"query-input\":{\"@type\":\"PropertyValueSpecification\",\"valueRequired\":true,\"valueName\":\"search_term_string\"}}],\"inLanguage\":\"ru-RU\"},{\"@type\":\"Organization\",\"@id\":\"https:\/\/www.namude.lt\/#organization\",\"name\":\"Namud\u0117\",\"url\":\"https:\/\/www.namude.lt\/\",\"logo\":{\"@type\":\"ImageObject\",\"inLanguage\":\"ru-RU\",\"@id\":\"https:\/\/www.namude.lt\/#\/schema\/logo\/image\/\",\"url\":\"https:\/\/www.namude.lt\/wp-content\/uploads\/2023\/11\/logo-symbol.svg\",\"contentUrl\":\"https:\/\/www.namude.lt\/wp-content\/uploads\/2023\/11\/logo-symbol.svg\",\"width\":1,\"height\":1,\"caption\":\"Namud\u0117\"},\"image\":{\"@id\":\"https:\/\/www.namude.lt\/#\/schema\/logo\/image\/\"}}]}<\/script>\n<!-- \/ Yoast SEO plugin. -->","yoast_head_json":{"title":"U\u017e itin patraukli\u0105 kain\u0105 parduodamas 2 ha \u017eem\u0117s \u016bkio paskirties sklypas ant Jokubin\u0117s e\u017eero kranto Zaras\u0173 rajone, \u0160apaukos k. - Namud\u0117","robots":{"index":"index","follow":"follow","max-snippet":"max-snippet:-1","max-image-preview":"max-image-preview:large","max-video-preview":"max-video-preview:-1"},"canonical":"https:\/\/www.namude.lt\/objektas\/uz-itin-patrauklia-kaina-parduodamas-2-ha-zemes-ukio-paskirties-sklypas-ant-jokubines-ezero-kranto-zarasu-rajone-sapaukos-k\/","og_locale":"ru_RU","og_type":"article","og_title":"U\u017e itin patraukli\u0105 kain\u0105 parduodamas 2 ha \u017eem\u0117s \u016bkio paskirties sklypas ant Jokubin\u0117s e\u017eero kranto Zaras\u0173 rajone, \u0160apaukos k. - Namud\u0117","og_description":"U\u017e itin patraukli\u0105 kain\u0105 parduodamas 2 ha \u017eem\u0117s \u016bkio paskirties sklypas ant Jokubin\u0117s e\u017eero kranto Zaras\u0173 rajone, \u0160apaukos k. Priklauso apie 45 m Jokubin\u0117s e\u017eero pakrant\u0117s. Sklype galima projektuoti \u016bkininko sodyb\u0105, ant e\u017eero kranto statyti pirt\u012f. Sklypas i\u0161sid\u0117st\u0119s kalvotoje vaizdingoje vietov\u0117je, atsiveria puikus erdvinis vaizdas \u012f e\u017eer\u0105. Sklypas orientuotas piet\u0173 kryptimi, tad vis\u0105 dien\u0105 nuo e\u017eero \u0161vie\u010dia saul\u0117. Pakrant\u0117je galima \u012fsirengti liept\u0105. Apylink\u0117se yra keli didesni e\u017eerai \u2013 Gruodi\u0161kis, Puginas, Kalinauka, Ilgis. Nuo sklypo iki artimiausios elektros transformatorin\u0117s \u2013 apie 400 m, yra galimyb\u0117 \u012fsivesti trifaz\u0119 elektr\u0105. Kaimynyst\u0117je yra nuolat gyvenan\u010di\u0173 tvarking\u0173 kaimyn\u0173. Iki sklypo geras priva\u017eiavimas servitutiniu keliu. Iki Zaras\u0173 geru asfaltuotu keliu \u2013 9,5 km. Puikus sklypas prie e\u017eero u\u017e prieinam\u0105 kain\u0105. Sklypo koordinat\u0117s: Google maps  55.725386, 26.345787 (WGS) Maps.lt  647347, 6179247 (LKS)","og_url":"https:\/\/www.namude.lt\/objektas\/uz-itin-patrauklia-kaina-parduodamas-2-ha-zemes-ukio-paskirties-sklypas-ant-jokubines-ezero-kranto-zarasu-rajone-sapaukos-k\/","og_site_name":"Namud\u0117","og_image":[{"width":840,"height":630,"url":"https:\/\/www.namude.lt\/wp-content\/uploads\/2026\/02\/1-3.jpg","type":"image\/jpeg"}],"twitter_card":"summary_large_image","schema":{"@context":"https:\/\/schema.org","@graph":[{"@type":"WebPage","@id":"https:\/\/www.namude.lt\/objektas\/uz-itin-patrauklia-kaina-parduodamas-2-ha-zemes-ukio-paskirties-sklypas-ant-jokubines-ezero-kranto-zarasu-rajone-sapaukos-k\/","url":"https:\/\/www.namude.lt\/objektas\/uz-itin-patrauklia-kaina-parduodamas-2-ha-zemes-ukio-paskirties-sklypas-ant-jokubines-ezero-kranto-zarasu-rajone-sapaukos-k\/","name":"U\u017e itin patraukli\u0105 kain\u0105 parduodamas 2 ha \u017eem\u0117s \u016bkio paskirties sklypas ant Jokubin\u0117s e\u017eero kranto Zaras\u0173 rajone, \u0160apaukos k. - Namud\u0117","isPartOf":{"@id":"https:\/\/www.namude.lt\/#website"},"primaryImageOfPage":{"@id":"https:\/\/www.namude.lt\/objektas\/uz-itin-patrauklia-kaina-parduodamas-2-ha-zemes-ukio-paskirties-sklypas-ant-jokubines-ezero-kranto-zarasu-rajone-sapaukos-k\/#primaryimage"},"image":{"@id":"https:\/\/www.namude.lt\/objektas\/uz-itin-patrauklia-kaina-parduodamas-2-ha-zemes-ukio-paskirties-sklypas-ant-jokubines-ezero-kranto-zarasu-rajone-sapaukos-k\/#primaryimage"},"thumbnailUrl":"https:\/\/www.namude.lt\/wp-content\/uploads\/2026\/02\/1-3.jpg","datePublished":"2026-02-06T07:42:21+00:00","breadcrumb":{"@id":"https:\/\/www.namude.lt\/objektas\/uz-itin-patrauklia-kaina-parduodamas-2-ha-zemes-ukio-paskirties-sklypas-ant-jokubines-ezero-kranto-zarasu-rajone-sapaukos-k\/#breadcrumb"},"inLanguage":"ru-RU","potentialAction":[{"@type":"ReadAction","target":["https:\/\/www.namude.lt\/objektas\/uz-itin-patrauklia-kaina-parduodamas-2-ha-zemes-ukio-paskirties-sklypas-ant-jokubines-ezero-kranto-zarasu-rajone-sapaukos-k\/"]}]},{"@type":"ImageObject","inLanguage":"ru-RU","@id":"https:\/\/www.namude.lt\/objektas\/uz-itin-patrauklia-kaina-parduodamas-2-ha-zemes-ukio-paskirties-sklypas-ant-jokubines-ezero-kranto-zarasu-rajone-sapaukos-k\/#primaryimage","url":"https:\/\/www.namude.lt\/wp-content\/uploads\/2026\/02\/1-3.jpg","contentUrl":"https:\/\/www.namude.lt\/wp-content\/uploads\/2026\/02\/1-3.jpg","width":840,"height":630},{"@type":"BreadcrumbList","@id":"https:\/\/www.namude.lt\/objektas\/uz-itin-patrauklia-kaina-parduodamas-2-ha-zemes-ukio-paskirties-sklypas-ant-jokubines-ezero-kranto-zarasu-rajone-sapaukos-k\/#breadcrumb","itemListElement":[{"@type":"ListItem","position":1,"name":"Home","item":"https:\/\/www.namude.lt\/ru\/"},{"@type":"ListItem","position":2,"name":"\u041e\u0431\u044a\u0435\u043a\u0442\u044b","item":"https:\/\/www.namude.lt\/ru\/%d0%be%d0%b1%d1%8a%d0%b5%d0%ba%d1%82%d1%8b\/"},{"@type":"ListItem","position":3,"name":"U\u017e itin patraukli\u0105 kain\u0105 parduodamas 2 ha \u017eem\u0117s \u016bkio paskirties sklypas ant Jokubin\u0117s e\u017eero kranto Zaras\u0173 rajone, \u0160apaukos k."}]},{"@type":"WebSite","@id":"https:\/\/www.namude.lt\/#website","url":"https:\/\/www.namude.lt\/","name":"Namud\u0117","description":"\u201eNamud\u0117\u201c \u2013 agent\u016bra, pardavin\u0117janti Auk\u0161taitijos NT grynuolius.","publisher":{"@id":"https:\/\/www.namude.lt\/#organization"},"potentialAction":[{"@type":"SearchAction","target":{"@type":"EntryPoint","urlTemplate":"https:\/\/www.namude.lt\/?s={search_term_string}"},"query-input":{"@type":"PropertyValueSpecification","valueRequired":true,"valueName":"search_term_string"}}],"inLanguage":"ru-RU"},{"@type":"Organization","@id":"https:\/\/www.namude.lt\/#organization","name":"Namud\u0117","url":"https:\/\/www.namude.lt\/","logo":{"@type":"ImageObject","inLanguage":"ru-RU","@id":"https:\/\/www.namude.lt\/#\/schema\/logo\/image\/","url":"https:\/\/www.namude.lt\/wp-content\/uploads\/2023\/11\/logo-symbol.svg","contentUrl":"https:\/\/www.namude.lt\/wp-content\/uploads\/2023\/11\/logo-symbol.svg","width":1,"height":1,"caption":"Namud\u0117"},"image":{"@id":"https:\/\/www.namude.lt\/#\/schema\/logo\/image\/"}}]}},"_links":{"self":[{"href":"https:\/\/www.namude.lt\/ru\/wp-json\/wp\/v2\/product\/24421","targetHints":{"allow":["GET"]}}],"collection":[{"href":"https:\/\/www.namude.lt\/ru\/wp-json\/wp\/v2\/product"}],"about":[{"href":"https:\/\/www.namude.lt\/ru\/wp-json\/wp\/v2\/types\/product"}],"wp:featuredmedia":[{"embeddable":true,"href":"https:\/\/www.namude.lt\/ru\/wp-json\/wp\/v2\/media\/24422"}],"wp:attachment":[{"href":"https:\/\/www.namude.lt\/ru\/wp-json\/wp\/v2\/media?parent=24421"}],"wp:term":[{"taxonomy":"product_brand","embeddable":true,"href":"https:\/\/www.namude.lt\/ru\/wp-json\/wp\/v2\/product_brand?post=24421"},{"taxonomy":"product_cat","embeddable":true,"href":"https:\/\/www.namude.lt\/ru\/wp-json\/wp\/v2\/product_cat?post=24421"},{"taxonomy":"product_tag","embeddable":true,"href":"https:\/\/www.namude.lt\/ru\/wp-json\/wp\/v2\/product_tag?post=24421"}],"curies":[{"name":"wp","href":"https:\/\/api.w.org\/{rel}","templated":true}]}}