{"id":24098,"date":"2026-01-14T11:58:28","date_gmt":"2026-01-14T09:58:28","guid":{"rendered":"https:\/\/www.namude.lt\/?post_type=product&#038;p=24098"},"modified":"2026-03-27T14:45:06","modified_gmt":"2026-03-27T12:45:06","slug":"parduodamas-be-skolu-su-patogumais-1-kambario-butas-ignalinos-rajone-didziasalio-miestelyje-treciame-aukste-is-penkiu","status":"publish","type":"product","link":"https:\/\/www.namude.lt\/ru\/\u043e\u0431\u044a\u0435\u043a\u0442\/parduodamas-be-skolu-su-patogumais-1-kambario-butas-ignalinos-rajone-didziasalio-miestelyje-treciame-aukste-is-penkiu\/","title":{"rendered":"Parduodamas BE SKOL\u0172, su patogumais 1 kambario butas Ignalinos rajone, Did\u017eiasalio miestelyje, tre\u010diame auk\u0161te i\u0161 penki\u0173"},"content":{"rendered":"","protected":false},"excerpt":{"rendered":"<p><strong>Buto bendras plotas \u2013 35.34 kv. m. Butas geros b\u016bkl\u0117s ir patogaus i\u0161planavimo.<\/strong> Erdvus prie\u0161kambaris. Tualetas ir vonia atskirai. Didelis, \u012fstiklintas balkonas. Sud\u0117ti nauji, su stiklo paketais langai ir durys \u012f balkon\u0105. Po butu priklauso r\u016bsys. Erdvi ir \u0161vari laiptin\u0117, kurios lauko durys yra koduotos. \u0160alia automobili\u0173 stov\u0117jimo aik\u0161tel\u0117, maisto preki\u0173 parduotuv\u0117, poliklinika, seni\u016bnija, vaik\u0173 dar\u017eelis, mokykla, rekonstruotas stadionas su sporto aik\u0161tynu, nauja vaik\u0173 \u017eaidimo aik\u0161tel\u0117, turgelis ir kt. Sutvarkyta kvartalo aplinka. Labai gra\u017ei gamta. U\u017e 0.5 km tyvuliuoja Agarinio e\u017eeriukas, u\u017e gero kilometro dar vienas&#8230; \u0160alimais prateka Birv\u0117tos ir Dysnos up\u0117s. Puikus susisiekimas. Kasdien, po kelet\u0105 kart\u0173 ir nemokamai, kursuoja autobusas \u012f rajono centr\u0105 \u2013 Ignalin\u0105, i\u0161 kurios ar autobusu, ar traukiniu greitai galima nuvykti \u012f Vilni\u0173&#8230; Tiesiog puiki vieta gyventi ir ils\u0117tis.<\/p>\n","protected":false},"featured_media":25726,"template":"","meta":{"_acf_changed":false},"product_brand":[],"product_cat":[27],"product_tag":[],"class_list":{"0":"post-24098","1":"product","2":"type-product","3":"status-publish","4":"has-post-thumbnail","6":"product_cat-butai","7":"pa_rajonas-ignalinos-rajonas","8":"description-off","10":"first","11":"instock","12":"shipping-taxable","13":"purchasable","14":"product-type-simple"},"acf":[],"yoast_head":"<!-- This site is optimized with the Yoast SEO plugin v27.4 - https:\/\/yoast.com\/product\/yoast-seo-wordpress\/ -->\n<title>Parduodamas BE SKOL\u0172, su patogumais 1 kambario butas Ignalinos rajone, Did\u017eiasalio miestelyje, tre\u010diame auk\u0161te i\u0161 penki\u0173 - Namud\u0117<\/title>\n<meta name=\"robots\" content=\"index, follow, max-snippet:-1, max-image-preview:large, max-video-preview:-1\" \/>\n<link rel=\"canonical\" href=\"https:\/\/www.namude.lt\/objektas\/parduodamas-be-skolu-su-patogumais-1-kambario-butas-ignalinos-rajone-didziasalio-miestelyje-treciame-aukste-is-penkiu\/\" \/>\n<meta property=\"og:locale\" content=\"ru_RU\" \/>\n<meta property=\"og:type\" content=\"article\" \/>\n<meta property=\"og:title\" content=\"Parduodamas BE SKOL\u0172, su patogumais 1 kambario butas Ignalinos rajone, Did\u017eiasalio miestelyje, tre\u010diame auk\u0161te i\u0161 penki\u0173 - Namud\u0117\" \/>\n<meta property=\"og:description\" content=\"Buto bendras plotas \u2013 35.34 kv. m. Butas geros b\u016bkl\u0117s ir patogaus i\u0161planavimo. Erdvus prie\u0161kambaris. Tualetas ir vonia atskirai. Didelis, \u012fstiklintas balkonas. Sud\u0117ti nauji, su stiklo paketais langai ir durys \u012f balkon\u0105. Po butu priklauso r\u016bsys. Erdvi ir \u0161vari laiptin\u0117, kurios lauko durys yra koduotos. \u0160alia automobili\u0173 stov\u0117jimo aik\u0161tel\u0117, maisto preki\u0173 parduotuv\u0117, poliklinika, seni\u016bnija, vaik\u0173 dar\u017eelis, mokykla, rekonstruotas stadionas su sporto aik\u0161tynu, nauja vaik\u0173 \u017eaidimo aik\u0161tel\u0117, turgelis ir kt. Sutvarkyta kvartalo aplinka. Labai gra\u017ei gamta. U\u017e 0.5 km tyvuliuoja Agarinio e\u017eeriukas, u\u017e gero kilometro dar vienas... \u0160alimais prateka Birv\u0117tos ir Dysnos up\u0117s. Puikus susisiekimas. Kasdien, po kelet\u0105 kart\u0173 ir nemokamai, kursuoja autobusas \u012f rajono centr\u0105 \u2013 Ignalin\u0105, i\u0161 kurios ar autobusu, ar traukiniu greitai galima nuvykti \u012f Vilni\u0173... Tiesiog puiki vieta gyventi ir ils\u0117tis.\" \/>\n<meta property=\"og:url\" content=\"https:\/\/www.namude.lt\/objektas\/parduodamas-be-skolu-su-patogumais-1-kambario-butas-ignalinos-rajone-didziasalio-miestelyje-treciame-aukste-is-penkiu\/\" \/>\n<meta property=\"og:site_name\" content=\"Namud\u0117\" \/>\n<meta property=\"article:modified_time\" content=\"2026-03-27T12:45:06+00:00\" \/>\n<meta property=\"og:image\" content=\"https:\/\/www.namude.lt\/wp-content\/uploads\/2026\/01\/1-4.jpg\" \/>\n\t<meta property=\"og:image:width\" content=\"800\" \/>\n\t<meta property=\"og:image:height\" content=\"531\" \/>\n\t<meta property=\"og:image:type\" content=\"image\/jpeg\" \/>\n<meta name=\"twitter:card\" content=\"summary_large_image\" \/>\n<script type=\"application\/ld+json\" class=\"yoast-schema-graph\">{\"@context\":\"https:\\\/\\\/schema.org\",\"@graph\":[{\"@type\":\"WebPage\",\"@id\":\"https:\\\/\\\/www.namude.lt\\\/objektas\\\/parduodamas-be-skolu-su-patogumais-1-kambario-butas-ignalinos-rajone-didziasalio-miestelyje-treciame-aukste-is-penkiu\\\/\",\"url\":\"https:\\\/\\\/www.namude.lt\\\/objektas\\\/parduodamas-be-skolu-su-patogumais-1-kambario-butas-ignalinos-rajone-didziasalio-miestelyje-treciame-aukste-is-penkiu\\\/\",\"name\":\"Parduodamas BE SKOL\u0172, su patogumais 1 kambario butas Ignalinos rajone, Did\u017eiasalio miestelyje, tre\u010diame auk\u0161te i\u0161 penki\u0173 - Namud\u0117\",\"isPartOf\":{\"@id\":\"https:\\\/\\\/www.namude.lt\\\/#website\"},\"primaryImageOfPage\":{\"@id\":\"https:\\\/\\\/www.namude.lt\\\/objektas\\\/parduodamas-be-skolu-su-patogumais-1-kambario-butas-ignalinos-rajone-didziasalio-miestelyje-treciame-aukste-is-penkiu\\\/#primaryimage\"},\"image\":{\"@id\":\"https:\\\/\\\/www.namude.lt\\\/objektas\\\/parduodamas-be-skolu-su-patogumais-1-kambario-butas-ignalinos-rajone-didziasalio-miestelyje-treciame-aukste-is-penkiu\\\/#primaryimage\"},\"thumbnailUrl\":\"https:\\\/\\\/www.namude.lt\\\/wp-content\\\/uploads\\\/2026\\\/01\\\/1-4.jpg\",\"datePublished\":\"2026-01-14T09:58:28+00:00\",\"dateModified\":\"2026-03-27T12:45:06+00:00\",\"breadcrumb\":{\"@id\":\"https:\\\/\\\/www.namude.lt\\\/objektas\\\/parduodamas-be-skolu-su-patogumais-1-kambario-butas-ignalinos-rajone-didziasalio-miestelyje-treciame-aukste-is-penkiu\\\/#breadcrumb\"},\"inLanguage\":\"ru-RU\",\"potentialAction\":[{\"@type\":\"ReadAction\",\"target\":[\"https:\\\/\\\/www.namude.lt\\\/objektas\\\/parduodamas-be-skolu-su-patogumais-1-kambario-butas-ignalinos-rajone-didziasalio-miestelyje-treciame-aukste-is-penkiu\\\/\"]}]},{\"@type\":\"ImageObject\",\"inLanguage\":\"ru-RU\",\"@id\":\"https:\\\/\\\/www.namude.lt\\\/objektas\\\/parduodamas-be-skolu-su-patogumais-1-kambario-butas-ignalinos-rajone-didziasalio-miestelyje-treciame-aukste-is-penkiu\\\/#primaryimage\",\"url\":\"https:\\\/\\\/www.namude.lt\\\/wp-content\\\/uploads\\\/2026\\\/01\\\/1-4.jpg\",\"contentUrl\":\"https:\\\/\\\/www.namude.lt\\\/wp-content\\\/uploads\\\/2026\\\/01\\\/1-4.jpg\",\"width\":800,\"height\":531},{\"@type\":\"BreadcrumbList\",\"@id\":\"https:\\\/\\\/www.namude.lt\\\/objektas\\\/parduodamas-be-skolu-su-patogumais-1-kambario-butas-ignalinos-rajone-didziasalio-miestelyje-treciame-aukste-is-penkiu\\\/#breadcrumb\",\"itemListElement\":[{\"@type\":\"ListItem\",\"position\":1,\"name\":\"Home\",\"item\":\"https:\\\/\\\/www.namude.lt\\\/ru\\\/\"},{\"@type\":\"ListItem\",\"position\":2,\"name\":\"\u041e\u0431\u044a\u0435\u043a\u0442\u044b\",\"item\":\"https:\\\/\\\/www.namude.lt\\\/ru\\\/%d0%be%d0%b1%d1%8a%d0%b5%d0%ba%d1%82%d1%8b\\\/\"},{\"@type\":\"ListItem\",\"position\":3,\"name\":\"Parduodamas BE SKOL\u0172, su patogumais 1 kambario butas Ignalinos rajone, Did\u017eiasalio miestelyje, tre\u010diame auk\u0161te i\u0161 penki\u0173\"}]},{\"@type\":\"WebSite\",\"@id\":\"https:\\\/\\\/www.namude.lt\\\/#website\",\"url\":\"https:\\\/\\\/www.namude.lt\\\/\",\"name\":\"Namud\u0117\",\"description\":\"\u201eNamud\u0117\u201c \u2013 agent\u016bra, pardavin\u0117janti Auk\u0161taitijos NT grynuolius.\",\"publisher\":{\"@id\":\"https:\\\/\\\/www.namude.lt\\\/#organization\"},\"potentialAction\":[{\"@type\":\"SearchAction\",\"target\":{\"@type\":\"EntryPoint\",\"urlTemplate\":\"https:\\\/\\\/www.namude.lt\\\/?s={search_term_string}\"},\"query-input\":{\"@type\":\"PropertyValueSpecification\",\"valueRequired\":true,\"valueName\":\"search_term_string\"}}],\"inLanguage\":\"ru-RU\"},{\"@type\":\"Organization\",\"@id\":\"https:\\\/\\\/www.namude.lt\\\/#organization\",\"name\":\"Namud\u0117\",\"url\":\"https:\\\/\\\/www.namude.lt\\\/\",\"logo\":{\"@type\":\"ImageObject\",\"inLanguage\":\"ru-RU\",\"@id\":\"https:\\\/\\\/www.namude.lt\\\/#\\\/schema\\\/logo\\\/image\\\/\",\"url\":\"https:\\\/\\\/www.namude.lt\\\/wp-content\\\/uploads\\\/2023\\\/11\\\/logo-symbol.svg\",\"contentUrl\":\"https:\\\/\\\/www.namude.lt\\\/wp-content\\\/uploads\\\/2023\\\/11\\\/logo-symbol.svg\",\"width\":1,\"height\":1,\"caption\":\"Namud\u0117\"},\"image\":{\"@id\":\"https:\\\/\\\/www.namude.lt\\\/#\\\/schema\\\/logo\\\/image\\\/\"}}]}<\/script>\n<!-- \/ Yoast SEO plugin. -->","yoast_head_json":{"title":"Parduodamas BE SKOL\u0172, su patogumais 1 kambario butas Ignalinos rajone, Did\u017eiasalio miestelyje, tre\u010diame auk\u0161te i\u0161 penki\u0173 - Namud\u0117","robots":{"index":"index","follow":"follow","max-snippet":"max-snippet:-1","max-image-preview":"max-image-preview:large","max-video-preview":"max-video-preview:-1"},"canonical":"https:\/\/www.namude.lt\/objektas\/parduodamas-be-skolu-su-patogumais-1-kambario-butas-ignalinos-rajone-didziasalio-miestelyje-treciame-aukste-is-penkiu\/","og_locale":"ru_RU","og_type":"article","og_title":"Parduodamas BE SKOL\u0172, su patogumais 1 kambario butas Ignalinos rajone, Did\u017eiasalio miestelyje, tre\u010diame auk\u0161te i\u0161 penki\u0173 - Namud\u0117","og_description":"Buto bendras plotas \u2013 35.34 kv. m. Butas geros b\u016bkl\u0117s ir patogaus i\u0161planavimo. Erdvus prie\u0161kambaris. Tualetas ir vonia atskirai. Didelis, \u012fstiklintas balkonas. Sud\u0117ti nauji, su stiklo paketais langai ir durys \u012f balkon\u0105. Po butu priklauso r\u016bsys. Erdvi ir \u0161vari laiptin\u0117, kurios lauko durys yra koduotos. \u0160alia automobili\u0173 stov\u0117jimo aik\u0161tel\u0117, maisto preki\u0173 parduotuv\u0117, poliklinika, seni\u016bnija, vaik\u0173 dar\u017eelis, mokykla, rekonstruotas stadionas su sporto aik\u0161tynu, nauja vaik\u0173 \u017eaidimo aik\u0161tel\u0117, turgelis ir kt. Sutvarkyta kvartalo aplinka. Labai gra\u017ei gamta. U\u017e 0.5 km tyvuliuoja Agarinio e\u017eeriukas, u\u017e gero kilometro dar vienas... \u0160alimais prateka Birv\u0117tos ir Dysnos up\u0117s. Puikus susisiekimas. Kasdien, po kelet\u0105 kart\u0173 ir nemokamai, kursuoja autobusas \u012f rajono centr\u0105 \u2013 Ignalin\u0105, i\u0161 kurios ar autobusu, ar traukiniu greitai galima nuvykti \u012f Vilni\u0173... Tiesiog puiki vieta gyventi ir ils\u0117tis.","og_url":"https:\/\/www.namude.lt\/objektas\/parduodamas-be-skolu-su-patogumais-1-kambario-butas-ignalinos-rajone-didziasalio-miestelyje-treciame-aukste-is-penkiu\/","og_site_name":"Namud\u0117","article_modified_time":"2026-03-27T12:45:06+00:00","og_image":[{"width":800,"height":531,"url":"https:\/\/www.namude.lt\/wp-content\/uploads\/2026\/01\/1-4.jpg","type":"image\/jpeg"}],"twitter_card":"summary_large_image","schema":{"@context":"https:\/\/schema.org","@graph":[{"@type":"WebPage","@id":"https:\/\/www.namude.lt\/objektas\/parduodamas-be-skolu-su-patogumais-1-kambario-butas-ignalinos-rajone-didziasalio-miestelyje-treciame-aukste-is-penkiu\/","url":"https:\/\/www.namude.lt\/objektas\/parduodamas-be-skolu-su-patogumais-1-kambario-butas-ignalinos-rajone-didziasalio-miestelyje-treciame-aukste-is-penkiu\/","name":"Parduodamas BE SKOL\u0172, su patogumais 1 kambario butas Ignalinos rajone, Did\u017eiasalio miestelyje, tre\u010diame auk\u0161te i\u0161 penki\u0173 - Namud\u0117","isPartOf":{"@id":"https:\/\/www.namude.lt\/#website"},"primaryImageOfPage":{"@id":"https:\/\/www.namude.lt\/objektas\/parduodamas-be-skolu-su-patogumais-1-kambario-butas-ignalinos-rajone-didziasalio-miestelyje-treciame-aukste-is-penkiu\/#primaryimage"},"image":{"@id":"https:\/\/www.namude.lt\/objektas\/parduodamas-be-skolu-su-patogumais-1-kambario-butas-ignalinos-rajone-didziasalio-miestelyje-treciame-aukste-is-penkiu\/#primaryimage"},"thumbnailUrl":"https:\/\/www.namude.lt\/wp-content\/uploads\/2026\/01\/1-4.jpg","datePublished":"2026-01-14T09:58:28+00:00","dateModified":"2026-03-27T12:45:06+00:00","breadcrumb":{"@id":"https:\/\/www.namude.lt\/objektas\/parduodamas-be-skolu-su-patogumais-1-kambario-butas-ignalinos-rajone-didziasalio-miestelyje-treciame-aukste-is-penkiu\/#breadcrumb"},"inLanguage":"ru-RU","potentialAction":[{"@type":"ReadAction","target":["https:\/\/www.namude.lt\/objektas\/parduodamas-be-skolu-su-patogumais-1-kambario-butas-ignalinos-rajone-didziasalio-miestelyje-treciame-aukste-is-penkiu\/"]}]},{"@type":"ImageObject","inLanguage":"ru-RU","@id":"https:\/\/www.namude.lt\/objektas\/parduodamas-be-skolu-su-patogumais-1-kambario-butas-ignalinos-rajone-didziasalio-miestelyje-treciame-aukste-is-penkiu\/#primaryimage","url":"https:\/\/www.namude.lt\/wp-content\/uploads\/2026\/01\/1-4.jpg","contentUrl":"https:\/\/www.namude.lt\/wp-content\/uploads\/2026\/01\/1-4.jpg","width":800,"height":531},{"@type":"BreadcrumbList","@id":"https:\/\/www.namude.lt\/objektas\/parduodamas-be-skolu-su-patogumais-1-kambario-butas-ignalinos-rajone-didziasalio-miestelyje-treciame-aukste-is-penkiu\/#breadcrumb","itemListElement":[{"@type":"ListItem","position":1,"name":"Home","item":"https:\/\/www.namude.lt\/ru\/"},{"@type":"ListItem","position":2,"name":"\u041e\u0431\u044a\u0435\u043a\u0442\u044b","item":"https:\/\/www.namude.lt\/ru\/%d0%be%d0%b1%d1%8a%d0%b5%d0%ba%d1%82%d1%8b\/"},{"@type":"ListItem","position":3,"name":"Parduodamas BE SKOL\u0172, su patogumais 1 kambario butas Ignalinos rajone, Did\u017eiasalio miestelyje, tre\u010diame auk\u0161te i\u0161 penki\u0173"}]},{"@type":"WebSite","@id":"https:\/\/www.namude.lt\/#website","url":"https:\/\/www.namude.lt\/","name":"Namud\u0117","description":"\u201eNamud\u0117\u201c \u2013 agent\u016bra, pardavin\u0117janti Auk\u0161taitijos NT grynuolius.","publisher":{"@id":"https:\/\/www.namude.lt\/#organization"},"potentialAction":[{"@type":"SearchAction","target":{"@type":"EntryPoint","urlTemplate":"https:\/\/www.namude.lt\/?s={search_term_string}"},"query-input":{"@type":"PropertyValueSpecification","valueRequired":true,"valueName":"search_term_string"}}],"inLanguage":"ru-RU"},{"@type":"Organization","@id":"https:\/\/www.namude.lt\/#organization","name":"Namud\u0117","url":"https:\/\/www.namude.lt\/","logo":{"@type":"ImageObject","inLanguage":"ru-RU","@id":"https:\/\/www.namude.lt\/#\/schema\/logo\/image\/","url":"https:\/\/www.namude.lt\/wp-content\/uploads\/2023\/11\/logo-symbol.svg","contentUrl":"https:\/\/www.namude.lt\/wp-content\/uploads\/2023\/11\/logo-symbol.svg","width":1,"height":1,"caption":"Namud\u0117"},"image":{"@id":"https:\/\/www.namude.lt\/#\/schema\/logo\/image\/"}}]}},"_links":{"self":[{"href":"https:\/\/www.namude.lt\/ru\/wp-json\/wp\/v2\/product\/24098","targetHints":{"allow":["GET"]}}],"collection":[{"href":"https:\/\/www.namude.lt\/ru\/wp-json\/wp\/v2\/product"}],"about":[{"href":"https:\/\/www.namude.lt\/ru\/wp-json\/wp\/v2\/types\/product"}],"wp:featuredmedia":[{"embeddable":true,"href":"https:\/\/www.namude.lt\/ru\/wp-json\/wp\/v2\/media\/25726"}],"wp:attachment":[{"href":"https:\/\/www.namude.lt\/ru\/wp-json\/wp\/v2\/media?parent=24098"}],"wp:term":[{"taxonomy":"product_brand","embeddable":true,"href":"https:\/\/www.namude.lt\/ru\/wp-json\/wp\/v2\/product_brand?post=24098"},{"taxonomy":"product_cat","embeddable":true,"href":"https:\/\/www.namude.lt\/ru\/wp-json\/wp\/v2\/product_cat?post=24098"},{"taxonomy":"product_tag","embeddable":true,"href":"https:\/\/www.namude.lt\/ru\/wp-json\/wp\/v2\/product_tag?post=24098"}],"curies":[{"name":"wp","href":"https:\/\/api.w.org\/{rel}","templated":true}]}}