{"id":23937,"date":"2025-11-25T16:51:11","date_gmt":"2025-11-25T14:51:11","guid":{"rendered":"https:\/\/www.namude.lt\/?post_type=product&#038;p=23937"},"modified":"2026-04-21T10:35:26","modified_gmt":"2026-04-21T07:35:26","slug":"parduodama-sodyba-su-10-ha-zemes-prie-gudiskiu-misko-salako-seniunijoje-zarasu-rajone","status":"publish","type":"product","link":"https:\/\/www.namude.lt\/ru\/\u043e\u0431\u044a\u0435\u043a\u0442\/parduodama-sodyba-su-10-ha-zemes-prie-gudiskiu-misko-salako-seniunijoje-zarasu-rajone\/","title":{"rendered":"Parduodama sodyba su 10 ha \u017eem\u0117s prie Gudi\u0161ki\u0173 mi\u0161ko, Salako seni\u016bnijoje, Zaras\u0173 rajone"},"content":{"rendered":"","protected":false},"excerpt":{"rendered":"<p>Parduodama r\u0105stin\u0117 sodyba su vaizdingu ir kalvotu 10 hektar\u0173 \u017eem\u0117s sklypu Gud\u0117ni\u0161ki\u0173 kaime, Salako seni\u016bnijoje, Zaras\u0173 rajone prie Gudi\u0161ki\u0173 mi\u0161ko. Tai puiki galimyb\u0117 \u012fsigyti didel\u012f, gamtos apsuptyje esant\u012f sklyp\u0105 \u2013  poilsiui, \u016bkininkavimui ar kitai veiklai. Aplinkui \u2013 mi\u0161kingos apylink\u0117s ir vyraujantis nat\u016bralus kalvotas kra\u0161tovaizdis, kuris suteikia erdv\u0117s realizuoti savo vizij\u0105.<br \/>\nNetoliese rasite \u0161iuos lankytinus objektus:<br \/>\n&#8212;\tGra\u017eut\u0117s regioninis parkas \u2013 tai didelis saugomas gamtos plotas su mi\u0161kingomis kalvomis, up\u0117mis ir e\u017eerais.<br \/>\n&#8212;\tE\u017eeras Luodis \u2013 vienas did\u017eiausi\u0173 Zaras\u0173 rajono e\u017eer\u0173, kur galima d\u017eiaugtis \u017evejyba, laisvalaikiu prie vandens ir gra\u017ei\u0173 pakran\u010di\u0173 panoram\u0173.<br \/>\n&#8212;\tAntaliept\u0117s \u012flankos \u2013 sukurti \u012fsp\u016bdingi vanden\u0173 vandenys su vingiuotomis pakrant\u0117mis ir salomis.<br \/>\n&#8212;\tSalako miestelis \u2013 pats miestelis ir jo apylink\u0117s (Salako senov\u0117s dalis) si\u016blo autenti\u0161k\u0105 Auk\u0161taitijos kaimo atmosfer\u0105.<br \/>\nPRIVALUMAI:<br \/>\n\u2013 R\u0105stinis gyvenamasis namas 84kv.m.( 3 kambariai, virtuv\u0117, tualetas su du\u0161o kabina)<br \/>\n\u2013 Registruoti \u016bkiniai pastatai- dar\u017ein\u0117, 2 tvartai, klojimas, kalv\u0117, pirtis, malkin\u0117, sand\u0117lis, viralin\u0117, \u0161ulinys;<br \/>\n\u2013 \u017dem\u0117s sklypo plotas \u2013 10 ha, i\u0161 j\u0173 1,5 ha mi\u0161ko, yra 2 ma\u017ei tvenkiniai;<br \/>\n\u2013 \u0160ildymas krosninis;<br \/>\n\u2013 Didelis ir gausus  obel\u0173 sodas;<br \/>\n\u2013 Patogus priva\u017eiavimas, atstumai iki Salako 5 km, Degu\u010di\u0173 16km, Ignalinos 29km,  Zaras\u0173 ir Visagino 31km, Utenos 43km, Roki\u0161kis 76 km, Vilniaus 139km, Panev\u0117\u017eio 142km, Kauno 178km.<\/p>\n","protected":false},"featured_media":26573,"template":"","meta":{"_acf_changed":false},"product_brand":[],"product_cat":[23],"product_tag":[],"class_list":{"0":"post-23937","1":"product","2":"type-product","3":"status-publish","4":"has-post-thumbnail","6":"product_cat-sodybos","7":"pa_rajonas-zarasu-rajonas","8":"description-off","10":"first","11":"instock","12":"shipping-taxable","13":"purchasable","14":"product-type-simple"},"acf":[],"yoast_head":"<!-- This site is optimized with the Yoast SEO plugin v27.4 - https:\/\/yoast.com\/product\/yoast-seo-wordpress\/ -->\n<title>Parduodama sodyba su 10 ha \u017eem\u0117s prie Gudi\u0161ki\u0173 mi\u0161ko, Salako seni\u016bnijoje, Zaras\u0173 rajone - Namud\u0117<\/title>\n<meta name=\"robots\" content=\"index, follow, max-snippet:-1, max-image-preview:large, max-video-preview:-1\" \/>\n<link rel=\"canonical\" href=\"https:\/\/www.namude.lt\/objektas\/parduodama-sodyba-su-10-ha-zemes-prie-gudiskiu-misko-salako-seniunijoje-zarasu-rajone\/\" \/>\n<meta property=\"og:locale\" content=\"ru_RU\" \/>\n<meta property=\"og:type\" content=\"article\" \/>\n<meta property=\"og:title\" content=\"Parduodama sodyba su 10 ha \u017eem\u0117s prie Gudi\u0161ki\u0173 mi\u0161ko, Salako seni\u016bnijoje, Zaras\u0173 rajone - Namud\u0117\" \/>\n<meta property=\"og:description\" content=\"Parduodama r\u0105stin\u0117 sodyba su vaizdingu ir kalvotu 10 hektar\u0173 \u017eem\u0117s sklypu Gud\u0117ni\u0161ki\u0173 kaime, Salako seni\u016bnijoje, Zaras\u0173 rajone prie Gudi\u0161ki\u0173 mi\u0161ko. Tai puiki galimyb\u0117 \u012fsigyti didel\u012f, gamtos apsuptyje esant\u012f sklyp\u0105 \u2013 poilsiui, \u016bkininkavimui ar kitai veiklai. Aplinkui \u2013 mi\u0161kingos apylink\u0117s ir vyraujantis nat\u016bralus kalvotas kra\u0161tovaizdis, kuris suteikia erdv\u0117s realizuoti savo vizij\u0105. Netoliese rasite \u0161iuos lankytinus objektus: - Gra\u017eut\u0117s regioninis parkas \u2013 tai didelis saugomas gamtos plotas su mi\u0161kingomis kalvomis, up\u0117mis ir e\u017eerais.  - E\u017eeras Luodis \u2013 vienas did\u017eiausi\u0173 Zaras\u0173 rajono e\u017eer\u0173, kur galima d\u017eiaugtis \u017evejyba, laisvalaikiu prie vandens ir gra\u017ei\u0173 pakran\u010di\u0173 panoram\u0173. - Antaliept\u0117s \u012flankos \u2013 sukurti \u012fsp\u016bdingi vanden\u0173 vandenys su vingiuotomis pakrant\u0117mis ir salomis. - Salako miestelis \u2013 pats miestelis ir jo apylink\u0117s (Salako senov\u0117s dalis) si\u016blo autenti\u0161k\u0105 Auk\u0161taitijos kaimo atmosfer\u0105. PRIVALUMAI: \u2013 R\u0105stinis gyvenamasis namas 84kv.m.( 3 kambariai, virtuv\u0117, tualetas su du\u0161o kabina) \u2013 Registruoti \u016bkiniai pastatai- dar\u017ein\u0117, 2 tvartai, klojimas, kalv\u0117, pirtis, malkin\u0117, sand\u0117lis, viralin\u0117, \u0161ulinys; \u2013 \u017dem\u0117s sklypo plotas \u2013 10 ha, i\u0161 j\u0173 1,5 ha mi\u0161ko, yra 2 ma\u017ei tvenkiniai; \u2013 \u0160ildymas krosninis; \u2013 Didelis ir gausus obel\u0173 sodas; \u2013 Patogus priva\u017eiavimas, atstumai iki Salako 5 km, Degu\u010di\u0173 16km, Ignalinos 29km, Zaras\u0173 ir Visagino 31km, Utenos 43km, Roki\u0161kis 76 km, Vilniaus 139km, Panev\u0117\u017eio 142km, Kauno 178km.\" \/>\n<meta property=\"og:url\" content=\"https:\/\/www.namude.lt\/objektas\/parduodama-sodyba-su-10-ha-zemes-prie-gudiskiu-misko-salako-seniunijoje-zarasu-rajone\/\" \/>\n<meta property=\"og:site_name\" content=\"Namud\u0117\" \/>\n<meta property=\"article:modified_time\" content=\"2026-04-21T07:35:26+00:00\" \/>\n<meta property=\"og:image\" content=\"https:\/\/www.namude.lt\/wp-content\/uploads\/2025\/11\/1-13.jpg\" \/>\n\t<meta property=\"og:image:width\" content=\"2400\" \/>\n\t<meta property=\"og:image:height\" content=\"1800\" \/>\n\t<meta property=\"og:image:type\" content=\"image\/jpeg\" \/>\n<meta name=\"twitter:card\" content=\"summary_large_image\" \/>\n<script type=\"application\/ld+json\" class=\"yoast-schema-graph\">{\"@context\":\"https:\\\/\\\/schema.org\",\"@graph\":[{\"@type\":\"WebPage\",\"@id\":\"https:\\\/\\\/www.namude.lt\\\/objektas\\\/parduodama-sodyba-su-10-ha-zemes-prie-gudiskiu-misko-salako-seniunijoje-zarasu-rajone\\\/\",\"url\":\"https:\\\/\\\/www.namude.lt\\\/objektas\\\/parduodama-sodyba-su-10-ha-zemes-prie-gudiskiu-misko-salako-seniunijoje-zarasu-rajone\\\/\",\"name\":\"Parduodama sodyba su 10 ha \u017eem\u0117s prie Gudi\u0161ki\u0173 mi\u0161ko, Salako seni\u016bnijoje, Zaras\u0173 rajone - Namud\u0117\",\"isPartOf\":{\"@id\":\"https:\\\/\\\/www.namude.lt\\\/#website\"},\"primaryImageOfPage\":{\"@id\":\"https:\\\/\\\/www.namude.lt\\\/objektas\\\/parduodama-sodyba-su-10-ha-zemes-prie-gudiskiu-misko-salako-seniunijoje-zarasu-rajone\\\/#primaryimage\"},\"image\":{\"@id\":\"https:\\\/\\\/www.namude.lt\\\/objektas\\\/parduodama-sodyba-su-10-ha-zemes-prie-gudiskiu-misko-salako-seniunijoje-zarasu-rajone\\\/#primaryimage\"},\"thumbnailUrl\":\"https:\\\/\\\/www.namude.lt\\\/wp-content\\\/uploads\\\/2025\\\/11\\\/1-13.jpg\",\"datePublished\":\"2025-11-25T14:51:11+00:00\",\"dateModified\":\"2026-04-21T07:35:26+00:00\",\"breadcrumb\":{\"@id\":\"https:\\\/\\\/www.namude.lt\\\/objektas\\\/parduodama-sodyba-su-10-ha-zemes-prie-gudiskiu-misko-salako-seniunijoje-zarasu-rajone\\\/#breadcrumb\"},\"inLanguage\":\"ru-RU\",\"potentialAction\":[{\"@type\":\"ReadAction\",\"target\":[\"https:\\\/\\\/www.namude.lt\\\/objektas\\\/parduodama-sodyba-su-10-ha-zemes-prie-gudiskiu-misko-salako-seniunijoje-zarasu-rajone\\\/\"]}]},{\"@type\":\"ImageObject\",\"inLanguage\":\"ru-RU\",\"@id\":\"https:\\\/\\\/www.namude.lt\\\/objektas\\\/parduodama-sodyba-su-10-ha-zemes-prie-gudiskiu-misko-salako-seniunijoje-zarasu-rajone\\\/#primaryimage\",\"url\":\"https:\\\/\\\/www.namude.lt\\\/wp-content\\\/uploads\\\/2025\\\/11\\\/1-13.jpg\",\"contentUrl\":\"https:\\\/\\\/www.namude.lt\\\/wp-content\\\/uploads\\\/2025\\\/11\\\/1-13.jpg\",\"width\":2400,\"height\":1800},{\"@type\":\"BreadcrumbList\",\"@id\":\"https:\\\/\\\/www.namude.lt\\\/objektas\\\/parduodama-sodyba-su-10-ha-zemes-prie-gudiskiu-misko-salako-seniunijoje-zarasu-rajone\\\/#breadcrumb\",\"itemListElement\":[{\"@type\":\"ListItem\",\"position\":1,\"name\":\"Home\",\"item\":\"https:\\\/\\\/www.namude.lt\\\/ru\\\/\"},{\"@type\":\"ListItem\",\"position\":2,\"name\":\"\u041e\u0431\u044a\u0435\u043a\u0442\u044b\",\"item\":\"https:\\\/\\\/www.namude.lt\\\/ru\\\/%d0%be%d0%b1%d1%8a%d0%b5%d0%ba%d1%82%d1%8b\\\/\"},{\"@type\":\"ListItem\",\"position\":3,\"name\":\"Parduodama sodyba su 10 ha \u017eem\u0117s prie Gudi\u0161ki\u0173 mi\u0161ko, Salako seni\u016bnijoje, Zaras\u0173 rajone\"}]},{\"@type\":\"WebSite\",\"@id\":\"https:\\\/\\\/www.namude.lt\\\/#website\",\"url\":\"https:\\\/\\\/www.namude.lt\\\/\",\"name\":\"Namud\u0117\",\"description\":\"\u201eNamud\u0117\u201c \u2013 agent\u016bra, pardavin\u0117janti Auk\u0161taitijos NT grynuolius.\",\"publisher\":{\"@id\":\"https:\\\/\\\/www.namude.lt\\\/#organization\"},\"potentialAction\":[{\"@type\":\"SearchAction\",\"target\":{\"@type\":\"EntryPoint\",\"urlTemplate\":\"https:\\\/\\\/www.namude.lt\\\/?s={search_term_string}\"},\"query-input\":{\"@type\":\"PropertyValueSpecification\",\"valueRequired\":true,\"valueName\":\"search_term_string\"}}],\"inLanguage\":\"ru-RU\"},{\"@type\":\"Organization\",\"@id\":\"https:\\\/\\\/www.namude.lt\\\/#organization\",\"name\":\"Namud\u0117\",\"url\":\"https:\\\/\\\/www.namude.lt\\\/\",\"logo\":{\"@type\":\"ImageObject\",\"inLanguage\":\"ru-RU\",\"@id\":\"https:\\\/\\\/www.namude.lt\\\/#\\\/schema\\\/logo\\\/image\\\/\",\"url\":\"https:\\\/\\\/www.namude.lt\\\/wp-content\\\/uploads\\\/2023\\\/11\\\/logo-symbol.svg\",\"contentUrl\":\"https:\\\/\\\/www.namude.lt\\\/wp-content\\\/uploads\\\/2023\\\/11\\\/logo-symbol.svg\",\"width\":1,\"height\":1,\"caption\":\"Namud\u0117\"},\"image\":{\"@id\":\"https:\\\/\\\/www.namude.lt\\\/#\\\/schema\\\/logo\\\/image\\\/\"}}]}<\/script>\n<!-- \/ Yoast SEO plugin. -->","yoast_head_json":{"title":"Parduodama sodyba su 10 ha \u017eem\u0117s prie Gudi\u0161ki\u0173 mi\u0161ko, Salako seni\u016bnijoje, Zaras\u0173 rajone - Namud\u0117","robots":{"index":"index","follow":"follow","max-snippet":"max-snippet:-1","max-image-preview":"max-image-preview:large","max-video-preview":"max-video-preview:-1"},"canonical":"https:\/\/www.namude.lt\/objektas\/parduodama-sodyba-su-10-ha-zemes-prie-gudiskiu-misko-salako-seniunijoje-zarasu-rajone\/","og_locale":"ru_RU","og_type":"article","og_title":"Parduodama sodyba su 10 ha \u017eem\u0117s prie Gudi\u0161ki\u0173 mi\u0161ko, Salako seni\u016bnijoje, Zaras\u0173 rajone - Namud\u0117","og_description":"Parduodama r\u0105stin\u0117 sodyba su vaizdingu ir kalvotu 10 hektar\u0173 \u017eem\u0117s sklypu Gud\u0117ni\u0161ki\u0173 kaime, Salako seni\u016bnijoje, Zaras\u0173 rajone prie Gudi\u0161ki\u0173 mi\u0161ko. Tai puiki galimyb\u0117 \u012fsigyti didel\u012f, gamtos apsuptyje esant\u012f sklyp\u0105 \u2013 poilsiui, \u016bkininkavimui ar kitai veiklai. Aplinkui \u2013 mi\u0161kingos apylink\u0117s ir vyraujantis nat\u016bralus kalvotas kra\u0161tovaizdis, kuris suteikia erdv\u0117s realizuoti savo vizij\u0105. Netoliese rasite \u0161iuos lankytinus objektus: - Gra\u017eut\u0117s regioninis parkas \u2013 tai didelis saugomas gamtos plotas su mi\u0161kingomis kalvomis, up\u0117mis ir e\u017eerais.  - E\u017eeras Luodis \u2013 vienas did\u017eiausi\u0173 Zaras\u0173 rajono e\u017eer\u0173, kur galima d\u017eiaugtis \u017evejyba, laisvalaikiu prie vandens ir gra\u017ei\u0173 pakran\u010di\u0173 panoram\u0173. - Antaliept\u0117s \u012flankos \u2013 sukurti \u012fsp\u016bdingi vanden\u0173 vandenys su vingiuotomis pakrant\u0117mis ir salomis. - Salako miestelis \u2013 pats miestelis ir jo apylink\u0117s (Salako senov\u0117s dalis) si\u016blo autenti\u0161k\u0105 Auk\u0161taitijos kaimo atmosfer\u0105. PRIVALUMAI: \u2013 R\u0105stinis gyvenamasis namas 84kv.m.( 3 kambariai, virtuv\u0117, tualetas su du\u0161o kabina) \u2013 Registruoti \u016bkiniai pastatai- dar\u017ein\u0117, 2 tvartai, klojimas, kalv\u0117, pirtis, malkin\u0117, sand\u0117lis, viralin\u0117, \u0161ulinys; \u2013 \u017dem\u0117s sklypo plotas \u2013 10 ha, i\u0161 j\u0173 1,5 ha mi\u0161ko, yra 2 ma\u017ei tvenkiniai; \u2013 \u0160ildymas krosninis; \u2013 Didelis ir gausus obel\u0173 sodas; \u2013 Patogus priva\u017eiavimas, atstumai iki Salako 5 km, Degu\u010di\u0173 16km, Ignalinos 29km, Zaras\u0173 ir Visagino 31km, Utenos 43km, Roki\u0161kis 76 km, Vilniaus 139km, Panev\u0117\u017eio 142km, Kauno 178km.","og_url":"https:\/\/www.namude.lt\/objektas\/parduodama-sodyba-su-10-ha-zemes-prie-gudiskiu-misko-salako-seniunijoje-zarasu-rajone\/","og_site_name":"Namud\u0117","article_modified_time":"2026-04-21T07:35:26+00:00","og_image":[{"width":2400,"height":1800,"url":"https:\/\/www.namude.lt\/wp-content\/uploads\/2025\/11\/1-13.jpg","type":"image\/jpeg"}],"twitter_card":"summary_large_image","schema":{"@context":"https:\/\/schema.org","@graph":[{"@type":"WebPage","@id":"https:\/\/www.namude.lt\/objektas\/parduodama-sodyba-su-10-ha-zemes-prie-gudiskiu-misko-salako-seniunijoje-zarasu-rajone\/","url":"https:\/\/www.namude.lt\/objektas\/parduodama-sodyba-su-10-ha-zemes-prie-gudiskiu-misko-salako-seniunijoje-zarasu-rajone\/","name":"Parduodama sodyba su 10 ha \u017eem\u0117s prie Gudi\u0161ki\u0173 mi\u0161ko, Salako seni\u016bnijoje, Zaras\u0173 rajone - Namud\u0117","isPartOf":{"@id":"https:\/\/www.namude.lt\/#website"},"primaryImageOfPage":{"@id":"https:\/\/www.namude.lt\/objektas\/parduodama-sodyba-su-10-ha-zemes-prie-gudiskiu-misko-salako-seniunijoje-zarasu-rajone\/#primaryimage"},"image":{"@id":"https:\/\/www.namude.lt\/objektas\/parduodama-sodyba-su-10-ha-zemes-prie-gudiskiu-misko-salako-seniunijoje-zarasu-rajone\/#primaryimage"},"thumbnailUrl":"https:\/\/www.namude.lt\/wp-content\/uploads\/2025\/11\/1-13.jpg","datePublished":"2025-11-25T14:51:11+00:00","dateModified":"2026-04-21T07:35:26+00:00","breadcrumb":{"@id":"https:\/\/www.namude.lt\/objektas\/parduodama-sodyba-su-10-ha-zemes-prie-gudiskiu-misko-salako-seniunijoje-zarasu-rajone\/#breadcrumb"},"inLanguage":"ru-RU","potentialAction":[{"@type":"ReadAction","target":["https:\/\/www.namude.lt\/objektas\/parduodama-sodyba-su-10-ha-zemes-prie-gudiskiu-misko-salako-seniunijoje-zarasu-rajone\/"]}]},{"@type":"ImageObject","inLanguage":"ru-RU","@id":"https:\/\/www.namude.lt\/objektas\/parduodama-sodyba-su-10-ha-zemes-prie-gudiskiu-misko-salako-seniunijoje-zarasu-rajone\/#primaryimage","url":"https:\/\/www.namude.lt\/wp-content\/uploads\/2025\/11\/1-13.jpg","contentUrl":"https:\/\/www.namude.lt\/wp-content\/uploads\/2025\/11\/1-13.jpg","width":2400,"height":1800},{"@type":"BreadcrumbList","@id":"https:\/\/www.namude.lt\/objektas\/parduodama-sodyba-su-10-ha-zemes-prie-gudiskiu-misko-salako-seniunijoje-zarasu-rajone\/#breadcrumb","itemListElement":[{"@type":"ListItem","position":1,"name":"Home","item":"https:\/\/www.namude.lt\/ru\/"},{"@type":"ListItem","position":2,"name":"\u041e\u0431\u044a\u0435\u043a\u0442\u044b","item":"https:\/\/www.namude.lt\/ru\/%d0%be%d0%b1%d1%8a%d0%b5%d0%ba%d1%82%d1%8b\/"},{"@type":"ListItem","position":3,"name":"Parduodama sodyba su 10 ha \u017eem\u0117s prie Gudi\u0161ki\u0173 mi\u0161ko, Salako seni\u016bnijoje, Zaras\u0173 rajone"}]},{"@type":"WebSite","@id":"https:\/\/www.namude.lt\/#website","url":"https:\/\/www.namude.lt\/","name":"Namud\u0117","description":"\u201eNamud\u0117\u201c \u2013 agent\u016bra, pardavin\u0117janti Auk\u0161taitijos NT grynuolius.","publisher":{"@id":"https:\/\/www.namude.lt\/#organization"},"potentialAction":[{"@type":"SearchAction","target":{"@type":"EntryPoint","urlTemplate":"https:\/\/www.namude.lt\/?s={search_term_string}"},"query-input":{"@type":"PropertyValueSpecification","valueRequired":true,"valueName":"search_term_string"}}],"inLanguage":"ru-RU"},{"@type":"Organization","@id":"https:\/\/www.namude.lt\/#organization","name":"Namud\u0117","url":"https:\/\/www.namude.lt\/","logo":{"@type":"ImageObject","inLanguage":"ru-RU","@id":"https:\/\/www.namude.lt\/#\/schema\/logo\/image\/","url":"https:\/\/www.namude.lt\/wp-content\/uploads\/2023\/11\/logo-symbol.svg","contentUrl":"https:\/\/www.namude.lt\/wp-content\/uploads\/2023\/11\/logo-symbol.svg","width":1,"height":1,"caption":"Namud\u0117"},"image":{"@id":"https:\/\/www.namude.lt\/#\/schema\/logo\/image\/"}}]}},"_links":{"self":[{"href":"https:\/\/www.namude.lt\/ru\/wp-json\/wp\/v2\/product\/23937","targetHints":{"allow":["GET"]}}],"collection":[{"href":"https:\/\/www.namude.lt\/ru\/wp-json\/wp\/v2\/product"}],"about":[{"href":"https:\/\/www.namude.lt\/ru\/wp-json\/wp\/v2\/types\/product"}],"wp:featuredmedia":[{"embeddable":true,"href":"https:\/\/www.namude.lt\/ru\/wp-json\/wp\/v2\/media\/26573"}],"wp:attachment":[{"href":"https:\/\/www.namude.lt\/ru\/wp-json\/wp\/v2\/media?parent=23937"}],"wp:term":[{"taxonomy":"product_brand","embeddable":true,"href":"https:\/\/www.namude.lt\/ru\/wp-json\/wp\/v2\/product_brand?post=23937"},{"taxonomy":"product_cat","embeddable":true,"href":"https:\/\/www.namude.lt\/ru\/wp-json\/wp\/v2\/product_cat?post=23937"},{"taxonomy":"product_tag","embeddable":true,"href":"https:\/\/www.namude.lt\/ru\/wp-json\/wp\/v2\/product_tag?post=23937"}],"curies":[{"name":"wp","href":"https:\/\/api.w.org\/{rel}","templated":true}]}}