{"id":23921,"date":"2025-11-25T10:55:00","date_gmt":"2025-11-25T08:55:00","guid":{"rendered":"https:\/\/www.namude.lt\/?post_type=product&#038;p=23921"},"modified":"2025-11-25T10:55:00","modified_gmt":"2025-11-25T08:55:00","slug":"parduodamas-65-aru-namu-valdos-sklypas-prie-misko-moletu-rajone","status":"publish","type":"product","link":"https:\/\/www.namude.lt\/ru\/\u043e\u0431\u044a\u0435\u043a\u0442\/parduodamas-65-aru-namu-valdos-sklypas-prie-misko-moletu-rajone\/","title":{"rendered":"Parduodamas 65 ar\u0173 nam\u0173 valdos sklypas prie mi\u0161ko, Mol\u0117t\u0173 rajone"},"content":{"rendered":"","protected":false},"excerpt":{"rendered":"<p>\u0160is erdvus 65 ar\u0173 sklypas \u012fsik\u016br\u0119s Aidie\u010di\u0173 kaime, Mol\u0117t\u0173 rajone (\u010ciul\u0117n\u0173 seni\u016bnija), \u2013 puiki investicija tiek gyvenimui, tiek rekreacijai. Sklypas yra patogioje vietoje \u0161alia mi\u0161ko Skerdimai, kuriame vyrauja pu\u0161ynai ir eglynai. Netoliese \u2013 nuostab\u016bs e\u017eerai, suteikiantys vietovei ypating\u0105 vert\u0119, e\u017eerai: Grau\u017eis, Skrablys, \u017delva, Virintai, Gilu\u017eis ir kiti.<br \/>\nPuikus priva\u017eiavimas visais met\u0173 laikais. Atstumai iki Lietuvos etnokosmologijos muziejaus 2,65km, Mol\u0117tai 11km, Utena 26km, Anyk\u0161\u010diai 52km, Ukmerg\u0117 55km, \u0160irvintos 57km, Vilnius 72km, Panev\u0117\u017eys 118km, Kaunas 125km.<\/p>\n","protected":false},"featured_media":23922,"template":"","meta":{"_acf_changed":false},"product_brand":[],"product_cat":[24],"product_tag":[],"class_list":{"0":"post-23921","1":"product","2":"type-product","3":"status-publish","4":"has-post-thumbnail","6":"product_cat-sklypai","7":"pa_rajonas-moletu-rajonas","8":"description-off","10":"first","11":"instock","12":"shipping-taxable","13":"purchasable","14":"product-type-simple"},"acf":[],"yoast_head":"<!-- This site is optimized with the Yoast SEO plugin v27.0 - https:\/\/yoast.com\/product\/yoast-seo-wordpress\/ -->\n<title>Parduodamas 65 ar\u0173 nam\u0173 valdos sklypas prie mi\u0161ko, Mol\u0117t\u0173 rajone - Namud\u0117<\/title>\n<meta name=\"robots\" content=\"index, follow, max-snippet:-1, max-image-preview:large, max-video-preview:-1\" \/>\n<link rel=\"canonical\" href=\"https:\/\/www.namude.lt\/objektas\/parduodamas-65-aru-namu-valdos-sklypas-prie-misko-moletu-rajone\/\" \/>\n<meta property=\"og:locale\" content=\"ru_RU\" \/>\n<meta property=\"og:type\" content=\"article\" \/>\n<meta property=\"og:title\" content=\"Parduodamas 65 ar\u0173 nam\u0173 valdos sklypas prie mi\u0161ko, Mol\u0117t\u0173 rajone - Namud\u0117\" \/>\n<meta property=\"og:description\" content=\"\u0160is erdvus 65 ar\u0173 sklypas \u012fsik\u016br\u0119s Aidie\u010di\u0173 kaime, Mol\u0117t\u0173 rajone (\u010ciul\u0117n\u0173 seni\u016bnija), \u2013 puiki investicija tiek gyvenimui, tiek rekreacijai. Sklypas yra patogioje vietoje \u0161alia mi\u0161ko Skerdimai, kuriame vyrauja pu\u0161ynai ir eglynai. Netoliese \u2013 nuostab\u016bs e\u017eerai, suteikiantys vietovei ypating\u0105 vert\u0119, e\u017eerai: Grau\u017eis, Skrablys, \u017delva, Virintai, Gilu\u017eis ir kiti. Puikus priva\u017eiavimas visais met\u0173 laikais. Atstumai iki Lietuvos etnokosmologijos muziejaus 2,65km, Mol\u0117tai 11km, Utena 26km, Anyk\u0161\u010diai 52km, Ukmerg\u0117 55km, \u0160irvintos 57km, Vilnius 72km, Panev\u0117\u017eys 118km, Kaunas 125km.\" \/>\n<meta property=\"og:url\" content=\"https:\/\/www.namude.lt\/objektas\/parduodamas-65-aru-namu-valdos-sklypas-prie-misko-moletu-rajone\/\" \/>\n<meta property=\"og:site_name\" content=\"Namud\u0117\" \/>\n<meta property=\"og:image\" content=\"https:\/\/www.namude.lt\/wp-content\/uploads\/2025\/11\/Utena-Moletai.jpg\" \/>\n\t<meta property=\"og:image:width\" content=\"1920\" \/>\n\t<meta property=\"og:image:height\" content=\"1080\" \/>\n\t<meta property=\"og:image:type\" content=\"image\/jpeg\" \/>\n<meta name=\"twitter:card\" content=\"summary_large_image\" \/>\n<script type=\"application\/ld+json\" class=\"yoast-schema-graph\">{\"@context\":\"https:\/\/schema.org\",\"@graph\":[{\"@type\":\"WebPage\",\"@id\":\"https:\/\/www.namude.lt\/objektas\/parduodamas-65-aru-namu-valdos-sklypas-prie-misko-moletu-rajone\/\",\"url\":\"https:\/\/www.namude.lt\/objektas\/parduodamas-65-aru-namu-valdos-sklypas-prie-misko-moletu-rajone\/\",\"name\":\"Parduodamas 65 ar\u0173 nam\u0173 valdos sklypas prie mi\u0161ko, Mol\u0117t\u0173 rajone - Namud\u0117\",\"isPartOf\":{\"@id\":\"https:\/\/www.namude.lt\/#website\"},\"primaryImageOfPage\":{\"@id\":\"https:\/\/www.namude.lt\/objektas\/parduodamas-65-aru-namu-valdos-sklypas-prie-misko-moletu-rajone\/#primaryimage\"},\"image\":{\"@id\":\"https:\/\/www.namude.lt\/objektas\/parduodamas-65-aru-namu-valdos-sklypas-prie-misko-moletu-rajone\/#primaryimage\"},\"thumbnailUrl\":\"https:\/\/www.namude.lt\/wp-content\/uploads\/2025\/11\/Utena-Moletai.jpg\",\"datePublished\":\"2025-11-25T08:55:00+00:00\",\"breadcrumb\":{\"@id\":\"https:\/\/www.namude.lt\/objektas\/parduodamas-65-aru-namu-valdos-sklypas-prie-misko-moletu-rajone\/#breadcrumb\"},\"inLanguage\":\"ru-RU\",\"potentialAction\":[{\"@type\":\"ReadAction\",\"target\":[\"https:\/\/www.namude.lt\/objektas\/parduodamas-65-aru-namu-valdos-sklypas-prie-misko-moletu-rajone\/\"]}]},{\"@type\":\"ImageObject\",\"inLanguage\":\"ru-RU\",\"@id\":\"https:\/\/www.namude.lt\/objektas\/parduodamas-65-aru-namu-valdos-sklypas-prie-misko-moletu-rajone\/#primaryimage\",\"url\":\"https:\/\/www.namude.lt\/wp-content\/uploads\/2025\/11\/Utena-Moletai.jpg\",\"contentUrl\":\"https:\/\/www.namude.lt\/wp-content\/uploads\/2025\/11\/Utena-Moletai.jpg\",\"width\":1920,\"height\":1080},{\"@type\":\"BreadcrumbList\",\"@id\":\"https:\/\/www.namude.lt\/objektas\/parduodamas-65-aru-namu-valdos-sklypas-prie-misko-moletu-rajone\/#breadcrumb\",\"itemListElement\":[{\"@type\":\"ListItem\",\"position\":1,\"name\":\"Home\",\"item\":\"https:\/\/www.namude.lt\/ru\/\"},{\"@type\":\"ListItem\",\"position\":2,\"name\":\"\u041e\u0431\u044a\u0435\u043a\u0442\u044b\",\"item\":\"https:\/\/www.namude.lt\/ru\/%d0%be%d0%b1%d1%8a%d0%b5%d0%ba%d1%82%d1%8b\/\"},{\"@type\":\"ListItem\",\"position\":3,\"name\":\"Parduodamas 65 ar\u0173 nam\u0173 valdos sklypas prie mi\u0161ko, Mol\u0117t\u0173 rajone\"}]},{\"@type\":\"WebSite\",\"@id\":\"https:\/\/www.namude.lt\/#website\",\"url\":\"https:\/\/www.namude.lt\/\",\"name\":\"Namud\u0117\",\"description\":\"\u201eNamud\u0117\u201c \u2013 agent\u016bra, pardavin\u0117janti Auk\u0161taitijos NT grynuolius.\",\"publisher\":{\"@id\":\"https:\/\/www.namude.lt\/#organization\"},\"potentialAction\":[{\"@type\":\"SearchAction\",\"target\":{\"@type\":\"EntryPoint\",\"urlTemplate\":\"https:\/\/www.namude.lt\/?s={search_term_string}\"},\"query-input\":{\"@type\":\"PropertyValueSpecification\",\"valueRequired\":true,\"valueName\":\"search_term_string\"}}],\"inLanguage\":\"ru-RU\"},{\"@type\":\"Organization\",\"@id\":\"https:\/\/www.namude.lt\/#organization\",\"name\":\"Namud\u0117\",\"url\":\"https:\/\/www.namude.lt\/\",\"logo\":{\"@type\":\"ImageObject\",\"inLanguage\":\"ru-RU\",\"@id\":\"https:\/\/www.namude.lt\/#\/schema\/logo\/image\/\",\"url\":\"https:\/\/www.namude.lt\/wp-content\/uploads\/2023\/11\/logo-symbol.svg\",\"contentUrl\":\"https:\/\/www.namude.lt\/wp-content\/uploads\/2023\/11\/logo-symbol.svg\",\"width\":1,\"height\":1,\"caption\":\"Namud\u0117\"},\"image\":{\"@id\":\"https:\/\/www.namude.lt\/#\/schema\/logo\/image\/\"}}]}<\/script>\n<!-- \/ Yoast SEO plugin. -->","yoast_head_json":{"title":"Parduodamas 65 ar\u0173 nam\u0173 valdos sklypas prie mi\u0161ko, Mol\u0117t\u0173 rajone - Namud\u0117","robots":{"index":"index","follow":"follow","max-snippet":"max-snippet:-1","max-image-preview":"max-image-preview:large","max-video-preview":"max-video-preview:-1"},"canonical":"https:\/\/www.namude.lt\/objektas\/parduodamas-65-aru-namu-valdos-sklypas-prie-misko-moletu-rajone\/","og_locale":"ru_RU","og_type":"article","og_title":"Parduodamas 65 ar\u0173 nam\u0173 valdos sklypas prie mi\u0161ko, Mol\u0117t\u0173 rajone - Namud\u0117","og_description":"\u0160is erdvus 65 ar\u0173 sklypas \u012fsik\u016br\u0119s Aidie\u010di\u0173 kaime, Mol\u0117t\u0173 rajone (\u010ciul\u0117n\u0173 seni\u016bnija), \u2013 puiki investicija tiek gyvenimui, tiek rekreacijai. Sklypas yra patogioje vietoje \u0161alia mi\u0161ko Skerdimai, kuriame vyrauja pu\u0161ynai ir eglynai. Netoliese \u2013 nuostab\u016bs e\u017eerai, suteikiantys vietovei ypating\u0105 vert\u0119, e\u017eerai: Grau\u017eis, Skrablys, \u017delva, Virintai, Gilu\u017eis ir kiti. Puikus priva\u017eiavimas visais met\u0173 laikais. Atstumai iki Lietuvos etnokosmologijos muziejaus 2,65km, Mol\u0117tai 11km, Utena 26km, Anyk\u0161\u010diai 52km, Ukmerg\u0117 55km, \u0160irvintos 57km, Vilnius 72km, Panev\u0117\u017eys 118km, Kaunas 125km.","og_url":"https:\/\/www.namude.lt\/objektas\/parduodamas-65-aru-namu-valdos-sklypas-prie-misko-moletu-rajone\/","og_site_name":"Namud\u0117","og_image":[{"width":1920,"height":1080,"url":"https:\/\/www.namude.lt\/wp-content\/uploads\/2025\/11\/Utena-Moletai.jpg","type":"image\/jpeg"}],"twitter_card":"summary_large_image","schema":{"@context":"https:\/\/schema.org","@graph":[{"@type":"WebPage","@id":"https:\/\/www.namude.lt\/objektas\/parduodamas-65-aru-namu-valdos-sklypas-prie-misko-moletu-rajone\/","url":"https:\/\/www.namude.lt\/objektas\/parduodamas-65-aru-namu-valdos-sklypas-prie-misko-moletu-rajone\/","name":"Parduodamas 65 ar\u0173 nam\u0173 valdos sklypas prie mi\u0161ko, Mol\u0117t\u0173 rajone - Namud\u0117","isPartOf":{"@id":"https:\/\/www.namude.lt\/#website"},"primaryImageOfPage":{"@id":"https:\/\/www.namude.lt\/objektas\/parduodamas-65-aru-namu-valdos-sklypas-prie-misko-moletu-rajone\/#primaryimage"},"image":{"@id":"https:\/\/www.namude.lt\/objektas\/parduodamas-65-aru-namu-valdos-sklypas-prie-misko-moletu-rajone\/#primaryimage"},"thumbnailUrl":"https:\/\/www.namude.lt\/wp-content\/uploads\/2025\/11\/Utena-Moletai.jpg","datePublished":"2025-11-25T08:55:00+00:00","breadcrumb":{"@id":"https:\/\/www.namude.lt\/objektas\/parduodamas-65-aru-namu-valdos-sklypas-prie-misko-moletu-rajone\/#breadcrumb"},"inLanguage":"ru-RU","potentialAction":[{"@type":"ReadAction","target":["https:\/\/www.namude.lt\/objektas\/parduodamas-65-aru-namu-valdos-sklypas-prie-misko-moletu-rajone\/"]}]},{"@type":"ImageObject","inLanguage":"ru-RU","@id":"https:\/\/www.namude.lt\/objektas\/parduodamas-65-aru-namu-valdos-sklypas-prie-misko-moletu-rajone\/#primaryimage","url":"https:\/\/www.namude.lt\/wp-content\/uploads\/2025\/11\/Utena-Moletai.jpg","contentUrl":"https:\/\/www.namude.lt\/wp-content\/uploads\/2025\/11\/Utena-Moletai.jpg","width":1920,"height":1080},{"@type":"BreadcrumbList","@id":"https:\/\/www.namude.lt\/objektas\/parduodamas-65-aru-namu-valdos-sklypas-prie-misko-moletu-rajone\/#breadcrumb","itemListElement":[{"@type":"ListItem","position":1,"name":"Home","item":"https:\/\/www.namude.lt\/ru\/"},{"@type":"ListItem","position":2,"name":"\u041e\u0431\u044a\u0435\u043a\u0442\u044b","item":"https:\/\/www.namude.lt\/ru\/%d0%be%d0%b1%d1%8a%d0%b5%d0%ba%d1%82%d1%8b\/"},{"@type":"ListItem","position":3,"name":"Parduodamas 65 ar\u0173 nam\u0173 valdos sklypas prie mi\u0161ko, Mol\u0117t\u0173 rajone"}]},{"@type":"WebSite","@id":"https:\/\/www.namude.lt\/#website","url":"https:\/\/www.namude.lt\/","name":"Namud\u0117","description":"\u201eNamud\u0117\u201c \u2013 agent\u016bra, pardavin\u0117janti Auk\u0161taitijos NT grynuolius.","publisher":{"@id":"https:\/\/www.namude.lt\/#organization"},"potentialAction":[{"@type":"SearchAction","target":{"@type":"EntryPoint","urlTemplate":"https:\/\/www.namude.lt\/?s={search_term_string}"},"query-input":{"@type":"PropertyValueSpecification","valueRequired":true,"valueName":"search_term_string"}}],"inLanguage":"ru-RU"},{"@type":"Organization","@id":"https:\/\/www.namude.lt\/#organization","name":"Namud\u0117","url":"https:\/\/www.namude.lt\/","logo":{"@type":"ImageObject","inLanguage":"ru-RU","@id":"https:\/\/www.namude.lt\/#\/schema\/logo\/image\/","url":"https:\/\/www.namude.lt\/wp-content\/uploads\/2023\/11\/logo-symbol.svg","contentUrl":"https:\/\/www.namude.lt\/wp-content\/uploads\/2023\/11\/logo-symbol.svg","width":1,"height":1,"caption":"Namud\u0117"},"image":{"@id":"https:\/\/www.namude.lt\/#\/schema\/logo\/image\/"}}]}},"_links":{"self":[{"href":"https:\/\/www.namude.lt\/ru\/wp-json\/wp\/v2\/product\/23921","targetHints":{"allow":["GET"]}}],"collection":[{"href":"https:\/\/www.namude.lt\/ru\/wp-json\/wp\/v2\/product"}],"about":[{"href":"https:\/\/www.namude.lt\/ru\/wp-json\/wp\/v2\/types\/product"}],"wp:featuredmedia":[{"embeddable":true,"href":"https:\/\/www.namude.lt\/ru\/wp-json\/wp\/v2\/media\/23922"}],"wp:attachment":[{"href":"https:\/\/www.namude.lt\/ru\/wp-json\/wp\/v2\/media?parent=23921"}],"wp:term":[{"taxonomy":"product_brand","embeddable":true,"href":"https:\/\/www.namude.lt\/ru\/wp-json\/wp\/v2\/product_brand?post=23921"},{"taxonomy":"product_cat","embeddable":true,"href":"https:\/\/www.namude.lt\/ru\/wp-json\/wp\/v2\/product_cat?post=23921"},{"taxonomy":"product_tag","embeddable":true,"href":"https:\/\/www.namude.lt\/ru\/wp-json\/wp\/v2\/product_tag?post=23921"}],"curies":[{"name":"wp","href":"https:\/\/api.w.org\/{rel}","templated":true}]}}