{"id":23871,"date":"2025-11-24T13:20:53","date_gmt":"2025-11-24T11:20:53","guid":{"rendered":"https:\/\/www.namude.lt\/?post_type=product&#038;p=23871"},"modified":"2025-11-24T14:06:27","modified_gmt":"2025-11-24T12:06:27","slug":"parduodamas-613-ha-sklypas-azuozeriu-k-balninku-sen-moletu-raj","status":"publish","type":"product","link":"https:\/\/www.namude.lt\/ru\/\u043e\u0431\u044a\u0435\u043a\u0442\/parduodamas-613-ha-sklypas-azuozeriu-k-balninku-sen-moletu-raj\/","title":{"rendered":"PARDUODAMAS 6,13 ha SKLYPAS A\u017dUO\u017dERI\u0172 K., BALNINK\u0172 SEN., MOL\u0116T\u0172 RAJ."},"content":{"rendered":"","protected":false},"excerpt":{"rendered":"<p>Parduodamas erdvus 6,13 ha \u017eem\u0117s sklypas prie Gruod\u017eio e\u017eero su tvenkiniais\u2013 A\u017euo\u017eeri\u0173 kaime, Mol\u0117t\u0173 rajone. Puikus pasirinkimas norintiems \u012fsirengti sodyb\u0105, pl\u0117toti \u016bkin\u0119 veikl\u0105 ar investuoti \u012f didel\u012f \u017eem\u0117s plot\u0105 e\u017eeringoje vietov\u0117je.<br \/>\nSklypus sudaro:<br \/>\n\u2013 5,4686 ha \u017eem\u0117s \u016bkio sklypas,<br \/>\n\u2013 0,6641 ha \u017eem\u0117s \u016bkio sklypas prie Gruod\u017eio e\u017eero su 108m pakrant\u0117s.<\/p>\n<p>Iki sklypo geras priva\u017eiavimas visais met\u0173 laikais. Iki Alantos \u2013 9 km, Balninkai \u2013 12 km, Mol\u0117tai \u2013 14 km, Anyk\u0161\u010diai \u2013 34 km, Utena \u2013 36 km, Ukmerg\u0117 \u2013 42 km, Vilnius \u2013 77 km, Panev\u0117\u017eys \u2013 105 km, Kaunas \u2013 112 km. Tai puikus pasi\u016blymas ie\u0161kantiems kokybi\u0161kos vietos poilsio sodybai ar nuolatiniam gyvenimui.<\/p>\n","protected":false},"featured_media":23875,"template":"","meta":{"_acf_changed":false},"product_brand":[],"product_cat":[24],"product_tag":[],"class_list":{"0":"post-23871","1":"product","2":"type-product","3":"status-publish","4":"has-post-thumbnail","6":"product_cat-sklypai","7":"pa_rajonas-moletu-rajonas","8":"description-off","10":"first","11":"instock","12":"shipping-taxable","13":"purchasable","14":"product-type-simple"},"acf":[],"yoast_head":"<!-- This site is optimized with the Yoast SEO plugin v27.4 - https:\/\/yoast.com\/product\/yoast-seo-wordpress\/ -->\n<title>PARDUODAMAS 6,13 ha SKLYPAS A\u017dUO\u017dERI\u0172 K., BALNINK\u0172 SEN., MOL\u0116T\u0172 RAJ. - Namud\u0117<\/title>\n<meta name=\"robots\" content=\"index, follow, max-snippet:-1, max-image-preview:large, max-video-preview:-1\" \/>\n<link rel=\"canonical\" href=\"https:\/\/www.namude.lt\/objektas\/parduodamas-613-ha-sklypas-azuozeriu-k-balninku-sen-moletu-raj\/\" \/>\n<meta property=\"og:locale\" content=\"ru_RU\" \/>\n<meta property=\"og:type\" content=\"article\" \/>\n<meta property=\"og:title\" content=\"PARDUODAMAS 6,13 ha SKLYPAS A\u017dUO\u017dERI\u0172 K., BALNINK\u0172 SEN., MOL\u0116T\u0172 RAJ. - Namud\u0117\" \/>\n<meta property=\"og:description\" content=\"Parduodamas erdvus 6,13 ha \u017eem\u0117s sklypas prie Gruod\u017eio e\u017eero su tvenkiniais\u2013 A\u017euo\u017eeri\u0173 kaime, Mol\u0117t\u0173 rajone. Puikus pasirinkimas norintiems \u012fsirengti sodyb\u0105, pl\u0117toti \u016bkin\u0119 veikl\u0105 ar investuoti \u012f didel\u012f \u017eem\u0117s plot\u0105 e\u017eeringoje vietov\u0117je. Sklypus sudaro: \u2013 5,4686 ha \u017eem\u0117s \u016bkio sklypas, \u2013 0,6641 ha \u017eem\u0117s \u016bkio sklypas prie Gruod\u017eio e\u017eero su 108m pakrant\u0117s.  Iki sklypo geras priva\u017eiavimas visais met\u0173 laikais. Iki Alantos \u2013 9 km, Balninkai \u2013 12 km, Mol\u0117tai \u2013 14 km, Anyk\u0161\u010diai \u2013 34 km, Utena \u2013 36 km, Ukmerg\u0117 \u2013 42 km, Vilnius \u2013 77 km, Panev\u0117\u017eys \u2013 105 km, Kaunas \u2013 112 km. Tai puikus pasi\u016blymas ie\u0161kantiems kokybi\u0161kos vietos poilsio sodybai ar nuolatiniam gyvenimui.\" \/>\n<meta property=\"og:url\" content=\"https:\/\/www.namude.lt\/objektas\/parduodamas-613-ha-sklypas-azuozeriu-k-balninku-sen-moletu-raj\/\" \/>\n<meta property=\"og:site_name\" content=\"Namud\u0117\" \/>\n<meta property=\"article:modified_time\" content=\"2025-11-24T12:06:27+00:00\" \/>\n<meta property=\"og:image\" content=\"https:\/\/www.namude.lt\/wp-content\/uploads\/2025\/11\/2-9.jpg\" \/>\n\t<meta property=\"og:image:width\" content=\"1920\" \/>\n\t<meta property=\"og:image:height\" content=\"1080\" \/>\n\t<meta property=\"og:image:type\" content=\"image\/jpeg\" \/>\n<meta name=\"twitter:card\" content=\"summary_large_image\" \/>\n<script type=\"application\/ld+json\" class=\"yoast-schema-graph\">{\"@context\":\"https:\\\/\\\/schema.org\",\"@graph\":[{\"@type\":\"WebPage\",\"@id\":\"https:\\\/\\\/www.namude.lt\\\/objektas\\\/parduodamas-613-ha-sklypas-azuozeriu-k-balninku-sen-moletu-raj\\\/\",\"url\":\"https:\\\/\\\/www.namude.lt\\\/objektas\\\/parduodamas-613-ha-sklypas-azuozeriu-k-balninku-sen-moletu-raj\\\/\",\"name\":\"PARDUODAMAS 6,13 ha SKLYPAS A\u017dUO\u017dERI\u0172 K., BALNINK\u0172 SEN., MOL\u0116T\u0172 RAJ. - Namud\u0117\",\"isPartOf\":{\"@id\":\"https:\\\/\\\/www.namude.lt\\\/#website\"},\"primaryImageOfPage\":{\"@id\":\"https:\\\/\\\/www.namude.lt\\\/objektas\\\/parduodamas-613-ha-sklypas-azuozeriu-k-balninku-sen-moletu-raj\\\/#primaryimage\"},\"image\":{\"@id\":\"https:\\\/\\\/www.namude.lt\\\/objektas\\\/parduodamas-613-ha-sklypas-azuozeriu-k-balninku-sen-moletu-raj\\\/#primaryimage\"},\"thumbnailUrl\":\"https:\\\/\\\/www.namude.lt\\\/wp-content\\\/uploads\\\/2025\\\/11\\\/2-9.jpg\",\"datePublished\":\"2025-11-24T11:20:53+00:00\",\"dateModified\":\"2025-11-24T12:06:27+00:00\",\"breadcrumb\":{\"@id\":\"https:\\\/\\\/www.namude.lt\\\/objektas\\\/parduodamas-613-ha-sklypas-azuozeriu-k-balninku-sen-moletu-raj\\\/#breadcrumb\"},\"inLanguage\":\"ru-RU\",\"potentialAction\":[{\"@type\":\"ReadAction\",\"target\":[\"https:\\\/\\\/www.namude.lt\\\/objektas\\\/parduodamas-613-ha-sklypas-azuozeriu-k-balninku-sen-moletu-raj\\\/\"]}]},{\"@type\":\"ImageObject\",\"inLanguage\":\"ru-RU\",\"@id\":\"https:\\\/\\\/www.namude.lt\\\/objektas\\\/parduodamas-613-ha-sklypas-azuozeriu-k-balninku-sen-moletu-raj\\\/#primaryimage\",\"url\":\"https:\\\/\\\/www.namude.lt\\\/wp-content\\\/uploads\\\/2025\\\/11\\\/2-9.jpg\",\"contentUrl\":\"https:\\\/\\\/www.namude.lt\\\/wp-content\\\/uploads\\\/2025\\\/11\\\/2-9.jpg\",\"width\":1920,\"height\":1080},{\"@type\":\"BreadcrumbList\",\"@id\":\"https:\\\/\\\/www.namude.lt\\\/objektas\\\/parduodamas-613-ha-sklypas-azuozeriu-k-balninku-sen-moletu-raj\\\/#breadcrumb\",\"itemListElement\":[{\"@type\":\"ListItem\",\"position\":1,\"name\":\"Home\",\"item\":\"https:\\\/\\\/www.namude.lt\\\/ru\\\/\"},{\"@type\":\"ListItem\",\"position\":2,\"name\":\"\u041e\u0431\u044a\u0435\u043a\u0442\u044b\",\"item\":\"https:\\\/\\\/www.namude.lt\\\/ru\\\/%d0%be%d0%b1%d1%8a%d0%b5%d0%ba%d1%82%d1%8b\\\/\"},{\"@type\":\"ListItem\",\"position\":3,\"name\":\"PARDUODAMAS 6,13 ha SKLYPAS A\u017dUO\u017dERI\u0172 K., BALNINK\u0172 SEN., MOL\u0116T\u0172 RAJ.\"}]},{\"@type\":\"WebSite\",\"@id\":\"https:\\\/\\\/www.namude.lt\\\/#website\",\"url\":\"https:\\\/\\\/www.namude.lt\\\/\",\"name\":\"Namud\u0117\",\"description\":\"\u201eNamud\u0117\u201c \u2013 agent\u016bra, pardavin\u0117janti Auk\u0161taitijos NT grynuolius.\",\"publisher\":{\"@id\":\"https:\\\/\\\/www.namude.lt\\\/#organization\"},\"potentialAction\":[{\"@type\":\"SearchAction\",\"target\":{\"@type\":\"EntryPoint\",\"urlTemplate\":\"https:\\\/\\\/www.namude.lt\\\/?s={search_term_string}\"},\"query-input\":{\"@type\":\"PropertyValueSpecification\",\"valueRequired\":true,\"valueName\":\"search_term_string\"}}],\"inLanguage\":\"ru-RU\"},{\"@type\":\"Organization\",\"@id\":\"https:\\\/\\\/www.namude.lt\\\/#organization\",\"name\":\"Namud\u0117\",\"url\":\"https:\\\/\\\/www.namude.lt\\\/\",\"logo\":{\"@type\":\"ImageObject\",\"inLanguage\":\"ru-RU\",\"@id\":\"https:\\\/\\\/www.namude.lt\\\/#\\\/schema\\\/logo\\\/image\\\/\",\"url\":\"https:\\\/\\\/www.namude.lt\\\/wp-content\\\/uploads\\\/2023\\\/11\\\/logo-symbol.svg\",\"contentUrl\":\"https:\\\/\\\/www.namude.lt\\\/wp-content\\\/uploads\\\/2023\\\/11\\\/logo-symbol.svg\",\"width\":1,\"height\":1,\"caption\":\"Namud\u0117\"},\"image\":{\"@id\":\"https:\\\/\\\/www.namude.lt\\\/#\\\/schema\\\/logo\\\/image\\\/\"}}]}<\/script>\n<!-- \/ Yoast SEO plugin. -->","yoast_head_json":{"title":"PARDUODAMAS 6,13 ha SKLYPAS A\u017dUO\u017dERI\u0172 K., BALNINK\u0172 SEN., MOL\u0116T\u0172 RAJ. - Namud\u0117","robots":{"index":"index","follow":"follow","max-snippet":"max-snippet:-1","max-image-preview":"max-image-preview:large","max-video-preview":"max-video-preview:-1"},"canonical":"https:\/\/www.namude.lt\/objektas\/parduodamas-613-ha-sklypas-azuozeriu-k-balninku-sen-moletu-raj\/","og_locale":"ru_RU","og_type":"article","og_title":"PARDUODAMAS 6,13 ha SKLYPAS A\u017dUO\u017dERI\u0172 K., BALNINK\u0172 SEN., MOL\u0116T\u0172 RAJ. - Namud\u0117","og_description":"Parduodamas erdvus 6,13 ha \u017eem\u0117s sklypas prie Gruod\u017eio e\u017eero su tvenkiniais\u2013 A\u017euo\u017eeri\u0173 kaime, Mol\u0117t\u0173 rajone. Puikus pasirinkimas norintiems \u012fsirengti sodyb\u0105, pl\u0117toti \u016bkin\u0119 veikl\u0105 ar investuoti \u012f didel\u012f \u017eem\u0117s plot\u0105 e\u017eeringoje vietov\u0117je. Sklypus sudaro: \u2013 5,4686 ha \u017eem\u0117s \u016bkio sklypas, \u2013 0,6641 ha \u017eem\u0117s \u016bkio sklypas prie Gruod\u017eio e\u017eero su 108m pakrant\u0117s.  Iki sklypo geras priva\u017eiavimas visais met\u0173 laikais. Iki Alantos \u2013 9 km, Balninkai \u2013 12 km, Mol\u0117tai \u2013 14 km, Anyk\u0161\u010diai \u2013 34 km, Utena \u2013 36 km, Ukmerg\u0117 \u2013 42 km, Vilnius \u2013 77 km, Panev\u0117\u017eys \u2013 105 km, Kaunas \u2013 112 km. Tai puikus pasi\u016blymas ie\u0161kantiems kokybi\u0161kos vietos poilsio sodybai ar nuolatiniam gyvenimui.","og_url":"https:\/\/www.namude.lt\/objektas\/parduodamas-613-ha-sklypas-azuozeriu-k-balninku-sen-moletu-raj\/","og_site_name":"Namud\u0117","article_modified_time":"2025-11-24T12:06:27+00:00","og_image":[{"width":1920,"height":1080,"url":"https:\/\/www.namude.lt\/wp-content\/uploads\/2025\/11\/2-9.jpg","type":"image\/jpeg"}],"twitter_card":"summary_large_image","schema":{"@context":"https:\/\/schema.org","@graph":[{"@type":"WebPage","@id":"https:\/\/www.namude.lt\/objektas\/parduodamas-613-ha-sklypas-azuozeriu-k-balninku-sen-moletu-raj\/","url":"https:\/\/www.namude.lt\/objektas\/parduodamas-613-ha-sklypas-azuozeriu-k-balninku-sen-moletu-raj\/","name":"PARDUODAMAS 6,13 ha SKLYPAS A\u017dUO\u017dERI\u0172 K., BALNINK\u0172 SEN., MOL\u0116T\u0172 RAJ. - Namud\u0117","isPartOf":{"@id":"https:\/\/www.namude.lt\/#website"},"primaryImageOfPage":{"@id":"https:\/\/www.namude.lt\/objektas\/parduodamas-613-ha-sklypas-azuozeriu-k-balninku-sen-moletu-raj\/#primaryimage"},"image":{"@id":"https:\/\/www.namude.lt\/objektas\/parduodamas-613-ha-sklypas-azuozeriu-k-balninku-sen-moletu-raj\/#primaryimage"},"thumbnailUrl":"https:\/\/www.namude.lt\/wp-content\/uploads\/2025\/11\/2-9.jpg","datePublished":"2025-11-24T11:20:53+00:00","dateModified":"2025-11-24T12:06:27+00:00","breadcrumb":{"@id":"https:\/\/www.namude.lt\/objektas\/parduodamas-613-ha-sklypas-azuozeriu-k-balninku-sen-moletu-raj\/#breadcrumb"},"inLanguage":"ru-RU","potentialAction":[{"@type":"ReadAction","target":["https:\/\/www.namude.lt\/objektas\/parduodamas-613-ha-sklypas-azuozeriu-k-balninku-sen-moletu-raj\/"]}]},{"@type":"ImageObject","inLanguage":"ru-RU","@id":"https:\/\/www.namude.lt\/objektas\/parduodamas-613-ha-sklypas-azuozeriu-k-balninku-sen-moletu-raj\/#primaryimage","url":"https:\/\/www.namude.lt\/wp-content\/uploads\/2025\/11\/2-9.jpg","contentUrl":"https:\/\/www.namude.lt\/wp-content\/uploads\/2025\/11\/2-9.jpg","width":1920,"height":1080},{"@type":"BreadcrumbList","@id":"https:\/\/www.namude.lt\/objektas\/parduodamas-613-ha-sklypas-azuozeriu-k-balninku-sen-moletu-raj\/#breadcrumb","itemListElement":[{"@type":"ListItem","position":1,"name":"Home","item":"https:\/\/www.namude.lt\/ru\/"},{"@type":"ListItem","position":2,"name":"\u041e\u0431\u044a\u0435\u043a\u0442\u044b","item":"https:\/\/www.namude.lt\/ru\/%d0%be%d0%b1%d1%8a%d0%b5%d0%ba%d1%82%d1%8b\/"},{"@type":"ListItem","position":3,"name":"PARDUODAMAS 6,13 ha SKLYPAS A\u017dUO\u017dERI\u0172 K., BALNINK\u0172 SEN., MOL\u0116T\u0172 RAJ."}]},{"@type":"WebSite","@id":"https:\/\/www.namude.lt\/#website","url":"https:\/\/www.namude.lt\/","name":"Namud\u0117","description":"\u201eNamud\u0117\u201c \u2013 agent\u016bra, pardavin\u0117janti Auk\u0161taitijos NT grynuolius.","publisher":{"@id":"https:\/\/www.namude.lt\/#organization"},"potentialAction":[{"@type":"SearchAction","target":{"@type":"EntryPoint","urlTemplate":"https:\/\/www.namude.lt\/?s={search_term_string}"},"query-input":{"@type":"PropertyValueSpecification","valueRequired":true,"valueName":"search_term_string"}}],"inLanguage":"ru-RU"},{"@type":"Organization","@id":"https:\/\/www.namude.lt\/#organization","name":"Namud\u0117","url":"https:\/\/www.namude.lt\/","logo":{"@type":"ImageObject","inLanguage":"ru-RU","@id":"https:\/\/www.namude.lt\/#\/schema\/logo\/image\/","url":"https:\/\/www.namude.lt\/wp-content\/uploads\/2023\/11\/logo-symbol.svg","contentUrl":"https:\/\/www.namude.lt\/wp-content\/uploads\/2023\/11\/logo-symbol.svg","width":1,"height":1,"caption":"Namud\u0117"},"image":{"@id":"https:\/\/www.namude.lt\/#\/schema\/logo\/image\/"}}]}},"_links":{"self":[{"href":"https:\/\/www.namude.lt\/ru\/wp-json\/wp\/v2\/product\/23871","targetHints":{"allow":["GET"]}}],"collection":[{"href":"https:\/\/www.namude.lt\/ru\/wp-json\/wp\/v2\/product"}],"about":[{"href":"https:\/\/www.namude.lt\/ru\/wp-json\/wp\/v2\/types\/product"}],"wp:featuredmedia":[{"embeddable":true,"href":"https:\/\/www.namude.lt\/ru\/wp-json\/wp\/v2\/media\/23875"}],"wp:attachment":[{"href":"https:\/\/www.namude.lt\/ru\/wp-json\/wp\/v2\/media?parent=23871"}],"wp:term":[{"taxonomy":"product_brand","embeddable":true,"href":"https:\/\/www.namude.lt\/ru\/wp-json\/wp\/v2\/product_brand?post=23871"},{"taxonomy":"product_cat","embeddable":true,"href":"https:\/\/www.namude.lt\/ru\/wp-json\/wp\/v2\/product_cat?post=23871"},{"taxonomy":"product_tag","embeddable":true,"href":"https:\/\/www.namude.lt\/ru\/wp-json\/wp\/v2\/product_tag?post=23871"}],"curies":[{"name":"wp","href":"https:\/\/api.w.org\/{rel}","templated":true}]}}