{"id":23807,"date":"2025-11-24T11:05:03","date_gmt":"2025-11-24T09:05:03","guid":{"rendered":"https:\/\/www.namude.lt\/?post_type=product&#038;p=23807"},"modified":"2026-04-20T11:45:12","modified_gmt":"2026-04-20T08:45:12","slug":"parduodamas-namas-birzunu-kaime-ezeringiausioje-zarasu-rajono-dalyje","status":"publish","type":"product","link":"https:\/\/www.namude.lt\/ru\/\u043e\u0431\u044a\u0435\u043a\u0442\/parduodamas-namas-birzunu-kaime-ezeringiausioje-zarasu-rajono-dalyje\/","title":{"rendered":"PARDUODAMAS NAMAS BIR\u017d\u016aN\u0172 KAIME, E\u017dERINGIAUSIOJE ZARAS\u0172 RAJONO DALYJE"},"content":{"rendered":"","protected":false},"excerpt":{"rendered":"<p>Parduodamas jaukus ir pri\u017ei\u016br\u0117tas pastatas gamtos apsuptoje vietoje \u2013 Bir\u017e\u016bn\u0173 kaime, Zaras\u0173 rajone. Tai puikus pasirinkimas tiek ie\u0161kantiems nuolatin\u0117s gyvenamosios vietos, tiek norintiems tur\u0117ti komforti\u0161k\u0105 poilsio nam\u0105 viename \u017ealiausi\u0173 ir e\u017eeringiausi\u0173 Lietuvos region\u0173.<br \/>\nBir\u017e\u016bn\u0173 kaimas \u2013 tai jaukus, nuo miesto \u0161urmulio atokiau esantis kampelis, gars\u0117jantis savo gamtos gro\u017eiu. \u0160alimais yra Ne\u010desko ir Bir\u017eun\u0117lio e\u017eerai bei Gra\u017eut\u0117s ir Gineti\u0161k\u0117s mi\u0161kai, 800m atstumu \u016asto e\u017eeras, o u\u017e 2,5km Antaliept\u0117s marios &#8212; \u0161alia j\u016bs\u0173 nam\u0173 atsiveria daugyb\u0117 galimybi\u0173 poilsiui, \u017evejybai, vandens pramogoms ir aktyviam laisvalaikiui.<br \/>\nPRIVALUMAI:<br \/>\n\u2013 Blokinis 112kv.m vieno auk\u0161to namas (bendra erdvi virtuv\u0117s ir svetain\u0117s patalpa su \u017eidiniu, 3 kambariai (vienas i\u0161 j\u0173 turi atskir\u0105 du\u0161o ir tualeto patalp\u0105), erdvus vonios kambarys, WC patalpa, didel\u0117 terasa. Pastatas renovuotas 2012m. \u2013 pakeistas stogas, langai durys, i\u0161planavimas);<br \/>\n-Erdvus ir sausas r\u016bsys po visu pastatu &#8212; 107kv.m.;<br \/>\n\u2013 \u0160ildymas centrinis &#8212; kieto kuro katilais (atskiri granulinio ir kieto kuro katilai), oras-oras;<br \/>\n\u2013 Naujai statyta pirtis &#8212; ne\u012frengta;<br \/>\n-Teritorija pri\u017ei\u016br\u0117ta, apsodinta dekoratyviniais augalais, pu\u0161imis;<br \/>\n\u2013 Sklypo plotas 47a (nuomojamas i\u0161 valstyb\u0117s);<br \/>\n\u2013 Patogus priva\u017eiavimas visus metus. Iki Salako 4,5km, Degu\u010di\u0173 7km, Zaras\u0173 22km, Visagino 31km, Ignalinos 34km,  Utenos 40km, Roki\u0161kio 66km, Vilnius 130km, Panev\u0117\u017eys 138km ir Kauno 175km.<\/p>\n","protected":false},"featured_media":23808,"template":"","meta":{"_acf_changed":false},"product_brand":[],"product_cat":[26],"product_tag":[],"class_list":{"0":"post-23807","1":"product","2":"type-product","3":"status-publish","4":"has-post-thumbnail","6":"product_cat-namai","7":"pa_rajonas-zarasu-rajonas","8":"description-off","10":"first","11":"instock","12":"shipping-taxable","13":"purchasable","14":"product-type-simple"},"acf":[],"yoast_head":"<!-- This site is optimized with the Yoast SEO plugin v27.0 - https:\/\/yoast.com\/product\/yoast-seo-wordpress\/ -->\n<title>PARDUODAMAS NAMAS BIR\u017d\u016aN\u0172 KAIME, E\u017dERINGIAUSIOJE ZARAS\u0172 RAJONO DALYJE - Namud\u0117<\/title>\n<meta name=\"robots\" content=\"index, follow, max-snippet:-1, max-image-preview:large, max-video-preview:-1\" \/>\n<link rel=\"canonical\" href=\"https:\/\/www.namude.lt\/objektas\/parduodamas-namas-birzunu-kaime-ezeringiausioje-zarasu-rajono-dalyje\/\" \/>\n<meta property=\"og:locale\" content=\"ru_RU\" \/>\n<meta property=\"og:type\" content=\"article\" \/>\n<meta property=\"og:title\" content=\"PARDUODAMAS NAMAS BIR\u017d\u016aN\u0172 KAIME, E\u017dERINGIAUSIOJE ZARAS\u0172 RAJONO DALYJE - Namud\u0117\" \/>\n<meta property=\"og:description\" content=\"Parduodamas jaukus ir pri\u017ei\u016br\u0117tas pastatas gamtos apsuptoje vietoje \u2013 Bir\u017e\u016bn\u0173 kaime, Zaras\u0173 rajone. Tai puikus pasirinkimas tiek ie\u0161kantiems nuolatin\u0117s gyvenamosios vietos, tiek norintiems tur\u0117ti komforti\u0161k\u0105 poilsio nam\u0105 viename \u017ealiausi\u0173 ir e\u017eeringiausi\u0173 Lietuvos region\u0173. Bir\u017e\u016bn\u0173 kaimas \u2013 tai jaukus, nuo miesto \u0161urmulio atokiau esantis kampelis, gars\u0117jantis savo gamtos gro\u017eiu. \u0160alimais yra Ne\u010desko ir Bir\u017eun\u0117lio e\u017eerai bei Gra\u017eut\u0117s ir Gineti\u0161k\u0117s mi\u0161kai, 800m atstumu \u016asto e\u017eeras, o u\u017e 2,5km Antaliept\u0117s marios - \u0161alia j\u016bs\u0173 nam\u0173 atsiveria daugyb\u0117 galimybi\u0173 poilsiui, \u017evejybai, vandens pramogoms ir aktyviam laisvalaikiui.  PRIVALUMAI: \u2013 Blokinis 112kv.m vieno auk\u0161to namas (bendra erdvi virtuv\u0117s ir svetain\u0117s patalpa su \u017eidiniu, 3 kambariai (vienas i\u0161 j\u0173 turi atskir\u0105 du\u0161o ir tualeto patalp\u0105), erdvus vonios kambarys, WC patalpa, didel\u0117 terasa. Pastatas renovuotas 2012m. \u2013 pakeistas stogas, langai durys, i\u0161planavimas); -Erdvus ir sausas r\u016bsys po visu pastatu - 107kv.m.; \u2013 \u0160ildymas centrinis - kieto kuro katilais (atskiri granulinio ir kieto kuro katilai), oras-oras; \u2013 Naujai statyta pirtis - ne\u012frengta; -Teritorija pri\u017ei\u016br\u0117ta, apsodinta dekoratyviniais augalais, pu\u0161imis; \u2013 Sklypo plotas 47a (nuomojamas i\u0161 valstyb\u0117s); \u2013 Patogus priva\u017eiavimas visus metus. Iki Salako 4,5km, Degu\u010di\u0173 7km, Zaras\u0173 22km, Visagino 31km, Ignalinos 34km, Utenos 40km, Roki\u0161kio 66km, Vilnius 130km, Panev\u0117\u017eys 138km ir Kauno 175km.\" \/>\n<meta property=\"og:url\" content=\"https:\/\/www.namude.lt\/objektas\/parduodamas-namas-birzunu-kaime-ezeringiausioje-zarasu-rajono-dalyje\/\" \/>\n<meta property=\"og:site_name\" content=\"Namud\u0117\" \/>\n<meta property=\"article:modified_time\" content=\"2026-04-20T08:45:12+00:00\" \/>\n<meta property=\"og:image\" content=\"https:\/\/www.namude.lt\/wp-content\/uploads\/2025\/11\/1-7.jpg\" \/>\n\t<meta property=\"og:image:width\" content=\"2400\" \/>\n\t<meta property=\"og:image:height\" content=\"1800\" \/>\n\t<meta property=\"og:image:type\" content=\"image\/jpeg\" \/>\n<meta name=\"twitter:card\" content=\"summary_large_image\" \/>\n<script type=\"application\/ld+json\" class=\"yoast-schema-graph\">{\"@context\":\"https:\/\/schema.org\",\"@graph\":[{\"@type\":\"WebPage\",\"@id\":\"https:\/\/www.namude.lt\/objektas\/parduodamas-namas-birzunu-kaime-ezeringiausioje-zarasu-rajono-dalyje\/\",\"url\":\"https:\/\/www.namude.lt\/objektas\/parduodamas-namas-birzunu-kaime-ezeringiausioje-zarasu-rajono-dalyje\/\",\"name\":\"PARDUODAMAS NAMAS BIR\u017d\u016aN\u0172 KAIME, E\u017dERINGIAUSIOJE ZARAS\u0172 RAJONO DALYJE - Namud\u0117\",\"isPartOf\":{\"@id\":\"https:\/\/www.namude.lt\/#website\"},\"primaryImageOfPage\":{\"@id\":\"https:\/\/www.namude.lt\/objektas\/parduodamas-namas-birzunu-kaime-ezeringiausioje-zarasu-rajono-dalyje\/#primaryimage\"},\"image\":{\"@id\":\"https:\/\/www.namude.lt\/objektas\/parduodamas-namas-birzunu-kaime-ezeringiausioje-zarasu-rajono-dalyje\/#primaryimage\"},\"thumbnailUrl\":\"https:\/\/www.namude.lt\/wp-content\/uploads\/2025\/11\/1-7.jpg\",\"datePublished\":\"2025-11-24T09:05:03+00:00\",\"dateModified\":\"2026-04-20T08:45:12+00:00\",\"breadcrumb\":{\"@id\":\"https:\/\/www.namude.lt\/objektas\/parduodamas-namas-birzunu-kaime-ezeringiausioje-zarasu-rajono-dalyje\/#breadcrumb\"},\"inLanguage\":\"ru-RU\",\"potentialAction\":[{\"@type\":\"ReadAction\",\"target\":[\"https:\/\/www.namude.lt\/objektas\/parduodamas-namas-birzunu-kaime-ezeringiausioje-zarasu-rajono-dalyje\/\"]}]},{\"@type\":\"ImageObject\",\"inLanguage\":\"ru-RU\",\"@id\":\"https:\/\/www.namude.lt\/objektas\/parduodamas-namas-birzunu-kaime-ezeringiausioje-zarasu-rajono-dalyje\/#primaryimage\",\"url\":\"https:\/\/www.namude.lt\/wp-content\/uploads\/2025\/11\/1-7.jpg\",\"contentUrl\":\"https:\/\/www.namude.lt\/wp-content\/uploads\/2025\/11\/1-7.jpg\",\"width\":2400,\"height\":1800},{\"@type\":\"BreadcrumbList\",\"@id\":\"https:\/\/www.namude.lt\/objektas\/parduodamas-namas-birzunu-kaime-ezeringiausioje-zarasu-rajono-dalyje\/#breadcrumb\",\"itemListElement\":[{\"@type\":\"ListItem\",\"position\":1,\"name\":\"Home\",\"item\":\"https:\/\/www.namude.lt\/ru\/\"},{\"@type\":\"ListItem\",\"position\":2,\"name\":\"\u041e\u0431\u044a\u0435\u043a\u0442\u044b\",\"item\":\"https:\/\/www.namude.lt\/ru\/%d0%be%d0%b1%d1%8a%d0%b5%d0%ba%d1%82%d1%8b\/\"},{\"@type\":\"ListItem\",\"position\":3,\"name\":\"PARDUODAMAS NAMAS BIR\u017d\u016aN\u0172 KAIME, E\u017dERINGIAUSIOJE ZARAS\u0172 RAJONO DALYJE\"}]},{\"@type\":\"WebSite\",\"@id\":\"https:\/\/www.namude.lt\/#website\",\"url\":\"https:\/\/www.namude.lt\/\",\"name\":\"Namud\u0117\",\"description\":\"\u201eNamud\u0117\u201c \u2013 agent\u016bra, pardavin\u0117janti Auk\u0161taitijos NT grynuolius.\",\"publisher\":{\"@id\":\"https:\/\/www.namude.lt\/#organization\"},\"potentialAction\":[{\"@type\":\"SearchAction\",\"target\":{\"@type\":\"EntryPoint\",\"urlTemplate\":\"https:\/\/www.namude.lt\/?s={search_term_string}\"},\"query-input\":{\"@type\":\"PropertyValueSpecification\",\"valueRequired\":true,\"valueName\":\"search_term_string\"}}],\"inLanguage\":\"ru-RU\"},{\"@type\":\"Organization\",\"@id\":\"https:\/\/www.namude.lt\/#organization\",\"name\":\"Namud\u0117\",\"url\":\"https:\/\/www.namude.lt\/\",\"logo\":{\"@type\":\"ImageObject\",\"inLanguage\":\"ru-RU\",\"@id\":\"https:\/\/www.namude.lt\/#\/schema\/logo\/image\/\",\"url\":\"https:\/\/www.namude.lt\/wp-content\/uploads\/2023\/11\/logo-symbol.svg\",\"contentUrl\":\"https:\/\/www.namude.lt\/wp-content\/uploads\/2023\/11\/logo-symbol.svg\",\"width\":1,\"height\":1,\"caption\":\"Namud\u0117\"},\"image\":{\"@id\":\"https:\/\/www.namude.lt\/#\/schema\/logo\/image\/\"}}]}<\/script>\n<!-- \/ Yoast SEO plugin. -->","yoast_head_json":{"title":"PARDUODAMAS NAMAS BIR\u017d\u016aN\u0172 KAIME, E\u017dERINGIAUSIOJE ZARAS\u0172 RAJONO DALYJE - Namud\u0117","robots":{"index":"index","follow":"follow","max-snippet":"max-snippet:-1","max-image-preview":"max-image-preview:large","max-video-preview":"max-video-preview:-1"},"canonical":"https:\/\/www.namude.lt\/objektas\/parduodamas-namas-birzunu-kaime-ezeringiausioje-zarasu-rajono-dalyje\/","og_locale":"ru_RU","og_type":"article","og_title":"PARDUODAMAS NAMAS BIR\u017d\u016aN\u0172 KAIME, E\u017dERINGIAUSIOJE ZARAS\u0172 RAJONO DALYJE - Namud\u0117","og_description":"Parduodamas jaukus ir pri\u017ei\u016br\u0117tas pastatas gamtos apsuptoje vietoje \u2013 Bir\u017e\u016bn\u0173 kaime, Zaras\u0173 rajone. Tai puikus pasirinkimas tiek ie\u0161kantiems nuolatin\u0117s gyvenamosios vietos, tiek norintiems tur\u0117ti komforti\u0161k\u0105 poilsio nam\u0105 viename \u017ealiausi\u0173 ir e\u017eeringiausi\u0173 Lietuvos region\u0173. Bir\u017e\u016bn\u0173 kaimas \u2013 tai jaukus, nuo miesto \u0161urmulio atokiau esantis kampelis, gars\u0117jantis savo gamtos gro\u017eiu. \u0160alimais yra Ne\u010desko ir Bir\u017eun\u0117lio e\u017eerai bei Gra\u017eut\u0117s ir Gineti\u0161k\u0117s mi\u0161kai, 800m atstumu \u016asto e\u017eeras, o u\u017e 2,5km Antaliept\u0117s marios - \u0161alia j\u016bs\u0173 nam\u0173 atsiveria daugyb\u0117 galimybi\u0173 poilsiui, \u017evejybai, vandens pramogoms ir aktyviam laisvalaikiui.  PRIVALUMAI: \u2013 Blokinis 112kv.m vieno auk\u0161to namas (bendra erdvi virtuv\u0117s ir svetain\u0117s patalpa su \u017eidiniu, 3 kambariai (vienas i\u0161 j\u0173 turi atskir\u0105 du\u0161o ir tualeto patalp\u0105), erdvus vonios kambarys, WC patalpa, didel\u0117 terasa. Pastatas renovuotas 2012m. \u2013 pakeistas stogas, langai durys, i\u0161planavimas); -Erdvus ir sausas r\u016bsys po visu pastatu - 107kv.m.; \u2013 \u0160ildymas centrinis - kieto kuro katilais (atskiri granulinio ir kieto kuro katilai), oras-oras; \u2013 Naujai statyta pirtis - ne\u012frengta; -Teritorija pri\u017ei\u016br\u0117ta, apsodinta dekoratyviniais augalais, pu\u0161imis; \u2013 Sklypo plotas 47a (nuomojamas i\u0161 valstyb\u0117s); \u2013 Patogus priva\u017eiavimas visus metus. Iki Salako 4,5km, Degu\u010di\u0173 7km, Zaras\u0173 22km, Visagino 31km, Ignalinos 34km, Utenos 40km, Roki\u0161kio 66km, Vilnius 130km, Panev\u0117\u017eys 138km ir Kauno 175km.","og_url":"https:\/\/www.namude.lt\/objektas\/parduodamas-namas-birzunu-kaime-ezeringiausioje-zarasu-rajono-dalyje\/","og_site_name":"Namud\u0117","article_modified_time":"2026-04-20T08:45:12+00:00","og_image":[{"width":2400,"height":1800,"url":"https:\/\/www.namude.lt\/wp-content\/uploads\/2025\/11\/1-7.jpg","type":"image\/jpeg"}],"twitter_card":"summary_large_image","schema":{"@context":"https:\/\/schema.org","@graph":[{"@type":"WebPage","@id":"https:\/\/www.namude.lt\/objektas\/parduodamas-namas-birzunu-kaime-ezeringiausioje-zarasu-rajono-dalyje\/","url":"https:\/\/www.namude.lt\/objektas\/parduodamas-namas-birzunu-kaime-ezeringiausioje-zarasu-rajono-dalyje\/","name":"PARDUODAMAS NAMAS BIR\u017d\u016aN\u0172 KAIME, E\u017dERINGIAUSIOJE ZARAS\u0172 RAJONO DALYJE - Namud\u0117","isPartOf":{"@id":"https:\/\/www.namude.lt\/#website"},"primaryImageOfPage":{"@id":"https:\/\/www.namude.lt\/objektas\/parduodamas-namas-birzunu-kaime-ezeringiausioje-zarasu-rajono-dalyje\/#primaryimage"},"image":{"@id":"https:\/\/www.namude.lt\/objektas\/parduodamas-namas-birzunu-kaime-ezeringiausioje-zarasu-rajono-dalyje\/#primaryimage"},"thumbnailUrl":"https:\/\/www.namude.lt\/wp-content\/uploads\/2025\/11\/1-7.jpg","datePublished":"2025-11-24T09:05:03+00:00","dateModified":"2026-04-20T08:45:12+00:00","breadcrumb":{"@id":"https:\/\/www.namude.lt\/objektas\/parduodamas-namas-birzunu-kaime-ezeringiausioje-zarasu-rajono-dalyje\/#breadcrumb"},"inLanguage":"ru-RU","potentialAction":[{"@type":"ReadAction","target":["https:\/\/www.namude.lt\/objektas\/parduodamas-namas-birzunu-kaime-ezeringiausioje-zarasu-rajono-dalyje\/"]}]},{"@type":"ImageObject","inLanguage":"ru-RU","@id":"https:\/\/www.namude.lt\/objektas\/parduodamas-namas-birzunu-kaime-ezeringiausioje-zarasu-rajono-dalyje\/#primaryimage","url":"https:\/\/www.namude.lt\/wp-content\/uploads\/2025\/11\/1-7.jpg","contentUrl":"https:\/\/www.namude.lt\/wp-content\/uploads\/2025\/11\/1-7.jpg","width":2400,"height":1800},{"@type":"BreadcrumbList","@id":"https:\/\/www.namude.lt\/objektas\/parduodamas-namas-birzunu-kaime-ezeringiausioje-zarasu-rajono-dalyje\/#breadcrumb","itemListElement":[{"@type":"ListItem","position":1,"name":"Home","item":"https:\/\/www.namude.lt\/ru\/"},{"@type":"ListItem","position":2,"name":"\u041e\u0431\u044a\u0435\u043a\u0442\u044b","item":"https:\/\/www.namude.lt\/ru\/%d0%be%d0%b1%d1%8a%d0%b5%d0%ba%d1%82%d1%8b\/"},{"@type":"ListItem","position":3,"name":"PARDUODAMAS NAMAS BIR\u017d\u016aN\u0172 KAIME, E\u017dERINGIAUSIOJE ZARAS\u0172 RAJONO DALYJE"}]},{"@type":"WebSite","@id":"https:\/\/www.namude.lt\/#website","url":"https:\/\/www.namude.lt\/","name":"Namud\u0117","description":"\u201eNamud\u0117\u201c \u2013 agent\u016bra, pardavin\u0117janti Auk\u0161taitijos NT grynuolius.","publisher":{"@id":"https:\/\/www.namude.lt\/#organization"},"potentialAction":[{"@type":"SearchAction","target":{"@type":"EntryPoint","urlTemplate":"https:\/\/www.namude.lt\/?s={search_term_string}"},"query-input":{"@type":"PropertyValueSpecification","valueRequired":true,"valueName":"search_term_string"}}],"inLanguage":"ru-RU"},{"@type":"Organization","@id":"https:\/\/www.namude.lt\/#organization","name":"Namud\u0117","url":"https:\/\/www.namude.lt\/","logo":{"@type":"ImageObject","inLanguage":"ru-RU","@id":"https:\/\/www.namude.lt\/#\/schema\/logo\/image\/","url":"https:\/\/www.namude.lt\/wp-content\/uploads\/2023\/11\/logo-symbol.svg","contentUrl":"https:\/\/www.namude.lt\/wp-content\/uploads\/2023\/11\/logo-symbol.svg","width":1,"height":1,"caption":"Namud\u0117"},"image":{"@id":"https:\/\/www.namude.lt\/#\/schema\/logo\/image\/"}}]}},"_links":{"self":[{"href":"https:\/\/www.namude.lt\/ru\/wp-json\/wp\/v2\/product\/23807","targetHints":{"allow":["GET"]}}],"collection":[{"href":"https:\/\/www.namude.lt\/ru\/wp-json\/wp\/v2\/product"}],"about":[{"href":"https:\/\/www.namude.lt\/ru\/wp-json\/wp\/v2\/types\/product"}],"wp:featuredmedia":[{"embeddable":true,"href":"https:\/\/www.namude.lt\/ru\/wp-json\/wp\/v2\/media\/23808"}],"wp:attachment":[{"href":"https:\/\/www.namude.lt\/ru\/wp-json\/wp\/v2\/media?parent=23807"}],"wp:term":[{"taxonomy":"product_brand","embeddable":true,"href":"https:\/\/www.namude.lt\/ru\/wp-json\/wp\/v2\/product_brand?post=23807"},{"taxonomy":"product_cat","embeddable":true,"href":"https:\/\/www.namude.lt\/ru\/wp-json\/wp\/v2\/product_cat?post=23807"},{"taxonomy":"product_tag","embeddable":true,"href":"https:\/\/www.namude.lt\/ru\/wp-json\/wp\/v2\/product_tag?post=23807"}],"curies":[{"name":"wp","href":"https:\/\/api.w.org\/{rel}","templated":true}]}}