{"id":23722,"date":"2025-11-21T10:12:49","date_gmt":"2025-11-21T08:12:49","guid":{"rendered":"https:\/\/www.namude.lt\/?post_type=product&#038;p=23722"},"modified":"2025-11-21T10:12:49","modified_gmt":"2025-11-21T08:12:49","slug":"parduodamas-namas-vaizdingoje-vietoje-prie-sartu-ezero-zirgu-g-33-uztilte-zarasu-r","status":"publish","type":"product","link":"https:\/\/www.namude.lt\/ru\/\u043e\u0431\u044a\u0435\u043a\u0442\/parduodamas-namas-vaizdingoje-vietoje-prie-sartu-ezero-zirgu-g-33-uztilte-zarasu-r\/","title":{"rendered":"PARDUODAMAS NAMAS VAIZDINGOJE VIETOJE PRIE SART\u0172 E\u017dERO \u2013 \u017dirg\u0173 g. 33, U\u017etilt\u0117, Zaras\u0173 r."},"content":{"rendered":"","protected":false},"excerpt":{"rendered":"<p>Parduodamas jaukus ir funkcionaliai suprojektuotas namas vienoje gra\u017eiausi\u0173 Zaras\u0173 rajono vietovi\u0173 \u2013 U\u017etilt\u0117je, vos keli\u0173 minu\u010di\u0173 atstumu nuo Duset\u0173 miestelio. Tai puikus pasirinkimas ie\u0161kantiems gyvenamosios vietos gamtos apsuptyje, vertinantiems ramyb\u0119, privatum\u0105 ir kokybi\u0161k\u0105 gyvenimo b\u016bd\u0105. \u0160alimais esantis Sart\u0173 e\u017eeras \u2013 vienas did\u017eiausi\u0173 Lietuvoje, puikiai tinkantis \u017evejybai, vandens pramogoms.<br \/>\nVos kelios minut\u0117s nuo namo \u2013 jaukus ir gerai i\u0161vystytas Duset\u0173 miestelis, gars\u0117jantis tiek savo kult\u016bra, tiek gamta. Dusetos \u2013 tai vieta, kurioje dera ramus gyvenimo tempas ir aktyvus bendruomeni\u0161kumas: gimnazija, meno mokykla,  biblioteka, lop\u0161elis-dar\u017eelis, parduotuv\u0117s, kavin\u0117s, aktyvi bendruomen\u0117, Kult\u016bros centre ir galerijoje \u201cSartai\u201d \u2013 parodos, koncertai, renginiai i\u0161tisus metus.<br \/>\nPRIVALUMAI:<br \/>\n\u2013 M\u016brinis 106kv.m dviej\u0173 auk\u0161t\u0173 namas (Pirmame auk\u0161te erdvi svetain\u0117, holas, virtuv\u0117, du\u0161as ir WC patalpa. Antrame auk\u0161te 3 miegamieji, holas, balkonas, r\u016bsys po visu namu, gara\u017eas. Pakeistas stogas, langai, nuotek\u0173 vamzdynas)<br \/>\n\u2013 \u0160ildymas centrinis kieto kuro katilu;<br \/>\n\u2013 \u016akiniai pastatai, pirtis, pav\u0117sin\u0117;<br \/>\n-Teritorija pri\u017ei\u016br\u0117ta, daug dekoratyvini\u0173 augal\u0173, tvenkinys;<br \/>\n\u2013 Sklypo plotas 32a;<br \/>\n\u2013 Patogus priva\u017eiavimas visus metus. Iki Duset\u0173 1,5km, Zaras\u0173 34km, Utenos 37km, Roki\u0161kio 38km, Panev\u0117\u017eys 121km, Vilniaus 135km ir Kauno 170km.<\/p>\n","protected":false},"featured_media":23723,"template":"","meta":{"_acf_changed":false},"product_brand":[],"product_cat":[26],"product_tag":[],"class_list":{"0":"post-23722","1":"product","2":"type-product","3":"status-publish","4":"has-post-thumbnail","6":"product_cat-namai","7":"pa_rajonas-zarasu-rajonas","8":"description-off","10":"first","11":"instock","12":"shipping-taxable","13":"purchasable","14":"product-type-simple"},"acf":[],"yoast_head":"<!-- This site is optimized with the Yoast SEO plugin v27.0 - https:\/\/yoast.com\/product\/yoast-seo-wordpress\/ -->\n<title>PARDUODAMAS NAMAS VAIZDINGOJE VIETOJE PRIE SART\u0172 E\u017dERO \u2013 \u017dirg\u0173 g. 33, U\u017etilt\u0117, Zaras\u0173 r. - Namud\u0117<\/title>\n<meta name=\"robots\" content=\"index, follow, max-snippet:-1, max-image-preview:large, max-video-preview:-1\" \/>\n<link rel=\"canonical\" href=\"https:\/\/www.namude.lt\/objektas\/parduodamas-namas-vaizdingoje-vietoje-prie-sartu-ezero-zirgu-g-33-uztilte-zarasu-r\/\" \/>\n<meta property=\"og:locale\" content=\"ru_RU\" \/>\n<meta property=\"og:type\" content=\"article\" \/>\n<meta property=\"og:title\" content=\"PARDUODAMAS NAMAS VAIZDINGOJE VIETOJE PRIE SART\u0172 E\u017dERO \u2013 \u017dirg\u0173 g. 33, U\u017etilt\u0117, Zaras\u0173 r. - Namud\u0117\" \/>\n<meta property=\"og:description\" content=\"Parduodamas jaukus ir funkcionaliai suprojektuotas namas vienoje gra\u017eiausi\u0173 Zaras\u0173 rajono vietovi\u0173 \u2013 U\u017etilt\u0117je, vos keli\u0173 minu\u010di\u0173 atstumu nuo Duset\u0173 miestelio. Tai puikus pasirinkimas ie\u0161kantiems gyvenamosios vietos gamtos apsuptyje, vertinantiems ramyb\u0119, privatum\u0105 ir kokybi\u0161k\u0105 gyvenimo b\u016bd\u0105. \u0160alimais esantis Sart\u0173 e\u017eeras \u2013 vienas did\u017eiausi\u0173 Lietuvoje, puikiai tinkantis \u017evejybai, vandens pramogoms. Vos kelios minut\u0117s nuo namo \u2013 jaukus ir gerai i\u0161vystytas Duset\u0173 miestelis, gars\u0117jantis tiek savo kult\u016bra, tiek gamta. Dusetos \u2013 tai vieta, kurioje dera ramus gyvenimo tempas ir aktyvus bendruomeni\u0161kumas: gimnazija, meno mokykla, biblioteka, lop\u0161elis-dar\u017eelis, parduotuv\u0117s, kavin\u0117s, aktyvi bendruomen\u0117, Kult\u016bros centre ir galerijoje \u201cSartai\u201d \u2013 parodos, koncertai, renginiai i\u0161tisus metus. PRIVALUMAI: \u2013 M\u016brinis 106kv.m dviej\u0173 auk\u0161t\u0173 namas (Pirmame auk\u0161te erdvi svetain\u0117, holas, virtuv\u0117, du\u0161as ir WC patalpa. Antrame auk\u0161te 3 miegamieji, holas, balkonas, r\u016bsys po visu namu, gara\u017eas. Pakeistas stogas, langai, nuotek\u0173 vamzdynas) \u2013 \u0160ildymas centrinis kieto kuro katilu; \u2013 \u016akiniai pastatai, pirtis, pav\u0117sin\u0117; -Teritorija pri\u017ei\u016br\u0117ta, daug dekoratyvini\u0173 augal\u0173, tvenkinys; \u2013 Sklypo plotas 32a; \u2013 Patogus priva\u017eiavimas visus metus. Iki Duset\u0173 1,5km, Zaras\u0173 34km, Utenos 37km, Roki\u0161kio 38km, Panev\u0117\u017eys 121km, Vilniaus 135km ir Kauno 170km.\" \/>\n<meta property=\"og:url\" content=\"https:\/\/www.namude.lt\/objektas\/parduodamas-namas-vaizdingoje-vietoje-prie-sartu-ezero-zirgu-g-33-uztilte-zarasu-r\/\" \/>\n<meta property=\"og:site_name\" content=\"Namud\u0117\" \/>\n<meta property=\"og:image\" content=\"https:\/\/www.namude.lt\/wp-content\/uploads\/2025\/11\/1-6.jpg\" \/>\n\t<meta property=\"og:image:width\" content=\"2400\" \/>\n\t<meta property=\"og:image:height\" content=\"1800\" \/>\n\t<meta property=\"og:image:type\" content=\"image\/jpeg\" \/>\n<meta name=\"twitter:card\" content=\"summary_large_image\" \/>\n<script type=\"application\/ld+json\" class=\"yoast-schema-graph\">{\"@context\":\"https:\/\/schema.org\",\"@graph\":[{\"@type\":\"WebPage\",\"@id\":\"https:\/\/www.namude.lt\/objektas\/parduodamas-namas-vaizdingoje-vietoje-prie-sartu-ezero-zirgu-g-33-uztilte-zarasu-r\/\",\"url\":\"https:\/\/www.namude.lt\/objektas\/parduodamas-namas-vaizdingoje-vietoje-prie-sartu-ezero-zirgu-g-33-uztilte-zarasu-r\/\",\"name\":\"PARDUODAMAS NAMAS VAIZDINGOJE VIETOJE PRIE SART\u0172 E\u017dERO \u2013 \u017dirg\u0173 g. 33, U\u017etilt\u0117, Zaras\u0173 r. - Namud\u0117\",\"isPartOf\":{\"@id\":\"https:\/\/www.namude.lt\/#website\"},\"primaryImageOfPage\":{\"@id\":\"https:\/\/www.namude.lt\/objektas\/parduodamas-namas-vaizdingoje-vietoje-prie-sartu-ezero-zirgu-g-33-uztilte-zarasu-r\/#primaryimage\"},\"image\":{\"@id\":\"https:\/\/www.namude.lt\/objektas\/parduodamas-namas-vaizdingoje-vietoje-prie-sartu-ezero-zirgu-g-33-uztilte-zarasu-r\/#primaryimage\"},\"thumbnailUrl\":\"https:\/\/www.namude.lt\/wp-content\/uploads\/2025\/11\/1-6.jpg\",\"datePublished\":\"2025-11-21T08:12:49+00:00\",\"breadcrumb\":{\"@id\":\"https:\/\/www.namude.lt\/objektas\/parduodamas-namas-vaizdingoje-vietoje-prie-sartu-ezero-zirgu-g-33-uztilte-zarasu-r\/#breadcrumb\"},\"inLanguage\":\"ru-RU\",\"potentialAction\":[{\"@type\":\"ReadAction\",\"target\":[\"https:\/\/www.namude.lt\/objektas\/parduodamas-namas-vaizdingoje-vietoje-prie-sartu-ezero-zirgu-g-33-uztilte-zarasu-r\/\"]}]},{\"@type\":\"ImageObject\",\"inLanguage\":\"ru-RU\",\"@id\":\"https:\/\/www.namude.lt\/objektas\/parduodamas-namas-vaizdingoje-vietoje-prie-sartu-ezero-zirgu-g-33-uztilte-zarasu-r\/#primaryimage\",\"url\":\"https:\/\/www.namude.lt\/wp-content\/uploads\/2025\/11\/1-6.jpg\",\"contentUrl\":\"https:\/\/www.namude.lt\/wp-content\/uploads\/2025\/11\/1-6.jpg\",\"width\":2400,\"height\":1800},{\"@type\":\"BreadcrumbList\",\"@id\":\"https:\/\/www.namude.lt\/objektas\/parduodamas-namas-vaizdingoje-vietoje-prie-sartu-ezero-zirgu-g-33-uztilte-zarasu-r\/#breadcrumb\",\"itemListElement\":[{\"@type\":\"ListItem\",\"position\":1,\"name\":\"Home\",\"item\":\"https:\/\/www.namude.lt\/ru\/\"},{\"@type\":\"ListItem\",\"position\":2,\"name\":\"\u041e\u0431\u044a\u0435\u043a\u0442\u044b\",\"item\":\"https:\/\/www.namude.lt\/ru\/%d0%be%d0%b1%d1%8a%d0%b5%d0%ba%d1%82%d1%8b\/\"},{\"@type\":\"ListItem\",\"position\":3,\"name\":\"PARDUODAMAS NAMAS VAIZDINGOJE VIETOJE PRIE SART\u0172 E\u017dERO \u2013 \u017dirg\u0173 g. 33, U\u017etilt\u0117, Zaras\u0173 r.\"}]},{\"@type\":\"WebSite\",\"@id\":\"https:\/\/www.namude.lt\/#website\",\"url\":\"https:\/\/www.namude.lt\/\",\"name\":\"Namud\u0117\",\"description\":\"\u201eNamud\u0117\u201c \u2013 agent\u016bra, pardavin\u0117janti Auk\u0161taitijos NT grynuolius.\",\"publisher\":{\"@id\":\"https:\/\/www.namude.lt\/#organization\"},\"potentialAction\":[{\"@type\":\"SearchAction\",\"target\":{\"@type\":\"EntryPoint\",\"urlTemplate\":\"https:\/\/www.namude.lt\/?s={search_term_string}\"},\"query-input\":{\"@type\":\"PropertyValueSpecification\",\"valueRequired\":true,\"valueName\":\"search_term_string\"}}],\"inLanguage\":\"ru-RU\"},{\"@type\":\"Organization\",\"@id\":\"https:\/\/www.namude.lt\/#organization\",\"name\":\"Namud\u0117\",\"url\":\"https:\/\/www.namude.lt\/\",\"logo\":{\"@type\":\"ImageObject\",\"inLanguage\":\"ru-RU\",\"@id\":\"https:\/\/www.namude.lt\/#\/schema\/logo\/image\/\",\"url\":\"https:\/\/www.namude.lt\/wp-content\/uploads\/2023\/11\/logo-symbol.svg\",\"contentUrl\":\"https:\/\/www.namude.lt\/wp-content\/uploads\/2023\/11\/logo-symbol.svg\",\"width\":1,\"height\":1,\"caption\":\"Namud\u0117\"},\"image\":{\"@id\":\"https:\/\/www.namude.lt\/#\/schema\/logo\/image\/\"}}]}<\/script>\n<!-- \/ Yoast SEO plugin. -->","yoast_head_json":{"title":"PARDUODAMAS NAMAS VAIZDINGOJE VIETOJE PRIE SART\u0172 E\u017dERO \u2013 \u017dirg\u0173 g. 33, U\u017etilt\u0117, Zaras\u0173 r. - Namud\u0117","robots":{"index":"index","follow":"follow","max-snippet":"max-snippet:-1","max-image-preview":"max-image-preview:large","max-video-preview":"max-video-preview:-1"},"canonical":"https:\/\/www.namude.lt\/objektas\/parduodamas-namas-vaizdingoje-vietoje-prie-sartu-ezero-zirgu-g-33-uztilte-zarasu-r\/","og_locale":"ru_RU","og_type":"article","og_title":"PARDUODAMAS NAMAS VAIZDINGOJE VIETOJE PRIE SART\u0172 E\u017dERO \u2013 \u017dirg\u0173 g. 33, U\u017etilt\u0117, Zaras\u0173 r. - Namud\u0117","og_description":"Parduodamas jaukus ir funkcionaliai suprojektuotas namas vienoje gra\u017eiausi\u0173 Zaras\u0173 rajono vietovi\u0173 \u2013 U\u017etilt\u0117je, vos keli\u0173 minu\u010di\u0173 atstumu nuo Duset\u0173 miestelio. Tai puikus pasirinkimas ie\u0161kantiems gyvenamosios vietos gamtos apsuptyje, vertinantiems ramyb\u0119, privatum\u0105 ir kokybi\u0161k\u0105 gyvenimo b\u016bd\u0105. \u0160alimais esantis Sart\u0173 e\u017eeras \u2013 vienas did\u017eiausi\u0173 Lietuvoje, puikiai tinkantis \u017evejybai, vandens pramogoms. Vos kelios minut\u0117s nuo namo \u2013 jaukus ir gerai i\u0161vystytas Duset\u0173 miestelis, gars\u0117jantis tiek savo kult\u016bra, tiek gamta. Dusetos \u2013 tai vieta, kurioje dera ramus gyvenimo tempas ir aktyvus bendruomeni\u0161kumas: gimnazija, meno mokykla, biblioteka, lop\u0161elis-dar\u017eelis, parduotuv\u0117s, kavin\u0117s, aktyvi bendruomen\u0117, Kult\u016bros centre ir galerijoje \u201cSartai\u201d \u2013 parodos, koncertai, renginiai i\u0161tisus metus. PRIVALUMAI: \u2013 M\u016brinis 106kv.m dviej\u0173 auk\u0161t\u0173 namas (Pirmame auk\u0161te erdvi svetain\u0117, holas, virtuv\u0117, du\u0161as ir WC patalpa. Antrame auk\u0161te 3 miegamieji, holas, balkonas, r\u016bsys po visu namu, gara\u017eas. Pakeistas stogas, langai, nuotek\u0173 vamzdynas) \u2013 \u0160ildymas centrinis kieto kuro katilu; \u2013 \u016akiniai pastatai, pirtis, pav\u0117sin\u0117; -Teritorija pri\u017ei\u016br\u0117ta, daug dekoratyvini\u0173 augal\u0173, tvenkinys; \u2013 Sklypo plotas 32a; \u2013 Patogus priva\u017eiavimas visus metus. Iki Duset\u0173 1,5km, Zaras\u0173 34km, Utenos 37km, Roki\u0161kio 38km, Panev\u0117\u017eys 121km, Vilniaus 135km ir Kauno 170km.","og_url":"https:\/\/www.namude.lt\/objektas\/parduodamas-namas-vaizdingoje-vietoje-prie-sartu-ezero-zirgu-g-33-uztilte-zarasu-r\/","og_site_name":"Namud\u0117","og_image":[{"width":2400,"height":1800,"url":"https:\/\/www.namude.lt\/wp-content\/uploads\/2025\/11\/1-6.jpg","type":"image\/jpeg"}],"twitter_card":"summary_large_image","schema":{"@context":"https:\/\/schema.org","@graph":[{"@type":"WebPage","@id":"https:\/\/www.namude.lt\/objektas\/parduodamas-namas-vaizdingoje-vietoje-prie-sartu-ezero-zirgu-g-33-uztilte-zarasu-r\/","url":"https:\/\/www.namude.lt\/objektas\/parduodamas-namas-vaizdingoje-vietoje-prie-sartu-ezero-zirgu-g-33-uztilte-zarasu-r\/","name":"PARDUODAMAS NAMAS VAIZDINGOJE VIETOJE PRIE SART\u0172 E\u017dERO \u2013 \u017dirg\u0173 g. 33, U\u017etilt\u0117, Zaras\u0173 r. - Namud\u0117","isPartOf":{"@id":"https:\/\/www.namude.lt\/#website"},"primaryImageOfPage":{"@id":"https:\/\/www.namude.lt\/objektas\/parduodamas-namas-vaizdingoje-vietoje-prie-sartu-ezero-zirgu-g-33-uztilte-zarasu-r\/#primaryimage"},"image":{"@id":"https:\/\/www.namude.lt\/objektas\/parduodamas-namas-vaizdingoje-vietoje-prie-sartu-ezero-zirgu-g-33-uztilte-zarasu-r\/#primaryimage"},"thumbnailUrl":"https:\/\/www.namude.lt\/wp-content\/uploads\/2025\/11\/1-6.jpg","datePublished":"2025-11-21T08:12:49+00:00","breadcrumb":{"@id":"https:\/\/www.namude.lt\/objektas\/parduodamas-namas-vaizdingoje-vietoje-prie-sartu-ezero-zirgu-g-33-uztilte-zarasu-r\/#breadcrumb"},"inLanguage":"ru-RU","potentialAction":[{"@type":"ReadAction","target":["https:\/\/www.namude.lt\/objektas\/parduodamas-namas-vaizdingoje-vietoje-prie-sartu-ezero-zirgu-g-33-uztilte-zarasu-r\/"]}]},{"@type":"ImageObject","inLanguage":"ru-RU","@id":"https:\/\/www.namude.lt\/objektas\/parduodamas-namas-vaizdingoje-vietoje-prie-sartu-ezero-zirgu-g-33-uztilte-zarasu-r\/#primaryimage","url":"https:\/\/www.namude.lt\/wp-content\/uploads\/2025\/11\/1-6.jpg","contentUrl":"https:\/\/www.namude.lt\/wp-content\/uploads\/2025\/11\/1-6.jpg","width":2400,"height":1800},{"@type":"BreadcrumbList","@id":"https:\/\/www.namude.lt\/objektas\/parduodamas-namas-vaizdingoje-vietoje-prie-sartu-ezero-zirgu-g-33-uztilte-zarasu-r\/#breadcrumb","itemListElement":[{"@type":"ListItem","position":1,"name":"Home","item":"https:\/\/www.namude.lt\/ru\/"},{"@type":"ListItem","position":2,"name":"\u041e\u0431\u044a\u0435\u043a\u0442\u044b","item":"https:\/\/www.namude.lt\/ru\/%d0%be%d0%b1%d1%8a%d0%b5%d0%ba%d1%82%d1%8b\/"},{"@type":"ListItem","position":3,"name":"PARDUODAMAS NAMAS VAIZDINGOJE VIETOJE PRIE SART\u0172 E\u017dERO \u2013 \u017dirg\u0173 g. 33, U\u017etilt\u0117, Zaras\u0173 r."}]},{"@type":"WebSite","@id":"https:\/\/www.namude.lt\/#website","url":"https:\/\/www.namude.lt\/","name":"Namud\u0117","description":"\u201eNamud\u0117\u201c \u2013 agent\u016bra, pardavin\u0117janti Auk\u0161taitijos NT grynuolius.","publisher":{"@id":"https:\/\/www.namude.lt\/#organization"},"potentialAction":[{"@type":"SearchAction","target":{"@type":"EntryPoint","urlTemplate":"https:\/\/www.namude.lt\/?s={search_term_string}"},"query-input":{"@type":"PropertyValueSpecification","valueRequired":true,"valueName":"search_term_string"}}],"inLanguage":"ru-RU"},{"@type":"Organization","@id":"https:\/\/www.namude.lt\/#organization","name":"Namud\u0117","url":"https:\/\/www.namude.lt\/","logo":{"@type":"ImageObject","inLanguage":"ru-RU","@id":"https:\/\/www.namude.lt\/#\/schema\/logo\/image\/","url":"https:\/\/www.namude.lt\/wp-content\/uploads\/2023\/11\/logo-symbol.svg","contentUrl":"https:\/\/www.namude.lt\/wp-content\/uploads\/2023\/11\/logo-symbol.svg","width":1,"height":1,"caption":"Namud\u0117"},"image":{"@id":"https:\/\/www.namude.lt\/#\/schema\/logo\/image\/"}}]}},"_links":{"self":[{"href":"https:\/\/www.namude.lt\/ru\/wp-json\/wp\/v2\/product\/23722","targetHints":{"allow":["GET"]}}],"collection":[{"href":"https:\/\/www.namude.lt\/ru\/wp-json\/wp\/v2\/product"}],"about":[{"href":"https:\/\/www.namude.lt\/ru\/wp-json\/wp\/v2\/types\/product"}],"wp:featuredmedia":[{"embeddable":true,"href":"https:\/\/www.namude.lt\/ru\/wp-json\/wp\/v2\/media\/23723"}],"wp:attachment":[{"href":"https:\/\/www.namude.lt\/ru\/wp-json\/wp\/v2\/media?parent=23722"}],"wp:term":[{"taxonomy":"product_brand","embeddable":true,"href":"https:\/\/www.namude.lt\/ru\/wp-json\/wp\/v2\/product_brand?post=23722"},{"taxonomy":"product_cat","embeddable":true,"href":"https:\/\/www.namude.lt\/ru\/wp-json\/wp\/v2\/product_cat?post=23722"},{"taxonomy":"product_tag","embeddable":true,"href":"https:\/\/www.namude.lt\/ru\/wp-json\/wp\/v2\/product_tag?post=23722"}],"curies":[{"name":"wp","href":"https:\/\/api.w.org\/{rel}","templated":true}]}}