{"id":23586,"date":"2025-11-17T08:30:09","date_gmt":"2025-11-17T06:30:09","guid":{"rendered":"https:\/\/www.namude.lt\/?post_type=product&#038;p=23586"},"modified":"2026-01-26T08:36:12","modified_gmt":"2026-01-26T06:36:12","slug":"parduodamas-jaukus-ir-ekonomiskas-namas-prie-trakelio-misko-leliunu-kaime-anyksciu-rajone","status":"publish","type":"product","link":"https:\/\/www.namude.lt\/ru\/\u043e\u0431\u044a\u0435\u043a\u0442\/parduodamas-jaukus-ir-ekonomiskas-namas-prie-trakelio-misko-leliunu-kaime-anyksciu-rajone\/","title":{"rendered":"Parduodamas jaukus ir ekonomi\u0161kas namas prie Trakelio mi\u0161ko Leli\u016bn\u0173 kaime, Anyk\u0161\u010di\u0173 rajone"},"content":{"rendered":"","protected":false},"excerpt":{"rendered":"<p>Jei svajojate apie gyvenim\u0105 gamtos apsuptyje, prie Trakelio mi\u0161ko \u2013 \u0161is namas Leli\u016bn\u0173 kaime, Anyk\u0161\u010di\u0173 rajone, kaip tik Jums! Tvarkingas, \u0161viesus ir pri\u017ei\u016br\u0117tas namas su \u012frengta saul\u0117s elektrine \u2013 puikus pasirinkimas tiek nuolatiniam gyvenimui, tiek poilsiui.<br \/>\nLeli\u016bn\u0173 kaimas \u2013 ramus ir jaukus Anyk\u0161\u010di\u0173 rajono kaimas, \u012fsik\u016br\u0119s gra\u017eioje vietov\u0117je netoliese \u0160ventosios up\u0117s sl\u0117nio. \u0160ventoji \u2013 viena gra\u017eiausi\u0173 ir \u0161variausi\u0173 Lietuvos upi\u0173, vingiuojanti pro mi\u0161kus, pievas ir kalvotas apylinkes. Tai ideali vieta m\u0117gstantiems ramyb\u0119, pasivaik\u0161\u010diojimus gamtoje, baidares ar \u017evejyb\u0105.<br \/>\nVos keli\u0173 kilometr\u0173 atstumu driekiasi vaizdingi mi\u0161kai \u2013 Mick\u016bn\u0173, Dobilyn\u0117s, Ramuldavos, o netoliese gausu lankytin\u0173 viet\u0173- \u0160ventosios up\u0117s pa\u017eintinis takas, Burbi\u0161kio dvaras ir parkas, Anyk\u0161\u010di\u0173 \u0161ilelis ir Laj\u0173 takas, Rubiki\u0173 e\u017eeras ir ap\u017evalgos bok\u0161tas.<br \/>\nPRIVALUMAI:<br \/>\n\u2013 Vieno auk\u0161to renovuotas namas129kv.m. namas (3 kambariai, virtuv\u0117, vonia ir tualetas atskirose patalpose, erdvus holas, veranda, \u012frengtas pandusas. Galimyb\u0117 \u012fsirengti 2 auk\u0161t\u0105);<br \/>\n\u2013 R\u016bsys po visu namu;<br \/>\n\u2013 \u0160ildymas pasirinktinai elektra (\u012frengta saul\u0117s elektrin\u0117) ir kietu kuru;<br \/>\n\u2013 Kiti statiniai \u2013 (\u016bkinis pastatas, gara\u017eas, pirtis);<br \/>\n\u2013 Pri\u017ei\u016br\u0117tas 31a. sklypas apsodintas dekoratyviniais med\u017eiais ir augalais;<br \/>\n&#8212; Geras priva\u017eiavimas visais met\u0173 laikais. Atstumas iki Sv\u0117das\u0173 10km, Anyk\u0161\u010di\u0173 17km, Utenos 36km, Kupi\u0161kio 43km, Roki\u0161kio 46km, Panev\u0117\u017eio 76km, Vilniaus ir Kauno 126km.<\/p>\n","protected":false},"featured_media":23587,"template":"","meta":{"_acf_changed":false},"product_brand":[],"product_cat":[26],"product_tag":[],"class_list":{"0":"post-23586","1":"product","2":"type-product","3":"status-publish","4":"has-post-thumbnail","6":"product_cat-namai","7":"pa_rajonas-anyksciu-rajonas","8":"description-off","10":"first","11":"instock","12":"sale","13":"shipping-taxable","14":"purchasable","15":"product-type-simple"},"acf":[],"yoast_head":"<!-- This site is optimized with the Yoast SEO plugin v27.4 - https:\/\/yoast.com\/product\/yoast-seo-wordpress\/ -->\n<title>Parduodamas jaukus ir ekonomi\u0161kas namas prie Trakelio mi\u0161ko Leli\u016bn\u0173 kaime, Anyk\u0161\u010di\u0173 rajone - Namud\u0117<\/title>\n<meta name=\"robots\" content=\"index, follow, max-snippet:-1, max-image-preview:large, max-video-preview:-1\" \/>\n<link rel=\"canonical\" href=\"https:\/\/www.namude.lt\/objektas\/parduodamas-jaukus-ir-ekonomiskas-namas-prie-trakelio-misko-leliunu-kaime-anyksciu-rajone\/\" \/>\n<meta property=\"og:locale\" content=\"ru_RU\" \/>\n<meta property=\"og:type\" content=\"article\" \/>\n<meta property=\"og:title\" content=\"Parduodamas jaukus ir ekonomi\u0161kas namas prie Trakelio mi\u0161ko Leli\u016bn\u0173 kaime, Anyk\u0161\u010di\u0173 rajone - Namud\u0117\" \/>\n<meta property=\"og:description\" content=\"Jei svajojate apie gyvenim\u0105 gamtos apsuptyje, prie Trakelio mi\u0161ko \u2013 \u0161is namas Leli\u016bn\u0173 kaime, Anyk\u0161\u010di\u0173 rajone, kaip tik Jums! Tvarkingas, \u0161viesus ir pri\u017ei\u016br\u0117tas namas su \u012frengta saul\u0117s elektrine \u2013 puikus pasirinkimas tiek nuolatiniam gyvenimui, tiek poilsiui. Leli\u016bn\u0173 kaimas \u2013 ramus ir jaukus Anyk\u0161\u010di\u0173 rajono kaimas, \u012fsik\u016br\u0119s gra\u017eioje vietov\u0117je netoliese \u0160ventosios up\u0117s sl\u0117nio. \u0160ventoji \u2013 viena gra\u017eiausi\u0173 ir \u0161variausi\u0173 Lietuvos upi\u0173, vingiuojanti pro mi\u0161kus, pievas ir kalvotas apylinkes. Tai ideali vieta m\u0117gstantiems ramyb\u0119, pasivaik\u0161\u010diojimus gamtoje, baidares ar \u017evejyb\u0105. Vos keli\u0173 kilometr\u0173 atstumu driekiasi vaizdingi mi\u0161kai \u2013 Mick\u016bn\u0173, Dobilyn\u0117s, Ramuldavos, o netoliese gausu lankytin\u0173 viet\u0173- \u0160ventosios up\u0117s pa\u017eintinis takas, Burbi\u0161kio dvaras ir parkas, Anyk\u0161\u010di\u0173 \u0161ilelis ir Laj\u0173 takas, Rubiki\u0173 e\u017eeras ir ap\u017evalgos bok\u0161tas. PRIVALUMAI: \u2013 Vieno auk\u0161to renovuotas namas129kv.m. namas (3 kambariai, virtuv\u0117, vonia ir tualetas atskirose patalpose, erdvus holas, veranda, \u012frengtas pandusas. Galimyb\u0117 \u012fsirengti 2 auk\u0161t\u0105); \u2013 R\u016bsys po visu namu; \u2013 \u0160ildymas pasirinktinai elektra (\u012frengta saul\u0117s elektrin\u0117) ir kietu kuru; \u2013 Kiti statiniai \u2013 (\u016bkinis pastatas, gara\u017eas, pirtis); \u2013 Pri\u017ei\u016br\u0117tas 31a. sklypas apsodintas dekoratyviniais med\u017eiais ir augalais; - Geras priva\u017eiavimas visais met\u0173 laikais. Atstumas iki Sv\u0117das\u0173 10km, Anyk\u0161\u010di\u0173 17km, Utenos 36km, Kupi\u0161kio 43km, Roki\u0161kio 46km, Panev\u0117\u017eio 76km, Vilniaus ir Kauno 126km.\" \/>\n<meta property=\"og:url\" content=\"https:\/\/www.namude.lt\/objektas\/parduodamas-jaukus-ir-ekonomiskas-namas-prie-trakelio-misko-leliunu-kaime-anyksciu-rajone\/\" \/>\n<meta property=\"og:site_name\" content=\"Namud\u0117\" \/>\n<meta property=\"article:modified_time\" content=\"2026-01-26T06:36:12+00:00\" \/>\n<meta property=\"og:image\" content=\"https:\/\/www.namude.lt\/wp-content\/uploads\/2025\/11\/1-3.jpg\" \/>\n\t<meta property=\"og:image:width\" content=\"2400\" \/>\n\t<meta property=\"og:image:height\" content=\"1800\" \/>\n\t<meta property=\"og:image:type\" content=\"image\/jpeg\" \/>\n<meta name=\"twitter:card\" content=\"summary_large_image\" \/>\n<script type=\"application\/ld+json\" class=\"yoast-schema-graph\">{\"@context\":\"https:\\\/\\\/schema.org\",\"@graph\":[{\"@type\":\"WebPage\",\"@id\":\"https:\\\/\\\/www.namude.lt\\\/objektas\\\/parduodamas-jaukus-ir-ekonomiskas-namas-prie-trakelio-misko-leliunu-kaime-anyksciu-rajone\\\/\",\"url\":\"https:\\\/\\\/www.namude.lt\\\/objektas\\\/parduodamas-jaukus-ir-ekonomiskas-namas-prie-trakelio-misko-leliunu-kaime-anyksciu-rajone\\\/\",\"name\":\"Parduodamas jaukus ir ekonomi\u0161kas namas prie Trakelio mi\u0161ko Leli\u016bn\u0173 kaime, Anyk\u0161\u010di\u0173 rajone - Namud\u0117\",\"isPartOf\":{\"@id\":\"https:\\\/\\\/www.namude.lt\\\/#website\"},\"primaryImageOfPage\":{\"@id\":\"https:\\\/\\\/www.namude.lt\\\/objektas\\\/parduodamas-jaukus-ir-ekonomiskas-namas-prie-trakelio-misko-leliunu-kaime-anyksciu-rajone\\\/#primaryimage\"},\"image\":{\"@id\":\"https:\\\/\\\/www.namude.lt\\\/objektas\\\/parduodamas-jaukus-ir-ekonomiskas-namas-prie-trakelio-misko-leliunu-kaime-anyksciu-rajone\\\/#primaryimage\"},\"thumbnailUrl\":\"https:\\\/\\\/www.namude.lt\\\/wp-content\\\/uploads\\\/2025\\\/11\\\/1-3.jpg\",\"datePublished\":\"2025-11-17T06:30:09+00:00\",\"dateModified\":\"2026-01-26T06:36:12+00:00\",\"breadcrumb\":{\"@id\":\"https:\\\/\\\/www.namude.lt\\\/objektas\\\/parduodamas-jaukus-ir-ekonomiskas-namas-prie-trakelio-misko-leliunu-kaime-anyksciu-rajone\\\/#breadcrumb\"},\"inLanguage\":\"ru-RU\",\"potentialAction\":[{\"@type\":\"ReadAction\",\"target\":[\"https:\\\/\\\/www.namude.lt\\\/objektas\\\/parduodamas-jaukus-ir-ekonomiskas-namas-prie-trakelio-misko-leliunu-kaime-anyksciu-rajone\\\/\"]}]},{\"@type\":\"ImageObject\",\"inLanguage\":\"ru-RU\",\"@id\":\"https:\\\/\\\/www.namude.lt\\\/objektas\\\/parduodamas-jaukus-ir-ekonomiskas-namas-prie-trakelio-misko-leliunu-kaime-anyksciu-rajone\\\/#primaryimage\",\"url\":\"https:\\\/\\\/www.namude.lt\\\/wp-content\\\/uploads\\\/2025\\\/11\\\/1-3.jpg\",\"contentUrl\":\"https:\\\/\\\/www.namude.lt\\\/wp-content\\\/uploads\\\/2025\\\/11\\\/1-3.jpg\",\"width\":2400,\"height\":1800},{\"@type\":\"BreadcrumbList\",\"@id\":\"https:\\\/\\\/www.namude.lt\\\/objektas\\\/parduodamas-jaukus-ir-ekonomiskas-namas-prie-trakelio-misko-leliunu-kaime-anyksciu-rajone\\\/#breadcrumb\",\"itemListElement\":[{\"@type\":\"ListItem\",\"position\":1,\"name\":\"Home\",\"item\":\"https:\\\/\\\/www.namude.lt\\\/ru\\\/\"},{\"@type\":\"ListItem\",\"position\":2,\"name\":\"\u041e\u0431\u044a\u0435\u043a\u0442\u044b\",\"item\":\"https:\\\/\\\/www.namude.lt\\\/ru\\\/%d0%be%d0%b1%d1%8a%d0%b5%d0%ba%d1%82%d1%8b\\\/\"},{\"@type\":\"ListItem\",\"position\":3,\"name\":\"Parduodamas jaukus ir ekonomi\u0161kas namas prie Trakelio mi\u0161ko Leli\u016bn\u0173 kaime, Anyk\u0161\u010di\u0173 rajone\"}]},{\"@type\":\"WebSite\",\"@id\":\"https:\\\/\\\/www.namude.lt\\\/#website\",\"url\":\"https:\\\/\\\/www.namude.lt\\\/\",\"name\":\"Namud\u0117\",\"description\":\"\u201eNamud\u0117\u201c \u2013 agent\u016bra, pardavin\u0117janti Auk\u0161taitijos NT grynuolius.\",\"publisher\":{\"@id\":\"https:\\\/\\\/www.namude.lt\\\/#organization\"},\"potentialAction\":[{\"@type\":\"SearchAction\",\"target\":{\"@type\":\"EntryPoint\",\"urlTemplate\":\"https:\\\/\\\/www.namude.lt\\\/?s={search_term_string}\"},\"query-input\":{\"@type\":\"PropertyValueSpecification\",\"valueRequired\":true,\"valueName\":\"search_term_string\"}}],\"inLanguage\":\"ru-RU\"},{\"@type\":\"Organization\",\"@id\":\"https:\\\/\\\/www.namude.lt\\\/#organization\",\"name\":\"Namud\u0117\",\"url\":\"https:\\\/\\\/www.namude.lt\\\/\",\"logo\":{\"@type\":\"ImageObject\",\"inLanguage\":\"ru-RU\",\"@id\":\"https:\\\/\\\/www.namude.lt\\\/#\\\/schema\\\/logo\\\/image\\\/\",\"url\":\"https:\\\/\\\/www.namude.lt\\\/wp-content\\\/uploads\\\/2023\\\/11\\\/logo-symbol.svg\",\"contentUrl\":\"https:\\\/\\\/www.namude.lt\\\/wp-content\\\/uploads\\\/2023\\\/11\\\/logo-symbol.svg\",\"width\":1,\"height\":1,\"caption\":\"Namud\u0117\"},\"image\":{\"@id\":\"https:\\\/\\\/www.namude.lt\\\/#\\\/schema\\\/logo\\\/image\\\/\"}}]}<\/script>\n<!-- \/ Yoast SEO plugin. -->","yoast_head_json":{"title":"Parduodamas jaukus ir ekonomi\u0161kas namas prie Trakelio mi\u0161ko Leli\u016bn\u0173 kaime, Anyk\u0161\u010di\u0173 rajone - Namud\u0117","robots":{"index":"index","follow":"follow","max-snippet":"max-snippet:-1","max-image-preview":"max-image-preview:large","max-video-preview":"max-video-preview:-1"},"canonical":"https:\/\/www.namude.lt\/objektas\/parduodamas-jaukus-ir-ekonomiskas-namas-prie-trakelio-misko-leliunu-kaime-anyksciu-rajone\/","og_locale":"ru_RU","og_type":"article","og_title":"Parduodamas jaukus ir ekonomi\u0161kas namas prie Trakelio mi\u0161ko Leli\u016bn\u0173 kaime, Anyk\u0161\u010di\u0173 rajone - Namud\u0117","og_description":"Jei svajojate apie gyvenim\u0105 gamtos apsuptyje, prie Trakelio mi\u0161ko \u2013 \u0161is namas Leli\u016bn\u0173 kaime, Anyk\u0161\u010di\u0173 rajone, kaip tik Jums! Tvarkingas, \u0161viesus ir pri\u017ei\u016br\u0117tas namas su \u012frengta saul\u0117s elektrine \u2013 puikus pasirinkimas tiek nuolatiniam gyvenimui, tiek poilsiui. Leli\u016bn\u0173 kaimas \u2013 ramus ir jaukus Anyk\u0161\u010di\u0173 rajono kaimas, \u012fsik\u016br\u0119s gra\u017eioje vietov\u0117je netoliese \u0160ventosios up\u0117s sl\u0117nio. \u0160ventoji \u2013 viena gra\u017eiausi\u0173 ir \u0161variausi\u0173 Lietuvos upi\u0173, vingiuojanti pro mi\u0161kus, pievas ir kalvotas apylinkes. Tai ideali vieta m\u0117gstantiems ramyb\u0119, pasivaik\u0161\u010diojimus gamtoje, baidares ar \u017evejyb\u0105. Vos keli\u0173 kilometr\u0173 atstumu driekiasi vaizdingi mi\u0161kai \u2013 Mick\u016bn\u0173, Dobilyn\u0117s, Ramuldavos, o netoliese gausu lankytin\u0173 viet\u0173- \u0160ventosios up\u0117s pa\u017eintinis takas, Burbi\u0161kio dvaras ir parkas, Anyk\u0161\u010di\u0173 \u0161ilelis ir Laj\u0173 takas, Rubiki\u0173 e\u017eeras ir ap\u017evalgos bok\u0161tas. PRIVALUMAI: \u2013 Vieno auk\u0161to renovuotas namas129kv.m. namas (3 kambariai, virtuv\u0117, vonia ir tualetas atskirose patalpose, erdvus holas, veranda, \u012frengtas pandusas. Galimyb\u0117 \u012fsirengti 2 auk\u0161t\u0105); \u2013 R\u016bsys po visu namu; \u2013 \u0160ildymas pasirinktinai elektra (\u012frengta saul\u0117s elektrin\u0117) ir kietu kuru; \u2013 Kiti statiniai \u2013 (\u016bkinis pastatas, gara\u017eas, pirtis); \u2013 Pri\u017ei\u016br\u0117tas 31a. sklypas apsodintas dekoratyviniais med\u017eiais ir augalais; - Geras priva\u017eiavimas visais met\u0173 laikais. Atstumas iki Sv\u0117das\u0173 10km, Anyk\u0161\u010di\u0173 17km, Utenos 36km, Kupi\u0161kio 43km, Roki\u0161kio 46km, Panev\u0117\u017eio 76km, Vilniaus ir Kauno 126km.","og_url":"https:\/\/www.namude.lt\/objektas\/parduodamas-jaukus-ir-ekonomiskas-namas-prie-trakelio-misko-leliunu-kaime-anyksciu-rajone\/","og_site_name":"Namud\u0117","article_modified_time":"2026-01-26T06:36:12+00:00","og_image":[{"width":2400,"height":1800,"url":"https:\/\/www.namude.lt\/wp-content\/uploads\/2025\/11\/1-3.jpg","type":"image\/jpeg"}],"twitter_card":"summary_large_image","schema":{"@context":"https:\/\/schema.org","@graph":[{"@type":"WebPage","@id":"https:\/\/www.namude.lt\/objektas\/parduodamas-jaukus-ir-ekonomiskas-namas-prie-trakelio-misko-leliunu-kaime-anyksciu-rajone\/","url":"https:\/\/www.namude.lt\/objektas\/parduodamas-jaukus-ir-ekonomiskas-namas-prie-trakelio-misko-leliunu-kaime-anyksciu-rajone\/","name":"Parduodamas jaukus ir ekonomi\u0161kas namas prie Trakelio mi\u0161ko Leli\u016bn\u0173 kaime, Anyk\u0161\u010di\u0173 rajone - Namud\u0117","isPartOf":{"@id":"https:\/\/www.namude.lt\/#website"},"primaryImageOfPage":{"@id":"https:\/\/www.namude.lt\/objektas\/parduodamas-jaukus-ir-ekonomiskas-namas-prie-trakelio-misko-leliunu-kaime-anyksciu-rajone\/#primaryimage"},"image":{"@id":"https:\/\/www.namude.lt\/objektas\/parduodamas-jaukus-ir-ekonomiskas-namas-prie-trakelio-misko-leliunu-kaime-anyksciu-rajone\/#primaryimage"},"thumbnailUrl":"https:\/\/www.namude.lt\/wp-content\/uploads\/2025\/11\/1-3.jpg","datePublished":"2025-11-17T06:30:09+00:00","dateModified":"2026-01-26T06:36:12+00:00","breadcrumb":{"@id":"https:\/\/www.namude.lt\/objektas\/parduodamas-jaukus-ir-ekonomiskas-namas-prie-trakelio-misko-leliunu-kaime-anyksciu-rajone\/#breadcrumb"},"inLanguage":"ru-RU","potentialAction":[{"@type":"ReadAction","target":["https:\/\/www.namude.lt\/objektas\/parduodamas-jaukus-ir-ekonomiskas-namas-prie-trakelio-misko-leliunu-kaime-anyksciu-rajone\/"]}]},{"@type":"ImageObject","inLanguage":"ru-RU","@id":"https:\/\/www.namude.lt\/objektas\/parduodamas-jaukus-ir-ekonomiskas-namas-prie-trakelio-misko-leliunu-kaime-anyksciu-rajone\/#primaryimage","url":"https:\/\/www.namude.lt\/wp-content\/uploads\/2025\/11\/1-3.jpg","contentUrl":"https:\/\/www.namude.lt\/wp-content\/uploads\/2025\/11\/1-3.jpg","width":2400,"height":1800},{"@type":"BreadcrumbList","@id":"https:\/\/www.namude.lt\/objektas\/parduodamas-jaukus-ir-ekonomiskas-namas-prie-trakelio-misko-leliunu-kaime-anyksciu-rajone\/#breadcrumb","itemListElement":[{"@type":"ListItem","position":1,"name":"Home","item":"https:\/\/www.namude.lt\/ru\/"},{"@type":"ListItem","position":2,"name":"\u041e\u0431\u044a\u0435\u043a\u0442\u044b","item":"https:\/\/www.namude.lt\/ru\/%d0%be%d0%b1%d1%8a%d0%b5%d0%ba%d1%82%d1%8b\/"},{"@type":"ListItem","position":3,"name":"Parduodamas jaukus ir ekonomi\u0161kas namas prie Trakelio mi\u0161ko Leli\u016bn\u0173 kaime, Anyk\u0161\u010di\u0173 rajone"}]},{"@type":"WebSite","@id":"https:\/\/www.namude.lt\/#website","url":"https:\/\/www.namude.lt\/","name":"Namud\u0117","description":"\u201eNamud\u0117\u201c \u2013 agent\u016bra, pardavin\u0117janti Auk\u0161taitijos NT grynuolius.","publisher":{"@id":"https:\/\/www.namude.lt\/#organization"},"potentialAction":[{"@type":"SearchAction","target":{"@type":"EntryPoint","urlTemplate":"https:\/\/www.namude.lt\/?s={search_term_string}"},"query-input":{"@type":"PropertyValueSpecification","valueRequired":true,"valueName":"search_term_string"}}],"inLanguage":"ru-RU"},{"@type":"Organization","@id":"https:\/\/www.namude.lt\/#organization","name":"Namud\u0117","url":"https:\/\/www.namude.lt\/","logo":{"@type":"ImageObject","inLanguage":"ru-RU","@id":"https:\/\/www.namude.lt\/#\/schema\/logo\/image\/","url":"https:\/\/www.namude.lt\/wp-content\/uploads\/2023\/11\/logo-symbol.svg","contentUrl":"https:\/\/www.namude.lt\/wp-content\/uploads\/2023\/11\/logo-symbol.svg","width":1,"height":1,"caption":"Namud\u0117"},"image":{"@id":"https:\/\/www.namude.lt\/#\/schema\/logo\/image\/"}}]}},"_links":{"self":[{"href":"https:\/\/www.namude.lt\/ru\/wp-json\/wp\/v2\/product\/23586","targetHints":{"allow":["GET"]}}],"collection":[{"href":"https:\/\/www.namude.lt\/ru\/wp-json\/wp\/v2\/product"}],"about":[{"href":"https:\/\/www.namude.lt\/ru\/wp-json\/wp\/v2\/types\/product"}],"wp:featuredmedia":[{"embeddable":true,"href":"https:\/\/www.namude.lt\/ru\/wp-json\/wp\/v2\/media\/23587"}],"wp:attachment":[{"href":"https:\/\/www.namude.lt\/ru\/wp-json\/wp\/v2\/media?parent=23586"}],"wp:term":[{"taxonomy":"product_brand","embeddable":true,"href":"https:\/\/www.namude.lt\/ru\/wp-json\/wp\/v2\/product_brand?post=23586"},{"taxonomy":"product_cat","embeddable":true,"href":"https:\/\/www.namude.lt\/ru\/wp-json\/wp\/v2\/product_cat?post=23586"},{"taxonomy":"product_tag","embeddable":true,"href":"https:\/\/www.namude.lt\/ru\/wp-json\/wp\/v2\/product_tag?post=23586"}],"curies":[{"name":"wp","href":"https:\/\/api.w.org\/{rel}","templated":true}]}}