{"id":23265,"date":"2025-10-30T16:57:47","date_gmt":"2025-10-30T14:57:47","guid":{"rendered":"https:\/\/www.namude.lt\/?post_type=product&#038;p=23265"},"modified":"2026-01-27T11:14:56","modified_gmt":"2026-01-27T09:14:56","slug":"parduodamas-erdvus-3-kambariu-butas-rokiskyje-vilties-g-20","status":"publish","type":"product","link":"https:\/\/www.namude.lt\/ru\/\u043e\u0431\u044a\u0435\u043a\u0442\/parduodamas-erdvus-3-kambariu-butas-rokiskyje-vilties-g-20\/","title":{"rendered":"Parduodamas erdvus 3 kambari\u0173 butas Roki\u0161kyje, Vilties g. 20"},"content":{"rendered":"","protected":false},"excerpt":{"rendered":"<p>Parduodamas \u0161viesus ir jaukus 3 kambari\u0173 butas, esantis antrame auk\u0161te daugiabutyje Vilties gatv\u0117je, Roki\u0161kyje. Bendras buto plotas \u2013 62 kv. m. Butas tvarkingas, pri\u017ei\u016br\u0117tas, su patogiu i\u0161planavimu ir gera aura gyvenimui.<br \/>\nButo vieta \u2013 viena patraukliausi\u0173 Roki\u0161kyje, netoliese rasite visk\u0105, ko reikia patogiam gyvenimui. O antras auk\u0161tas \u2013 patogus tiek jaunai \u0161eimai, tiek vyresnio am\u017eiaus \u017emon\u0117ms.<br \/>\nPRIVALUMAI:<br \/>\n&#8212;\t62kv. m. 3 kambari\u0173 butas (kambariai atskiri, balkonas, langai plastikiniai, \u0161arvo durys, vonia ir tualetas bendroje patalpoje);<br \/>\n&#8212;\t2 auk\u0161tas;<br \/>\n&#8212;\t2,62 kv. m. r\u016bsys;<br \/>\n&#8212;\tLangai \u012f pietry\u010dius ir \u0161iaur\u0117s vakarus;<br \/>\n&#8212;\t\u0160alimais esantys objektai:  Tubelio gimnazija tik 2 min. p\u0117s\u010diomis; Roki\u0161kio baseinas, dar\u017eeliai Pumpur\u0117lis, Varpelis, Rotary ir riedlen\u010di\u0173 parkas tik 6 min. p\u0117s\u010diomis; \u0160lepkos parkas ir kult\u016bros centras 14 min. p\u0117s\u010diomis. \u0160alia daug parduotuvi\u0173, prekybos centr\u0173, gro\u017eio salon\u0173, kavini\u0173.<br \/>\nKoordinat\u0117s: 55.94719, 25.58044<\/p>\n","protected":false},"featured_media":23293,"template":"","meta":{"_acf_changed":false},"product_brand":[],"product_cat":[75],"product_tag":[],"class_list":{"0":"post-23265","1":"product","2":"type-product","3":"status-publish","4":"has-post-thumbnail","6":"product_cat-parduota","7":"pa_rajonas-kiti-rajonai","8":"description-off","10":"first","11":"instock","12":"shipping-taxable","13":"purchasable","14":"product-type-simple"},"acf":[],"yoast_head":"<!-- This site is optimized with the Yoast SEO plugin v27.0 - https:\/\/yoast.com\/product\/yoast-seo-wordpress\/ -->\n<title>Parduodamas erdvus 3 kambari\u0173 butas Roki\u0161kyje, Vilties g. 20 - Namud\u0117<\/title>\n<meta name=\"robots\" content=\"index, follow, max-snippet:-1, max-image-preview:large, max-video-preview:-1\" \/>\n<link rel=\"canonical\" href=\"https:\/\/www.namude.lt\/objektas\/parduodamas-erdvus-3-kambariu-butas-rokiskyje-vilties-g-20\/\" \/>\n<meta property=\"og:locale\" content=\"ru_RU\" \/>\n<meta property=\"og:type\" content=\"article\" \/>\n<meta property=\"og:title\" content=\"Parduodamas erdvus 3 kambari\u0173 butas Roki\u0161kyje, Vilties g. 20 - Namud\u0117\" \/>\n<meta property=\"og:description\" content=\"Parduodamas \u0161viesus ir jaukus 3 kambari\u0173 butas, esantis antrame auk\u0161te daugiabutyje Vilties gatv\u0117je, Roki\u0161kyje. Bendras buto plotas \u2013 62 kv. m. Butas tvarkingas, pri\u017ei\u016br\u0117tas, su patogiu i\u0161planavimu ir gera aura gyvenimui.  Buto vieta \u2013 viena patraukliausi\u0173 Roki\u0161kyje, netoliese rasite visk\u0105, ko reikia patogiam gyvenimui. O antras auk\u0161tas \u2013 patogus tiek jaunai \u0161eimai, tiek vyresnio am\u017eiaus \u017emon\u0117ms. PRIVALUMAI: - 62kv. m. 3 kambari\u0173 butas (kambariai atskiri, balkonas, langai plastikiniai, \u0161arvo durys, vonia ir tualetas bendroje patalpoje); - 2 auk\u0161tas; - 2,62 kv. m. r\u016bsys; - Langai \u012f pietry\u010dius ir \u0161iaur\u0117s vakarus; - \u0160alimais esantys objektai: Tubelio gimnazija tik 2 min. p\u0117s\u010diomis; Roki\u0161kio baseinas, dar\u017eeliai Pumpur\u0117lis, Varpelis, Rotary ir riedlen\u010di\u0173 parkas tik 6 min. p\u0117s\u010diomis; \u0160lepkos parkas ir kult\u016bros centras 14 min. p\u0117s\u010diomis. \u0160alia daug parduotuvi\u0173, prekybos centr\u0173, gro\u017eio salon\u0173, kavini\u0173. Koordinat\u0117s: 55.94719, 25.58044\" \/>\n<meta property=\"og:url\" content=\"https:\/\/www.namude.lt\/objektas\/parduodamas-erdvus-3-kambariu-butas-rokiskyje-vilties-g-20\/\" \/>\n<meta property=\"og:site_name\" content=\"Namud\u0117\" \/>\n<meta property=\"article:modified_time\" content=\"2026-01-27T09:14:56+00:00\" \/>\n<meta property=\"og:image\" content=\"https:\/\/www.namude.lt\/wp-content\/uploads\/2025\/10\/10-9.jpg\" \/>\n\t<meta property=\"og:image:width\" content=\"2400\" \/>\n\t<meta property=\"og:image:height\" content=\"1800\" \/>\n\t<meta property=\"og:image:type\" content=\"image\/jpeg\" \/>\n<meta name=\"twitter:card\" content=\"summary_large_image\" \/>\n<script type=\"application\/ld+json\" class=\"yoast-schema-graph\">{\"@context\":\"https:\/\/schema.org\",\"@graph\":[{\"@type\":\"WebPage\",\"@id\":\"https:\/\/www.namude.lt\/objektas\/parduodamas-erdvus-3-kambariu-butas-rokiskyje-vilties-g-20\/\",\"url\":\"https:\/\/www.namude.lt\/objektas\/parduodamas-erdvus-3-kambariu-butas-rokiskyje-vilties-g-20\/\",\"name\":\"Parduodamas erdvus 3 kambari\u0173 butas Roki\u0161kyje, Vilties g. 20 - Namud\u0117\",\"isPartOf\":{\"@id\":\"https:\/\/www.namude.lt\/#website\"},\"primaryImageOfPage\":{\"@id\":\"https:\/\/www.namude.lt\/objektas\/parduodamas-erdvus-3-kambariu-butas-rokiskyje-vilties-g-20\/#primaryimage\"},\"image\":{\"@id\":\"https:\/\/www.namude.lt\/objektas\/parduodamas-erdvus-3-kambariu-butas-rokiskyje-vilties-g-20\/#primaryimage\"},\"thumbnailUrl\":\"https:\/\/www.namude.lt\/wp-content\/uploads\/2025\/10\/10-9.jpg\",\"datePublished\":\"2025-10-30T14:57:47+00:00\",\"dateModified\":\"2026-01-27T09:14:56+00:00\",\"breadcrumb\":{\"@id\":\"https:\/\/www.namude.lt\/objektas\/parduodamas-erdvus-3-kambariu-butas-rokiskyje-vilties-g-20\/#breadcrumb\"},\"inLanguage\":\"ru-RU\",\"potentialAction\":[{\"@type\":\"ReadAction\",\"target\":[\"https:\/\/www.namude.lt\/objektas\/parduodamas-erdvus-3-kambariu-butas-rokiskyje-vilties-g-20\/\"]}]},{\"@type\":\"ImageObject\",\"inLanguage\":\"ru-RU\",\"@id\":\"https:\/\/www.namude.lt\/objektas\/parduodamas-erdvus-3-kambariu-butas-rokiskyje-vilties-g-20\/#primaryimage\",\"url\":\"https:\/\/www.namude.lt\/wp-content\/uploads\/2025\/10\/10-9.jpg\",\"contentUrl\":\"https:\/\/www.namude.lt\/wp-content\/uploads\/2025\/10\/10-9.jpg\",\"width\":2400,\"height\":1800},{\"@type\":\"BreadcrumbList\",\"@id\":\"https:\/\/www.namude.lt\/objektas\/parduodamas-erdvus-3-kambariu-butas-rokiskyje-vilties-g-20\/#breadcrumb\",\"itemListElement\":[{\"@type\":\"ListItem\",\"position\":1,\"name\":\"Home\",\"item\":\"https:\/\/www.namude.lt\/ru\/\"},{\"@type\":\"ListItem\",\"position\":2,\"name\":\"\u041e\u0431\u044a\u0435\u043a\u0442\u044b\",\"item\":\"https:\/\/www.namude.lt\/ru\/%d0%be%d0%b1%d1%8a%d0%b5%d0%ba%d1%82%d1%8b\/\"},{\"@type\":\"ListItem\",\"position\":3,\"name\":\"Parduodamas erdvus 3 kambari\u0173 butas Roki\u0161kyje, Vilties g. 20\"}]},{\"@type\":\"WebSite\",\"@id\":\"https:\/\/www.namude.lt\/#website\",\"url\":\"https:\/\/www.namude.lt\/\",\"name\":\"Namud\u0117\",\"description\":\"\u201eNamud\u0117\u201c \u2013 agent\u016bra, pardavin\u0117janti Auk\u0161taitijos NT grynuolius.\",\"publisher\":{\"@id\":\"https:\/\/www.namude.lt\/#organization\"},\"potentialAction\":[{\"@type\":\"SearchAction\",\"target\":{\"@type\":\"EntryPoint\",\"urlTemplate\":\"https:\/\/www.namude.lt\/?s={search_term_string}\"},\"query-input\":{\"@type\":\"PropertyValueSpecification\",\"valueRequired\":true,\"valueName\":\"search_term_string\"}}],\"inLanguage\":\"ru-RU\"},{\"@type\":\"Organization\",\"@id\":\"https:\/\/www.namude.lt\/#organization\",\"name\":\"Namud\u0117\",\"url\":\"https:\/\/www.namude.lt\/\",\"logo\":{\"@type\":\"ImageObject\",\"inLanguage\":\"ru-RU\",\"@id\":\"https:\/\/www.namude.lt\/#\/schema\/logo\/image\/\",\"url\":\"https:\/\/www.namude.lt\/wp-content\/uploads\/2023\/11\/logo-symbol.svg\",\"contentUrl\":\"https:\/\/www.namude.lt\/wp-content\/uploads\/2023\/11\/logo-symbol.svg\",\"width\":1,\"height\":1,\"caption\":\"Namud\u0117\"},\"image\":{\"@id\":\"https:\/\/www.namude.lt\/#\/schema\/logo\/image\/\"}}]}<\/script>\n<!-- \/ Yoast SEO plugin. -->","yoast_head_json":{"title":"Parduodamas erdvus 3 kambari\u0173 butas Roki\u0161kyje, Vilties g. 20 - Namud\u0117","robots":{"index":"index","follow":"follow","max-snippet":"max-snippet:-1","max-image-preview":"max-image-preview:large","max-video-preview":"max-video-preview:-1"},"canonical":"https:\/\/www.namude.lt\/objektas\/parduodamas-erdvus-3-kambariu-butas-rokiskyje-vilties-g-20\/","og_locale":"ru_RU","og_type":"article","og_title":"Parduodamas erdvus 3 kambari\u0173 butas Roki\u0161kyje, Vilties g. 20 - Namud\u0117","og_description":"Parduodamas \u0161viesus ir jaukus 3 kambari\u0173 butas, esantis antrame auk\u0161te daugiabutyje Vilties gatv\u0117je, Roki\u0161kyje. Bendras buto plotas \u2013 62 kv. m. Butas tvarkingas, pri\u017ei\u016br\u0117tas, su patogiu i\u0161planavimu ir gera aura gyvenimui.  Buto vieta \u2013 viena patraukliausi\u0173 Roki\u0161kyje, netoliese rasite visk\u0105, ko reikia patogiam gyvenimui. O antras auk\u0161tas \u2013 patogus tiek jaunai \u0161eimai, tiek vyresnio am\u017eiaus \u017emon\u0117ms. PRIVALUMAI: - 62kv. m. 3 kambari\u0173 butas (kambariai atskiri, balkonas, langai plastikiniai, \u0161arvo durys, vonia ir tualetas bendroje patalpoje); - 2 auk\u0161tas; - 2,62 kv. m. r\u016bsys; - Langai \u012f pietry\u010dius ir \u0161iaur\u0117s vakarus; - \u0160alimais esantys objektai: Tubelio gimnazija tik 2 min. p\u0117s\u010diomis; Roki\u0161kio baseinas, dar\u017eeliai Pumpur\u0117lis, Varpelis, Rotary ir riedlen\u010di\u0173 parkas tik 6 min. p\u0117s\u010diomis; \u0160lepkos parkas ir kult\u016bros centras 14 min. p\u0117s\u010diomis. \u0160alia daug parduotuvi\u0173, prekybos centr\u0173, gro\u017eio salon\u0173, kavini\u0173. Koordinat\u0117s: 55.94719, 25.58044","og_url":"https:\/\/www.namude.lt\/objektas\/parduodamas-erdvus-3-kambariu-butas-rokiskyje-vilties-g-20\/","og_site_name":"Namud\u0117","article_modified_time":"2026-01-27T09:14:56+00:00","og_image":[{"width":2400,"height":1800,"url":"https:\/\/www.namude.lt\/wp-content\/uploads\/2025\/10\/10-9.jpg","type":"image\/jpeg"}],"twitter_card":"summary_large_image","schema":{"@context":"https:\/\/schema.org","@graph":[{"@type":"WebPage","@id":"https:\/\/www.namude.lt\/objektas\/parduodamas-erdvus-3-kambariu-butas-rokiskyje-vilties-g-20\/","url":"https:\/\/www.namude.lt\/objektas\/parduodamas-erdvus-3-kambariu-butas-rokiskyje-vilties-g-20\/","name":"Parduodamas erdvus 3 kambari\u0173 butas Roki\u0161kyje, Vilties g. 20 - Namud\u0117","isPartOf":{"@id":"https:\/\/www.namude.lt\/#website"},"primaryImageOfPage":{"@id":"https:\/\/www.namude.lt\/objektas\/parduodamas-erdvus-3-kambariu-butas-rokiskyje-vilties-g-20\/#primaryimage"},"image":{"@id":"https:\/\/www.namude.lt\/objektas\/parduodamas-erdvus-3-kambariu-butas-rokiskyje-vilties-g-20\/#primaryimage"},"thumbnailUrl":"https:\/\/www.namude.lt\/wp-content\/uploads\/2025\/10\/10-9.jpg","datePublished":"2025-10-30T14:57:47+00:00","dateModified":"2026-01-27T09:14:56+00:00","breadcrumb":{"@id":"https:\/\/www.namude.lt\/objektas\/parduodamas-erdvus-3-kambariu-butas-rokiskyje-vilties-g-20\/#breadcrumb"},"inLanguage":"ru-RU","potentialAction":[{"@type":"ReadAction","target":["https:\/\/www.namude.lt\/objektas\/parduodamas-erdvus-3-kambariu-butas-rokiskyje-vilties-g-20\/"]}]},{"@type":"ImageObject","inLanguage":"ru-RU","@id":"https:\/\/www.namude.lt\/objektas\/parduodamas-erdvus-3-kambariu-butas-rokiskyje-vilties-g-20\/#primaryimage","url":"https:\/\/www.namude.lt\/wp-content\/uploads\/2025\/10\/10-9.jpg","contentUrl":"https:\/\/www.namude.lt\/wp-content\/uploads\/2025\/10\/10-9.jpg","width":2400,"height":1800},{"@type":"BreadcrumbList","@id":"https:\/\/www.namude.lt\/objektas\/parduodamas-erdvus-3-kambariu-butas-rokiskyje-vilties-g-20\/#breadcrumb","itemListElement":[{"@type":"ListItem","position":1,"name":"Home","item":"https:\/\/www.namude.lt\/ru\/"},{"@type":"ListItem","position":2,"name":"\u041e\u0431\u044a\u0435\u043a\u0442\u044b","item":"https:\/\/www.namude.lt\/ru\/%d0%be%d0%b1%d1%8a%d0%b5%d0%ba%d1%82%d1%8b\/"},{"@type":"ListItem","position":3,"name":"Parduodamas erdvus 3 kambari\u0173 butas Roki\u0161kyje, Vilties g. 20"}]},{"@type":"WebSite","@id":"https:\/\/www.namude.lt\/#website","url":"https:\/\/www.namude.lt\/","name":"Namud\u0117","description":"\u201eNamud\u0117\u201c \u2013 agent\u016bra, pardavin\u0117janti Auk\u0161taitijos NT grynuolius.","publisher":{"@id":"https:\/\/www.namude.lt\/#organization"},"potentialAction":[{"@type":"SearchAction","target":{"@type":"EntryPoint","urlTemplate":"https:\/\/www.namude.lt\/?s={search_term_string}"},"query-input":{"@type":"PropertyValueSpecification","valueRequired":true,"valueName":"search_term_string"}}],"inLanguage":"ru-RU"},{"@type":"Organization","@id":"https:\/\/www.namude.lt\/#organization","name":"Namud\u0117","url":"https:\/\/www.namude.lt\/","logo":{"@type":"ImageObject","inLanguage":"ru-RU","@id":"https:\/\/www.namude.lt\/#\/schema\/logo\/image\/","url":"https:\/\/www.namude.lt\/wp-content\/uploads\/2023\/11\/logo-symbol.svg","contentUrl":"https:\/\/www.namude.lt\/wp-content\/uploads\/2023\/11\/logo-symbol.svg","width":1,"height":1,"caption":"Namud\u0117"},"image":{"@id":"https:\/\/www.namude.lt\/#\/schema\/logo\/image\/"}}]}},"_links":{"self":[{"href":"https:\/\/www.namude.lt\/ru\/wp-json\/wp\/v2\/product\/23265","targetHints":{"allow":["GET"]}}],"collection":[{"href":"https:\/\/www.namude.lt\/ru\/wp-json\/wp\/v2\/product"}],"about":[{"href":"https:\/\/www.namude.lt\/ru\/wp-json\/wp\/v2\/types\/product"}],"wp:featuredmedia":[{"embeddable":true,"href":"https:\/\/www.namude.lt\/ru\/wp-json\/wp\/v2\/media\/23293"}],"wp:attachment":[{"href":"https:\/\/www.namude.lt\/ru\/wp-json\/wp\/v2\/media?parent=23265"}],"wp:term":[{"taxonomy":"product_brand","embeddable":true,"href":"https:\/\/www.namude.lt\/ru\/wp-json\/wp\/v2\/product_brand?post=23265"},{"taxonomy":"product_cat","embeddable":true,"href":"https:\/\/www.namude.lt\/ru\/wp-json\/wp\/v2\/product_cat?post=23265"},{"taxonomy":"product_tag","embeddable":true,"href":"https:\/\/www.namude.lt\/ru\/wp-json\/wp\/v2\/product_tag?post=23265"}],"curies":[{"name":"wp","href":"https:\/\/api.w.org\/{rel}","templated":true}]}}