{"id":23200,"date":"2025-10-29T16:46:37","date_gmt":"2025-10-29T14:46:37","guid":{"rendered":"https:\/\/www.namude.lt\/?post_type=product&#038;p=23200"},"modified":"2026-01-16T09:07:58","modified_gmt":"2026-01-16T07:07:58","slug":"parduodama-sodyba-zarasu-rajone-bakuciu-kaime-ant-duburaicio-ezero-kranto","status":"publish","type":"product","link":"https:\/\/www.namude.lt\/ru\/\u043e\u0431\u044a\u0435\u043a\u0442\/parduodama-sodyba-zarasu-rajone-bakuciu-kaime-ant-duburaicio-ezero-kranto\/","title":{"rendered":"PARDUODAMA SODYBA ZARAS\u0172 RAJONE, BAKU\u010cI\u0172 KAIME \u2013 ANT D\u016aBURAI\u010cIO E\u017dERO KRANTO!"},"content":{"rendered":"","protected":false},"excerpt":{"rendered":"<p><strong>\u0160i sodyba \u2013 tikra gamtos oaz\u0117. \u012esik\u016brusi pusiasalyje, apsupta mi\u0161ko, ji suteikia visi\u0161k\u0105 privatum\u0105, ramyb\u0119 ir galimyb\u0119 m\u0117gautis gamtos teikiamu komfortu.<\/strong><a href=\"https:\/\/www.namude.lt\/kategorija\/sodybos\/?filter_rajonas=zarasu-rajonas&amp;query_type_rajonas=or\"><\/a> I\u0161 teras\u0173 atsiveria \u012fsp\u016bdingi e\u017eero ir mi\u0161ko peiza\u017eai, o lieptas prie pirties leid\u017eia pasinerti \u012f vanden\u012f tiesiog i\u0161 savo kiemo, pasim\u0117gauti rytine kava ar vakaro saul\u0117lyd\u017eiu ant terasos. \u0160i vieta puikiai tinka tiek poilsiui, tiek \u0161eimos laisvalaikiui ar sve\u010di\u0173 pri\u0117mimui.<br \/>\nPagrindiniai sodybos objektai:<br \/>\n\u2022\tRastin\u0117 sodyba (108 m\u00b2, 2 auk\u0161tai) su erdviomis terasomis. Sodyboje yra pakankamai vietos \u0161eimos gyvenimui, sve\u010di\u0173 pri\u0117mimui ar k\u016brybiniam poilsiui. ( 1 auk\u0161tas \u2013  erdvi svetain\u0117 su \u017eidiniu, valgomasis sujungtas su virtuve, wc kambarys, 2 auk\u0161tas \u2013 holas, 2 miegamieji, vonios kambarys. \u0160ildoma oras-oras, \u017eidinys. Objektas nereikalauja papildom\u0173 investicij\u0173 \u2013 tinkamas i\u0161 karto gyvenimui ar kaip poilsio rezidencija)<br \/>\n\u2022\tPirtis (54 m\u00b2) r\u0105stin\u0117 ant e\u017eero kranto \u2013 su lieptu ir terasa<br \/>\n\u2022\t\u016akinis pastatas (54 m\u00b2) -\u012frengta daikt\u0173 laikymo zona ir gara\u017eas.<br \/>\n\u2022\tValymo \u012frenginiai<br \/>\n\u2022\t\u017dem\u0117s sklypas: 2,50 ha \u2013 kuriame mi\u0161ko dalis apsaugo nuo v\u0117jo ir triuk\u0161mo, o atviros pievos leid\u017eia m\u0117gautis saul\u0117s \u0161viesa bei laisvalaikiu gryname ore. Teritorija yra tvarkinga, lengvai pri\u017ei\u016brima.<\/p>\n<p>Koordinat\u0117s:<br \/>\nmaps.lt  55.806668, 25.980715<\/p>\n","protected":false},"featured_media":24156,"template":"","meta":{"_acf_changed":false},"product_brand":[],"product_cat":[23],"product_tag":[],"class_list":{"0":"post-23200","1":"product","2":"type-product","3":"status-publish","4":"has-post-thumbnail","6":"product_cat-sodybos","7":"pa_rajonas-zarasu-rajonas","8":"description-off","10":"first","11":"instock","12":"shipping-taxable","13":"purchasable","14":"product-type-simple"},"acf":[],"yoast_head":"<!-- This site is optimized with the Yoast SEO plugin v27.0 - https:\/\/yoast.com\/product\/yoast-seo-wordpress\/ -->\n<title>PARDUODAMA SODYBA ZARAS\u0172 RAJONE, BAKU\u010cI\u0172 KAIME \u2013 ANT D\u016aBURAI\u010cIO E\u017dERO KRANTO! - Namud\u0117<\/title>\n<meta name=\"robots\" content=\"index, follow, max-snippet:-1, max-image-preview:large, max-video-preview:-1\" \/>\n<link rel=\"canonical\" href=\"https:\/\/www.namude.lt\/objektas\/parduodama-sodyba-zarasu-rajone-bakuciu-kaime-ant-duburaicio-ezero-kranto\/\" \/>\n<meta property=\"og:locale\" content=\"ru_RU\" \/>\n<meta property=\"og:type\" content=\"article\" \/>\n<meta property=\"og:title\" content=\"PARDUODAMA SODYBA ZARAS\u0172 RAJONE, BAKU\u010cI\u0172 KAIME \u2013 ANT D\u016aBURAI\u010cIO E\u017dERO KRANTO! - Namud\u0117\" \/>\n<meta property=\"og:description\" content=\"\u0160i sodyba \u2013 tikra gamtos oaz\u0117. \u012esik\u016brusi pusiasalyje, apsupta mi\u0161ko, ji suteikia visi\u0161k\u0105 privatum\u0105, ramyb\u0119 ir galimyb\u0119 m\u0117gautis gamtos teikiamu komfortu. I\u0161 teras\u0173 atsiveria \u012fsp\u016bdingi e\u017eero ir mi\u0161ko peiza\u017eai, o lieptas prie pirties leid\u017eia pasinerti \u012f vanden\u012f tiesiog i\u0161 savo kiemo, pasim\u0117gauti rytine kava ar vakaro saul\u0117lyd\u017eiu ant terasos. \u0160i vieta puikiai tinka tiek poilsiui, tiek \u0161eimos laisvalaikiui ar sve\u010di\u0173 pri\u0117mimui. Pagrindiniai sodybos objektai: \u2022 Rastin\u0117 sodyba (108 m\u00b2, 2 auk\u0161tai) su erdviomis terasomis. Sodyboje yra pakankamai vietos \u0161eimos gyvenimui, sve\u010di\u0173 pri\u0117mimui ar k\u016brybiniam poilsiui. ( 1 auk\u0161tas \u2013 erdvi svetain\u0117 su \u017eidiniu, valgomasis sujungtas su virtuve, wc kambarys, 2 auk\u0161tas \u2013 holas, 2 miegamieji, vonios kambarys. \u0160ildoma oras-oras, \u017eidinys. Objektas nereikalauja papildom\u0173 investicij\u0173 \u2013 tinkamas i\u0161 karto gyvenimui ar kaip poilsio rezidencija) \u2022 Pirtis (54 m\u00b2) r\u0105stin\u0117 ant e\u017eero kranto \u2013 su lieptu ir terasa  \u2022 \u016akinis pastatas (54 m\u00b2) -\u012frengta daikt\u0173 laikymo zona ir gara\u017eas. \u2022 Valymo \u012frenginiai  \u2022 \u017dem\u0117s sklypas: 2,50 ha \u2013 kuriame mi\u0161ko dalis apsaugo nuo v\u0117jo ir triuk\u0161mo, o atviros pievos leid\u017eia m\u0117gautis saul\u0117s \u0161viesa bei laisvalaikiu gryname ore. Teritorija yra tvarkinga, lengvai pri\u017ei\u016brima.  Koordinat\u0117s: maps.lt 55.806668, 25.980715\" \/>\n<meta property=\"og:url\" content=\"https:\/\/www.namude.lt\/objektas\/parduodama-sodyba-zarasu-rajone-bakuciu-kaime-ant-duburaicio-ezero-kranto\/\" \/>\n<meta property=\"og:site_name\" content=\"Namud\u0117\" \/>\n<meta property=\"article:modified_time\" content=\"2026-01-16T07:07:58+00:00\" \/>\n<meta property=\"og:image\" content=\"https:\/\/www.namude.lt\/wp-content\/uploads\/2025\/10\/3-16-1024x683.jpg\" \/>\n\t<meta property=\"og:image:width\" content=\"1024\" \/>\n\t<meta property=\"og:image:height\" content=\"683\" \/>\n\t<meta property=\"og:image:type\" content=\"image\/jpeg\" \/>\n<meta name=\"twitter:card\" content=\"summary_large_image\" \/>\n<script type=\"application\/ld+json\" class=\"yoast-schema-graph\">{\"@context\":\"https:\/\/schema.org\",\"@graph\":[{\"@type\":\"WebPage\",\"@id\":\"https:\/\/www.namude.lt\/objektas\/parduodama-sodyba-zarasu-rajone-bakuciu-kaime-ant-duburaicio-ezero-kranto\/\",\"url\":\"https:\/\/www.namude.lt\/objektas\/parduodama-sodyba-zarasu-rajone-bakuciu-kaime-ant-duburaicio-ezero-kranto\/\",\"name\":\"PARDUODAMA SODYBA ZARAS\u0172 RAJONE, BAKU\u010cI\u0172 KAIME \u2013 ANT D\u016aBURAI\u010cIO E\u017dERO KRANTO! - Namud\u0117\",\"isPartOf\":{\"@id\":\"https:\/\/www.namude.lt\/#website\"},\"primaryImageOfPage\":{\"@id\":\"https:\/\/www.namude.lt\/objektas\/parduodama-sodyba-zarasu-rajone-bakuciu-kaime-ant-duburaicio-ezero-kranto\/#primaryimage\"},\"image\":{\"@id\":\"https:\/\/www.namude.lt\/objektas\/parduodama-sodyba-zarasu-rajone-bakuciu-kaime-ant-duburaicio-ezero-kranto\/#primaryimage\"},\"thumbnailUrl\":\"https:\/\/www.namude.lt\/wp-content\/uploads\/2025\/10\/3-16.jpg\",\"datePublished\":\"2025-10-29T14:46:37+00:00\",\"dateModified\":\"2026-01-16T07:07:58+00:00\",\"breadcrumb\":{\"@id\":\"https:\/\/www.namude.lt\/objektas\/parduodama-sodyba-zarasu-rajone-bakuciu-kaime-ant-duburaicio-ezero-kranto\/#breadcrumb\"},\"inLanguage\":\"ru-RU\",\"potentialAction\":[{\"@type\":\"ReadAction\",\"target\":[\"https:\/\/www.namude.lt\/objektas\/parduodama-sodyba-zarasu-rajone-bakuciu-kaime-ant-duburaicio-ezero-kranto\/\"]}]},{\"@type\":\"ImageObject\",\"inLanguage\":\"ru-RU\",\"@id\":\"https:\/\/www.namude.lt\/objektas\/parduodama-sodyba-zarasu-rajone-bakuciu-kaime-ant-duburaicio-ezero-kranto\/#primaryimage\",\"url\":\"https:\/\/www.namude.lt\/wp-content\/uploads\/2025\/10\/3-16.jpg\",\"contentUrl\":\"https:\/\/www.namude.lt\/wp-content\/uploads\/2025\/10\/3-16.jpg\",\"width\":8000,\"height\":5333},{\"@type\":\"BreadcrumbList\",\"@id\":\"https:\/\/www.namude.lt\/objektas\/parduodama-sodyba-zarasu-rajone-bakuciu-kaime-ant-duburaicio-ezero-kranto\/#breadcrumb\",\"itemListElement\":[{\"@type\":\"ListItem\",\"position\":1,\"name\":\"Home\",\"item\":\"https:\/\/www.namude.lt\/ru\/\"},{\"@type\":\"ListItem\",\"position\":2,\"name\":\"\u041e\u0431\u044a\u0435\u043a\u0442\u044b\",\"item\":\"https:\/\/www.namude.lt\/ru\/%d0%be%d0%b1%d1%8a%d0%b5%d0%ba%d1%82%d1%8b\/\"},{\"@type\":\"ListItem\",\"position\":3,\"name\":\"PARDUODAMA SODYBA ZARAS\u0172 RAJONE, BAKU\u010cI\u0172 KAIME \u2013 ANT D\u016aBURAI\u010cIO E\u017dERO KRANTO!\"}]},{\"@type\":\"WebSite\",\"@id\":\"https:\/\/www.namude.lt\/#website\",\"url\":\"https:\/\/www.namude.lt\/\",\"name\":\"Namud\u0117\",\"description\":\"\u201eNamud\u0117\u201c \u2013 agent\u016bra, pardavin\u0117janti Auk\u0161taitijos NT grynuolius.\",\"publisher\":{\"@id\":\"https:\/\/www.namude.lt\/#organization\"},\"potentialAction\":[{\"@type\":\"SearchAction\",\"target\":{\"@type\":\"EntryPoint\",\"urlTemplate\":\"https:\/\/www.namude.lt\/?s={search_term_string}\"},\"query-input\":{\"@type\":\"PropertyValueSpecification\",\"valueRequired\":true,\"valueName\":\"search_term_string\"}}],\"inLanguage\":\"ru-RU\"},{\"@type\":\"Organization\",\"@id\":\"https:\/\/www.namude.lt\/#organization\",\"name\":\"Namud\u0117\",\"url\":\"https:\/\/www.namude.lt\/\",\"logo\":{\"@type\":\"ImageObject\",\"inLanguage\":\"ru-RU\",\"@id\":\"https:\/\/www.namude.lt\/#\/schema\/logo\/image\/\",\"url\":\"https:\/\/www.namude.lt\/wp-content\/uploads\/2023\/11\/logo-symbol.svg\",\"contentUrl\":\"https:\/\/www.namude.lt\/wp-content\/uploads\/2023\/11\/logo-symbol.svg\",\"width\":1,\"height\":1,\"caption\":\"Namud\u0117\"},\"image\":{\"@id\":\"https:\/\/www.namude.lt\/#\/schema\/logo\/image\/\"}}]}<\/script>\n<!-- \/ Yoast SEO plugin. -->","yoast_head_json":{"title":"PARDUODAMA SODYBA ZARAS\u0172 RAJONE, BAKU\u010cI\u0172 KAIME \u2013 ANT D\u016aBURAI\u010cIO E\u017dERO KRANTO! - Namud\u0117","robots":{"index":"index","follow":"follow","max-snippet":"max-snippet:-1","max-image-preview":"max-image-preview:large","max-video-preview":"max-video-preview:-1"},"canonical":"https:\/\/www.namude.lt\/objektas\/parduodama-sodyba-zarasu-rajone-bakuciu-kaime-ant-duburaicio-ezero-kranto\/","og_locale":"ru_RU","og_type":"article","og_title":"PARDUODAMA SODYBA ZARAS\u0172 RAJONE, BAKU\u010cI\u0172 KAIME \u2013 ANT D\u016aBURAI\u010cIO E\u017dERO KRANTO! - Namud\u0117","og_description":"\u0160i sodyba \u2013 tikra gamtos oaz\u0117. \u012esik\u016brusi pusiasalyje, apsupta mi\u0161ko, ji suteikia visi\u0161k\u0105 privatum\u0105, ramyb\u0119 ir galimyb\u0119 m\u0117gautis gamtos teikiamu komfortu. I\u0161 teras\u0173 atsiveria \u012fsp\u016bdingi e\u017eero ir mi\u0161ko peiza\u017eai, o lieptas prie pirties leid\u017eia pasinerti \u012f vanden\u012f tiesiog i\u0161 savo kiemo, pasim\u0117gauti rytine kava ar vakaro saul\u0117lyd\u017eiu ant terasos. \u0160i vieta puikiai tinka tiek poilsiui, tiek \u0161eimos laisvalaikiui ar sve\u010di\u0173 pri\u0117mimui. Pagrindiniai sodybos objektai: \u2022 Rastin\u0117 sodyba (108 m\u00b2, 2 auk\u0161tai) su erdviomis terasomis. Sodyboje yra pakankamai vietos \u0161eimos gyvenimui, sve\u010di\u0173 pri\u0117mimui ar k\u016brybiniam poilsiui. ( 1 auk\u0161tas \u2013 erdvi svetain\u0117 su \u017eidiniu, valgomasis sujungtas su virtuve, wc kambarys, 2 auk\u0161tas \u2013 holas, 2 miegamieji, vonios kambarys. \u0160ildoma oras-oras, \u017eidinys. Objektas nereikalauja papildom\u0173 investicij\u0173 \u2013 tinkamas i\u0161 karto gyvenimui ar kaip poilsio rezidencija) \u2022 Pirtis (54 m\u00b2) r\u0105stin\u0117 ant e\u017eero kranto \u2013 su lieptu ir terasa  \u2022 \u016akinis pastatas (54 m\u00b2) -\u012frengta daikt\u0173 laikymo zona ir gara\u017eas. \u2022 Valymo \u012frenginiai  \u2022 \u017dem\u0117s sklypas: 2,50 ha \u2013 kuriame mi\u0161ko dalis apsaugo nuo v\u0117jo ir triuk\u0161mo, o atviros pievos leid\u017eia m\u0117gautis saul\u0117s \u0161viesa bei laisvalaikiu gryname ore. Teritorija yra tvarkinga, lengvai pri\u017ei\u016brima.  Koordinat\u0117s: maps.lt 55.806668, 25.980715","og_url":"https:\/\/www.namude.lt\/objektas\/parduodama-sodyba-zarasu-rajone-bakuciu-kaime-ant-duburaicio-ezero-kranto\/","og_site_name":"Namud\u0117","article_modified_time":"2026-01-16T07:07:58+00:00","og_image":[{"width":1024,"height":683,"url":"https:\/\/www.namude.lt\/wp-content\/uploads\/2025\/10\/3-16-1024x683.jpg","type":"image\/jpeg"}],"twitter_card":"summary_large_image","schema":{"@context":"https:\/\/schema.org","@graph":[{"@type":"WebPage","@id":"https:\/\/www.namude.lt\/objektas\/parduodama-sodyba-zarasu-rajone-bakuciu-kaime-ant-duburaicio-ezero-kranto\/","url":"https:\/\/www.namude.lt\/objektas\/parduodama-sodyba-zarasu-rajone-bakuciu-kaime-ant-duburaicio-ezero-kranto\/","name":"PARDUODAMA SODYBA ZARAS\u0172 RAJONE, BAKU\u010cI\u0172 KAIME \u2013 ANT D\u016aBURAI\u010cIO E\u017dERO KRANTO! - Namud\u0117","isPartOf":{"@id":"https:\/\/www.namude.lt\/#website"},"primaryImageOfPage":{"@id":"https:\/\/www.namude.lt\/objektas\/parduodama-sodyba-zarasu-rajone-bakuciu-kaime-ant-duburaicio-ezero-kranto\/#primaryimage"},"image":{"@id":"https:\/\/www.namude.lt\/objektas\/parduodama-sodyba-zarasu-rajone-bakuciu-kaime-ant-duburaicio-ezero-kranto\/#primaryimage"},"thumbnailUrl":"https:\/\/www.namude.lt\/wp-content\/uploads\/2025\/10\/3-16.jpg","datePublished":"2025-10-29T14:46:37+00:00","dateModified":"2026-01-16T07:07:58+00:00","breadcrumb":{"@id":"https:\/\/www.namude.lt\/objektas\/parduodama-sodyba-zarasu-rajone-bakuciu-kaime-ant-duburaicio-ezero-kranto\/#breadcrumb"},"inLanguage":"ru-RU","potentialAction":[{"@type":"ReadAction","target":["https:\/\/www.namude.lt\/objektas\/parduodama-sodyba-zarasu-rajone-bakuciu-kaime-ant-duburaicio-ezero-kranto\/"]}]},{"@type":"ImageObject","inLanguage":"ru-RU","@id":"https:\/\/www.namude.lt\/objektas\/parduodama-sodyba-zarasu-rajone-bakuciu-kaime-ant-duburaicio-ezero-kranto\/#primaryimage","url":"https:\/\/www.namude.lt\/wp-content\/uploads\/2025\/10\/3-16.jpg","contentUrl":"https:\/\/www.namude.lt\/wp-content\/uploads\/2025\/10\/3-16.jpg","width":8000,"height":5333},{"@type":"BreadcrumbList","@id":"https:\/\/www.namude.lt\/objektas\/parduodama-sodyba-zarasu-rajone-bakuciu-kaime-ant-duburaicio-ezero-kranto\/#breadcrumb","itemListElement":[{"@type":"ListItem","position":1,"name":"Home","item":"https:\/\/www.namude.lt\/ru\/"},{"@type":"ListItem","position":2,"name":"\u041e\u0431\u044a\u0435\u043a\u0442\u044b","item":"https:\/\/www.namude.lt\/ru\/%d0%be%d0%b1%d1%8a%d0%b5%d0%ba%d1%82%d1%8b\/"},{"@type":"ListItem","position":3,"name":"PARDUODAMA SODYBA ZARAS\u0172 RAJONE, BAKU\u010cI\u0172 KAIME \u2013 ANT D\u016aBURAI\u010cIO E\u017dERO KRANTO!"}]},{"@type":"WebSite","@id":"https:\/\/www.namude.lt\/#website","url":"https:\/\/www.namude.lt\/","name":"Namud\u0117","description":"\u201eNamud\u0117\u201c \u2013 agent\u016bra, pardavin\u0117janti Auk\u0161taitijos NT grynuolius.","publisher":{"@id":"https:\/\/www.namude.lt\/#organization"},"potentialAction":[{"@type":"SearchAction","target":{"@type":"EntryPoint","urlTemplate":"https:\/\/www.namude.lt\/?s={search_term_string}"},"query-input":{"@type":"PropertyValueSpecification","valueRequired":true,"valueName":"search_term_string"}}],"inLanguage":"ru-RU"},{"@type":"Organization","@id":"https:\/\/www.namude.lt\/#organization","name":"Namud\u0117","url":"https:\/\/www.namude.lt\/","logo":{"@type":"ImageObject","inLanguage":"ru-RU","@id":"https:\/\/www.namude.lt\/#\/schema\/logo\/image\/","url":"https:\/\/www.namude.lt\/wp-content\/uploads\/2023\/11\/logo-symbol.svg","contentUrl":"https:\/\/www.namude.lt\/wp-content\/uploads\/2023\/11\/logo-symbol.svg","width":1,"height":1,"caption":"Namud\u0117"},"image":{"@id":"https:\/\/www.namude.lt\/#\/schema\/logo\/image\/"}}]}},"_links":{"self":[{"href":"https:\/\/www.namude.lt\/ru\/wp-json\/wp\/v2\/product\/23200","targetHints":{"allow":["GET"]}}],"collection":[{"href":"https:\/\/www.namude.lt\/ru\/wp-json\/wp\/v2\/product"}],"about":[{"href":"https:\/\/www.namude.lt\/ru\/wp-json\/wp\/v2\/types\/product"}],"wp:featuredmedia":[{"embeddable":true,"href":"https:\/\/www.namude.lt\/ru\/wp-json\/wp\/v2\/media\/24156"}],"wp:attachment":[{"href":"https:\/\/www.namude.lt\/ru\/wp-json\/wp\/v2\/media?parent=23200"}],"wp:term":[{"taxonomy":"product_brand","embeddable":true,"href":"https:\/\/www.namude.lt\/ru\/wp-json\/wp\/v2\/product_brand?post=23200"},{"taxonomy":"product_cat","embeddable":true,"href":"https:\/\/www.namude.lt\/ru\/wp-json\/wp\/v2\/product_cat?post=23200"},{"taxonomy":"product_tag","embeddable":true,"href":"https:\/\/www.namude.lt\/ru\/wp-json\/wp\/v2\/product_tag?post=23200"}],"curies":[{"name":"wp","href":"https:\/\/api.w.org\/{rel}","templated":true}]}}